{"id":17970,"date":"2025-07-09T08:27:02","date_gmt":"2025-07-09T08:27:02","guid":{"rendered":"https:\/\/hakmarfrance.online\/produit\/sekersiz-naneli-sakiz-ulker-yildiz-kutu\/"},"modified":"2025-07-09T08:27:02","modified_gmt":"2025-07-09T08:27:02","slug":"sekersiz-naneli-sakiz-ulker-yildiz-kutu","status":"publish","type":"product","link":"https:\/\/hakmarfrance.online\/tr\/produit\/sekersiz-naneli-sakiz-ulker-yildiz-kutu\/","title":{"rendered":"\u015eekersiz Naneli Sak\u0131z \u2013 \u00dclker Y\u0131ld\u0131z (Kutu)"},"content":{"rendered":"<p data-start=\"273\" data-end=\"621\"><strong data-start=\"370\" data-end=\"410\">\u00dclker Y\u0131ld\u0131z naneli sak\u0131z<\/strong> ile saf ferahl\u0131\u011f\u0131 yeniden ke\u015ffedin, \u015fekersiz ve yo\u011fun lezzetli. Yenilenen form\u00fcl\u00fc, daha yumu\u015fak bir doku ve uzun s\u00fcreli ferahlat\u0131c\u0131 nane aromas\u0131 sunar. G\u00fcn\u00fcn her an\u0131nda taze bir nefes i\u00e7in m\u00fckemmel!  <\/p>\n<p data-start=\"623\" data-end=\"659\">\u2705 <strong data-start=\"625\" data-end=\"659\">Ana \u00f6zellikler:<\/strong><\/p>\n<ul data-start=\"660\" data-end=\"798\">\n<li data-start=\"660\" data-end=\"695\">\n<p data-start=\"662\" data-end=\"695\">Nane aromal\u0131 sak\u0131z<\/p>\n<\/li>\n<li data-start=\"696\" data-end=\"708\">\n<p data-start=\"698\" data-end=\"708\">\u015eekersiz<\/p>\n<\/li>\n<li data-start=\"709\" data-end=\"739\">\n<p data-start=\"711\" data-end=\"739\">Daha yumu\u015fak yeni form\u00fcl<\/p>\n<\/li>\n<li data-start=\"740\" data-end=\"758\">\n<p data-start=\"742\" data-end=\"758\">Ekonomik kutu<\/p>\n<\/li>\n<li data-start=\"759\" data-end=\"798\">\n<p data-start=\"761\" data-end=\"798\">\u00dclker markas\u0131, tan\u0131nm\u0131\u015f T\u00fcrk kalitesi<\/p>\n<\/li>\n<\/ul>\n","protected":false},"excerpt":{"rendered":"<p><strong data-start=\"1265\" data-end=\"1300\">\u00dclker Y\u0131ld\u0131z naneli sak\u0131z<\/strong>, \u015fekersiz, yumu\u015fak dokulu ve yo\u011fun lezzetli \u2013 her an i\u00e7in kal\u0131c\u0131 ferahl\u0131k!<\/p>\n","protected":false},"featured_media":17972,"comment_status":"open","ping_status":"closed","template":"","meta":{"iawp_total_views":0},"product_brand":[165],"product_cat":[292,225,288],"product_tag":[],"class_list":{"0":"post-17970","1":"product","2":"type-product","3":"status-publish","4":"has-post-thumbnail","6":"product_brand-ulker","7":"product_cat-atistirmaliklar-sekerlemeler","8":"product_cat-tum-urunlerimiz","9":"product_cat-tuzlu-gidalar","11":"first","12":"instock","13":"shipping-taxable","14":"purchasable","15":"product-type-simple"},"yoast_head":"<!-- This site is optimized with the Yoast SEO plugin v27.3 - https:\/\/yoast.com\/product\/yoast-seo-wordpress\/ -->\n<title>\u015eekersiz Naneli Sak\u0131z \u2013 \u00dclker Y\u0131ld\u0131z (Kutu) - hakmarfrance.online<\/title>\n<meta name=\"robots\" content=\"index, follow, max-snippet:-1, max-image-preview:large, max-video-preview:-1\" \/>\n<link rel=\"canonical\" href=\"https:\/\/hakmarfrance.online\/tr\/produit\/sekersiz-naneli-sakiz-ulker-yildiz-kutu\/\" \/>\n<meta property=\"og:locale\" content=\"tr_TR\" \/>\n<meta property=\"og:type\" content=\"article\" \/>\n<meta property=\"og:title\" content=\"\u015eekersiz Naneli Sak\u0131z \u2013 \u00dclker Y\u0131ld\u0131z (Kutu) - hakmarfrance.online\" \/>\n<meta property=\"og:description\" content=\"\u00dclker Y\u0131ld\u0131z naneli sak\u0131z, \u015fekersiz, yumu\u015fak dokulu ve yo\u011fun lezzetli \u2013 her an i\u00e7in kal\u0131c\u0131 ferahl\u0131k!\" \/>\n<meta property=\"og:url\" content=\"https:\/\/hakmarfrance.online\/tr\/produit\/sekersiz-naneli-sakiz-ulker-yildiz-kutu\/\" \/>\n<meta property=\"og:site_name\" content=\"hakmarfrance.online\" \/>\n<meta property=\"article:publisher\" content=\"https:\/\/www.facebook.com\/HakmarFranceSupermarche\/?locale=fr_FR\" \/>\n<meta property=\"og:image\" content=\"https:\/\/hakmarfrance.online\/wp-content\/uploads\/2025\/07\/chewing-gum-menthe-sans-sucre-ulker-yildiz.avif\" \/>\n\t<meta property=\"og:image:width\" content=\"1000\" \/>\n\t<meta property=\"og:image:height\" content=\"800\" \/>\n\t<meta property=\"og:image:type\" content=\"image\/png\" \/>\n<meta name=\"twitter:card\" content=\"summary_large_image\" \/>\n<script type=\"application\/ld+json\" class=\"yoast-schema-graph\">{\"@context\":\"https:\\\/\\\/schema.org\",\"@graph\":[{\"@type\":\"WebPage\",\"@id\":\"https:\\\/\\\/hakmarfrance.online\\\/tr\\\/produit\\\/sekersiz-naneli-sakiz-ulker-yildiz-kutu\\\/\",\"url\":\"https:\\\/\\\/hakmarfrance.online\\\/tr\\\/produit\\\/sekersiz-naneli-sakiz-ulker-yildiz-kutu\\\/\",\"name\":\"\u015eekersiz Naneli Sak\u0131z \u2013 \u00dclker Y\u0131ld\u0131z (Kutu) - hakmarfrance.online\",\"isPartOf\":{\"@id\":\"https:\\\/\\\/hakmarfrance.online\\\/tr\\\/#website\"},\"primaryImageOfPage\":{\"@id\":\"https:\\\/\\\/hakmarfrance.online\\\/tr\\\/produit\\\/sekersiz-naneli-sakiz-ulker-yildiz-kutu\\\/#primaryimage\"},\"image\":{\"@id\":\"https:\\\/\\\/hakmarfrance.online\\\/tr\\\/produit\\\/sekersiz-naneli-sakiz-ulker-yildiz-kutu\\\/#primaryimage\"},\"thumbnailUrl\":\"https:\\\/\\\/hakmarfrance.online\\\/wp-content\\\/uploads\\\/2025\\\/07\\\/chewing-gum-menthe-sans-sucre-ulker-yildiz.avif\",\"datePublished\":\"2025-07-09T08:27:02+00:00\",\"breadcrumb\":{\"@id\":\"https:\\\/\\\/hakmarfrance.online\\\/tr\\\/produit\\\/sekersiz-naneli-sakiz-ulker-yildiz-kutu\\\/#breadcrumb\"},\"inLanguage\":\"tr-TR\",\"potentialAction\":[{\"@type\":\"ReadAction\",\"target\":[\"https:\\\/\\\/hakmarfrance.online\\\/tr\\\/produit\\\/sekersiz-naneli-sakiz-ulker-yildiz-kutu\\\/\"]}]},{\"@type\":\"ImageObject\",\"inLanguage\":\"tr-TR\",\"@id\":\"https:\\\/\\\/hakmarfrance.online\\\/tr\\\/produit\\\/sekersiz-naneli-sakiz-ulker-yildiz-kutu\\\/#primaryimage\",\"url\":\"https:\\\/\\\/hakmarfrance.online\\\/wp-content\\\/uploads\\\/2025\\\/07\\\/chewing-gum-menthe-sans-sucre-ulker-yildiz.avif\",\"contentUrl\":\"https:\\\/\\\/hakmarfrance.online\\\/wp-content\\\/uploads\\\/2025\\\/07\\\/chewing-gum-menthe-sans-sucre-ulker-yildiz.avif\",\"width\":1000,\"height\":800,\"caption\":\"\u00dclker Y\u0131ld\u0131z \u015fekersiz naneli sak\u0131z \u2013 Ekonomik kutu\"},{\"@type\":\"BreadcrumbList\",\"@id\":\"https:\\\/\\\/hakmarfrance.online\\\/tr\\\/produit\\\/sekersiz-naneli-sakiz-ulker-yildiz-kutu\\\/#breadcrumb\",\"itemListElement\":[{\"@type\":\"ListItem\",\"position\":1,\"name\":\"Accueil\",\"item\":\"https:\\\/\\\/hakmarfrance.online\\\/tr\\\/\"},{\"@type\":\"ListItem\",\"position\":2,\"name\":\"Ma\u011faza\",\"item\":\"https:\\\/\\\/hakmarfrance.online\\\/tr\\\/magaza\\\/\"},{\"@type\":\"ListItem\",\"position\":3,\"name\":\"\u015eekersiz Naneli Sak\u0131z \u2013 \u00dclker Y\u0131ld\u0131z (Kutu)\"}]},{\"@type\":\"WebSite\",\"@id\":\"https:\\\/\\\/hakmarfrance.online\\\/tr\\\/#website\",\"url\":\"https:\\\/\\\/hakmarfrance.online\\\/tr\\\/\",\"name\":\"hakmarfrance.online\",\"description\":\"\",\"publisher\":{\"@id\":\"https:\\\/\\\/hakmarfrance.online\\\/tr\\\/#organization\"},\"potentialAction\":[{\"@type\":\"SearchAction\",\"target\":{\"@type\":\"EntryPoint\",\"urlTemplate\":\"https:\\\/\\\/hakmarfrance.online\\\/tr\\\/?s={search_term_string}\"},\"query-input\":{\"@type\":\"PropertyValueSpecification\",\"valueRequired\":true,\"valueName\":\"search_term_string\"}}],\"inLanguage\":\"tr-TR\"},{\"@type\":\"Organization\",\"@id\":\"https:\\\/\\\/hakmarfrance.online\\\/tr\\\/#organization\",\"name\":\"hakmarfrance.online\",\"url\":\"https:\\\/\\\/hakmarfrance.online\\\/tr\\\/\",\"logo\":{\"@type\":\"ImageObject\",\"inLanguage\":\"tr-TR\",\"@id\":\"https:\\\/\\\/hakmarfrance.online\\\/tr\\\/#\\\/schema\\\/logo\\\/image\\\/\",\"url\":\"https:\\\/\\\/hakmarfrance.online\\\/wp-content\\\/uploads\\\/2025\\\/06\\\/logo-hakmarfrance.png\",\"contentUrl\":\"https:\\\/\\\/hakmarfrance.online\\\/wp-content\\\/uploads\\\/2025\\\/06\\\/logo-hakmarfrance.png\",\"width\":528,\"height\":232,\"caption\":\"hakmarfrance.online\"},\"image\":{\"@id\":\"https:\\\/\\\/hakmarfrance.online\\\/tr\\\/#\\\/schema\\\/logo\\\/image\\\/\"},\"sameAs\":[\"https:\\\/\\\/www.facebook.com\\\/HakmarFranceSupermarche\\\/?locale=fr_FR\",\"https:\\\/\\\/www.instagram.com\\\/hakmarfrancesupermarche\\\/\"]}]}<\/script>\n<!-- \/ Yoast SEO plugin. -->","yoast_head_json":{"title":"\u015eekersiz Naneli Sak\u0131z \u2013 \u00dclker Y\u0131ld\u0131z (Kutu) - hakmarfrance.online","robots":{"index":"index","follow":"follow","max-snippet":"max-snippet:-1","max-image-preview":"max-image-preview:large","max-video-preview":"max-video-preview:-1"},"canonical":"https:\/\/hakmarfrance.online\/tr\/produit\/sekersiz-naneli-sakiz-ulker-yildiz-kutu\/","og_locale":"tr_TR","og_type":"article","og_title":"\u015eekersiz Naneli Sak\u0131z \u2013 \u00dclker Y\u0131ld\u0131z (Kutu) - hakmarfrance.online","og_description":"\u00dclker Y\u0131ld\u0131z naneli sak\u0131z, \u015fekersiz, yumu\u015fak dokulu ve yo\u011fun lezzetli \u2013 her an i\u00e7in kal\u0131c\u0131 ferahl\u0131k!","og_url":"https:\/\/hakmarfrance.online\/tr\/produit\/sekersiz-naneli-sakiz-ulker-yildiz-kutu\/","og_site_name":"hakmarfrance.online","article_publisher":"https:\/\/www.facebook.com\/HakmarFranceSupermarche\/?locale=fr_FR","og_image":[{"width":1000,"height":800,"url":"https:\/\/hakmarfrance.online\/wp-content\/uploads\/2025\/07\/chewing-gum-menthe-sans-sucre-ulker-yildiz.avif","type":"image\/png"}],"twitter_card":"summary_large_image","schema":{"@context":"https:\/\/schema.org","@graph":[{"@type":"WebPage","@id":"https:\/\/hakmarfrance.online\/tr\/produit\/sekersiz-naneli-sakiz-ulker-yildiz-kutu\/","url":"https:\/\/hakmarfrance.online\/tr\/produit\/sekersiz-naneli-sakiz-ulker-yildiz-kutu\/","name":"\u015eekersiz Naneli Sak\u0131z \u2013 \u00dclker Y\u0131ld\u0131z (Kutu) - hakmarfrance.online","isPartOf":{"@id":"https:\/\/hakmarfrance.online\/tr\/#website"},"primaryImageOfPage":{"@id":"https:\/\/hakmarfrance.online\/tr\/produit\/sekersiz-naneli-sakiz-ulker-yildiz-kutu\/#primaryimage"},"image":{"@id":"https:\/\/hakmarfrance.online\/tr\/produit\/sekersiz-naneli-sakiz-ulker-yildiz-kutu\/#primaryimage"},"thumbnailUrl":"https:\/\/hakmarfrance.online\/wp-content\/uploads\/2025\/07\/chewing-gum-menthe-sans-sucre-ulker-yildiz.avif","datePublished":"2025-07-09T08:27:02+00:00","breadcrumb":{"@id":"https:\/\/hakmarfrance.online\/tr\/produit\/sekersiz-naneli-sakiz-ulker-yildiz-kutu\/#breadcrumb"},"inLanguage":"tr-TR","potentialAction":[{"@type":"ReadAction","target":["https:\/\/hakmarfrance.online\/tr\/produit\/sekersiz-naneli-sakiz-ulker-yildiz-kutu\/"]}]},{"@type":"ImageObject","inLanguage":"tr-TR","@id":"https:\/\/hakmarfrance.online\/tr\/produit\/sekersiz-naneli-sakiz-ulker-yildiz-kutu\/#primaryimage","url":"https:\/\/hakmarfrance.online\/wp-content\/uploads\/2025\/07\/chewing-gum-menthe-sans-sucre-ulker-yildiz.avif","contentUrl":"https:\/\/hakmarfrance.online\/wp-content\/uploads\/2025\/07\/chewing-gum-menthe-sans-sucre-ulker-yildiz.avif","width":1000,"height":800,"caption":"\u00dclker Y\u0131ld\u0131z \u015fekersiz naneli sak\u0131z \u2013 Ekonomik kutu"},{"@type":"BreadcrumbList","@id":"https:\/\/hakmarfrance.online\/tr\/produit\/sekersiz-naneli-sakiz-ulker-yildiz-kutu\/#breadcrumb","itemListElement":[{"@type":"ListItem","position":1,"name":"Accueil","item":"https:\/\/hakmarfrance.online\/tr\/"},{"@type":"ListItem","position":2,"name":"Ma\u011faza","item":"https:\/\/hakmarfrance.online\/tr\/magaza\/"},{"@type":"ListItem","position":3,"name":"\u015eekersiz Naneli Sak\u0131z \u2013 \u00dclker Y\u0131ld\u0131z (Kutu)"}]},{"@type":"WebSite","@id":"https:\/\/hakmarfrance.online\/tr\/#website","url":"https:\/\/hakmarfrance.online\/tr\/","name":"hakmarfrance.online","description":"","publisher":{"@id":"https:\/\/hakmarfrance.online\/tr\/#organization"},"potentialAction":[{"@type":"SearchAction","target":{"@type":"EntryPoint","urlTemplate":"https:\/\/hakmarfrance.online\/tr\/?s={search_term_string}"},"query-input":{"@type":"PropertyValueSpecification","valueRequired":true,"valueName":"search_term_string"}}],"inLanguage":"tr-TR"},{"@type":"Organization","@id":"https:\/\/hakmarfrance.online\/tr\/#organization","name":"hakmarfrance.online","url":"https:\/\/hakmarfrance.online\/tr\/","logo":{"@type":"ImageObject","inLanguage":"tr-TR","@id":"https:\/\/hakmarfrance.online\/tr\/#\/schema\/logo\/image\/","url":"https:\/\/hakmarfrance.online\/wp-content\/uploads\/2025\/06\/logo-hakmarfrance.png","contentUrl":"https:\/\/hakmarfrance.online\/wp-content\/uploads\/2025\/06\/logo-hakmarfrance.png","width":528,"height":232,"caption":"hakmarfrance.online"},"image":{"@id":"https:\/\/hakmarfrance.online\/tr\/#\/schema\/logo\/image\/"},"sameAs":["https:\/\/www.facebook.com\/HakmarFranceSupermarche\/?locale=fr_FR","https:\/\/www.instagram.com\/hakmarfrancesupermarche\/"]}]}},"_links":{"self":[{"href":"https:\/\/hakmarfrance.online\/tr\/wp-json\/wp\/v2\/product\/17970","targetHints":{"allow":["GET"]}}],"collection":[{"href":"https:\/\/hakmarfrance.online\/tr\/wp-json\/wp\/v2\/product"}],"about":[{"href":"https:\/\/hakmarfrance.online\/tr\/wp-json\/wp\/v2\/types\/product"}],"replies":[{"embeddable":true,"href":"https:\/\/hakmarfrance.online\/tr\/wp-json\/wp\/v2\/comments?post=17970"}],"version-history":[{"count":0,"href":"https:\/\/hakmarfrance.online\/tr\/wp-json\/wp\/v2\/product\/17970\/revisions"}],"wp:featuredmedia":[{"embeddable":true,"href":"https:\/\/hakmarfrance.online\/tr\/wp-json\/wp\/v2\/media\/17972"}],"wp:attachment":[{"href":"https:\/\/hakmarfrance.online\/tr\/wp-json\/wp\/v2\/media?parent=17970"}],"wp:term":[{"taxonomy":"product_brand","embeddable":true,"href":"https:\/\/hakmarfrance.online\/tr\/wp-json\/wp\/v2\/product_brand?post=17970"},{"taxonomy":"product_cat","embeddable":true,"href":"https:\/\/hakmarfrance.online\/tr\/wp-json\/wp\/v2\/product_cat?post=17970"},{"taxonomy":"product_tag","embeddable":true,"href":"https:\/\/hakmarfrance.online\/tr\/wp-json\/wp\/v2\/product_tag?post=17970"}],"curies":[{"name":"wp","href":"https:\/\/api.w.org\/{rel}","templated":true}]}}