{"id":17971,"date":"2025-07-09T07:52:31","date_gmt":"2025-07-09T07:52:31","guid":{"rendered":"https:\/\/hakmarfrance.online\/produit\/oncu-gold-siyah-zeytin-800g-az-tuzlu\/"},"modified":"2025-07-09T07:52:31","modified_gmt":"2025-07-09T07:52:31","slug":"oncu-gold-siyah-zeytin-800g-az-tuzlu","status":"publish","type":"product","link":"https:\/\/hakmarfrance.online\/tr\/produit\/oncu-gold-siyah-zeytin-800g-az-tuzlu\/","title":{"rendered":"\u00d6nc\u00fc Gold Siyah Zeytin 800g \u2013 Az Tuzlu"},"content":{"rendered":"<p data-start=\"297\" data-end=\"722\"><strong data-start=\"384\" data-end=\"418\">\u00d6nc\u00fc Gold 2XL-XL siyah zeytinlerin<\/strong> olgunla\u015ft\u0131ktan sonra toplan\u0131p hafif salamurada saklanarak t\u00fcm aromatik zenginli\u011finin korundu\u011fu otantik lezzetinin tad\u0131n\u0131 \u00e7\u0131kar\u0131n. Geni\u015f kalibreleri (181\u2013230) sayesinde kahvalt\u0131 sofralar\u0131, Akdeniz yemekleri ve kar\u0131\u015f\u0131k salatalar i\u00e7in idealdir. Koruyucu madde i\u00e7ermez, do\u011fal kalitesi garantilidir.  <\/p>\n<p data-start=\"724\" data-end=\"760\">\u2705 <strong data-start=\"726\" data-end=\"758\">Ana \u00f6zellikler<\/strong>:<\/p>\n<ul data-start=\"762\" data-end=\"934\">\n<li data-start=\"762\" data-end=\"806\">\n<p data-start=\"764\" data-end=\"806\">2XL &#8211; XL siyah zeytin (181\u2013230 kalibre)<\/p>\n<\/li>\n<li data-start=\"807\" data-end=\"838\">\n<p data-start=\"809\" data-end=\"838\">D\u00fc\u015f\u00fck tuz i\u00e7eri\u011fi (%5)<\/p>\n<\/li>\n<li data-start=\"839\" data-end=\"869\">\n<p data-start=\"841\" data-end=\"869\">\u0130lave koruyucu madde i\u00e7ermez<\/p>\n<\/li>\n<li data-start=\"870\" data-end=\"891\">\n<p data-start=\"872\" data-end=\"891\">Men\u015fei: T\u00fcrkiye<\/p>\n<\/li>\n<li data-start=\"892\" data-end=\"934\">\n<p data-start=\"894\" data-end=\"934\">Ambalaj: 800 g metal kutu<\/p>\n<\/li>\n<\/ul>\n","protected":false},"excerpt":{"rendered":"<p>Hafif salamurada <strong data-start=\"1354\" data-end=\"1383\">\u00d6nc\u00fc 2XL-XL siyah zeytin<\/strong> \u2013 Koruyucu madde i\u00e7ermeyen 800g do\u011fal lezzet, sa\u011fl\u0131kl\u0131 bir Akdeniz sofras\u0131 i\u00e7in geni\u015f kalibreli.<\/p>\n","protected":false},"featured_media":17973,"comment_status":"open","ping_status":"closed","template":"","meta":{"iawp_total_views":0},"product_brand":[209],"product_cat":[286,291,225,288],"product_tag":[],"class_list":{"0":"post-17971","1":"product","2":"type-product","3":"status-publish","4":"has-post-thumbnail","6":"product_brand-oncu","7":"product_cat-dogu-marketi","8":"product_cat-konserveler-ve-kavanozlar","9":"product_cat-tum-urunlerimiz","10":"product_cat-tuzlu-gidalar","12":"first","13":"instock","14":"shipping-taxable","15":"purchasable","16":"product-type-simple"},"yoast_head":"<!-- This site is optimized with the Yoast SEO plugin v27.3 - https:\/\/yoast.com\/product\/yoast-seo-wordpress\/ -->\n<title>\u00d6nc\u00fc Gold Siyah Zeytin 800g \u2013 Az Tuzlu - hakmarfrance.online<\/title>\n<meta name=\"robots\" content=\"index, follow, max-snippet:-1, max-image-preview:large, max-video-preview:-1\" \/>\n<link rel=\"canonical\" href=\"https:\/\/hakmarfrance.online\/tr\/produit\/oncu-gold-siyah-zeytin-800g-az-tuzlu\/\" \/>\n<meta property=\"og:locale\" content=\"tr_TR\" \/>\n<meta property=\"og:type\" content=\"article\" \/>\n<meta property=\"og:title\" content=\"\u00d6nc\u00fc Gold Siyah Zeytin 800g \u2013 Az Tuzlu - hakmarfrance.online\" \/>\n<meta property=\"og:description\" content=\"Hafif salamurada \u00d6nc\u00fc 2XL-XL siyah zeytin \u2013 Koruyucu madde i\u00e7ermeyen 800g do\u011fal lezzet, sa\u011fl\u0131kl\u0131 bir Akdeniz sofras\u0131 i\u00e7in geni\u015f kalibreli.\" \/>\n<meta property=\"og:url\" content=\"https:\/\/hakmarfrance.online\/tr\/produit\/oncu-gold-siyah-zeytin-800g-az-tuzlu\/\" \/>\n<meta property=\"og:site_name\" content=\"hakmarfrance.online\" \/>\n<meta property=\"article:publisher\" content=\"https:\/\/www.facebook.com\/HakmarFranceSupermarche\/?locale=fr_FR\" \/>\n<meta property=\"og:image\" content=\"https:\/\/hakmarfrance.online\/wp-content\/uploads\/2025\/07\/olives-noires-oncu-gold-2xl-xl-faible-sel-800g.avif\" \/>\n\t<meta property=\"og:image:width\" content=\"1000\" \/>\n\t<meta property=\"og:image:height\" content=\"800\" \/>\n\t<meta property=\"og:image:type\" content=\"image\/png\" \/>\n<meta name=\"twitter:card\" content=\"summary_large_image\" \/>\n<script type=\"application\/ld+json\" class=\"yoast-schema-graph\">{\"@context\":\"https:\\\/\\\/schema.org\",\"@graph\":[{\"@type\":\"WebPage\",\"@id\":\"https:\\\/\\\/hakmarfrance.online\\\/tr\\\/produit\\\/oncu-gold-siyah-zeytin-800g-az-tuzlu\\\/\",\"url\":\"https:\\\/\\\/hakmarfrance.online\\\/tr\\\/produit\\\/oncu-gold-siyah-zeytin-800g-az-tuzlu\\\/\",\"name\":\"\u00d6nc\u00fc Gold Siyah Zeytin 800g \u2013 Az Tuzlu - hakmarfrance.online\",\"isPartOf\":{\"@id\":\"https:\\\/\\\/hakmarfrance.online\\\/tr\\\/#website\"},\"primaryImageOfPage\":{\"@id\":\"https:\\\/\\\/hakmarfrance.online\\\/tr\\\/produit\\\/oncu-gold-siyah-zeytin-800g-az-tuzlu\\\/#primaryimage\"},\"image\":{\"@id\":\"https:\\\/\\\/hakmarfrance.online\\\/tr\\\/produit\\\/oncu-gold-siyah-zeytin-800g-az-tuzlu\\\/#primaryimage\"},\"thumbnailUrl\":\"https:\\\/\\\/hakmarfrance.online\\\/wp-content\\\/uploads\\\/2025\\\/07\\\/olives-noires-oncu-gold-2xl-xl-faible-sel-800g.avif\",\"datePublished\":\"2025-07-09T07:52:31+00:00\",\"breadcrumb\":{\"@id\":\"https:\\\/\\\/hakmarfrance.online\\\/tr\\\/produit\\\/oncu-gold-siyah-zeytin-800g-az-tuzlu\\\/#breadcrumb\"},\"inLanguage\":\"tr-TR\",\"potentialAction\":[{\"@type\":\"ReadAction\",\"target\":[\"https:\\\/\\\/hakmarfrance.online\\\/tr\\\/produit\\\/oncu-gold-siyah-zeytin-800g-az-tuzlu\\\/\"]}]},{\"@type\":\"ImageObject\",\"inLanguage\":\"tr-TR\",\"@id\":\"https:\\\/\\\/hakmarfrance.online\\\/tr\\\/produit\\\/oncu-gold-siyah-zeytin-800g-az-tuzlu\\\/#primaryimage\",\"url\":\"https:\\\/\\\/hakmarfrance.online\\\/wp-content\\\/uploads\\\/2025\\\/07\\\/olives-noires-oncu-gold-2xl-xl-faible-sel-800g.avif\",\"contentUrl\":\"https:\\\/\\\/hakmarfrance.online\\\/wp-content\\\/uploads\\\/2025\\\/07\\\/olives-noires-oncu-gold-2xl-xl-faible-sel-800g.avif\",\"width\":1000,\"height\":800,\"caption\":\"\u00d6nc\u00fc 2XL-XL Zeytin \u2013 Lezzet dolu, tuz oran\u0131 d\u00fc\u015f\u00fck\"},{\"@type\":\"BreadcrumbList\",\"@id\":\"https:\\\/\\\/hakmarfrance.online\\\/tr\\\/produit\\\/oncu-gold-siyah-zeytin-800g-az-tuzlu\\\/#breadcrumb\",\"itemListElement\":[{\"@type\":\"ListItem\",\"position\":1,\"name\":\"Accueil\",\"item\":\"https:\\\/\\\/hakmarfrance.online\\\/tr\\\/\"},{\"@type\":\"ListItem\",\"position\":2,\"name\":\"Ma\u011faza\",\"item\":\"https:\\\/\\\/hakmarfrance.online\\\/tr\\\/magaza\\\/\"},{\"@type\":\"ListItem\",\"position\":3,\"name\":\"\u00d6nc\u00fc Gold Siyah Zeytin 800g \u2013 Az Tuzlu\"}]},{\"@type\":\"WebSite\",\"@id\":\"https:\\\/\\\/hakmarfrance.online\\\/tr\\\/#website\",\"url\":\"https:\\\/\\\/hakmarfrance.online\\\/tr\\\/\",\"name\":\"hakmarfrance.online\",\"description\":\"\",\"publisher\":{\"@id\":\"https:\\\/\\\/hakmarfrance.online\\\/tr\\\/#organization\"},\"potentialAction\":[{\"@type\":\"SearchAction\",\"target\":{\"@type\":\"EntryPoint\",\"urlTemplate\":\"https:\\\/\\\/hakmarfrance.online\\\/tr\\\/?s={search_term_string}\"},\"query-input\":{\"@type\":\"PropertyValueSpecification\",\"valueRequired\":true,\"valueName\":\"search_term_string\"}}],\"inLanguage\":\"tr-TR\"},{\"@type\":\"Organization\",\"@id\":\"https:\\\/\\\/hakmarfrance.online\\\/tr\\\/#organization\",\"name\":\"hakmarfrance.online\",\"url\":\"https:\\\/\\\/hakmarfrance.online\\\/tr\\\/\",\"logo\":{\"@type\":\"ImageObject\",\"inLanguage\":\"tr-TR\",\"@id\":\"https:\\\/\\\/hakmarfrance.online\\\/tr\\\/#\\\/schema\\\/logo\\\/image\\\/\",\"url\":\"https:\\\/\\\/hakmarfrance.online\\\/wp-content\\\/uploads\\\/2025\\\/06\\\/logo-hakmarfrance.png\",\"contentUrl\":\"https:\\\/\\\/hakmarfrance.online\\\/wp-content\\\/uploads\\\/2025\\\/06\\\/logo-hakmarfrance.png\",\"width\":528,\"height\":232,\"caption\":\"hakmarfrance.online\"},\"image\":{\"@id\":\"https:\\\/\\\/hakmarfrance.online\\\/tr\\\/#\\\/schema\\\/logo\\\/image\\\/\"},\"sameAs\":[\"https:\\\/\\\/www.facebook.com\\\/HakmarFranceSupermarche\\\/?locale=fr_FR\",\"https:\\\/\\\/www.instagram.com\\\/hakmarfrancesupermarche\\\/\"]}]}<\/script>\n<!-- \/ Yoast SEO plugin. -->","yoast_head_json":{"title":"\u00d6nc\u00fc Gold Siyah Zeytin 800g \u2013 Az Tuzlu - hakmarfrance.online","robots":{"index":"index","follow":"follow","max-snippet":"max-snippet:-1","max-image-preview":"max-image-preview:large","max-video-preview":"max-video-preview:-1"},"canonical":"https:\/\/hakmarfrance.online\/tr\/produit\/oncu-gold-siyah-zeytin-800g-az-tuzlu\/","og_locale":"tr_TR","og_type":"article","og_title":"\u00d6nc\u00fc Gold Siyah Zeytin 800g \u2013 Az Tuzlu - hakmarfrance.online","og_description":"Hafif salamurada \u00d6nc\u00fc 2XL-XL siyah zeytin \u2013 Koruyucu madde i\u00e7ermeyen 800g do\u011fal lezzet, sa\u011fl\u0131kl\u0131 bir Akdeniz sofras\u0131 i\u00e7in geni\u015f kalibreli.","og_url":"https:\/\/hakmarfrance.online\/tr\/produit\/oncu-gold-siyah-zeytin-800g-az-tuzlu\/","og_site_name":"hakmarfrance.online","article_publisher":"https:\/\/www.facebook.com\/HakmarFranceSupermarche\/?locale=fr_FR","og_image":[{"width":1000,"height":800,"url":"https:\/\/hakmarfrance.online\/wp-content\/uploads\/2025\/07\/olives-noires-oncu-gold-2xl-xl-faible-sel-800g.avif","type":"image\/png"}],"twitter_card":"summary_large_image","schema":{"@context":"https:\/\/schema.org","@graph":[{"@type":"WebPage","@id":"https:\/\/hakmarfrance.online\/tr\/produit\/oncu-gold-siyah-zeytin-800g-az-tuzlu\/","url":"https:\/\/hakmarfrance.online\/tr\/produit\/oncu-gold-siyah-zeytin-800g-az-tuzlu\/","name":"\u00d6nc\u00fc Gold Siyah Zeytin 800g \u2013 Az Tuzlu - hakmarfrance.online","isPartOf":{"@id":"https:\/\/hakmarfrance.online\/tr\/#website"},"primaryImageOfPage":{"@id":"https:\/\/hakmarfrance.online\/tr\/produit\/oncu-gold-siyah-zeytin-800g-az-tuzlu\/#primaryimage"},"image":{"@id":"https:\/\/hakmarfrance.online\/tr\/produit\/oncu-gold-siyah-zeytin-800g-az-tuzlu\/#primaryimage"},"thumbnailUrl":"https:\/\/hakmarfrance.online\/wp-content\/uploads\/2025\/07\/olives-noires-oncu-gold-2xl-xl-faible-sel-800g.avif","datePublished":"2025-07-09T07:52:31+00:00","breadcrumb":{"@id":"https:\/\/hakmarfrance.online\/tr\/produit\/oncu-gold-siyah-zeytin-800g-az-tuzlu\/#breadcrumb"},"inLanguage":"tr-TR","potentialAction":[{"@type":"ReadAction","target":["https:\/\/hakmarfrance.online\/tr\/produit\/oncu-gold-siyah-zeytin-800g-az-tuzlu\/"]}]},{"@type":"ImageObject","inLanguage":"tr-TR","@id":"https:\/\/hakmarfrance.online\/tr\/produit\/oncu-gold-siyah-zeytin-800g-az-tuzlu\/#primaryimage","url":"https:\/\/hakmarfrance.online\/wp-content\/uploads\/2025\/07\/olives-noires-oncu-gold-2xl-xl-faible-sel-800g.avif","contentUrl":"https:\/\/hakmarfrance.online\/wp-content\/uploads\/2025\/07\/olives-noires-oncu-gold-2xl-xl-faible-sel-800g.avif","width":1000,"height":800,"caption":"\u00d6nc\u00fc 2XL-XL Zeytin \u2013 Lezzet dolu, tuz oran\u0131 d\u00fc\u015f\u00fck"},{"@type":"BreadcrumbList","@id":"https:\/\/hakmarfrance.online\/tr\/produit\/oncu-gold-siyah-zeytin-800g-az-tuzlu\/#breadcrumb","itemListElement":[{"@type":"ListItem","position":1,"name":"Accueil","item":"https:\/\/hakmarfrance.online\/tr\/"},{"@type":"ListItem","position":2,"name":"Ma\u011faza","item":"https:\/\/hakmarfrance.online\/tr\/magaza\/"},{"@type":"ListItem","position":3,"name":"\u00d6nc\u00fc Gold Siyah Zeytin 800g \u2013 Az Tuzlu"}]},{"@type":"WebSite","@id":"https:\/\/hakmarfrance.online\/tr\/#website","url":"https:\/\/hakmarfrance.online\/tr\/","name":"hakmarfrance.online","description":"","publisher":{"@id":"https:\/\/hakmarfrance.online\/tr\/#organization"},"potentialAction":[{"@type":"SearchAction","target":{"@type":"EntryPoint","urlTemplate":"https:\/\/hakmarfrance.online\/tr\/?s={search_term_string}"},"query-input":{"@type":"PropertyValueSpecification","valueRequired":true,"valueName":"search_term_string"}}],"inLanguage":"tr-TR"},{"@type":"Organization","@id":"https:\/\/hakmarfrance.online\/tr\/#organization","name":"hakmarfrance.online","url":"https:\/\/hakmarfrance.online\/tr\/","logo":{"@type":"ImageObject","inLanguage":"tr-TR","@id":"https:\/\/hakmarfrance.online\/tr\/#\/schema\/logo\/image\/","url":"https:\/\/hakmarfrance.online\/wp-content\/uploads\/2025\/06\/logo-hakmarfrance.png","contentUrl":"https:\/\/hakmarfrance.online\/wp-content\/uploads\/2025\/06\/logo-hakmarfrance.png","width":528,"height":232,"caption":"hakmarfrance.online"},"image":{"@id":"https:\/\/hakmarfrance.online\/tr\/#\/schema\/logo\/image\/"},"sameAs":["https:\/\/www.facebook.com\/HakmarFranceSupermarche\/?locale=fr_FR","https:\/\/www.instagram.com\/hakmarfrancesupermarche\/"]}]}},"_links":{"self":[{"href":"https:\/\/hakmarfrance.online\/tr\/wp-json\/wp\/v2\/product\/17971","targetHints":{"allow":["GET"]}}],"collection":[{"href":"https:\/\/hakmarfrance.online\/tr\/wp-json\/wp\/v2\/product"}],"about":[{"href":"https:\/\/hakmarfrance.online\/tr\/wp-json\/wp\/v2\/types\/product"}],"replies":[{"embeddable":true,"href":"https:\/\/hakmarfrance.online\/tr\/wp-json\/wp\/v2\/comments?post=17971"}],"version-history":[{"count":0,"href":"https:\/\/hakmarfrance.online\/tr\/wp-json\/wp\/v2\/product\/17971\/revisions"}],"wp:featuredmedia":[{"embeddable":true,"href":"https:\/\/hakmarfrance.online\/tr\/wp-json\/wp\/v2\/media\/17973"}],"wp:attachment":[{"href":"https:\/\/hakmarfrance.online\/tr\/wp-json\/wp\/v2\/media?parent=17971"}],"wp:term":[{"taxonomy":"product_brand","embeddable":true,"href":"https:\/\/hakmarfrance.online\/tr\/wp-json\/wp\/v2\/product_brand?post=17971"},{"taxonomy":"product_cat","embeddable":true,"href":"https:\/\/hakmarfrance.online\/tr\/wp-json\/wp\/v2\/product_cat?post=17971"},{"taxonomy":"product_tag","embeddable":true,"href":"https:\/\/hakmarfrance.online\/tr\/wp-json\/wp\/v2\/product_tag?post=17971"}],"curies":[{"name":"wp","href":"https:\/\/api.w.org\/{rel}","templated":true}]}}