{"id":17979,"date":"2025-07-09T08:30:34","date_gmt":"2025-07-09T08:30:34","guid":{"rendered":"https:\/\/hakmarfrance.online\/produit\/yesil-cay-verre-dor-220g-china-green-tea\/"},"modified":"2025-07-09T08:30:34","modified_gmt":"2025-07-09T08:30:34","slug":"yesil-cay-verre-dor-220g-china-green-tea","status":"publish","type":"product","link":"https:\/\/hakmarfrance.online\/tr\/produit\/yesil-cay-verre-dor-220g-china-green-tea\/","title":{"rendered":"Ye\u015fil \u00c7ay Verre d&#8217;Or \u2013 220g (China Green Tea)"},"content":{"rendered":"<p data-start=\"219\" data-end=\"584\"><strong data-start=\"302\" data-end=\"325\">Verre d&#8217;Or ye\u015fil \u00e7ay\u0131n\u0131n<\/strong> zenginli\u011finin tad\u0131n\u0131 \u00e7\u0131kar, do\u011fal faydalar\u0131yla \u00fcnl\u00fc \u00c7in \u00e7ay\u0131. \u015e\u0131k ambalaj\u0131nda sunulan bu \u00e7ay, yemeklerini e\u015flik etmek veya rahatlat\u0131c\u0131 bir an ge\u00e7irmek i\u00e7in ideal hafif bir i\u00e7ecek sunuyor. Her pakette <strong data-start=\"536\" data-end=\"564\">%10 \u00fccretsiz \u00fcr\u00fcn<\/strong> avantaj\u0131ndan yararlan!  <\/p>\n<p data-start=\"586\" data-end=\"622\">\u2705 <strong data-start=\"588\" data-end=\"622\">Ana \u00f6zellikler:<\/strong><\/p>\n<ul data-start=\"623\" data-end=\"838\">\n<li data-start=\"623\" data-end=\"653\">\n<p data-start=\"625\" data-end=\"653\">Kaliteli \u00c7in ye\u015fil \u00e7ay\u0131<\/p>\n<\/li>\n<li data-start=\"654\" data-end=\"678\">\n<p data-start=\"656\" data-end=\"678\">C\u00f6mert format: 220g<\/p>\n<\/li>\n<li data-start=\"679\" data-end=\"702\">\n<p data-start=\"681\" data-end=\"702\">%10 \u00fccretsiz \u00fcr\u00fcn<\/p>\n<\/li>\n<li data-start=\"703\" data-end=\"741\">\n<p data-start=\"705\" data-end=\"741\">Do\u011fal aroma ve ferahlat\u0131c\u0131 tat<\/p>\n<\/li>\n<li data-start=\"742\" data-end=\"783\">\n<p data-start=\"744\" data-end=\"783\">G\u00fcnl\u00fck t\u00fcketim i\u00e7in ideal<\/p>\n<\/li>\n<li data-start=\"784\" data-end=\"838\">\n<p data-start=\"786\" data-end=\"838\">Geleneksel veya modern demleme i\u00e7in uygun<\/p>\n<\/li>\n<\/ul>\n","protected":false},"excerpt":{"rendered":"<p><strong data-start=\"1230\" data-end=\"1258\">Verre d&#8217;Or ye\u015fil \u00e7ay 220g<\/strong>, rafine ve do\u011fal, %10 hediye \u2013 g\u00fcn\u00fcn her an\u0131nda tad\u0131n\u0131 \u00e7\u0131karabilece\u011fin bir klasik.<\/p>\n","protected":false},"featured_media":17981,"comment_status":"open","ping_status":"closed","template":"","meta":{"iawp_total_views":0},"product_brand":[],"product_cat":[228,225,295],"product_tag":[],"class_list":{"0":"post-17979","1":"product","2":"type-product","3":"status-publish","4":"has-post-thumbnail","6":"product_cat-icecekler","7":"product_cat-tum-urunlerimiz","8":"product_cat-turk-cayi-bitki-caylari","10":"first","11":"instock","12":"shipping-taxable","13":"purchasable","14":"product-type-simple"},"yoast_head":"<!-- This site is optimized with the Yoast SEO plugin v27.3 - https:\/\/yoast.com\/product\/yoast-seo-wordpress\/ -->\n<title>Ye\u015fil \u00c7ay Verre d&#039;Or \u2013 220g (China Green Tea) - hakmarfrance.online<\/title>\n<meta name=\"robots\" content=\"index, follow, max-snippet:-1, max-image-preview:large, max-video-preview:-1\" \/>\n<link rel=\"canonical\" href=\"https:\/\/hakmarfrance.online\/tr\/produit\/yesil-cay-verre-dor-220g-china-green-tea\/\" \/>\n<meta property=\"og:locale\" content=\"tr_TR\" \/>\n<meta property=\"og:type\" content=\"article\" \/>\n<meta property=\"og:title\" content=\"Ye\u015fil \u00c7ay Verre d&#039;Or \u2013 220g (China Green Tea) - hakmarfrance.online\" \/>\n<meta property=\"og:description\" content=\"Verre d&#039;Or ye\u015fil \u00e7ay 220g, rafine ve do\u011fal, %10 hediye \u2013 g\u00fcn\u00fcn her an\u0131nda tad\u0131n\u0131 \u00e7\u0131karabilece\u011fin bir klasik.\" \/>\n<meta property=\"og:url\" content=\"https:\/\/hakmarfrance.online\/tr\/produit\/yesil-cay-verre-dor-220g-china-green-tea\/\" \/>\n<meta property=\"og:site_name\" content=\"hakmarfrance.online\" \/>\n<meta property=\"article:publisher\" content=\"https:\/\/www.facebook.com\/HakmarFranceSupermarche\/?locale=fr_FR\" \/>\n<meta property=\"og:image\" content=\"https:\/\/hakmarfrance.online\/wp-content\/uploads\/2025\/07\/the-vert-verre-dor-220g.avif\" \/>\n\t<meta property=\"og:image:width\" content=\"1000\" \/>\n\t<meta property=\"og:image:height\" content=\"800\" \/>\n\t<meta property=\"og:image:type\" content=\"image\/png\" \/>\n<meta name=\"twitter:card\" content=\"summary_large_image\" \/>\n<script type=\"application\/ld+json\" class=\"yoast-schema-graph\">{\"@context\":\"https:\\\/\\\/schema.org\",\"@graph\":[{\"@type\":\"WebPage\",\"@id\":\"https:\\\/\\\/hakmarfrance.online\\\/tr\\\/produit\\\/yesil-cay-verre-dor-220g-china-green-tea\\\/\",\"url\":\"https:\\\/\\\/hakmarfrance.online\\\/tr\\\/produit\\\/yesil-cay-verre-dor-220g-china-green-tea\\\/\",\"name\":\"Ye\u015fil \u00c7ay Verre d'Or \u2013 220g (China Green Tea) - hakmarfrance.online\",\"isPartOf\":{\"@id\":\"https:\\\/\\\/hakmarfrance.online\\\/tr\\\/#website\"},\"primaryImageOfPage\":{\"@id\":\"https:\\\/\\\/hakmarfrance.online\\\/tr\\\/produit\\\/yesil-cay-verre-dor-220g-china-green-tea\\\/#primaryimage\"},\"image\":{\"@id\":\"https:\\\/\\\/hakmarfrance.online\\\/tr\\\/produit\\\/yesil-cay-verre-dor-220g-china-green-tea\\\/#primaryimage\"},\"thumbnailUrl\":\"https:\\\/\\\/hakmarfrance.online\\\/wp-content\\\/uploads\\\/2025\\\/07\\\/the-vert-verre-dor-220g.avif\",\"datePublished\":\"2025-07-09T08:30:34+00:00\",\"breadcrumb\":{\"@id\":\"https:\\\/\\\/hakmarfrance.online\\\/tr\\\/produit\\\/yesil-cay-verre-dor-220g-china-green-tea\\\/#breadcrumb\"},\"inLanguage\":\"tr-TR\",\"potentialAction\":[{\"@type\":\"ReadAction\",\"target\":[\"https:\\\/\\\/hakmarfrance.online\\\/tr\\\/produit\\\/yesil-cay-verre-dor-220g-china-green-tea\\\/\"]}]},{\"@type\":\"ImageObject\",\"inLanguage\":\"tr-TR\",\"@id\":\"https:\\\/\\\/hakmarfrance.online\\\/tr\\\/produit\\\/yesil-cay-verre-dor-220g-china-green-tea\\\/#primaryimage\",\"url\":\"https:\\\/\\\/hakmarfrance.online\\\/wp-content\\\/uploads\\\/2025\\\/07\\\/the-vert-verre-dor-220g.avif\",\"contentUrl\":\"https:\\\/\\\/hakmarfrance.online\\\/wp-content\\\/uploads\\\/2025\\\/07\\\/the-vert-verre-dor-220g.avif\",\"width\":1000,\"height\":800,\"caption\":\"\u00c7in ye\u015fil \u00e7ay\u0131 Verre d'Or \u2013 %10 hediyeli 220g\"},{\"@type\":\"BreadcrumbList\",\"@id\":\"https:\\\/\\\/hakmarfrance.online\\\/tr\\\/produit\\\/yesil-cay-verre-dor-220g-china-green-tea\\\/#breadcrumb\",\"itemListElement\":[{\"@type\":\"ListItem\",\"position\":1,\"name\":\"Accueil\",\"item\":\"https:\\\/\\\/hakmarfrance.online\\\/tr\\\/\"},{\"@type\":\"ListItem\",\"position\":2,\"name\":\"Ma\u011faza\",\"item\":\"https:\\\/\\\/hakmarfrance.online\\\/tr\\\/magaza\\\/\"},{\"@type\":\"ListItem\",\"position\":3,\"name\":\"Ye\u015fil \u00c7ay Verre d&rsquo;Or \u2013 220g (China Green Tea)\"}]},{\"@type\":\"WebSite\",\"@id\":\"https:\\\/\\\/hakmarfrance.online\\\/tr\\\/#website\",\"url\":\"https:\\\/\\\/hakmarfrance.online\\\/tr\\\/\",\"name\":\"hakmarfrance.online\",\"description\":\"\",\"publisher\":{\"@id\":\"https:\\\/\\\/hakmarfrance.online\\\/tr\\\/#organization\"},\"potentialAction\":[{\"@type\":\"SearchAction\",\"target\":{\"@type\":\"EntryPoint\",\"urlTemplate\":\"https:\\\/\\\/hakmarfrance.online\\\/tr\\\/?s={search_term_string}\"},\"query-input\":{\"@type\":\"PropertyValueSpecification\",\"valueRequired\":true,\"valueName\":\"search_term_string\"}}],\"inLanguage\":\"tr-TR\"},{\"@type\":\"Organization\",\"@id\":\"https:\\\/\\\/hakmarfrance.online\\\/tr\\\/#organization\",\"name\":\"hakmarfrance.online\",\"url\":\"https:\\\/\\\/hakmarfrance.online\\\/tr\\\/\",\"logo\":{\"@type\":\"ImageObject\",\"inLanguage\":\"tr-TR\",\"@id\":\"https:\\\/\\\/hakmarfrance.online\\\/tr\\\/#\\\/schema\\\/logo\\\/image\\\/\",\"url\":\"https:\\\/\\\/hakmarfrance.online\\\/wp-content\\\/uploads\\\/2025\\\/06\\\/logo-hakmarfrance.png\",\"contentUrl\":\"https:\\\/\\\/hakmarfrance.online\\\/wp-content\\\/uploads\\\/2025\\\/06\\\/logo-hakmarfrance.png\",\"width\":528,\"height\":232,\"caption\":\"hakmarfrance.online\"},\"image\":{\"@id\":\"https:\\\/\\\/hakmarfrance.online\\\/tr\\\/#\\\/schema\\\/logo\\\/image\\\/\"},\"sameAs\":[\"https:\\\/\\\/www.facebook.com\\\/HakmarFranceSupermarche\\\/?locale=fr_FR\",\"https:\\\/\\\/www.instagram.com\\\/hakmarfrancesupermarche\\\/\"]}]}<\/script>\n<!-- \/ Yoast SEO plugin. -->","yoast_head_json":{"title":"Ye\u015fil \u00c7ay Verre d'Or \u2013 220g (China Green Tea) - hakmarfrance.online","robots":{"index":"index","follow":"follow","max-snippet":"max-snippet:-1","max-image-preview":"max-image-preview:large","max-video-preview":"max-video-preview:-1"},"canonical":"https:\/\/hakmarfrance.online\/tr\/produit\/yesil-cay-verre-dor-220g-china-green-tea\/","og_locale":"tr_TR","og_type":"article","og_title":"Ye\u015fil \u00c7ay Verre d'Or \u2013 220g (China Green Tea) - hakmarfrance.online","og_description":"Verre d'Or ye\u015fil \u00e7ay 220g, rafine ve do\u011fal, %10 hediye \u2013 g\u00fcn\u00fcn her an\u0131nda tad\u0131n\u0131 \u00e7\u0131karabilece\u011fin bir klasik.","og_url":"https:\/\/hakmarfrance.online\/tr\/produit\/yesil-cay-verre-dor-220g-china-green-tea\/","og_site_name":"hakmarfrance.online","article_publisher":"https:\/\/www.facebook.com\/HakmarFranceSupermarche\/?locale=fr_FR","og_image":[{"width":1000,"height":800,"url":"https:\/\/hakmarfrance.online\/wp-content\/uploads\/2025\/07\/the-vert-verre-dor-220g.avif","type":"image\/png"}],"twitter_card":"summary_large_image","schema":{"@context":"https:\/\/schema.org","@graph":[{"@type":"WebPage","@id":"https:\/\/hakmarfrance.online\/tr\/produit\/yesil-cay-verre-dor-220g-china-green-tea\/","url":"https:\/\/hakmarfrance.online\/tr\/produit\/yesil-cay-verre-dor-220g-china-green-tea\/","name":"Ye\u015fil \u00c7ay Verre d'Or \u2013 220g (China Green Tea) - hakmarfrance.online","isPartOf":{"@id":"https:\/\/hakmarfrance.online\/tr\/#website"},"primaryImageOfPage":{"@id":"https:\/\/hakmarfrance.online\/tr\/produit\/yesil-cay-verre-dor-220g-china-green-tea\/#primaryimage"},"image":{"@id":"https:\/\/hakmarfrance.online\/tr\/produit\/yesil-cay-verre-dor-220g-china-green-tea\/#primaryimage"},"thumbnailUrl":"https:\/\/hakmarfrance.online\/wp-content\/uploads\/2025\/07\/the-vert-verre-dor-220g.avif","datePublished":"2025-07-09T08:30:34+00:00","breadcrumb":{"@id":"https:\/\/hakmarfrance.online\/tr\/produit\/yesil-cay-verre-dor-220g-china-green-tea\/#breadcrumb"},"inLanguage":"tr-TR","potentialAction":[{"@type":"ReadAction","target":["https:\/\/hakmarfrance.online\/tr\/produit\/yesil-cay-verre-dor-220g-china-green-tea\/"]}]},{"@type":"ImageObject","inLanguage":"tr-TR","@id":"https:\/\/hakmarfrance.online\/tr\/produit\/yesil-cay-verre-dor-220g-china-green-tea\/#primaryimage","url":"https:\/\/hakmarfrance.online\/wp-content\/uploads\/2025\/07\/the-vert-verre-dor-220g.avif","contentUrl":"https:\/\/hakmarfrance.online\/wp-content\/uploads\/2025\/07\/the-vert-verre-dor-220g.avif","width":1000,"height":800,"caption":"\u00c7in ye\u015fil \u00e7ay\u0131 Verre d'Or \u2013 %10 hediyeli 220g"},{"@type":"BreadcrumbList","@id":"https:\/\/hakmarfrance.online\/tr\/produit\/yesil-cay-verre-dor-220g-china-green-tea\/#breadcrumb","itemListElement":[{"@type":"ListItem","position":1,"name":"Accueil","item":"https:\/\/hakmarfrance.online\/tr\/"},{"@type":"ListItem","position":2,"name":"Ma\u011faza","item":"https:\/\/hakmarfrance.online\/tr\/magaza\/"},{"@type":"ListItem","position":3,"name":"Ye\u015fil \u00c7ay Verre d&rsquo;Or \u2013 220g (China Green Tea)"}]},{"@type":"WebSite","@id":"https:\/\/hakmarfrance.online\/tr\/#website","url":"https:\/\/hakmarfrance.online\/tr\/","name":"hakmarfrance.online","description":"","publisher":{"@id":"https:\/\/hakmarfrance.online\/tr\/#organization"},"potentialAction":[{"@type":"SearchAction","target":{"@type":"EntryPoint","urlTemplate":"https:\/\/hakmarfrance.online\/tr\/?s={search_term_string}"},"query-input":{"@type":"PropertyValueSpecification","valueRequired":true,"valueName":"search_term_string"}}],"inLanguage":"tr-TR"},{"@type":"Organization","@id":"https:\/\/hakmarfrance.online\/tr\/#organization","name":"hakmarfrance.online","url":"https:\/\/hakmarfrance.online\/tr\/","logo":{"@type":"ImageObject","inLanguage":"tr-TR","@id":"https:\/\/hakmarfrance.online\/tr\/#\/schema\/logo\/image\/","url":"https:\/\/hakmarfrance.online\/wp-content\/uploads\/2025\/06\/logo-hakmarfrance.png","contentUrl":"https:\/\/hakmarfrance.online\/wp-content\/uploads\/2025\/06\/logo-hakmarfrance.png","width":528,"height":232,"caption":"hakmarfrance.online"},"image":{"@id":"https:\/\/hakmarfrance.online\/tr\/#\/schema\/logo\/image\/"},"sameAs":["https:\/\/www.facebook.com\/HakmarFranceSupermarche\/?locale=fr_FR","https:\/\/www.instagram.com\/hakmarfrancesupermarche\/"]}]}},"_links":{"self":[{"href":"https:\/\/hakmarfrance.online\/tr\/wp-json\/wp\/v2\/product\/17979","targetHints":{"allow":["GET"]}}],"collection":[{"href":"https:\/\/hakmarfrance.online\/tr\/wp-json\/wp\/v2\/product"}],"about":[{"href":"https:\/\/hakmarfrance.online\/tr\/wp-json\/wp\/v2\/types\/product"}],"replies":[{"embeddable":true,"href":"https:\/\/hakmarfrance.online\/tr\/wp-json\/wp\/v2\/comments?post=17979"}],"version-history":[{"count":0,"href":"https:\/\/hakmarfrance.online\/tr\/wp-json\/wp\/v2\/product\/17979\/revisions"}],"wp:featuredmedia":[{"embeddable":true,"href":"https:\/\/hakmarfrance.online\/tr\/wp-json\/wp\/v2\/media\/17981"}],"wp:attachment":[{"href":"https:\/\/hakmarfrance.online\/tr\/wp-json\/wp\/v2\/media?parent=17979"}],"wp:term":[{"taxonomy":"product_brand","embeddable":true,"href":"https:\/\/hakmarfrance.online\/tr\/wp-json\/wp\/v2\/product_brand?post=17979"},{"taxonomy":"product_cat","embeddable":true,"href":"https:\/\/hakmarfrance.online\/tr\/wp-json\/wp\/v2\/product_cat?post=17979"},{"taxonomy":"product_tag","embeddable":true,"href":"https:\/\/hakmarfrance.online\/tr\/wp-json\/wp\/v2\/product_tag?post=17979"}],"curies":[{"name":"wp","href":"https:\/\/api.w.org\/{rel}","templated":true}]}}