{"id":17982,"date":"2025-07-09T10:53:20","date_gmt":"2025-07-09T10:53:20","guid":{"rendered":"https:\/\/hakmarfrance.online\/produit\/fanta-orange-15-l-portakalli-meyveli-gazli-icecek\/"},"modified":"2025-07-09T10:53:20","modified_gmt":"2025-07-09T10:53:20","slug":"fanta-orange-15-l-portakalli-meyveli-gazli-icecek","status":"publish","type":"product","link":"https:\/\/hakmarfrance.online\/tr\/produit\/fanta-orange-15-l-portakalli-meyveli-gazli-icecek\/","title":{"rendered":"Fanta Orange 1,5 L \u2013 Portakall\u0131 Meyveli Gazl\u0131 \u0130\u00e7ecek"},"content":{"rendered":"<p data-start=\"241\" data-end=\"662\"><strong data-start=\"347\" data-end=\"368\">Fanta Orange 1,5L<\/strong> ile kendinizi tazelik patlamas\u0131na b\u0131rak\u0131n &#8211; yo\u011fun ve serinletici portakal tad\u0131yla ikonik gazl\u0131 i\u00e7ecek. Aile veya arkada\u015flarla susuzlu\u011funuzu gidermek i\u00e7in ideal olan bu b\u00fcy\u00fck \u015fi\u015fe, her yudumda meyveli bir keyif garanti eder. Yapay renklendirici i\u00e7ermeyen Fanta, e\u015fsiz ve k\u00f6p\u00fckl\u00fc tad\u0131yla k\u00fc\u00e7\u00fck b\u00fcy\u00fck herkesi b\u00fcy\u00fcler.  <\/p>\n<p data-start=\"664\" data-end=\"700\">\u2705 <strong data-start=\"666\" data-end=\"700\">Ana \u00f6zellikler:<\/strong><\/p>\n<ul data-start=\"701\" data-end=\"837\">\n<li data-start=\"701\" data-end=\"718\">\n<p data-start=\"703\" data-end=\"718\">Lezzet: portakal<\/p>\n<\/li>\n<li data-start=\"719\" data-end=\"743\">\n<p data-start=\"721\" data-end=\"743\">Hacim: 1,5 litre<\/p>\n<\/li>\n<li data-start=\"744\" data-end=\"768\">\n<p data-start=\"746\" data-end=\"768\">\u015eekerli gazl\u0131 i\u00e7ecek<\/p>\n<\/li>\n<li data-start=\"769\" data-end=\"797\">\n<p data-start=\"771\" data-end=\"797\">Yapay renklendirici i\u00e7ermez<\/p>\n<\/li>\n<li data-start=\"798\" data-end=\"837\">\n<p data-start=\"800\" data-end=\"837\">Payla\u015f\u0131m i\u00e7in ideal aile format\u0131<\/p>\n<\/li>\n<\/ul>\n","protected":false},"excerpt":{"rendered":"<p>Fanta Orange 1,5L gazl\u0131 i\u00e7ecek \u2013 t\u00fcm tazelik molalar\u0131n\u0131z i\u00e7in m\u00fckemmel, meyveli portakal tad\u0131nda aile format\u0131.<\/p>\n","protected":false},"featured_media":17984,"comment_status":"open","ping_status":"closed","template":"","meta":{"iawp_total_views":0},"product_brand":[214],"product_cat":[228,229,225],"product_tag":[],"class_list":{"0":"post-17982","1":"product","2":"type-product","3":"status-publish","4":"has-post-thumbnail","6":"product_brand-fanta","7":"product_cat-icecekler","8":"product_cat-soguk-icecek","9":"product_cat-tum-urunlerimiz","11":"first","12":"instock","13":"shipping-taxable","14":"purchasable","15":"product-type-simple"},"yoast_head":"<!-- This site is optimized with the Yoast SEO plugin v27.3 - https:\/\/yoast.com\/product\/yoast-seo-wordpress\/ -->\n<title>Fanta Orange 1,5 L \u2013 Portakall\u0131 Meyveli Gazl\u0131 \u0130\u00e7ecek - hakmarfrance.online<\/title>\n<meta name=\"robots\" content=\"index, follow, max-snippet:-1, max-image-preview:large, max-video-preview:-1\" \/>\n<link rel=\"canonical\" href=\"https:\/\/hakmarfrance.online\/tr\/produit\/fanta-orange-15-l-portakalli-meyveli-gazli-icecek\/\" \/>\n<meta property=\"og:locale\" content=\"tr_TR\" \/>\n<meta property=\"og:type\" content=\"article\" \/>\n<meta property=\"og:title\" content=\"Fanta Orange 1,5 L \u2013 Portakall\u0131 Meyveli Gazl\u0131 \u0130\u00e7ecek - hakmarfrance.online\" \/>\n<meta property=\"og:description\" content=\"Fanta Orange 1,5L gazl\u0131 i\u00e7ecek \u2013 t\u00fcm tazelik molalar\u0131n\u0131z i\u00e7in m\u00fckemmel, meyveli portakal tad\u0131nda aile format\u0131.\" \/>\n<meta property=\"og:url\" content=\"https:\/\/hakmarfrance.online\/tr\/produit\/fanta-orange-15-l-portakalli-meyveli-gazli-icecek\/\" \/>\n<meta property=\"og:site_name\" content=\"hakmarfrance.online\" \/>\n<meta property=\"article:publisher\" content=\"https:\/\/www.facebook.com\/HakmarFranceSupermarche\/?locale=fr_FR\" \/>\n<meta property=\"og:image\" content=\"https:\/\/hakmarfrance.online\/wp-content\/uploads\/2025\/07\/fanta-orange-1-5l.avif\" \/>\n\t<meta property=\"og:image:width\" content=\"1000\" \/>\n\t<meta property=\"og:image:height\" content=\"800\" \/>\n\t<meta property=\"og:image:type\" content=\"image\/png\" \/>\n<meta name=\"twitter:card\" content=\"summary_large_image\" \/>\n<script type=\"application\/ld+json\" class=\"yoast-schema-graph\">{\"@context\":\"https:\\\/\\\/schema.org\",\"@graph\":[{\"@type\":\"WebPage\",\"@id\":\"https:\\\/\\\/hakmarfrance.online\\\/tr\\\/produit\\\/fanta-orange-15-l-portakalli-meyveli-gazli-icecek\\\/\",\"url\":\"https:\\\/\\\/hakmarfrance.online\\\/tr\\\/produit\\\/fanta-orange-15-l-portakalli-meyveli-gazli-icecek\\\/\",\"name\":\"Fanta Orange 1,5 L \u2013 Portakall\u0131 Meyveli Gazl\u0131 \u0130\u00e7ecek - hakmarfrance.online\",\"isPartOf\":{\"@id\":\"https:\\\/\\\/hakmarfrance.online\\\/tr\\\/#website\"},\"primaryImageOfPage\":{\"@id\":\"https:\\\/\\\/hakmarfrance.online\\\/tr\\\/produit\\\/fanta-orange-15-l-portakalli-meyveli-gazli-icecek\\\/#primaryimage\"},\"image\":{\"@id\":\"https:\\\/\\\/hakmarfrance.online\\\/tr\\\/produit\\\/fanta-orange-15-l-portakalli-meyveli-gazli-icecek\\\/#primaryimage\"},\"thumbnailUrl\":\"https:\\\/\\\/hakmarfrance.online\\\/wp-content\\\/uploads\\\/2025\\\/07\\\/fanta-orange-1-5l.avif\",\"datePublished\":\"2025-07-09T10:53:20+00:00\",\"breadcrumb\":{\"@id\":\"https:\\\/\\\/hakmarfrance.online\\\/tr\\\/produit\\\/fanta-orange-15-l-portakalli-meyveli-gazli-icecek\\\/#breadcrumb\"},\"inLanguage\":\"tr-TR\",\"potentialAction\":[{\"@type\":\"ReadAction\",\"target\":[\"https:\\\/\\\/hakmarfrance.online\\\/tr\\\/produit\\\/fanta-orange-15-l-portakalli-meyveli-gazli-icecek\\\/\"]}]},{\"@type\":\"ImageObject\",\"inLanguage\":\"tr-TR\",\"@id\":\"https:\\\/\\\/hakmarfrance.online\\\/tr\\\/produit\\\/fanta-orange-15-l-portakalli-meyveli-gazli-icecek\\\/#primaryimage\",\"url\":\"https:\\\/\\\/hakmarfrance.online\\\/wp-content\\\/uploads\\\/2025\\\/07\\\/fanta-orange-1-5l.avif\",\"contentUrl\":\"https:\\\/\\\/hakmarfrance.online\\\/wp-content\\\/uploads\\\/2025\\\/07\\\/fanta-orange-1-5l.avif\",\"width\":1000,\"height\":800,\"caption\":\"Fanta Orange \u2013 1,5L portakall\u0131 k\u00f6p\u00fckl\u00fc i\u00e7ecek \u015fi\u015fesi\"},{\"@type\":\"BreadcrumbList\",\"@id\":\"https:\\\/\\\/hakmarfrance.online\\\/tr\\\/produit\\\/fanta-orange-15-l-portakalli-meyveli-gazli-icecek\\\/#breadcrumb\",\"itemListElement\":[{\"@type\":\"ListItem\",\"position\":1,\"name\":\"Accueil\",\"item\":\"https:\\\/\\\/hakmarfrance.online\\\/tr\\\/\"},{\"@type\":\"ListItem\",\"position\":2,\"name\":\"Ma\u011faza\",\"item\":\"https:\\\/\\\/hakmarfrance.online\\\/tr\\\/magaza\\\/\"},{\"@type\":\"ListItem\",\"position\":3,\"name\":\"Fanta Orange 1,5 L \u2013 Portakall\u0131 Meyveli Gazl\u0131 \u0130\u00e7ecek\"}]},{\"@type\":\"WebSite\",\"@id\":\"https:\\\/\\\/hakmarfrance.online\\\/tr\\\/#website\",\"url\":\"https:\\\/\\\/hakmarfrance.online\\\/tr\\\/\",\"name\":\"hakmarfrance.online\",\"description\":\"\",\"publisher\":{\"@id\":\"https:\\\/\\\/hakmarfrance.online\\\/tr\\\/#organization\"},\"potentialAction\":[{\"@type\":\"SearchAction\",\"target\":{\"@type\":\"EntryPoint\",\"urlTemplate\":\"https:\\\/\\\/hakmarfrance.online\\\/tr\\\/?s={search_term_string}\"},\"query-input\":{\"@type\":\"PropertyValueSpecification\",\"valueRequired\":true,\"valueName\":\"search_term_string\"}}],\"inLanguage\":\"tr-TR\"},{\"@type\":\"Organization\",\"@id\":\"https:\\\/\\\/hakmarfrance.online\\\/tr\\\/#organization\",\"name\":\"hakmarfrance.online\",\"url\":\"https:\\\/\\\/hakmarfrance.online\\\/tr\\\/\",\"logo\":{\"@type\":\"ImageObject\",\"inLanguage\":\"tr-TR\",\"@id\":\"https:\\\/\\\/hakmarfrance.online\\\/tr\\\/#\\\/schema\\\/logo\\\/image\\\/\",\"url\":\"https:\\\/\\\/hakmarfrance.online\\\/wp-content\\\/uploads\\\/2025\\\/06\\\/logo-hakmarfrance.png\",\"contentUrl\":\"https:\\\/\\\/hakmarfrance.online\\\/wp-content\\\/uploads\\\/2025\\\/06\\\/logo-hakmarfrance.png\",\"width\":528,\"height\":232,\"caption\":\"hakmarfrance.online\"},\"image\":{\"@id\":\"https:\\\/\\\/hakmarfrance.online\\\/tr\\\/#\\\/schema\\\/logo\\\/image\\\/\"},\"sameAs\":[\"https:\\\/\\\/www.facebook.com\\\/HakmarFranceSupermarche\\\/?locale=fr_FR\",\"https:\\\/\\\/www.instagram.com\\\/hakmarfrancesupermarche\\\/\"]}]}<\/script>\n<!-- \/ Yoast SEO plugin. -->","yoast_head_json":{"title":"Fanta Orange 1,5 L \u2013 Portakall\u0131 Meyveli Gazl\u0131 \u0130\u00e7ecek - hakmarfrance.online","robots":{"index":"index","follow":"follow","max-snippet":"max-snippet:-1","max-image-preview":"max-image-preview:large","max-video-preview":"max-video-preview:-1"},"canonical":"https:\/\/hakmarfrance.online\/tr\/produit\/fanta-orange-15-l-portakalli-meyveli-gazli-icecek\/","og_locale":"tr_TR","og_type":"article","og_title":"Fanta Orange 1,5 L \u2013 Portakall\u0131 Meyveli Gazl\u0131 \u0130\u00e7ecek - hakmarfrance.online","og_description":"Fanta Orange 1,5L gazl\u0131 i\u00e7ecek \u2013 t\u00fcm tazelik molalar\u0131n\u0131z i\u00e7in m\u00fckemmel, meyveli portakal tad\u0131nda aile format\u0131.","og_url":"https:\/\/hakmarfrance.online\/tr\/produit\/fanta-orange-15-l-portakalli-meyveli-gazli-icecek\/","og_site_name":"hakmarfrance.online","article_publisher":"https:\/\/www.facebook.com\/HakmarFranceSupermarche\/?locale=fr_FR","og_image":[{"width":1000,"height":800,"url":"https:\/\/hakmarfrance.online\/wp-content\/uploads\/2025\/07\/fanta-orange-1-5l.avif","type":"image\/png"}],"twitter_card":"summary_large_image","schema":{"@context":"https:\/\/schema.org","@graph":[{"@type":"WebPage","@id":"https:\/\/hakmarfrance.online\/tr\/produit\/fanta-orange-15-l-portakalli-meyveli-gazli-icecek\/","url":"https:\/\/hakmarfrance.online\/tr\/produit\/fanta-orange-15-l-portakalli-meyveli-gazli-icecek\/","name":"Fanta Orange 1,5 L \u2013 Portakall\u0131 Meyveli Gazl\u0131 \u0130\u00e7ecek - hakmarfrance.online","isPartOf":{"@id":"https:\/\/hakmarfrance.online\/tr\/#website"},"primaryImageOfPage":{"@id":"https:\/\/hakmarfrance.online\/tr\/produit\/fanta-orange-15-l-portakalli-meyveli-gazli-icecek\/#primaryimage"},"image":{"@id":"https:\/\/hakmarfrance.online\/tr\/produit\/fanta-orange-15-l-portakalli-meyveli-gazli-icecek\/#primaryimage"},"thumbnailUrl":"https:\/\/hakmarfrance.online\/wp-content\/uploads\/2025\/07\/fanta-orange-1-5l.avif","datePublished":"2025-07-09T10:53:20+00:00","breadcrumb":{"@id":"https:\/\/hakmarfrance.online\/tr\/produit\/fanta-orange-15-l-portakalli-meyveli-gazli-icecek\/#breadcrumb"},"inLanguage":"tr-TR","potentialAction":[{"@type":"ReadAction","target":["https:\/\/hakmarfrance.online\/tr\/produit\/fanta-orange-15-l-portakalli-meyveli-gazli-icecek\/"]}]},{"@type":"ImageObject","inLanguage":"tr-TR","@id":"https:\/\/hakmarfrance.online\/tr\/produit\/fanta-orange-15-l-portakalli-meyveli-gazli-icecek\/#primaryimage","url":"https:\/\/hakmarfrance.online\/wp-content\/uploads\/2025\/07\/fanta-orange-1-5l.avif","contentUrl":"https:\/\/hakmarfrance.online\/wp-content\/uploads\/2025\/07\/fanta-orange-1-5l.avif","width":1000,"height":800,"caption":"Fanta Orange \u2013 1,5L portakall\u0131 k\u00f6p\u00fckl\u00fc i\u00e7ecek \u015fi\u015fesi"},{"@type":"BreadcrumbList","@id":"https:\/\/hakmarfrance.online\/tr\/produit\/fanta-orange-15-l-portakalli-meyveli-gazli-icecek\/#breadcrumb","itemListElement":[{"@type":"ListItem","position":1,"name":"Accueil","item":"https:\/\/hakmarfrance.online\/tr\/"},{"@type":"ListItem","position":2,"name":"Ma\u011faza","item":"https:\/\/hakmarfrance.online\/tr\/magaza\/"},{"@type":"ListItem","position":3,"name":"Fanta Orange 1,5 L \u2013 Portakall\u0131 Meyveli Gazl\u0131 \u0130\u00e7ecek"}]},{"@type":"WebSite","@id":"https:\/\/hakmarfrance.online\/tr\/#website","url":"https:\/\/hakmarfrance.online\/tr\/","name":"hakmarfrance.online","description":"","publisher":{"@id":"https:\/\/hakmarfrance.online\/tr\/#organization"},"potentialAction":[{"@type":"SearchAction","target":{"@type":"EntryPoint","urlTemplate":"https:\/\/hakmarfrance.online\/tr\/?s={search_term_string}"},"query-input":{"@type":"PropertyValueSpecification","valueRequired":true,"valueName":"search_term_string"}}],"inLanguage":"tr-TR"},{"@type":"Organization","@id":"https:\/\/hakmarfrance.online\/tr\/#organization","name":"hakmarfrance.online","url":"https:\/\/hakmarfrance.online\/tr\/","logo":{"@type":"ImageObject","inLanguage":"tr-TR","@id":"https:\/\/hakmarfrance.online\/tr\/#\/schema\/logo\/image\/","url":"https:\/\/hakmarfrance.online\/wp-content\/uploads\/2025\/06\/logo-hakmarfrance.png","contentUrl":"https:\/\/hakmarfrance.online\/wp-content\/uploads\/2025\/06\/logo-hakmarfrance.png","width":528,"height":232,"caption":"hakmarfrance.online"},"image":{"@id":"https:\/\/hakmarfrance.online\/tr\/#\/schema\/logo\/image\/"},"sameAs":["https:\/\/www.facebook.com\/HakmarFranceSupermarche\/?locale=fr_FR","https:\/\/www.instagram.com\/hakmarfrancesupermarche\/"]}]}},"_links":{"self":[{"href":"https:\/\/hakmarfrance.online\/tr\/wp-json\/wp\/v2\/product\/17982","targetHints":{"allow":["GET"]}}],"collection":[{"href":"https:\/\/hakmarfrance.online\/tr\/wp-json\/wp\/v2\/product"}],"about":[{"href":"https:\/\/hakmarfrance.online\/tr\/wp-json\/wp\/v2\/types\/product"}],"replies":[{"embeddable":true,"href":"https:\/\/hakmarfrance.online\/tr\/wp-json\/wp\/v2\/comments?post=17982"}],"version-history":[{"count":0,"href":"https:\/\/hakmarfrance.online\/tr\/wp-json\/wp\/v2\/product\/17982\/revisions"}],"wp:featuredmedia":[{"embeddable":true,"href":"https:\/\/hakmarfrance.online\/tr\/wp-json\/wp\/v2\/media\/17984"}],"wp:attachment":[{"href":"https:\/\/hakmarfrance.online\/tr\/wp-json\/wp\/v2\/media?parent=17982"}],"wp:term":[{"taxonomy":"product_brand","embeddable":true,"href":"https:\/\/hakmarfrance.online\/tr\/wp-json\/wp\/v2\/product_brand?post=17982"},{"taxonomy":"product_cat","embeddable":true,"href":"https:\/\/hakmarfrance.online\/tr\/wp-json\/wp\/v2\/product_cat?post=17982"},{"taxonomy":"product_tag","embeddable":true,"href":"https:\/\/hakmarfrance.online\/tr\/wp-json\/wp\/v2\/product_tag?post=17982"}],"curies":[{"name":"wp","href":"https:\/\/api.w.org\/{rel}","templated":true}]}}