{"id":17991,"date":"2025-07-09T08:58:32","date_gmt":"2025-07-09T08:58:32","guid":{"rendered":"https:\/\/hakmarfrance.online\/produit\/yorem-izgara-peynir-kibris-tipi-helal-izgara-peynir-200g\/"},"modified":"2025-07-09T08:58:32","modified_gmt":"2025-07-09T08:58:32","slug":"yorem-izgara-peynir-kibris-tipi-helal-izgara-peynir-200g","status":"publish","type":"product","link":"https:\/\/hakmarfrance.online\/tr\/produit\/yorem-izgara-peynir-kibris-tipi-helal-izgara-peynir-200g\/","title":{"rendered":"Y\u00f6rem Izgara Peynir &#8211; K\u0131br\u0131s Tipi Helal Izgara Peynir &#8211; 200g"},"content":{"rendered":"<p data-start=\"290\" data-end=\"715\"><strong data-start=\"380\" data-end=\"423\">Y\u00f6rem Izgara Peynir<\/strong>&#8216;in lezzetli tad\u0131n\u0131 ke\u015ffedin. Barbek\u00fc, salata veya s\u0131cak yemekleriniz i\u00e7in ideal olan bu K\u0131br\u0131s spesiyalitesi, d\u0131\u015f\u0131 \u00e7\u0131t\u0131r i\u00e7i yumu\u015fak bir doku sunar ve akmadan erir (kuru maddede %43 ya\u011f oran\u0131). Helal sertifikal\u0131 olup t\u00fcm aile i\u00e7in uygundur.  <\/p>\n<p data-start=\"717\" data-end=\"753\">\u2705 <strong data-start=\"719\" data-end=\"753\">Ana \u00f6zellikler:<\/strong><\/p>\n<ul data-start=\"754\" data-end=\"975\">\n<li data-start=\"754\" data-end=\"791\">\n<p data-start=\"756\" data-end=\"791\">K\u0131br\u0131s tipi \u0131zgara peynir<\/p>\n<\/li>\n<li data-start=\"792\" data-end=\"834\">\n<p data-start=\"794\" data-end=\"834\">Kuru maddede %43 ya\u011f oran\u0131<\/p>\n<\/li>\n<li data-start=\"835\" data-end=\"885\">\n<p data-start=\"837\" data-end=\"885\">Barbek\u00fc, tava veya \u0131zgara i\u00e7in m\u00fckemmel<\/p>\n<\/li>\n<li data-start=\"886\" data-end=\"923\">\n<p data-start=\"888\" data-end=\"923\">Pi\u015fince \u00e7\u0131t\u0131r doku<\/p>\n<\/li>\n<li data-start=\"924\" data-end=\"940\">\n<p data-start=\"926\" data-end=\"940\">Helal sertifikal\u0131<\/p>\n<\/li>\n<li data-start=\"941\" data-end=\"960\">\n<p data-start=\"943\" data-end=\"960\">Net a\u011f\u0131rl\u0131k: 250 g<\/p>\n<\/li>\n<li data-start=\"961\" data-end=\"975\">\n<p data-start=\"963\" data-end=\"975\">Pi\u015firmeye haz\u0131r<\/p>\n<\/li>\n<\/ul>\n","protected":false},"excerpt":{"rendered":"<p>Y\u00f6rem Helal Izgara Peynir &#8211; K\u0131br\u0131s tipi, barbek\u00fc veya tava i\u00e7in m\u00fckemmel. 250g saf mutfak keyfi. <\/p>\n","protected":false},"featured_media":17993,"comment_status":"open","ping_status":"closed","template":"","meta":{"iawp_total_views":0},"product_brand":[173],"product_cat":[286,283,287,225,288],"product_tag":[],"class_list":{"0":"post-17991","1":"product","2":"type-product","3":"status-publish","4":"has-post-thumbnail","6":"product_brand-yorem","7":"product_cat-dogu-marketi","8":"product_cat-et-balik-sarkuteri","9":"product_cat-taze-urunler-sut-urunleri-mandira","10":"product_cat-tum-urunlerimiz","11":"product_cat-tuzlu-gidalar","13":"first","14":"instock","15":"shipping-taxable","16":"purchasable","17":"product-type-simple"},"yoast_head":"<!-- This site is optimized with the Yoast SEO plugin v27.3 - https:\/\/yoast.com\/product\/yoast-seo-wordpress\/ -->\n<title>Y\u00f6rem Izgara Peynir - K\u0131br\u0131s Tipi Helal Izgara Peynir - 200g - hakmarfrance.online<\/title>\n<meta name=\"robots\" content=\"index, follow, max-snippet:-1, max-image-preview:large, max-video-preview:-1\" \/>\n<link rel=\"canonical\" href=\"https:\/\/hakmarfrance.online\/tr\/produit\/yorem-izgara-peynir-kibris-tipi-helal-izgara-peynir-200g\/\" \/>\n<meta property=\"og:locale\" content=\"tr_TR\" \/>\n<meta property=\"og:type\" content=\"article\" \/>\n<meta property=\"og:title\" content=\"Y\u00f6rem Izgara Peynir - K\u0131br\u0131s Tipi Helal Izgara Peynir - 200g - hakmarfrance.online\" \/>\n<meta property=\"og:description\" content=\"Y\u00f6rem Helal Izgara Peynir - K\u0131br\u0131s tipi, barbek\u00fc veya tava i\u00e7in m\u00fckemmel. 250g saf mutfak keyfi.\" \/>\n<meta property=\"og:url\" content=\"https:\/\/hakmarfrance.online\/tr\/produit\/yorem-izgara-peynir-kibris-tipi-helal-izgara-peynir-200g\/\" \/>\n<meta property=\"og:site_name\" content=\"hakmarfrance.online\" \/>\n<meta property=\"article:publisher\" content=\"https:\/\/www.facebook.com\/HakmarFranceSupermarche\/?locale=fr_FR\" \/>\n<meta property=\"og:image\" content=\"https:\/\/hakmarfrance.online\/wp-content\/uploads\/2025\/07\/fromage-grill-yorem-izgara-peynir-kibris.avif\" \/>\n\t<meta property=\"og:image:width\" content=\"1000\" \/>\n\t<meta property=\"og:image:height\" content=\"800\" \/>\n\t<meta property=\"og:image:type\" content=\"image\/png\" \/>\n<meta name=\"twitter:card\" content=\"summary_large_image\" \/>\n<script type=\"application\/ld+json\" class=\"yoast-schema-graph\">{\"@context\":\"https:\\\/\\\/schema.org\",\"@graph\":[{\"@type\":\"WebPage\",\"@id\":\"https:\\\/\\\/hakmarfrance.online\\\/tr\\\/produit\\\/yorem-izgara-peynir-kibris-tipi-helal-izgara-peynir-200g\\\/\",\"url\":\"https:\\\/\\\/hakmarfrance.online\\\/tr\\\/produit\\\/yorem-izgara-peynir-kibris-tipi-helal-izgara-peynir-200g\\\/\",\"name\":\"Y\u00f6rem Izgara Peynir - K\u0131br\u0131s Tipi Helal Izgara Peynir - 200g - hakmarfrance.online\",\"isPartOf\":{\"@id\":\"https:\\\/\\\/hakmarfrance.online\\\/tr\\\/#website\"},\"primaryImageOfPage\":{\"@id\":\"https:\\\/\\\/hakmarfrance.online\\\/tr\\\/produit\\\/yorem-izgara-peynir-kibris-tipi-helal-izgara-peynir-200g\\\/#primaryimage\"},\"image\":{\"@id\":\"https:\\\/\\\/hakmarfrance.online\\\/tr\\\/produit\\\/yorem-izgara-peynir-kibris-tipi-helal-izgara-peynir-200g\\\/#primaryimage\"},\"thumbnailUrl\":\"https:\\\/\\\/hakmarfrance.online\\\/wp-content\\\/uploads\\\/2025\\\/07\\\/fromage-grill-yorem-izgara-peynir-kibris.avif\",\"datePublished\":\"2025-07-09T08:58:32+00:00\",\"breadcrumb\":{\"@id\":\"https:\\\/\\\/hakmarfrance.online\\\/tr\\\/produit\\\/yorem-izgara-peynir-kibris-tipi-helal-izgara-peynir-200g\\\/#breadcrumb\"},\"inLanguage\":\"tr-TR\",\"potentialAction\":[{\"@type\":\"ReadAction\",\"target\":[\"https:\\\/\\\/hakmarfrance.online\\\/tr\\\/produit\\\/yorem-izgara-peynir-kibris-tipi-helal-izgara-peynir-200g\\\/\"]}]},{\"@type\":\"ImageObject\",\"inLanguage\":\"tr-TR\",\"@id\":\"https:\\\/\\\/hakmarfrance.online\\\/tr\\\/produit\\\/yorem-izgara-peynir-kibris-tipi-helal-izgara-peynir-200g\\\/#primaryimage\",\"url\":\"https:\\\/\\\/hakmarfrance.online\\\/wp-content\\\/uploads\\\/2025\\\/07\\\/fromage-grill-yorem-izgara-peynir-kibris.avif\",\"contentUrl\":\"https:\\\/\\\/hakmarfrance.online\\\/wp-content\\\/uploads\\\/2025\\\/07\\\/fromage-grill-yorem-izgara-peynir-kibris.avif\",\"width\":1000,\"height\":800,\"caption\":\"Y\u00f6rem Izgara Peynir - K\u0131br\u0131s Tipi Helal - 250g\"},{\"@type\":\"BreadcrumbList\",\"@id\":\"https:\\\/\\\/hakmarfrance.online\\\/tr\\\/produit\\\/yorem-izgara-peynir-kibris-tipi-helal-izgara-peynir-200g\\\/#breadcrumb\",\"itemListElement\":[{\"@type\":\"ListItem\",\"position\":1,\"name\":\"Accueil\",\"item\":\"https:\\\/\\\/hakmarfrance.online\\\/tr\\\/\"},{\"@type\":\"ListItem\",\"position\":2,\"name\":\"Ma\u011faza\",\"item\":\"https:\\\/\\\/hakmarfrance.online\\\/tr\\\/magaza\\\/\"},{\"@type\":\"ListItem\",\"position\":3,\"name\":\"Y\u00f6rem Izgara Peynir &#8211; K\u0131br\u0131s Tipi Helal Izgara Peynir &#8211; 200g\"}]},{\"@type\":\"WebSite\",\"@id\":\"https:\\\/\\\/hakmarfrance.online\\\/tr\\\/#website\",\"url\":\"https:\\\/\\\/hakmarfrance.online\\\/tr\\\/\",\"name\":\"hakmarfrance.online\",\"description\":\"\",\"publisher\":{\"@id\":\"https:\\\/\\\/hakmarfrance.online\\\/tr\\\/#organization\"},\"potentialAction\":[{\"@type\":\"SearchAction\",\"target\":{\"@type\":\"EntryPoint\",\"urlTemplate\":\"https:\\\/\\\/hakmarfrance.online\\\/tr\\\/?s={search_term_string}\"},\"query-input\":{\"@type\":\"PropertyValueSpecification\",\"valueRequired\":true,\"valueName\":\"search_term_string\"}}],\"inLanguage\":\"tr-TR\"},{\"@type\":\"Organization\",\"@id\":\"https:\\\/\\\/hakmarfrance.online\\\/tr\\\/#organization\",\"name\":\"hakmarfrance.online\",\"url\":\"https:\\\/\\\/hakmarfrance.online\\\/tr\\\/\",\"logo\":{\"@type\":\"ImageObject\",\"inLanguage\":\"tr-TR\",\"@id\":\"https:\\\/\\\/hakmarfrance.online\\\/tr\\\/#\\\/schema\\\/logo\\\/image\\\/\",\"url\":\"https:\\\/\\\/hakmarfrance.online\\\/wp-content\\\/uploads\\\/2025\\\/06\\\/logo-hakmarfrance.png\",\"contentUrl\":\"https:\\\/\\\/hakmarfrance.online\\\/wp-content\\\/uploads\\\/2025\\\/06\\\/logo-hakmarfrance.png\",\"width\":528,\"height\":232,\"caption\":\"hakmarfrance.online\"},\"image\":{\"@id\":\"https:\\\/\\\/hakmarfrance.online\\\/tr\\\/#\\\/schema\\\/logo\\\/image\\\/\"},\"sameAs\":[\"https:\\\/\\\/www.facebook.com\\\/HakmarFranceSupermarche\\\/?locale=fr_FR\",\"https:\\\/\\\/www.instagram.com\\\/hakmarfrancesupermarche\\\/\"]}]}<\/script>\n<!-- \/ Yoast SEO plugin. -->","yoast_head_json":{"title":"Y\u00f6rem Izgara Peynir - K\u0131br\u0131s Tipi Helal Izgara Peynir - 200g - hakmarfrance.online","robots":{"index":"index","follow":"follow","max-snippet":"max-snippet:-1","max-image-preview":"max-image-preview:large","max-video-preview":"max-video-preview:-1"},"canonical":"https:\/\/hakmarfrance.online\/tr\/produit\/yorem-izgara-peynir-kibris-tipi-helal-izgara-peynir-200g\/","og_locale":"tr_TR","og_type":"article","og_title":"Y\u00f6rem Izgara Peynir - K\u0131br\u0131s Tipi Helal Izgara Peynir - 200g - hakmarfrance.online","og_description":"Y\u00f6rem Helal Izgara Peynir - K\u0131br\u0131s tipi, barbek\u00fc veya tava i\u00e7in m\u00fckemmel. 250g saf mutfak keyfi.","og_url":"https:\/\/hakmarfrance.online\/tr\/produit\/yorem-izgara-peynir-kibris-tipi-helal-izgara-peynir-200g\/","og_site_name":"hakmarfrance.online","article_publisher":"https:\/\/www.facebook.com\/HakmarFranceSupermarche\/?locale=fr_FR","og_image":[{"width":1000,"height":800,"url":"https:\/\/hakmarfrance.online\/wp-content\/uploads\/2025\/07\/fromage-grill-yorem-izgara-peynir-kibris.avif","type":"image\/png"}],"twitter_card":"summary_large_image","schema":{"@context":"https:\/\/schema.org","@graph":[{"@type":"WebPage","@id":"https:\/\/hakmarfrance.online\/tr\/produit\/yorem-izgara-peynir-kibris-tipi-helal-izgara-peynir-200g\/","url":"https:\/\/hakmarfrance.online\/tr\/produit\/yorem-izgara-peynir-kibris-tipi-helal-izgara-peynir-200g\/","name":"Y\u00f6rem Izgara Peynir - K\u0131br\u0131s Tipi Helal Izgara Peynir - 200g - hakmarfrance.online","isPartOf":{"@id":"https:\/\/hakmarfrance.online\/tr\/#website"},"primaryImageOfPage":{"@id":"https:\/\/hakmarfrance.online\/tr\/produit\/yorem-izgara-peynir-kibris-tipi-helal-izgara-peynir-200g\/#primaryimage"},"image":{"@id":"https:\/\/hakmarfrance.online\/tr\/produit\/yorem-izgara-peynir-kibris-tipi-helal-izgara-peynir-200g\/#primaryimage"},"thumbnailUrl":"https:\/\/hakmarfrance.online\/wp-content\/uploads\/2025\/07\/fromage-grill-yorem-izgara-peynir-kibris.avif","datePublished":"2025-07-09T08:58:32+00:00","breadcrumb":{"@id":"https:\/\/hakmarfrance.online\/tr\/produit\/yorem-izgara-peynir-kibris-tipi-helal-izgara-peynir-200g\/#breadcrumb"},"inLanguage":"tr-TR","potentialAction":[{"@type":"ReadAction","target":["https:\/\/hakmarfrance.online\/tr\/produit\/yorem-izgara-peynir-kibris-tipi-helal-izgara-peynir-200g\/"]}]},{"@type":"ImageObject","inLanguage":"tr-TR","@id":"https:\/\/hakmarfrance.online\/tr\/produit\/yorem-izgara-peynir-kibris-tipi-helal-izgara-peynir-200g\/#primaryimage","url":"https:\/\/hakmarfrance.online\/wp-content\/uploads\/2025\/07\/fromage-grill-yorem-izgara-peynir-kibris.avif","contentUrl":"https:\/\/hakmarfrance.online\/wp-content\/uploads\/2025\/07\/fromage-grill-yorem-izgara-peynir-kibris.avif","width":1000,"height":800,"caption":"Y\u00f6rem Izgara Peynir - K\u0131br\u0131s Tipi Helal - 250g"},{"@type":"BreadcrumbList","@id":"https:\/\/hakmarfrance.online\/tr\/produit\/yorem-izgara-peynir-kibris-tipi-helal-izgara-peynir-200g\/#breadcrumb","itemListElement":[{"@type":"ListItem","position":1,"name":"Accueil","item":"https:\/\/hakmarfrance.online\/tr\/"},{"@type":"ListItem","position":2,"name":"Ma\u011faza","item":"https:\/\/hakmarfrance.online\/tr\/magaza\/"},{"@type":"ListItem","position":3,"name":"Y\u00f6rem Izgara Peynir &#8211; K\u0131br\u0131s Tipi Helal Izgara Peynir &#8211; 200g"}]},{"@type":"WebSite","@id":"https:\/\/hakmarfrance.online\/tr\/#website","url":"https:\/\/hakmarfrance.online\/tr\/","name":"hakmarfrance.online","description":"","publisher":{"@id":"https:\/\/hakmarfrance.online\/tr\/#organization"},"potentialAction":[{"@type":"SearchAction","target":{"@type":"EntryPoint","urlTemplate":"https:\/\/hakmarfrance.online\/tr\/?s={search_term_string}"},"query-input":{"@type":"PropertyValueSpecification","valueRequired":true,"valueName":"search_term_string"}}],"inLanguage":"tr-TR"},{"@type":"Organization","@id":"https:\/\/hakmarfrance.online\/tr\/#organization","name":"hakmarfrance.online","url":"https:\/\/hakmarfrance.online\/tr\/","logo":{"@type":"ImageObject","inLanguage":"tr-TR","@id":"https:\/\/hakmarfrance.online\/tr\/#\/schema\/logo\/image\/","url":"https:\/\/hakmarfrance.online\/wp-content\/uploads\/2025\/06\/logo-hakmarfrance.png","contentUrl":"https:\/\/hakmarfrance.online\/wp-content\/uploads\/2025\/06\/logo-hakmarfrance.png","width":528,"height":232,"caption":"hakmarfrance.online"},"image":{"@id":"https:\/\/hakmarfrance.online\/tr\/#\/schema\/logo\/image\/"},"sameAs":["https:\/\/www.facebook.com\/HakmarFranceSupermarche\/?locale=fr_FR","https:\/\/www.instagram.com\/hakmarfrancesupermarche\/"]}]}},"_links":{"self":[{"href":"https:\/\/hakmarfrance.online\/tr\/wp-json\/wp\/v2\/product\/17991","targetHints":{"allow":["GET"]}}],"collection":[{"href":"https:\/\/hakmarfrance.online\/tr\/wp-json\/wp\/v2\/product"}],"about":[{"href":"https:\/\/hakmarfrance.online\/tr\/wp-json\/wp\/v2\/types\/product"}],"replies":[{"embeddable":true,"href":"https:\/\/hakmarfrance.online\/tr\/wp-json\/wp\/v2\/comments?post=17991"}],"version-history":[{"count":0,"href":"https:\/\/hakmarfrance.online\/tr\/wp-json\/wp\/v2\/product\/17991\/revisions"}],"wp:featuredmedia":[{"embeddable":true,"href":"https:\/\/hakmarfrance.online\/tr\/wp-json\/wp\/v2\/media\/17993"}],"wp:attachment":[{"href":"https:\/\/hakmarfrance.online\/tr\/wp-json\/wp\/v2\/media?parent=17991"}],"wp:term":[{"taxonomy":"product_brand","embeddable":true,"href":"https:\/\/hakmarfrance.online\/tr\/wp-json\/wp\/v2\/product_brand?post=17991"},{"taxonomy":"product_cat","embeddable":true,"href":"https:\/\/hakmarfrance.online\/tr\/wp-json\/wp\/v2\/product_cat?post=17991"},{"taxonomy":"product_tag","embeddable":true,"href":"https:\/\/hakmarfrance.online\/tr\/wp-json\/wp\/v2\/product_tag?post=17991"}],"curies":[{"name":"wp","href":"https:\/\/api.w.org\/{rel}","templated":true}]}}