{"id":17996,"date":"2025-07-09T11:15:18","date_gmt":"2025-07-09T11:15:18","guid":{"rendered":"https:\/\/hakmarfrance.online\/produit\/fanta-tropical-15-l-egzotik-aromali-gazli-icecek\/"},"modified":"2025-07-09T11:15:18","modified_gmt":"2025-07-09T11:15:18","slug":"fanta-tropical-15-l-egzotik-aromali-gazli-icecek","status":"publish","type":"product","link":"https:\/\/hakmarfrance.online\/tr\/produit\/fanta-tropical-15-l-egzotik-aromali-gazli-icecek\/","title":{"rendered":"Fanta Tropical 1,5 L \u2013 Egzotik Aromal\u0131 Gazl\u0131 \u0130\u00e7ecek"},"content":{"rendered":"<p data-start=\"231\" data-end=\"647\"><strong data-start=\"344\" data-end=\"367\">Fanta Tropical 1,5L<\/strong>&#8216;nin g\u00fcne\u015fli tatlar\u0131yla kendinizi b\u0131rak\u0131n, kar\u015f\u0131 konulmaz egzotik aromalar\u0131 birle\u015ftiren meyveli gazl\u0131 bir i\u00e7ecek. G\u00fcn\u00fcn her saatinde serinlemek i\u00e7in m\u00fckemmel olan bu renkli gazoz, \u00f6zg\u00fcn ve k\u00f6p\u00fckl\u00fc i\u00e7ecek severlerini mutlu edecek. Partiler, mangallar veya sadece keyif yapmak i\u00e7in ideal.  <\/p>\n<p data-start=\"649\" data-end=\"685\">\u2705 <strong data-start=\"651\" data-end=\"685\">Ana \u00f6zellikler:<\/strong><\/p>\n<ul data-start=\"686\" data-end=\"852\">\n<li data-start=\"686\" data-end=\"726\">\n<p data-start=\"688\" data-end=\"726\">Ferahlat\u0131c\u0131 tropikal meyve tad\u0131<\/p>\n<\/li>\n<li data-start=\"727\" data-end=\"764\">\n<p data-start=\"729\" data-end=\"764\">Payla\u015fmak i\u00e7in ideal 1,5 L b\u00fcy\u00fck boy<\/p>\n<\/li>\n<li data-start=\"765\" data-end=\"795\">\n<p data-start=\"767\" data-end=\"795\">Kafeinsiz gazl\u0131 i\u00e7ecek<\/p>\n<\/li>\n<li data-start=\"796\" data-end=\"820\">\n<p data-start=\"798\" data-end=\"820\">So\u011fuk t\u00fcketilmelidir<\/p>\n<\/li>\n<li data-start=\"821\" data-end=\"852\">\n<p data-start=\"823\" data-end=\"852\">Kullan\u0131\u015fl\u0131 tekrar kapat\u0131labilir \u015fi\u015fe<\/p>\n<\/li>\n<\/ul>\n","protected":false},"excerpt":{"rendered":"<p>Fanta Tropical 1,5L \u2013 egzotik bir serinlik i\u00e7in tropikal aromal\u0131 k\u00f6p\u00fckl\u00fc ve meyveli gazoz.<\/p>\n","protected":false},"featured_media":17997,"comment_status":"open","ping_status":"closed","template":"","meta":{"iawp_total_views":0},"product_brand":[214],"product_cat":[228,229,225],"product_tag":[],"class_list":{"0":"post-17996","1":"product","2":"type-product","3":"status-publish","4":"has-post-thumbnail","6":"product_brand-fanta","7":"product_cat-icecekler","8":"product_cat-soguk-icecek","9":"product_cat-tum-urunlerimiz","11":"first","12":"instock","13":"shipping-taxable","14":"purchasable","15":"product-type-simple"},"yoast_head":"<!-- This site is optimized with the Yoast SEO plugin v27.3 - https:\/\/yoast.com\/product\/yoast-seo-wordpress\/ -->\n<title>Fanta Tropical 1,5 L \u2013 Egzotik Aromal\u0131 Gazl\u0131 \u0130\u00e7ecek - hakmarfrance.online<\/title>\n<meta name=\"robots\" content=\"index, follow, max-snippet:-1, max-image-preview:large, max-video-preview:-1\" \/>\n<link rel=\"canonical\" href=\"https:\/\/hakmarfrance.online\/tr\/produit\/fanta-tropical-15-l-egzotik-aromali-gazli-icecek\/\" \/>\n<meta property=\"og:locale\" content=\"tr_TR\" \/>\n<meta property=\"og:type\" content=\"article\" \/>\n<meta property=\"og:title\" content=\"Fanta Tropical 1,5 L \u2013 Egzotik Aromal\u0131 Gazl\u0131 \u0130\u00e7ecek - hakmarfrance.online\" \/>\n<meta property=\"og:description\" content=\"Fanta Tropical 1,5L \u2013 egzotik bir serinlik i\u00e7in tropikal aromal\u0131 k\u00f6p\u00fckl\u00fc ve meyveli gazoz.\" \/>\n<meta property=\"og:url\" content=\"https:\/\/hakmarfrance.online\/tr\/produit\/fanta-tropical-15-l-egzotik-aromali-gazli-icecek\/\" \/>\n<meta property=\"og:site_name\" content=\"hakmarfrance.online\" \/>\n<meta property=\"article:publisher\" content=\"https:\/\/www.facebook.com\/HakmarFranceSupermarche\/?locale=fr_FR\" \/>\n<meta property=\"og:image\" content=\"https:\/\/hakmarfrance.online\/wp-content\/uploads\/2025\/07\/fanta-tropical-1-5l.avif\" \/>\n\t<meta property=\"og:image:width\" content=\"1000\" \/>\n\t<meta property=\"og:image:height\" content=\"800\" \/>\n\t<meta property=\"og:image:type\" content=\"image\/png\" \/>\n<meta name=\"twitter:card\" content=\"summary_large_image\" \/>\n<script type=\"application\/ld+json\" class=\"yoast-schema-graph\">{\"@context\":\"https:\\\/\\\/schema.org\",\"@graph\":[{\"@type\":\"WebPage\",\"@id\":\"https:\\\/\\\/hakmarfrance.online\\\/tr\\\/produit\\\/fanta-tropical-15-l-egzotik-aromali-gazli-icecek\\\/\",\"url\":\"https:\\\/\\\/hakmarfrance.online\\\/tr\\\/produit\\\/fanta-tropical-15-l-egzotik-aromali-gazli-icecek\\\/\",\"name\":\"Fanta Tropical 1,5 L \u2013 Egzotik Aromal\u0131 Gazl\u0131 \u0130\u00e7ecek - hakmarfrance.online\",\"isPartOf\":{\"@id\":\"https:\\\/\\\/hakmarfrance.online\\\/tr\\\/#website\"},\"primaryImageOfPage\":{\"@id\":\"https:\\\/\\\/hakmarfrance.online\\\/tr\\\/produit\\\/fanta-tropical-15-l-egzotik-aromali-gazli-icecek\\\/#primaryimage\"},\"image\":{\"@id\":\"https:\\\/\\\/hakmarfrance.online\\\/tr\\\/produit\\\/fanta-tropical-15-l-egzotik-aromali-gazli-icecek\\\/#primaryimage\"},\"thumbnailUrl\":\"https:\\\/\\\/hakmarfrance.online\\\/wp-content\\\/uploads\\\/2025\\\/07\\\/fanta-tropical-1-5l.avif\",\"datePublished\":\"2025-07-09T11:15:18+00:00\",\"breadcrumb\":{\"@id\":\"https:\\\/\\\/hakmarfrance.online\\\/tr\\\/produit\\\/fanta-tropical-15-l-egzotik-aromali-gazli-icecek\\\/#breadcrumb\"},\"inLanguage\":\"tr-TR\",\"potentialAction\":[{\"@type\":\"ReadAction\",\"target\":[\"https:\\\/\\\/hakmarfrance.online\\\/tr\\\/produit\\\/fanta-tropical-15-l-egzotik-aromali-gazli-icecek\\\/\"]}]},{\"@type\":\"ImageObject\",\"inLanguage\":\"tr-TR\",\"@id\":\"https:\\\/\\\/hakmarfrance.online\\\/tr\\\/produit\\\/fanta-tropical-15-l-egzotik-aromali-gazli-icecek\\\/#primaryimage\",\"url\":\"https:\\\/\\\/hakmarfrance.online\\\/wp-content\\\/uploads\\\/2025\\\/07\\\/fanta-tropical-1-5l.avif\",\"contentUrl\":\"https:\\\/\\\/hakmarfrance.online\\\/wp-content\\\/uploads\\\/2025\\\/07\\\/fanta-tropical-1-5l.avif\",\"width\":1000,\"height\":800,\"caption\":\"Fanta Tropical \u2013 1,5 L \u015fi\u015fede meyveli gazl\u0131 i\u00e7ecek\"},{\"@type\":\"BreadcrumbList\",\"@id\":\"https:\\\/\\\/hakmarfrance.online\\\/tr\\\/produit\\\/fanta-tropical-15-l-egzotik-aromali-gazli-icecek\\\/#breadcrumb\",\"itemListElement\":[{\"@type\":\"ListItem\",\"position\":1,\"name\":\"Accueil\",\"item\":\"https:\\\/\\\/hakmarfrance.online\\\/tr\\\/\"},{\"@type\":\"ListItem\",\"position\":2,\"name\":\"Ma\u011faza\",\"item\":\"https:\\\/\\\/hakmarfrance.online\\\/tr\\\/magaza\\\/\"},{\"@type\":\"ListItem\",\"position\":3,\"name\":\"Fanta Tropical 1,5 L \u2013 Egzotik Aromal\u0131 Gazl\u0131 \u0130\u00e7ecek\"}]},{\"@type\":\"WebSite\",\"@id\":\"https:\\\/\\\/hakmarfrance.online\\\/tr\\\/#website\",\"url\":\"https:\\\/\\\/hakmarfrance.online\\\/tr\\\/\",\"name\":\"hakmarfrance.online\",\"description\":\"\",\"publisher\":{\"@id\":\"https:\\\/\\\/hakmarfrance.online\\\/tr\\\/#organization\"},\"potentialAction\":[{\"@type\":\"SearchAction\",\"target\":{\"@type\":\"EntryPoint\",\"urlTemplate\":\"https:\\\/\\\/hakmarfrance.online\\\/tr\\\/?s={search_term_string}\"},\"query-input\":{\"@type\":\"PropertyValueSpecification\",\"valueRequired\":true,\"valueName\":\"search_term_string\"}}],\"inLanguage\":\"tr-TR\"},{\"@type\":\"Organization\",\"@id\":\"https:\\\/\\\/hakmarfrance.online\\\/tr\\\/#organization\",\"name\":\"hakmarfrance.online\",\"url\":\"https:\\\/\\\/hakmarfrance.online\\\/tr\\\/\",\"logo\":{\"@type\":\"ImageObject\",\"inLanguage\":\"tr-TR\",\"@id\":\"https:\\\/\\\/hakmarfrance.online\\\/tr\\\/#\\\/schema\\\/logo\\\/image\\\/\",\"url\":\"https:\\\/\\\/hakmarfrance.online\\\/wp-content\\\/uploads\\\/2025\\\/06\\\/logo-hakmarfrance.png\",\"contentUrl\":\"https:\\\/\\\/hakmarfrance.online\\\/wp-content\\\/uploads\\\/2025\\\/06\\\/logo-hakmarfrance.png\",\"width\":528,\"height\":232,\"caption\":\"hakmarfrance.online\"},\"image\":{\"@id\":\"https:\\\/\\\/hakmarfrance.online\\\/tr\\\/#\\\/schema\\\/logo\\\/image\\\/\"},\"sameAs\":[\"https:\\\/\\\/www.facebook.com\\\/HakmarFranceSupermarche\\\/?locale=fr_FR\",\"https:\\\/\\\/www.instagram.com\\\/hakmarfrancesupermarche\\\/\"]}]}<\/script>\n<!-- \/ Yoast SEO plugin. -->","yoast_head_json":{"title":"Fanta Tropical 1,5 L \u2013 Egzotik Aromal\u0131 Gazl\u0131 \u0130\u00e7ecek - hakmarfrance.online","robots":{"index":"index","follow":"follow","max-snippet":"max-snippet:-1","max-image-preview":"max-image-preview:large","max-video-preview":"max-video-preview:-1"},"canonical":"https:\/\/hakmarfrance.online\/tr\/produit\/fanta-tropical-15-l-egzotik-aromali-gazli-icecek\/","og_locale":"tr_TR","og_type":"article","og_title":"Fanta Tropical 1,5 L \u2013 Egzotik Aromal\u0131 Gazl\u0131 \u0130\u00e7ecek - hakmarfrance.online","og_description":"Fanta Tropical 1,5L \u2013 egzotik bir serinlik i\u00e7in tropikal aromal\u0131 k\u00f6p\u00fckl\u00fc ve meyveli gazoz.","og_url":"https:\/\/hakmarfrance.online\/tr\/produit\/fanta-tropical-15-l-egzotik-aromali-gazli-icecek\/","og_site_name":"hakmarfrance.online","article_publisher":"https:\/\/www.facebook.com\/HakmarFranceSupermarche\/?locale=fr_FR","og_image":[{"width":1000,"height":800,"url":"https:\/\/hakmarfrance.online\/wp-content\/uploads\/2025\/07\/fanta-tropical-1-5l.avif","type":"image\/png"}],"twitter_card":"summary_large_image","schema":{"@context":"https:\/\/schema.org","@graph":[{"@type":"WebPage","@id":"https:\/\/hakmarfrance.online\/tr\/produit\/fanta-tropical-15-l-egzotik-aromali-gazli-icecek\/","url":"https:\/\/hakmarfrance.online\/tr\/produit\/fanta-tropical-15-l-egzotik-aromali-gazli-icecek\/","name":"Fanta Tropical 1,5 L \u2013 Egzotik Aromal\u0131 Gazl\u0131 \u0130\u00e7ecek - hakmarfrance.online","isPartOf":{"@id":"https:\/\/hakmarfrance.online\/tr\/#website"},"primaryImageOfPage":{"@id":"https:\/\/hakmarfrance.online\/tr\/produit\/fanta-tropical-15-l-egzotik-aromali-gazli-icecek\/#primaryimage"},"image":{"@id":"https:\/\/hakmarfrance.online\/tr\/produit\/fanta-tropical-15-l-egzotik-aromali-gazli-icecek\/#primaryimage"},"thumbnailUrl":"https:\/\/hakmarfrance.online\/wp-content\/uploads\/2025\/07\/fanta-tropical-1-5l.avif","datePublished":"2025-07-09T11:15:18+00:00","breadcrumb":{"@id":"https:\/\/hakmarfrance.online\/tr\/produit\/fanta-tropical-15-l-egzotik-aromali-gazli-icecek\/#breadcrumb"},"inLanguage":"tr-TR","potentialAction":[{"@type":"ReadAction","target":["https:\/\/hakmarfrance.online\/tr\/produit\/fanta-tropical-15-l-egzotik-aromali-gazli-icecek\/"]}]},{"@type":"ImageObject","inLanguage":"tr-TR","@id":"https:\/\/hakmarfrance.online\/tr\/produit\/fanta-tropical-15-l-egzotik-aromali-gazli-icecek\/#primaryimage","url":"https:\/\/hakmarfrance.online\/wp-content\/uploads\/2025\/07\/fanta-tropical-1-5l.avif","contentUrl":"https:\/\/hakmarfrance.online\/wp-content\/uploads\/2025\/07\/fanta-tropical-1-5l.avif","width":1000,"height":800,"caption":"Fanta Tropical \u2013 1,5 L \u015fi\u015fede meyveli gazl\u0131 i\u00e7ecek"},{"@type":"BreadcrumbList","@id":"https:\/\/hakmarfrance.online\/tr\/produit\/fanta-tropical-15-l-egzotik-aromali-gazli-icecek\/#breadcrumb","itemListElement":[{"@type":"ListItem","position":1,"name":"Accueil","item":"https:\/\/hakmarfrance.online\/tr\/"},{"@type":"ListItem","position":2,"name":"Ma\u011faza","item":"https:\/\/hakmarfrance.online\/tr\/magaza\/"},{"@type":"ListItem","position":3,"name":"Fanta Tropical 1,5 L \u2013 Egzotik Aromal\u0131 Gazl\u0131 \u0130\u00e7ecek"}]},{"@type":"WebSite","@id":"https:\/\/hakmarfrance.online\/tr\/#website","url":"https:\/\/hakmarfrance.online\/tr\/","name":"hakmarfrance.online","description":"","publisher":{"@id":"https:\/\/hakmarfrance.online\/tr\/#organization"},"potentialAction":[{"@type":"SearchAction","target":{"@type":"EntryPoint","urlTemplate":"https:\/\/hakmarfrance.online\/tr\/?s={search_term_string}"},"query-input":{"@type":"PropertyValueSpecification","valueRequired":true,"valueName":"search_term_string"}}],"inLanguage":"tr-TR"},{"@type":"Organization","@id":"https:\/\/hakmarfrance.online\/tr\/#organization","name":"hakmarfrance.online","url":"https:\/\/hakmarfrance.online\/tr\/","logo":{"@type":"ImageObject","inLanguage":"tr-TR","@id":"https:\/\/hakmarfrance.online\/tr\/#\/schema\/logo\/image\/","url":"https:\/\/hakmarfrance.online\/wp-content\/uploads\/2025\/06\/logo-hakmarfrance.png","contentUrl":"https:\/\/hakmarfrance.online\/wp-content\/uploads\/2025\/06\/logo-hakmarfrance.png","width":528,"height":232,"caption":"hakmarfrance.online"},"image":{"@id":"https:\/\/hakmarfrance.online\/tr\/#\/schema\/logo\/image\/"},"sameAs":["https:\/\/www.facebook.com\/HakmarFranceSupermarche\/?locale=fr_FR","https:\/\/www.instagram.com\/hakmarfrancesupermarche\/"]}]}},"_links":{"self":[{"href":"https:\/\/hakmarfrance.online\/tr\/wp-json\/wp\/v2\/product\/17996","targetHints":{"allow":["GET"]}}],"collection":[{"href":"https:\/\/hakmarfrance.online\/tr\/wp-json\/wp\/v2\/product"}],"about":[{"href":"https:\/\/hakmarfrance.online\/tr\/wp-json\/wp\/v2\/types\/product"}],"replies":[{"embeddable":true,"href":"https:\/\/hakmarfrance.online\/tr\/wp-json\/wp\/v2\/comments?post=17996"}],"version-history":[{"count":0,"href":"https:\/\/hakmarfrance.online\/tr\/wp-json\/wp\/v2\/product\/17996\/revisions"}],"wp:featuredmedia":[{"embeddable":true,"href":"https:\/\/hakmarfrance.online\/tr\/wp-json\/wp\/v2\/media\/17997"}],"wp:attachment":[{"href":"https:\/\/hakmarfrance.online\/tr\/wp-json\/wp\/v2\/media?parent=17996"}],"wp:term":[{"taxonomy":"product_brand","embeddable":true,"href":"https:\/\/hakmarfrance.online\/tr\/wp-json\/wp\/v2\/product_brand?post=17996"},{"taxonomy":"product_cat","embeddable":true,"href":"https:\/\/hakmarfrance.online\/tr\/wp-json\/wp\/v2\/product_cat?post=17996"},{"taxonomy":"product_tag","embeddable":true,"href":"https:\/\/hakmarfrance.online\/tr\/wp-json\/wp\/v2\/product_tag?post=17996"}],"curies":[{"name":"wp","href":"https:\/\/api.w.org\/{rel}","templated":true}]}}