{"id":17998,"date":"2025-07-09T11:20:56","date_gmt":"2025-07-09T11:20:56","guid":{"rendered":"https:\/\/hakmarfrance.online\/produit\/lipton-ice-tea-seftali-aromali-125-l-dusuk-kalorili-soguk-cay\/"},"modified":"2025-07-09T11:20:56","modified_gmt":"2025-07-09T11:20:56","slug":"lipton-ice-tea-seftali-aromali-125-l-dusuk-kalorili-soguk-cay","status":"publish","type":"product","link":"https:\/\/hakmarfrance.online\/tr\/produit\/lipton-ice-tea-seftali-aromali-125-l-dusuk-kalorili-soguk-cay\/","title":{"rendered":"Lipton Ice Tea \u015eeftali Aromal\u0131 1,25 L \u2013 D\u00fc\u015f\u00fck Kalorili So\u011fuk \u00c7ay"},"content":{"rendered":"<p data-start=\"247\" data-end=\"593\"><strong data-start=\"330\" data-end=\"366\">Lipton Ice Tea \u015eeftali Aromal\u0131 1,25L<\/strong> ile serinleyin. Bu meyveli so\u011fuk \u00e7ay, d\u00fc\u015f\u00fck kalorili ve lezzetli bir ferahlat\u0131c\u0131 tada sahip. Yemeklerinize e\u015flik etmek veya serinletici bir mola i\u00e7in ideal olan bu so\u011fuk \u00e7ay, demlenmi\u015f siyah \u00e7ay\u0131n tad\u0131n\u0131 \u015feftalinin do\u011fal tatl\u0131l\u0131\u011f\u0131yla birle\u015ftirir. <\/p>\n<p data-start=\"595\" data-end=\"631\">\u2705 <strong data-start=\"597\" data-end=\"631\">Ana \u00f6zellikler:<\/strong><\/p>\n<ul data-start=\"632\" data-end=\"777\">\n<li data-start=\"632\" data-end=\"656\">\n<p data-start=\"634\" data-end=\"656\">Lezzetli \u015feftali aromas\u0131<\/p>\n<\/li>\n<li data-start=\"657\" data-end=\"692\">\n<p data-start=\"659\" data-end=\"692\">Demlenmi\u015f siyah \u00e7ay bazl\u0131 i\u00e7ecek<\/p>\n<\/li>\n<li data-start=\"693\" data-end=\"713\">\n<p data-start=\"695\" data-end=\"713\">D\u00fc\u015f\u00fck kalorili<\/p>\n<\/li>\n<li data-start=\"714\" data-end=\"752\">\n<p data-start=\"716\" data-end=\"752\">1,25 L \u015fi\u015fe \u2013 aile boyu<\/p>\n<\/li>\n<li data-start=\"753\" data-end=\"777\">\n<p data-start=\"755\" data-end=\"777\">\u00c7ok so\u011fuk t\u00fcketilmelidir<\/p>\n<\/li>\n<\/ul>\n","protected":false},"excerpt":{"rendered":"<p>Lipton Ice Tea \u015eeftali 1,5L \u2013 sa\u011fl\u0131kl\u0131 bir \u015fekilde serinlemek i\u00e7in m\u00fckemmel, lezzetli \u015feftali aromal\u0131 ferahlat\u0131c\u0131 so\u011fuk \u00e7ay.<\/p>\n","protected":false},"featured_media":17999,"comment_status":"open","ping_status":"closed","template":"","meta":{"iawp_total_views":0},"product_brand":[215],"product_cat":[228,229,225],"product_tag":[],"class_list":{"0":"post-17998","1":"product","2":"type-product","3":"status-publish","4":"has-post-thumbnail","6":"product_brand-lipton","7":"product_cat-icecekler","8":"product_cat-soguk-icecek","9":"product_cat-tum-urunlerimiz","11":"first","12":"instock","13":"shipping-taxable","14":"purchasable","15":"product-type-simple"},"yoast_head":"<!-- This site is optimized with the Yoast SEO plugin v27.3 - https:\/\/yoast.com\/product\/yoast-seo-wordpress\/ -->\n<title>Lipton Ice Tea \u015eeftali Aromal\u0131 1,25 L \u2013 D\u00fc\u015f\u00fck Kalorili So\u011fuk \u00c7ay - hakmarfrance.online<\/title>\n<meta name=\"robots\" content=\"index, follow, max-snippet:-1, max-image-preview:large, max-video-preview:-1\" \/>\n<link rel=\"canonical\" href=\"https:\/\/hakmarfrance.online\/tr\/produit\/lipton-ice-tea-seftali-aromali-125-l-dusuk-kalorili-soguk-cay\/\" \/>\n<meta property=\"og:locale\" content=\"tr_TR\" \/>\n<meta property=\"og:type\" content=\"article\" \/>\n<meta property=\"og:title\" content=\"Lipton Ice Tea \u015eeftali Aromal\u0131 1,25 L \u2013 D\u00fc\u015f\u00fck Kalorili So\u011fuk \u00c7ay - hakmarfrance.online\" \/>\n<meta property=\"og:description\" content=\"Lipton Ice Tea \u015eeftali 1,5L \u2013 sa\u011fl\u0131kl\u0131 bir \u015fekilde serinlemek i\u00e7in m\u00fckemmel, lezzetli \u015feftali aromal\u0131 ferahlat\u0131c\u0131 so\u011fuk \u00e7ay.\" \/>\n<meta property=\"og:url\" content=\"https:\/\/hakmarfrance.online\/tr\/produit\/lipton-ice-tea-seftali-aromali-125-l-dusuk-kalorili-soguk-cay\/\" \/>\n<meta property=\"og:site_name\" content=\"hakmarfrance.online\" \/>\n<meta property=\"article:publisher\" content=\"https:\/\/www.facebook.com\/HakmarFranceSupermarche\/?locale=fr_FR\" \/>\n<meta property=\"og:image\" content=\"https:\/\/hakmarfrance.online\/wp-content\/uploads\/2025\/07\/lipton-ice-tea-peche-1-5l.avif\" \/>\n\t<meta property=\"og:image:width\" content=\"1000\" \/>\n\t<meta property=\"og:image:height\" content=\"800\" \/>\n\t<meta property=\"og:image:type\" content=\"image\/png\" \/>\n<meta name=\"twitter:card\" content=\"summary_large_image\" \/>\n<script type=\"application\/ld+json\" class=\"yoast-schema-graph\">{\"@context\":\"https:\\\/\\\/schema.org\",\"@graph\":[{\"@type\":\"WebPage\",\"@id\":\"https:\\\/\\\/hakmarfrance.online\\\/tr\\\/produit\\\/lipton-ice-tea-seftali-aromali-125-l-dusuk-kalorili-soguk-cay\\\/\",\"url\":\"https:\\\/\\\/hakmarfrance.online\\\/tr\\\/produit\\\/lipton-ice-tea-seftali-aromali-125-l-dusuk-kalorili-soguk-cay\\\/\",\"name\":\"Lipton Ice Tea \u015eeftali Aromal\u0131 1,25 L \u2013 D\u00fc\u015f\u00fck Kalorili So\u011fuk \u00c7ay - hakmarfrance.online\",\"isPartOf\":{\"@id\":\"https:\\\/\\\/hakmarfrance.online\\\/tr\\\/#website\"},\"primaryImageOfPage\":{\"@id\":\"https:\\\/\\\/hakmarfrance.online\\\/tr\\\/produit\\\/lipton-ice-tea-seftali-aromali-125-l-dusuk-kalorili-soguk-cay\\\/#primaryimage\"},\"image\":{\"@id\":\"https:\\\/\\\/hakmarfrance.online\\\/tr\\\/produit\\\/lipton-ice-tea-seftali-aromali-125-l-dusuk-kalorili-soguk-cay\\\/#primaryimage\"},\"thumbnailUrl\":\"https:\\\/\\\/hakmarfrance.online\\\/wp-content\\\/uploads\\\/2025\\\/07\\\/lipton-ice-tea-peche-1-5l.avif\",\"datePublished\":\"2025-07-09T11:20:56+00:00\",\"breadcrumb\":{\"@id\":\"https:\\\/\\\/hakmarfrance.online\\\/tr\\\/produit\\\/lipton-ice-tea-seftali-aromali-125-l-dusuk-kalorili-soguk-cay\\\/#breadcrumb\"},\"inLanguage\":\"tr-TR\",\"potentialAction\":[{\"@type\":\"ReadAction\",\"target\":[\"https:\\\/\\\/hakmarfrance.online\\\/tr\\\/produit\\\/lipton-ice-tea-seftali-aromali-125-l-dusuk-kalorili-soguk-cay\\\/\"]}]},{\"@type\":\"ImageObject\",\"inLanguage\":\"tr-TR\",\"@id\":\"https:\\\/\\\/hakmarfrance.online\\\/tr\\\/produit\\\/lipton-ice-tea-seftali-aromali-125-l-dusuk-kalorili-soguk-cay\\\/#primaryimage\",\"url\":\"https:\\\/\\\/hakmarfrance.online\\\/wp-content\\\/uploads\\\/2025\\\/07\\\/lipton-ice-tea-peche-1-5l.avif\",\"contentUrl\":\"https:\\\/\\\/hakmarfrance.online\\\/wp-content\\\/uploads\\\/2025\\\/07\\\/lipton-ice-tea-peche-1-5l.avif\",\"width\":1000,\"height\":800,\"caption\":\"Lipton Ice Tea \u015eeftali \u2013 Siyah \u00e7ay ve \u015feftali aromal\u0131 ferahlat\u0131c\u0131 i\u00e7ecek\"},{\"@type\":\"BreadcrumbList\",\"@id\":\"https:\\\/\\\/hakmarfrance.online\\\/tr\\\/produit\\\/lipton-ice-tea-seftali-aromali-125-l-dusuk-kalorili-soguk-cay\\\/#breadcrumb\",\"itemListElement\":[{\"@type\":\"ListItem\",\"position\":1,\"name\":\"Accueil\",\"item\":\"https:\\\/\\\/hakmarfrance.online\\\/tr\\\/\"},{\"@type\":\"ListItem\",\"position\":2,\"name\":\"Ma\u011faza\",\"item\":\"https:\\\/\\\/hakmarfrance.online\\\/tr\\\/magaza\\\/\"},{\"@type\":\"ListItem\",\"position\":3,\"name\":\"Lipton Ice Tea \u015eeftali Aromal\u0131 1,25 L \u2013 D\u00fc\u015f\u00fck Kalorili So\u011fuk \u00c7ay\"}]},{\"@type\":\"WebSite\",\"@id\":\"https:\\\/\\\/hakmarfrance.online\\\/tr\\\/#website\",\"url\":\"https:\\\/\\\/hakmarfrance.online\\\/tr\\\/\",\"name\":\"hakmarfrance.online\",\"description\":\"\",\"publisher\":{\"@id\":\"https:\\\/\\\/hakmarfrance.online\\\/tr\\\/#organization\"},\"potentialAction\":[{\"@type\":\"SearchAction\",\"target\":{\"@type\":\"EntryPoint\",\"urlTemplate\":\"https:\\\/\\\/hakmarfrance.online\\\/tr\\\/?s={search_term_string}\"},\"query-input\":{\"@type\":\"PropertyValueSpecification\",\"valueRequired\":true,\"valueName\":\"search_term_string\"}}],\"inLanguage\":\"tr-TR\"},{\"@type\":\"Organization\",\"@id\":\"https:\\\/\\\/hakmarfrance.online\\\/tr\\\/#organization\",\"name\":\"hakmarfrance.online\",\"url\":\"https:\\\/\\\/hakmarfrance.online\\\/tr\\\/\",\"logo\":{\"@type\":\"ImageObject\",\"inLanguage\":\"tr-TR\",\"@id\":\"https:\\\/\\\/hakmarfrance.online\\\/tr\\\/#\\\/schema\\\/logo\\\/image\\\/\",\"url\":\"https:\\\/\\\/hakmarfrance.online\\\/wp-content\\\/uploads\\\/2025\\\/06\\\/logo-hakmarfrance.png\",\"contentUrl\":\"https:\\\/\\\/hakmarfrance.online\\\/wp-content\\\/uploads\\\/2025\\\/06\\\/logo-hakmarfrance.png\",\"width\":528,\"height\":232,\"caption\":\"hakmarfrance.online\"},\"image\":{\"@id\":\"https:\\\/\\\/hakmarfrance.online\\\/tr\\\/#\\\/schema\\\/logo\\\/image\\\/\"},\"sameAs\":[\"https:\\\/\\\/www.facebook.com\\\/HakmarFranceSupermarche\\\/?locale=fr_FR\",\"https:\\\/\\\/www.instagram.com\\\/hakmarfrancesupermarche\\\/\"]}]}<\/script>\n<!-- \/ Yoast SEO plugin. -->","yoast_head_json":{"title":"Lipton Ice Tea \u015eeftali Aromal\u0131 1,25 L \u2013 D\u00fc\u015f\u00fck Kalorili So\u011fuk \u00c7ay - hakmarfrance.online","robots":{"index":"index","follow":"follow","max-snippet":"max-snippet:-1","max-image-preview":"max-image-preview:large","max-video-preview":"max-video-preview:-1"},"canonical":"https:\/\/hakmarfrance.online\/tr\/produit\/lipton-ice-tea-seftali-aromali-125-l-dusuk-kalorili-soguk-cay\/","og_locale":"tr_TR","og_type":"article","og_title":"Lipton Ice Tea \u015eeftali Aromal\u0131 1,25 L \u2013 D\u00fc\u015f\u00fck Kalorili So\u011fuk \u00c7ay - hakmarfrance.online","og_description":"Lipton Ice Tea \u015eeftali 1,5L \u2013 sa\u011fl\u0131kl\u0131 bir \u015fekilde serinlemek i\u00e7in m\u00fckemmel, lezzetli \u015feftali aromal\u0131 ferahlat\u0131c\u0131 so\u011fuk \u00e7ay.","og_url":"https:\/\/hakmarfrance.online\/tr\/produit\/lipton-ice-tea-seftali-aromali-125-l-dusuk-kalorili-soguk-cay\/","og_site_name":"hakmarfrance.online","article_publisher":"https:\/\/www.facebook.com\/HakmarFranceSupermarche\/?locale=fr_FR","og_image":[{"width":1000,"height":800,"url":"https:\/\/hakmarfrance.online\/wp-content\/uploads\/2025\/07\/lipton-ice-tea-peche-1-5l.avif","type":"image\/png"}],"twitter_card":"summary_large_image","schema":{"@context":"https:\/\/schema.org","@graph":[{"@type":"WebPage","@id":"https:\/\/hakmarfrance.online\/tr\/produit\/lipton-ice-tea-seftali-aromali-125-l-dusuk-kalorili-soguk-cay\/","url":"https:\/\/hakmarfrance.online\/tr\/produit\/lipton-ice-tea-seftali-aromali-125-l-dusuk-kalorili-soguk-cay\/","name":"Lipton Ice Tea \u015eeftali Aromal\u0131 1,25 L \u2013 D\u00fc\u015f\u00fck Kalorili So\u011fuk \u00c7ay - hakmarfrance.online","isPartOf":{"@id":"https:\/\/hakmarfrance.online\/tr\/#website"},"primaryImageOfPage":{"@id":"https:\/\/hakmarfrance.online\/tr\/produit\/lipton-ice-tea-seftali-aromali-125-l-dusuk-kalorili-soguk-cay\/#primaryimage"},"image":{"@id":"https:\/\/hakmarfrance.online\/tr\/produit\/lipton-ice-tea-seftali-aromali-125-l-dusuk-kalorili-soguk-cay\/#primaryimage"},"thumbnailUrl":"https:\/\/hakmarfrance.online\/wp-content\/uploads\/2025\/07\/lipton-ice-tea-peche-1-5l.avif","datePublished":"2025-07-09T11:20:56+00:00","breadcrumb":{"@id":"https:\/\/hakmarfrance.online\/tr\/produit\/lipton-ice-tea-seftali-aromali-125-l-dusuk-kalorili-soguk-cay\/#breadcrumb"},"inLanguage":"tr-TR","potentialAction":[{"@type":"ReadAction","target":["https:\/\/hakmarfrance.online\/tr\/produit\/lipton-ice-tea-seftali-aromali-125-l-dusuk-kalorili-soguk-cay\/"]}]},{"@type":"ImageObject","inLanguage":"tr-TR","@id":"https:\/\/hakmarfrance.online\/tr\/produit\/lipton-ice-tea-seftali-aromali-125-l-dusuk-kalorili-soguk-cay\/#primaryimage","url":"https:\/\/hakmarfrance.online\/wp-content\/uploads\/2025\/07\/lipton-ice-tea-peche-1-5l.avif","contentUrl":"https:\/\/hakmarfrance.online\/wp-content\/uploads\/2025\/07\/lipton-ice-tea-peche-1-5l.avif","width":1000,"height":800,"caption":"Lipton Ice Tea \u015eeftali \u2013 Siyah \u00e7ay ve \u015feftali aromal\u0131 ferahlat\u0131c\u0131 i\u00e7ecek"},{"@type":"BreadcrumbList","@id":"https:\/\/hakmarfrance.online\/tr\/produit\/lipton-ice-tea-seftali-aromali-125-l-dusuk-kalorili-soguk-cay\/#breadcrumb","itemListElement":[{"@type":"ListItem","position":1,"name":"Accueil","item":"https:\/\/hakmarfrance.online\/tr\/"},{"@type":"ListItem","position":2,"name":"Ma\u011faza","item":"https:\/\/hakmarfrance.online\/tr\/magaza\/"},{"@type":"ListItem","position":3,"name":"Lipton Ice Tea \u015eeftali Aromal\u0131 1,25 L \u2013 D\u00fc\u015f\u00fck Kalorili So\u011fuk \u00c7ay"}]},{"@type":"WebSite","@id":"https:\/\/hakmarfrance.online\/tr\/#website","url":"https:\/\/hakmarfrance.online\/tr\/","name":"hakmarfrance.online","description":"","publisher":{"@id":"https:\/\/hakmarfrance.online\/tr\/#organization"},"potentialAction":[{"@type":"SearchAction","target":{"@type":"EntryPoint","urlTemplate":"https:\/\/hakmarfrance.online\/tr\/?s={search_term_string}"},"query-input":{"@type":"PropertyValueSpecification","valueRequired":true,"valueName":"search_term_string"}}],"inLanguage":"tr-TR"},{"@type":"Organization","@id":"https:\/\/hakmarfrance.online\/tr\/#organization","name":"hakmarfrance.online","url":"https:\/\/hakmarfrance.online\/tr\/","logo":{"@type":"ImageObject","inLanguage":"tr-TR","@id":"https:\/\/hakmarfrance.online\/tr\/#\/schema\/logo\/image\/","url":"https:\/\/hakmarfrance.online\/wp-content\/uploads\/2025\/06\/logo-hakmarfrance.png","contentUrl":"https:\/\/hakmarfrance.online\/wp-content\/uploads\/2025\/06\/logo-hakmarfrance.png","width":528,"height":232,"caption":"hakmarfrance.online"},"image":{"@id":"https:\/\/hakmarfrance.online\/tr\/#\/schema\/logo\/image\/"},"sameAs":["https:\/\/www.facebook.com\/HakmarFranceSupermarche\/?locale=fr_FR","https:\/\/www.instagram.com\/hakmarfrancesupermarche\/"]}]}},"_links":{"self":[{"href":"https:\/\/hakmarfrance.online\/tr\/wp-json\/wp\/v2\/product\/17998","targetHints":{"allow":["GET"]}}],"collection":[{"href":"https:\/\/hakmarfrance.online\/tr\/wp-json\/wp\/v2\/product"}],"about":[{"href":"https:\/\/hakmarfrance.online\/tr\/wp-json\/wp\/v2\/types\/product"}],"replies":[{"embeddable":true,"href":"https:\/\/hakmarfrance.online\/tr\/wp-json\/wp\/v2\/comments?post=17998"}],"version-history":[{"count":0,"href":"https:\/\/hakmarfrance.online\/tr\/wp-json\/wp\/v2\/product\/17998\/revisions"}],"wp:featuredmedia":[{"embeddable":true,"href":"https:\/\/hakmarfrance.online\/tr\/wp-json\/wp\/v2\/media\/17999"}],"wp:attachment":[{"href":"https:\/\/hakmarfrance.online\/tr\/wp-json\/wp\/v2\/media?parent=17998"}],"wp:term":[{"taxonomy":"product_brand","embeddable":true,"href":"https:\/\/hakmarfrance.online\/tr\/wp-json\/wp\/v2\/product_brand?post=17998"},{"taxonomy":"product_cat","embeddable":true,"href":"https:\/\/hakmarfrance.online\/tr\/wp-json\/wp\/v2\/product_cat?post=17998"},{"taxonomy":"product_tag","embeddable":true,"href":"https:\/\/hakmarfrance.online\/tr\/wp-json\/wp\/v2\/product_tag?post=17998"}],"curies":[{"name":"wp","href":"https:\/\/api.w.org\/{rel}","templated":true}]}}