{"id":18008,"date":"2025-07-09T07:06:15","date_gmt":"2025-07-09T07:06:15","guid":{"rendered":"https:\/\/hakmarfrance.online\/produit\/monster-pipeline-punch-egzotik-meyveli-enerji-icecegi-500ml\/"},"modified":"2025-07-09T07:06:15","modified_gmt":"2025-07-09T07:06:15","slug":"monster-pipeline-punch-egzotik-meyveli-enerji-icecegi-500ml","status":"publish","type":"product","link":"https:\/\/hakmarfrance.online\/tr\/produit\/monster-pipeline-punch-egzotik-meyveli-enerji-icecegi-500ml\/","title":{"rendered":"Monster Pipeline Punch \u2013 Egzotik Meyveli Enerji \u0130\u00e7ece\u011fi \u2013 500ml"},"content":{"rendered":"","protected":false},"excerpt":{"rendered":"<p data-start=\"354\" data-end=\"629\">Enerji ve lezzetle dolun <strong data-start=\"399\" data-end=\"425\">Monster Pipeline Punch<\/strong> ile, guava, portakal ve \u00e7ark\u0131felek meyvesi kar\u0131\u015f\u0131m\u0131 egzotik meyve patlamas\u0131. Yo\u011fun g\u00fcnler veya uzun geceler i\u00e7in ideal olan bu ikonik pembe tasar\u0131ml\u0131 i\u00e7ecek, size tarzla enerji verir. <\/p>\n<p data-start=\"631\" data-end=\"875\">\u2714\ufe0f Meyveli ve tropikal tat (guava, portakal, \u00e7ark\u0131felek)<br data-start=\"683\" data-end=\"686\">\u2714\ufe0f Kafein ve B vitaminleri ile zenginle\u015ftirilmi\u015f<br data-start=\"723\" data-end=\"726\">\u2714\ufe0f Gazl\u0131 enerji i\u00e7ece\u011fi \u2013 an\u0131nda etki<br data-start=\"773\" data-end=\"776\">\u2714\ufe0f 500 ml kutu \u2013 c\u00f6mert boyut<br data-start=\"814\" data-end=\"817\">\u2714\ufe0f Heyecan arayanlar i\u00e7in etkileyici g\u00f6rsel<\/p>\n<p data-start=\"877\" data-end=\"933\">\ud83d\udd25 Enerji ve meyve keyfinin m\u00fckemmel birle\u015fimi!<\/p>\n","protected":false},"featured_media":18009,"comment_status":"open","ping_status":"closed","template":"","meta":{"iawp_total_views":0},"product_brand":[201],"product_cat":[228,229,225],"product_tag":[],"class_list":{"0":"post-18008","1":"product","2":"type-product","3":"status-publish","4":"has-post-thumbnail","6":"product_brand-monster","7":"product_cat-icecekler","8":"product_cat-soguk-icecek","9":"product_cat-tum-urunlerimiz","11":"first","12":"instock","13":"shipping-taxable","14":"purchasable","15":"product-type-simple"},"yoast_head":"<!-- This site is optimized with the Yoast SEO plugin v27.3 - https:\/\/yoast.com\/product\/yoast-seo-wordpress\/ -->\n<title>Monster Pipeline Punch \u2013 Egzotik Meyveli Enerji \u0130\u00e7ece\u011fi \u2013 500ml - hakmarfrance.online<\/title>\n<meta name=\"robots\" content=\"index, follow, max-snippet:-1, max-image-preview:large, max-video-preview:-1\" \/>\n<link rel=\"canonical\" href=\"https:\/\/hakmarfrance.online\/tr\/produit\/monster-pipeline-punch-egzotik-meyveli-enerji-icecegi-500ml\/\" \/>\n<meta property=\"og:locale\" content=\"tr_TR\" \/>\n<meta property=\"og:type\" content=\"article\" \/>\n<meta property=\"og:title\" content=\"Monster Pipeline Punch \u2013 Egzotik Meyveli Enerji \u0130\u00e7ece\u011fi \u2013 500ml - hakmarfrance.online\" \/>\n<meta property=\"og:description\" content=\"Enerji ve lezzetle dolun Monster Pipeline Punch ile, guava, portakal ve \u00e7ark\u0131felek meyvesi kar\u0131\u015f\u0131m\u0131 egzotik meyve patlamas\u0131. Yo\u011fun g\u00fcnler veya uzun geceler i\u00e7in ideal olan bu ikonik pembe tasar\u0131ml\u0131 i\u00e7ecek, size tarzla enerji verir. \u2714\ufe0f Meyveli ve tropikal tat (guava, portakal, \u00e7ark\u0131felek)\u2714\ufe0f Kafein ve B vitaminleri ile zenginle\u015ftirilmi\u015f\u2714\ufe0f Gazl\u0131 enerji i\u00e7ece\u011fi \u2013 an\u0131nda etki\u2714\ufe0f 500 ml kutu \u2013 c\u00f6mert boyut\u2714\ufe0f Heyecan arayanlar i\u00e7in etkileyici g\u00f6rsel \ud83d\udd25 Enerji ve meyve keyfinin m\u00fckemmel birle\u015fimi!\" \/>\n<meta property=\"og:url\" content=\"https:\/\/hakmarfrance.online\/tr\/produit\/monster-pipeline-punch-egzotik-meyveli-enerji-icecegi-500ml\/\" \/>\n<meta property=\"og:site_name\" content=\"hakmarfrance.online\" \/>\n<meta property=\"article:publisher\" content=\"https:\/\/www.facebook.com\/HakmarFranceSupermarche\/?locale=fr_FR\" \/>\n<meta property=\"og:image\" content=\"https:\/\/hakmarfrance.online\/wp-content\/uploads\/2025\/07\/monster-energy-pipeline-punch-500ml.avif\" \/>\n\t<meta property=\"og:image:width\" content=\"1000\" \/>\n\t<meta property=\"og:image:height\" content=\"800\" \/>\n\t<meta property=\"og:image:type\" content=\"image\/png\" \/>\n<meta name=\"twitter:card\" content=\"summary_large_image\" \/>\n<script type=\"application\/ld+json\" class=\"yoast-schema-graph\">{\"@context\":\"https:\\\/\\\/schema.org\",\"@graph\":[{\"@type\":\"WebPage\",\"@id\":\"https:\\\/\\\/hakmarfrance.online\\\/tr\\\/produit\\\/monster-pipeline-punch-egzotik-meyveli-enerji-icecegi-500ml\\\/\",\"url\":\"https:\\\/\\\/hakmarfrance.online\\\/tr\\\/produit\\\/monster-pipeline-punch-egzotik-meyveli-enerji-icecegi-500ml\\\/\",\"name\":\"Monster Pipeline Punch \u2013 Egzotik Meyveli Enerji \u0130\u00e7ece\u011fi \u2013 500ml - hakmarfrance.online\",\"isPartOf\":{\"@id\":\"https:\\\/\\\/hakmarfrance.online\\\/tr\\\/#website\"},\"primaryImageOfPage\":{\"@id\":\"https:\\\/\\\/hakmarfrance.online\\\/tr\\\/produit\\\/monster-pipeline-punch-egzotik-meyveli-enerji-icecegi-500ml\\\/#primaryimage\"},\"image\":{\"@id\":\"https:\\\/\\\/hakmarfrance.online\\\/tr\\\/produit\\\/monster-pipeline-punch-egzotik-meyveli-enerji-icecegi-500ml\\\/#primaryimage\"},\"thumbnailUrl\":\"https:\\\/\\\/hakmarfrance.online\\\/wp-content\\\/uploads\\\/2025\\\/07\\\/monster-energy-pipeline-punch-500ml.avif\",\"datePublished\":\"2025-07-09T07:06:15+00:00\",\"breadcrumb\":{\"@id\":\"https:\\\/\\\/hakmarfrance.online\\\/tr\\\/produit\\\/monster-pipeline-punch-egzotik-meyveli-enerji-icecegi-500ml\\\/#breadcrumb\"},\"inLanguage\":\"tr-TR\",\"potentialAction\":[{\"@type\":\"ReadAction\",\"target\":[\"https:\\\/\\\/hakmarfrance.online\\\/tr\\\/produit\\\/monster-pipeline-punch-egzotik-meyveli-enerji-icecegi-500ml\\\/\"]}]},{\"@type\":\"ImageObject\",\"inLanguage\":\"tr-TR\",\"@id\":\"https:\\\/\\\/hakmarfrance.online\\\/tr\\\/produit\\\/monster-pipeline-punch-egzotik-meyveli-enerji-icecegi-500ml\\\/#primaryimage\",\"url\":\"https:\\\/\\\/hakmarfrance.online\\\/wp-content\\\/uploads\\\/2025\\\/07\\\/monster-energy-pipeline-punch-500ml.avif\",\"contentUrl\":\"https:\\\/\\\/hakmarfrance.online\\\/wp-content\\\/uploads\\\/2025\\\/07\\\/monster-energy-pipeline-punch-500ml.avif\",\"width\":1000,\"height\":800,\"caption\":\"Monster Pipeline Punch \u2013 500 ml, guava, portakal ve \u00e7ark\u0131felek tad\u0131nda enerji i\u00e7ece\u011fi\"},{\"@type\":\"BreadcrumbList\",\"@id\":\"https:\\\/\\\/hakmarfrance.online\\\/tr\\\/produit\\\/monster-pipeline-punch-egzotik-meyveli-enerji-icecegi-500ml\\\/#breadcrumb\",\"itemListElement\":[{\"@type\":\"ListItem\",\"position\":1,\"name\":\"Accueil\",\"item\":\"https:\\\/\\\/hakmarfrance.online\\\/tr\\\/\"},{\"@type\":\"ListItem\",\"position\":2,\"name\":\"Ma\u011faza\",\"item\":\"https:\\\/\\\/hakmarfrance.online\\\/tr\\\/magaza\\\/\"},{\"@type\":\"ListItem\",\"position\":3,\"name\":\"Monster Pipeline Punch \u2013 Egzotik Meyveli Enerji \u0130\u00e7ece\u011fi \u2013 500ml\"}]},{\"@type\":\"WebSite\",\"@id\":\"https:\\\/\\\/hakmarfrance.online\\\/tr\\\/#website\",\"url\":\"https:\\\/\\\/hakmarfrance.online\\\/tr\\\/\",\"name\":\"hakmarfrance.online\",\"description\":\"\",\"publisher\":{\"@id\":\"https:\\\/\\\/hakmarfrance.online\\\/tr\\\/#organization\"},\"potentialAction\":[{\"@type\":\"SearchAction\",\"target\":{\"@type\":\"EntryPoint\",\"urlTemplate\":\"https:\\\/\\\/hakmarfrance.online\\\/tr\\\/?s={search_term_string}\"},\"query-input\":{\"@type\":\"PropertyValueSpecification\",\"valueRequired\":true,\"valueName\":\"search_term_string\"}}],\"inLanguage\":\"tr-TR\"},{\"@type\":\"Organization\",\"@id\":\"https:\\\/\\\/hakmarfrance.online\\\/tr\\\/#organization\",\"name\":\"hakmarfrance.online\",\"url\":\"https:\\\/\\\/hakmarfrance.online\\\/tr\\\/\",\"logo\":{\"@type\":\"ImageObject\",\"inLanguage\":\"tr-TR\",\"@id\":\"https:\\\/\\\/hakmarfrance.online\\\/tr\\\/#\\\/schema\\\/logo\\\/image\\\/\",\"url\":\"https:\\\/\\\/hakmarfrance.online\\\/wp-content\\\/uploads\\\/2025\\\/06\\\/logo-hakmarfrance.png\",\"contentUrl\":\"https:\\\/\\\/hakmarfrance.online\\\/wp-content\\\/uploads\\\/2025\\\/06\\\/logo-hakmarfrance.png\",\"width\":528,\"height\":232,\"caption\":\"hakmarfrance.online\"},\"image\":{\"@id\":\"https:\\\/\\\/hakmarfrance.online\\\/tr\\\/#\\\/schema\\\/logo\\\/image\\\/\"},\"sameAs\":[\"https:\\\/\\\/www.facebook.com\\\/HakmarFranceSupermarche\\\/?locale=fr_FR\",\"https:\\\/\\\/www.instagram.com\\\/hakmarfrancesupermarche\\\/\"]}]}<\/script>\n<!-- \/ Yoast SEO plugin. -->","yoast_head_json":{"title":"Monster Pipeline Punch \u2013 Egzotik Meyveli Enerji \u0130\u00e7ece\u011fi \u2013 500ml - hakmarfrance.online","robots":{"index":"index","follow":"follow","max-snippet":"max-snippet:-1","max-image-preview":"max-image-preview:large","max-video-preview":"max-video-preview:-1"},"canonical":"https:\/\/hakmarfrance.online\/tr\/produit\/monster-pipeline-punch-egzotik-meyveli-enerji-icecegi-500ml\/","og_locale":"tr_TR","og_type":"article","og_title":"Monster Pipeline Punch \u2013 Egzotik Meyveli Enerji \u0130\u00e7ece\u011fi \u2013 500ml - hakmarfrance.online","og_description":"Enerji ve lezzetle dolun Monster Pipeline Punch ile, guava, portakal ve \u00e7ark\u0131felek meyvesi kar\u0131\u015f\u0131m\u0131 egzotik meyve patlamas\u0131. Yo\u011fun g\u00fcnler veya uzun geceler i\u00e7in ideal olan bu ikonik pembe tasar\u0131ml\u0131 i\u00e7ecek, size tarzla enerji verir. \u2714\ufe0f Meyveli ve tropikal tat (guava, portakal, \u00e7ark\u0131felek)\u2714\ufe0f Kafein ve B vitaminleri ile zenginle\u015ftirilmi\u015f\u2714\ufe0f Gazl\u0131 enerji i\u00e7ece\u011fi \u2013 an\u0131nda etki\u2714\ufe0f 500 ml kutu \u2013 c\u00f6mert boyut\u2714\ufe0f Heyecan arayanlar i\u00e7in etkileyici g\u00f6rsel \ud83d\udd25 Enerji ve meyve keyfinin m\u00fckemmel birle\u015fimi!","og_url":"https:\/\/hakmarfrance.online\/tr\/produit\/monster-pipeline-punch-egzotik-meyveli-enerji-icecegi-500ml\/","og_site_name":"hakmarfrance.online","article_publisher":"https:\/\/www.facebook.com\/HakmarFranceSupermarche\/?locale=fr_FR","og_image":[{"width":1000,"height":800,"url":"https:\/\/hakmarfrance.online\/wp-content\/uploads\/2025\/07\/monster-energy-pipeline-punch-500ml.avif","type":"image\/png"}],"twitter_card":"summary_large_image","schema":{"@context":"https:\/\/schema.org","@graph":[{"@type":"WebPage","@id":"https:\/\/hakmarfrance.online\/tr\/produit\/monster-pipeline-punch-egzotik-meyveli-enerji-icecegi-500ml\/","url":"https:\/\/hakmarfrance.online\/tr\/produit\/monster-pipeline-punch-egzotik-meyveli-enerji-icecegi-500ml\/","name":"Monster Pipeline Punch \u2013 Egzotik Meyveli Enerji \u0130\u00e7ece\u011fi \u2013 500ml - hakmarfrance.online","isPartOf":{"@id":"https:\/\/hakmarfrance.online\/tr\/#website"},"primaryImageOfPage":{"@id":"https:\/\/hakmarfrance.online\/tr\/produit\/monster-pipeline-punch-egzotik-meyveli-enerji-icecegi-500ml\/#primaryimage"},"image":{"@id":"https:\/\/hakmarfrance.online\/tr\/produit\/monster-pipeline-punch-egzotik-meyveli-enerji-icecegi-500ml\/#primaryimage"},"thumbnailUrl":"https:\/\/hakmarfrance.online\/wp-content\/uploads\/2025\/07\/monster-energy-pipeline-punch-500ml.avif","datePublished":"2025-07-09T07:06:15+00:00","breadcrumb":{"@id":"https:\/\/hakmarfrance.online\/tr\/produit\/monster-pipeline-punch-egzotik-meyveli-enerji-icecegi-500ml\/#breadcrumb"},"inLanguage":"tr-TR","potentialAction":[{"@type":"ReadAction","target":["https:\/\/hakmarfrance.online\/tr\/produit\/monster-pipeline-punch-egzotik-meyveli-enerji-icecegi-500ml\/"]}]},{"@type":"ImageObject","inLanguage":"tr-TR","@id":"https:\/\/hakmarfrance.online\/tr\/produit\/monster-pipeline-punch-egzotik-meyveli-enerji-icecegi-500ml\/#primaryimage","url":"https:\/\/hakmarfrance.online\/wp-content\/uploads\/2025\/07\/monster-energy-pipeline-punch-500ml.avif","contentUrl":"https:\/\/hakmarfrance.online\/wp-content\/uploads\/2025\/07\/monster-energy-pipeline-punch-500ml.avif","width":1000,"height":800,"caption":"Monster Pipeline Punch \u2013 500 ml, guava, portakal ve \u00e7ark\u0131felek tad\u0131nda enerji i\u00e7ece\u011fi"},{"@type":"BreadcrumbList","@id":"https:\/\/hakmarfrance.online\/tr\/produit\/monster-pipeline-punch-egzotik-meyveli-enerji-icecegi-500ml\/#breadcrumb","itemListElement":[{"@type":"ListItem","position":1,"name":"Accueil","item":"https:\/\/hakmarfrance.online\/tr\/"},{"@type":"ListItem","position":2,"name":"Ma\u011faza","item":"https:\/\/hakmarfrance.online\/tr\/magaza\/"},{"@type":"ListItem","position":3,"name":"Monster Pipeline Punch \u2013 Egzotik Meyveli Enerji \u0130\u00e7ece\u011fi \u2013 500ml"}]},{"@type":"WebSite","@id":"https:\/\/hakmarfrance.online\/tr\/#website","url":"https:\/\/hakmarfrance.online\/tr\/","name":"hakmarfrance.online","description":"","publisher":{"@id":"https:\/\/hakmarfrance.online\/tr\/#organization"},"potentialAction":[{"@type":"SearchAction","target":{"@type":"EntryPoint","urlTemplate":"https:\/\/hakmarfrance.online\/tr\/?s={search_term_string}"},"query-input":{"@type":"PropertyValueSpecification","valueRequired":true,"valueName":"search_term_string"}}],"inLanguage":"tr-TR"},{"@type":"Organization","@id":"https:\/\/hakmarfrance.online\/tr\/#organization","name":"hakmarfrance.online","url":"https:\/\/hakmarfrance.online\/tr\/","logo":{"@type":"ImageObject","inLanguage":"tr-TR","@id":"https:\/\/hakmarfrance.online\/tr\/#\/schema\/logo\/image\/","url":"https:\/\/hakmarfrance.online\/wp-content\/uploads\/2025\/06\/logo-hakmarfrance.png","contentUrl":"https:\/\/hakmarfrance.online\/wp-content\/uploads\/2025\/06\/logo-hakmarfrance.png","width":528,"height":232,"caption":"hakmarfrance.online"},"image":{"@id":"https:\/\/hakmarfrance.online\/tr\/#\/schema\/logo\/image\/"},"sameAs":["https:\/\/www.facebook.com\/HakmarFranceSupermarche\/?locale=fr_FR","https:\/\/www.instagram.com\/hakmarfrancesupermarche\/"]}]}},"_links":{"self":[{"href":"https:\/\/hakmarfrance.online\/tr\/wp-json\/wp\/v2\/product\/18008","targetHints":{"allow":["GET"]}}],"collection":[{"href":"https:\/\/hakmarfrance.online\/tr\/wp-json\/wp\/v2\/product"}],"about":[{"href":"https:\/\/hakmarfrance.online\/tr\/wp-json\/wp\/v2\/types\/product"}],"replies":[{"embeddable":true,"href":"https:\/\/hakmarfrance.online\/tr\/wp-json\/wp\/v2\/comments?post=18008"}],"version-history":[{"count":0,"href":"https:\/\/hakmarfrance.online\/tr\/wp-json\/wp\/v2\/product\/18008\/revisions"}],"wp:featuredmedia":[{"embeddable":true,"href":"https:\/\/hakmarfrance.online\/tr\/wp-json\/wp\/v2\/media\/18009"}],"wp:attachment":[{"href":"https:\/\/hakmarfrance.online\/tr\/wp-json\/wp\/v2\/media?parent=18008"}],"wp:term":[{"taxonomy":"product_brand","embeddable":true,"href":"https:\/\/hakmarfrance.online\/tr\/wp-json\/wp\/v2\/product_brand?post=18008"},{"taxonomy":"product_cat","embeddable":true,"href":"https:\/\/hakmarfrance.online\/tr\/wp-json\/wp\/v2\/product_cat?post=18008"},{"taxonomy":"product_tag","embeddable":true,"href":"https:\/\/hakmarfrance.online\/tr\/wp-json\/wp\/v2\/product_tag?post=18008"}],"curies":[{"name":"wp","href":"https:\/\/api.w.org\/{rel}","templated":true}]}}