{"id":18010,"date":"2025-07-09T07:06:15","date_gmt":"2025-07-09T07:06:15","guid":{"rendered":"https:\/\/hakmarfrance.online\/produit\/monster-energy-ultra-paradise-sekersiz-500ml\/"},"modified":"2025-07-09T07:06:15","modified_gmt":"2025-07-09T07:06:15","slug":"monster-energy-ultra-paradise-sekersiz-500ml","status":"publish","type":"product","link":"https:\/\/hakmarfrance.online\/tr\/produit\/monster-energy-ultra-paradise-sekersiz-500ml\/","title":{"rendered":"Monster Energy Ultra Paradise \u2013 \u015eekersiz \u2013 500ml"},"content":{"rendered":"","protected":false},"excerpt":{"rendered":"<p data-start=\"334\" data-end=\"517\"><strong data-start=\"384\" data-end=\"410\">Monster Ultra Paradise<\/strong> ile tropikal tazelik d\u00fcnyas\u0131na dal\u0131n, <strong data-start=\"439\" data-end=\"456\">egzotik tat<\/strong> ve <strong data-start=\"460\" data-end=\"474\">\u015fekersiz<\/strong> enerji art\u0131\u015f\u0131 i\u00e7in hafif bir i\u00e7ecek.<\/p>\n<p data-start=\"519\" data-end=\"738\">\u2714\ufe0f Ferahlat\u0131c\u0131 tropikal tat<br data-start=\"554\" data-end=\"557\">\u2714\ufe0f \u015eekersiz \u2013 0 kalori, %100 performans<br data-start=\"601\" data-end=\"604\">\u2714\ufe0f Kafein ve B vitaminleri ile zenginle\u015ftirilmi\u015f<br data-start=\"641\" data-end=\"644\">\u2714\ufe0f 500 ml format\u0131 ile uzun s\u00fcreli etki<br data-start=\"682\" data-end=\"685\">\u2714\ufe0f Parlak ye\u015fil tasar\u0131m \u2013 yaz havas\u0131 garantili<\/p>\n<p data-start=\"740\" data-end=\"842\">\ud83d\udc9a G\u00fcn boyu odaklanm\u0131\u015f ve motive kalmak i\u00e7in ideal, tat veya kalori konusunda taviz vermeden.<\/p>\n","protected":false},"featured_media":18011,"comment_status":"open","ping_status":"closed","template":"","meta":{"iawp_total_views":0},"product_brand":[201],"product_cat":[228,229,225],"product_tag":[],"class_list":{"0":"post-18010","1":"product","2":"type-product","3":"status-publish","4":"has-post-thumbnail","6":"product_brand-monster","7":"product_cat-icecekler","8":"product_cat-soguk-icecek","9":"product_cat-tum-urunlerimiz","11":"first","12":"instock","13":"shipping-taxable","14":"purchasable","15":"product-type-simple"},"yoast_head":"<!-- This site is optimized with the Yoast SEO plugin v27.3 - https:\/\/yoast.com\/product\/yoast-seo-wordpress\/ -->\n<title>Monster Energy Ultra Paradise \u2013 \u015eekersiz \u2013 500ml - hakmarfrance.online<\/title>\n<meta name=\"robots\" content=\"index, follow, max-snippet:-1, max-image-preview:large, max-video-preview:-1\" \/>\n<link rel=\"canonical\" href=\"https:\/\/hakmarfrance.online\/tr\/produit\/monster-energy-ultra-paradise-sekersiz-500ml\/\" \/>\n<meta property=\"og:locale\" content=\"tr_TR\" \/>\n<meta property=\"og:type\" content=\"article\" \/>\n<meta property=\"og:title\" content=\"Monster Energy Ultra Paradise \u2013 \u015eekersiz \u2013 500ml - hakmarfrance.online\" \/>\n<meta property=\"og:description\" content=\"Monster Ultra Paradise ile tropikal tazelik d\u00fcnyas\u0131na dal\u0131n, egzotik tat ve \u015fekersiz enerji art\u0131\u015f\u0131 i\u00e7in hafif bir i\u00e7ecek. \u2714\ufe0f Ferahlat\u0131c\u0131 tropikal tat\u2714\ufe0f \u015eekersiz \u2013 0 kalori, %100 performans\u2714\ufe0f Kafein ve B vitaminleri ile zenginle\u015ftirilmi\u015f\u2714\ufe0f 500 ml format\u0131 ile uzun s\u00fcreli etki\u2714\ufe0f Parlak ye\u015fil tasar\u0131m \u2013 yaz havas\u0131 garantili \ud83d\udc9a G\u00fcn boyu odaklanm\u0131\u015f ve motive kalmak i\u00e7in ideal, tat veya kalori konusunda taviz vermeden.\" \/>\n<meta property=\"og:url\" content=\"https:\/\/hakmarfrance.online\/tr\/produit\/monster-energy-ultra-paradise-sekersiz-500ml\/\" \/>\n<meta property=\"og:site_name\" content=\"hakmarfrance.online\" \/>\n<meta property=\"article:publisher\" content=\"https:\/\/www.facebook.com\/HakmarFranceSupermarche\/?locale=fr_FR\" \/>\n<meta property=\"og:image\" content=\"https:\/\/hakmarfrance.online\/wp-content\/uploads\/2025\/07\/monster-energy-ultra-paradise-zero-sucre-500ml.avif\" \/>\n\t<meta property=\"og:image:width\" content=\"1000\" \/>\n\t<meta property=\"og:image:height\" content=\"800\" \/>\n\t<meta property=\"og:image:type\" content=\"image\/png\" \/>\n<meta name=\"twitter:card\" content=\"summary_large_image\" \/>\n<script type=\"application\/ld+json\" class=\"yoast-schema-graph\">{\"@context\":\"https:\\\/\\\/schema.org\",\"@graph\":[{\"@type\":\"WebPage\",\"@id\":\"https:\\\/\\\/hakmarfrance.online\\\/tr\\\/produit\\\/monster-energy-ultra-paradise-sekersiz-500ml\\\/\",\"url\":\"https:\\\/\\\/hakmarfrance.online\\\/tr\\\/produit\\\/monster-energy-ultra-paradise-sekersiz-500ml\\\/\",\"name\":\"Monster Energy Ultra Paradise \u2013 \u015eekersiz \u2013 500ml - hakmarfrance.online\",\"isPartOf\":{\"@id\":\"https:\\\/\\\/hakmarfrance.online\\\/tr\\\/#website\"},\"primaryImageOfPage\":{\"@id\":\"https:\\\/\\\/hakmarfrance.online\\\/tr\\\/produit\\\/monster-energy-ultra-paradise-sekersiz-500ml\\\/#primaryimage\"},\"image\":{\"@id\":\"https:\\\/\\\/hakmarfrance.online\\\/tr\\\/produit\\\/monster-energy-ultra-paradise-sekersiz-500ml\\\/#primaryimage\"},\"thumbnailUrl\":\"https:\\\/\\\/hakmarfrance.online\\\/wp-content\\\/uploads\\\/2025\\\/07\\\/monster-energy-ultra-paradise-zero-sucre-500ml.avif\",\"datePublished\":\"2025-07-09T07:06:15+00:00\",\"breadcrumb\":{\"@id\":\"https:\\\/\\\/hakmarfrance.online\\\/tr\\\/produit\\\/monster-energy-ultra-paradise-sekersiz-500ml\\\/#breadcrumb\"},\"inLanguage\":\"tr-TR\",\"potentialAction\":[{\"@type\":\"ReadAction\",\"target\":[\"https:\\\/\\\/hakmarfrance.online\\\/tr\\\/produit\\\/monster-energy-ultra-paradise-sekersiz-500ml\\\/\"]}]},{\"@type\":\"ImageObject\",\"inLanguage\":\"tr-TR\",\"@id\":\"https:\\\/\\\/hakmarfrance.online\\\/tr\\\/produit\\\/monster-energy-ultra-paradise-sekersiz-500ml\\\/#primaryimage\",\"url\":\"https:\\\/\\\/hakmarfrance.online\\\/wp-content\\\/uploads\\\/2025\\\/07\\\/monster-energy-ultra-paradise-zero-sucre-500ml.avif\",\"contentUrl\":\"https:\\\/\\\/hakmarfrance.online\\\/wp-content\\\/uploads\\\/2025\\\/07\\\/monster-energy-ultra-paradise-zero-sucre-500ml.avif\",\"width\":1000,\"height\":800,\"caption\":\"Monster Ultra Paradise \u2013 500 ml, \u015fekersiz tropikal tatl\u0131 enerji i\u00e7ece\u011fi\"},{\"@type\":\"BreadcrumbList\",\"@id\":\"https:\\\/\\\/hakmarfrance.online\\\/tr\\\/produit\\\/monster-energy-ultra-paradise-sekersiz-500ml\\\/#breadcrumb\",\"itemListElement\":[{\"@type\":\"ListItem\",\"position\":1,\"name\":\"Accueil\",\"item\":\"https:\\\/\\\/hakmarfrance.online\\\/tr\\\/\"},{\"@type\":\"ListItem\",\"position\":2,\"name\":\"Ma\u011faza\",\"item\":\"https:\\\/\\\/hakmarfrance.online\\\/tr\\\/magaza\\\/\"},{\"@type\":\"ListItem\",\"position\":3,\"name\":\"Monster Energy Ultra Paradise \u2013 \u015eekersiz \u2013 500ml\"}]},{\"@type\":\"WebSite\",\"@id\":\"https:\\\/\\\/hakmarfrance.online\\\/tr\\\/#website\",\"url\":\"https:\\\/\\\/hakmarfrance.online\\\/tr\\\/\",\"name\":\"hakmarfrance.online\",\"description\":\"\",\"publisher\":{\"@id\":\"https:\\\/\\\/hakmarfrance.online\\\/tr\\\/#organization\"},\"potentialAction\":[{\"@type\":\"SearchAction\",\"target\":{\"@type\":\"EntryPoint\",\"urlTemplate\":\"https:\\\/\\\/hakmarfrance.online\\\/tr\\\/?s={search_term_string}\"},\"query-input\":{\"@type\":\"PropertyValueSpecification\",\"valueRequired\":true,\"valueName\":\"search_term_string\"}}],\"inLanguage\":\"tr-TR\"},{\"@type\":\"Organization\",\"@id\":\"https:\\\/\\\/hakmarfrance.online\\\/tr\\\/#organization\",\"name\":\"hakmarfrance.online\",\"url\":\"https:\\\/\\\/hakmarfrance.online\\\/tr\\\/\",\"logo\":{\"@type\":\"ImageObject\",\"inLanguage\":\"tr-TR\",\"@id\":\"https:\\\/\\\/hakmarfrance.online\\\/tr\\\/#\\\/schema\\\/logo\\\/image\\\/\",\"url\":\"https:\\\/\\\/hakmarfrance.online\\\/wp-content\\\/uploads\\\/2025\\\/06\\\/logo-hakmarfrance.png\",\"contentUrl\":\"https:\\\/\\\/hakmarfrance.online\\\/wp-content\\\/uploads\\\/2025\\\/06\\\/logo-hakmarfrance.png\",\"width\":528,\"height\":232,\"caption\":\"hakmarfrance.online\"},\"image\":{\"@id\":\"https:\\\/\\\/hakmarfrance.online\\\/tr\\\/#\\\/schema\\\/logo\\\/image\\\/\"},\"sameAs\":[\"https:\\\/\\\/www.facebook.com\\\/HakmarFranceSupermarche\\\/?locale=fr_FR\",\"https:\\\/\\\/www.instagram.com\\\/hakmarfrancesupermarche\\\/\"]}]}<\/script>\n<!-- \/ Yoast SEO plugin. -->","yoast_head_json":{"title":"Monster Energy Ultra Paradise \u2013 \u015eekersiz \u2013 500ml - hakmarfrance.online","robots":{"index":"index","follow":"follow","max-snippet":"max-snippet:-1","max-image-preview":"max-image-preview:large","max-video-preview":"max-video-preview:-1"},"canonical":"https:\/\/hakmarfrance.online\/tr\/produit\/monster-energy-ultra-paradise-sekersiz-500ml\/","og_locale":"tr_TR","og_type":"article","og_title":"Monster Energy Ultra Paradise \u2013 \u015eekersiz \u2013 500ml - hakmarfrance.online","og_description":"Monster Ultra Paradise ile tropikal tazelik d\u00fcnyas\u0131na dal\u0131n, egzotik tat ve \u015fekersiz enerji art\u0131\u015f\u0131 i\u00e7in hafif bir i\u00e7ecek. \u2714\ufe0f Ferahlat\u0131c\u0131 tropikal tat\u2714\ufe0f \u015eekersiz \u2013 0 kalori, %100 performans\u2714\ufe0f Kafein ve B vitaminleri ile zenginle\u015ftirilmi\u015f\u2714\ufe0f 500 ml format\u0131 ile uzun s\u00fcreli etki\u2714\ufe0f Parlak ye\u015fil tasar\u0131m \u2013 yaz havas\u0131 garantili \ud83d\udc9a G\u00fcn boyu odaklanm\u0131\u015f ve motive kalmak i\u00e7in ideal, tat veya kalori konusunda taviz vermeden.","og_url":"https:\/\/hakmarfrance.online\/tr\/produit\/monster-energy-ultra-paradise-sekersiz-500ml\/","og_site_name":"hakmarfrance.online","article_publisher":"https:\/\/www.facebook.com\/HakmarFranceSupermarche\/?locale=fr_FR","og_image":[{"width":1000,"height":800,"url":"https:\/\/hakmarfrance.online\/wp-content\/uploads\/2025\/07\/monster-energy-ultra-paradise-zero-sucre-500ml.avif","type":"image\/png"}],"twitter_card":"summary_large_image","schema":{"@context":"https:\/\/schema.org","@graph":[{"@type":"WebPage","@id":"https:\/\/hakmarfrance.online\/tr\/produit\/monster-energy-ultra-paradise-sekersiz-500ml\/","url":"https:\/\/hakmarfrance.online\/tr\/produit\/monster-energy-ultra-paradise-sekersiz-500ml\/","name":"Monster Energy Ultra Paradise \u2013 \u015eekersiz \u2013 500ml - hakmarfrance.online","isPartOf":{"@id":"https:\/\/hakmarfrance.online\/tr\/#website"},"primaryImageOfPage":{"@id":"https:\/\/hakmarfrance.online\/tr\/produit\/monster-energy-ultra-paradise-sekersiz-500ml\/#primaryimage"},"image":{"@id":"https:\/\/hakmarfrance.online\/tr\/produit\/monster-energy-ultra-paradise-sekersiz-500ml\/#primaryimage"},"thumbnailUrl":"https:\/\/hakmarfrance.online\/wp-content\/uploads\/2025\/07\/monster-energy-ultra-paradise-zero-sucre-500ml.avif","datePublished":"2025-07-09T07:06:15+00:00","breadcrumb":{"@id":"https:\/\/hakmarfrance.online\/tr\/produit\/monster-energy-ultra-paradise-sekersiz-500ml\/#breadcrumb"},"inLanguage":"tr-TR","potentialAction":[{"@type":"ReadAction","target":["https:\/\/hakmarfrance.online\/tr\/produit\/monster-energy-ultra-paradise-sekersiz-500ml\/"]}]},{"@type":"ImageObject","inLanguage":"tr-TR","@id":"https:\/\/hakmarfrance.online\/tr\/produit\/monster-energy-ultra-paradise-sekersiz-500ml\/#primaryimage","url":"https:\/\/hakmarfrance.online\/wp-content\/uploads\/2025\/07\/monster-energy-ultra-paradise-zero-sucre-500ml.avif","contentUrl":"https:\/\/hakmarfrance.online\/wp-content\/uploads\/2025\/07\/monster-energy-ultra-paradise-zero-sucre-500ml.avif","width":1000,"height":800,"caption":"Monster Ultra Paradise \u2013 500 ml, \u015fekersiz tropikal tatl\u0131 enerji i\u00e7ece\u011fi"},{"@type":"BreadcrumbList","@id":"https:\/\/hakmarfrance.online\/tr\/produit\/monster-energy-ultra-paradise-sekersiz-500ml\/#breadcrumb","itemListElement":[{"@type":"ListItem","position":1,"name":"Accueil","item":"https:\/\/hakmarfrance.online\/tr\/"},{"@type":"ListItem","position":2,"name":"Ma\u011faza","item":"https:\/\/hakmarfrance.online\/tr\/magaza\/"},{"@type":"ListItem","position":3,"name":"Monster Energy Ultra Paradise \u2013 \u015eekersiz \u2013 500ml"}]},{"@type":"WebSite","@id":"https:\/\/hakmarfrance.online\/tr\/#website","url":"https:\/\/hakmarfrance.online\/tr\/","name":"hakmarfrance.online","description":"","publisher":{"@id":"https:\/\/hakmarfrance.online\/tr\/#organization"},"potentialAction":[{"@type":"SearchAction","target":{"@type":"EntryPoint","urlTemplate":"https:\/\/hakmarfrance.online\/tr\/?s={search_term_string}"},"query-input":{"@type":"PropertyValueSpecification","valueRequired":true,"valueName":"search_term_string"}}],"inLanguage":"tr-TR"},{"@type":"Organization","@id":"https:\/\/hakmarfrance.online\/tr\/#organization","name":"hakmarfrance.online","url":"https:\/\/hakmarfrance.online\/tr\/","logo":{"@type":"ImageObject","inLanguage":"tr-TR","@id":"https:\/\/hakmarfrance.online\/tr\/#\/schema\/logo\/image\/","url":"https:\/\/hakmarfrance.online\/wp-content\/uploads\/2025\/06\/logo-hakmarfrance.png","contentUrl":"https:\/\/hakmarfrance.online\/wp-content\/uploads\/2025\/06\/logo-hakmarfrance.png","width":528,"height":232,"caption":"hakmarfrance.online"},"image":{"@id":"https:\/\/hakmarfrance.online\/tr\/#\/schema\/logo\/image\/"},"sameAs":["https:\/\/www.facebook.com\/HakmarFranceSupermarche\/?locale=fr_FR","https:\/\/www.instagram.com\/hakmarfrancesupermarche\/"]}]}},"_links":{"self":[{"href":"https:\/\/hakmarfrance.online\/tr\/wp-json\/wp\/v2\/product\/18010","targetHints":{"allow":["GET"]}}],"collection":[{"href":"https:\/\/hakmarfrance.online\/tr\/wp-json\/wp\/v2\/product"}],"about":[{"href":"https:\/\/hakmarfrance.online\/tr\/wp-json\/wp\/v2\/types\/product"}],"replies":[{"embeddable":true,"href":"https:\/\/hakmarfrance.online\/tr\/wp-json\/wp\/v2\/comments?post=18010"}],"version-history":[{"count":0,"href":"https:\/\/hakmarfrance.online\/tr\/wp-json\/wp\/v2\/product\/18010\/revisions"}],"wp:featuredmedia":[{"embeddable":true,"href":"https:\/\/hakmarfrance.online\/tr\/wp-json\/wp\/v2\/media\/18011"}],"wp:attachment":[{"href":"https:\/\/hakmarfrance.online\/tr\/wp-json\/wp\/v2\/media?parent=18010"}],"wp:term":[{"taxonomy":"product_brand","embeddable":true,"href":"https:\/\/hakmarfrance.online\/tr\/wp-json\/wp\/v2\/product_brand?post=18010"},{"taxonomy":"product_cat","embeddable":true,"href":"https:\/\/hakmarfrance.online\/tr\/wp-json\/wp\/v2\/product_cat?post=18010"},{"taxonomy":"product_tag","embeddable":true,"href":"https:\/\/hakmarfrance.online\/tr\/wp-json\/wp\/v2\/product_tag?post=18010"}],"curies":[{"name":"wp","href":"https:\/\/api.w.org\/{rel}","templated":true}]}}