{"id":18014,"date":"2025-07-09T07:06:16","date_gmt":"2025-07-09T07:06:16","guid":{"rendered":"https:\/\/hakmarfrance.online\/produit\/freez-mix-litchi-gazli-icecek-275ml\/"},"modified":"2025-07-09T07:06:16","modified_gmt":"2025-07-09T07:06:16","slug":"freez-mix-litchi-gazli-icecek-275ml","status":"publish","type":"product","link":"https:\/\/hakmarfrance.online\/tr\/produit\/freez-mix-litchi-gazli-icecek-275ml\/","title":{"rendered":"Freez Mix Litchi \u2013 Gazl\u0131 \u0130\u00e7ecek \u2013 275ml"},"content":{"rendered":"","protected":false},"excerpt":{"rendered":"<p data-start=\"407\" data-end=\"631\"><strong data-start=\"427\" data-end=\"466\">Freez Mix litchi gazl\u0131 i\u00e7ece\u011fi<\/strong> ile kendinizi \u015f\u0131mart\u0131n, \u015f\u0131k ve modern \u015fi\u015fesinde egzotik ve zarif bir lezzet. Dinlenme anlar\u0131n\u0131z i\u00e7in m\u00fckemmel, do\u011fal olarak gazl\u0131, <strong data-start=\"551\" data-end=\"566\">alkols\u00fcz<\/strong> bir i\u00e7ecek. <\/p>\n<p data-start=\"633\" data-end=\"836\">\u2714\ufe0f Serinletici ve yumu\u015fak litchi meyve aromas\u0131<br data-start=\"682\" data-end=\"685\">\u2714\ufe0f Yapay renklendirici i\u00e7ermez<br data-start=\"714\" data-end=\"717\">\u2714\ufe0f Alkols\u00fcz gazl\u0131 i\u00e7ecek \u2013 herkes i\u00e7in ideal<br data-start=\"766\" data-end=\"769\">\u2714\ufe0f \u015e\u0131k cam \u015fi\u015fe \u2013 275 ml<br data-start=\"808\" data-end=\"811\">\u2714\ufe0f So\u011fuk olarak t\u00fcketilmeli<\/p>\n<p data-start=\"838\" data-end=\"965\">Pop ve trendy tasar\u0131m\u0131yla meyveli ve zarif bir keyif. <strong data-start=\"898\" data-end=\"918\">Freez Mix Litchi<\/strong>, fark edilmeden ge\u00e7meyen i\u00e7ecek! <\/p>\n","protected":false},"featured_media":18015,"comment_status":"open","ping_status":"closed","template":"","meta":{"iawp_total_views":0},"product_brand":[200],"product_cat":[228,229,225],"product_tag":[],"class_list":{"0":"post-18014","1":"product","2":"type-product","3":"status-publish","4":"has-post-thumbnail","6":"product_brand-freez","7":"product_cat-icecekler","8":"product_cat-soguk-icecek","9":"product_cat-tum-urunlerimiz","11":"first","12":"instock","13":"shipping-taxable","14":"purchasable","15":"product-type-simple"},"yoast_head":"<!-- This site is optimized with the Yoast SEO plugin v27.3 - https:\/\/yoast.com\/product\/yoast-seo-wordpress\/ -->\n<title>Freez Mix Litchi \u2013 Gazl\u0131 \u0130\u00e7ecek \u2013 275ml - hakmarfrance.online<\/title>\n<meta name=\"robots\" content=\"index, follow, max-snippet:-1, max-image-preview:large, max-video-preview:-1\" \/>\n<link rel=\"canonical\" href=\"https:\/\/hakmarfrance.online\/tr\/produit\/freez-mix-litchi-gazli-icecek-275ml\/\" \/>\n<meta property=\"og:locale\" content=\"tr_TR\" \/>\n<meta property=\"og:type\" content=\"article\" \/>\n<meta property=\"og:title\" content=\"Freez Mix Litchi \u2013 Gazl\u0131 \u0130\u00e7ecek \u2013 275ml - hakmarfrance.online\" \/>\n<meta property=\"og:description\" content=\"Freez Mix litchi gazl\u0131 i\u00e7ece\u011fi ile kendinizi \u015f\u0131mart\u0131n, \u015f\u0131k ve modern \u015fi\u015fesinde egzotik ve zarif bir lezzet. Dinlenme anlar\u0131n\u0131z i\u00e7in m\u00fckemmel, do\u011fal olarak gazl\u0131, alkols\u00fcz bir i\u00e7ecek. \u2714\ufe0f Serinletici ve yumu\u015fak litchi meyve aromas\u0131\u2714\ufe0f Yapay renklendirici i\u00e7ermez\u2714\ufe0f Alkols\u00fcz gazl\u0131 i\u00e7ecek \u2013 herkes i\u00e7in ideal\u2714\ufe0f \u015e\u0131k cam \u015fi\u015fe \u2013 275 ml\u2714\ufe0f So\u011fuk olarak t\u00fcketilmeli Pop ve trendy tasar\u0131m\u0131yla meyveli ve zarif bir keyif. Freez Mix Litchi, fark edilmeden ge\u00e7meyen i\u00e7ecek!\" \/>\n<meta property=\"og:url\" content=\"https:\/\/hakmarfrance.online\/tr\/produit\/freez-mix-litchi-gazli-icecek-275ml\/\" \/>\n<meta property=\"og:site_name\" content=\"hakmarfrance.online\" \/>\n<meta property=\"article:publisher\" content=\"https:\/\/www.facebook.com\/HakmarFranceSupermarche\/?locale=fr_FR\" \/>\n<meta property=\"og:image\" content=\"https:\/\/hakmarfrance.online\/wp-content\/uploads\/2025\/07\/freez-mix-litchi-boisson-gazeuse-275ml.avif\" \/>\n\t<meta property=\"og:image:width\" content=\"1000\" \/>\n\t<meta property=\"og:image:height\" content=\"800\" \/>\n\t<meta property=\"og:image:type\" content=\"image\/png\" \/>\n<meta name=\"twitter:card\" content=\"summary_large_image\" \/>\n<script type=\"application\/ld+json\" class=\"yoast-schema-graph\">{\"@context\":\"https:\\\/\\\/schema.org\",\"@graph\":[{\"@type\":\"WebPage\",\"@id\":\"https:\\\/\\\/hakmarfrance.online\\\/tr\\\/produit\\\/freez-mix-litchi-gazli-icecek-275ml\\\/\",\"url\":\"https:\\\/\\\/hakmarfrance.online\\\/tr\\\/produit\\\/freez-mix-litchi-gazli-icecek-275ml\\\/\",\"name\":\"Freez Mix Litchi \u2013 Gazl\u0131 \u0130\u00e7ecek \u2013 275ml - hakmarfrance.online\",\"isPartOf\":{\"@id\":\"https:\\\/\\\/hakmarfrance.online\\\/tr\\\/#website\"},\"primaryImageOfPage\":{\"@id\":\"https:\\\/\\\/hakmarfrance.online\\\/tr\\\/produit\\\/freez-mix-litchi-gazli-icecek-275ml\\\/#primaryimage\"},\"image\":{\"@id\":\"https:\\\/\\\/hakmarfrance.online\\\/tr\\\/produit\\\/freez-mix-litchi-gazli-icecek-275ml\\\/#primaryimage\"},\"thumbnailUrl\":\"https:\\\/\\\/hakmarfrance.online\\\/wp-content\\\/uploads\\\/2025\\\/07\\\/freez-mix-litchi-boisson-gazeuse-275ml.avif\",\"datePublished\":\"2025-07-09T07:06:16+00:00\",\"breadcrumb\":{\"@id\":\"https:\\\/\\\/hakmarfrance.online\\\/tr\\\/produit\\\/freez-mix-litchi-gazli-icecek-275ml\\\/#breadcrumb\"},\"inLanguage\":\"tr-TR\",\"potentialAction\":[{\"@type\":\"ReadAction\",\"target\":[\"https:\\\/\\\/hakmarfrance.online\\\/tr\\\/produit\\\/freez-mix-litchi-gazli-icecek-275ml\\\/\"]}]},{\"@type\":\"ImageObject\",\"inLanguage\":\"tr-TR\",\"@id\":\"https:\\\/\\\/hakmarfrance.online\\\/tr\\\/produit\\\/freez-mix-litchi-gazli-icecek-275ml\\\/#primaryimage\",\"url\":\"https:\\\/\\\/hakmarfrance.online\\\/wp-content\\\/uploads\\\/2025\\\/07\\\/freez-mix-litchi-boisson-gazeuse-275ml.avif\",\"contentUrl\":\"https:\\\/\\\/hakmarfrance.online\\\/wp-content\\\/uploads\\\/2025\\\/07\\\/freez-mix-litchi-boisson-gazeuse-275ml.avif\",\"width\":1000,\"height\":800,\"caption\":\"Freez Mix Litchi \u2013 275 ml, litchi tad\u0131nda alkols\u00fcz meyveli gazl\u0131 i\u00e7ecek\"},{\"@type\":\"BreadcrumbList\",\"@id\":\"https:\\\/\\\/hakmarfrance.online\\\/tr\\\/produit\\\/freez-mix-litchi-gazli-icecek-275ml\\\/#breadcrumb\",\"itemListElement\":[{\"@type\":\"ListItem\",\"position\":1,\"name\":\"Accueil\",\"item\":\"https:\\\/\\\/hakmarfrance.online\\\/tr\\\/\"},{\"@type\":\"ListItem\",\"position\":2,\"name\":\"Ma\u011faza\",\"item\":\"https:\\\/\\\/hakmarfrance.online\\\/tr\\\/magaza\\\/\"},{\"@type\":\"ListItem\",\"position\":3,\"name\":\"Freez Mix Litchi \u2013 Gazl\u0131 \u0130\u00e7ecek \u2013 275ml\"}]},{\"@type\":\"WebSite\",\"@id\":\"https:\\\/\\\/hakmarfrance.online\\\/tr\\\/#website\",\"url\":\"https:\\\/\\\/hakmarfrance.online\\\/tr\\\/\",\"name\":\"hakmarfrance.online\",\"description\":\"\",\"publisher\":{\"@id\":\"https:\\\/\\\/hakmarfrance.online\\\/tr\\\/#organization\"},\"potentialAction\":[{\"@type\":\"SearchAction\",\"target\":{\"@type\":\"EntryPoint\",\"urlTemplate\":\"https:\\\/\\\/hakmarfrance.online\\\/tr\\\/?s={search_term_string}\"},\"query-input\":{\"@type\":\"PropertyValueSpecification\",\"valueRequired\":true,\"valueName\":\"search_term_string\"}}],\"inLanguage\":\"tr-TR\"},{\"@type\":\"Organization\",\"@id\":\"https:\\\/\\\/hakmarfrance.online\\\/tr\\\/#organization\",\"name\":\"hakmarfrance.online\",\"url\":\"https:\\\/\\\/hakmarfrance.online\\\/tr\\\/\",\"logo\":{\"@type\":\"ImageObject\",\"inLanguage\":\"tr-TR\",\"@id\":\"https:\\\/\\\/hakmarfrance.online\\\/tr\\\/#\\\/schema\\\/logo\\\/image\\\/\",\"url\":\"https:\\\/\\\/hakmarfrance.online\\\/wp-content\\\/uploads\\\/2025\\\/06\\\/logo-hakmarfrance.png\",\"contentUrl\":\"https:\\\/\\\/hakmarfrance.online\\\/wp-content\\\/uploads\\\/2025\\\/06\\\/logo-hakmarfrance.png\",\"width\":528,\"height\":232,\"caption\":\"hakmarfrance.online\"},\"image\":{\"@id\":\"https:\\\/\\\/hakmarfrance.online\\\/tr\\\/#\\\/schema\\\/logo\\\/image\\\/\"},\"sameAs\":[\"https:\\\/\\\/www.facebook.com\\\/HakmarFranceSupermarche\\\/?locale=fr_FR\",\"https:\\\/\\\/www.instagram.com\\\/hakmarfrancesupermarche\\\/\"]}]}<\/script>\n<!-- \/ Yoast SEO plugin. -->","yoast_head_json":{"title":"Freez Mix Litchi \u2013 Gazl\u0131 \u0130\u00e7ecek \u2013 275ml - hakmarfrance.online","robots":{"index":"index","follow":"follow","max-snippet":"max-snippet:-1","max-image-preview":"max-image-preview:large","max-video-preview":"max-video-preview:-1"},"canonical":"https:\/\/hakmarfrance.online\/tr\/produit\/freez-mix-litchi-gazli-icecek-275ml\/","og_locale":"tr_TR","og_type":"article","og_title":"Freez Mix Litchi \u2013 Gazl\u0131 \u0130\u00e7ecek \u2013 275ml - hakmarfrance.online","og_description":"Freez Mix litchi gazl\u0131 i\u00e7ece\u011fi ile kendinizi \u015f\u0131mart\u0131n, \u015f\u0131k ve modern \u015fi\u015fesinde egzotik ve zarif bir lezzet. Dinlenme anlar\u0131n\u0131z i\u00e7in m\u00fckemmel, do\u011fal olarak gazl\u0131, alkols\u00fcz bir i\u00e7ecek. \u2714\ufe0f Serinletici ve yumu\u015fak litchi meyve aromas\u0131\u2714\ufe0f Yapay renklendirici i\u00e7ermez\u2714\ufe0f Alkols\u00fcz gazl\u0131 i\u00e7ecek \u2013 herkes i\u00e7in ideal\u2714\ufe0f \u015e\u0131k cam \u015fi\u015fe \u2013 275 ml\u2714\ufe0f So\u011fuk olarak t\u00fcketilmeli Pop ve trendy tasar\u0131m\u0131yla meyveli ve zarif bir keyif. Freez Mix Litchi, fark edilmeden ge\u00e7meyen i\u00e7ecek!","og_url":"https:\/\/hakmarfrance.online\/tr\/produit\/freez-mix-litchi-gazli-icecek-275ml\/","og_site_name":"hakmarfrance.online","article_publisher":"https:\/\/www.facebook.com\/HakmarFranceSupermarche\/?locale=fr_FR","og_image":[{"width":1000,"height":800,"url":"https:\/\/hakmarfrance.online\/wp-content\/uploads\/2025\/07\/freez-mix-litchi-boisson-gazeuse-275ml.avif","type":"image\/png"}],"twitter_card":"summary_large_image","schema":{"@context":"https:\/\/schema.org","@graph":[{"@type":"WebPage","@id":"https:\/\/hakmarfrance.online\/tr\/produit\/freez-mix-litchi-gazli-icecek-275ml\/","url":"https:\/\/hakmarfrance.online\/tr\/produit\/freez-mix-litchi-gazli-icecek-275ml\/","name":"Freez Mix Litchi \u2013 Gazl\u0131 \u0130\u00e7ecek \u2013 275ml - hakmarfrance.online","isPartOf":{"@id":"https:\/\/hakmarfrance.online\/tr\/#website"},"primaryImageOfPage":{"@id":"https:\/\/hakmarfrance.online\/tr\/produit\/freez-mix-litchi-gazli-icecek-275ml\/#primaryimage"},"image":{"@id":"https:\/\/hakmarfrance.online\/tr\/produit\/freez-mix-litchi-gazli-icecek-275ml\/#primaryimage"},"thumbnailUrl":"https:\/\/hakmarfrance.online\/wp-content\/uploads\/2025\/07\/freez-mix-litchi-boisson-gazeuse-275ml.avif","datePublished":"2025-07-09T07:06:16+00:00","breadcrumb":{"@id":"https:\/\/hakmarfrance.online\/tr\/produit\/freez-mix-litchi-gazli-icecek-275ml\/#breadcrumb"},"inLanguage":"tr-TR","potentialAction":[{"@type":"ReadAction","target":["https:\/\/hakmarfrance.online\/tr\/produit\/freez-mix-litchi-gazli-icecek-275ml\/"]}]},{"@type":"ImageObject","inLanguage":"tr-TR","@id":"https:\/\/hakmarfrance.online\/tr\/produit\/freez-mix-litchi-gazli-icecek-275ml\/#primaryimage","url":"https:\/\/hakmarfrance.online\/wp-content\/uploads\/2025\/07\/freez-mix-litchi-boisson-gazeuse-275ml.avif","contentUrl":"https:\/\/hakmarfrance.online\/wp-content\/uploads\/2025\/07\/freez-mix-litchi-boisson-gazeuse-275ml.avif","width":1000,"height":800,"caption":"Freez Mix Litchi \u2013 275 ml, litchi tad\u0131nda alkols\u00fcz meyveli gazl\u0131 i\u00e7ecek"},{"@type":"BreadcrumbList","@id":"https:\/\/hakmarfrance.online\/tr\/produit\/freez-mix-litchi-gazli-icecek-275ml\/#breadcrumb","itemListElement":[{"@type":"ListItem","position":1,"name":"Accueil","item":"https:\/\/hakmarfrance.online\/tr\/"},{"@type":"ListItem","position":2,"name":"Ma\u011faza","item":"https:\/\/hakmarfrance.online\/tr\/magaza\/"},{"@type":"ListItem","position":3,"name":"Freez Mix Litchi \u2013 Gazl\u0131 \u0130\u00e7ecek \u2013 275ml"}]},{"@type":"WebSite","@id":"https:\/\/hakmarfrance.online\/tr\/#website","url":"https:\/\/hakmarfrance.online\/tr\/","name":"hakmarfrance.online","description":"","publisher":{"@id":"https:\/\/hakmarfrance.online\/tr\/#organization"},"potentialAction":[{"@type":"SearchAction","target":{"@type":"EntryPoint","urlTemplate":"https:\/\/hakmarfrance.online\/tr\/?s={search_term_string}"},"query-input":{"@type":"PropertyValueSpecification","valueRequired":true,"valueName":"search_term_string"}}],"inLanguage":"tr-TR"},{"@type":"Organization","@id":"https:\/\/hakmarfrance.online\/tr\/#organization","name":"hakmarfrance.online","url":"https:\/\/hakmarfrance.online\/tr\/","logo":{"@type":"ImageObject","inLanguage":"tr-TR","@id":"https:\/\/hakmarfrance.online\/tr\/#\/schema\/logo\/image\/","url":"https:\/\/hakmarfrance.online\/wp-content\/uploads\/2025\/06\/logo-hakmarfrance.png","contentUrl":"https:\/\/hakmarfrance.online\/wp-content\/uploads\/2025\/06\/logo-hakmarfrance.png","width":528,"height":232,"caption":"hakmarfrance.online"},"image":{"@id":"https:\/\/hakmarfrance.online\/tr\/#\/schema\/logo\/image\/"},"sameAs":["https:\/\/www.facebook.com\/HakmarFranceSupermarche\/?locale=fr_FR","https:\/\/www.instagram.com\/hakmarfrancesupermarche\/"]}]}},"_links":{"self":[{"href":"https:\/\/hakmarfrance.online\/tr\/wp-json\/wp\/v2\/product\/18014","targetHints":{"allow":["GET"]}}],"collection":[{"href":"https:\/\/hakmarfrance.online\/tr\/wp-json\/wp\/v2\/product"}],"about":[{"href":"https:\/\/hakmarfrance.online\/tr\/wp-json\/wp\/v2\/types\/product"}],"replies":[{"embeddable":true,"href":"https:\/\/hakmarfrance.online\/tr\/wp-json\/wp\/v2\/comments?post=18014"}],"version-history":[{"count":0,"href":"https:\/\/hakmarfrance.online\/tr\/wp-json\/wp\/v2\/product\/18014\/revisions"}],"wp:featuredmedia":[{"embeddable":true,"href":"https:\/\/hakmarfrance.online\/tr\/wp-json\/wp\/v2\/media\/18015"}],"wp:attachment":[{"href":"https:\/\/hakmarfrance.online\/tr\/wp-json\/wp\/v2\/media?parent=18014"}],"wp:term":[{"taxonomy":"product_brand","embeddable":true,"href":"https:\/\/hakmarfrance.online\/tr\/wp-json\/wp\/v2\/product_brand?post=18014"},{"taxonomy":"product_cat","embeddable":true,"href":"https:\/\/hakmarfrance.online\/tr\/wp-json\/wp\/v2\/product_cat?post=18014"},{"taxonomy":"product_tag","embeddable":true,"href":"https:\/\/hakmarfrance.online\/tr\/wp-json\/wp\/v2\/product_tag?post=18014"}],"curies":[{"name":"wp","href":"https:\/\/api.w.org\/{rel}","templated":true}]}}