{"id":18016,"date":"2025-07-09T07:06:15","date_gmt":"2025-07-09T07:06:15","guid":{"rendered":"https:\/\/hakmarfrance.online\/produit\/monster-energy-zero-sugar-top-speed-edition-500ml\/"},"modified":"2025-07-09T07:06:15","modified_gmt":"2025-07-09T07:06:15","slug":"monster-energy-zero-sugar-top-speed-edition-500ml","status":"publish","type":"product","link":"https:\/\/hakmarfrance.online\/tr\/produit\/monster-energy-zero-sugar-top-speed-edition-500ml\/","title":{"rendered":"Monster Energy Zero Sugar \u2013 Top Speed Edition \u2013 500ml"},"content":{"rendered":"","protected":false},"excerpt":{"rendered":"<p data-start=\"357\" data-end=\"572\"><strong data-start=\"402\" data-end=\"443\">Monster Energy Zero Sugar \u2013 Top Speed<\/strong> ile maksimum h\u0131za ula\u015f! G\u00fc\u00e7l\u00fc ve ferahlat\u0131c\u0131 tada sahip <strong data-start=\"487\" data-end=\"501\">\u015fekersiz<\/strong> bir i\u00e7ecekte t\u00fcm Monster enerjisi, en y\u00fcksek performans arayanlar i\u00e7in tasarland\u0131.<\/p>\n<p data-start=\"574\" data-end=\"822\">\u2714\ufe0f \u015eekersiz enerji i\u00e7ece\u011fi<br data-start=\"607\" data-end=\"610\">\u2714\ufe0f Kafein ve B vitaminleri takviyesi<br data-start=\"644\" data-end=\"647\">\u2714\ufe0f 500 ml kutu \u2013 yo\u011fun g\u00fcnler i\u00e7in<br data-start=\"696\" data-end=\"699\">\u2714\ufe0f Orijinal Monster tad\u0131, kalorisiz<br data-start=\"742\" data-end=\"745\">\u2714\ufe0f &#8220;Top Speed&#8221; dinamik tasar\u0131m\u0131, adrenalin tutkunlar\u0131 i\u00e7in ideal<\/p>\n<p data-start=\"824\" data-end=\"926\"><strong data-start=\"824\" data-end=\"856\">Performans tutkunlar\u0131n\u0131n yak\u0131t\u0131<\/strong>, egzersiz \u00f6ncesi veya uzun bir g\u00fcn boyunca so\u011fuk t\u00fcketilmelidir.<\/p>\n","protected":false},"featured_media":18017,"comment_status":"open","ping_status":"closed","template":"","meta":{"iawp_total_views":0},"product_brand":[201],"product_cat":[228,229,225],"product_tag":[],"class_list":{"0":"post-18016","1":"product","2":"type-product","3":"status-publish","4":"has-post-thumbnail","6":"product_brand-monster","7":"product_cat-icecekler","8":"product_cat-soguk-icecek","9":"product_cat-tum-urunlerimiz","11":"first","12":"instock","13":"shipping-taxable","14":"purchasable","15":"product-type-simple"},"yoast_head":"<!-- This site is optimized with the Yoast SEO plugin v27.3 - https:\/\/yoast.com\/product\/yoast-seo-wordpress\/ -->\n<title>Monster Energy Zero Sugar \u2013 Top Speed Edition \u2013 500ml - hakmarfrance.online<\/title>\n<meta name=\"robots\" content=\"index, follow, max-snippet:-1, max-image-preview:large, max-video-preview:-1\" \/>\n<link rel=\"canonical\" href=\"https:\/\/hakmarfrance.online\/tr\/produit\/monster-energy-zero-sugar-top-speed-edition-500ml\/\" \/>\n<meta property=\"og:locale\" content=\"tr_TR\" \/>\n<meta property=\"og:type\" content=\"article\" \/>\n<meta property=\"og:title\" content=\"Monster Energy Zero Sugar \u2013 Top Speed Edition \u2013 500ml - hakmarfrance.online\" \/>\n<meta property=\"og:description\" content=\"Monster Energy Zero Sugar \u2013 Top Speed ile maksimum h\u0131za ula\u015f! G\u00fc\u00e7l\u00fc ve ferahlat\u0131c\u0131 tada sahip \u015fekersiz bir i\u00e7ecekte t\u00fcm Monster enerjisi, en y\u00fcksek performans arayanlar i\u00e7in tasarland\u0131. \u2714\ufe0f \u015eekersiz enerji i\u00e7ece\u011fi\u2714\ufe0f Kafein ve B vitaminleri takviyesi\u2714\ufe0f 500 ml kutu \u2013 yo\u011fun g\u00fcnler i\u00e7in\u2714\ufe0f Orijinal Monster tad\u0131, kalorisiz\u2714\ufe0f &quot;Top Speed&quot; dinamik tasar\u0131m\u0131, adrenalin tutkunlar\u0131 i\u00e7in ideal Performans tutkunlar\u0131n\u0131n yak\u0131t\u0131, egzersiz \u00f6ncesi veya uzun bir g\u00fcn boyunca so\u011fuk t\u00fcketilmelidir.\" \/>\n<meta property=\"og:url\" content=\"https:\/\/hakmarfrance.online\/tr\/produit\/monster-energy-zero-sugar-top-speed-edition-500ml\/\" \/>\n<meta property=\"og:site_name\" content=\"hakmarfrance.online\" \/>\n<meta property=\"article:publisher\" content=\"https:\/\/www.facebook.com\/HakmarFranceSupermarche\/?locale=fr_FR\" \/>\n<meta property=\"og:image\" content=\"https:\/\/hakmarfrance.online\/wp-content\/uploads\/2025\/07\/monster-energy-zero-sugar-top-speed-500ml.avif\" \/>\n\t<meta property=\"og:image:width\" content=\"1000\" \/>\n\t<meta property=\"og:image:height\" content=\"800\" \/>\n\t<meta property=\"og:image:type\" content=\"image\/png\" \/>\n<meta name=\"twitter:card\" content=\"summary_large_image\" \/>\n<script type=\"application\/ld+json\" class=\"yoast-schema-graph\">{\"@context\":\"https:\\\/\\\/schema.org\",\"@graph\":[{\"@type\":\"WebPage\",\"@id\":\"https:\\\/\\\/hakmarfrance.online\\\/tr\\\/produit\\\/monster-energy-zero-sugar-top-speed-edition-500ml\\\/\",\"url\":\"https:\\\/\\\/hakmarfrance.online\\\/tr\\\/produit\\\/monster-energy-zero-sugar-top-speed-edition-500ml\\\/\",\"name\":\"Monster Energy Zero Sugar \u2013 Top Speed Edition \u2013 500ml - hakmarfrance.online\",\"isPartOf\":{\"@id\":\"https:\\\/\\\/hakmarfrance.online\\\/tr\\\/#website\"},\"primaryImageOfPage\":{\"@id\":\"https:\\\/\\\/hakmarfrance.online\\\/tr\\\/produit\\\/monster-energy-zero-sugar-top-speed-edition-500ml\\\/#primaryimage\"},\"image\":{\"@id\":\"https:\\\/\\\/hakmarfrance.online\\\/tr\\\/produit\\\/monster-energy-zero-sugar-top-speed-edition-500ml\\\/#primaryimage\"},\"thumbnailUrl\":\"https:\\\/\\\/hakmarfrance.online\\\/wp-content\\\/uploads\\\/2025\\\/07\\\/monster-energy-zero-sugar-top-speed-500ml.avif\",\"datePublished\":\"2025-07-09T07:06:15+00:00\",\"breadcrumb\":{\"@id\":\"https:\\\/\\\/hakmarfrance.online\\\/tr\\\/produit\\\/monster-energy-zero-sugar-top-speed-edition-500ml\\\/#breadcrumb\"},\"inLanguage\":\"tr-TR\",\"potentialAction\":[{\"@type\":\"ReadAction\",\"target\":[\"https:\\\/\\\/hakmarfrance.online\\\/tr\\\/produit\\\/monster-energy-zero-sugar-top-speed-edition-500ml\\\/\"]}]},{\"@type\":\"ImageObject\",\"inLanguage\":\"tr-TR\",\"@id\":\"https:\\\/\\\/hakmarfrance.online\\\/tr\\\/produit\\\/monster-energy-zero-sugar-top-speed-edition-500ml\\\/#primaryimage\",\"url\":\"https:\\\/\\\/hakmarfrance.online\\\/wp-content\\\/uploads\\\/2025\\\/07\\\/monster-energy-zero-sugar-top-speed-500ml.avif\",\"contentUrl\":\"https:\\\/\\\/hakmarfrance.online\\\/wp-content\\\/uploads\\\/2025\\\/07\\\/monster-energy-zero-sugar-top-speed-500ml.avif\",\"width\":1000,\"height\":800,\"caption\":\"Monster Energy Top Speed \u2013 \u015eekersiz \u2013 500 ml, kalorisiz g\u00fc\u00e7l\u00fc tada sahip enerji i\u00e7ece\u011fi\"},{\"@type\":\"BreadcrumbList\",\"@id\":\"https:\\\/\\\/hakmarfrance.online\\\/tr\\\/produit\\\/monster-energy-zero-sugar-top-speed-edition-500ml\\\/#breadcrumb\",\"itemListElement\":[{\"@type\":\"ListItem\",\"position\":1,\"name\":\"Accueil\",\"item\":\"https:\\\/\\\/hakmarfrance.online\\\/tr\\\/\"},{\"@type\":\"ListItem\",\"position\":2,\"name\":\"Ma\u011faza\",\"item\":\"https:\\\/\\\/hakmarfrance.online\\\/tr\\\/magaza\\\/\"},{\"@type\":\"ListItem\",\"position\":3,\"name\":\"Monster Energy Zero Sugar \u2013 Top Speed Edition \u2013 500ml\"}]},{\"@type\":\"WebSite\",\"@id\":\"https:\\\/\\\/hakmarfrance.online\\\/tr\\\/#website\",\"url\":\"https:\\\/\\\/hakmarfrance.online\\\/tr\\\/\",\"name\":\"hakmarfrance.online\",\"description\":\"\",\"publisher\":{\"@id\":\"https:\\\/\\\/hakmarfrance.online\\\/tr\\\/#organization\"},\"potentialAction\":[{\"@type\":\"SearchAction\",\"target\":{\"@type\":\"EntryPoint\",\"urlTemplate\":\"https:\\\/\\\/hakmarfrance.online\\\/tr\\\/?s={search_term_string}\"},\"query-input\":{\"@type\":\"PropertyValueSpecification\",\"valueRequired\":true,\"valueName\":\"search_term_string\"}}],\"inLanguage\":\"tr-TR\"},{\"@type\":\"Organization\",\"@id\":\"https:\\\/\\\/hakmarfrance.online\\\/tr\\\/#organization\",\"name\":\"hakmarfrance.online\",\"url\":\"https:\\\/\\\/hakmarfrance.online\\\/tr\\\/\",\"logo\":{\"@type\":\"ImageObject\",\"inLanguage\":\"tr-TR\",\"@id\":\"https:\\\/\\\/hakmarfrance.online\\\/tr\\\/#\\\/schema\\\/logo\\\/image\\\/\",\"url\":\"https:\\\/\\\/hakmarfrance.online\\\/wp-content\\\/uploads\\\/2025\\\/06\\\/logo-hakmarfrance.png\",\"contentUrl\":\"https:\\\/\\\/hakmarfrance.online\\\/wp-content\\\/uploads\\\/2025\\\/06\\\/logo-hakmarfrance.png\",\"width\":528,\"height\":232,\"caption\":\"hakmarfrance.online\"},\"image\":{\"@id\":\"https:\\\/\\\/hakmarfrance.online\\\/tr\\\/#\\\/schema\\\/logo\\\/image\\\/\"},\"sameAs\":[\"https:\\\/\\\/www.facebook.com\\\/HakmarFranceSupermarche\\\/?locale=fr_FR\",\"https:\\\/\\\/www.instagram.com\\\/hakmarfrancesupermarche\\\/\"]}]}<\/script>\n<!-- \/ Yoast SEO plugin. -->","yoast_head_json":{"title":"Monster Energy Zero Sugar \u2013 Top Speed Edition \u2013 500ml - hakmarfrance.online","robots":{"index":"index","follow":"follow","max-snippet":"max-snippet:-1","max-image-preview":"max-image-preview:large","max-video-preview":"max-video-preview:-1"},"canonical":"https:\/\/hakmarfrance.online\/tr\/produit\/monster-energy-zero-sugar-top-speed-edition-500ml\/","og_locale":"tr_TR","og_type":"article","og_title":"Monster Energy Zero Sugar \u2013 Top Speed Edition \u2013 500ml - hakmarfrance.online","og_description":"Monster Energy Zero Sugar \u2013 Top Speed ile maksimum h\u0131za ula\u015f! G\u00fc\u00e7l\u00fc ve ferahlat\u0131c\u0131 tada sahip \u015fekersiz bir i\u00e7ecekte t\u00fcm Monster enerjisi, en y\u00fcksek performans arayanlar i\u00e7in tasarland\u0131. \u2714\ufe0f \u015eekersiz enerji i\u00e7ece\u011fi\u2714\ufe0f Kafein ve B vitaminleri takviyesi\u2714\ufe0f 500 ml kutu \u2013 yo\u011fun g\u00fcnler i\u00e7in\u2714\ufe0f Orijinal Monster tad\u0131, kalorisiz\u2714\ufe0f \"Top Speed\" dinamik tasar\u0131m\u0131, adrenalin tutkunlar\u0131 i\u00e7in ideal Performans tutkunlar\u0131n\u0131n yak\u0131t\u0131, egzersiz \u00f6ncesi veya uzun bir g\u00fcn boyunca so\u011fuk t\u00fcketilmelidir.","og_url":"https:\/\/hakmarfrance.online\/tr\/produit\/monster-energy-zero-sugar-top-speed-edition-500ml\/","og_site_name":"hakmarfrance.online","article_publisher":"https:\/\/www.facebook.com\/HakmarFranceSupermarche\/?locale=fr_FR","og_image":[{"width":1000,"height":800,"url":"https:\/\/hakmarfrance.online\/wp-content\/uploads\/2025\/07\/monster-energy-zero-sugar-top-speed-500ml.avif","type":"image\/png"}],"twitter_card":"summary_large_image","schema":{"@context":"https:\/\/schema.org","@graph":[{"@type":"WebPage","@id":"https:\/\/hakmarfrance.online\/tr\/produit\/monster-energy-zero-sugar-top-speed-edition-500ml\/","url":"https:\/\/hakmarfrance.online\/tr\/produit\/monster-energy-zero-sugar-top-speed-edition-500ml\/","name":"Monster Energy Zero Sugar \u2013 Top Speed Edition \u2013 500ml - hakmarfrance.online","isPartOf":{"@id":"https:\/\/hakmarfrance.online\/tr\/#website"},"primaryImageOfPage":{"@id":"https:\/\/hakmarfrance.online\/tr\/produit\/monster-energy-zero-sugar-top-speed-edition-500ml\/#primaryimage"},"image":{"@id":"https:\/\/hakmarfrance.online\/tr\/produit\/monster-energy-zero-sugar-top-speed-edition-500ml\/#primaryimage"},"thumbnailUrl":"https:\/\/hakmarfrance.online\/wp-content\/uploads\/2025\/07\/monster-energy-zero-sugar-top-speed-500ml.avif","datePublished":"2025-07-09T07:06:15+00:00","breadcrumb":{"@id":"https:\/\/hakmarfrance.online\/tr\/produit\/monster-energy-zero-sugar-top-speed-edition-500ml\/#breadcrumb"},"inLanguage":"tr-TR","potentialAction":[{"@type":"ReadAction","target":["https:\/\/hakmarfrance.online\/tr\/produit\/monster-energy-zero-sugar-top-speed-edition-500ml\/"]}]},{"@type":"ImageObject","inLanguage":"tr-TR","@id":"https:\/\/hakmarfrance.online\/tr\/produit\/monster-energy-zero-sugar-top-speed-edition-500ml\/#primaryimage","url":"https:\/\/hakmarfrance.online\/wp-content\/uploads\/2025\/07\/monster-energy-zero-sugar-top-speed-500ml.avif","contentUrl":"https:\/\/hakmarfrance.online\/wp-content\/uploads\/2025\/07\/monster-energy-zero-sugar-top-speed-500ml.avif","width":1000,"height":800,"caption":"Monster Energy Top Speed \u2013 \u015eekersiz \u2013 500 ml, kalorisiz g\u00fc\u00e7l\u00fc tada sahip enerji i\u00e7ece\u011fi"},{"@type":"BreadcrumbList","@id":"https:\/\/hakmarfrance.online\/tr\/produit\/monster-energy-zero-sugar-top-speed-edition-500ml\/#breadcrumb","itemListElement":[{"@type":"ListItem","position":1,"name":"Accueil","item":"https:\/\/hakmarfrance.online\/tr\/"},{"@type":"ListItem","position":2,"name":"Ma\u011faza","item":"https:\/\/hakmarfrance.online\/tr\/magaza\/"},{"@type":"ListItem","position":3,"name":"Monster Energy Zero Sugar \u2013 Top Speed Edition \u2013 500ml"}]},{"@type":"WebSite","@id":"https:\/\/hakmarfrance.online\/tr\/#website","url":"https:\/\/hakmarfrance.online\/tr\/","name":"hakmarfrance.online","description":"","publisher":{"@id":"https:\/\/hakmarfrance.online\/tr\/#organization"},"potentialAction":[{"@type":"SearchAction","target":{"@type":"EntryPoint","urlTemplate":"https:\/\/hakmarfrance.online\/tr\/?s={search_term_string}"},"query-input":{"@type":"PropertyValueSpecification","valueRequired":true,"valueName":"search_term_string"}}],"inLanguage":"tr-TR"},{"@type":"Organization","@id":"https:\/\/hakmarfrance.online\/tr\/#organization","name":"hakmarfrance.online","url":"https:\/\/hakmarfrance.online\/tr\/","logo":{"@type":"ImageObject","inLanguage":"tr-TR","@id":"https:\/\/hakmarfrance.online\/tr\/#\/schema\/logo\/image\/","url":"https:\/\/hakmarfrance.online\/wp-content\/uploads\/2025\/06\/logo-hakmarfrance.png","contentUrl":"https:\/\/hakmarfrance.online\/wp-content\/uploads\/2025\/06\/logo-hakmarfrance.png","width":528,"height":232,"caption":"hakmarfrance.online"},"image":{"@id":"https:\/\/hakmarfrance.online\/tr\/#\/schema\/logo\/image\/"},"sameAs":["https:\/\/www.facebook.com\/HakmarFranceSupermarche\/?locale=fr_FR","https:\/\/www.instagram.com\/hakmarfrancesupermarche\/"]}]}},"_links":{"self":[{"href":"https:\/\/hakmarfrance.online\/tr\/wp-json\/wp\/v2\/product\/18016","targetHints":{"allow":["GET"]}}],"collection":[{"href":"https:\/\/hakmarfrance.online\/tr\/wp-json\/wp\/v2\/product"}],"about":[{"href":"https:\/\/hakmarfrance.online\/tr\/wp-json\/wp\/v2\/types\/product"}],"replies":[{"embeddable":true,"href":"https:\/\/hakmarfrance.online\/tr\/wp-json\/wp\/v2\/comments?post=18016"}],"version-history":[{"count":0,"href":"https:\/\/hakmarfrance.online\/tr\/wp-json\/wp\/v2\/product\/18016\/revisions"}],"wp:featuredmedia":[{"embeddable":true,"href":"https:\/\/hakmarfrance.online\/tr\/wp-json\/wp\/v2\/media\/18017"}],"wp:attachment":[{"href":"https:\/\/hakmarfrance.online\/tr\/wp-json\/wp\/v2\/media?parent=18016"}],"wp:term":[{"taxonomy":"product_brand","embeddable":true,"href":"https:\/\/hakmarfrance.online\/tr\/wp-json\/wp\/v2\/product_brand?post=18016"},{"taxonomy":"product_cat","embeddable":true,"href":"https:\/\/hakmarfrance.online\/tr\/wp-json\/wp\/v2\/product_cat?post=18016"},{"taxonomy":"product_tag","embeddable":true,"href":"https:\/\/hakmarfrance.online\/tr\/wp-json\/wp\/v2\/product_tag?post=18016"}],"curies":[{"name":"wp","href":"https:\/\/api.w.org\/{rel}","templated":true}]}}