{"id":18018,"date":"2025-07-04T20:56:11","date_gmt":"2025-07-04T20:56:11","guid":{"rendered":"https:\/\/hakmarfrance.online\/produit\/cif-cleanboost-mutfak-banyo-spreyi-5i-1-arada-dogal-yag-cozucu-kirec-cozucu\/"},"modified":"2025-07-04T20:56:11","modified_gmt":"2025-07-04T20:56:11","slug":"cif-cleanboost-mutfak-banyo-spreyi-5i-1-arada-dogal-yag-cozucu-kirec-cozucu","status":"publish","type":"product","link":"https:\/\/hakmarfrance.online\/tr\/produit\/cif-cleanboost-mutfak-banyo-spreyi-5i-1-arada-dogal-yag-cozucu-kirec-cozucu\/","title":{"rendered":"Cif Cleanboost \u2013 Mutfak &amp; Banyo Spreyi 5&#8217;i 1 Arada \u2013 Do\u011fal Ya\u011f \u00c7\u00f6z\u00fcc\u00fc &amp; Kire\u00e7 \u00c7\u00f6z\u00fcc\u00fc"},"content":{"rendered":"","protected":false},"excerpt":{"rendered":"<p data-start=\"382\" data-end=\"497\"><strong data-start=\"382\" data-end=\"431\">Cif Mutfak &amp; Banyo Cleanboost 5&#8217;i 1 Arada<\/strong> evinizi zahmetsizce p\u0131r\u0131l p\u0131r\u0131l temiz tutmana yard\u0131mc\u0131 olur.<\/p>\n<p data-start=\"499\" data-end=\"754\"><strong data-start=\"530\" data-end=\"560\">Do\u011fal k\u00f6kenli maddelerle<\/strong> zenginle\u015ftirilmi\u015f form\u00fcl\u00fc sayesinde, bu \u00e7ok fonksiyonlu sprey derinlemesine temizler ve <strong data-start=\"621\" data-end=\"655\">kal\u0131c\u0131 ferahl\u0131k hissi<\/strong> b\u0131rak\u0131r. \u0130nat\u00e7\u0131 ya\u011flar\u0131, kire\u00e7i, sabun kal\u0131nt\u0131lar\u0131n\u0131 giderir ve y\u00fczeylere parlakl\u0131k kazand\u0131r\u0131r. <\/p>\n<p data-start=\"756\" data-end=\"780\">\u2728 <strong data-start=\"758\" data-end=\"776\">5 i\u015flem 1 arada<\/strong>:<\/p>\n<ol data-start=\"781\" data-end=\"866\">\n<li data-start=\"781\" data-end=\"793\">\n<p data-start=\"784\" data-end=\"793\">Temizler<\/p>\n<\/li>\n<li data-start=\"794\" data-end=\"808\">\n<p data-start=\"797\" data-end=\"808\">Ya\u011f \u00e7\u00f6zer<\/p>\n<\/li>\n<li data-start=\"809\" data-end=\"822\">\n<p data-start=\"812\" data-end=\"822\">Kire\u00e7 \u00e7\u00f6zer<\/p>\n<\/li>\n<li data-start=\"823\" data-end=\"840\">\n<p data-start=\"826\" data-end=\"840\">Parlat\u0131r<\/p>\n<\/li>\n<li data-start=\"841\" data-end=\"866\">\n<p data-start=\"844\" data-end=\"866\">Taze koku b\u0131rak\u0131r<\/p>\n<\/li>\n<\/ol>\n<p data-start=\"868\" data-end=\"1052\">\ud83c\udf31 <strong data-start=\"871\" data-end=\"905\">\u00c7evre dostu<\/strong>: do\u011fal k\u00f6kenli bile\u015fenlerden olu\u015fan form\u00fcl<br data-start=\"956\" data-end=\"959\">\ud83e\uddf4 <strong data-start=\"962\" data-end=\"1001\">Ergonomik ve kullan\u0131m\u0131 kolay<\/strong><br data-start=\"1001\" data-end=\"1004\">\ud83d\udcaa <strong data-start=\"1007\" data-end=\"1052\">Mutfak ve banyo i\u00e7in ideal<\/strong><\/p>\n","protected":false},"featured_media":18019,"comment_status":"open","ping_status":"closed","template":"","meta":{"iawp_total_views":0},"product_brand":[204],"product_cat":[284,225],"product_tag":[],"class_list":{"0":"post-18018","1":"product","2":"type-product","3":"status-publish","4":"has-post-thumbnail","6":"product_brand-cif","7":"product_cat-hijyen-bakim","8":"product_cat-tum-urunlerimiz","10":"first","11":"instock","12":"shipping-taxable","13":"purchasable","14":"product-type-simple"},"yoast_head":"<!-- This site is optimized with the Yoast SEO plugin v27.3 - https:\/\/yoast.com\/product\/yoast-seo-wordpress\/ -->\n<title>Cif Cleanboost \u2013 Mutfak &amp; Banyo Spreyi 5&#039;i 1 Arada \u2013 Do\u011fal Ya\u011f \u00c7\u00f6z\u00fcc\u00fc &amp; Kire\u00e7 \u00c7\u00f6z\u00fcc\u00fc - hakmarfrance.online<\/title>\n<meta name=\"robots\" content=\"index, follow, max-snippet:-1, max-image-preview:large, max-video-preview:-1\" \/>\n<link rel=\"canonical\" href=\"https:\/\/hakmarfrance.online\/tr\/produit\/cif-cleanboost-mutfak-banyo-spreyi-5i-1-arada-dogal-yag-cozucu-kirec-cozucu\/\" \/>\n<meta property=\"og:locale\" content=\"tr_TR\" \/>\n<meta property=\"og:type\" content=\"article\" \/>\n<meta property=\"og:title\" content=\"Cif Cleanboost \u2013 Mutfak &amp; Banyo Spreyi 5&#039;i 1 Arada \u2013 Do\u011fal Ya\u011f \u00c7\u00f6z\u00fcc\u00fc &amp; Kire\u00e7 \u00c7\u00f6z\u00fcc\u00fc - hakmarfrance.online\" \/>\n<meta property=\"og:description\" content=\"Cif Mutfak &amp; Banyo Cleanboost 5&#039;i 1 Arada evinizi zahmetsizce p\u0131r\u0131l p\u0131r\u0131l temiz tutmana yard\u0131mc\u0131 olur. Do\u011fal k\u00f6kenli maddelerle zenginle\u015ftirilmi\u015f form\u00fcl\u00fc sayesinde, bu \u00e7ok fonksiyonlu sprey derinlemesine temizler ve kal\u0131c\u0131 ferahl\u0131k hissi b\u0131rak\u0131r. \u0130nat\u00e7\u0131 ya\u011flar\u0131, kire\u00e7i, sabun kal\u0131nt\u0131lar\u0131n\u0131 giderir ve y\u00fczeylere parlakl\u0131k kazand\u0131r\u0131r. \u2728 5 i\u015flem 1 arada:   Temizler   Ya\u011f \u00e7\u00f6zer   Kire\u00e7 \u00e7\u00f6zer   Parlat\u0131r   Taze koku b\u0131rak\u0131r  \ud83c\udf31 \u00c7evre dostu: do\u011fal k\u00f6kenli bile\u015fenlerden olu\u015fan form\u00fcl\ud83e\uddf4 Ergonomik ve kullan\u0131m\u0131 kolay\ud83d\udcaa Mutfak ve banyo i\u00e7in ideal\" \/>\n<meta property=\"og:url\" content=\"https:\/\/hakmarfrance.online\/tr\/produit\/cif-cleanboost-mutfak-banyo-spreyi-5i-1-arada-dogal-yag-cozucu-kirec-cozucu\/\" \/>\n<meta property=\"og:site_name\" content=\"hakmarfrance.online\" \/>\n<meta property=\"article:publisher\" content=\"https:\/\/www.facebook.com\/HakmarFranceSupermarche\/?locale=fr_FR\" \/>\n<meta property=\"og:image\" content=\"https:\/\/hakmarfrance.online\/wp-content\/uploads\/2025\/07\/cif-spray-nettoyant-cuisine-salle-de-bain-5en1.avif\" \/>\n\t<meta property=\"og:image:width\" content=\"1000\" \/>\n\t<meta property=\"og:image:height\" content=\"800\" \/>\n\t<meta property=\"og:image:type\" content=\"image\/png\" \/>\n<meta name=\"twitter:card\" content=\"summary_large_image\" \/>\n<script type=\"application\/ld+json\" class=\"yoast-schema-graph\">{\"@context\":\"https:\\\/\\\/schema.org\",\"@graph\":[{\"@type\":\"WebPage\",\"@id\":\"https:\\\/\\\/hakmarfrance.online\\\/tr\\\/produit\\\/cif-cleanboost-mutfak-banyo-spreyi-5i-1-arada-dogal-yag-cozucu-kirec-cozucu\\\/\",\"url\":\"https:\\\/\\\/hakmarfrance.online\\\/tr\\\/produit\\\/cif-cleanboost-mutfak-banyo-spreyi-5i-1-arada-dogal-yag-cozucu-kirec-cozucu\\\/\",\"name\":\"Cif Cleanboost \u2013 Mutfak &amp; Banyo Spreyi 5'i 1 Arada \u2013 Do\u011fal Ya\u011f \u00c7\u00f6z\u00fcc\u00fc &amp; Kire\u00e7 \u00c7\u00f6z\u00fcc\u00fc - hakmarfrance.online\",\"isPartOf\":{\"@id\":\"https:\\\/\\\/hakmarfrance.online\\\/tr\\\/#website\"},\"primaryImageOfPage\":{\"@id\":\"https:\\\/\\\/hakmarfrance.online\\\/tr\\\/produit\\\/cif-cleanboost-mutfak-banyo-spreyi-5i-1-arada-dogal-yag-cozucu-kirec-cozucu\\\/#primaryimage\"},\"image\":{\"@id\":\"https:\\\/\\\/hakmarfrance.online\\\/tr\\\/produit\\\/cif-cleanboost-mutfak-banyo-spreyi-5i-1-arada-dogal-yag-cozucu-kirec-cozucu\\\/#primaryimage\"},\"thumbnailUrl\":\"https:\\\/\\\/hakmarfrance.online\\\/wp-content\\\/uploads\\\/2025\\\/07\\\/cif-spray-nettoyant-cuisine-salle-de-bain-5en1.avif\",\"datePublished\":\"2025-07-04T20:56:11+00:00\",\"breadcrumb\":{\"@id\":\"https:\\\/\\\/hakmarfrance.online\\\/tr\\\/produit\\\/cif-cleanboost-mutfak-banyo-spreyi-5i-1-arada-dogal-yag-cozucu-kirec-cozucu\\\/#breadcrumb\"},\"inLanguage\":\"tr-TR\",\"potentialAction\":[{\"@type\":\"ReadAction\",\"target\":[\"https:\\\/\\\/hakmarfrance.online\\\/tr\\\/produit\\\/cif-cleanboost-mutfak-banyo-spreyi-5i-1-arada-dogal-yag-cozucu-kirec-cozucu\\\/\"]}]},{\"@type\":\"ImageObject\",\"inLanguage\":\"tr-TR\",\"@id\":\"https:\\\/\\\/hakmarfrance.online\\\/tr\\\/produit\\\/cif-cleanboost-mutfak-banyo-spreyi-5i-1-arada-dogal-yag-cozucu-kirec-cozucu\\\/#primaryimage\",\"url\":\"https:\\\/\\\/hakmarfrance.online\\\/wp-content\\\/uploads\\\/2025\\\/07\\\/cif-spray-nettoyant-cuisine-salle-de-bain-5en1.avif\",\"contentUrl\":\"https:\\\/\\\/hakmarfrance.online\\\/wp-content\\\/uploads\\\/2025\\\/07\\\/cif-spray-nettoyant-cuisine-salle-de-bain-5en1.avif\",\"width\":1000,\"height\":800,\"caption\":\"Cif Cleanboost Spreyi \u2013 Kusursuz mutfak ve banyo i\u00e7in\"},{\"@type\":\"BreadcrumbList\",\"@id\":\"https:\\\/\\\/hakmarfrance.online\\\/tr\\\/produit\\\/cif-cleanboost-mutfak-banyo-spreyi-5i-1-arada-dogal-yag-cozucu-kirec-cozucu\\\/#breadcrumb\",\"itemListElement\":[{\"@type\":\"ListItem\",\"position\":1,\"name\":\"Accueil\",\"item\":\"https:\\\/\\\/hakmarfrance.online\\\/tr\\\/\"},{\"@type\":\"ListItem\",\"position\":2,\"name\":\"Ma\u011faza\",\"item\":\"https:\\\/\\\/hakmarfrance.online\\\/tr\\\/magaza\\\/\"},{\"@type\":\"ListItem\",\"position\":3,\"name\":\"Cif Cleanboost \u2013 Mutfak &amp; Banyo Spreyi 5&rsquo;i 1 Arada \u2013 Do\u011fal Ya\u011f \u00c7\u00f6z\u00fcc\u00fc &amp; Kire\u00e7 \u00c7\u00f6z\u00fcc\u00fc\"}]},{\"@type\":\"WebSite\",\"@id\":\"https:\\\/\\\/hakmarfrance.online\\\/tr\\\/#website\",\"url\":\"https:\\\/\\\/hakmarfrance.online\\\/tr\\\/\",\"name\":\"hakmarfrance.online\",\"description\":\"\",\"publisher\":{\"@id\":\"https:\\\/\\\/hakmarfrance.online\\\/tr\\\/#organization\"},\"potentialAction\":[{\"@type\":\"SearchAction\",\"target\":{\"@type\":\"EntryPoint\",\"urlTemplate\":\"https:\\\/\\\/hakmarfrance.online\\\/tr\\\/?s={search_term_string}\"},\"query-input\":{\"@type\":\"PropertyValueSpecification\",\"valueRequired\":true,\"valueName\":\"search_term_string\"}}],\"inLanguage\":\"tr-TR\"},{\"@type\":\"Organization\",\"@id\":\"https:\\\/\\\/hakmarfrance.online\\\/tr\\\/#organization\",\"name\":\"hakmarfrance.online\",\"url\":\"https:\\\/\\\/hakmarfrance.online\\\/tr\\\/\",\"logo\":{\"@type\":\"ImageObject\",\"inLanguage\":\"tr-TR\",\"@id\":\"https:\\\/\\\/hakmarfrance.online\\\/tr\\\/#\\\/schema\\\/logo\\\/image\\\/\",\"url\":\"https:\\\/\\\/hakmarfrance.online\\\/wp-content\\\/uploads\\\/2025\\\/06\\\/logo-hakmarfrance.png\",\"contentUrl\":\"https:\\\/\\\/hakmarfrance.online\\\/wp-content\\\/uploads\\\/2025\\\/06\\\/logo-hakmarfrance.png\",\"width\":528,\"height\":232,\"caption\":\"hakmarfrance.online\"},\"image\":{\"@id\":\"https:\\\/\\\/hakmarfrance.online\\\/tr\\\/#\\\/schema\\\/logo\\\/image\\\/\"},\"sameAs\":[\"https:\\\/\\\/www.facebook.com\\\/HakmarFranceSupermarche\\\/?locale=fr_FR\",\"https:\\\/\\\/www.instagram.com\\\/hakmarfrancesupermarche\\\/\"]}]}<\/script>\n<!-- \/ Yoast SEO plugin. -->","yoast_head_json":{"title":"Cif Cleanboost \u2013 Mutfak &amp; Banyo Spreyi 5'i 1 Arada \u2013 Do\u011fal Ya\u011f \u00c7\u00f6z\u00fcc\u00fc &amp; Kire\u00e7 \u00c7\u00f6z\u00fcc\u00fc - hakmarfrance.online","robots":{"index":"index","follow":"follow","max-snippet":"max-snippet:-1","max-image-preview":"max-image-preview:large","max-video-preview":"max-video-preview:-1"},"canonical":"https:\/\/hakmarfrance.online\/tr\/produit\/cif-cleanboost-mutfak-banyo-spreyi-5i-1-arada-dogal-yag-cozucu-kirec-cozucu\/","og_locale":"tr_TR","og_type":"article","og_title":"Cif Cleanboost \u2013 Mutfak &amp; Banyo Spreyi 5'i 1 Arada \u2013 Do\u011fal Ya\u011f \u00c7\u00f6z\u00fcc\u00fc &amp; Kire\u00e7 \u00c7\u00f6z\u00fcc\u00fc - hakmarfrance.online","og_description":"Cif Mutfak &amp; Banyo Cleanboost 5'i 1 Arada evinizi zahmetsizce p\u0131r\u0131l p\u0131r\u0131l temiz tutmana yard\u0131mc\u0131 olur. Do\u011fal k\u00f6kenli maddelerle zenginle\u015ftirilmi\u015f form\u00fcl\u00fc sayesinde, bu \u00e7ok fonksiyonlu sprey derinlemesine temizler ve kal\u0131c\u0131 ferahl\u0131k hissi b\u0131rak\u0131r. \u0130nat\u00e7\u0131 ya\u011flar\u0131, kire\u00e7i, sabun kal\u0131nt\u0131lar\u0131n\u0131 giderir ve y\u00fczeylere parlakl\u0131k kazand\u0131r\u0131r. \u2728 5 i\u015flem 1 arada:   Temizler   Ya\u011f \u00e7\u00f6zer   Kire\u00e7 \u00e7\u00f6zer   Parlat\u0131r   Taze koku b\u0131rak\u0131r  \ud83c\udf31 \u00c7evre dostu: do\u011fal k\u00f6kenli bile\u015fenlerden olu\u015fan form\u00fcl\ud83e\uddf4 Ergonomik ve kullan\u0131m\u0131 kolay\ud83d\udcaa Mutfak ve banyo i\u00e7in ideal","og_url":"https:\/\/hakmarfrance.online\/tr\/produit\/cif-cleanboost-mutfak-banyo-spreyi-5i-1-arada-dogal-yag-cozucu-kirec-cozucu\/","og_site_name":"hakmarfrance.online","article_publisher":"https:\/\/www.facebook.com\/HakmarFranceSupermarche\/?locale=fr_FR","og_image":[{"width":1000,"height":800,"url":"https:\/\/hakmarfrance.online\/wp-content\/uploads\/2025\/07\/cif-spray-nettoyant-cuisine-salle-de-bain-5en1.avif","type":"image\/png"}],"twitter_card":"summary_large_image","schema":{"@context":"https:\/\/schema.org","@graph":[{"@type":"WebPage","@id":"https:\/\/hakmarfrance.online\/tr\/produit\/cif-cleanboost-mutfak-banyo-spreyi-5i-1-arada-dogal-yag-cozucu-kirec-cozucu\/","url":"https:\/\/hakmarfrance.online\/tr\/produit\/cif-cleanboost-mutfak-banyo-spreyi-5i-1-arada-dogal-yag-cozucu-kirec-cozucu\/","name":"Cif Cleanboost \u2013 Mutfak &amp; Banyo Spreyi 5'i 1 Arada \u2013 Do\u011fal Ya\u011f \u00c7\u00f6z\u00fcc\u00fc &amp; Kire\u00e7 \u00c7\u00f6z\u00fcc\u00fc - hakmarfrance.online","isPartOf":{"@id":"https:\/\/hakmarfrance.online\/tr\/#website"},"primaryImageOfPage":{"@id":"https:\/\/hakmarfrance.online\/tr\/produit\/cif-cleanboost-mutfak-banyo-spreyi-5i-1-arada-dogal-yag-cozucu-kirec-cozucu\/#primaryimage"},"image":{"@id":"https:\/\/hakmarfrance.online\/tr\/produit\/cif-cleanboost-mutfak-banyo-spreyi-5i-1-arada-dogal-yag-cozucu-kirec-cozucu\/#primaryimage"},"thumbnailUrl":"https:\/\/hakmarfrance.online\/wp-content\/uploads\/2025\/07\/cif-spray-nettoyant-cuisine-salle-de-bain-5en1.avif","datePublished":"2025-07-04T20:56:11+00:00","breadcrumb":{"@id":"https:\/\/hakmarfrance.online\/tr\/produit\/cif-cleanboost-mutfak-banyo-spreyi-5i-1-arada-dogal-yag-cozucu-kirec-cozucu\/#breadcrumb"},"inLanguage":"tr-TR","potentialAction":[{"@type":"ReadAction","target":["https:\/\/hakmarfrance.online\/tr\/produit\/cif-cleanboost-mutfak-banyo-spreyi-5i-1-arada-dogal-yag-cozucu-kirec-cozucu\/"]}]},{"@type":"ImageObject","inLanguage":"tr-TR","@id":"https:\/\/hakmarfrance.online\/tr\/produit\/cif-cleanboost-mutfak-banyo-spreyi-5i-1-arada-dogal-yag-cozucu-kirec-cozucu\/#primaryimage","url":"https:\/\/hakmarfrance.online\/wp-content\/uploads\/2025\/07\/cif-spray-nettoyant-cuisine-salle-de-bain-5en1.avif","contentUrl":"https:\/\/hakmarfrance.online\/wp-content\/uploads\/2025\/07\/cif-spray-nettoyant-cuisine-salle-de-bain-5en1.avif","width":1000,"height":800,"caption":"Cif Cleanboost Spreyi \u2013 Kusursuz mutfak ve banyo i\u00e7in"},{"@type":"BreadcrumbList","@id":"https:\/\/hakmarfrance.online\/tr\/produit\/cif-cleanboost-mutfak-banyo-spreyi-5i-1-arada-dogal-yag-cozucu-kirec-cozucu\/#breadcrumb","itemListElement":[{"@type":"ListItem","position":1,"name":"Accueil","item":"https:\/\/hakmarfrance.online\/tr\/"},{"@type":"ListItem","position":2,"name":"Ma\u011faza","item":"https:\/\/hakmarfrance.online\/tr\/magaza\/"},{"@type":"ListItem","position":3,"name":"Cif Cleanboost \u2013 Mutfak &amp; Banyo Spreyi 5&rsquo;i 1 Arada \u2013 Do\u011fal Ya\u011f \u00c7\u00f6z\u00fcc\u00fc &amp; Kire\u00e7 \u00c7\u00f6z\u00fcc\u00fc"}]},{"@type":"WebSite","@id":"https:\/\/hakmarfrance.online\/tr\/#website","url":"https:\/\/hakmarfrance.online\/tr\/","name":"hakmarfrance.online","description":"","publisher":{"@id":"https:\/\/hakmarfrance.online\/tr\/#organization"},"potentialAction":[{"@type":"SearchAction","target":{"@type":"EntryPoint","urlTemplate":"https:\/\/hakmarfrance.online\/tr\/?s={search_term_string}"},"query-input":{"@type":"PropertyValueSpecification","valueRequired":true,"valueName":"search_term_string"}}],"inLanguage":"tr-TR"},{"@type":"Organization","@id":"https:\/\/hakmarfrance.online\/tr\/#organization","name":"hakmarfrance.online","url":"https:\/\/hakmarfrance.online\/tr\/","logo":{"@type":"ImageObject","inLanguage":"tr-TR","@id":"https:\/\/hakmarfrance.online\/tr\/#\/schema\/logo\/image\/","url":"https:\/\/hakmarfrance.online\/wp-content\/uploads\/2025\/06\/logo-hakmarfrance.png","contentUrl":"https:\/\/hakmarfrance.online\/wp-content\/uploads\/2025\/06\/logo-hakmarfrance.png","width":528,"height":232,"caption":"hakmarfrance.online"},"image":{"@id":"https:\/\/hakmarfrance.online\/tr\/#\/schema\/logo\/image\/"},"sameAs":["https:\/\/www.facebook.com\/HakmarFranceSupermarche\/?locale=fr_FR","https:\/\/www.instagram.com\/hakmarfrancesupermarche\/"]}]}},"_links":{"self":[{"href":"https:\/\/hakmarfrance.online\/tr\/wp-json\/wp\/v2\/product\/18018","targetHints":{"allow":["GET"]}}],"collection":[{"href":"https:\/\/hakmarfrance.online\/tr\/wp-json\/wp\/v2\/product"}],"about":[{"href":"https:\/\/hakmarfrance.online\/tr\/wp-json\/wp\/v2\/types\/product"}],"replies":[{"embeddable":true,"href":"https:\/\/hakmarfrance.online\/tr\/wp-json\/wp\/v2\/comments?post=18018"}],"version-history":[{"count":0,"href":"https:\/\/hakmarfrance.online\/tr\/wp-json\/wp\/v2\/product\/18018\/revisions"}],"wp:featuredmedia":[{"embeddable":true,"href":"https:\/\/hakmarfrance.online\/tr\/wp-json\/wp\/v2\/media\/18019"}],"wp:attachment":[{"href":"https:\/\/hakmarfrance.online\/tr\/wp-json\/wp\/v2\/media?parent=18018"}],"wp:term":[{"taxonomy":"product_brand","embeddable":true,"href":"https:\/\/hakmarfrance.online\/tr\/wp-json\/wp\/v2\/product_brand?post=18018"},{"taxonomy":"product_cat","embeddable":true,"href":"https:\/\/hakmarfrance.online\/tr\/wp-json\/wp\/v2\/product_cat?post=18018"},{"taxonomy":"product_tag","embeddable":true,"href":"https:\/\/hakmarfrance.online\/tr\/wp-json\/wp\/v2\/product_tag?post=18018"}],"curies":[{"name":"wp","href":"https:\/\/api.w.org\/{rel}","templated":true}]}}