{"id":18020,"date":"2025-06-19T08:15:06","date_gmt":"2025-06-19T08:15:06","guid":{"rendered":"https:\/\/hakmarfrance.online\/produit\/gazi-kremamsi-yogurt-%10-yag\/"},"modified":"2025-06-19T08:15:06","modified_gmt":"2025-06-19T08:15:06","slug":"gazi-kremamsi-yogurt-%10-yag","status":"publish","type":"product","link":"https:\/\/hakmarfrance.online\/tr\/produit\/gazi-kremamsi-yogurt-%10-yag\/","title":{"rendered":"GAZ\u0130 Kremams\u0131 Yo\u011furt \u2013 %10 Ya\u011f"},"content":{"rendered":"","protected":false},"excerpt":{"rendered":"<p data-start=\"313\" data-end=\"515\">Krema ve lezzet a\u00e7\u0131s\u0131ndan zengin <strong data-start=\"361\" data-end=\"382\">GAZ\u0130 Sahne yo\u011furt<\/strong> ile ultra kremams\u0131 bir dokunun tad\u0131n\u0131 \u00e7\u0131kar. <strong data-start=\"420\" data-end=\"446\">%10 ya\u011f oran\u0131<\/strong> ile, yo\u011fun ve lezzetli yo\u011furtlar\u0131 sevenler i\u00e7in m\u00fckemmel. <\/p>\n<p data-start=\"517\" data-end=\"668\">\u2714\ufe0f Tam ya\u011fl\u0131 s\u00fct ve kremal\u0131 yo\u011furt<br data-start=\"550\" data-end=\"553\">\u2714\ufe0f Yo\u011fun ve a\u011f\u0131zda eriyen doku<br data-start=\"583\" data-end=\"586\">\u2714\ufe0f Tatl\u0131 olarak, bal veya meyveyle ideal<br data-start=\"633\" data-end=\"636\">\u2714\ufe0f Ekonomik b\u00fcy\u00fck boy \u2013 1 kg<\/p>\n<p data-start=\"670\" data-end=\"760\">Kremams\u0131 tarifler i\u00e7in ya da sade, do\u011fal bir keyif an\u0131 i\u00e7in vazge\u00e7ilmez.<\/p>\n","protected":false},"featured_media":18021,"comment_status":"open","ping_status":"closed","template":"","meta":{"iawp_total_views":0},"product_brand":[174],"product_cat":[286,283,227,287,225],"product_tag":[],"class_list":{"0":"post-18020","1":"product","2":"type-product","3":"status-publish","4":"has-post-thumbnail","6":"product_brand-gazi","7":"product_cat-dogu-marketi","8":"product_cat-et-balik-sarkuteri","9":"product_cat-geleneksel-turk-urunleri","10":"product_cat-taze-urunler-sut-urunleri-mandira","11":"product_cat-tum-urunlerimiz","13":"first","14":"instock","15":"shipping-taxable","16":"purchasable","17":"product-type-simple"},"yoast_head":"<!-- This site is optimized with the Yoast SEO plugin v27.3 - https:\/\/yoast.com\/product\/yoast-seo-wordpress\/ -->\n<title>GAZ\u0130 Kremams\u0131 Yo\u011furt \u2013 %10 Ya\u011f - hakmarfrance.online<\/title>\n<meta name=\"robots\" content=\"index, follow, max-snippet:-1, max-image-preview:large, max-video-preview:-1\" \/>\n<link rel=\"canonical\" href=\"https:\/\/hakmarfrance.online\/tr\/produit\/gazi-kremamsi-yogurt-%10-yag\/\" \/>\n<meta property=\"og:locale\" content=\"tr_TR\" \/>\n<meta property=\"og:type\" content=\"article\" \/>\n<meta property=\"og:title\" content=\"GAZ\u0130 Kremams\u0131 Yo\u011furt \u2013 %10 Ya\u011f - hakmarfrance.online\" \/>\n<meta property=\"og:description\" content=\"Krema ve lezzet a\u00e7\u0131s\u0131ndan zengin GAZ\u0130 Sahne yo\u011furt ile ultra kremams\u0131 bir dokunun tad\u0131n\u0131 \u00e7\u0131kar. %10 ya\u011f oran\u0131 ile, yo\u011fun ve lezzetli yo\u011furtlar\u0131 sevenler i\u00e7in m\u00fckemmel. \u2714\ufe0f Tam ya\u011fl\u0131 s\u00fct ve kremal\u0131 yo\u011furt\u2714\ufe0f Yo\u011fun ve a\u011f\u0131zda eriyen doku\u2714\ufe0f Tatl\u0131 olarak, bal veya meyveyle ideal\u2714\ufe0f Ekonomik b\u00fcy\u00fck boy \u2013 1 kg Kremams\u0131 tarifler i\u00e7in ya da sade, do\u011fal bir keyif an\u0131 i\u00e7in vazge\u00e7ilmez.\" \/>\n<meta property=\"og:url\" content=\"https:\/\/hakmarfrance.online\/tr\/produit\/gazi-kremamsi-yogurt-%10-yag\/\" \/>\n<meta property=\"og:site_name\" content=\"hakmarfrance.online\" \/>\n<meta property=\"article:publisher\" content=\"https:\/\/www.facebook.com\/HakmarFranceSupermarche\/?locale=fr_FR\" \/>\n<meta property=\"og:image\" content=\"https:\/\/hakmarfrance.online\/wp-content\/uploads\/2025\/06\/Gazi_yaourt_jaune.avif\" \/>\n\t<meta property=\"og:image:width\" content=\"1000\" \/>\n\t<meta property=\"og:image:height\" content=\"800\" \/>\n\t<meta property=\"og:image:type\" content=\"image\/png\" \/>\n<meta name=\"twitter:card\" content=\"summary_large_image\" \/>\n<script type=\"application\/ld+json\" class=\"yoast-schema-graph\">{\"@context\":\"https:\\\/\\\/schema.org\",\"@graph\":[{\"@type\":\"WebPage\",\"@id\":\"https:\\\/\\\/hakmarfrance.online\\\/tr\\\/produit\\\/gazi-kremamsi-yogurt-%10-yag\\\/\",\"url\":\"https:\\\/\\\/hakmarfrance.online\\\/tr\\\/produit\\\/gazi-kremamsi-yogurt-%10-yag\\\/\",\"name\":\"GAZ\u0130 Kremams\u0131 Yo\u011furt \u2013 %10 Ya\u011f - hakmarfrance.online\",\"isPartOf\":{\"@id\":\"https:\\\/\\\/hakmarfrance.online\\\/tr\\\/#website\"},\"primaryImageOfPage\":{\"@id\":\"https:\\\/\\\/hakmarfrance.online\\\/tr\\\/produit\\\/gazi-kremamsi-yogurt-%10-yag\\\/#primaryimage\"},\"image\":{\"@id\":\"https:\\\/\\\/hakmarfrance.online\\\/tr\\\/produit\\\/gazi-kremamsi-yogurt-%10-yag\\\/#primaryimage\"},\"thumbnailUrl\":\"https:\\\/\\\/hakmarfrance.online\\\/wp-content\\\/uploads\\\/2025\\\/06\\\/Gazi_yaourt_jaune.avif\",\"datePublished\":\"2025-06-19T08:15:06+00:00\",\"breadcrumb\":{\"@id\":\"https:\\\/\\\/hakmarfrance.online\\\/tr\\\/produit\\\/gazi-kremamsi-yogurt-%10-yag\\\/#breadcrumb\"},\"inLanguage\":\"tr-TR\",\"potentialAction\":[{\"@type\":\"ReadAction\",\"target\":[\"https:\\\/\\\/hakmarfrance.online\\\/tr\\\/produit\\\/gazi-kremamsi-yogurt-%10-yag\\\/\"]}]},{\"@type\":\"ImageObject\",\"inLanguage\":\"tr-TR\",\"@id\":\"https:\\\/\\\/hakmarfrance.online\\\/tr\\\/produit\\\/gazi-kremamsi-yogurt-%10-yag\\\/#primaryimage\",\"url\":\"https:\\\/\\\/hakmarfrance.online\\\/wp-content\\\/uploads\\\/2025\\\/06\\\/Gazi_yaourt_jaune.avif\",\"contentUrl\":\"https:\\\/\\\/hakmarfrance.online\\\/wp-content\\\/uploads\\\/2025\\\/06\\\/Gazi_yaourt_jaune.avif\",\"width\":1000,\"height\":800},{\"@type\":\"BreadcrumbList\",\"@id\":\"https:\\\/\\\/hakmarfrance.online\\\/tr\\\/produit\\\/gazi-kremamsi-yogurt-%10-yag\\\/#breadcrumb\",\"itemListElement\":[{\"@type\":\"ListItem\",\"position\":1,\"name\":\"Accueil\",\"item\":\"https:\\\/\\\/hakmarfrance.online\\\/tr\\\/\"},{\"@type\":\"ListItem\",\"position\":2,\"name\":\"Ma\u011faza\",\"item\":\"https:\\\/\\\/hakmarfrance.online\\\/tr\\\/magaza\\\/\"},{\"@type\":\"ListItem\",\"position\":3,\"name\":\"GAZ\u0130 Kremams\u0131 Yo\u011furt \u2013 %10 Ya\u011f\"}]},{\"@type\":\"WebSite\",\"@id\":\"https:\\\/\\\/hakmarfrance.online\\\/tr\\\/#website\",\"url\":\"https:\\\/\\\/hakmarfrance.online\\\/tr\\\/\",\"name\":\"hakmarfrance.online\",\"description\":\"\",\"publisher\":{\"@id\":\"https:\\\/\\\/hakmarfrance.online\\\/tr\\\/#organization\"},\"potentialAction\":[{\"@type\":\"SearchAction\",\"target\":{\"@type\":\"EntryPoint\",\"urlTemplate\":\"https:\\\/\\\/hakmarfrance.online\\\/tr\\\/?s={search_term_string}\"},\"query-input\":{\"@type\":\"PropertyValueSpecification\",\"valueRequired\":true,\"valueName\":\"search_term_string\"}}],\"inLanguage\":\"tr-TR\"},{\"@type\":\"Organization\",\"@id\":\"https:\\\/\\\/hakmarfrance.online\\\/tr\\\/#organization\",\"name\":\"hakmarfrance.online\",\"url\":\"https:\\\/\\\/hakmarfrance.online\\\/tr\\\/\",\"logo\":{\"@type\":\"ImageObject\",\"inLanguage\":\"tr-TR\",\"@id\":\"https:\\\/\\\/hakmarfrance.online\\\/tr\\\/#\\\/schema\\\/logo\\\/image\\\/\",\"url\":\"https:\\\/\\\/hakmarfrance.online\\\/wp-content\\\/uploads\\\/2025\\\/06\\\/logo-hakmarfrance.png\",\"contentUrl\":\"https:\\\/\\\/hakmarfrance.online\\\/wp-content\\\/uploads\\\/2025\\\/06\\\/logo-hakmarfrance.png\",\"width\":528,\"height\":232,\"caption\":\"hakmarfrance.online\"},\"image\":{\"@id\":\"https:\\\/\\\/hakmarfrance.online\\\/tr\\\/#\\\/schema\\\/logo\\\/image\\\/\"},\"sameAs\":[\"https:\\\/\\\/www.facebook.com\\\/HakmarFranceSupermarche\\\/?locale=fr_FR\",\"https:\\\/\\\/www.instagram.com\\\/hakmarfrancesupermarche\\\/\"]}]}<\/script>\n<!-- \/ Yoast SEO plugin. -->","yoast_head_json":{"title":"GAZ\u0130 Kremams\u0131 Yo\u011furt \u2013 %10 Ya\u011f - hakmarfrance.online","robots":{"index":"index","follow":"follow","max-snippet":"max-snippet:-1","max-image-preview":"max-image-preview:large","max-video-preview":"max-video-preview:-1"},"canonical":"https:\/\/hakmarfrance.online\/tr\/produit\/gazi-kremamsi-yogurt-%10-yag\/","og_locale":"tr_TR","og_type":"article","og_title":"GAZ\u0130 Kremams\u0131 Yo\u011furt \u2013 %10 Ya\u011f - hakmarfrance.online","og_description":"Krema ve lezzet a\u00e7\u0131s\u0131ndan zengin GAZ\u0130 Sahne yo\u011furt ile ultra kremams\u0131 bir dokunun tad\u0131n\u0131 \u00e7\u0131kar. %10 ya\u011f oran\u0131 ile, yo\u011fun ve lezzetli yo\u011furtlar\u0131 sevenler i\u00e7in m\u00fckemmel. \u2714\ufe0f Tam ya\u011fl\u0131 s\u00fct ve kremal\u0131 yo\u011furt\u2714\ufe0f Yo\u011fun ve a\u011f\u0131zda eriyen doku\u2714\ufe0f Tatl\u0131 olarak, bal veya meyveyle ideal\u2714\ufe0f Ekonomik b\u00fcy\u00fck boy \u2013 1 kg Kremams\u0131 tarifler i\u00e7in ya da sade, do\u011fal bir keyif an\u0131 i\u00e7in vazge\u00e7ilmez.","og_url":"https:\/\/hakmarfrance.online\/tr\/produit\/gazi-kremamsi-yogurt-%10-yag\/","og_site_name":"hakmarfrance.online","article_publisher":"https:\/\/www.facebook.com\/HakmarFranceSupermarche\/?locale=fr_FR","og_image":[{"width":1000,"height":800,"url":"https:\/\/hakmarfrance.online\/wp-content\/uploads\/2025\/06\/Gazi_yaourt_jaune.avif","type":"image\/png"}],"twitter_card":"summary_large_image","schema":{"@context":"https:\/\/schema.org","@graph":[{"@type":"WebPage","@id":"https:\/\/hakmarfrance.online\/tr\/produit\/gazi-kremamsi-yogurt-%10-yag\/","url":"https:\/\/hakmarfrance.online\/tr\/produit\/gazi-kremamsi-yogurt-%10-yag\/","name":"GAZ\u0130 Kremams\u0131 Yo\u011furt \u2013 %10 Ya\u011f - hakmarfrance.online","isPartOf":{"@id":"https:\/\/hakmarfrance.online\/tr\/#website"},"primaryImageOfPage":{"@id":"https:\/\/hakmarfrance.online\/tr\/produit\/gazi-kremamsi-yogurt-%10-yag\/#primaryimage"},"image":{"@id":"https:\/\/hakmarfrance.online\/tr\/produit\/gazi-kremamsi-yogurt-%10-yag\/#primaryimage"},"thumbnailUrl":"https:\/\/hakmarfrance.online\/wp-content\/uploads\/2025\/06\/Gazi_yaourt_jaune.avif","datePublished":"2025-06-19T08:15:06+00:00","breadcrumb":{"@id":"https:\/\/hakmarfrance.online\/tr\/produit\/gazi-kremamsi-yogurt-%10-yag\/#breadcrumb"},"inLanguage":"tr-TR","potentialAction":[{"@type":"ReadAction","target":["https:\/\/hakmarfrance.online\/tr\/produit\/gazi-kremamsi-yogurt-%10-yag\/"]}]},{"@type":"ImageObject","inLanguage":"tr-TR","@id":"https:\/\/hakmarfrance.online\/tr\/produit\/gazi-kremamsi-yogurt-%10-yag\/#primaryimage","url":"https:\/\/hakmarfrance.online\/wp-content\/uploads\/2025\/06\/Gazi_yaourt_jaune.avif","contentUrl":"https:\/\/hakmarfrance.online\/wp-content\/uploads\/2025\/06\/Gazi_yaourt_jaune.avif","width":1000,"height":800},{"@type":"BreadcrumbList","@id":"https:\/\/hakmarfrance.online\/tr\/produit\/gazi-kremamsi-yogurt-%10-yag\/#breadcrumb","itemListElement":[{"@type":"ListItem","position":1,"name":"Accueil","item":"https:\/\/hakmarfrance.online\/tr\/"},{"@type":"ListItem","position":2,"name":"Ma\u011faza","item":"https:\/\/hakmarfrance.online\/tr\/magaza\/"},{"@type":"ListItem","position":3,"name":"GAZ\u0130 Kremams\u0131 Yo\u011furt \u2013 %10 Ya\u011f"}]},{"@type":"WebSite","@id":"https:\/\/hakmarfrance.online\/tr\/#website","url":"https:\/\/hakmarfrance.online\/tr\/","name":"hakmarfrance.online","description":"","publisher":{"@id":"https:\/\/hakmarfrance.online\/tr\/#organization"},"potentialAction":[{"@type":"SearchAction","target":{"@type":"EntryPoint","urlTemplate":"https:\/\/hakmarfrance.online\/tr\/?s={search_term_string}"},"query-input":{"@type":"PropertyValueSpecification","valueRequired":true,"valueName":"search_term_string"}}],"inLanguage":"tr-TR"},{"@type":"Organization","@id":"https:\/\/hakmarfrance.online\/tr\/#organization","name":"hakmarfrance.online","url":"https:\/\/hakmarfrance.online\/tr\/","logo":{"@type":"ImageObject","inLanguage":"tr-TR","@id":"https:\/\/hakmarfrance.online\/tr\/#\/schema\/logo\/image\/","url":"https:\/\/hakmarfrance.online\/wp-content\/uploads\/2025\/06\/logo-hakmarfrance.png","contentUrl":"https:\/\/hakmarfrance.online\/wp-content\/uploads\/2025\/06\/logo-hakmarfrance.png","width":528,"height":232,"caption":"hakmarfrance.online"},"image":{"@id":"https:\/\/hakmarfrance.online\/tr\/#\/schema\/logo\/image\/"},"sameAs":["https:\/\/www.facebook.com\/HakmarFranceSupermarche\/?locale=fr_FR","https:\/\/www.instagram.com\/hakmarfrancesupermarche\/"]}]}},"_links":{"self":[{"href":"https:\/\/hakmarfrance.online\/tr\/wp-json\/wp\/v2\/product\/18020","targetHints":{"allow":["GET"]}}],"collection":[{"href":"https:\/\/hakmarfrance.online\/tr\/wp-json\/wp\/v2\/product"}],"about":[{"href":"https:\/\/hakmarfrance.online\/tr\/wp-json\/wp\/v2\/types\/product"}],"replies":[{"embeddable":true,"href":"https:\/\/hakmarfrance.online\/tr\/wp-json\/wp\/v2\/comments?post=18020"}],"version-history":[{"count":0,"href":"https:\/\/hakmarfrance.online\/tr\/wp-json\/wp\/v2\/product\/18020\/revisions"}],"wp:featuredmedia":[{"embeddable":true,"href":"https:\/\/hakmarfrance.online\/tr\/wp-json\/wp\/v2\/media\/18021"}],"wp:attachment":[{"href":"https:\/\/hakmarfrance.online\/tr\/wp-json\/wp\/v2\/media?parent=18020"}],"wp:term":[{"taxonomy":"product_brand","embeddable":true,"href":"https:\/\/hakmarfrance.online\/tr\/wp-json\/wp\/v2\/product_brand?post=18020"},{"taxonomy":"product_cat","embeddable":true,"href":"https:\/\/hakmarfrance.online\/tr\/wp-json\/wp\/v2\/product_cat?post=18020"},{"taxonomy":"product_tag","embeddable":true,"href":"https:\/\/hakmarfrance.online\/tr\/wp-json\/wp\/v2\/product_tag?post=18020"}],"curies":[{"name":"wp","href":"https:\/\/api.w.org\/{rel}","templated":true}]}}