{"id":18024,"date":"2025-07-04T20:56:11","date_gmt":"2025-07-04T20:56:11","guid":{"rendered":"https:\/\/hakmarfrance.online\/produit\/dash-2in1-yumusatici-parfumlu-sivi-deterjan-renkler-uzun-sureli-tazelik\/"},"modified":"2025-07-04T20:56:11","modified_gmt":"2025-07-04T20:56:11","slug":"dash-2in1-yumusatici-parfumlu-sivi-deterjan-renkler-uzun-sureli-tazelik","status":"publish","type":"product","link":"https:\/\/hakmarfrance.online\/tr\/produit\/dash-2in1-yumusatici-parfumlu-sivi-deterjan-renkler-uzun-sureli-tazelik\/","title":{"rendered":"Dash 2in1 \u2013 Yumu\u015fat\u0131c\u0131 Parf\u00fcml\u00fc S\u0131v\u0131 Deterjan \u2013 Renkler &amp; Uzun S\u00fcreli Tazelik"},"content":{"rendered":"","protected":false},"excerpt":{"rendered":"<p data-start=\"384\" data-end=\"664\">\u00c7ama\u015f\u0131rlar\u0131na parlak temizlik ve kar\u015f\u0131 konulmaz yumu\u015fakl\u0131k sun <strong data-start=\"461\" data-end=\"474\">Dash 2in1<\/strong> ile!<br data-start=\"476\" data-end=\"479\">Bu s\u0131v\u0131 deterjan <strong data-start=\"513\" data-end=\"545\">g\u00fc\u00e7l\u00fc temizlik form\u00fcl\u00fcn\u00fc<\/strong> <strong data-start=\"551\" data-end=\"583\">entegre yumu\u015fat\u0131c\u0131 parf\u00fcm\u00fcyle<\/strong> birle\u015ftirerek y\u0131kama sonras\u0131 temiz, yumu\u015fak ve ho\u015f kokulu giysiler sa\u011flar.<\/p>\n<p data-start=\"666\" data-end=\"887\">\ud83d\udc55 <strong data-start=\"669\" data-end=\"689\">Renkler i\u00e7in \u00f6zel<\/strong>: renkli kuma\u015flar\u0131n parlakl\u0131\u011f\u0131n\u0131 korur<br data-start=\"729\" data-end=\"732\">\ud83c\udf38 <strong data-start=\"735\" data-end=\"766\">Yumu\u015fak yumu\u015fat\u0131c\u0131 parf\u00fcm\u00fc<\/strong>: uzun s\u00fcreli tazelik<br data-start=\"791\" data-end=\"794\">\ud83e\uddfc <strong data-start=\"797\" data-end=\"815\">2 in 1 form\u00fcl<\/strong>: temizler + yumu\u015fat\u0131r<br data-start=\"835\" data-end=\"838\">\ud83d\udca7 <strong data-start=\"841\" data-end=\"887\">D\u00fc\u015f\u00fck s\u0131cakl\u0131k y\u0131kamalar i\u00e7in ideal<\/strong><\/p>\n<p data-start=\"889\" data-end=\"954\">Dash imzal\u0131 eksiksiz ve etkili deterjan se\u00e7imini yap!<\/p>\n","protected":false},"featured_media":18025,"comment_status":"open","ping_status":"closed","template":"","meta":{"iawp_total_views":0},"product_brand":[],"product_cat":[284,225],"product_tag":[],"class_list":{"0":"post-18024","1":"product","2":"type-product","3":"status-publish","4":"has-post-thumbnail","6":"product_cat-hijyen-bakim","7":"product_cat-tum-urunlerimiz","9":"first","10":"instock","11":"shipping-taxable","12":"purchasable","13":"product-type-simple"},"yoast_head":"<!-- This site is optimized with the Yoast SEO plugin v27.3 - https:\/\/yoast.com\/product\/yoast-seo-wordpress\/ -->\n<title>Dash 2in1 \u2013 Yumu\u015fat\u0131c\u0131 Parf\u00fcml\u00fc S\u0131v\u0131 Deterjan \u2013 Renkler &amp; Uzun S\u00fcreli Tazelik - hakmarfrance.online<\/title>\n<meta name=\"robots\" content=\"index, follow, max-snippet:-1, max-image-preview:large, max-video-preview:-1\" \/>\n<link rel=\"canonical\" href=\"https:\/\/hakmarfrance.online\/tr\/produit\/dash-2in1-yumusatici-parfumlu-sivi-deterjan-renkler-uzun-sureli-tazelik\/\" \/>\n<meta property=\"og:locale\" content=\"tr_TR\" \/>\n<meta property=\"og:type\" content=\"article\" \/>\n<meta property=\"og:title\" content=\"Dash 2in1 \u2013 Yumu\u015fat\u0131c\u0131 Parf\u00fcml\u00fc S\u0131v\u0131 Deterjan \u2013 Renkler &amp; Uzun S\u00fcreli Tazelik - hakmarfrance.online\" \/>\n<meta property=\"og:description\" content=\"\u00c7ama\u015f\u0131rlar\u0131na parlak temizlik ve kar\u015f\u0131 konulmaz yumu\u015fakl\u0131k sun Dash 2in1 ile!Bu s\u0131v\u0131 deterjan g\u00fc\u00e7l\u00fc temizlik form\u00fcl\u00fcn\u00fc entegre yumu\u015fat\u0131c\u0131 parf\u00fcm\u00fcyle birle\u015ftirerek y\u0131kama sonras\u0131 temiz, yumu\u015fak ve ho\u015f kokulu giysiler sa\u011flar. \ud83d\udc55 Renkler i\u00e7in \u00f6zel: renkli kuma\u015flar\u0131n parlakl\u0131\u011f\u0131n\u0131 korur\ud83c\udf38 Yumu\u015fak yumu\u015fat\u0131c\u0131 parf\u00fcm\u00fc: uzun s\u00fcreli tazelik\ud83e\uddfc 2 in 1 form\u00fcl: temizler + yumu\u015fat\u0131r\ud83d\udca7 D\u00fc\u015f\u00fck s\u0131cakl\u0131k y\u0131kamalar i\u00e7in ideal Dash imzal\u0131 eksiksiz ve etkili deterjan se\u00e7imini yap!\" \/>\n<meta property=\"og:url\" content=\"https:\/\/hakmarfrance.online\/tr\/produit\/dash-2in1-yumusatici-parfumlu-sivi-deterjan-renkler-uzun-sureli-tazelik\/\" \/>\n<meta property=\"og:site_name\" content=\"hakmarfrance.online\" \/>\n<meta property=\"article:publisher\" content=\"https:\/\/www.facebook.com\/HakmarFranceSupermarche\/?locale=fr_FR\" \/>\n<meta property=\"og:image\" content=\"https:\/\/hakmarfrance.online\/wp-content\/uploads\/2025\/07\/dash-lessive-liquide-2en1-adoucissant.avif\" \/>\n\t<meta property=\"og:image:width\" content=\"1000\" \/>\n\t<meta property=\"og:image:height\" content=\"800\" \/>\n\t<meta property=\"og:image:type\" content=\"image\/png\" \/>\n<meta name=\"twitter:card\" content=\"summary_large_image\" \/>\n<script type=\"application\/ld+json\" class=\"yoast-schema-graph\">{\"@context\":\"https:\\\/\\\/schema.org\",\"@graph\":[{\"@type\":\"WebPage\",\"@id\":\"https:\\\/\\\/hakmarfrance.online\\\/tr\\\/produit\\\/dash-2in1-yumusatici-parfumlu-sivi-deterjan-renkler-uzun-sureli-tazelik\\\/\",\"url\":\"https:\\\/\\\/hakmarfrance.online\\\/tr\\\/produit\\\/dash-2in1-yumusatici-parfumlu-sivi-deterjan-renkler-uzun-sureli-tazelik\\\/\",\"name\":\"Dash 2in1 \u2013 Yumu\u015fat\u0131c\u0131 Parf\u00fcml\u00fc S\u0131v\u0131 Deterjan \u2013 Renkler &amp; Uzun S\u00fcreli Tazelik - hakmarfrance.online\",\"isPartOf\":{\"@id\":\"https:\\\/\\\/hakmarfrance.online\\\/tr\\\/#website\"},\"primaryImageOfPage\":{\"@id\":\"https:\\\/\\\/hakmarfrance.online\\\/tr\\\/produit\\\/dash-2in1-yumusatici-parfumlu-sivi-deterjan-renkler-uzun-sureli-tazelik\\\/#primaryimage\"},\"image\":{\"@id\":\"https:\\\/\\\/hakmarfrance.online\\\/tr\\\/produit\\\/dash-2in1-yumusatici-parfumlu-sivi-deterjan-renkler-uzun-sureli-tazelik\\\/#primaryimage\"},\"thumbnailUrl\":\"https:\\\/\\\/hakmarfrance.online\\\/wp-content\\\/uploads\\\/2025\\\/07\\\/dash-lessive-liquide-2en1-adoucissant.avif\",\"datePublished\":\"2025-07-04T20:56:11+00:00\",\"breadcrumb\":{\"@id\":\"https:\\\/\\\/hakmarfrance.online\\\/tr\\\/produit\\\/dash-2in1-yumusatici-parfumlu-sivi-deterjan-renkler-uzun-sureli-tazelik\\\/#breadcrumb\"},\"inLanguage\":\"tr-TR\",\"potentialAction\":[{\"@type\":\"ReadAction\",\"target\":[\"https:\\\/\\\/hakmarfrance.online\\\/tr\\\/produit\\\/dash-2in1-yumusatici-parfumlu-sivi-deterjan-renkler-uzun-sureli-tazelik\\\/\"]}]},{\"@type\":\"ImageObject\",\"inLanguage\":\"tr-TR\",\"@id\":\"https:\\\/\\\/hakmarfrance.online\\\/tr\\\/produit\\\/dash-2in1-yumusatici-parfumlu-sivi-deterjan-renkler-uzun-sureli-tazelik\\\/#primaryimage\",\"url\":\"https:\\\/\\\/hakmarfrance.online\\\/wp-content\\\/uploads\\\/2025\\\/07\\\/dash-lessive-liquide-2en1-adoucissant.avif\",\"contentUrl\":\"https:\\\/\\\/hakmarfrance.online\\\/wp-content\\\/uploads\\\/2025\\\/07\\\/dash-lessive-liquide-2en1-adoucissant.avif\",\"width\":1000,\"height\":800,\"caption\":\"Dash 2in1 Deterjan \u2013 Tek \u00fcr\u00fcnde temizlik + yumu\u015fakl\u0131k, parlak \u00e7ama\u015f\u0131rlar i\u00e7in\"},{\"@type\":\"BreadcrumbList\",\"@id\":\"https:\\\/\\\/hakmarfrance.online\\\/tr\\\/produit\\\/dash-2in1-yumusatici-parfumlu-sivi-deterjan-renkler-uzun-sureli-tazelik\\\/#breadcrumb\",\"itemListElement\":[{\"@type\":\"ListItem\",\"position\":1,\"name\":\"Accueil\",\"item\":\"https:\\\/\\\/hakmarfrance.online\\\/tr\\\/\"},{\"@type\":\"ListItem\",\"position\":2,\"name\":\"Ma\u011faza\",\"item\":\"https:\\\/\\\/hakmarfrance.online\\\/tr\\\/magaza\\\/\"},{\"@type\":\"ListItem\",\"position\":3,\"name\":\"Dash 2in1 \u2013 Yumu\u015fat\u0131c\u0131 Parf\u00fcml\u00fc S\u0131v\u0131 Deterjan \u2013 Renkler &amp; Uzun S\u00fcreli Tazelik\"}]},{\"@type\":\"WebSite\",\"@id\":\"https:\\\/\\\/hakmarfrance.online\\\/tr\\\/#website\",\"url\":\"https:\\\/\\\/hakmarfrance.online\\\/tr\\\/\",\"name\":\"hakmarfrance.online\",\"description\":\"\",\"publisher\":{\"@id\":\"https:\\\/\\\/hakmarfrance.online\\\/tr\\\/#organization\"},\"potentialAction\":[{\"@type\":\"SearchAction\",\"target\":{\"@type\":\"EntryPoint\",\"urlTemplate\":\"https:\\\/\\\/hakmarfrance.online\\\/tr\\\/?s={search_term_string}\"},\"query-input\":{\"@type\":\"PropertyValueSpecification\",\"valueRequired\":true,\"valueName\":\"search_term_string\"}}],\"inLanguage\":\"tr-TR\"},{\"@type\":\"Organization\",\"@id\":\"https:\\\/\\\/hakmarfrance.online\\\/tr\\\/#organization\",\"name\":\"hakmarfrance.online\",\"url\":\"https:\\\/\\\/hakmarfrance.online\\\/tr\\\/\",\"logo\":{\"@type\":\"ImageObject\",\"inLanguage\":\"tr-TR\",\"@id\":\"https:\\\/\\\/hakmarfrance.online\\\/tr\\\/#\\\/schema\\\/logo\\\/image\\\/\",\"url\":\"https:\\\/\\\/hakmarfrance.online\\\/wp-content\\\/uploads\\\/2025\\\/06\\\/logo-hakmarfrance.png\",\"contentUrl\":\"https:\\\/\\\/hakmarfrance.online\\\/wp-content\\\/uploads\\\/2025\\\/06\\\/logo-hakmarfrance.png\",\"width\":528,\"height\":232,\"caption\":\"hakmarfrance.online\"},\"image\":{\"@id\":\"https:\\\/\\\/hakmarfrance.online\\\/tr\\\/#\\\/schema\\\/logo\\\/image\\\/\"},\"sameAs\":[\"https:\\\/\\\/www.facebook.com\\\/HakmarFranceSupermarche\\\/?locale=fr_FR\",\"https:\\\/\\\/www.instagram.com\\\/hakmarfrancesupermarche\\\/\"]}]}<\/script>\n<!-- \/ Yoast SEO plugin. -->","yoast_head_json":{"title":"Dash 2in1 \u2013 Yumu\u015fat\u0131c\u0131 Parf\u00fcml\u00fc S\u0131v\u0131 Deterjan \u2013 Renkler &amp; Uzun S\u00fcreli Tazelik - hakmarfrance.online","robots":{"index":"index","follow":"follow","max-snippet":"max-snippet:-1","max-image-preview":"max-image-preview:large","max-video-preview":"max-video-preview:-1"},"canonical":"https:\/\/hakmarfrance.online\/tr\/produit\/dash-2in1-yumusatici-parfumlu-sivi-deterjan-renkler-uzun-sureli-tazelik\/","og_locale":"tr_TR","og_type":"article","og_title":"Dash 2in1 \u2013 Yumu\u015fat\u0131c\u0131 Parf\u00fcml\u00fc S\u0131v\u0131 Deterjan \u2013 Renkler &amp; Uzun S\u00fcreli Tazelik - hakmarfrance.online","og_description":"\u00c7ama\u015f\u0131rlar\u0131na parlak temizlik ve kar\u015f\u0131 konulmaz yumu\u015fakl\u0131k sun Dash 2in1 ile!Bu s\u0131v\u0131 deterjan g\u00fc\u00e7l\u00fc temizlik form\u00fcl\u00fcn\u00fc entegre yumu\u015fat\u0131c\u0131 parf\u00fcm\u00fcyle birle\u015ftirerek y\u0131kama sonras\u0131 temiz, yumu\u015fak ve ho\u015f kokulu giysiler sa\u011flar. \ud83d\udc55 Renkler i\u00e7in \u00f6zel: renkli kuma\u015flar\u0131n parlakl\u0131\u011f\u0131n\u0131 korur\ud83c\udf38 Yumu\u015fak yumu\u015fat\u0131c\u0131 parf\u00fcm\u00fc: uzun s\u00fcreli tazelik\ud83e\uddfc 2 in 1 form\u00fcl: temizler + yumu\u015fat\u0131r\ud83d\udca7 D\u00fc\u015f\u00fck s\u0131cakl\u0131k y\u0131kamalar i\u00e7in ideal Dash imzal\u0131 eksiksiz ve etkili deterjan se\u00e7imini yap!","og_url":"https:\/\/hakmarfrance.online\/tr\/produit\/dash-2in1-yumusatici-parfumlu-sivi-deterjan-renkler-uzun-sureli-tazelik\/","og_site_name":"hakmarfrance.online","article_publisher":"https:\/\/www.facebook.com\/HakmarFranceSupermarche\/?locale=fr_FR","og_image":[{"width":1000,"height":800,"url":"https:\/\/hakmarfrance.online\/wp-content\/uploads\/2025\/07\/dash-lessive-liquide-2en1-adoucissant.avif","type":"image\/png"}],"twitter_card":"summary_large_image","schema":{"@context":"https:\/\/schema.org","@graph":[{"@type":"WebPage","@id":"https:\/\/hakmarfrance.online\/tr\/produit\/dash-2in1-yumusatici-parfumlu-sivi-deterjan-renkler-uzun-sureli-tazelik\/","url":"https:\/\/hakmarfrance.online\/tr\/produit\/dash-2in1-yumusatici-parfumlu-sivi-deterjan-renkler-uzun-sureli-tazelik\/","name":"Dash 2in1 \u2013 Yumu\u015fat\u0131c\u0131 Parf\u00fcml\u00fc S\u0131v\u0131 Deterjan \u2013 Renkler &amp; Uzun S\u00fcreli Tazelik - hakmarfrance.online","isPartOf":{"@id":"https:\/\/hakmarfrance.online\/tr\/#website"},"primaryImageOfPage":{"@id":"https:\/\/hakmarfrance.online\/tr\/produit\/dash-2in1-yumusatici-parfumlu-sivi-deterjan-renkler-uzun-sureli-tazelik\/#primaryimage"},"image":{"@id":"https:\/\/hakmarfrance.online\/tr\/produit\/dash-2in1-yumusatici-parfumlu-sivi-deterjan-renkler-uzun-sureli-tazelik\/#primaryimage"},"thumbnailUrl":"https:\/\/hakmarfrance.online\/wp-content\/uploads\/2025\/07\/dash-lessive-liquide-2en1-adoucissant.avif","datePublished":"2025-07-04T20:56:11+00:00","breadcrumb":{"@id":"https:\/\/hakmarfrance.online\/tr\/produit\/dash-2in1-yumusatici-parfumlu-sivi-deterjan-renkler-uzun-sureli-tazelik\/#breadcrumb"},"inLanguage":"tr-TR","potentialAction":[{"@type":"ReadAction","target":["https:\/\/hakmarfrance.online\/tr\/produit\/dash-2in1-yumusatici-parfumlu-sivi-deterjan-renkler-uzun-sureli-tazelik\/"]}]},{"@type":"ImageObject","inLanguage":"tr-TR","@id":"https:\/\/hakmarfrance.online\/tr\/produit\/dash-2in1-yumusatici-parfumlu-sivi-deterjan-renkler-uzun-sureli-tazelik\/#primaryimage","url":"https:\/\/hakmarfrance.online\/wp-content\/uploads\/2025\/07\/dash-lessive-liquide-2en1-adoucissant.avif","contentUrl":"https:\/\/hakmarfrance.online\/wp-content\/uploads\/2025\/07\/dash-lessive-liquide-2en1-adoucissant.avif","width":1000,"height":800,"caption":"Dash 2in1 Deterjan \u2013 Tek \u00fcr\u00fcnde temizlik + yumu\u015fakl\u0131k, parlak \u00e7ama\u015f\u0131rlar i\u00e7in"},{"@type":"BreadcrumbList","@id":"https:\/\/hakmarfrance.online\/tr\/produit\/dash-2in1-yumusatici-parfumlu-sivi-deterjan-renkler-uzun-sureli-tazelik\/#breadcrumb","itemListElement":[{"@type":"ListItem","position":1,"name":"Accueil","item":"https:\/\/hakmarfrance.online\/tr\/"},{"@type":"ListItem","position":2,"name":"Ma\u011faza","item":"https:\/\/hakmarfrance.online\/tr\/magaza\/"},{"@type":"ListItem","position":3,"name":"Dash 2in1 \u2013 Yumu\u015fat\u0131c\u0131 Parf\u00fcml\u00fc S\u0131v\u0131 Deterjan \u2013 Renkler &amp; Uzun S\u00fcreli Tazelik"}]},{"@type":"WebSite","@id":"https:\/\/hakmarfrance.online\/tr\/#website","url":"https:\/\/hakmarfrance.online\/tr\/","name":"hakmarfrance.online","description":"","publisher":{"@id":"https:\/\/hakmarfrance.online\/tr\/#organization"},"potentialAction":[{"@type":"SearchAction","target":{"@type":"EntryPoint","urlTemplate":"https:\/\/hakmarfrance.online\/tr\/?s={search_term_string}"},"query-input":{"@type":"PropertyValueSpecification","valueRequired":true,"valueName":"search_term_string"}}],"inLanguage":"tr-TR"},{"@type":"Organization","@id":"https:\/\/hakmarfrance.online\/tr\/#organization","name":"hakmarfrance.online","url":"https:\/\/hakmarfrance.online\/tr\/","logo":{"@type":"ImageObject","inLanguage":"tr-TR","@id":"https:\/\/hakmarfrance.online\/tr\/#\/schema\/logo\/image\/","url":"https:\/\/hakmarfrance.online\/wp-content\/uploads\/2025\/06\/logo-hakmarfrance.png","contentUrl":"https:\/\/hakmarfrance.online\/wp-content\/uploads\/2025\/06\/logo-hakmarfrance.png","width":528,"height":232,"caption":"hakmarfrance.online"},"image":{"@id":"https:\/\/hakmarfrance.online\/tr\/#\/schema\/logo\/image\/"},"sameAs":["https:\/\/www.facebook.com\/HakmarFranceSupermarche\/?locale=fr_FR","https:\/\/www.instagram.com\/hakmarfrancesupermarche\/"]}]}},"_links":{"self":[{"href":"https:\/\/hakmarfrance.online\/tr\/wp-json\/wp\/v2\/product\/18024","targetHints":{"allow":["GET"]}}],"collection":[{"href":"https:\/\/hakmarfrance.online\/tr\/wp-json\/wp\/v2\/product"}],"about":[{"href":"https:\/\/hakmarfrance.online\/tr\/wp-json\/wp\/v2\/types\/product"}],"replies":[{"embeddable":true,"href":"https:\/\/hakmarfrance.online\/tr\/wp-json\/wp\/v2\/comments?post=18024"}],"version-history":[{"count":0,"href":"https:\/\/hakmarfrance.online\/tr\/wp-json\/wp\/v2\/product\/18024\/revisions"}],"wp:featuredmedia":[{"embeddable":true,"href":"https:\/\/hakmarfrance.online\/tr\/wp-json\/wp\/v2\/media\/18025"}],"wp:attachment":[{"href":"https:\/\/hakmarfrance.online\/tr\/wp-json\/wp\/v2\/media?parent=18024"}],"wp:term":[{"taxonomy":"product_brand","embeddable":true,"href":"https:\/\/hakmarfrance.online\/tr\/wp-json\/wp\/v2\/product_brand?post=18024"},{"taxonomy":"product_cat","embeddable":true,"href":"https:\/\/hakmarfrance.online\/tr\/wp-json\/wp\/v2\/product_cat?post=18024"},{"taxonomy":"product_tag","embeddable":true,"href":"https:\/\/hakmarfrance.online\/tr\/wp-json\/wp\/v2\/product_tag?post=18024"}],"curies":[{"name":"wp","href":"https:\/\/api.w.org\/{rel}","templated":true}]}}