{"id":18026,"date":"2025-07-09T07:06:16","date_gmt":"2025-07-09T07:06:16","guid":{"rendered":"https:\/\/hakmarfrance.online\/produit\/monster-energy-ultra-golden-pineapple-sekersiz-500-ml\/"},"modified":"2025-07-09T07:06:16","modified_gmt":"2025-07-09T07:06:16","slug":"monster-energy-ultra-golden-pineapple-sekersiz-500-ml","status":"publish","type":"product","link":"https:\/\/hakmarfrance.online\/tr\/produit\/monster-energy-ultra-golden-pineapple-sekersiz-500-ml\/","title":{"rendered":"Monster Energy Ultra Golden Pineapple \u2013 \u015eekersiz \u2013 500 ml"},"content":{"rendered":"","protected":false},"excerpt":{"rendered":"<p data-start=\"369\" data-end=\"583\">Bir tutam egzotik dokunu\u015fla enerjini <strong data-start=\"430\" data-end=\"464\">Monster Ultra Golden Pineapple<\/strong> ile depola! Bu <strong data-start=\"473\" data-end=\"507\">\u015fekersiz enerji i\u00e7ece\u011fi<\/strong>, 500 ml&#8217;lik c\u00f6mert boyunda yo\u011fun alt\u0131n ananas lezzeti sunar.<\/p>\n<p data-start=\"585\" data-end=\"794\">\u2714\ufe0f Ferahlat\u0131c\u0131 tropik ananas lezzeti<br data-start=\"628\" data-end=\"631\">\u2714\ufe0f \u015eekersiz \u2013 0 kalori, %100 enerji<br data-start=\"671\" data-end=\"674\">\u2714\ufe0f Kafein ve B vitaminleriyle zenginle\u015ftirilmi\u015f<br data-start=\"711\" data-end=\"714\">\u2714\ufe0f Gazl\u0131 enerji i\u00e7ece\u011fi \u2013 500 ml<br data-start=\"753\" data-end=\"756\">\u2714\ufe0f Ultra \u00e7ekici alt\u0131n renkli premium tasar\u0131m<\/p>\n<p data-start=\"796\" data-end=\"912\">Her yudumda yaz\u0131n tad\u0131, performanstan \u00f6d\u00fcn vermeden. <strong data-start=\"867\" data-end=\"912\">Ultra Golden, do\u011fal enerji.<\/strong><\/p>\n","protected":false},"featured_media":18027,"comment_status":"open","ping_status":"closed","template":"","meta":{"iawp_total_views":0},"product_brand":[201],"product_cat":[228,229,225],"product_tag":[],"class_list":{"0":"post-18026","1":"product","2":"type-product","3":"status-publish","4":"has-post-thumbnail","6":"product_brand-monster","7":"product_cat-icecekler","8":"product_cat-soguk-icecek","9":"product_cat-tum-urunlerimiz","11":"first","12":"instock","13":"shipping-taxable","14":"purchasable","15":"product-type-simple"},"yoast_head":"<!-- This site is optimized with the Yoast SEO plugin v27.3 - https:\/\/yoast.com\/product\/yoast-seo-wordpress\/ -->\n<title>Monster Energy Ultra Golden Pineapple \u2013 \u015eekersiz \u2013 500 ml - hakmarfrance.online<\/title>\n<meta name=\"robots\" content=\"index, follow, max-snippet:-1, max-image-preview:large, max-video-preview:-1\" \/>\n<link rel=\"canonical\" href=\"https:\/\/hakmarfrance.online\/tr\/produit\/monster-energy-ultra-golden-pineapple-sekersiz-500-ml\/\" \/>\n<meta property=\"og:locale\" content=\"tr_TR\" \/>\n<meta property=\"og:type\" content=\"article\" \/>\n<meta property=\"og:title\" content=\"Monster Energy Ultra Golden Pineapple \u2013 \u015eekersiz \u2013 500 ml - hakmarfrance.online\" \/>\n<meta property=\"og:description\" content=\"Bir tutam egzotik dokunu\u015fla enerjini Monster Ultra Golden Pineapple ile depola! Bu \u015fekersiz enerji i\u00e7ece\u011fi, 500 ml&#039;lik c\u00f6mert boyunda yo\u011fun alt\u0131n ananas lezzeti sunar. \u2714\ufe0f Ferahlat\u0131c\u0131 tropik ananas lezzeti\u2714\ufe0f \u015eekersiz \u2013 0 kalori, %100 enerji\u2714\ufe0f Kafein ve B vitaminleriyle zenginle\u015ftirilmi\u015f\u2714\ufe0f Gazl\u0131 enerji i\u00e7ece\u011fi \u2013 500 ml\u2714\ufe0f Ultra \u00e7ekici alt\u0131n renkli premium tasar\u0131m Her yudumda yaz\u0131n tad\u0131, performanstan \u00f6d\u00fcn vermeden. Ultra Golden, do\u011fal enerji.\" \/>\n<meta property=\"og:url\" content=\"https:\/\/hakmarfrance.online\/tr\/produit\/monster-energy-ultra-golden-pineapple-sekersiz-500-ml\/\" \/>\n<meta property=\"og:site_name\" content=\"hakmarfrance.online\" \/>\n<meta property=\"article:publisher\" content=\"https:\/\/www.facebook.com\/HakmarFranceSupermarche\/?locale=fr_FR\" \/>\n<meta property=\"og:image\" content=\"https:\/\/hakmarfrance.online\/wp-content\/uploads\/2025\/07\/monster-energy-ultra-golden-pineapple-zero-sucre-500ml.avif\" \/>\n\t<meta property=\"og:image:width\" content=\"1000\" \/>\n\t<meta property=\"og:image:height\" content=\"800\" \/>\n\t<meta property=\"og:image:type\" content=\"image\/png\" \/>\n<meta name=\"twitter:card\" content=\"summary_large_image\" \/>\n<script type=\"application\/ld+json\" class=\"yoast-schema-graph\">{\"@context\":\"https:\\\/\\\/schema.org\",\"@graph\":[{\"@type\":\"WebPage\",\"@id\":\"https:\\\/\\\/hakmarfrance.online\\\/tr\\\/produit\\\/monster-energy-ultra-golden-pineapple-sekersiz-500-ml\\\/\",\"url\":\"https:\\\/\\\/hakmarfrance.online\\\/tr\\\/produit\\\/monster-energy-ultra-golden-pineapple-sekersiz-500-ml\\\/\",\"name\":\"Monster Energy Ultra Golden Pineapple \u2013 \u015eekersiz \u2013 500 ml - hakmarfrance.online\",\"isPartOf\":{\"@id\":\"https:\\\/\\\/hakmarfrance.online\\\/tr\\\/#website\"},\"primaryImageOfPage\":{\"@id\":\"https:\\\/\\\/hakmarfrance.online\\\/tr\\\/produit\\\/monster-energy-ultra-golden-pineapple-sekersiz-500-ml\\\/#primaryimage\"},\"image\":{\"@id\":\"https:\\\/\\\/hakmarfrance.online\\\/tr\\\/produit\\\/monster-energy-ultra-golden-pineapple-sekersiz-500-ml\\\/#primaryimage\"},\"thumbnailUrl\":\"https:\\\/\\\/hakmarfrance.online\\\/wp-content\\\/uploads\\\/2025\\\/07\\\/monster-energy-ultra-golden-pineapple-zero-sucre-500ml.avif\",\"datePublished\":\"2025-07-09T07:06:16+00:00\",\"breadcrumb\":{\"@id\":\"https:\\\/\\\/hakmarfrance.online\\\/tr\\\/produit\\\/monster-energy-ultra-golden-pineapple-sekersiz-500-ml\\\/#breadcrumb\"},\"inLanguage\":\"tr-TR\",\"potentialAction\":[{\"@type\":\"ReadAction\",\"target\":[\"https:\\\/\\\/hakmarfrance.online\\\/tr\\\/produit\\\/monster-energy-ultra-golden-pineapple-sekersiz-500-ml\\\/\"]}]},{\"@type\":\"ImageObject\",\"inLanguage\":\"tr-TR\",\"@id\":\"https:\\\/\\\/hakmarfrance.online\\\/tr\\\/produit\\\/monster-energy-ultra-golden-pineapple-sekersiz-500-ml\\\/#primaryimage\",\"url\":\"https:\\\/\\\/hakmarfrance.online\\\/wp-content\\\/uploads\\\/2025\\\/07\\\/monster-energy-ultra-golden-pineapple-zero-sucre-500ml.avif\",\"contentUrl\":\"https:\\\/\\\/hakmarfrance.online\\\/wp-content\\\/uploads\\\/2025\\\/07\\\/monster-energy-ultra-golden-pineapple-zero-sucre-500ml.avif\",\"width\":1000,\"height\":800,\"caption\":\"Monster Ultra Golden Pineapple \u2013 500 ml, alt\u0131n ananas aromal\u0131 \u015fekersiz enerji i\u00e7ece\u011fi\"},{\"@type\":\"BreadcrumbList\",\"@id\":\"https:\\\/\\\/hakmarfrance.online\\\/tr\\\/produit\\\/monster-energy-ultra-golden-pineapple-sekersiz-500-ml\\\/#breadcrumb\",\"itemListElement\":[{\"@type\":\"ListItem\",\"position\":1,\"name\":\"Accueil\",\"item\":\"https:\\\/\\\/hakmarfrance.online\\\/tr\\\/\"},{\"@type\":\"ListItem\",\"position\":2,\"name\":\"Ma\u011faza\",\"item\":\"https:\\\/\\\/hakmarfrance.online\\\/tr\\\/magaza\\\/\"},{\"@type\":\"ListItem\",\"position\":3,\"name\":\"Monster Energy Ultra Golden Pineapple \u2013 \u015eekersiz \u2013 500 ml\"}]},{\"@type\":\"WebSite\",\"@id\":\"https:\\\/\\\/hakmarfrance.online\\\/tr\\\/#website\",\"url\":\"https:\\\/\\\/hakmarfrance.online\\\/tr\\\/\",\"name\":\"hakmarfrance.online\",\"description\":\"\",\"publisher\":{\"@id\":\"https:\\\/\\\/hakmarfrance.online\\\/tr\\\/#organization\"},\"potentialAction\":[{\"@type\":\"SearchAction\",\"target\":{\"@type\":\"EntryPoint\",\"urlTemplate\":\"https:\\\/\\\/hakmarfrance.online\\\/tr\\\/?s={search_term_string}\"},\"query-input\":{\"@type\":\"PropertyValueSpecification\",\"valueRequired\":true,\"valueName\":\"search_term_string\"}}],\"inLanguage\":\"tr-TR\"},{\"@type\":\"Organization\",\"@id\":\"https:\\\/\\\/hakmarfrance.online\\\/tr\\\/#organization\",\"name\":\"hakmarfrance.online\",\"url\":\"https:\\\/\\\/hakmarfrance.online\\\/tr\\\/\",\"logo\":{\"@type\":\"ImageObject\",\"inLanguage\":\"tr-TR\",\"@id\":\"https:\\\/\\\/hakmarfrance.online\\\/tr\\\/#\\\/schema\\\/logo\\\/image\\\/\",\"url\":\"https:\\\/\\\/hakmarfrance.online\\\/wp-content\\\/uploads\\\/2025\\\/06\\\/logo-hakmarfrance.png\",\"contentUrl\":\"https:\\\/\\\/hakmarfrance.online\\\/wp-content\\\/uploads\\\/2025\\\/06\\\/logo-hakmarfrance.png\",\"width\":528,\"height\":232,\"caption\":\"hakmarfrance.online\"},\"image\":{\"@id\":\"https:\\\/\\\/hakmarfrance.online\\\/tr\\\/#\\\/schema\\\/logo\\\/image\\\/\"},\"sameAs\":[\"https:\\\/\\\/www.facebook.com\\\/HakmarFranceSupermarche\\\/?locale=fr_FR\",\"https:\\\/\\\/www.instagram.com\\\/hakmarfrancesupermarche\\\/\"]}]}<\/script>\n<!-- \/ Yoast SEO plugin. -->","yoast_head_json":{"title":"Monster Energy Ultra Golden Pineapple \u2013 \u015eekersiz \u2013 500 ml - hakmarfrance.online","robots":{"index":"index","follow":"follow","max-snippet":"max-snippet:-1","max-image-preview":"max-image-preview:large","max-video-preview":"max-video-preview:-1"},"canonical":"https:\/\/hakmarfrance.online\/tr\/produit\/monster-energy-ultra-golden-pineapple-sekersiz-500-ml\/","og_locale":"tr_TR","og_type":"article","og_title":"Monster Energy Ultra Golden Pineapple \u2013 \u015eekersiz \u2013 500 ml - hakmarfrance.online","og_description":"Bir tutam egzotik dokunu\u015fla enerjini Monster Ultra Golden Pineapple ile depola! Bu \u015fekersiz enerji i\u00e7ece\u011fi, 500 ml'lik c\u00f6mert boyunda yo\u011fun alt\u0131n ananas lezzeti sunar. \u2714\ufe0f Ferahlat\u0131c\u0131 tropik ananas lezzeti\u2714\ufe0f \u015eekersiz \u2013 0 kalori, %100 enerji\u2714\ufe0f Kafein ve B vitaminleriyle zenginle\u015ftirilmi\u015f\u2714\ufe0f Gazl\u0131 enerji i\u00e7ece\u011fi \u2013 500 ml\u2714\ufe0f Ultra \u00e7ekici alt\u0131n renkli premium tasar\u0131m Her yudumda yaz\u0131n tad\u0131, performanstan \u00f6d\u00fcn vermeden. Ultra Golden, do\u011fal enerji.","og_url":"https:\/\/hakmarfrance.online\/tr\/produit\/monster-energy-ultra-golden-pineapple-sekersiz-500-ml\/","og_site_name":"hakmarfrance.online","article_publisher":"https:\/\/www.facebook.com\/HakmarFranceSupermarche\/?locale=fr_FR","og_image":[{"width":1000,"height":800,"url":"https:\/\/hakmarfrance.online\/wp-content\/uploads\/2025\/07\/monster-energy-ultra-golden-pineapple-zero-sucre-500ml.avif","type":"image\/png"}],"twitter_card":"summary_large_image","schema":{"@context":"https:\/\/schema.org","@graph":[{"@type":"WebPage","@id":"https:\/\/hakmarfrance.online\/tr\/produit\/monster-energy-ultra-golden-pineapple-sekersiz-500-ml\/","url":"https:\/\/hakmarfrance.online\/tr\/produit\/monster-energy-ultra-golden-pineapple-sekersiz-500-ml\/","name":"Monster Energy Ultra Golden Pineapple \u2013 \u015eekersiz \u2013 500 ml - hakmarfrance.online","isPartOf":{"@id":"https:\/\/hakmarfrance.online\/tr\/#website"},"primaryImageOfPage":{"@id":"https:\/\/hakmarfrance.online\/tr\/produit\/monster-energy-ultra-golden-pineapple-sekersiz-500-ml\/#primaryimage"},"image":{"@id":"https:\/\/hakmarfrance.online\/tr\/produit\/monster-energy-ultra-golden-pineapple-sekersiz-500-ml\/#primaryimage"},"thumbnailUrl":"https:\/\/hakmarfrance.online\/wp-content\/uploads\/2025\/07\/monster-energy-ultra-golden-pineapple-zero-sucre-500ml.avif","datePublished":"2025-07-09T07:06:16+00:00","breadcrumb":{"@id":"https:\/\/hakmarfrance.online\/tr\/produit\/monster-energy-ultra-golden-pineapple-sekersiz-500-ml\/#breadcrumb"},"inLanguage":"tr-TR","potentialAction":[{"@type":"ReadAction","target":["https:\/\/hakmarfrance.online\/tr\/produit\/monster-energy-ultra-golden-pineapple-sekersiz-500-ml\/"]}]},{"@type":"ImageObject","inLanguage":"tr-TR","@id":"https:\/\/hakmarfrance.online\/tr\/produit\/monster-energy-ultra-golden-pineapple-sekersiz-500-ml\/#primaryimage","url":"https:\/\/hakmarfrance.online\/wp-content\/uploads\/2025\/07\/monster-energy-ultra-golden-pineapple-zero-sucre-500ml.avif","contentUrl":"https:\/\/hakmarfrance.online\/wp-content\/uploads\/2025\/07\/monster-energy-ultra-golden-pineapple-zero-sucre-500ml.avif","width":1000,"height":800,"caption":"Monster Ultra Golden Pineapple \u2013 500 ml, alt\u0131n ananas aromal\u0131 \u015fekersiz enerji i\u00e7ece\u011fi"},{"@type":"BreadcrumbList","@id":"https:\/\/hakmarfrance.online\/tr\/produit\/monster-energy-ultra-golden-pineapple-sekersiz-500-ml\/#breadcrumb","itemListElement":[{"@type":"ListItem","position":1,"name":"Accueil","item":"https:\/\/hakmarfrance.online\/tr\/"},{"@type":"ListItem","position":2,"name":"Ma\u011faza","item":"https:\/\/hakmarfrance.online\/tr\/magaza\/"},{"@type":"ListItem","position":3,"name":"Monster Energy Ultra Golden Pineapple \u2013 \u015eekersiz \u2013 500 ml"}]},{"@type":"WebSite","@id":"https:\/\/hakmarfrance.online\/tr\/#website","url":"https:\/\/hakmarfrance.online\/tr\/","name":"hakmarfrance.online","description":"","publisher":{"@id":"https:\/\/hakmarfrance.online\/tr\/#organization"},"potentialAction":[{"@type":"SearchAction","target":{"@type":"EntryPoint","urlTemplate":"https:\/\/hakmarfrance.online\/tr\/?s={search_term_string}"},"query-input":{"@type":"PropertyValueSpecification","valueRequired":true,"valueName":"search_term_string"}}],"inLanguage":"tr-TR"},{"@type":"Organization","@id":"https:\/\/hakmarfrance.online\/tr\/#organization","name":"hakmarfrance.online","url":"https:\/\/hakmarfrance.online\/tr\/","logo":{"@type":"ImageObject","inLanguage":"tr-TR","@id":"https:\/\/hakmarfrance.online\/tr\/#\/schema\/logo\/image\/","url":"https:\/\/hakmarfrance.online\/wp-content\/uploads\/2025\/06\/logo-hakmarfrance.png","contentUrl":"https:\/\/hakmarfrance.online\/wp-content\/uploads\/2025\/06\/logo-hakmarfrance.png","width":528,"height":232,"caption":"hakmarfrance.online"},"image":{"@id":"https:\/\/hakmarfrance.online\/tr\/#\/schema\/logo\/image\/"},"sameAs":["https:\/\/www.facebook.com\/HakmarFranceSupermarche\/?locale=fr_FR","https:\/\/www.instagram.com\/hakmarfrancesupermarche\/"]}]}},"_links":{"self":[{"href":"https:\/\/hakmarfrance.online\/tr\/wp-json\/wp\/v2\/product\/18026","targetHints":{"allow":["GET"]}}],"collection":[{"href":"https:\/\/hakmarfrance.online\/tr\/wp-json\/wp\/v2\/product"}],"about":[{"href":"https:\/\/hakmarfrance.online\/tr\/wp-json\/wp\/v2\/types\/product"}],"replies":[{"embeddable":true,"href":"https:\/\/hakmarfrance.online\/tr\/wp-json\/wp\/v2\/comments?post=18026"}],"version-history":[{"count":0,"href":"https:\/\/hakmarfrance.online\/tr\/wp-json\/wp\/v2\/product\/18026\/revisions"}],"wp:featuredmedia":[{"embeddable":true,"href":"https:\/\/hakmarfrance.online\/tr\/wp-json\/wp\/v2\/media\/18027"}],"wp:attachment":[{"href":"https:\/\/hakmarfrance.online\/tr\/wp-json\/wp\/v2\/media?parent=18026"}],"wp:term":[{"taxonomy":"product_brand","embeddable":true,"href":"https:\/\/hakmarfrance.online\/tr\/wp-json\/wp\/v2\/product_brand?post=18026"},{"taxonomy":"product_cat","embeddable":true,"href":"https:\/\/hakmarfrance.online\/tr\/wp-json\/wp\/v2\/product_cat?post=18026"},{"taxonomy":"product_tag","embeddable":true,"href":"https:\/\/hakmarfrance.online\/tr\/wp-json\/wp\/v2\/product_tag?post=18026"}],"curies":[{"name":"wp","href":"https:\/\/api.w.org\/{rel}","templated":true}]}}