{"id":18030,"date":"2025-07-04T20:56:11","date_gmt":"2025-07-04T20:56:11","guid":{"rendered":"https:\/\/hakmarfrance.online\/produit\/yorem-sizma-zeytinyagi-extra-virgin-750-ml-premium-kalite\/"},"modified":"2025-07-04T20:56:11","modified_gmt":"2025-07-04T20:56:11","slug":"yorem-sizma-zeytinyagi-extra-virgin-750-ml-premium-kalite","status":"publish","type":"product","link":"https:\/\/hakmarfrance.online\/tr\/produit\/yorem-sizma-zeytinyagi-extra-virgin-750-ml-premium-kalite\/","title":{"rendered":"Y\u00f6rem \u2013 S\u0131zma Zeytinya\u011f\u0131 Extra Virgin \u2013 750 ml \u2013 Premium Kalite"},"content":{"rendered":"","protected":false},"excerpt":{"rendered":"<p data-start=\"305\" data-end=\"563\">So\u011fuk s\u0131k\u0131m y\u00f6ntemiyle \u00f6zenle i\u015flenmi\u015f zeytinlerden elde edilen premium kalitede Y\u00f6rem S\u0131zma zeytinya\u011f\u0131n\u0131n \u00f6zg\u00fcnl\u00fc\u011f\u00fcn\u00fc ke\u015ffet. Akdeniz mutfa\u011f\u0131n\u0131n vazge\u00e7ilmezi! <\/p>\n<p data-start=\"565\" data-end=\"767\">\ud83c\udf43 Zengin lezzet, salatalar, \u0131zgaralar veya \u00e7i\u011f t\u00fcketim i\u00e7in m\u00fckemmel<br data-start=\"628\" data-end=\"631\">\ud83e\uddf4 Aile kullan\u0131m\u0131 i\u00e7in c\u00f6mert 750 ml hacim<br data-start=\"690\" data-end=\"693\">\ud83c\uddf9\ud83c\uddf7 Yumu\u015fakl\u0131\u011f\u0131 ve aromatik zenginli\u011fi ile sevilen T\u00fcrk \u00f6zelli\u011fi<\/p>\n<p data-start=\"769\" data-end=\"805\">\u2705 <strong data-start=\"771\" data-end=\"803\">Ana \u00f6zellikler<\/strong>:<\/p>\n<ul data-start=\"807\" data-end=\"990\">\n<li data-start=\"807\" data-end=\"830\">\n<p data-start=\"809\" data-end=\"830\">Hacim: 750 ml<\/p>\n<\/li>\n<li data-start=\"831\" data-end=\"887\">\n<p data-start=\"833\" data-end=\"887\">T\u00fcr: S\u0131zma zeytinya\u011f\u0131 (Extra Virgin)<\/p>\n<\/li>\n<li data-start=\"888\" data-end=\"909\">\n<p data-start=\"890\" data-end=\"909\">Men\u015fei: T\u00fcrkiye<\/p>\n<\/li>\n<li data-start=\"910\" data-end=\"947\">\n<p data-start=\"912\" data-end=\"947\">So\u011fuk s\u0131k\u0131m \u2013 Premium kalite<\/p>\n<\/li>\n<li data-start=\"948\" data-end=\"990\">\n<p data-start=\"950\" data-end=\"990\">Koyu cam \u015fi\u015fede ambalajlanm\u0131\u015f<\/p>\n<\/li>\n<\/ul>\n","protected":false},"featured_media":18031,"comment_status":"open","ping_status":"closed","template":"","meta":{"iawp_total_views":0},"product_brand":[173],"product_cat":[225,288],"product_tag":[],"class_list":{"0":"post-18030","1":"product","2":"type-product","3":"status-publish","4":"has-post-thumbnail","6":"product_brand-yorem","7":"product_cat-tum-urunlerimiz","8":"product_cat-tuzlu-gidalar","10":"first","11":"instock","12":"shipping-taxable","13":"purchasable","14":"product-type-simple"},"yoast_head":"<!-- This site is optimized with the Yoast SEO plugin v27.3 - https:\/\/yoast.com\/product\/yoast-seo-wordpress\/ -->\n<title>Y\u00f6rem \u2013 S\u0131zma Zeytinya\u011f\u0131 Extra Virgin \u2013 750 ml \u2013 Premium Kalite - hakmarfrance.online<\/title>\n<meta name=\"robots\" content=\"index, follow, max-snippet:-1, max-image-preview:large, max-video-preview:-1\" \/>\n<link rel=\"canonical\" href=\"https:\/\/hakmarfrance.online\/tr\/produit\/yorem-sizma-zeytinyagi-extra-virgin-750-ml-premium-kalite\/\" \/>\n<meta property=\"og:locale\" content=\"tr_TR\" \/>\n<meta property=\"og:type\" content=\"article\" \/>\n<meta property=\"og:title\" content=\"Y\u00f6rem \u2013 S\u0131zma Zeytinya\u011f\u0131 Extra Virgin \u2013 750 ml \u2013 Premium Kalite - hakmarfrance.online\" \/>\n<meta property=\"og:description\" content=\"So\u011fuk s\u0131k\u0131m y\u00f6ntemiyle \u00f6zenle i\u015flenmi\u015f zeytinlerden elde edilen premium kalitede Y\u00f6rem S\u0131zma zeytinya\u011f\u0131n\u0131n \u00f6zg\u00fcnl\u00fc\u011f\u00fcn\u00fc ke\u015ffet. Akdeniz mutfa\u011f\u0131n\u0131n vazge\u00e7ilmezi! \ud83c\udf43 Zengin lezzet, salatalar, \u0131zgaralar veya \u00e7i\u011f t\u00fcketim i\u00e7in m\u00fckemmel\ud83e\uddf4 Aile kullan\u0131m\u0131 i\u00e7in c\u00f6mert 750 ml hacim\ud83c\uddf9\ud83c\uddf7 Yumu\u015fakl\u0131\u011f\u0131 ve aromatik zenginli\u011fi ile sevilen T\u00fcrk \u00f6zelli\u011fi \u2705 Ana \u00f6zellikler:   Hacim: 750 ml   T\u00fcr: S\u0131zma zeytinya\u011f\u0131 (Extra Virgin)   Men\u015fei: T\u00fcrkiye   So\u011fuk s\u0131k\u0131m \u2013 Premium kalite   Koyu cam \u015fi\u015fede ambalajlanm\u0131\u015f\" \/>\n<meta property=\"og:url\" content=\"https:\/\/hakmarfrance.online\/tr\/produit\/yorem-sizma-zeytinyagi-extra-virgin-750-ml-premium-kalite\/\" \/>\n<meta property=\"og:site_name\" content=\"hakmarfrance.online\" \/>\n<meta property=\"article:publisher\" content=\"https:\/\/www.facebook.com\/HakmarFranceSupermarche\/?locale=fr_FR\" \/>\n<meta property=\"og:image\" content=\"https:\/\/hakmarfrance.online\/wp-content\/uploads\/2025\/07\/huile-olive-yorem-sizma-zeytinyagi-750ml.avif\" \/>\n\t<meta property=\"og:image:width\" content=\"1000\" \/>\n\t<meta property=\"og:image:height\" content=\"800\" \/>\n\t<meta property=\"og:image:type\" content=\"image\/png\" \/>\n<meta name=\"twitter:card\" content=\"summary_large_image\" \/>\n<script type=\"application\/ld+json\" class=\"yoast-schema-graph\">{\"@context\":\"https:\\\/\\\/schema.org\",\"@graph\":[{\"@type\":\"WebPage\",\"@id\":\"https:\\\/\\\/hakmarfrance.online\\\/tr\\\/produit\\\/yorem-sizma-zeytinyagi-extra-virgin-750-ml-premium-kalite\\\/\",\"url\":\"https:\\\/\\\/hakmarfrance.online\\\/tr\\\/produit\\\/yorem-sizma-zeytinyagi-extra-virgin-750-ml-premium-kalite\\\/\",\"name\":\"Y\u00f6rem \u2013 S\u0131zma Zeytinya\u011f\u0131 Extra Virgin \u2013 750 ml \u2013 Premium Kalite - hakmarfrance.online\",\"isPartOf\":{\"@id\":\"https:\\\/\\\/hakmarfrance.online\\\/tr\\\/#website\"},\"primaryImageOfPage\":{\"@id\":\"https:\\\/\\\/hakmarfrance.online\\\/tr\\\/produit\\\/yorem-sizma-zeytinyagi-extra-virgin-750-ml-premium-kalite\\\/#primaryimage\"},\"image\":{\"@id\":\"https:\\\/\\\/hakmarfrance.online\\\/tr\\\/produit\\\/yorem-sizma-zeytinyagi-extra-virgin-750-ml-premium-kalite\\\/#primaryimage\"},\"thumbnailUrl\":\"https:\\\/\\\/hakmarfrance.online\\\/wp-content\\\/uploads\\\/2025\\\/07\\\/huile-olive-yorem-sizma-zeytinyagi-750ml.avif\",\"datePublished\":\"2025-07-04T20:56:11+00:00\",\"breadcrumb\":{\"@id\":\"https:\\\/\\\/hakmarfrance.online\\\/tr\\\/produit\\\/yorem-sizma-zeytinyagi-extra-virgin-750-ml-premium-kalite\\\/#breadcrumb\"},\"inLanguage\":\"tr-TR\",\"potentialAction\":[{\"@type\":\"ReadAction\",\"target\":[\"https:\\\/\\\/hakmarfrance.online\\\/tr\\\/produit\\\/yorem-sizma-zeytinyagi-extra-virgin-750-ml-premium-kalite\\\/\"]}]},{\"@type\":\"ImageObject\",\"inLanguage\":\"tr-TR\",\"@id\":\"https:\\\/\\\/hakmarfrance.online\\\/tr\\\/produit\\\/yorem-sizma-zeytinyagi-extra-virgin-750-ml-premium-kalite\\\/#primaryimage\",\"url\":\"https:\\\/\\\/hakmarfrance.online\\\/wp-content\\\/uploads\\\/2025\\\/07\\\/huile-olive-yorem-sizma-zeytinyagi-750ml.avif\",\"contentUrl\":\"https:\\\/\\\/hakmarfrance.online\\\/wp-content\\\/uploads\\\/2025\\\/07\\\/huile-olive-yorem-sizma-zeytinyagi-750ml.avif\",\"width\":1000,\"height\":800,\"caption\":\"Y\u00f6rem \u2013 S\u0131zma zeytinya\u011f\u0131 \u2013 750 ml \u2013 Premium T\u00fcrk \u00fcr\u00fcn\u00fc\"},{\"@type\":\"BreadcrumbList\",\"@id\":\"https:\\\/\\\/hakmarfrance.online\\\/tr\\\/produit\\\/yorem-sizma-zeytinyagi-extra-virgin-750-ml-premium-kalite\\\/#breadcrumb\",\"itemListElement\":[{\"@type\":\"ListItem\",\"position\":1,\"name\":\"Accueil\",\"item\":\"https:\\\/\\\/hakmarfrance.online\\\/tr\\\/\"},{\"@type\":\"ListItem\",\"position\":2,\"name\":\"Ma\u011faza\",\"item\":\"https:\\\/\\\/hakmarfrance.online\\\/tr\\\/magaza\\\/\"},{\"@type\":\"ListItem\",\"position\":3,\"name\":\"Y\u00f6rem \u2013 S\u0131zma Zeytinya\u011f\u0131 Extra Virgin \u2013 750 ml \u2013 Premium Kalite\"}]},{\"@type\":\"WebSite\",\"@id\":\"https:\\\/\\\/hakmarfrance.online\\\/tr\\\/#website\",\"url\":\"https:\\\/\\\/hakmarfrance.online\\\/tr\\\/\",\"name\":\"hakmarfrance.online\",\"description\":\"\",\"publisher\":{\"@id\":\"https:\\\/\\\/hakmarfrance.online\\\/tr\\\/#organization\"},\"potentialAction\":[{\"@type\":\"SearchAction\",\"target\":{\"@type\":\"EntryPoint\",\"urlTemplate\":\"https:\\\/\\\/hakmarfrance.online\\\/tr\\\/?s={search_term_string}\"},\"query-input\":{\"@type\":\"PropertyValueSpecification\",\"valueRequired\":true,\"valueName\":\"search_term_string\"}}],\"inLanguage\":\"tr-TR\"},{\"@type\":\"Organization\",\"@id\":\"https:\\\/\\\/hakmarfrance.online\\\/tr\\\/#organization\",\"name\":\"hakmarfrance.online\",\"url\":\"https:\\\/\\\/hakmarfrance.online\\\/tr\\\/\",\"logo\":{\"@type\":\"ImageObject\",\"inLanguage\":\"tr-TR\",\"@id\":\"https:\\\/\\\/hakmarfrance.online\\\/tr\\\/#\\\/schema\\\/logo\\\/image\\\/\",\"url\":\"https:\\\/\\\/hakmarfrance.online\\\/wp-content\\\/uploads\\\/2025\\\/06\\\/logo-hakmarfrance.png\",\"contentUrl\":\"https:\\\/\\\/hakmarfrance.online\\\/wp-content\\\/uploads\\\/2025\\\/06\\\/logo-hakmarfrance.png\",\"width\":528,\"height\":232,\"caption\":\"hakmarfrance.online\"},\"image\":{\"@id\":\"https:\\\/\\\/hakmarfrance.online\\\/tr\\\/#\\\/schema\\\/logo\\\/image\\\/\"},\"sameAs\":[\"https:\\\/\\\/www.facebook.com\\\/HakmarFranceSupermarche\\\/?locale=fr_FR\",\"https:\\\/\\\/www.instagram.com\\\/hakmarfrancesupermarche\\\/\"]}]}<\/script>\n<!-- \/ Yoast SEO plugin. -->","yoast_head_json":{"title":"Y\u00f6rem \u2013 S\u0131zma Zeytinya\u011f\u0131 Extra Virgin \u2013 750 ml \u2013 Premium Kalite - hakmarfrance.online","robots":{"index":"index","follow":"follow","max-snippet":"max-snippet:-1","max-image-preview":"max-image-preview:large","max-video-preview":"max-video-preview:-1"},"canonical":"https:\/\/hakmarfrance.online\/tr\/produit\/yorem-sizma-zeytinyagi-extra-virgin-750-ml-premium-kalite\/","og_locale":"tr_TR","og_type":"article","og_title":"Y\u00f6rem \u2013 S\u0131zma Zeytinya\u011f\u0131 Extra Virgin \u2013 750 ml \u2013 Premium Kalite - hakmarfrance.online","og_description":"So\u011fuk s\u0131k\u0131m y\u00f6ntemiyle \u00f6zenle i\u015flenmi\u015f zeytinlerden elde edilen premium kalitede Y\u00f6rem S\u0131zma zeytinya\u011f\u0131n\u0131n \u00f6zg\u00fcnl\u00fc\u011f\u00fcn\u00fc ke\u015ffet. Akdeniz mutfa\u011f\u0131n\u0131n vazge\u00e7ilmezi! \ud83c\udf43 Zengin lezzet, salatalar, \u0131zgaralar veya \u00e7i\u011f t\u00fcketim i\u00e7in m\u00fckemmel\ud83e\uddf4 Aile kullan\u0131m\u0131 i\u00e7in c\u00f6mert 750 ml hacim\ud83c\uddf9\ud83c\uddf7 Yumu\u015fakl\u0131\u011f\u0131 ve aromatik zenginli\u011fi ile sevilen T\u00fcrk \u00f6zelli\u011fi \u2705 Ana \u00f6zellikler:   Hacim: 750 ml   T\u00fcr: S\u0131zma zeytinya\u011f\u0131 (Extra Virgin)   Men\u015fei: T\u00fcrkiye   So\u011fuk s\u0131k\u0131m \u2013 Premium kalite   Koyu cam \u015fi\u015fede ambalajlanm\u0131\u015f","og_url":"https:\/\/hakmarfrance.online\/tr\/produit\/yorem-sizma-zeytinyagi-extra-virgin-750-ml-premium-kalite\/","og_site_name":"hakmarfrance.online","article_publisher":"https:\/\/www.facebook.com\/HakmarFranceSupermarche\/?locale=fr_FR","og_image":[{"width":1000,"height":800,"url":"https:\/\/hakmarfrance.online\/wp-content\/uploads\/2025\/07\/huile-olive-yorem-sizma-zeytinyagi-750ml.avif","type":"image\/png"}],"twitter_card":"summary_large_image","schema":{"@context":"https:\/\/schema.org","@graph":[{"@type":"WebPage","@id":"https:\/\/hakmarfrance.online\/tr\/produit\/yorem-sizma-zeytinyagi-extra-virgin-750-ml-premium-kalite\/","url":"https:\/\/hakmarfrance.online\/tr\/produit\/yorem-sizma-zeytinyagi-extra-virgin-750-ml-premium-kalite\/","name":"Y\u00f6rem \u2013 S\u0131zma Zeytinya\u011f\u0131 Extra Virgin \u2013 750 ml \u2013 Premium Kalite - hakmarfrance.online","isPartOf":{"@id":"https:\/\/hakmarfrance.online\/tr\/#website"},"primaryImageOfPage":{"@id":"https:\/\/hakmarfrance.online\/tr\/produit\/yorem-sizma-zeytinyagi-extra-virgin-750-ml-premium-kalite\/#primaryimage"},"image":{"@id":"https:\/\/hakmarfrance.online\/tr\/produit\/yorem-sizma-zeytinyagi-extra-virgin-750-ml-premium-kalite\/#primaryimage"},"thumbnailUrl":"https:\/\/hakmarfrance.online\/wp-content\/uploads\/2025\/07\/huile-olive-yorem-sizma-zeytinyagi-750ml.avif","datePublished":"2025-07-04T20:56:11+00:00","breadcrumb":{"@id":"https:\/\/hakmarfrance.online\/tr\/produit\/yorem-sizma-zeytinyagi-extra-virgin-750-ml-premium-kalite\/#breadcrumb"},"inLanguage":"tr-TR","potentialAction":[{"@type":"ReadAction","target":["https:\/\/hakmarfrance.online\/tr\/produit\/yorem-sizma-zeytinyagi-extra-virgin-750-ml-premium-kalite\/"]}]},{"@type":"ImageObject","inLanguage":"tr-TR","@id":"https:\/\/hakmarfrance.online\/tr\/produit\/yorem-sizma-zeytinyagi-extra-virgin-750-ml-premium-kalite\/#primaryimage","url":"https:\/\/hakmarfrance.online\/wp-content\/uploads\/2025\/07\/huile-olive-yorem-sizma-zeytinyagi-750ml.avif","contentUrl":"https:\/\/hakmarfrance.online\/wp-content\/uploads\/2025\/07\/huile-olive-yorem-sizma-zeytinyagi-750ml.avif","width":1000,"height":800,"caption":"Y\u00f6rem \u2013 S\u0131zma zeytinya\u011f\u0131 \u2013 750 ml \u2013 Premium T\u00fcrk \u00fcr\u00fcn\u00fc"},{"@type":"BreadcrumbList","@id":"https:\/\/hakmarfrance.online\/tr\/produit\/yorem-sizma-zeytinyagi-extra-virgin-750-ml-premium-kalite\/#breadcrumb","itemListElement":[{"@type":"ListItem","position":1,"name":"Accueil","item":"https:\/\/hakmarfrance.online\/tr\/"},{"@type":"ListItem","position":2,"name":"Ma\u011faza","item":"https:\/\/hakmarfrance.online\/tr\/magaza\/"},{"@type":"ListItem","position":3,"name":"Y\u00f6rem \u2013 S\u0131zma Zeytinya\u011f\u0131 Extra Virgin \u2013 750 ml \u2013 Premium Kalite"}]},{"@type":"WebSite","@id":"https:\/\/hakmarfrance.online\/tr\/#website","url":"https:\/\/hakmarfrance.online\/tr\/","name":"hakmarfrance.online","description":"","publisher":{"@id":"https:\/\/hakmarfrance.online\/tr\/#organization"},"potentialAction":[{"@type":"SearchAction","target":{"@type":"EntryPoint","urlTemplate":"https:\/\/hakmarfrance.online\/tr\/?s={search_term_string}"},"query-input":{"@type":"PropertyValueSpecification","valueRequired":true,"valueName":"search_term_string"}}],"inLanguage":"tr-TR"},{"@type":"Organization","@id":"https:\/\/hakmarfrance.online\/tr\/#organization","name":"hakmarfrance.online","url":"https:\/\/hakmarfrance.online\/tr\/","logo":{"@type":"ImageObject","inLanguage":"tr-TR","@id":"https:\/\/hakmarfrance.online\/tr\/#\/schema\/logo\/image\/","url":"https:\/\/hakmarfrance.online\/wp-content\/uploads\/2025\/06\/logo-hakmarfrance.png","contentUrl":"https:\/\/hakmarfrance.online\/wp-content\/uploads\/2025\/06\/logo-hakmarfrance.png","width":528,"height":232,"caption":"hakmarfrance.online"},"image":{"@id":"https:\/\/hakmarfrance.online\/tr\/#\/schema\/logo\/image\/"},"sameAs":["https:\/\/www.facebook.com\/HakmarFranceSupermarche\/?locale=fr_FR","https:\/\/www.instagram.com\/hakmarfrancesupermarche\/"]}]}},"_links":{"self":[{"href":"https:\/\/hakmarfrance.online\/tr\/wp-json\/wp\/v2\/product\/18030","targetHints":{"allow":["GET"]}}],"collection":[{"href":"https:\/\/hakmarfrance.online\/tr\/wp-json\/wp\/v2\/product"}],"about":[{"href":"https:\/\/hakmarfrance.online\/tr\/wp-json\/wp\/v2\/types\/product"}],"replies":[{"embeddable":true,"href":"https:\/\/hakmarfrance.online\/tr\/wp-json\/wp\/v2\/comments?post=18030"}],"version-history":[{"count":0,"href":"https:\/\/hakmarfrance.online\/tr\/wp-json\/wp\/v2\/product\/18030\/revisions"}],"wp:featuredmedia":[{"embeddable":true,"href":"https:\/\/hakmarfrance.online\/tr\/wp-json\/wp\/v2\/media\/18031"}],"wp:attachment":[{"href":"https:\/\/hakmarfrance.online\/tr\/wp-json\/wp\/v2\/media?parent=18030"}],"wp:term":[{"taxonomy":"product_brand","embeddable":true,"href":"https:\/\/hakmarfrance.online\/tr\/wp-json\/wp\/v2\/product_brand?post=18030"},{"taxonomy":"product_cat","embeddable":true,"href":"https:\/\/hakmarfrance.online\/tr\/wp-json\/wp\/v2\/product_cat?post=18030"},{"taxonomy":"product_tag","embeddable":true,"href":"https:\/\/hakmarfrance.online\/tr\/wp-json\/wp\/v2\/product_tag?post=18030"}],"curies":[{"name":"wp","href":"https:\/\/api.w.org\/{rel}","templated":true}]}}