{"id":18034,"date":"2025-07-04T20:56:11","date_gmt":"2025-07-04T20:56:11","guid":{"rendered":"https:\/\/hakmarfrance.online\/produit\/kagit-masa-ortusu-2-rulo-pecete\/"},"modified":"2025-07-04T20:56:11","modified_gmt":"2025-07-04T20:56:11","slug":"kagit-masa-ortusu-2-rulo-pecete","status":"publish","type":"product","link":"https:\/\/hakmarfrance.online\/tr\/produit\/kagit-masa-ortusu-2-rulo-pecete\/","title":{"rendered":"Ka\u011f\u0131t Masa \u00d6rt\u00fcs\u00fc 2 Rulo &#8211; Pe\u00e7ete"},"content":{"rendered":"","protected":false},"excerpt":{"rendered":"<p data-start=\"362\" data-end=\"599\"><strong data-start=\"425\" data-end=\"469\">Altina &#8211; Home Sweet Home ka\u011f\u0131t masa \u00f6rt\u00fcs\u00fc<\/strong> ile masan\u0131za pratik ve \u015f\u0131k bir dokunu\u015f kat\u0131n. <strong data-start=\"483\" data-end=\"497\">2 rulo<\/strong> kal\u0131n ka\u011f\u0131ttan olu\u015fan bu tek kullan\u0131ml\u0131k masa \u00f6rt\u00fcs\u00fc, \u00f6zel yemekler, piknikler veya toplu yemekler i\u00e7in idealdir. <\/p>\n<p data-start=\"601\" data-end=\"639\">\u2705 <strong data-start=\"603\" data-end=\"635\">Ana \u00f6zellikler<\/strong>:<\/p>\n<ul data-start=\"640\" data-end=\"913\">\n<li data-start=\"640\" data-end=\"675\">\n<p data-start=\"642\" data-end=\"675\"><strong data-start=\"642\" data-end=\"673\">2 rulo tek kullan\u0131ml\u0131k masa \u00f6rt\u00fcs\u00fc<\/strong><\/p>\n<\/li>\n<li data-start=\"676\" data-end=\"737\">\n<p data-start=\"678\" data-end=\"737\">Daha dayan\u0131kl\u0131 <strong data-start=\"678\" data-end=\"705\">\u00e7ift katl\u0131 ka\u011f\u0131t<\/strong><\/p>\n<\/li>\n<li data-start=\"738\" data-end=\"777\">\n<p data-start=\"740\" data-end=\"777\"><strong data-start=\"746\" data-end=\"763\">Mavi ve beyaz<\/strong> p\u00f6tikare desenli<\/p>\n<\/li>\n<li data-start=\"778\" data-end=\"843\">\n<p data-start=\"780\" data-end=\"843\">Kolay kullan\u0131m ve temiz kesim i\u00e7in <strong data-start=\"780\" data-end=\"792\">perforeli<\/strong><\/p>\n<\/li>\n<li data-start=\"844\" data-end=\"913\">\n<p data-start=\"846\" data-end=\"913\"><strong data-start=\"859\" data-end=\"913\">Yemek masalar\u0131, etkinlikler veya d\u0131\u015f mekan<\/strong> i\u00e7in m\u00fckemmel<\/p>\n<\/li>\n<\/ul>\n<p data-start=\"915\" data-end=\"1017\">\ud83c\udf89 <strong data-start=\"918\" data-end=\"1017\">Kalabal\u0131k sofralar i\u00e7in veya klasik masa \u00f6rt\u00fclerinizi \u015f\u0131k ve sade bir \u015fekilde korumak i\u00e7in ideal.<\/strong><\/p>\n","protected":false},"featured_media":18035,"comment_status":"open","ping_status":"closed","template":"","meta":{"iawp_total_views":0},"product_brand":[],"product_cat":[284,225],"product_tag":[],"class_list":{"0":"post-18034","1":"product","2":"type-product","3":"status-publish","4":"has-post-thumbnail","6":"product_cat-hijyen-bakim","7":"product_cat-tum-urunlerimiz","9":"first","10":"instock","11":"shipping-taxable","12":"purchasable","13":"product-type-simple"},"yoast_head":"<!-- This site is optimized with the Yoast SEO plugin v27.3 - https:\/\/yoast.com\/product\/yoast-seo-wordpress\/ -->\n<title>Ka\u011f\u0131t Masa \u00d6rt\u00fcs\u00fc 2 Rulo - Pe\u00e7ete - hakmarfrance.online<\/title>\n<meta name=\"robots\" content=\"index, follow, max-snippet:-1, max-image-preview:large, max-video-preview:-1\" \/>\n<link rel=\"canonical\" href=\"https:\/\/hakmarfrance.online\/tr\/produit\/kagit-masa-ortusu-2-rulo-pecete\/\" \/>\n<meta property=\"og:locale\" content=\"tr_TR\" \/>\n<meta property=\"og:type\" content=\"article\" \/>\n<meta property=\"og:title\" content=\"Ka\u011f\u0131t Masa \u00d6rt\u00fcs\u00fc 2 Rulo - Pe\u00e7ete - hakmarfrance.online\" \/>\n<meta property=\"og:description\" content=\"Altina - Home Sweet Home ka\u011f\u0131t masa \u00f6rt\u00fcs\u00fc ile masan\u0131za pratik ve \u015f\u0131k bir dokunu\u015f kat\u0131n. 2 rulo kal\u0131n ka\u011f\u0131ttan olu\u015fan bu tek kullan\u0131ml\u0131k masa \u00f6rt\u00fcs\u00fc, \u00f6zel yemekler, piknikler veya toplu yemekler i\u00e7in idealdir. \u2705 Ana \u00f6zellikler:   2 rulo tek kullan\u0131ml\u0131k masa \u00f6rt\u00fcs\u00fc   Daha dayan\u0131kl\u0131 \u00e7ift katl\u0131 ka\u011f\u0131t   Mavi ve beyaz p\u00f6tikare desenli   Kolay kullan\u0131m ve temiz kesim i\u00e7in perforeli   Yemek masalar\u0131, etkinlikler veya d\u0131\u015f mekan i\u00e7in m\u00fckemmel  \ud83c\udf89 Kalabal\u0131k sofralar i\u00e7in veya klasik masa \u00f6rt\u00fclerinizi \u015f\u0131k ve sade bir \u015fekilde korumak i\u00e7in ideal.\" \/>\n<meta property=\"og:url\" content=\"https:\/\/hakmarfrance.online\/tr\/produit\/kagit-masa-ortusu-2-rulo-pecete\/\" \/>\n<meta property=\"og:site_name\" content=\"hakmarfrance.online\" \/>\n<meta property=\"article:publisher\" content=\"https:\/\/www.facebook.com\/HakmarFranceSupermarche\/?locale=fr_FR\" \/>\n<meta property=\"og:image\" content=\"https:\/\/hakmarfrance.online\/wp-content\/uploads\/2025\/07\/nappe-papier-altina-2-rouleaux.avif\" \/>\n\t<meta property=\"og:image:width\" content=\"1000\" \/>\n\t<meta property=\"og:image:height\" content=\"800\" \/>\n\t<meta property=\"og:image:type\" content=\"image\/png\" \/>\n<meta name=\"twitter:card\" content=\"summary_large_image\" \/>\n<script type=\"application\/ld+json\" class=\"yoast-schema-graph\">{\"@context\":\"https:\\\/\\\/schema.org\",\"@graph\":[{\"@type\":\"WebPage\",\"@id\":\"https:\\\/\\\/hakmarfrance.online\\\/tr\\\/produit\\\/kagit-masa-ortusu-2-rulo-pecete\\\/\",\"url\":\"https:\\\/\\\/hakmarfrance.online\\\/tr\\\/produit\\\/kagit-masa-ortusu-2-rulo-pecete\\\/\",\"name\":\"Ka\u011f\u0131t Masa \u00d6rt\u00fcs\u00fc 2 Rulo - Pe\u00e7ete - hakmarfrance.online\",\"isPartOf\":{\"@id\":\"https:\\\/\\\/hakmarfrance.online\\\/tr\\\/#website\"},\"primaryImageOfPage\":{\"@id\":\"https:\\\/\\\/hakmarfrance.online\\\/tr\\\/produit\\\/kagit-masa-ortusu-2-rulo-pecete\\\/#primaryimage\"},\"image\":{\"@id\":\"https:\\\/\\\/hakmarfrance.online\\\/tr\\\/produit\\\/kagit-masa-ortusu-2-rulo-pecete\\\/#primaryimage\"},\"thumbnailUrl\":\"https:\\\/\\\/hakmarfrance.online\\\/wp-content\\\/uploads\\\/2025\\\/07\\\/nappe-papier-altina-2-rouleaux.avif\",\"datePublished\":\"2025-07-04T20:56:11+00:00\",\"breadcrumb\":{\"@id\":\"https:\\\/\\\/hakmarfrance.online\\\/tr\\\/produit\\\/kagit-masa-ortusu-2-rulo-pecete\\\/#breadcrumb\"},\"inLanguage\":\"tr-TR\",\"potentialAction\":[{\"@type\":\"ReadAction\",\"target\":[\"https:\\\/\\\/hakmarfrance.online\\\/tr\\\/produit\\\/kagit-masa-ortusu-2-rulo-pecete\\\/\"]}]},{\"@type\":\"ImageObject\",\"inLanguage\":\"tr-TR\",\"@id\":\"https:\\\/\\\/hakmarfrance.online\\\/tr\\\/produit\\\/kagit-masa-ortusu-2-rulo-pecete\\\/#primaryimage\",\"url\":\"https:\\\/\\\/hakmarfrance.online\\\/wp-content\\\/uploads\\\/2025\\\/07\\\/nappe-papier-altina-2-rouleaux.avif\",\"contentUrl\":\"https:\\\/\\\/hakmarfrance.online\\\/wp-content\\\/uploads\\\/2025\\\/07\\\/nappe-papier-altina-2-rouleaux.avif\",\"width\":1000,\"height\":800,\"caption\":\"Altina Ka\u011f\u0131t Masa \u00d6rt\u00fcs\u00fc - Mavi desenli, \u00e7ift katl\u0131 2 dayan\u0131kl\u0131 rulo\"},{\"@type\":\"BreadcrumbList\",\"@id\":\"https:\\\/\\\/hakmarfrance.online\\\/tr\\\/produit\\\/kagit-masa-ortusu-2-rulo-pecete\\\/#breadcrumb\",\"itemListElement\":[{\"@type\":\"ListItem\",\"position\":1,\"name\":\"Accueil\",\"item\":\"https:\\\/\\\/hakmarfrance.online\\\/tr\\\/\"},{\"@type\":\"ListItem\",\"position\":2,\"name\":\"Ma\u011faza\",\"item\":\"https:\\\/\\\/hakmarfrance.online\\\/tr\\\/magaza\\\/\"},{\"@type\":\"ListItem\",\"position\":3,\"name\":\"Ka\u011f\u0131t Masa \u00d6rt\u00fcs\u00fc 2 Rulo &#8211; Pe\u00e7ete\"}]},{\"@type\":\"WebSite\",\"@id\":\"https:\\\/\\\/hakmarfrance.online\\\/tr\\\/#website\",\"url\":\"https:\\\/\\\/hakmarfrance.online\\\/tr\\\/\",\"name\":\"hakmarfrance.online\",\"description\":\"\",\"publisher\":{\"@id\":\"https:\\\/\\\/hakmarfrance.online\\\/tr\\\/#organization\"},\"potentialAction\":[{\"@type\":\"SearchAction\",\"target\":{\"@type\":\"EntryPoint\",\"urlTemplate\":\"https:\\\/\\\/hakmarfrance.online\\\/tr\\\/?s={search_term_string}\"},\"query-input\":{\"@type\":\"PropertyValueSpecification\",\"valueRequired\":true,\"valueName\":\"search_term_string\"}}],\"inLanguage\":\"tr-TR\"},{\"@type\":\"Organization\",\"@id\":\"https:\\\/\\\/hakmarfrance.online\\\/tr\\\/#organization\",\"name\":\"hakmarfrance.online\",\"url\":\"https:\\\/\\\/hakmarfrance.online\\\/tr\\\/\",\"logo\":{\"@type\":\"ImageObject\",\"inLanguage\":\"tr-TR\",\"@id\":\"https:\\\/\\\/hakmarfrance.online\\\/tr\\\/#\\\/schema\\\/logo\\\/image\\\/\",\"url\":\"https:\\\/\\\/hakmarfrance.online\\\/wp-content\\\/uploads\\\/2025\\\/06\\\/logo-hakmarfrance.png\",\"contentUrl\":\"https:\\\/\\\/hakmarfrance.online\\\/wp-content\\\/uploads\\\/2025\\\/06\\\/logo-hakmarfrance.png\",\"width\":528,\"height\":232,\"caption\":\"hakmarfrance.online\"},\"image\":{\"@id\":\"https:\\\/\\\/hakmarfrance.online\\\/tr\\\/#\\\/schema\\\/logo\\\/image\\\/\"},\"sameAs\":[\"https:\\\/\\\/www.facebook.com\\\/HakmarFranceSupermarche\\\/?locale=fr_FR\",\"https:\\\/\\\/www.instagram.com\\\/hakmarfrancesupermarche\\\/\"]}]}<\/script>\n<!-- \/ Yoast SEO plugin. -->","yoast_head_json":{"title":"Ka\u011f\u0131t Masa \u00d6rt\u00fcs\u00fc 2 Rulo - Pe\u00e7ete - hakmarfrance.online","robots":{"index":"index","follow":"follow","max-snippet":"max-snippet:-1","max-image-preview":"max-image-preview:large","max-video-preview":"max-video-preview:-1"},"canonical":"https:\/\/hakmarfrance.online\/tr\/produit\/kagit-masa-ortusu-2-rulo-pecete\/","og_locale":"tr_TR","og_type":"article","og_title":"Ka\u011f\u0131t Masa \u00d6rt\u00fcs\u00fc 2 Rulo - Pe\u00e7ete - hakmarfrance.online","og_description":"Altina - Home Sweet Home ka\u011f\u0131t masa \u00f6rt\u00fcs\u00fc ile masan\u0131za pratik ve \u015f\u0131k bir dokunu\u015f kat\u0131n. 2 rulo kal\u0131n ka\u011f\u0131ttan olu\u015fan bu tek kullan\u0131ml\u0131k masa \u00f6rt\u00fcs\u00fc, \u00f6zel yemekler, piknikler veya toplu yemekler i\u00e7in idealdir. \u2705 Ana \u00f6zellikler:   2 rulo tek kullan\u0131ml\u0131k masa \u00f6rt\u00fcs\u00fc   Daha dayan\u0131kl\u0131 \u00e7ift katl\u0131 ka\u011f\u0131t   Mavi ve beyaz p\u00f6tikare desenli   Kolay kullan\u0131m ve temiz kesim i\u00e7in perforeli   Yemek masalar\u0131, etkinlikler veya d\u0131\u015f mekan i\u00e7in m\u00fckemmel  \ud83c\udf89 Kalabal\u0131k sofralar i\u00e7in veya klasik masa \u00f6rt\u00fclerinizi \u015f\u0131k ve sade bir \u015fekilde korumak i\u00e7in ideal.","og_url":"https:\/\/hakmarfrance.online\/tr\/produit\/kagit-masa-ortusu-2-rulo-pecete\/","og_site_name":"hakmarfrance.online","article_publisher":"https:\/\/www.facebook.com\/HakmarFranceSupermarche\/?locale=fr_FR","og_image":[{"width":1000,"height":800,"url":"https:\/\/hakmarfrance.online\/wp-content\/uploads\/2025\/07\/nappe-papier-altina-2-rouleaux.avif","type":"image\/png"}],"twitter_card":"summary_large_image","schema":{"@context":"https:\/\/schema.org","@graph":[{"@type":"WebPage","@id":"https:\/\/hakmarfrance.online\/tr\/produit\/kagit-masa-ortusu-2-rulo-pecete\/","url":"https:\/\/hakmarfrance.online\/tr\/produit\/kagit-masa-ortusu-2-rulo-pecete\/","name":"Ka\u011f\u0131t Masa \u00d6rt\u00fcs\u00fc 2 Rulo - Pe\u00e7ete - hakmarfrance.online","isPartOf":{"@id":"https:\/\/hakmarfrance.online\/tr\/#website"},"primaryImageOfPage":{"@id":"https:\/\/hakmarfrance.online\/tr\/produit\/kagit-masa-ortusu-2-rulo-pecete\/#primaryimage"},"image":{"@id":"https:\/\/hakmarfrance.online\/tr\/produit\/kagit-masa-ortusu-2-rulo-pecete\/#primaryimage"},"thumbnailUrl":"https:\/\/hakmarfrance.online\/wp-content\/uploads\/2025\/07\/nappe-papier-altina-2-rouleaux.avif","datePublished":"2025-07-04T20:56:11+00:00","breadcrumb":{"@id":"https:\/\/hakmarfrance.online\/tr\/produit\/kagit-masa-ortusu-2-rulo-pecete\/#breadcrumb"},"inLanguage":"tr-TR","potentialAction":[{"@type":"ReadAction","target":["https:\/\/hakmarfrance.online\/tr\/produit\/kagit-masa-ortusu-2-rulo-pecete\/"]}]},{"@type":"ImageObject","inLanguage":"tr-TR","@id":"https:\/\/hakmarfrance.online\/tr\/produit\/kagit-masa-ortusu-2-rulo-pecete\/#primaryimage","url":"https:\/\/hakmarfrance.online\/wp-content\/uploads\/2025\/07\/nappe-papier-altina-2-rouleaux.avif","contentUrl":"https:\/\/hakmarfrance.online\/wp-content\/uploads\/2025\/07\/nappe-papier-altina-2-rouleaux.avif","width":1000,"height":800,"caption":"Altina Ka\u011f\u0131t Masa \u00d6rt\u00fcs\u00fc - Mavi desenli, \u00e7ift katl\u0131 2 dayan\u0131kl\u0131 rulo"},{"@type":"BreadcrumbList","@id":"https:\/\/hakmarfrance.online\/tr\/produit\/kagit-masa-ortusu-2-rulo-pecete\/#breadcrumb","itemListElement":[{"@type":"ListItem","position":1,"name":"Accueil","item":"https:\/\/hakmarfrance.online\/tr\/"},{"@type":"ListItem","position":2,"name":"Ma\u011faza","item":"https:\/\/hakmarfrance.online\/tr\/magaza\/"},{"@type":"ListItem","position":3,"name":"Ka\u011f\u0131t Masa \u00d6rt\u00fcs\u00fc 2 Rulo &#8211; Pe\u00e7ete"}]},{"@type":"WebSite","@id":"https:\/\/hakmarfrance.online\/tr\/#website","url":"https:\/\/hakmarfrance.online\/tr\/","name":"hakmarfrance.online","description":"","publisher":{"@id":"https:\/\/hakmarfrance.online\/tr\/#organization"},"potentialAction":[{"@type":"SearchAction","target":{"@type":"EntryPoint","urlTemplate":"https:\/\/hakmarfrance.online\/tr\/?s={search_term_string}"},"query-input":{"@type":"PropertyValueSpecification","valueRequired":true,"valueName":"search_term_string"}}],"inLanguage":"tr-TR"},{"@type":"Organization","@id":"https:\/\/hakmarfrance.online\/tr\/#organization","name":"hakmarfrance.online","url":"https:\/\/hakmarfrance.online\/tr\/","logo":{"@type":"ImageObject","inLanguage":"tr-TR","@id":"https:\/\/hakmarfrance.online\/tr\/#\/schema\/logo\/image\/","url":"https:\/\/hakmarfrance.online\/wp-content\/uploads\/2025\/06\/logo-hakmarfrance.png","contentUrl":"https:\/\/hakmarfrance.online\/wp-content\/uploads\/2025\/06\/logo-hakmarfrance.png","width":528,"height":232,"caption":"hakmarfrance.online"},"image":{"@id":"https:\/\/hakmarfrance.online\/tr\/#\/schema\/logo\/image\/"},"sameAs":["https:\/\/www.facebook.com\/HakmarFranceSupermarche\/?locale=fr_FR","https:\/\/www.instagram.com\/hakmarfrancesupermarche\/"]}]}},"_links":{"self":[{"href":"https:\/\/hakmarfrance.online\/tr\/wp-json\/wp\/v2\/product\/18034","targetHints":{"allow":["GET"]}}],"collection":[{"href":"https:\/\/hakmarfrance.online\/tr\/wp-json\/wp\/v2\/product"}],"about":[{"href":"https:\/\/hakmarfrance.online\/tr\/wp-json\/wp\/v2\/types\/product"}],"replies":[{"embeddable":true,"href":"https:\/\/hakmarfrance.online\/tr\/wp-json\/wp\/v2\/comments?post=18034"}],"version-history":[{"count":0,"href":"https:\/\/hakmarfrance.online\/tr\/wp-json\/wp\/v2\/product\/18034\/revisions"}],"wp:featuredmedia":[{"embeddable":true,"href":"https:\/\/hakmarfrance.online\/tr\/wp-json\/wp\/v2\/media\/18035"}],"wp:attachment":[{"href":"https:\/\/hakmarfrance.online\/tr\/wp-json\/wp\/v2\/media?parent=18034"}],"wp:term":[{"taxonomy":"product_brand","embeddable":true,"href":"https:\/\/hakmarfrance.online\/tr\/wp-json\/wp\/v2\/product_brand?post=18034"},{"taxonomy":"product_cat","embeddable":true,"href":"https:\/\/hakmarfrance.online\/tr\/wp-json\/wp\/v2\/product_cat?post=18034"},{"taxonomy":"product_tag","embeddable":true,"href":"https:\/\/hakmarfrance.online\/tr\/wp-json\/wp\/v2\/product_tag?post=18034"}],"curies":[{"name":"wp","href":"https:\/\/api.w.org\/{rel}","templated":true}]}}