{"id":18037,"date":"2025-06-13T10:50:18","date_gmt":"2025-06-13T10:50:18","guid":{"rendered":"https:\/\/hakmarfrance.online\/produit\/helal-kuzu-pirzola\/"},"modified":"2025-06-13T10:50:18","modified_gmt":"2025-06-13T10:50:18","slug":"helal-kuzu-pirzola","status":"publish","type":"product","link":"https:\/\/hakmarfrance.online\/tr\/produit\/helal-kuzu-pirzola\/","title":{"rendered":"Helal Kuzu Pirzola"},"content":{"rendered":"","protected":false},"excerpt":{"rendered":"<p data-start=\"426\" data-end=\"677\">Yumu\u015fakl\u0131\u011f\u0131 ve rafine lezzetiyle bilinen helal <strong data-start=\"452\" data-end=\"468\">kuzu pirzola<\/strong>, yani <strong data-start=\"474\" data-end=\"503\">kuzu pirzola<\/strong>&#8216;n\u0131n vazge\u00e7ilmez tad\u0131n\u0131 ke\u015ffedin. Lezzetli et severler i\u00e7in ideal olan bu pirzolalar, mangal, tava, f\u0131r\u0131n veya \u0131zgara gibi her t\u00fcrl\u00fc pi\u015firme y\u00f6ntemine uygundur. <\/p>\n<p data-start=\"679\" data-end=\"797\">\u00d6zenle kesilmi\u015f bu pirzolalar, m\u00fckemmel pi\u015firme i\u00e7in et ve ya\u011f aras\u0131nda g\u00fczel bir denge sunar, kurumadan pi\u015fer.<\/p>\n<p data-start=\"799\" data-end=\"927\">\ud83c\udf74 \u0130pucu: Daha da lezzetli olmas\u0131 i\u00e7in zeytinya\u011f\u0131, limon, sar\u0131msak ve biberiye ile marine edin.<\/p>\n<p data-start=\"929\" data-end=\"1088\">\u27a4 <strong data-start=\"931\" data-end=\"978\">%100 Helal Et<\/strong><br data-start=\"1014\" data-end=\"1017\">\u27a4 Hemen t\u00fcketin veya dondurun<\/p>\n<p data-start=\"1090\" data-end=\"1171\">\ud83d\ude9a <strong data-start=\"1093\" data-end=\"1137\">Mulhouse ve \u00e7evresine yerel teslimat<\/strong> \u2013 tazelik ve kalite garantili.<\/p>\n<p data-start=\"1090\" data-end=\"1171\">\ud83d\udc49 <strong data-start=\"869\" data-end=\"921\">Reyonumuzdaki etler kilogram baz\u0131nda sat\u0131lmaktad\u0131r.<\/strong><\/p>\n","protected":false},"featured_media":18592,"comment_status":"open","ping_status":"closed","template":"","meta":{"iawp_total_views":1},"product_brand":[],"product_cat":[283,296,297,225],"product_tag":[],"class_list":{"0":"post-18037","1":"product","2":"type-product","3":"status-publish","4":"has-post-thumbnail","6":"product_cat-et-balik-sarkuteri","7":"product_cat-helal-kasap","8":"product_cat-taze-etler-dana-kuzu-tavuk","9":"product_cat-tum-urunlerimiz","11":"first","12":"instock","13":"shipping-taxable","14":"purchasable","15":"product-type-simple"},"yoast_head":"<!-- This site is optimized with the Yoast SEO plugin v27.3 - https:\/\/yoast.com\/product\/yoast-seo-wordpress\/ -->\n<title>Helal Kuzu Pirzola - hakmarfrance.online<\/title>\n<meta name=\"robots\" content=\"index, follow, max-snippet:-1, max-image-preview:large, max-video-preview:-1\" \/>\n<link rel=\"canonical\" href=\"https:\/\/hakmarfrance.online\/tr\/produit\/helal-kuzu-pirzola\/\" \/>\n<meta property=\"og:locale\" content=\"tr_TR\" \/>\n<meta property=\"og:type\" content=\"article\" \/>\n<meta property=\"og:title\" content=\"Helal Kuzu Pirzola - hakmarfrance.online\" \/>\n<meta property=\"og:description\" content=\"Yumu\u015fakl\u0131\u011f\u0131 ve rafine lezzetiyle bilinen helal kuzu pirzola, yani kuzu pirzola&#039;n\u0131n vazge\u00e7ilmez tad\u0131n\u0131 ke\u015ffedin. Lezzetli et severler i\u00e7in ideal olan bu pirzolalar, mangal, tava, f\u0131r\u0131n veya \u0131zgara gibi her t\u00fcrl\u00fc pi\u015firme y\u00f6ntemine uygundur. \u00d6zenle kesilmi\u015f bu pirzolalar, m\u00fckemmel pi\u015firme i\u00e7in et ve ya\u011f aras\u0131nda g\u00fczel bir denge sunar, kurumadan pi\u015fer. \ud83c\udf74 \u0130pucu: Daha da lezzetli olmas\u0131 i\u00e7in zeytinya\u011f\u0131, limon, sar\u0131msak ve biberiye ile marine edin. \u27a4 %100 Helal Et\u27a4 Hemen t\u00fcketin veya dondurun \ud83d\ude9a Mulhouse ve \u00e7evresine yerel teslimat \u2013 tazelik ve kalite garantili. \ud83d\udc49 Reyonumuzdaki etler kilogram baz\u0131nda sat\u0131lmaktad\u0131r.\" \/>\n<meta property=\"og:url\" content=\"https:\/\/hakmarfrance.online\/tr\/produit\/helal-kuzu-pirzola\/\" \/>\n<meta property=\"og:site_name\" content=\"hakmarfrance.online\" \/>\n<meta property=\"article:publisher\" content=\"https:\/\/www.facebook.com\/HakmarFranceSupermarche\/?locale=fr_FR\" \/>\n<meta property=\"og:image\" content=\"https:\/\/hakmarfrance.online\/wp-content\/uploads\/2025\/06\/cotelettes-dagneau-kuzu-pirzola-halal-1.png\" \/>\n\t<meta property=\"og:image:width\" content=\"1000\" \/>\n\t<meta property=\"og:image:height\" content=\"800\" \/>\n\t<meta property=\"og:image:type\" content=\"image\/png\" \/>\n<meta name=\"twitter:card\" content=\"summary_large_image\" \/>\n<script type=\"application\/ld+json\" class=\"yoast-schema-graph\">{\"@context\":\"https:\\\/\\\/schema.org\",\"@graph\":[{\"@type\":\"WebPage\",\"@id\":\"https:\\\/\\\/hakmarfrance.online\\\/tr\\\/produit\\\/helal-kuzu-pirzola\\\/\",\"url\":\"https:\\\/\\\/hakmarfrance.online\\\/tr\\\/produit\\\/helal-kuzu-pirzola\\\/\",\"name\":\"Helal Kuzu Pirzola - hakmarfrance.online\",\"isPartOf\":{\"@id\":\"https:\\\/\\\/hakmarfrance.online\\\/tr\\\/#website\"},\"primaryImageOfPage\":{\"@id\":\"https:\\\/\\\/hakmarfrance.online\\\/tr\\\/produit\\\/helal-kuzu-pirzola\\\/#primaryimage\"},\"image\":{\"@id\":\"https:\\\/\\\/hakmarfrance.online\\\/tr\\\/produit\\\/helal-kuzu-pirzola\\\/#primaryimage\"},\"thumbnailUrl\":\"https:\\\/\\\/hakmarfrance.online\\\/wp-content\\\/uploads\\\/2025\\\/06\\\/cotelettes-dagneau-kuzu-pirzola-halal-1.png\",\"datePublished\":\"2025-06-13T10:50:18+00:00\",\"breadcrumb\":{\"@id\":\"https:\\\/\\\/hakmarfrance.online\\\/tr\\\/produit\\\/helal-kuzu-pirzola\\\/#breadcrumb\"},\"inLanguage\":\"tr-TR\",\"potentialAction\":[{\"@type\":\"ReadAction\",\"target\":[\"https:\\\/\\\/hakmarfrance.online\\\/tr\\\/produit\\\/helal-kuzu-pirzola\\\/\"]}]},{\"@type\":\"ImageObject\",\"inLanguage\":\"tr-TR\",\"@id\":\"https:\\\/\\\/hakmarfrance.online\\\/tr\\\/produit\\\/helal-kuzu-pirzola\\\/#primaryimage\",\"url\":\"https:\\\/\\\/hakmarfrance.online\\\/wp-content\\\/uploads\\\/2025\\\/06\\\/cotelettes-dagneau-kuzu-pirzola-halal-1.png\",\"contentUrl\":\"https:\\\/\\\/hakmarfrance.online\\\/wp-content\\\/uploads\\\/2025\\\/06\\\/cotelettes-dagneau-kuzu-pirzola-halal-1.png\",\"width\":1000,\"height\":800},{\"@type\":\"BreadcrumbList\",\"@id\":\"https:\\\/\\\/hakmarfrance.online\\\/tr\\\/produit\\\/helal-kuzu-pirzola\\\/#breadcrumb\",\"itemListElement\":[{\"@type\":\"ListItem\",\"position\":1,\"name\":\"Accueil\",\"item\":\"https:\\\/\\\/hakmarfrance.online\\\/tr\\\/\"},{\"@type\":\"ListItem\",\"position\":2,\"name\":\"Ma\u011faza\",\"item\":\"https:\\\/\\\/hakmarfrance.online\\\/tr\\\/magaza\\\/\"},{\"@type\":\"ListItem\",\"position\":3,\"name\":\"Helal Kuzu Pirzola\"}]},{\"@type\":\"WebSite\",\"@id\":\"https:\\\/\\\/hakmarfrance.online\\\/tr\\\/#website\",\"url\":\"https:\\\/\\\/hakmarfrance.online\\\/tr\\\/\",\"name\":\"hakmarfrance.online\",\"description\":\"\",\"publisher\":{\"@id\":\"https:\\\/\\\/hakmarfrance.online\\\/tr\\\/#organization\"},\"potentialAction\":[{\"@type\":\"SearchAction\",\"target\":{\"@type\":\"EntryPoint\",\"urlTemplate\":\"https:\\\/\\\/hakmarfrance.online\\\/tr\\\/?s={search_term_string}\"},\"query-input\":{\"@type\":\"PropertyValueSpecification\",\"valueRequired\":true,\"valueName\":\"search_term_string\"}}],\"inLanguage\":\"tr-TR\"},{\"@type\":\"Organization\",\"@id\":\"https:\\\/\\\/hakmarfrance.online\\\/tr\\\/#organization\",\"name\":\"hakmarfrance.online\",\"url\":\"https:\\\/\\\/hakmarfrance.online\\\/tr\\\/\",\"logo\":{\"@type\":\"ImageObject\",\"inLanguage\":\"tr-TR\",\"@id\":\"https:\\\/\\\/hakmarfrance.online\\\/tr\\\/#\\\/schema\\\/logo\\\/image\\\/\",\"url\":\"https:\\\/\\\/hakmarfrance.online\\\/wp-content\\\/uploads\\\/2025\\\/06\\\/logo-hakmarfrance.png\",\"contentUrl\":\"https:\\\/\\\/hakmarfrance.online\\\/wp-content\\\/uploads\\\/2025\\\/06\\\/logo-hakmarfrance.png\",\"width\":528,\"height\":232,\"caption\":\"hakmarfrance.online\"},\"image\":{\"@id\":\"https:\\\/\\\/hakmarfrance.online\\\/tr\\\/#\\\/schema\\\/logo\\\/image\\\/\"},\"sameAs\":[\"https:\\\/\\\/www.facebook.com\\\/HakmarFranceSupermarche\\\/?locale=fr_FR\",\"https:\\\/\\\/www.instagram.com\\\/hakmarfrancesupermarche\\\/\"]}]}<\/script>\n<!-- \/ Yoast SEO plugin. -->","yoast_head_json":{"title":"Helal Kuzu Pirzola - hakmarfrance.online","robots":{"index":"index","follow":"follow","max-snippet":"max-snippet:-1","max-image-preview":"max-image-preview:large","max-video-preview":"max-video-preview:-1"},"canonical":"https:\/\/hakmarfrance.online\/tr\/produit\/helal-kuzu-pirzola\/","og_locale":"tr_TR","og_type":"article","og_title":"Helal Kuzu Pirzola - hakmarfrance.online","og_description":"Yumu\u015fakl\u0131\u011f\u0131 ve rafine lezzetiyle bilinen helal kuzu pirzola, yani kuzu pirzola'n\u0131n vazge\u00e7ilmez tad\u0131n\u0131 ke\u015ffedin. Lezzetli et severler i\u00e7in ideal olan bu pirzolalar, mangal, tava, f\u0131r\u0131n veya \u0131zgara gibi her t\u00fcrl\u00fc pi\u015firme y\u00f6ntemine uygundur. \u00d6zenle kesilmi\u015f bu pirzolalar, m\u00fckemmel pi\u015firme i\u00e7in et ve ya\u011f aras\u0131nda g\u00fczel bir denge sunar, kurumadan pi\u015fer. \ud83c\udf74 \u0130pucu: Daha da lezzetli olmas\u0131 i\u00e7in zeytinya\u011f\u0131, limon, sar\u0131msak ve biberiye ile marine edin. \u27a4 %100 Helal Et\u27a4 Hemen t\u00fcketin veya dondurun \ud83d\ude9a Mulhouse ve \u00e7evresine yerel teslimat \u2013 tazelik ve kalite garantili. \ud83d\udc49 Reyonumuzdaki etler kilogram baz\u0131nda sat\u0131lmaktad\u0131r.","og_url":"https:\/\/hakmarfrance.online\/tr\/produit\/helal-kuzu-pirzola\/","og_site_name":"hakmarfrance.online","article_publisher":"https:\/\/www.facebook.com\/HakmarFranceSupermarche\/?locale=fr_FR","og_image":[{"width":1000,"height":800,"url":"https:\/\/hakmarfrance.online\/wp-content\/uploads\/2025\/06\/cotelettes-dagneau-kuzu-pirzola-halal-1.png","type":"image\/png"}],"twitter_card":"summary_large_image","schema":{"@context":"https:\/\/schema.org","@graph":[{"@type":"WebPage","@id":"https:\/\/hakmarfrance.online\/tr\/produit\/helal-kuzu-pirzola\/","url":"https:\/\/hakmarfrance.online\/tr\/produit\/helal-kuzu-pirzola\/","name":"Helal Kuzu Pirzola - hakmarfrance.online","isPartOf":{"@id":"https:\/\/hakmarfrance.online\/tr\/#website"},"primaryImageOfPage":{"@id":"https:\/\/hakmarfrance.online\/tr\/produit\/helal-kuzu-pirzola\/#primaryimage"},"image":{"@id":"https:\/\/hakmarfrance.online\/tr\/produit\/helal-kuzu-pirzola\/#primaryimage"},"thumbnailUrl":"https:\/\/hakmarfrance.online\/wp-content\/uploads\/2025\/06\/cotelettes-dagneau-kuzu-pirzola-halal-1.png","datePublished":"2025-06-13T10:50:18+00:00","breadcrumb":{"@id":"https:\/\/hakmarfrance.online\/tr\/produit\/helal-kuzu-pirzola\/#breadcrumb"},"inLanguage":"tr-TR","potentialAction":[{"@type":"ReadAction","target":["https:\/\/hakmarfrance.online\/tr\/produit\/helal-kuzu-pirzola\/"]}]},{"@type":"ImageObject","inLanguage":"tr-TR","@id":"https:\/\/hakmarfrance.online\/tr\/produit\/helal-kuzu-pirzola\/#primaryimage","url":"https:\/\/hakmarfrance.online\/wp-content\/uploads\/2025\/06\/cotelettes-dagneau-kuzu-pirzola-halal-1.png","contentUrl":"https:\/\/hakmarfrance.online\/wp-content\/uploads\/2025\/06\/cotelettes-dagneau-kuzu-pirzola-halal-1.png","width":1000,"height":800},{"@type":"BreadcrumbList","@id":"https:\/\/hakmarfrance.online\/tr\/produit\/helal-kuzu-pirzola\/#breadcrumb","itemListElement":[{"@type":"ListItem","position":1,"name":"Accueil","item":"https:\/\/hakmarfrance.online\/tr\/"},{"@type":"ListItem","position":2,"name":"Ma\u011faza","item":"https:\/\/hakmarfrance.online\/tr\/magaza\/"},{"@type":"ListItem","position":3,"name":"Helal Kuzu Pirzola"}]},{"@type":"WebSite","@id":"https:\/\/hakmarfrance.online\/tr\/#website","url":"https:\/\/hakmarfrance.online\/tr\/","name":"hakmarfrance.online","description":"","publisher":{"@id":"https:\/\/hakmarfrance.online\/tr\/#organization"},"potentialAction":[{"@type":"SearchAction","target":{"@type":"EntryPoint","urlTemplate":"https:\/\/hakmarfrance.online\/tr\/?s={search_term_string}"},"query-input":{"@type":"PropertyValueSpecification","valueRequired":true,"valueName":"search_term_string"}}],"inLanguage":"tr-TR"},{"@type":"Organization","@id":"https:\/\/hakmarfrance.online\/tr\/#organization","name":"hakmarfrance.online","url":"https:\/\/hakmarfrance.online\/tr\/","logo":{"@type":"ImageObject","inLanguage":"tr-TR","@id":"https:\/\/hakmarfrance.online\/tr\/#\/schema\/logo\/image\/","url":"https:\/\/hakmarfrance.online\/wp-content\/uploads\/2025\/06\/logo-hakmarfrance.png","contentUrl":"https:\/\/hakmarfrance.online\/wp-content\/uploads\/2025\/06\/logo-hakmarfrance.png","width":528,"height":232,"caption":"hakmarfrance.online"},"image":{"@id":"https:\/\/hakmarfrance.online\/tr\/#\/schema\/logo\/image\/"},"sameAs":["https:\/\/www.facebook.com\/HakmarFranceSupermarche\/?locale=fr_FR","https:\/\/www.instagram.com\/hakmarfrancesupermarche\/"]}]}},"_links":{"self":[{"href":"https:\/\/hakmarfrance.online\/tr\/wp-json\/wp\/v2\/product\/18037","targetHints":{"allow":["GET"]}}],"collection":[{"href":"https:\/\/hakmarfrance.online\/tr\/wp-json\/wp\/v2\/product"}],"about":[{"href":"https:\/\/hakmarfrance.online\/tr\/wp-json\/wp\/v2\/types\/product"}],"replies":[{"embeddable":true,"href":"https:\/\/hakmarfrance.online\/tr\/wp-json\/wp\/v2\/comments?post=18037"}],"version-history":[{"count":0,"href":"https:\/\/hakmarfrance.online\/tr\/wp-json\/wp\/v2\/product\/18037\/revisions"}],"wp:featuredmedia":[{"embeddable":true,"href":"https:\/\/hakmarfrance.online\/tr\/wp-json\/wp\/v2\/media\/18592"}],"wp:attachment":[{"href":"https:\/\/hakmarfrance.online\/tr\/wp-json\/wp\/v2\/media?parent=18037"}],"wp:term":[{"taxonomy":"product_brand","embeddable":true,"href":"https:\/\/hakmarfrance.online\/tr\/wp-json\/wp\/v2\/product_brand?post=18037"},{"taxonomy":"product_cat","embeddable":true,"href":"https:\/\/hakmarfrance.online\/tr\/wp-json\/wp\/v2\/product_cat?post=18037"},{"taxonomy":"product_tag","embeddable":true,"href":"https:\/\/hakmarfrance.online\/tr\/wp-json\/wp\/v2\/product_tag?post=18037"}],"curies":[{"name":"wp","href":"https:\/\/api.w.org\/{rel}","templated":true}]}}