{"id":18041,"date":"2025-06-13T10:52:36","date_gmt":"2025-06-13T10:52:36","guid":{"rendered":"https:\/\/hakmarfrance.online\/produit\/helal-tavuk-baget\/"},"modified":"2025-06-13T10:52:36","modified_gmt":"2025-06-13T10:52:36","slug":"helal-tavuk-baget","status":"publish","type":"product","link":"https:\/\/hakmarfrance.online\/tr\/produit\/helal-tavuk-baget\/","title":{"rendered":"Helal Tavuk Baget"},"content":{"rendered":"","protected":false},"excerpt":{"rendered":"<p data-start=\"397\" data-end=\"625\">K\u00fc\u00e7\u00fckler kadar b\u00fcy\u00fcklerin de be\u011fenisini kazanan <strong data-start=\"440\" data-end=\"466\">helal tavuk bagetlerimiz<\/strong>, mutfakta g\u00fcvenilir bir se\u00e7enektir. Marine etmeye, baharatlamaya veya do\u011frudan pi\u015firmeye haz\u0131r olan bu \u00fcr\u00fcnler, g\u00fcnl\u00fck yemekleriniz veya hafta sonu \u00f6\u011f\u00fcnleriniz i\u00e7in idealdir. <\/p>\n<p data-start=\"627\" data-end=\"746\">Yumu\u015fak, sulu ve f\u0131r\u0131nda, tencerede veya hatta frit\u00f6zde kolayca pi\u015firilebilir, t\u00fcm isteklerinize uyum sa\u011flar.<\/p>\n<p data-start=\"748\" data-end=\"895\">\ud83d\udc69\u200d\ud83c\udf73 Tavsiye: Lezzetli bir sonu\u00e7 i\u00e7in bagetleri pi\u015firmeden 2 saat \u00f6nce k\u0131rm\u0131z\u0131 biber, zeytinya\u011f\u0131, sar\u0131msak ve bir par\u00e7a limon suyu ile marine edin.<\/p>\n<p data-start=\"897\" data-end=\"1076\">\u27a4 <strong data-start=\"899\" data-end=\"953\">%100 Helal Et<\/strong><br data-start=\"989\" data-end=\"992\">\u27a4 \u0130htiyac\u0131n\u0131za g\u00f6re pi\u015firin veya dondurun<br data-start=\"1031\" data-end=\"1034\">\u27a4 Aile yemekleri veya barbek\u00fc i\u00e7in m\u00fckemmel<\/p>\n<p data-start=\"1078\" data-end=\"1140\">\ud83d\ude9a <strong data-start=\"1081\" data-end=\"1140\">H\u0131zl\u0131 eve teslimat \u2013 Mulhouse ve \u00e7evresi<\/strong><\/p>\n<p data-start=\"1078\" data-end=\"1140\">\ud83d\udc49 <strong data-start=\"869\" data-end=\"921\">Reyonumuzdaki etler kilogram baz\u0131nda sat\u0131lmaktad\u0131r.<\/strong><\/p>\n","protected":false},"featured_media":16571,"comment_status":"open","ping_status":"closed","template":"","meta":{"iawp_total_views":0},"product_brand":[],"product_cat":[283,296,297,225],"product_tag":[],"class_list":{"0":"post-18041","1":"product","2":"type-product","3":"status-publish","4":"has-post-thumbnail","6":"product_cat-et-balik-sarkuteri","7":"product_cat-helal-kasap","8":"product_cat-taze-etler-dana-kuzu-tavuk","9":"product_cat-tum-urunlerimiz","11":"first","12":"instock","13":"shipping-taxable","14":"purchasable","15":"product-type-simple"},"yoast_head":"<!-- This site is optimized with the Yoast SEO plugin v27.3 - https:\/\/yoast.com\/product\/yoast-seo-wordpress\/ -->\n<title>Helal Tavuk Baget - hakmarfrance.online<\/title>\n<meta name=\"robots\" content=\"index, follow, max-snippet:-1, max-image-preview:large, max-video-preview:-1\" \/>\n<link rel=\"canonical\" href=\"https:\/\/hakmarfrance.online\/tr\/produit\/helal-tavuk-baget\/\" \/>\n<meta property=\"og:locale\" content=\"tr_TR\" \/>\n<meta property=\"og:type\" content=\"article\" \/>\n<meta property=\"og:title\" content=\"Helal Tavuk Baget - hakmarfrance.online\" \/>\n<meta property=\"og:description\" content=\"K\u00fc\u00e7\u00fckler kadar b\u00fcy\u00fcklerin de be\u011fenisini kazanan helal tavuk bagetlerimiz, mutfakta g\u00fcvenilir bir se\u00e7enektir. Marine etmeye, baharatlamaya veya do\u011frudan pi\u015firmeye haz\u0131r olan bu \u00fcr\u00fcnler, g\u00fcnl\u00fck yemekleriniz veya hafta sonu \u00f6\u011f\u00fcnleriniz i\u00e7in idealdir. Yumu\u015fak, sulu ve f\u0131r\u0131nda, tencerede veya hatta frit\u00f6zde kolayca pi\u015firilebilir, t\u00fcm isteklerinize uyum sa\u011flar. \ud83d\udc69\u200d\ud83c\udf73 Tavsiye: Lezzetli bir sonu\u00e7 i\u00e7in bagetleri pi\u015firmeden 2 saat \u00f6nce k\u0131rm\u0131z\u0131 biber, zeytinya\u011f\u0131, sar\u0131msak ve bir par\u00e7a limon suyu ile marine edin. \u27a4 %100 Helal Et\u27a4 \u0130htiyac\u0131n\u0131za g\u00f6re pi\u015firin veya dondurun\u27a4 Aile yemekleri veya barbek\u00fc i\u00e7in m\u00fckemmel \ud83d\ude9a H\u0131zl\u0131 eve teslimat \u2013 Mulhouse ve \u00e7evresi \ud83d\udc49 Reyonumuzdaki etler kilogram baz\u0131nda sat\u0131lmaktad\u0131r.\" \/>\n<meta property=\"og:url\" content=\"https:\/\/hakmarfrance.online\/tr\/produit\/helal-tavuk-baget\/\" \/>\n<meta property=\"og:site_name\" content=\"hakmarfrance.online\" \/>\n<meta property=\"article:publisher\" content=\"https:\/\/www.facebook.com\/HakmarFranceSupermarche\/?locale=fr_FR\" \/>\n<meta property=\"og:image\" content=\"https:\/\/hakmarfrance.online\/wp-content\/uploads\/2025\/06\/pilon_de_poulet-.png\" \/>\n\t<meta property=\"og:image:width\" content=\"1000\" \/>\n\t<meta property=\"og:image:height\" content=\"800\" \/>\n\t<meta property=\"og:image:type\" content=\"image\/png\" \/>\n<meta name=\"twitter:card\" content=\"summary_large_image\" \/>\n<script type=\"application\/ld+json\" class=\"yoast-schema-graph\">{\"@context\":\"https:\\\/\\\/schema.org\",\"@graph\":[{\"@type\":\"WebPage\",\"@id\":\"https:\\\/\\\/hakmarfrance.online\\\/tr\\\/produit\\\/helal-tavuk-baget\\\/\",\"url\":\"https:\\\/\\\/hakmarfrance.online\\\/tr\\\/produit\\\/helal-tavuk-baget\\\/\",\"name\":\"Helal Tavuk Baget - hakmarfrance.online\",\"isPartOf\":{\"@id\":\"https:\\\/\\\/hakmarfrance.online\\\/tr\\\/#website\"},\"primaryImageOfPage\":{\"@id\":\"https:\\\/\\\/hakmarfrance.online\\\/tr\\\/produit\\\/helal-tavuk-baget\\\/#primaryimage\"},\"image\":{\"@id\":\"https:\\\/\\\/hakmarfrance.online\\\/tr\\\/produit\\\/helal-tavuk-baget\\\/#primaryimage\"},\"thumbnailUrl\":\"https:\\\/\\\/hakmarfrance.online\\\/wp-content\\\/uploads\\\/2025\\\/06\\\/pilon_de_poulet-.png\",\"datePublished\":\"2025-06-13T10:52:36+00:00\",\"breadcrumb\":{\"@id\":\"https:\\\/\\\/hakmarfrance.online\\\/tr\\\/produit\\\/helal-tavuk-baget\\\/#breadcrumb\"},\"inLanguage\":\"tr-TR\",\"potentialAction\":[{\"@type\":\"ReadAction\",\"target\":[\"https:\\\/\\\/hakmarfrance.online\\\/tr\\\/produit\\\/helal-tavuk-baget\\\/\"]}]},{\"@type\":\"ImageObject\",\"inLanguage\":\"tr-TR\",\"@id\":\"https:\\\/\\\/hakmarfrance.online\\\/tr\\\/produit\\\/helal-tavuk-baget\\\/#primaryimage\",\"url\":\"https:\\\/\\\/hakmarfrance.online\\\/wp-content\\\/uploads\\\/2025\\\/06\\\/pilon_de_poulet-.png\",\"contentUrl\":\"https:\\\/\\\/hakmarfrance.online\\\/wp-content\\\/uploads\\\/2025\\\/06\\\/pilon_de_poulet-.png\",\"width\":1000,\"height\":800},{\"@type\":\"BreadcrumbList\",\"@id\":\"https:\\\/\\\/hakmarfrance.online\\\/tr\\\/produit\\\/helal-tavuk-baget\\\/#breadcrumb\",\"itemListElement\":[{\"@type\":\"ListItem\",\"position\":1,\"name\":\"Accueil\",\"item\":\"https:\\\/\\\/hakmarfrance.online\\\/tr\\\/\"},{\"@type\":\"ListItem\",\"position\":2,\"name\":\"Ma\u011faza\",\"item\":\"https:\\\/\\\/hakmarfrance.online\\\/tr\\\/magaza\\\/\"},{\"@type\":\"ListItem\",\"position\":3,\"name\":\"Helal Tavuk Baget\"}]},{\"@type\":\"WebSite\",\"@id\":\"https:\\\/\\\/hakmarfrance.online\\\/tr\\\/#website\",\"url\":\"https:\\\/\\\/hakmarfrance.online\\\/tr\\\/\",\"name\":\"hakmarfrance.online\",\"description\":\"\",\"publisher\":{\"@id\":\"https:\\\/\\\/hakmarfrance.online\\\/tr\\\/#organization\"},\"potentialAction\":[{\"@type\":\"SearchAction\",\"target\":{\"@type\":\"EntryPoint\",\"urlTemplate\":\"https:\\\/\\\/hakmarfrance.online\\\/tr\\\/?s={search_term_string}\"},\"query-input\":{\"@type\":\"PropertyValueSpecification\",\"valueRequired\":true,\"valueName\":\"search_term_string\"}}],\"inLanguage\":\"tr-TR\"},{\"@type\":\"Organization\",\"@id\":\"https:\\\/\\\/hakmarfrance.online\\\/tr\\\/#organization\",\"name\":\"hakmarfrance.online\",\"url\":\"https:\\\/\\\/hakmarfrance.online\\\/tr\\\/\",\"logo\":{\"@type\":\"ImageObject\",\"inLanguage\":\"tr-TR\",\"@id\":\"https:\\\/\\\/hakmarfrance.online\\\/tr\\\/#\\\/schema\\\/logo\\\/image\\\/\",\"url\":\"https:\\\/\\\/hakmarfrance.online\\\/wp-content\\\/uploads\\\/2025\\\/06\\\/logo-hakmarfrance.png\",\"contentUrl\":\"https:\\\/\\\/hakmarfrance.online\\\/wp-content\\\/uploads\\\/2025\\\/06\\\/logo-hakmarfrance.png\",\"width\":528,\"height\":232,\"caption\":\"hakmarfrance.online\"},\"image\":{\"@id\":\"https:\\\/\\\/hakmarfrance.online\\\/tr\\\/#\\\/schema\\\/logo\\\/image\\\/\"},\"sameAs\":[\"https:\\\/\\\/www.facebook.com\\\/HakmarFranceSupermarche\\\/?locale=fr_FR\",\"https:\\\/\\\/www.instagram.com\\\/hakmarfrancesupermarche\\\/\"]}]}<\/script>\n<!-- \/ Yoast SEO plugin. -->","yoast_head_json":{"title":"Helal Tavuk Baget - hakmarfrance.online","robots":{"index":"index","follow":"follow","max-snippet":"max-snippet:-1","max-image-preview":"max-image-preview:large","max-video-preview":"max-video-preview:-1"},"canonical":"https:\/\/hakmarfrance.online\/tr\/produit\/helal-tavuk-baget\/","og_locale":"tr_TR","og_type":"article","og_title":"Helal Tavuk Baget - hakmarfrance.online","og_description":"K\u00fc\u00e7\u00fckler kadar b\u00fcy\u00fcklerin de be\u011fenisini kazanan helal tavuk bagetlerimiz, mutfakta g\u00fcvenilir bir se\u00e7enektir. Marine etmeye, baharatlamaya veya do\u011frudan pi\u015firmeye haz\u0131r olan bu \u00fcr\u00fcnler, g\u00fcnl\u00fck yemekleriniz veya hafta sonu \u00f6\u011f\u00fcnleriniz i\u00e7in idealdir. Yumu\u015fak, sulu ve f\u0131r\u0131nda, tencerede veya hatta frit\u00f6zde kolayca pi\u015firilebilir, t\u00fcm isteklerinize uyum sa\u011flar. \ud83d\udc69\u200d\ud83c\udf73 Tavsiye: Lezzetli bir sonu\u00e7 i\u00e7in bagetleri pi\u015firmeden 2 saat \u00f6nce k\u0131rm\u0131z\u0131 biber, zeytinya\u011f\u0131, sar\u0131msak ve bir par\u00e7a limon suyu ile marine edin. \u27a4 %100 Helal Et\u27a4 \u0130htiyac\u0131n\u0131za g\u00f6re pi\u015firin veya dondurun\u27a4 Aile yemekleri veya barbek\u00fc i\u00e7in m\u00fckemmel \ud83d\ude9a H\u0131zl\u0131 eve teslimat \u2013 Mulhouse ve \u00e7evresi \ud83d\udc49 Reyonumuzdaki etler kilogram baz\u0131nda sat\u0131lmaktad\u0131r.","og_url":"https:\/\/hakmarfrance.online\/tr\/produit\/helal-tavuk-baget\/","og_site_name":"hakmarfrance.online","article_publisher":"https:\/\/www.facebook.com\/HakmarFranceSupermarche\/?locale=fr_FR","og_image":[{"width":1000,"height":800,"url":"https:\/\/hakmarfrance.online\/wp-content\/uploads\/2025\/06\/pilon_de_poulet-.png","type":"image\/png"}],"twitter_card":"summary_large_image","schema":{"@context":"https:\/\/schema.org","@graph":[{"@type":"WebPage","@id":"https:\/\/hakmarfrance.online\/tr\/produit\/helal-tavuk-baget\/","url":"https:\/\/hakmarfrance.online\/tr\/produit\/helal-tavuk-baget\/","name":"Helal Tavuk Baget - hakmarfrance.online","isPartOf":{"@id":"https:\/\/hakmarfrance.online\/tr\/#website"},"primaryImageOfPage":{"@id":"https:\/\/hakmarfrance.online\/tr\/produit\/helal-tavuk-baget\/#primaryimage"},"image":{"@id":"https:\/\/hakmarfrance.online\/tr\/produit\/helal-tavuk-baget\/#primaryimage"},"thumbnailUrl":"https:\/\/hakmarfrance.online\/wp-content\/uploads\/2025\/06\/pilon_de_poulet-.png","datePublished":"2025-06-13T10:52:36+00:00","breadcrumb":{"@id":"https:\/\/hakmarfrance.online\/tr\/produit\/helal-tavuk-baget\/#breadcrumb"},"inLanguage":"tr-TR","potentialAction":[{"@type":"ReadAction","target":["https:\/\/hakmarfrance.online\/tr\/produit\/helal-tavuk-baget\/"]}]},{"@type":"ImageObject","inLanguage":"tr-TR","@id":"https:\/\/hakmarfrance.online\/tr\/produit\/helal-tavuk-baget\/#primaryimage","url":"https:\/\/hakmarfrance.online\/wp-content\/uploads\/2025\/06\/pilon_de_poulet-.png","contentUrl":"https:\/\/hakmarfrance.online\/wp-content\/uploads\/2025\/06\/pilon_de_poulet-.png","width":1000,"height":800},{"@type":"BreadcrumbList","@id":"https:\/\/hakmarfrance.online\/tr\/produit\/helal-tavuk-baget\/#breadcrumb","itemListElement":[{"@type":"ListItem","position":1,"name":"Accueil","item":"https:\/\/hakmarfrance.online\/tr\/"},{"@type":"ListItem","position":2,"name":"Ma\u011faza","item":"https:\/\/hakmarfrance.online\/tr\/magaza\/"},{"@type":"ListItem","position":3,"name":"Helal Tavuk Baget"}]},{"@type":"WebSite","@id":"https:\/\/hakmarfrance.online\/tr\/#website","url":"https:\/\/hakmarfrance.online\/tr\/","name":"hakmarfrance.online","description":"","publisher":{"@id":"https:\/\/hakmarfrance.online\/tr\/#organization"},"potentialAction":[{"@type":"SearchAction","target":{"@type":"EntryPoint","urlTemplate":"https:\/\/hakmarfrance.online\/tr\/?s={search_term_string}"},"query-input":{"@type":"PropertyValueSpecification","valueRequired":true,"valueName":"search_term_string"}}],"inLanguage":"tr-TR"},{"@type":"Organization","@id":"https:\/\/hakmarfrance.online\/tr\/#organization","name":"hakmarfrance.online","url":"https:\/\/hakmarfrance.online\/tr\/","logo":{"@type":"ImageObject","inLanguage":"tr-TR","@id":"https:\/\/hakmarfrance.online\/tr\/#\/schema\/logo\/image\/","url":"https:\/\/hakmarfrance.online\/wp-content\/uploads\/2025\/06\/logo-hakmarfrance.png","contentUrl":"https:\/\/hakmarfrance.online\/wp-content\/uploads\/2025\/06\/logo-hakmarfrance.png","width":528,"height":232,"caption":"hakmarfrance.online"},"image":{"@id":"https:\/\/hakmarfrance.online\/tr\/#\/schema\/logo\/image\/"},"sameAs":["https:\/\/www.facebook.com\/HakmarFranceSupermarche\/?locale=fr_FR","https:\/\/www.instagram.com\/hakmarfrancesupermarche\/"]}]}},"_links":{"self":[{"href":"https:\/\/hakmarfrance.online\/tr\/wp-json\/wp\/v2\/product\/18041","targetHints":{"allow":["GET"]}}],"collection":[{"href":"https:\/\/hakmarfrance.online\/tr\/wp-json\/wp\/v2\/product"}],"about":[{"href":"https:\/\/hakmarfrance.online\/tr\/wp-json\/wp\/v2\/types\/product"}],"replies":[{"embeddable":true,"href":"https:\/\/hakmarfrance.online\/tr\/wp-json\/wp\/v2\/comments?post=18041"}],"version-history":[{"count":0,"href":"https:\/\/hakmarfrance.online\/tr\/wp-json\/wp\/v2\/product\/18041\/revisions"}],"wp:featuredmedia":[{"embeddable":true,"href":"https:\/\/hakmarfrance.online\/tr\/wp-json\/wp\/v2\/media\/16571"}],"wp:attachment":[{"href":"https:\/\/hakmarfrance.online\/tr\/wp-json\/wp\/v2\/media?parent=18041"}],"wp:term":[{"taxonomy":"product_brand","embeddable":true,"href":"https:\/\/hakmarfrance.online\/tr\/wp-json\/wp\/v2\/product_brand?post=18041"},{"taxonomy":"product_cat","embeddable":true,"href":"https:\/\/hakmarfrance.online\/tr\/wp-json\/wp\/v2\/product_cat?post=18041"},{"taxonomy":"product_tag","embeddable":true,"href":"https:\/\/hakmarfrance.online\/tr\/wp-json\/wp\/v2\/product_tag?post=18041"}],"curies":[{"name":"wp","href":"https:\/\/api.w.org\/{rel}","templated":true}]}}