{"id":18043,"date":"2025-06-13T10:55:53","date_gmt":"2025-06-13T10:55:53","guid":{"rendered":"https:\/\/hakmarfrance.online\/produit\/helal-sut-dana-pirzola\/"},"modified":"2025-06-13T10:55:53","modified_gmt":"2025-06-13T10:55:53","slug":"helal-sut-dana-pirzola","status":"publish","type":"product","link":"https:\/\/hakmarfrance.online\/tr\/produit\/helal-sut-dana-pirzola\/","title":{"rendered":"Helal S\u00fct Dana Pirzola"},"content":{"rendered":"","protected":false},"excerpt":{"rendered":"<p data-start=\"501\" data-end=\"745\"><strong data-start=\"534\" data-end=\"554\">S\u00fct dana pirzola<\/strong>n\u0131n t\u00fcm inceli\u011fini, uzun kemi\u011fiyle birlikte bel k\u0131sm\u0131ndan kesilmi\u015f yumu\u015fak helal dana pirzolada ke\u015ffedin. A\u011f\u0131zda eriyen dokusu ve narin lezzetiyle, kaliteli et severler i\u00e7in m\u00fckemmel bir tercih. <\/p>\n<p data-start=\"747\" data-end=\"919\">Tavada, \u0131zgarada veya mangalda m\u00fckemmel pi\u015fen bu premium et par\u00e7as\u0131, \u0131zgara sebzeler, zeytinya\u011f\u0131 ve taze otlarla harika uyum sa\u011flar.<\/p>\n<p data-start=\"921\" data-end=\"977\">\u2728 \u00d6zel g\u00fcnler ve zarif yemekler i\u00e7in ideal.<\/p>\n<p data-start=\"979\" data-end=\"1124\">\u27a4 <strong data-start=\"981\" data-end=\"1022\">%100 Helal Et \u2013 Kasap Kalitesi<\/strong><br data-start=\"1053\" data-end=\"1056\">\u27a4 Dondurulmaya uygundur<br data-start=\"1083\" data-end=\"1086\">\u27a4 Kolay marine edilir, h\u0131zl\u0131 pi\u015fer<\/p>\n<p data-start=\"1126\" data-end=\"1199\">\ud83d\ude9a <strong data-start=\"1152\" data-end=\"1177\">Mulhouse ve \u00e7evresine<\/strong> eve teslimat \u2013 Tazelik garantili.<\/p>\n<p data-start=\"1126\" data-end=\"1199\">\ud83d\udc49 <strong data-start=\"869\" data-end=\"921\">Et reyonumuzdaki \u00fcr\u00fcnler kilogram baz\u0131nda sat\u0131lmaktad\u0131r.<\/strong><\/p>\n","protected":false},"featured_media":18044,"comment_status":"open","ping_status":"closed","template":"","meta":{"iawp_total_views":0},"product_brand":[],"product_cat":[283,296,297,225],"product_tag":[],"class_list":{"0":"post-18043","1":"product","2":"type-product","3":"status-publish","4":"has-post-thumbnail","6":"product_cat-et-balik-sarkuteri","7":"product_cat-helal-kasap","8":"product_cat-taze-etler-dana-kuzu-tavuk","9":"product_cat-tum-urunlerimiz","11":"first","12":"instock","13":"shipping-taxable","14":"purchasable","15":"product-type-simple"},"yoast_head":"<!-- This site is optimized with the Yoast SEO plugin v27.3 - https:\/\/yoast.com\/product\/yoast-seo-wordpress\/ -->\n<title>Helal S\u00fct Dana Pirzola - hakmarfrance.online<\/title>\n<meta name=\"robots\" content=\"index, follow, max-snippet:-1, max-image-preview:large, max-video-preview:-1\" \/>\n<link rel=\"canonical\" href=\"https:\/\/hakmarfrance.online\/tr\/produit\/helal-sut-dana-pirzola\/\" \/>\n<meta property=\"og:locale\" content=\"tr_TR\" \/>\n<meta property=\"og:type\" content=\"article\" \/>\n<meta property=\"og:title\" content=\"Helal S\u00fct Dana Pirzola - hakmarfrance.online\" \/>\n<meta property=\"og:description\" content=\"S\u00fct dana pirzolan\u0131n t\u00fcm inceli\u011fini, uzun kemi\u011fiyle birlikte bel k\u0131sm\u0131ndan kesilmi\u015f yumu\u015fak helal dana pirzolada ke\u015ffedin. A\u011f\u0131zda eriyen dokusu ve narin lezzetiyle, kaliteli et severler i\u00e7in m\u00fckemmel bir tercih. Tavada, \u0131zgarada veya mangalda m\u00fckemmel pi\u015fen bu premium et par\u00e7as\u0131, \u0131zgara sebzeler, zeytinya\u011f\u0131 ve taze otlarla harika uyum sa\u011flar. \u2728 \u00d6zel g\u00fcnler ve zarif yemekler i\u00e7in ideal. \u27a4 %100 Helal Et \u2013 Kasap Kalitesi\u27a4 Dondurulmaya uygundur\u27a4 Kolay marine edilir, h\u0131zl\u0131 pi\u015fer \ud83d\ude9a Mulhouse ve \u00e7evresine eve teslimat \u2013 Tazelik garantili. \ud83d\udc49 Et reyonumuzdaki \u00fcr\u00fcnler kilogram baz\u0131nda sat\u0131lmaktad\u0131r.\" \/>\n<meta property=\"og:url\" content=\"https:\/\/hakmarfrance.online\/tr\/produit\/helal-sut-dana-pirzola\/\" \/>\n<meta property=\"og:site_name\" content=\"hakmarfrance.online\" \/>\n<meta property=\"article:publisher\" content=\"https:\/\/www.facebook.com\/HakmarFranceSupermarche\/?locale=fr_FR\" \/>\n<meta property=\"og:image\" content=\"https:\/\/hakmarfrance.online\/wp-content\/uploads\/2025\/06\/cotelettes-de-veau-sut-dana-pirzola-halal.jpeg\" \/>\n\t<meta property=\"og:image:width\" content=\"225\" \/>\n\t<meta property=\"og:image:height\" content=\"225\" \/>\n\t<meta property=\"og:image:type\" content=\"image\/jpeg\" \/>\n<meta name=\"twitter:card\" content=\"summary_large_image\" \/>\n<script type=\"application\/ld+json\" class=\"yoast-schema-graph\">{\"@context\":\"https:\\\/\\\/schema.org\",\"@graph\":[{\"@type\":\"WebPage\",\"@id\":\"https:\\\/\\\/hakmarfrance.online\\\/tr\\\/produit\\\/helal-sut-dana-pirzola\\\/\",\"url\":\"https:\\\/\\\/hakmarfrance.online\\\/tr\\\/produit\\\/helal-sut-dana-pirzola\\\/\",\"name\":\"Helal S\u00fct Dana Pirzola - hakmarfrance.online\",\"isPartOf\":{\"@id\":\"https:\\\/\\\/hakmarfrance.online\\\/tr\\\/#website\"},\"primaryImageOfPage\":{\"@id\":\"https:\\\/\\\/hakmarfrance.online\\\/tr\\\/produit\\\/helal-sut-dana-pirzola\\\/#primaryimage\"},\"image\":{\"@id\":\"https:\\\/\\\/hakmarfrance.online\\\/tr\\\/produit\\\/helal-sut-dana-pirzola\\\/#primaryimage\"},\"thumbnailUrl\":\"https:\\\/\\\/hakmarfrance.online\\\/wp-content\\\/uploads\\\/2025\\\/06\\\/cotelettes-de-veau-sut-dana-pirzola-halal.jpeg\",\"datePublished\":\"2025-06-13T10:55:53+00:00\",\"breadcrumb\":{\"@id\":\"https:\\\/\\\/hakmarfrance.online\\\/tr\\\/produit\\\/helal-sut-dana-pirzola\\\/#breadcrumb\"},\"inLanguage\":\"tr-TR\",\"potentialAction\":[{\"@type\":\"ReadAction\",\"target\":[\"https:\\\/\\\/hakmarfrance.online\\\/tr\\\/produit\\\/helal-sut-dana-pirzola\\\/\"]}]},{\"@type\":\"ImageObject\",\"inLanguage\":\"tr-TR\",\"@id\":\"https:\\\/\\\/hakmarfrance.online\\\/tr\\\/produit\\\/helal-sut-dana-pirzola\\\/#primaryimage\",\"url\":\"https:\\\/\\\/hakmarfrance.online\\\/wp-content\\\/uploads\\\/2025\\\/06\\\/cotelettes-de-veau-sut-dana-pirzola-halal.jpeg\",\"contentUrl\":\"https:\\\/\\\/hakmarfrance.online\\\/wp-content\\\/uploads\\\/2025\\\/06\\\/cotelettes-de-veau-sut-dana-pirzola-halal.jpeg\",\"width\":225,\"height\":225},{\"@type\":\"BreadcrumbList\",\"@id\":\"https:\\\/\\\/hakmarfrance.online\\\/tr\\\/produit\\\/helal-sut-dana-pirzola\\\/#breadcrumb\",\"itemListElement\":[{\"@type\":\"ListItem\",\"position\":1,\"name\":\"Accueil\",\"item\":\"https:\\\/\\\/hakmarfrance.online\\\/tr\\\/\"},{\"@type\":\"ListItem\",\"position\":2,\"name\":\"Ma\u011faza\",\"item\":\"https:\\\/\\\/hakmarfrance.online\\\/tr\\\/magaza\\\/\"},{\"@type\":\"ListItem\",\"position\":3,\"name\":\"Helal S\u00fct Dana Pirzola\"}]},{\"@type\":\"WebSite\",\"@id\":\"https:\\\/\\\/hakmarfrance.online\\\/tr\\\/#website\",\"url\":\"https:\\\/\\\/hakmarfrance.online\\\/tr\\\/\",\"name\":\"hakmarfrance.online\",\"description\":\"\",\"publisher\":{\"@id\":\"https:\\\/\\\/hakmarfrance.online\\\/tr\\\/#organization\"},\"potentialAction\":[{\"@type\":\"SearchAction\",\"target\":{\"@type\":\"EntryPoint\",\"urlTemplate\":\"https:\\\/\\\/hakmarfrance.online\\\/tr\\\/?s={search_term_string}\"},\"query-input\":{\"@type\":\"PropertyValueSpecification\",\"valueRequired\":true,\"valueName\":\"search_term_string\"}}],\"inLanguage\":\"tr-TR\"},{\"@type\":\"Organization\",\"@id\":\"https:\\\/\\\/hakmarfrance.online\\\/tr\\\/#organization\",\"name\":\"hakmarfrance.online\",\"url\":\"https:\\\/\\\/hakmarfrance.online\\\/tr\\\/\",\"logo\":{\"@type\":\"ImageObject\",\"inLanguage\":\"tr-TR\",\"@id\":\"https:\\\/\\\/hakmarfrance.online\\\/tr\\\/#\\\/schema\\\/logo\\\/image\\\/\",\"url\":\"https:\\\/\\\/hakmarfrance.online\\\/wp-content\\\/uploads\\\/2025\\\/06\\\/logo-hakmarfrance.png\",\"contentUrl\":\"https:\\\/\\\/hakmarfrance.online\\\/wp-content\\\/uploads\\\/2025\\\/06\\\/logo-hakmarfrance.png\",\"width\":528,\"height\":232,\"caption\":\"hakmarfrance.online\"},\"image\":{\"@id\":\"https:\\\/\\\/hakmarfrance.online\\\/tr\\\/#\\\/schema\\\/logo\\\/image\\\/\"},\"sameAs\":[\"https:\\\/\\\/www.facebook.com\\\/HakmarFranceSupermarche\\\/?locale=fr_FR\",\"https:\\\/\\\/www.instagram.com\\\/hakmarfrancesupermarche\\\/\"]}]}<\/script>\n<!-- \/ Yoast SEO plugin. -->","yoast_head_json":{"title":"Helal S\u00fct Dana Pirzola - hakmarfrance.online","robots":{"index":"index","follow":"follow","max-snippet":"max-snippet:-1","max-image-preview":"max-image-preview:large","max-video-preview":"max-video-preview:-1"},"canonical":"https:\/\/hakmarfrance.online\/tr\/produit\/helal-sut-dana-pirzola\/","og_locale":"tr_TR","og_type":"article","og_title":"Helal S\u00fct Dana Pirzola - hakmarfrance.online","og_description":"S\u00fct dana pirzolan\u0131n t\u00fcm inceli\u011fini, uzun kemi\u011fiyle birlikte bel k\u0131sm\u0131ndan kesilmi\u015f yumu\u015fak helal dana pirzolada ke\u015ffedin. A\u011f\u0131zda eriyen dokusu ve narin lezzetiyle, kaliteli et severler i\u00e7in m\u00fckemmel bir tercih. Tavada, \u0131zgarada veya mangalda m\u00fckemmel pi\u015fen bu premium et par\u00e7as\u0131, \u0131zgara sebzeler, zeytinya\u011f\u0131 ve taze otlarla harika uyum sa\u011flar. \u2728 \u00d6zel g\u00fcnler ve zarif yemekler i\u00e7in ideal. \u27a4 %100 Helal Et \u2013 Kasap Kalitesi\u27a4 Dondurulmaya uygundur\u27a4 Kolay marine edilir, h\u0131zl\u0131 pi\u015fer \ud83d\ude9a Mulhouse ve \u00e7evresine eve teslimat \u2013 Tazelik garantili. \ud83d\udc49 Et reyonumuzdaki \u00fcr\u00fcnler kilogram baz\u0131nda sat\u0131lmaktad\u0131r.","og_url":"https:\/\/hakmarfrance.online\/tr\/produit\/helal-sut-dana-pirzola\/","og_site_name":"hakmarfrance.online","article_publisher":"https:\/\/www.facebook.com\/HakmarFranceSupermarche\/?locale=fr_FR","og_image":[{"width":225,"height":225,"url":"https:\/\/hakmarfrance.online\/wp-content\/uploads\/2025\/06\/cotelettes-de-veau-sut-dana-pirzola-halal.jpeg","type":"image\/jpeg"}],"twitter_card":"summary_large_image","schema":{"@context":"https:\/\/schema.org","@graph":[{"@type":"WebPage","@id":"https:\/\/hakmarfrance.online\/tr\/produit\/helal-sut-dana-pirzola\/","url":"https:\/\/hakmarfrance.online\/tr\/produit\/helal-sut-dana-pirzola\/","name":"Helal S\u00fct Dana Pirzola - hakmarfrance.online","isPartOf":{"@id":"https:\/\/hakmarfrance.online\/tr\/#website"},"primaryImageOfPage":{"@id":"https:\/\/hakmarfrance.online\/tr\/produit\/helal-sut-dana-pirzola\/#primaryimage"},"image":{"@id":"https:\/\/hakmarfrance.online\/tr\/produit\/helal-sut-dana-pirzola\/#primaryimage"},"thumbnailUrl":"https:\/\/hakmarfrance.online\/wp-content\/uploads\/2025\/06\/cotelettes-de-veau-sut-dana-pirzola-halal.jpeg","datePublished":"2025-06-13T10:55:53+00:00","breadcrumb":{"@id":"https:\/\/hakmarfrance.online\/tr\/produit\/helal-sut-dana-pirzola\/#breadcrumb"},"inLanguage":"tr-TR","potentialAction":[{"@type":"ReadAction","target":["https:\/\/hakmarfrance.online\/tr\/produit\/helal-sut-dana-pirzola\/"]}]},{"@type":"ImageObject","inLanguage":"tr-TR","@id":"https:\/\/hakmarfrance.online\/tr\/produit\/helal-sut-dana-pirzola\/#primaryimage","url":"https:\/\/hakmarfrance.online\/wp-content\/uploads\/2025\/06\/cotelettes-de-veau-sut-dana-pirzola-halal.jpeg","contentUrl":"https:\/\/hakmarfrance.online\/wp-content\/uploads\/2025\/06\/cotelettes-de-veau-sut-dana-pirzola-halal.jpeg","width":225,"height":225},{"@type":"BreadcrumbList","@id":"https:\/\/hakmarfrance.online\/tr\/produit\/helal-sut-dana-pirzola\/#breadcrumb","itemListElement":[{"@type":"ListItem","position":1,"name":"Accueil","item":"https:\/\/hakmarfrance.online\/tr\/"},{"@type":"ListItem","position":2,"name":"Ma\u011faza","item":"https:\/\/hakmarfrance.online\/tr\/magaza\/"},{"@type":"ListItem","position":3,"name":"Helal S\u00fct Dana Pirzola"}]},{"@type":"WebSite","@id":"https:\/\/hakmarfrance.online\/tr\/#website","url":"https:\/\/hakmarfrance.online\/tr\/","name":"hakmarfrance.online","description":"","publisher":{"@id":"https:\/\/hakmarfrance.online\/tr\/#organization"},"potentialAction":[{"@type":"SearchAction","target":{"@type":"EntryPoint","urlTemplate":"https:\/\/hakmarfrance.online\/tr\/?s={search_term_string}"},"query-input":{"@type":"PropertyValueSpecification","valueRequired":true,"valueName":"search_term_string"}}],"inLanguage":"tr-TR"},{"@type":"Organization","@id":"https:\/\/hakmarfrance.online\/tr\/#organization","name":"hakmarfrance.online","url":"https:\/\/hakmarfrance.online\/tr\/","logo":{"@type":"ImageObject","inLanguage":"tr-TR","@id":"https:\/\/hakmarfrance.online\/tr\/#\/schema\/logo\/image\/","url":"https:\/\/hakmarfrance.online\/wp-content\/uploads\/2025\/06\/logo-hakmarfrance.png","contentUrl":"https:\/\/hakmarfrance.online\/wp-content\/uploads\/2025\/06\/logo-hakmarfrance.png","width":528,"height":232,"caption":"hakmarfrance.online"},"image":{"@id":"https:\/\/hakmarfrance.online\/tr\/#\/schema\/logo\/image\/"},"sameAs":["https:\/\/www.facebook.com\/HakmarFranceSupermarche\/?locale=fr_FR","https:\/\/www.instagram.com\/hakmarfrancesupermarche\/"]}]}},"_links":{"self":[{"href":"https:\/\/hakmarfrance.online\/tr\/wp-json\/wp\/v2\/product\/18043","targetHints":{"allow":["GET"]}}],"collection":[{"href":"https:\/\/hakmarfrance.online\/tr\/wp-json\/wp\/v2\/product"}],"about":[{"href":"https:\/\/hakmarfrance.online\/tr\/wp-json\/wp\/v2\/types\/product"}],"replies":[{"embeddable":true,"href":"https:\/\/hakmarfrance.online\/tr\/wp-json\/wp\/v2\/comments?post=18043"}],"version-history":[{"count":0,"href":"https:\/\/hakmarfrance.online\/tr\/wp-json\/wp\/v2\/product\/18043\/revisions"}],"wp:featuredmedia":[{"embeddable":true,"href":"https:\/\/hakmarfrance.online\/tr\/wp-json\/wp\/v2\/media\/18044"}],"wp:attachment":[{"href":"https:\/\/hakmarfrance.online\/tr\/wp-json\/wp\/v2\/media?parent=18043"}],"wp:term":[{"taxonomy":"product_brand","embeddable":true,"href":"https:\/\/hakmarfrance.online\/tr\/wp-json\/wp\/v2\/product_brand?post=18043"},{"taxonomy":"product_cat","embeddable":true,"href":"https:\/\/hakmarfrance.online\/tr\/wp-json\/wp\/v2\/product_cat?post=18043"},{"taxonomy":"product_tag","embeddable":true,"href":"https:\/\/hakmarfrance.online\/tr\/wp-json\/wp\/v2\/product_tag?post=18043"}],"curies":[{"name":"wp","href":"https:\/\/api.w.org\/{rel}","templated":true}]}}