{"id":18046,"date":"2025-06-11T12:15:31","date_gmt":"2025-06-11T12:15:31","guid":{"rendered":"https:\/\/hakmarfrance.online\/produit\/duru-kocbasi-nohut-8mm-1000g\/"},"modified":"2025-06-11T12:15:31","modified_gmt":"2025-06-11T12:15:31","slug":"duru-kocbasi-nohut-8mm-1000g","status":"publish","type":"product","link":"https:\/\/hakmarfrance.online\/tr\/produit\/duru-kocbasi-nohut-8mm-1000g\/","title":{"rendered":"Duru K\u00f6\u00e7ba\u015f\u0131 Nohut 8mm \u2013 1000g"},"content":{"rendered":"<p>Duru&#8217;nun 8mm K\u00f6\u00e7ba\u015f\u0131 nohutlar\u0131, e\u015fit boyutlar\u0131 ve \u00fcst\u00fcn kaliteleri i\u00e7in \u00f6zenle se\u00e7ilmi\u015ftir. \u00c7orbalar, kuskus, humus veya g\u00fcve\u00e7 yemekleri i\u00e7in ideal olan bu nohutlar, bitkisel protein, lif ve mineraller a\u00e7\u0131s\u0131ndan zengindir. 1000g&#8217;l\u0131k kullan\u0131\u015fl\u0131 pakette, sa\u011fl\u0131kl\u0131 mutfa\u011f\u0131n vazge\u00e7ilmezi.  <\/p>\n","protected":false},"excerpt":{"rendered":"<p>8mm boyutunda, protein ve lif a\u00e7\u0131s\u0131ndan zengin nohutlar, 1kg&#8217;l\u0131k pakette.<\/p>\n","protected":false},"featured_media":18047,"comment_status":"open","ping_status":"closed","template":"","meta":{"iawp_total_views":0},"product_brand":[180],"product_cat":[286,227,304,305,225],"product_tag":[],"class_list":{"0":"post-18046","1":"product","2":"type-product","3":"status-publish","4":"has-post-thumbnail","6":"product_brand-duru","7":"product_cat-dogu-marketi","8":"product_cat-geleneksel-turk-urunleri","9":"product_cat-kuru-gidalar-ve-tahillar","10":"product_cat-mercimek-nohut-kuru-fasulye","11":"product_cat-tum-urunlerimiz","13":"first","14":"instock","15":"shipping-taxable","16":"purchasable","17":"product-type-simple"},"yoast_head":"<!-- This site is optimized with the Yoast SEO plugin v27.3 - https:\/\/yoast.com\/product\/yoast-seo-wordpress\/ -->\n<title>Duru K\u00f6\u00e7ba\u015f\u0131 Nohut 8mm \u2013 1000g - hakmarfrance.online<\/title>\n<meta name=\"robots\" content=\"index, follow, max-snippet:-1, max-image-preview:large, max-video-preview:-1\" \/>\n<link rel=\"canonical\" href=\"https:\/\/hakmarfrance.online\/tr\/produit\/duru-kocbasi-nohut-8mm-1000g\/\" \/>\n<meta property=\"og:locale\" content=\"tr_TR\" \/>\n<meta property=\"og:type\" content=\"article\" \/>\n<meta property=\"og:title\" content=\"Duru K\u00f6\u00e7ba\u015f\u0131 Nohut 8mm \u2013 1000g - hakmarfrance.online\" \/>\n<meta property=\"og:description\" content=\"8mm boyutunda, protein ve lif a\u00e7\u0131s\u0131ndan zengin nohutlar, 1kg&#039;l\u0131k pakette.\" \/>\n<meta property=\"og:url\" content=\"https:\/\/hakmarfrance.online\/tr\/produit\/duru-kocbasi-nohut-8mm-1000g\/\" \/>\n<meta property=\"og:site_name\" content=\"hakmarfrance.online\" \/>\n<meta property=\"article:publisher\" content=\"https:\/\/www.facebook.com\/HakmarFranceSupermarche\/?locale=fr_FR\" \/>\n<meta property=\"og:image\" content=\"https:\/\/hakmarfrance.online\/wp-content\/uploads\/2025\/06\/duru-pois-chiches-kocbasi-8mm-1000g.webp\" \/>\n\t<meta property=\"og:image:width\" content=\"700\" \/>\n\t<meta property=\"og:image:height\" content=\"762\" \/>\n\t<meta property=\"og:image:type\" content=\"image\/webp\" \/>\n<meta name=\"twitter:card\" content=\"summary_large_image\" \/>\n<script type=\"application\/ld+json\" class=\"yoast-schema-graph\">{\"@context\":\"https:\\\/\\\/schema.org\",\"@graph\":[{\"@type\":\"WebPage\",\"@id\":\"https:\\\/\\\/hakmarfrance.online\\\/tr\\\/produit\\\/duru-kocbasi-nohut-8mm-1000g\\\/\",\"url\":\"https:\\\/\\\/hakmarfrance.online\\\/tr\\\/produit\\\/duru-kocbasi-nohut-8mm-1000g\\\/\",\"name\":\"Duru K\u00f6\u00e7ba\u015f\u0131 Nohut 8mm \u2013 1000g - hakmarfrance.online\",\"isPartOf\":{\"@id\":\"https:\\\/\\\/hakmarfrance.online\\\/tr\\\/#website\"},\"primaryImageOfPage\":{\"@id\":\"https:\\\/\\\/hakmarfrance.online\\\/tr\\\/produit\\\/duru-kocbasi-nohut-8mm-1000g\\\/#primaryimage\"},\"image\":{\"@id\":\"https:\\\/\\\/hakmarfrance.online\\\/tr\\\/produit\\\/duru-kocbasi-nohut-8mm-1000g\\\/#primaryimage\"},\"thumbnailUrl\":\"https:\\\/\\\/hakmarfrance.online\\\/wp-content\\\/uploads\\\/2025\\\/06\\\/duru-pois-chiches-kocbasi-8mm-1000g.webp\",\"datePublished\":\"2025-06-11T12:15:31+00:00\",\"breadcrumb\":{\"@id\":\"https:\\\/\\\/hakmarfrance.online\\\/tr\\\/produit\\\/duru-kocbasi-nohut-8mm-1000g\\\/#breadcrumb\"},\"inLanguage\":\"tr-TR\",\"potentialAction\":[{\"@type\":\"ReadAction\",\"target\":[\"https:\\\/\\\/hakmarfrance.online\\\/tr\\\/produit\\\/duru-kocbasi-nohut-8mm-1000g\\\/\"]}]},{\"@type\":\"ImageObject\",\"inLanguage\":\"tr-TR\",\"@id\":\"https:\\\/\\\/hakmarfrance.online\\\/tr\\\/produit\\\/duru-kocbasi-nohut-8mm-1000g\\\/#primaryimage\",\"url\":\"https:\\\/\\\/hakmarfrance.online\\\/wp-content\\\/uploads\\\/2025\\\/06\\\/duru-pois-chiches-kocbasi-8mm-1000g.webp\",\"contentUrl\":\"https:\\\/\\\/hakmarfrance.online\\\/wp-content\\\/uploads\\\/2025\\\/06\\\/duru-pois-chiches-kocbasi-8mm-1000g.webp\",\"width\":700,\"height\":762},{\"@type\":\"BreadcrumbList\",\"@id\":\"https:\\\/\\\/hakmarfrance.online\\\/tr\\\/produit\\\/duru-kocbasi-nohut-8mm-1000g\\\/#breadcrumb\",\"itemListElement\":[{\"@type\":\"ListItem\",\"position\":1,\"name\":\"Accueil\",\"item\":\"https:\\\/\\\/hakmarfrance.online\\\/tr\\\/\"},{\"@type\":\"ListItem\",\"position\":2,\"name\":\"Ma\u011faza\",\"item\":\"https:\\\/\\\/hakmarfrance.online\\\/tr\\\/magaza\\\/\"},{\"@type\":\"ListItem\",\"position\":3,\"name\":\"Duru K\u00f6\u00e7ba\u015f\u0131 Nohut 8mm \u2013 1000g\"}]},{\"@type\":\"WebSite\",\"@id\":\"https:\\\/\\\/hakmarfrance.online\\\/tr\\\/#website\",\"url\":\"https:\\\/\\\/hakmarfrance.online\\\/tr\\\/\",\"name\":\"hakmarfrance.online\",\"description\":\"\",\"publisher\":{\"@id\":\"https:\\\/\\\/hakmarfrance.online\\\/tr\\\/#organization\"},\"potentialAction\":[{\"@type\":\"SearchAction\",\"target\":{\"@type\":\"EntryPoint\",\"urlTemplate\":\"https:\\\/\\\/hakmarfrance.online\\\/tr\\\/?s={search_term_string}\"},\"query-input\":{\"@type\":\"PropertyValueSpecification\",\"valueRequired\":true,\"valueName\":\"search_term_string\"}}],\"inLanguage\":\"tr-TR\"},{\"@type\":\"Organization\",\"@id\":\"https:\\\/\\\/hakmarfrance.online\\\/tr\\\/#organization\",\"name\":\"hakmarfrance.online\",\"url\":\"https:\\\/\\\/hakmarfrance.online\\\/tr\\\/\",\"logo\":{\"@type\":\"ImageObject\",\"inLanguage\":\"tr-TR\",\"@id\":\"https:\\\/\\\/hakmarfrance.online\\\/tr\\\/#\\\/schema\\\/logo\\\/image\\\/\",\"url\":\"https:\\\/\\\/hakmarfrance.online\\\/wp-content\\\/uploads\\\/2025\\\/06\\\/logo-hakmarfrance.png\",\"contentUrl\":\"https:\\\/\\\/hakmarfrance.online\\\/wp-content\\\/uploads\\\/2025\\\/06\\\/logo-hakmarfrance.png\",\"width\":528,\"height\":232,\"caption\":\"hakmarfrance.online\"},\"image\":{\"@id\":\"https:\\\/\\\/hakmarfrance.online\\\/tr\\\/#\\\/schema\\\/logo\\\/image\\\/\"},\"sameAs\":[\"https:\\\/\\\/www.facebook.com\\\/HakmarFranceSupermarche\\\/?locale=fr_FR\",\"https:\\\/\\\/www.instagram.com\\\/hakmarfrancesupermarche\\\/\"]}]}<\/script>\n<!-- \/ Yoast SEO plugin. -->","yoast_head_json":{"title":"Duru K\u00f6\u00e7ba\u015f\u0131 Nohut 8mm \u2013 1000g - hakmarfrance.online","robots":{"index":"index","follow":"follow","max-snippet":"max-snippet:-1","max-image-preview":"max-image-preview:large","max-video-preview":"max-video-preview:-1"},"canonical":"https:\/\/hakmarfrance.online\/tr\/produit\/duru-kocbasi-nohut-8mm-1000g\/","og_locale":"tr_TR","og_type":"article","og_title":"Duru K\u00f6\u00e7ba\u015f\u0131 Nohut 8mm \u2013 1000g - hakmarfrance.online","og_description":"8mm boyutunda, protein ve lif a\u00e7\u0131s\u0131ndan zengin nohutlar, 1kg'l\u0131k pakette.","og_url":"https:\/\/hakmarfrance.online\/tr\/produit\/duru-kocbasi-nohut-8mm-1000g\/","og_site_name":"hakmarfrance.online","article_publisher":"https:\/\/www.facebook.com\/HakmarFranceSupermarche\/?locale=fr_FR","og_image":[{"width":700,"height":762,"url":"https:\/\/hakmarfrance.online\/wp-content\/uploads\/2025\/06\/duru-pois-chiches-kocbasi-8mm-1000g.webp","type":"image\/webp"}],"twitter_card":"summary_large_image","schema":{"@context":"https:\/\/schema.org","@graph":[{"@type":"WebPage","@id":"https:\/\/hakmarfrance.online\/tr\/produit\/duru-kocbasi-nohut-8mm-1000g\/","url":"https:\/\/hakmarfrance.online\/tr\/produit\/duru-kocbasi-nohut-8mm-1000g\/","name":"Duru K\u00f6\u00e7ba\u015f\u0131 Nohut 8mm \u2013 1000g - hakmarfrance.online","isPartOf":{"@id":"https:\/\/hakmarfrance.online\/tr\/#website"},"primaryImageOfPage":{"@id":"https:\/\/hakmarfrance.online\/tr\/produit\/duru-kocbasi-nohut-8mm-1000g\/#primaryimage"},"image":{"@id":"https:\/\/hakmarfrance.online\/tr\/produit\/duru-kocbasi-nohut-8mm-1000g\/#primaryimage"},"thumbnailUrl":"https:\/\/hakmarfrance.online\/wp-content\/uploads\/2025\/06\/duru-pois-chiches-kocbasi-8mm-1000g.webp","datePublished":"2025-06-11T12:15:31+00:00","breadcrumb":{"@id":"https:\/\/hakmarfrance.online\/tr\/produit\/duru-kocbasi-nohut-8mm-1000g\/#breadcrumb"},"inLanguage":"tr-TR","potentialAction":[{"@type":"ReadAction","target":["https:\/\/hakmarfrance.online\/tr\/produit\/duru-kocbasi-nohut-8mm-1000g\/"]}]},{"@type":"ImageObject","inLanguage":"tr-TR","@id":"https:\/\/hakmarfrance.online\/tr\/produit\/duru-kocbasi-nohut-8mm-1000g\/#primaryimage","url":"https:\/\/hakmarfrance.online\/wp-content\/uploads\/2025\/06\/duru-pois-chiches-kocbasi-8mm-1000g.webp","contentUrl":"https:\/\/hakmarfrance.online\/wp-content\/uploads\/2025\/06\/duru-pois-chiches-kocbasi-8mm-1000g.webp","width":700,"height":762},{"@type":"BreadcrumbList","@id":"https:\/\/hakmarfrance.online\/tr\/produit\/duru-kocbasi-nohut-8mm-1000g\/#breadcrumb","itemListElement":[{"@type":"ListItem","position":1,"name":"Accueil","item":"https:\/\/hakmarfrance.online\/tr\/"},{"@type":"ListItem","position":2,"name":"Ma\u011faza","item":"https:\/\/hakmarfrance.online\/tr\/magaza\/"},{"@type":"ListItem","position":3,"name":"Duru K\u00f6\u00e7ba\u015f\u0131 Nohut 8mm \u2013 1000g"}]},{"@type":"WebSite","@id":"https:\/\/hakmarfrance.online\/tr\/#website","url":"https:\/\/hakmarfrance.online\/tr\/","name":"hakmarfrance.online","description":"","publisher":{"@id":"https:\/\/hakmarfrance.online\/tr\/#organization"},"potentialAction":[{"@type":"SearchAction","target":{"@type":"EntryPoint","urlTemplate":"https:\/\/hakmarfrance.online\/tr\/?s={search_term_string}"},"query-input":{"@type":"PropertyValueSpecification","valueRequired":true,"valueName":"search_term_string"}}],"inLanguage":"tr-TR"},{"@type":"Organization","@id":"https:\/\/hakmarfrance.online\/tr\/#organization","name":"hakmarfrance.online","url":"https:\/\/hakmarfrance.online\/tr\/","logo":{"@type":"ImageObject","inLanguage":"tr-TR","@id":"https:\/\/hakmarfrance.online\/tr\/#\/schema\/logo\/image\/","url":"https:\/\/hakmarfrance.online\/wp-content\/uploads\/2025\/06\/logo-hakmarfrance.png","contentUrl":"https:\/\/hakmarfrance.online\/wp-content\/uploads\/2025\/06\/logo-hakmarfrance.png","width":528,"height":232,"caption":"hakmarfrance.online"},"image":{"@id":"https:\/\/hakmarfrance.online\/tr\/#\/schema\/logo\/image\/"},"sameAs":["https:\/\/www.facebook.com\/HakmarFranceSupermarche\/?locale=fr_FR","https:\/\/www.instagram.com\/hakmarfrancesupermarche\/"]}]}},"_links":{"self":[{"href":"https:\/\/hakmarfrance.online\/tr\/wp-json\/wp\/v2\/product\/18046","targetHints":{"allow":["GET"]}}],"collection":[{"href":"https:\/\/hakmarfrance.online\/tr\/wp-json\/wp\/v2\/product"}],"about":[{"href":"https:\/\/hakmarfrance.online\/tr\/wp-json\/wp\/v2\/types\/product"}],"replies":[{"embeddable":true,"href":"https:\/\/hakmarfrance.online\/tr\/wp-json\/wp\/v2\/comments?post=18046"}],"version-history":[{"count":0,"href":"https:\/\/hakmarfrance.online\/tr\/wp-json\/wp\/v2\/product\/18046\/revisions"}],"wp:featuredmedia":[{"embeddable":true,"href":"https:\/\/hakmarfrance.online\/tr\/wp-json\/wp\/v2\/media\/18047"}],"wp:attachment":[{"href":"https:\/\/hakmarfrance.online\/tr\/wp-json\/wp\/v2\/media?parent=18046"}],"wp:term":[{"taxonomy":"product_brand","embeddable":true,"href":"https:\/\/hakmarfrance.online\/tr\/wp-json\/wp\/v2\/product_brand?post=18046"},{"taxonomy":"product_cat","embeddable":true,"href":"https:\/\/hakmarfrance.online\/tr\/wp-json\/wp\/v2\/product_cat?post=18046"},{"taxonomy":"product_tag","embeddable":true,"href":"https:\/\/hakmarfrance.online\/tr\/wp-json\/wp\/v2\/product_tag?post=18046"}],"curies":[{"name":"wp","href":"https:\/\/api.w.org\/{rel}","templated":true}]}}