{"id":18048,"date":"2025-06-13T10:45:03","date_gmt":"2025-06-13T10:45:03","guid":{"rendered":"https:\/\/hakmarfrance.online\/produit\/tavuk-kanatlari-kasap-kalitesi-1kg\/"},"modified":"2025-06-13T10:45:03","modified_gmt":"2025-06-13T10:45:03","slug":"tavuk-kanatlari-kasap-kalitesi-1kg","status":"publish","type":"product","link":"https:\/\/hakmarfrance.online\/tr\/produit\/tavuk-kanatlari-kasap-kalitesi-1kg\/","title":{"rendered":"Tavuk Kanatlar\u0131 \u2013 Kasap Kalitesi \u2013 1kg"},"content":{"rendered":"","protected":false},"excerpt":{"rendered":"<p data-start=\"467\" data-end=\"699\">Kasab\u0131m\u0131z taraf\u0131ndan \u00f6zenle se\u00e7ilip kesilen <strong data-start=\"484\" data-end=\"512\">taze tavuk kanatlar\u0131m\u0131z<\/strong> i\u00e7in kendinizi \u015f\u0131mart\u0131n. Yumu\u015fak, sulu ve lezzet dolu bu par\u00e7a, g\u00fcnl\u00fck yemekleriniz ve hafta sonu barbek\u00fcleriniz i\u00e7in m\u00fckemmeldir. <\/p>\n<p data-start=\"701\" data-end=\"929\">\u27a4 <strong data-start=\"703\" data-end=\"725\">%100 Helal Et<\/strong><br data-start=\"725\" data-end=\"728\">\u27a4 <strong data-start=\"730\" data-end=\"766\">Vakumlu taze ambalaj<\/strong> ile en iyi \u015fekilde korunur<br data-start=\"797\" data-end=\"800\">\u27a4 Izgara, marine veya k\u0131zartma i\u00e7in ideal<br data-start=\"894\" data-end=\"897\">\u27a4 Yakla\u015f\u0131k <strong data-start=\"907\" data-end=\"929\">1kg = 8 ila 10 kanat<\/strong><\/p>\n<p data-start=\"931\" data-end=\"1079\">T\u00fcm aileyi uygun fiyata mutlu eden tavuk kanatlar\u0131 ile lezzet dolu bir ziyafet yap\u0131n. <strong data-start=\"1025\" data-end=\"1079\">Bug\u00fcn sipari\u015f verin, yerel teslimat garantisi!<\/strong><\/p>\n","protected":false},"featured_media":18578,"comment_status":"open","ping_status":"closed","template":"","meta":{"iawp_total_views":0},"product_brand":[],"product_cat":[283,296,297,225],"product_tag":[],"class_list":{"0":"post-18048","1":"product","2":"type-product","3":"status-publish","4":"has-post-thumbnail","6":"product_cat-et-balik-sarkuteri","7":"product_cat-helal-kasap","8":"product_cat-taze-etler-dana-kuzu-tavuk","9":"product_cat-tum-urunlerimiz","11":"first","12":"instock","13":"shipping-taxable","14":"purchasable","15":"product-type-simple"},"yoast_head":"<!-- This site is optimized with the Yoast SEO plugin v27.3 - https:\/\/yoast.com\/product\/yoast-seo-wordpress\/ -->\n<title>Tavuk Kanatlar\u0131 \u2013 Kasap Kalitesi \u2013 1kg - hakmarfrance.online<\/title>\n<meta name=\"robots\" content=\"index, follow, max-snippet:-1, max-image-preview:large, max-video-preview:-1\" \/>\n<link rel=\"canonical\" href=\"https:\/\/hakmarfrance.online\/tr\/produit\/tavuk-kanatlari-kasap-kalitesi-1kg\/\" \/>\n<meta property=\"og:locale\" content=\"tr_TR\" \/>\n<meta property=\"og:type\" content=\"article\" \/>\n<meta property=\"og:title\" content=\"Tavuk Kanatlar\u0131 \u2013 Kasap Kalitesi \u2013 1kg - hakmarfrance.online\" \/>\n<meta property=\"og:description\" content=\"Kasab\u0131m\u0131z taraf\u0131ndan \u00f6zenle se\u00e7ilip kesilen taze tavuk kanatlar\u0131m\u0131z i\u00e7in kendinizi \u015f\u0131mart\u0131n. Yumu\u015fak, sulu ve lezzet dolu bu par\u00e7a, g\u00fcnl\u00fck yemekleriniz ve hafta sonu barbek\u00fcleriniz i\u00e7in m\u00fckemmeldir. \u27a4 %100 Helal Et\u27a4 Vakumlu taze ambalaj ile en iyi \u015fekilde korunur\u27a4 Izgara, marine veya k\u0131zartma i\u00e7in ideal\u27a4 Yakla\u015f\u0131k 1kg = 8 ila 10 kanat T\u00fcm aileyi uygun fiyata mutlu eden tavuk kanatlar\u0131 ile lezzet dolu bir ziyafet yap\u0131n. Bug\u00fcn sipari\u015f verin, yerel teslimat garantisi!\" \/>\n<meta property=\"og:url\" content=\"https:\/\/hakmarfrance.online\/tr\/produit\/tavuk-kanatlari-kasap-kalitesi-1kg\/\" \/>\n<meta property=\"og:site_name\" content=\"hakmarfrance.online\" \/>\n<meta property=\"article:publisher\" content=\"https:\/\/www.facebook.com\/HakmarFranceSupermarche\/?locale=fr_FR\" \/>\n<meta property=\"og:image\" content=\"https:\/\/hakmarfrance.online\/wp-content\/uploads\/2025\/06\/aile-poulet-.png\" \/>\n\t<meta property=\"og:image:width\" content=\"1000\" \/>\n\t<meta property=\"og:image:height\" content=\"800\" \/>\n\t<meta property=\"og:image:type\" content=\"image\/png\" \/>\n<meta name=\"twitter:card\" content=\"summary_large_image\" \/>\n<script type=\"application\/ld+json\" class=\"yoast-schema-graph\">{\"@context\":\"https:\\\/\\\/schema.org\",\"@graph\":[{\"@type\":\"WebPage\",\"@id\":\"https:\\\/\\\/hakmarfrance.online\\\/tr\\\/produit\\\/tavuk-kanatlari-kasap-kalitesi-1kg\\\/\",\"url\":\"https:\\\/\\\/hakmarfrance.online\\\/tr\\\/produit\\\/tavuk-kanatlari-kasap-kalitesi-1kg\\\/\",\"name\":\"Tavuk Kanatlar\u0131 \u2013 Kasap Kalitesi \u2013 1kg - hakmarfrance.online\",\"isPartOf\":{\"@id\":\"https:\\\/\\\/hakmarfrance.online\\\/tr\\\/#website\"},\"primaryImageOfPage\":{\"@id\":\"https:\\\/\\\/hakmarfrance.online\\\/tr\\\/produit\\\/tavuk-kanatlari-kasap-kalitesi-1kg\\\/#primaryimage\"},\"image\":{\"@id\":\"https:\\\/\\\/hakmarfrance.online\\\/tr\\\/produit\\\/tavuk-kanatlari-kasap-kalitesi-1kg\\\/#primaryimage\"},\"thumbnailUrl\":\"https:\\\/\\\/hakmarfrance.online\\\/wp-content\\\/uploads\\\/2025\\\/06\\\/aile-poulet-.png\",\"datePublished\":\"2025-06-13T10:45:03+00:00\",\"breadcrumb\":{\"@id\":\"https:\\\/\\\/hakmarfrance.online\\\/tr\\\/produit\\\/tavuk-kanatlari-kasap-kalitesi-1kg\\\/#breadcrumb\"},\"inLanguage\":\"tr-TR\",\"potentialAction\":[{\"@type\":\"ReadAction\",\"target\":[\"https:\\\/\\\/hakmarfrance.online\\\/tr\\\/produit\\\/tavuk-kanatlari-kasap-kalitesi-1kg\\\/\"]}]},{\"@type\":\"ImageObject\",\"inLanguage\":\"tr-TR\",\"@id\":\"https:\\\/\\\/hakmarfrance.online\\\/tr\\\/produit\\\/tavuk-kanatlari-kasap-kalitesi-1kg\\\/#primaryimage\",\"url\":\"https:\\\/\\\/hakmarfrance.online\\\/wp-content\\\/uploads\\\/2025\\\/06\\\/aile-poulet-.png\",\"contentUrl\":\"https:\\\/\\\/hakmarfrance.online\\\/wp-content\\\/uploads\\\/2025\\\/06\\\/aile-poulet-.png\",\"width\":1000,\"height\":800},{\"@type\":\"BreadcrumbList\",\"@id\":\"https:\\\/\\\/hakmarfrance.online\\\/tr\\\/produit\\\/tavuk-kanatlari-kasap-kalitesi-1kg\\\/#breadcrumb\",\"itemListElement\":[{\"@type\":\"ListItem\",\"position\":1,\"name\":\"Accueil\",\"item\":\"https:\\\/\\\/hakmarfrance.online\\\/tr\\\/\"},{\"@type\":\"ListItem\",\"position\":2,\"name\":\"Ma\u011faza\",\"item\":\"https:\\\/\\\/hakmarfrance.online\\\/tr\\\/magaza\\\/\"},{\"@type\":\"ListItem\",\"position\":3,\"name\":\"Tavuk Kanatlar\u0131 \u2013 Kasap Kalitesi \u2013 1kg\"}]},{\"@type\":\"WebSite\",\"@id\":\"https:\\\/\\\/hakmarfrance.online\\\/tr\\\/#website\",\"url\":\"https:\\\/\\\/hakmarfrance.online\\\/tr\\\/\",\"name\":\"hakmarfrance.online\",\"description\":\"\",\"publisher\":{\"@id\":\"https:\\\/\\\/hakmarfrance.online\\\/tr\\\/#organization\"},\"potentialAction\":[{\"@type\":\"SearchAction\",\"target\":{\"@type\":\"EntryPoint\",\"urlTemplate\":\"https:\\\/\\\/hakmarfrance.online\\\/tr\\\/?s={search_term_string}\"},\"query-input\":{\"@type\":\"PropertyValueSpecification\",\"valueRequired\":true,\"valueName\":\"search_term_string\"}}],\"inLanguage\":\"tr-TR\"},{\"@type\":\"Organization\",\"@id\":\"https:\\\/\\\/hakmarfrance.online\\\/tr\\\/#organization\",\"name\":\"hakmarfrance.online\",\"url\":\"https:\\\/\\\/hakmarfrance.online\\\/tr\\\/\",\"logo\":{\"@type\":\"ImageObject\",\"inLanguage\":\"tr-TR\",\"@id\":\"https:\\\/\\\/hakmarfrance.online\\\/tr\\\/#\\\/schema\\\/logo\\\/image\\\/\",\"url\":\"https:\\\/\\\/hakmarfrance.online\\\/wp-content\\\/uploads\\\/2025\\\/06\\\/logo-hakmarfrance.png\",\"contentUrl\":\"https:\\\/\\\/hakmarfrance.online\\\/wp-content\\\/uploads\\\/2025\\\/06\\\/logo-hakmarfrance.png\",\"width\":528,\"height\":232,\"caption\":\"hakmarfrance.online\"},\"image\":{\"@id\":\"https:\\\/\\\/hakmarfrance.online\\\/tr\\\/#\\\/schema\\\/logo\\\/image\\\/\"},\"sameAs\":[\"https:\\\/\\\/www.facebook.com\\\/HakmarFranceSupermarche\\\/?locale=fr_FR\",\"https:\\\/\\\/www.instagram.com\\\/hakmarfrancesupermarche\\\/\"]}]}<\/script>\n<!-- \/ Yoast SEO plugin. -->","yoast_head_json":{"title":"Tavuk Kanatlar\u0131 \u2013 Kasap Kalitesi \u2013 1kg - hakmarfrance.online","robots":{"index":"index","follow":"follow","max-snippet":"max-snippet:-1","max-image-preview":"max-image-preview:large","max-video-preview":"max-video-preview:-1"},"canonical":"https:\/\/hakmarfrance.online\/tr\/produit\/tavuk-kanatlari-kasap-kalitesi-1kg\/","og_locale":"tr_TR","og_type":"article","og_title":"Tavuk Kanatlar\u0131 \u2013 Kasap Kalitesi \u2013 1kg - hakmarfrance.online","og_description":"Kasab\u0131m\u0131z taraf\u0131ndan \u00f6zenle se\u00e7ilip kesilen taze tavuk kanatlar\u0131m\u0131z i\u00e7in kendinizi \u015f\u0131mart\u0131n. Yumu\u015fak, sulu ve lezzet dolu bu par\u00e7a, g\u00fcnl\u00fck yemekleriniz ve hafta sonu barbek\u00fcleriniz i\u00e7in m\u00fckemmeldir. \u27a4 %100 Helal Et\u27a4 Vakumlu taze ambalaj ile en iyi \u015fekilde korunur\u27a4 Izgara, marine veya k\u0131zartma i\u00e7in ideal\u27a4 Yakla\u015f\u0131k 1kg = 8 ila 10 kanat T\u00fcm aileyi uygun fiyata mutlu eden tavuk kanatlar\u0131 ile lezzet dolu bir ziyafet yap\u0131n. Bug\u00fcn sipari\u015f verin, yerel teslimat garantisi!","og_url":"https:\/\/hakmarfrance.online\/tr\/produit\/tavuk-kanatlari-kasap-kalitesi-1kg\/","og_site_name":"hakmarfrance.online","article_publisher":"https:\/\/www.facebook.com\/HakmarFranceSupermarche\/?locale=fr_FR","og_image":[{"width":1000,"height":800,"url":"https:\/\/hakmarfrance.online\/wp-content\/uploads\/2025\/06\/aile-poulet-.png","type":"image\/png"}],"twitter_card":"summary_large_image","schema":{"@context":"https:\/\/schema.org","@graph":[{"@type":"WebPage","@id":"https:\/\/hakmarfrance.online\/tr\/produit\/tavuk-kanatlari-kasap-kalitesi-1kg\/","url":"https:\/\/hakmarfrance.online\/tr\/produit\/tavuk-kanatlari-kasap-kalitesi-1kg\/","name":"Tavuk Kanatlar\u0131 \u2013 Kasap Kalitesi \u2013 1kg - hakmarfrance.online","isPartOf":{"@id":"https:\/\/hakmarfrance.online\/tr\/#website"},"primaryImageOfPage":{"@id":"https:\/\/hakmarfrance.online\/tr\/produit\/tavuk-kanatlari-kasap-kalitesi-1kg\/#primaryimage"},"image":{"@id":"https:\/\/hakmarfrance.online\/tr\/produit\/tavuk-kanatlari-kasap-kalitesi-1kg\/#primaryimage"},"thumbnailUrl":"https:\/\/hakmarfrance.online\/wp-content\/uploads\/2025\/06\/aile-poulet-.png","datePublished":"2025-06-13T10:45:03+00:00","breadcrumb":{"@id":"https:\/\/hakmarfrance.online\/tr\/produit\/tavuk-kanatlari-kasap-kalitesi-1kg\/#breadcrumb"},"inLanguage":"tr-TR","potentialAction":[{"@type":"ReadAction","target":["https:\/\/hakmarfrance.online\/tr\/produit\/tavuk-kanatlari-kasap-kalitesi-1kg\/"]}]},{"@type":"ImageObject","inLanguage":"tr-TR","@id":"https:\/\/hakmarfrance.online\/tr\/produit\/tavuk-kanatlari-kasap-kalitesi-1kg\/#primaryimage","url":"https:\/\/hakmarfrance.online\/wp-content\/uploads\/2025\/06\/aile-poulet-.png","contentUrl":"https:\/\/hakmarfrance.online\/wp-content\/uploads\/2025\/06\/aile-poulet-.png","width":1000,"height":800},{"@type":"BreadcrumbList","@id":"https:\/\/hakmarfrance.online\/tr\/produit\/tavuk-kanatlari-kasap-kalitesi-1kg\/#breadcrumb","itemListElement":[{"@type":"ListItem","position":1,"name":"Accueil","item":"https:\/\/hakmarfrance.online\/tr\/"},{"@type":"ListItem","position":2,"name":"Ma\u011faza","item":"https:\/\/hakmarfrance.online\/tr\/magaza\/"},{"@type":"ListItem","position":3,"name":"Tavuk Kanatlar\u0131 \u2013 Kasap Kalitesi \u2013 1kg"}]},{"@type":"WebSite","@id":"https:\/\/hakmarfrance.online\/tr\/#website","url":"https:\/\/hakmarfrance.online\/tr\/","name":"hakmarfrance.online","description":"","publisher":{"@id":"https:\/\/hakmarfrance.online\/tr\/#organization"},"potentialAction":[{"@type":"SearchAction","target":{"@type":"EntryPoint","urlTemplate":"https:\/\/hakmarfrance.online\/tr\/?s={search_term_string}"},"query-input":{"@type":"PropertyValueSpecification","valueRequired":true,"valueName":"search_term_string"}}],"inLanguage":"tr-TR"},{"@type":"Organization","@id":"https:\/\/hakmarfrance.online\/tr\/#organization","name":"hakmarfrance.online","url":"https:\/\/hakmarfrance.online\/tr\/","logo":{"@type":"ImageObject","inLanguage":"tr-TR","@id":"https:\/\/hakmarfrance.online\/tr\/#\/schema\/logo\/image\/","url":"https:\/\/hakmarfrance.online\/wp-content\/uploads\/2025\/06\/logo-hakmarfrance.png","contentUrl":"https:\/\/hakmarfrance.online\/wp-content\/uploads\/2025\/06\/logo-hakmarfrance.png","width":528,"height":232,"caption":"hakmarfrance.online"},"image":{"@id":"https:\/\/hakmarfrance.online\/tr\/#\/schema\/logo\/image\/"},"sameAs":["https:\/\/www.facebook.com\/HakmarFranceSupermarche\/?locale=fr_FR","https:\/\/www.instagram.com\/hakmarfrancesupermarche\/"]}]}},"_links":{"self":[{"href":"https:\/\/hakmarfrance.online\/tr\/wp-json\/wp\/v2\/product\/18048","targetHints":{"allow":["GET"]}}],"collection":[{"href":"https:\/\/hakmarfrance.online\/tr\/wp-json\/wp\/v2\/product"}],"about":[{"href":"https:\/\/hakmarfrance.online\/tr\/wp-json\/wp\/v2\/types\/product"}],"replies":[{"embeddable":true,"href":"https:\/\/hakmarfrance.online\/tr\/wp-json\/wp\/v2\/comments?post=18048"}],"version-history":[{"count":0,"href":"https:\/\/hakmarfrance.online\/tr\/wp-json\/wp\/v2\/product\/18048\/revisions"}],"wp:featuredmedia":[{"embeddable":true,"href":"https:\/\/hakmarfrance.online\/tr\/wp-json\/wp\/v2\/media\/18578"}],"wp:attachment":[{"href":"https:\/\/hakmarfrance.online\/tr\/wp-json\/wp\/v2\/media?parent=18048"}],"wp:term":[{"taxonomy":"product_brand","embeddable":true,"href":"https:\/\/hakmarfrance.online\/tr\/wp-json\/wp\/v2\/product_brand?post=18048"},{"taxonomy":"product_cat","embeddable":true,"href":"https:\/\/hakmarfrance.online\/tr\/wp-json\/wp\/v2\/product_cat?post=18048"},{"taxonomy":"product_tag","embeddable":true,"href":"https:\/\/hakmarfrance.online\/tr\/wp-json\/wp\/v2\/product_tag?post=18048"}],"curies":[{"name":"wp","href":"https:\/\/api.w.org\/{rel}","templated":true}]}}