{"id":18053,"date":"2025-06-11T12:14:32","date_gmt":"2025-06-11T12:14:32","guid":{"rendered":"https:\/\/hakmarfrance.online\/produit\/domovina-tatli-ajvar-izgara-biber-patlican-680-g\/"},"modified":"2025-06-11T12:14:32","modified_gmt":"2025-06-11T12:14:32","slug":"domovina-tatli-ajvar-izgara-biber-patlican-680-g","status":"publish","type":"product","link":"https:\/\/hakmarfrance.online\/tr\/produit\/domovina-tatli-ajvar-izgara-biber-patlican-680-g\/","title":{"rendered":"Domovina Tatl\u0131 Ajvar \u2013 Izgara Biber &amp; Patl\u0131can 680 g"},"content":{"rendered":"<p>Domovina\u2019n\u0131n tatl\u0131 ajvar\u0131n\u0131 ke\u015ffet: Balkanlar\u0131n geleneksel tarifi, k\u00f6zlenmi\u015f k\u0131rm\u0131z\u0131 biber ve ince \u00e7ekilmi\u015f patl\u0131candan yap\u0131l\u0131r. S\u00fcrmelik, etlerin yan\u0131nda ya da s\u0131cak yemeklerinde harika bir e\u015flik\u00e7i. Do\u011fal ve lezzetli bu sos yumu\u015fak tad\u0131 ve dolgun dokusuyla be\u011feni toplar. 660 g kavanoz.  <\/p>\n","protected":false},"excerpt":{"rendered":"<p>K\u00f6zlenmi\u015f k\u0131rm\u0131z\u0131 biber ve patl\u0131canla yap\u0131lan Balkan \u00f6zel lezzeti, 660 g kavanoz.<\/p>\n","protected":false},"featured_media":18054,"comment_status":"open","ping_status":"closed","template":"","meta":{"iawp_total_views":3},"product_brand":[],"product_cat":[286,227,291,306,225],"product_tag":[],"class_list":{"0":"post-18053","1":"product","2":"type-product","3":"status-publish","4":"has-post-thumbnail","6":"product_cat-dogu-marketi","7":"product_cat-geleneksel-turk-urunleri","8":"product_cat-konserveler-ve-kavanozlar","9":"product_cat-soslar-cesniler","10":"product_cat-tum-urunlerimiz","12":"first","13":"instock","14":"shipping-taxable","15":"purchasable","16":"product-type-simple"},"yoast_head":"<!-- This site is optimized with the Yoast SEO plugin v27.3 - https:\/\/yoast.com\/product\/yoast-seo-wordpress\/ -->\n<title>Domovina Tatl\u0131 Ajvar \u2013 Izgara Biber &amp; Patl\u0131can 680 g - hakmarfrance.online<\/title>\n<meta name=\"robots\" content=\"index, follow, max-snippet:-1, max-image-preview:large, max-video-preview:-1\" \/>\n<link rel=\"canonical\" href=\"https:\/\/hakmarfrance.online\/tr\/produit\/domovina-tatli-ajvar-izgara-biber-patlican-680-g\/\" \/>\n<meta property=\"og:locale\" content=\"tr_TR\" \/>\n<meta property=\"og:type\" content=\"article\" \/>\n<meta property=\"og:title\" content=\"Domovina Tatl\u0131 Ajvar \u2013 Izgara Biber &amp; Patl\u0131can 680 g - hakmarfrance.online\" \/>\n<meta property=\"og:description\" content=\"K\u00f6zlenmi\u015f k\u0131rm\u0131z\u0131 biber ve patl\u0131canla yap\u0131lan Balkan \u00f6zel lezzeti, 660 g kavanoz.\" \/>\n<meta property=\"og:url\" content=\"https:\/\/hakmarfrance.online\/tr\/produit\/domovina-tatli-ajvar-izgara-biber-patlican-680-g\/\" \/>\n<meta property=\"og:site_name\" content=\"hakmarfrance.online\" \/>\n<meta property=\"article:publisher\" content=\"https:\/\/www.facebook.com\/HakmarFranceSupermarche\/?locale=fr_FR\" \/>\n<meta property=\"og:image\" content=\"https:\/\/hakmarfrance.online\/wp-content\/uploads\/2025\/06\/Ajvar-Doux-660g-\u2013-Domovina-Poivrons-Grilles-Aubergines.png\" \/>\n\t<meta property=\"og:image:width\" content=\"450\" \/>\n\t<meta property=\"og:image:height\" content=\"450\" \/>\n\t<meta property=\"og:image:type\" content=\"image\/png\" \/>\n<meta name=\"twitter:card\" content=\"summary_large_image\" \/>\n<script type=\"application\/ld+json\" class=\"yoast-schema-graph\">{\"@context\":\"https:\\\/\\\/schema.org\",\"@graph\":[{\"@type\":\"WebPage\",\"@id\":\"https:\\\/\\\/hakmarfrance.online\\\/tr\\\/produit\\\/domovina-tatli-ajvar-izgara-biber-patlican-680-g\\\/\",\"url\":\"https:\\\/\\\/hakmarfrance.online\\\/tr\\\/produit\\\/domovina-tatli-ajvar-izgara-biber-patlican-680-g\\\/\",\"name\":\"Domovina Tatl\u0131 Ajvar \u2013 Izgara Biber &amp; Patl\u0131can 680 g - hakmarfrance.online\",\"isPartOf\":{\"@id\":\"https:\\\/\\\/hakmarfrance.online\\\/tr\\\/#website\"},\"primaryImageOfPage\":{\"@id\":\"https:\\\/\\\/hakmarfrance.online\\\/tr\\\/produit\\\/domovina-tatli-ajvar-izgara-biber-patlican-680-g\\\/#primaryimage\"},\"image\":{\"@id\":\"https:\\\/\\\/hakmarfrance.online\\\/tr\\\/produit\\\/domovina-tatli-ajvar-izgara-biber-patlican-680-g\\\/#primaryimage\"},\"thumbnailUrl\":\"https:\\\/\\\/hakmarfrance.online\\\/wp-content\\\/uploads\\\/2025\\\/06\\\/Ajvar-Doux-660g-\u2013-Domovina-Poivrons-Grilles-Aubergines.png\",\"datePublished\":\"2025-06-11T12:14:32+00:00\",\"breadcrumb\":{\"@id\":\"https:\\\/\\\/hakmarfrance.online\\\/tr\\\/produit\\\/domovina-tatli-ajvar-izgara-biber-patlican-680-g\\\/#breadcrumb\"},\"inLanguage\":\"tr-TR\",\"potentialAction\":[{\"@type\":\"ReadAction\",\"target\":[\"https:\\\/\\\/hakmarfrance.online\\\/tr\\\/produit\\\/domovina-tatli-ajvar-izgara-biber-patlican-680-g\\\/\"]}]},{\"@type\":\"ImageObject\",\"inLanguage\":\"tr-TR\",\"@id\":\"https:\\\/\\\/hakmarfrance.online\\\/tr\\\/produit\\\/domovina-tatli-ajvar-izgara-biber-patlican-680-g\\\/#primaryimage\",\"url\":\"https:\\\/\\\/hakmarfrance.online\\\/wp-content\\\/uploads\\\/2025\\\/06\\\/Ajvar-Doux-660g-\u2013-Domovina-Poivrons-Grilles-Aubergines.png\",\"contentUrl\":\"https:\\\/\\\/hakmarfrance.online\\\/wp-content\\\/uploads\\\/2025\\\/06\\\/Ajvar-Doux-660g-\u2013-Domovina-Poivrons-Grilles-Aubergines.png\",\"width\":450,\"height\":450},{\"@type\":\"BreadcrumbList\",\"@id\":\"https:\\\/\\\/hakmarfrance.online\\\/tr\\\/produit\\\/domovina-tatli-ajvar-izgara-biber-patlican-680-g\\\/#breadcrumb\",\"itemListElement\":[{\"@type\":\"ListItem\",\"position\":1,\"name\":\"Accueil\",\"item\":\"https:\\\/\\\/hakmarfrance.online\\\/tr\\\/\"},{\"@type\":\"ListItem\",\"position\":2,\"name\":\"Ma\u011faza\",\"item\":\"https:\\\/\\\/hakmarfrance.online\\\/tr\\\/magaza\\\/\"},{\"@type\":\"ListItem\",\"position\":3,\"name\":\"Domovina Tatl\u0131 Ajvar \u2013 Izgara Biber &amp; Patl\u0131can 680 g\"}]},{\"@type\":\"WebSite\",\"@id\":\"https:\\\/\\\/hakmarfrance.online\\\/tr\\\/#website\",\"url\":\"https:\\\/\\\/hakmarfrance.online\\\/tr\\\/\",\"name\":\"hakmarfrance.online\",\"description\":\"\",\"publisher\":{\"@id\":\"https:\\\/\\\/hakmarfrance.online\\\/tr\\\/#organization\"},\"potentialAction\":[{\"@type\":\"SearchAction\",\"target\":{\"@type\":\"EntryPoint\",\"urlTemplate\":\"https:\\\/\\\/hakmarfrance.online\\\/tr\\\/?s={search_term_string}\"},\"query-input\":{\"@type\":\"PropertyValueSpecification\",\"valueRequired\":true,\"valueName\":\"search_term_string\"}}],\"inLanguage\":\"tr-TR\"},{\"@type\":\"Organization\",\"@id\":\"https:\\\/\\\/hakmarfrance.online\\\/tr\\\/#organization\",\"name\":\"hakmarfrance.online\",\"url\":\"https:\\\/\\\/hakmarfrance.online\\\/tr\\\/\",\"logo\":{\"@type\":\"ImageObject\",\"inLanguage\":\"tr-TR\",\"@id\":\"https:\\\/\\\/hakmarfrance.online\\\/tr\\\/#\\\/schema\\\/logo\\\/image\\\/\",\"url\":\"https:\\\/\\\/hakmarfrance.online\\\/wp-content\\\/uploads\\\/2025\\\/06\\\/logo-hakmarfrance.png\",\"contentUrl\":\"https:\\\/\\\/hakmarfrance.online\\\/wp-content\\\/uploads\\\/2025\\\/06\\\/logo-hakmarfrance.png\",\"width\":528,\"height\":232,\"caption\":\"hakmarfrance.online\"},\"image\":{\"@id\":\"https:\\\/\\\/hakmarfrance.online\\\/tr\\\/#\\\/schema\\\/logo\\\/image\\\/\"},\"sameAs\":[\"https:\\\/\\\/www.facebook.com\\\/HakmarFranceSupermarche\\\/?locale=fr_FR\",\"https:\\\/\\\/www.instagram.com\\\/hakmarfrancesupermarche\\\/\"]}]}<\/script>\n<!-- \/ Yoast SEO plugin. -->","yoast_head_json":{"title":"Domovina Tatl\u0131 Ajvar \u2013 Izgara Biber &amp; Patl\u0131can 680 g - hakmarfrance.online","robots":{"index":"index","follow":"follow","max-snippet":"max-snippet:-1","max-image-preview":"max-image-preview:large","max-video-preview":"max-video-preview:-1"},"canonical":"https:\/\/hakmarfrance.online\/tr\/produit\/domovina-tatli-ajvar-izgara-biber-patlican-680-g\/","og_locale":"tr_TR","og_type":"article","og_title":"Domovina Tatl\u0131 Ajvar \u2013 Izgara Biber &amp; Patl\u0131can 680 g - hakmarfrance.online","og_description":"K\u00f6zlenmi\u015f k\u0131rm\u0131z\u0131 biber ve patl\u0131canla yap\u0131lan Balkan \u00f6zel lezzeti, 660 g kavanoz.","og_url":"https:\/\/hakmarfrance.online\/tr\/produit\/domovina-tatli-ajvar-izgara-biber-patlican-680-g\/","og_site_name":"hakmarfrance.online","article_publisher":"https:\/\/www.facebook.com\/HakmarFranceSupermarche\/?locale=fr_FR","og_image":[{"width":450,"height":450,"url":"https:\/\/hakmarfrance.online\/wp-content\/uploads\/2025\/06\/Ajvar-Doux-660g-\u2013-Domovina-Poivrons-Grilles-Aubergines.png","type":"image\/png"}],"twitter_card":"summary_large_image","schema":{"@context":"https:\/\/schema.org","@graph":[{"@type":"WebPage","@id":"https:\/\/hakmarfrance.online\/tr\/produit\/domovina-tatli-ajvar-izgara-biber-patlican-680-g\/","url":"https:\/\/hakmarfrance.online\/tr\/produit\/domovina-tatli-ajvar-izgara-biber-patlican-680-g\/","name":"Domovina Tatl\u0131 Ajvar \u2013 Izgara Biber &amp; Patl\u0131can 680 g - hakmarfrance.online","isPartOf":{"@id":"https:\/\/hakmarfrance.online\/tr\/#website"},"primaryImageOfPage":{"@id":"https:\/\/hakmarfrance.online\/tr\/produit\/domovina-tatli-ajvar-izgara-biber-patlican-680-g\/#primaryimage"},"image":{"@id":"https:\/\/hakmarfrance.online\/tr\/produit\/domovina-tatli-ajvar-izgara-biber-patlican-680-g\/#primaryimage"},"thumbnailUrl":"https:\/\/hakmarfrance.online\/wp-content\/uploads\/2025\/06\/Ajvar-Doux-660g-\u2013-Domovina-Poivrons-Grilles-Aubergines.png","datePublished":"2025-06-11T12:14:32+00:00","breadcrumb":{"@id":"https:\/\/hakmarfrance.online\/tr\/produit\/domovina-tatli-ajvar-izgara-biber-patlican-680-g\/#breadcrumb"},"inLanguage":"tr-TR","potentialAction":[{"@type":"ReadAction","target":["https:\/\/hakmarfrance.online\/tr\/produit\/domovina-tatli-ajvar-izgara-biber-patlican-680-g\/"]}]},{"@type":"ImageObject","inLanguage":"tr-TR","@id":"https:\/\/hakmarfrance.online\/tr\/produit\/domovina-tatli-ajvar-izgara-biber-patlican-680-g\/#primaryimage","url":"https:\/\/hakmarfrance.online\/wp-content\/uploads\/2025\/06\/Ajvar-Doux-660g-\u2013-Domovina-Poivrons-Grilles-Aubergines.png","contentUrl":"https:\/\/hakmarfrance.online\/wp-content\/uploads\/2025\/06\/Ajvar-Doux-660g-\u2013-Domovina-Poivrons-Grilles-Aubergines.png","width":450,"height":450},{"@type":"BreadcrumbList","@id":"https:\/\/hakmarfrance.online\/tr\/produit\/domovina-tatli-ajvar-izgara-biber-patlican-680-g\/#breadcrumb","itemListElement":[{"@type":"ListItem","position":1,"name":"Accueil","item":"https:\/\/hakmarfrance.online\/tr\/"},{"@type":"ListItem","position":2,"name":"Ma\u011faza","item":"https:\/\/hakmarfrance.online\/tr\/magaza\/"},{"@type":"ListItem","position":3,"name":"Domovina Tatl\u0131 Ajvar \u2013 Izgara Biber &amp; Patl\u0131can 680 g"}]},{"@type":"WebSite","@id":"https:\/\/hakmarfrance.online\/tr\/#website","url":"https:\/\/hakmarfrance.online\/tr\/","name":"hakmarfrance.online","description":"","publisher":{"@id":"https:\/\/hakmarfrance.online\/tr\/#organization"},"potentialAction":[{"@type":"SearchAction","target":{"@type":"EntryPoint","urlTemplate":"https:\/\/hakmarfrance.online\/tr\/?s={search_term_string}"},"query-input":{"@type":"PropertyValueSpecification","valueRequired":true,"valueName":"search_term_string"}}],"inLanguage":"tr-TR"},{"@type":"Organization","@id":"https:\/\/hakmarfrance.online\/tr\/#organization","name":"hakmarfrance.online","url":"https:\/\/hakmarfrance.online\/tr\/","logo":{"@type":"ImageObject","inLanguage":"tr-TR","@id":"https:\/\/hakmarfrance.online\/tr\/#\/schema\/logo\/image\/","url":"https:\/\/hakmarfrance.online\/wp-content\/uploads\/2025\/06\/logo-hakmarfrance.png","contentUrl":"https:\/\/hakmarfrance.online\/wp-content\/uploads\/2025\/06\/logo-hakmarfrance.png","width":528,"height":232,"caption":"hakmarfrance.online"},"image":{"@id":"https:\/\/hakmarfrance.online\/tr\/#\/schema\/logo\/image\/"},"sameAs":["https:\/\/www.facebook.com\/HakmarFranceSupermarche\/?locale=fr_FR","https:\/\/www.instagram.com\/hakmarfrancesupermarche\/"]}]}},"_links":{"self":[{"href":"https:\/\/hakmarfrance.online\/tr\/wp-json\/wp\/v2\/product\/18053","targetHints":{"allow":["GET"]}}],"collection":[{"href":"https:\/\/hakmarfrance.online\/tr\/wp-json\/wp\/v2\/product"}],"about":[{"href":"https:\/\/hakmarfrance.online\/tr\/wp-json\/wp\/v2\/types\/product"}],"replies":[{"embeddable":true,"href":"https:\/\/hakmarfrance.online\/tr\/wp-json\/wp\/v2\/comments?post=18053"}],"version-history":[{"count":0,"href":"https:\/\/hakmarfrance.online\/tr\/wp-json\/wp\/v2\/product\/18053\/revisions"}],"wp:featuredmedia":[{"embeddable":true,"href":"https:\/\/hakmarfrance.online\/tr\/wp-json\/wp\/v2\/media\/18054"}],"wp:attachment":[{"href":"https:\/\/hakmarfrance.online\/tr\/wp-json\/wp\/v2\/media?parent=18053"}],"wp:term":[{"taxonomy":"product_brand","embeddable":true,"href":"https:\/\/hakmarfrance.online\/tr\/wp-json\/wp\/v2\/product_brand?post=18053"},{"taxonomy":"product_cat","embeddable":true,"href":"https:\/\/hakmarfrance.online\/tr\/wp-json\/wp\/v2\/product_cat?post=18053"},{"taxonomy":"product_tag","embeddable":true,"href":"https:\/\/hakmarfrance.online\/tr\/wp-json\/wp\/v2\/product_tag?post=18053"}],"curies":[{"name":"wp","href":"https:\/\/api.w.org\/{rel}","templated":true}]}}