{"id":18055,"date":"2025-06-13T10:48:29","date_gmt":"2025-06-13T10:48:29","guid":{"rendered":"https:\/\/hakmarfrance.online\/produit\/helal-dana-pirzolasi\/"},"modified":"2025-06-13T10:48:29","modified_gmt":"2025-06-13T10:48:29","slug":"helal-dana-pirzolasi","status":"publish","type":"product","link":"https:\/\/hakmarfrance.online\/tr\/produit\/helal-dana-pirzolasi\/","title":{"rendered":"Helal Dana Pirzolas\u0131"},"content":{"rendered":"","protected":false},"excerpt":{"rendered":"<p data-start=\"515\" data-end=\"793\">Kemikli <strong data-start=\"554\" data-end=\"590\">helal dana pirzolalar\u0131m\u0131zla<\/strong> damak tad\u0131n\u0131z\u0131 \u015f\u0131mart\u0131n. Kasapl\u0131k geleneklerine uygun olarak elle kesilmi\u015f bu se\u00e7kin et par\u00e7as\u0131, g\u00fczel kal\u0131nl\u0131\u011f\u0131 ve do\u011fal damarlanmas\u0131yla lezzetli bir pi\u015firme ve ola\u011fan\u00fcst\u00fc yumu\u015fakl\u0131k vaat ediyor. <\/p>\n<p data-start=\"795\" data-end=\"888\">\ud83d\udd25 Izgara, tava veya f\u0131r\u0131nda pi\u015firerek g\u00fcnl\u00fck yemeklerinizi ya da \u00f6zel sofran\u0131z\u0131 zenginle\u015ftirecek.<\/p>\n<p data-start=\"890\" data-end=\"1124\">\u27a4 <strong data-start=\"892\" data-end=\"951\">%100 Helal Et \u2013 usta kasab\u0131m\u0131z taraf\u0131ndan kesilmi\u015f<\/strong><br data-start=\"951\" data-end=\"954\">\u27a4 Garantili tazelik i\u00e7in <strong data-start=\"956\" data-end=\"983\">vakum paketlenmi\u015f<\/strong><br data-start=\"1058\" data-end=\"1061\">\u27a4 3 adet \u2013 yakla\u015f\u0131k <strong data-start=\"1082\" data-end=\"1090\">500g<\/strong><br data-start=\"1090\" data-end=\"1093\">\u27a4 2-3 ki\u015filik<\/p>\n<p data-start=\"1126\" data-end=\"1216\">\ud83d\udc49 Mulhouse ve \u00e7evresine yerel teslimat \u2013 Evinizde tazelik ve kalite garantisi.<\/p>\n","protected":false},"featured_media":18056,"comment_status":"open","ping_status":"closed","template":"","meta":{"iawp_total_views":1},"product_brand":[],"product_cat":[283,296,297,225],"product_tag":[],"class_list":{"0":"post-18055","1":"product","2":"type-product","3":"status-publish","4":"has-post-thumbnail","6":"product_cat-et-balik-sarkuteri","7":"product_cat-helal-kasap","8":"product_cat-taze-etler-dana-kuzu-tavuk","9":"product_cat-tum-urunlerimiz","11":"first","12":"instock","13":"shipping-taxable","14":"purchasable","15":"product-type-simple"},"yoast_head":"<!-- This site is optimized with the Yoast SEO plugin v27.3 - https:\/\/yoast.com\/product\/yoast-seo-wordpress\/ -->\n<title>Helal Dana Pirzolas\u0131 - hakmarfrance.online<\/title>\n<meta name=\"robots\" content=\"index, follow, max-snippet:-1, max-image-preview:large, max-video-preview:-1\" \/>\n<link rel=\"canonical\" href=\"https:\/\/hakmarfrance.online\/tr\/produit\/helal-dana-pirzolasi\/\" \/>\n<meta property=\"og:locale\" content=\"tr_TR\" \/>\n<meta property=\"og:type\" content=\"article\" \/>\n<meta property=\"og:title\" content=\"Helal Dana Pirzolas\u0131 - hakmarfrance.online\" \/>\n<meta property=\"og:description\" content=\"Kemikli helal dana pirzolalar\u0131m\u0131zla damak tad\u0131n\u0131z\u0131 \u015f\u0131mart\u0131n. Kasapl\u0131k geleneklerine uygun olarak elle kesilmi\u015f bu se\u00e7kin et par\u00e7as\u0131, g\u00fczel kal\u0131nl\u0131\u011f\u0131 ve do\u011fal damarlanmas\u0131yla lezzetli bir pi\u015firme ve ola\u011fan\u00fcst\u00fc yumu\u015fakl\u0131k vaat ediyor. \ud83d\udd25 Izgara, tava veya f\u0131r\u0131nda pi\u015firerek g\u00fcnl\u00fck yemeklerinizi ya da \u00f6zel sofran\u0131z\u0131 zenginle\u015ftirecek. \u27a4 %100 Helal Et \u2013 usta kasab\u0131m\u0131z taraf\u0131ndan kesilmi\u015f\u27a4 Garantili tazelik i\u00e7in vakum paketlenmi\u015f\u27a4 3 adet \u2013 yakla\u015f\u0131k 500g\u27a4 2-3 ki\u015filik \ud83d\udc49 Mulhouse ve \u00e7evresine yerel teslimat \u2013 Evinizde tazelik ve kalite garantisi.\" \/>\n<meta property=\"og:url\" content=\"https:\/\/hakmarfrance.online\/tr\/produit\/helal-dana-pirzolasi\/\" \/>\n<meta property=\"og:site_name\" content=\"hakmarfrance.online\" \/>\n<meta property=\"article:publisher\" content=\"https:\/\/www.facebook.com\/HakmarFranceSupermarche\/?locale=fr_FR\" \/>\n<meta property=\"og:image\" content=\"https:\/\/hakmarfrance.online\/wp-content\/uploads\/2025\/06\/cotelette-dana-agneau-halal.png\" \/>\n\t<meta property=\"og:image:width\" content=\"1536\" \/>\n\t<meta property=\"og:image:height\" content=\"1024\" \/>\n\t<meta property=\"og:image:type\" content=\"image\/png\" \/>\n<meta name=\"twitter:card\" content=\"summary_large_image\" \/>\n<script type=\"application\/ld+json\" class=\"yoast-schema-graph\">{\"@context\":\"https:\\\/\\\/schema.org\",\"@graph\":[{\"@type\":\"WebPage\",\"@id\":\"https:\\\/\\\/hakmarfrance.online\\\/tr\\\/produit\\\/helal-dana-pirzolasi\\\/\",\"url\":\"https:\\\/\\\/hakmarfrance.online\\\/tr\\\/produit\\\/helal-dana-pirzolasi\\\/\",\"name\":\"Helal Dana Pirzolas\u0131 - hakmarfrance.online\",\"isPartOf\":{\"@id\":\"https:\\\/\\\/hakmarfrance.online\\\/tr\\\/#website\"},\"primaryImageOfPage\":{\"@id\":\"https:\\\/\\\/hakmarfrance.online\\\/tr\\\/produit\\\/helal-dana-pirzolasi\\\/#primaryimage\"},\"image\":{\"@id\":\"https:\\\/\\\/hakmarfrance.online\\\/tr\\\/produit\\\/helal-dana-pirzolasi\\\/#primaryimage\"},\"thumbnailUrl\":\"https:\\\/\\\/hakmarfrance.online\\\/wp-content\\\/uploads\\\/2025\\\/06\\\/cotelette-dana-agneau-halal.png\",\"datePublished\":\"2025-06-13T10:48:29+00:00\",\"breadcrumb\":{\"@id\":\"https:\\\/\\\/hakmarfrance.online\\\/tr\\\/produit\\\/helal-dana-pirzolasi\\\/#breadcrumb\"},\"inLanguage\":\"tr-TR\",\"potentialAction\":[{\"@type\":\"ReadAction\",\"target\":[\"https:\\\/\\\/hakmarfrance.online\\\/tr\\\/produit\\\/helal-dana-pirzolasi\\\/\"]}]},{\"@type\":\"ImageObject\",\"inLanguage\":\"tr-TR\",\"@id\":\"https:\\\/\\\/hakmarfrance.online\\\/tr\\\/produit\\\/helal-dana-pirzolasi\\\/#primaryimage\",\"url\":\"https:\\\/\\\/hakmarfrance.online\\\/wp-content\\\/uploads\\\/2025\\\/06\\\/cotelette-dana-agneau-halal.png\",\"contentUrl\":\"https:\\\/\\\/hakmarfrance.online\\\/wp-content\\\/uploads\\\/2025\\\/06\\\/cotelette-dana-agneau-halal.png\",\"width\":1536,\"height\":1024},{\"@type\":\"BreadcrumbList\",\"@id\":\"https:\\\/\\\/hakmarfrance.online\\\/tr\\\/produit\\\/helal-dana-pirzolasi\\\/#breadcrumb\",\"itemListElement\":[{\"@type\":\"ListItem\",\"position\":1,\"name\":\"Accueil\",\"item\":\"https:\\\/\\\/hakmarfrance.online\\\/tr\\\/\"},{\"@type\":\"ListItem\",\"position\":2,\"name\":\"Ma\u011faza\",\"item\":\"https:\\\/\\\/hakmarfrance.online\\\/tr\\\/magaza\\\/\"},{\"@type\":\"ListItem\",\"position\":3,\"name\":\"Helal Dana Pirzolas\u0131\"}]},{\"@type\":\"WebSite\",\"@id\":\"https:\\\/\\\/hakmarfrance.online\\\/tr\\\/#website\",\"url\":\"https:\\\/\\\/hakmarfrance.online\\\/tr\\\/\",\"name\":\"hakmarfrance.online\",\"description\":\"\",\"publisher\":{\"@id\":\"https:\\\/\\\/hakmarfrance.online\\\/tr\\\/#organization\"},\"potentialAction\":[{\"@type\":\"SearchAction\",\"target\":{\"@type\":\"EntryPoint\",\"urlTemplate\":\"https:\\\/\\\/hakmarfrance.online\\\/tr\\\/?s={search_term_string}\"},\"query-input\":{\"@type\":\"PropertyValueSpecification\",\"valueRequired\":true,\"valueName\":\"search_term_string\"}}],\"inLanguage\":\"tr-TR\"},{\"@type\":\"Organization\",\"@id\":\"https:\\\/\\\/hakmarfrance.online\\\/tr\\\/#organization\",\"name\":\"hakmarfrance.online\",\"url\":\"https:\\\/\\\/hakmarfrance.online\\\/tr\\\/\",\"logo\":{\"@type\":\"ImageObject\",\"inLanguage\":\"tr-TR\",\"@id\":\"https:\\\/\\\/hakmarfrance.online\\\/tr\\\/#\\\/schema\\\/logo\\\/image\\\/\",\"url\":\"https:\\\/\\\/hakmarfrance.online\\\/wp-content\\\/uploads\\\/2025\\\/06\\\/logo-hakmarfrance.png\",\"contentUrl\":\"https:\\\/\\\/hakmarfrance.online\\\/wp-content\\\/uploads\\\/2025\\\/06\\\/logo-hakmarfrance.png\",\"width\":528,\"height\":232,\"caption\":\"hakmarfrance.online\"},\"image\":{\"@id\":\"https:\\\/\\\/hakmarfrance.online\\\/tr\\\/#\\\/schema\\\/logo\\\/image\\\/\"},\"sameAs\":[\"https:\\\/\\\/www.facebook.com\\\/HakmarFranceSupermarche\\\/?locale=fr_FR\",\"https:\\\/\\\/www.instagram.com\\\/hakmarfrancesupermarche\\\/\"]}]}<\/script>\n<!-- \/ Yoast SEO plugin. -->","yoast_head_json":{"title":"Helal Dana Pirzolas\u0131 - hakmarfrance.online","robots":{"index":"index","follow":"follow","max-snippet":"max-snippet:-1","max-image-preview":"max-image-preview:large","max-video-preview":"max-video-preview:-1"},"canonical":"https:\/\/hakmarfrance.online\/tr\/produit\/helal-dana-pirzolasi\/","og_locale":"tr_TR","og_type":"article","og_title":"Helal Dana Pirzolas\u0131 - hakmarfrance.online","og_description":"Kemikli helal dana pirzolalar\u0131m\u0131zla damak tad\u0131n\u0131z\u0131 \u015f\u0131mart\u0131n. Kasapl\u0131k geleneklerine uygun olarak elle kesilmi\u015f bu se\u00e7kin et par\u00e7as\u0131, g\u00fczel kal\u0131nl\u0131\u011f\u0131 ve do\u011fal damarlanmas\u0131yla lezzetli bir pi\u015firme ve ola\u011fan\u00fcst\u00fc yumu\u015fakl\u0131k vaat ediyor. \ud83d\udd25 Izgara, tava veya f\u0131r\u0131nda pi\u015firerek g\u00fcnl\u00fck yemeklerinizi ya da \u00f6zel sofran\u0131z\u0131 zenginle\u015ftirecek. \u27a4 %100 Helal Et \u2013 usta kasab\u0131m\u0131z taraf\u0131ndan kesilmi\u015f\u27a4 Garantili tazelik i\u00e7in vakum paketlenmi\u015f\u27a4 3 adet \u2013 yakla\u015f\u0131k 500g\u27a4 2-3 ki\u015filik \ud83d\udc49 Mulhouse ve \u00e7evresine yerel teslimat \u2013 Evinizde tazelik ve kalite garantisi.","og_url":"https:\/\/hakmarfrance.online\/tr\/produit\/helal-dana-pirzolasi\/","og_site_name":"hakmarfrance.online","article_publisher":"https:\/\/www.facebook.com\/HakmarFranceSupermarche\/?locale=fr_FR","og_image":[{"width":1536,"height":1024,"url":"https:\/\/hakmarfrance.online\/wp-content\/uploads\/2025\/06\/cotelette-dana-agneau-halal.png","type":"image\/png"}],"twitter_card":"summary_large_image","schema":{"@context":"https:\/\/schema.org","@graph":[{"@type":"WebPage","@id":"https:\/\/hakmarfrance.online\/tr\/produit\/helal-dana-pirzolasi\/","url":"https:\/\/hakmarfrance.online\/tr\/produit\/helal-dana-pirzolasi\/","name":"Helal Dana Pirzolas\u0131 - hakmarfrance.online","isPartOf":{"@id":"https:\/\/hakmarfrance.online\/tr\/#website"},"primaryImageOfPage":{"@id":"https:\/\/hakmarfrance.online\/tr\/produit\/helal-dana-pirzolasi\/#primaryimage"},"image":{"@id":"https:\/\/hakmarfrance.online\/tr\/produit\/helal-dana-pirzolasi\/#primaryimage"},"thumbnailUrl":"https:\/\/hakmarfrance.online\/wp-content\/uploads\/2025\/06\/cotelette-dana-agneau-halal.png","datePublished":"2025-06-13T10:48:29+00:00","breadcrumb":{"@id":"https:\/\/hakmarfrance.online\/tr\/produit\/helal-dana-pirzolasi\/#breadcrumb"},"inLanguage":"tr-TR","potentialAction":[{"@type":"ReadAction","target":["https:\/\/hakmarfrance.online\/tr\/produit\/helal-dana-pirzolasi\/"]}]},{"@type":"ImageObject","inLanguage":"tr-TR","@id":"https:\/\/hakmarfrance.online\/tr\/produit\/helal-dana-pirzolasi\/#primaryimage","url":"https:\/\/hakmarfrance.online\/wp-content\/uploads\/2025\/06\/cotelette-dana-agneau-halal.png","contentUrl":"https:\/\/hakmarfrance.online\/wp-content\/uploads\/2025\/06\/cotelette-dana-agneau-halal.png","width":1536,"height":1024},{"@type":"BreadcrumbList","@id":"https:\/\/hakmarfrance.online\/tr\/produit\/helal-dana-pirzolasi\/#breadcrumb","itemListElement":[{"@type":"ListItem","position":1,"name":"Accueil","item":"https:\/\/hakmarfrance.online\/tr\/"},{"@type":"ListItem","position":2,"name":"Ma\u011faza","item":"https:\/\/hakmarfrance.online\/tr\/magaza\/"},{"@type":"ListItem","position":3,"name":"Helal Dana Pirzolas\u0131"}]},{"@type":"WebSite","@id":"https:\/\/hakmarfrance.online\/tr\/#website","url":"https:\/\/hakmarfrance.online\/tr\/","name":"hakmarfrance.online","description":"","publisher":{"@id":"https:\/\/hakmarfrance.online\/tr\/#organization"},"potentialAction":[{"@type":"SearchAction","target":{"@type":"EntryPoint","urlTemplate":"https:\/\/hakmarfrance.online\/tr\/?s={search_term_string}"},"query-input":{"@type":"PropertyValueSpecification","valueRequired":true,"valueName":"search_term_string"}}],"inLanguage":"tr-TR"},{"@type":"Organization","@id":"https:\/\/hakmarfrance.online\/tr\/#organization","name":"hakmarfrance.online","url":"https:\/\/hakmarfrance.online\/tr\/","logo":{"@type":"ImageObject","inLanguage":"tr-TR","@id":"https:\/\/hakmarfrance.online\/tr\/#\/schema\/logo\/image\/","url":"https:\/\/hakmarfrance.online\/wp-content\/uploads\/2025\/06\/logo-hakmarfrance.png","contentUrl":"https:\/\/hakmarfrance.online\/wp-content\/uploads\/2025\/06\/logo-hakmarfrance.png","width":528,"height":232,"caption":"hakmarfrance.online"},"image":{"@id":"https:\/\/hakmarfrance.online\/tr\/#\/schema\/logo\/image\/"},"sameAs":["https:\/\/www.facebook.com\/HakmarFranceSupermarche\/?locale=fr_FR","https:\/\/www.instagram.com\/hakmarfrancesupermarche\/"]}]}},"_links":{"self":[{"href":"https:\/\/hakmarfrance.online\/tr\/wp-json\/wp\/v2\/product\/18055","targetHints":{"allow":["GET"]}}],"collection":[{"href":"https:\/\/hakmarfrance.online\/tr\/wp-json\/wp\/v2\/product"}],"about":[{"href":"https:\/\/hakmarfrance.online\/tr\/wp-json\/wp\/v2\/types\/product"}],"replies":[{"embeddable":true,"href":"https:\/\/hakmarfrance.online\/tr\/wp-json\/wp\/v2\/comments?post=18055"}],"version-history":[{"count":0,"href":"https:\/\/hakmarfrance.online\/tr\/wp-json\/wp\/v2\/product\/18055\/revisions"}],"wp:featuredmedia":[{"embeddable":true,"href":"https:\/\/hakmarfrance.online\/tr\/wp-json\/wp\/v2\/media\/18056"}],"wp:attachment":[{"href":"https:\/\/hakmarfrance.online\/tr\/wp-json\/wp\/v2\/media?parent=18055"}],"wp:term":[{"taxonomy":"product_brand","embeddable":true,"href":"https:\/\/hakmarfrance.online\/tr\/wp-json\/wp\/v2\/product_brand?post=18055"},{"taxonomy":"product_cat","embeddable":true,"href":"https:\/\/hakmarfrance.online\/tr\/wp-json\/wp\/v2\/product_cat?post=18055"},{"taxonomy":"product_tag","embeddable":true,"href":"https:\/\/hakmarfrance.online\/tr\/wp-json\/wp\/v2\/product_tag?post=18055"}],"curies":[{"name":"wp","href":"https:\/\/api.w.org\/{rel}","templated":true}]}}