{"id":18057,"date":"2025-07-04T20:56:11","date_gmt":"2025-07-04T20:56:11","guid":{"rendered":"https:\/\/hakmarfrance.online\/produit\/yumos-sprey-tekstil-ve-ev-orkide-ferahlatici-koku-500-ml\/"},"modified":"2025-07-04T20:56:11","modified_gmt":"2025-07-04T20:56:11","slug":"yumos-sprey-tekstil-ve-ev-orkide-ferahlatici-koku-500-ml","status":"publish","type":"product","link":"https:\/\/hakmarfrance.online\/tr\/produit\/yumos-sprey-tekstil-ve-ev-orkide-ferahlatici-koku-500-ml\/","title":{"rendered":"Yumo\u015f Sprey Tekstil ve Ev Orkide &#8211; Ferahlat\u0131c\u0131 Koku 500 ml"},"content":{"rendered":"","protected":false},"excerpt":{"rendered":"<p data-start=\"348\" data-end=\"485\">Tekstillerinize ve evinize <strong data-start=\"361\" data-end=\"397\">an\u0131nda tazelik hissi<\/strong> verin, <strong data-start=\"442\" data-end=\"484\">Yumo\u015f Orkide tekstil ve ev spreyi<\/strong> ile.<\/p>\n<p data-start=\"487\" data-end=\"650\">Narin orkide kokusuyla harmanlanm\u0131\u015f bu sprey, k\u00f6t\u00fc kokular\u0131 n\u00f6tralize eder ve giysilerinizi, perdelerinizi, koltuklar\u0131n\u0131z\u0131, \u00e7ar\u015faflar\u0131n\u0131z\u0131 hatta ortam havas\u0131n\u0131 nazik\u00e7e parf\u00fcmler.<\/p>\n<p data-start=\"652\" data-end=\"801\">\u2714\ufe0f Y\u0131kamas\u0131 zor tekstiller i\u00e7in ideal<br data-start=\"697\" data-end=\"700\">\u2714\ufe0f H\u0131zl\u0131 kurur, iz b\u0131rakmaz<br data-start=\"729\" data-end=\"732\">\u2714\ufe0f \u00c7i\u00e7ek bazl\u0131 uzun s\u00fcreli koku<br data-start=\"769\" data-end=\"772\">\u2714\ufe0f Dermatolojik olarak test edilmi\u015ftir<\/p>\n<p data-start=\"803\" data-end=\"895\"><strong data-start=\"803\" data-end=\"895\">Daha taze, daha ho\u015f ve daha davetkar bir ev i\u00e7in bir sprey yeterli!<\/strong><\/p>\n","protected":false},"featured_media":18058,"comment_status":"open","ping_status":"closed","template":"","meta":{"iawp_total_views":0},"product_brand":[203],"product_cat":[284,225],"product_tag":[],"class_list":{"0":"post-18057","1":"product","2":"type-product","3":"status-publish","4":"has-post-thumbnail","6":"product_brand-yumos","7":"product_cat-hijyen-bakim","8":"product_cat-tum-urunlerimiz","10":"first","11":"instock","12":"shipping-taxable","13":"purchasable","14":"product-type-simple"},"yoast_head":"<!-- This site is optimized with the Yoast SEO plugin v27.3 - https:\/\/yoast.com\/product\/yoast-seo-wordpress\/ -->\n<title>Yumo\u015f Sprey Tekstil ve Ev Orkide - Ferahlat\u0131c\u0131 Koku 500 ml - hakmarfrance.online<\/title>\n<meta name=\"robots\" content=\"index, follow, max-snippet:-1, max-image-preview:large, max-video-preview:-1\" \/>\n<link rel=\"canonical\" href=\"https:\/\/hakmarfrance.online\/tr\/produit\/yumos-sprey-tekstil-ve-ev-orkide-ferahlatici-koku-500-ml\/\" \/>\n<meta property=\"og:locale\" content=\"tr_TR\" \/>\n<meta property=\"og:type\" content=\"article\" \/>\n<meta property=\"og:title\" content=\"Yumo\u015f Sprey Tekstil ve Ev Orkide - Ferahlat\u0131c\u0131 Koku 500 ml - hakmarfrance.online\" \/>\n<meta property=\"og:description\" content=\"Tekstillerinize ve evinize an\u0131nda tazelik hissi verin, Yumo\u015f Orkide tekstil ve ev spreyi ile. Narin orkide kokusuyla harmanlanm\u0131\u015f bu sprey, k\u00f6t\u00fc kokular\u0131 n\u00f6tralize eder ve giysilerinizi, perdelerinizi, koltuklar\u0131n\u0131z\u0131, \u00e7ar\u015faflar\u0131n\u0131z\u0131 hatta ortam havas\u0131n\u0131 nazik\u00e7e parf\u00fcmler. \u2714\ufe0f Y\u0131kamas\u0131 zor tekstiller i\u00e7in ideal\u2714\ufe0f H\u0131zl\u0131 kurur, iz b\u0131rakmaz\u2714\ufe0f \u00c7i\u00e7ek bazl\u0131 uzun s\u00fcreli koku\u2714\ufe0f Dermatolojik olarak test edilmi\u015ftir Daha taze, daha ho\u015f ve daha davetkar bir ev i\u00e7in bir sprey yeterli!\" \/>\n<meta property=\"og:url\" content=\"https:\/\/hakmarfrance.online\/tr\/produit\/yumos-sprey-tekstil-ve-ev-orkide-ferahlatici-koku-500-ml\/\" \/>\n<meta property=\"og:site_name\" content=\"hakmarfrance.online\" \/>\n<meta property=\"article:publisher\" content=\"https:\/\/www.facebook.com\/HakmarFranceSupermarche\/?locale=fr_FR\" \/>\n<meta property=\"og:image\" content=\"https:\/\/hakmarfrance.online\/wp-content\/uploads\/2025\/07\/yumos-spray-textile-orkide.avif\" \/>\n\t<meta property=\"og:image:width\" content=\"1000\" \/>\n\t<meta property=\"og:image:height\" content=\"800\" \/>\n\t<meta property=\"og:image:type\" content=\"image\/png\" \/>\n<meta name=\"twitter:card\" content=\"summary_large_image\" \/>\n<script type=\"application\/ld+json\" class=\"yoast-schema-graph\">{\"@context\":\"https:\\\/\\\/schema.org\",\"@graph\":[{\"@type\":\"WebPage\",\"@id\":\"https:\\\/\\\/hakmarfrance.online\\\/tr\\\/produit\\\/yumos-sprey-tekstil-ve-ev-orkide-ferahlatici-koku-500-ml\\\/\",\"url\":\"https:\\\/\\\/hakmarfrance.online\\\/tr\\\/produit\\\/yumos-sprey-tekstil-ve-ev-orkide-ferahlatici-koku-500-ml\\\/\",\"name\":\"Yumo\u015f Sprey Tekstil ve Ev Orkide - Ferahlat\u0131c\u0131 Koku 500 ml - hakmarfrance.online\",\"isPartOf\":{\"@id\":\"https:\\\/\\\/hakmarfrance.online\\\/tr\\\/#website\"},\"primaryImageOfPage\":{\"@id\":\"https:\\\/\\\/hakmarfrance.online\\\/tr\\\/produit\\\/yumos-sprey-tekstil-ve-ev-orkide-ferahlatici-koku-500-ml\\\/#primaryimage\"},\"image\":{\"@id\":\"https:\\\/\\\/hakmarfrance.online\\\/tr\\\/produit\\\/yumos-sprey-tekstil-ve-ev-orkide-ferahlatici-koku-500-ml\\\/#primaryimage\"},\"thumbnailUrl\":\"https:\\\/\\\/hakmarfrance.online\\\/wp-content\\\/uploads\\\/2025\\\/07\\\/yumos-spray-textile-orkide.avif\",\"datePublished\":\"2025-07-04T20:56:11+00:00\",\"breadcrumb\":{\"@id\":\"https:\\\/\\\/hakmarfrance.online\\\/tr\\\/produit\\\/yumos-sprey-tekstil-ve-ev-orkide-ferahlatici-koku-500-ml\\\/#breadcrumb\"},\"inLanguage\":\"tr-TR\",\"potentialAction\":[{\"@type\":\"ReadAction\",\"target\":[\"https:\\\/\\\/hakmarfrance.online\\\/tr\\\/produit\\\/yumos-sprey-tekstil-ve-ev-orkide-ferahlatici-koku-500-ml\\\/\"]}]},{\"@type\":\"ImageObject\",\"inLanguage\":\"tr-TR\",\"@id\":\"https:\\\/\\\/hakmarfrance.online\\\/tr\\\/produit\\\/yumos-sprey-tekstil-ve-ev-orkide-ferahlatici-koku-500-ml\\\/#primaryimage\",\"url\":\"https:\\\/\\\/hakmarfrance.online\\\/wp-content\\\/uploads\\\/2025\\\/07\\\/yumos-spray-textile-orkide.avif\",\"contentUrl\":\"https:\\\/\\\/hakmarfrance.online\\\/wp-content\\\/uploads\\\/2025\\\/07\\\/yumos-spray-textile-orkide.avif\",\"width\":1000,\"height\":800,\"caption\":\"Yumo\u015f Orkideli Tekstil ve Ev Spreyi - T\u00fcm tekstilleriniz i\u00e7in \u00e7i\u00e7eksi tazelik\"},{\"@type\":\"BreadcrumbList\",\"@id\":\"https:\\\/\\\/hakmarfrance.online\\\/tr\\\/produit\\\/yumos-sprey-tekstil-ve-ev-orkide-ferahlatici-koku-500-ml\\\/#breadcrumb\",\"itemListElement\":[{\"@type\":\"ListItem\",\"position\":1,\"name\":\"Accueil\",\"item\":\"https:\\\/\\\/hakmarfrance.online\\\/tr\\\/\"},{\"@type\":\"ListItem\",\"position\":2,\"name\":\"Ma\u011faza\",\"item\":\"https:\\\/\\\/hakmarfrance.online\\\/tr\\\/magaza\\\/\"},{\"@type\":\"ListItem\",\"position\":3,\"name\":\"Yumo\u015f Sprey Tekstil ve Ev Orkide &#8211; Ferahlat\u0131c\u0131 Koku 500 ml\"}]},{\"@type\":\"WebSite\",\"@id\":\"https:\\\/\\\/hakmarfrance.online\\\/tr\\\/#website\",\"url\":\"https:\\\/\\\/hakmarfrance.online\\\/tr\\\/\",\"name\":\"hakmarfrance.online\",\"description\":\"\",\"publisher\":{\"@id\":\"https:\\\/\\\/hakmarfrance.online\\\/tr\\\/#organization\"},\"potentialAction\":[{\"@type\":\"SearchAction\",\"target\":{\"@type\":\"EntryPoint\",\"urlTemplate\":\"https:\\\/\\\/hakmarfrance.online\\\/tr\\\/?s={search_term_string}\"},\"query-input\":{\"@type\":\"PropertyValueSpecification\",\"valueRequired\":true,\"valueName\":\"search_term_string\"}}],\"inLanguage\":\"tr-TR\"},{\"@type\":\"Organization\",\"@id\":\"https:\\\/\\\/hakmarfrance.online\\\/tr\\\/#organization\",\"name\":\"hakmarfrance.online\",\"url\":\"https:\\\/\\\/hakmarfrance.online\\\/tr\\\/\",\"logo\":{\"@type\":\"ImageObject\",\"inLanguage\":\"tr-TR\",\"@id\":\"https:\\\/\\\/hakmarfrance.online\\\/tr\\\/#\\\/schema\\\/logo\\\/image\\\/\",\"url\":\"https:\\\/\\\/hakmarfrance.online\\\/wp-content\\\/uploads\\\/2025\\\/06\\\/logo-hakmarfrance.png\",\"contentUrl\":\"https:\\\/\\\/hakmarfrance.online\\\/wp-content\\\/uploads\\\/2025\\\/06\\\/logo-hakmarfrance.png\",\"width\":528,\"height\":232,\"caption\":\"hakmarfrance.online\"},\"image\":{\"@id\":\"https:\\\/\\\/hakmarfrance.online\\\/tr\\\/#\\\/schema\\\/logo\\\/image\\\/\"},\"sameAs\":[\"https:\\\/\\\/www.facebook.com\\\/HakmarFranceSupermarche\\\/?locale=fr_FR\",\"https:\\\/\\\/www.instagram.com\\\/hakmarfrancesupermarche\\\/\"]}]}<\/script>\n<!-- \/ Yoast SEO plugin. -->","yoast_head_json":{"title":"Yumo\u015f Sprey Tekstil ve Ev Orkide - Ferahlat\u0131c\u0131 Koku 500 ml - hakmarfrance.online","robots":{"index":"index","follow":"follow","max-snippet":"max-snippet:-1","max-image-preview":"max-image-preview:large","max-video-preview":"max-video-preview:-1"},"canonical":"https:\/\/hakmarfrance.online\/tr\/produit\/yumos-sprey-tekstil-ve-ev-orkide-ferahlatici-koku-500-ml\/","og_locale":"tr_TR","og_type":"article","og_title":"Yumo\u015f Sprey Tekstil ve Ev Orkide - Ferahlat\u0131c\u0131 Koku 500 ml - hakmarfrance.online","og_description":"Tekstillerinize ve evinize an\u0131nda tazelik hissi verin, Yumo\u015f Orkide tekstil ve ev spreyi ile. Narin orkide kokusuyla harmanlanm\u0131\u015f bu sprey, k\u00f6t\u00fc kokular\u0131 n\u00f6tralize eder ve giysilerinizi, perdelerinizi, koltuklar\u0131n\u0131z\u0131, \u00e7ar\u015faflar\u0131n\u0131z\u0131 hatta ortam havas\u0131n\u0131 nazik\u00e7e parf\u00fcmler. \u2714\ufe0f Y\u0131kamas\u0131 zor tekstiller i\u00e7in ideal\u2714\ufe0f H\u0131zl\u0131 kurur, iz b\u0131rakmaz\u2714\ufe0f \u00c7i\u00e7ek bazl\u0131 uzun s\u00fcreli koku\u2714\ufe0f Dermatolojik olarak test edilmi\u015ftir Daha taze, daha ho\u015f ve daha davetkar bir ev i\u00e7in bir sprey yeterli!","og_url":"https:\/\/hakmarfrance.online\/tr\/produit\/yumos-sprey-tekstil-ve-ev-orkide-ferahlatici-koku-500-ml\/","og_site_name":"hakmarfrance.online","article_publisher":"https:\/\/www.facebook.com\/HakmarFranceSupermarche\/?locale=fr_FR","og_image":[{"width":1000,"height":800,"url":"https:\/\/hakmarfrance.online\/wp-content\/uploads\/2025\/07\/yumos-spray-textile-orkide.avif","type":"image\/png"}],"twitter_card":"summary_large_image","schema":{"@context":"https:\/\/schema.org","@graph":[{"@type":"WebPage","@id":"https:\/\/hakmarfrance.online\/tr\/produit\/yumos-sprey-tekstil-ve-ev-orkide-ferahlatici-koku-500-ml\/","url":"https:\/\/hakmarfrance.online\/tr\/produit\/yumos-sprey-tekstil-ve-ev-orkide-ferahlatici-koku-500-ml\/","name":"Yumo\u015f Sprey Tekstil ve Ev Orkide - Ferahlat\u0131c\u0131 Koku 500 ml - hakmarfrance.online","isPartOf":{"@id":"https:\/\/hakmarfrance.online\/tr\/#website"},"primaryImageOfPage":{"@id":"https:\/\/hakmarfrance.online\/tr\/produit\/yumos-sprey-tekstil-ve-ev-orkide-ferahlatici-koku-500-ml\/#primaryimage"},"image":{"@id":"https:\/\/hakmarfrance.online\/tr\/produit\/yumos-sprey-tekstil-ve-ev-orkide-ferahlatici-koku-500-ml\/#primaryimage"},"thumbnailUrl":"https:\/\/hakmarfrance.online\/wp-content\/uploads\/2025\/07\/yumos-spray-textile-orkide.avif","datePublished":"2025-07-04T20:56:11+00:00","breadcrumb":{"@id":"https:\/\/hakmarfrance.online\/tr\/produit\/yumos-sprey-tekstil-ve-ev-orkide-ferahlatici-koku-500-ml\/#breadcrumb"},"inLanguage":"tr-TR","potentialAction":[{"@type":"ReadAction","target":["https:\/\/hakmarfrance.online\/tr\/produit\/yumos-sprey-tekstil-ve-ev-orkide-ferahlatici-koku-500-ml\/"]}]},{"@type":"ImageObject","inLanguage":"tr-TR","@id":"https:\/\/hakmarfrance.online\/tr\/produit\/yumos-sprey-tekstil-ve-ev-orkide-ferahlatici-koku-500-ml\/#primaryimage","url":"https:\/\/hakmarfrance.online\/wp-content\/uploads\/2025\/07\/yumos-spray-textile-orkide.avif","contentUrl":"https:\/\/hakmarfrance.online\/wp-content\/uploads\/2025\/07\/yumos-spray-textile-orkide.avif","width":1000,"height":800,"caption":"Yumo\u015f Orkideli Tekstil ve Ev Spreyi - T\u00fcm tekstilleriniz i\u00e7in \u00e7i\u00e7eksi tazelik"},{"@type":"BreadcrumbList","@id":"https:\/\/hakmarfrance.online\/tr\/produit\/yumos-sprey-tekstil-ve-ev-orkide-ferahlatici-koku-500-ml\/#breadcrumb","itemListElement":[{"@type":"ListItem","position":1,"name":"Accueil","item":"https:\/\/hakmarfrance.online\/tr\/"},{"@type":"ListItem","position":2,"name":"Ma\u011faza","item":"https:\/\/hakmarfrance.online\/tr\/magaza\/"},{"@type":"ListItem","position":3,"name":"Yumo\u015f Sprey Tekstil ve Ev Orkide &#8211; Ferahlat\u0131c\u0131 Koku 500 ml"}]},{"@type":"WebSite","@id":"https:\/\/hakmarfrance.online\/tr\/#website","url":"https:\/\/hakmarfrance.online\/tr\/","name":"hakmarfrance.online","description":"","publisher":{"@id":"https:\/\/hakmarfrance.online\/tr\/#organization"},"potentialAction":[{"@type":"SearchAction","target":{"@type":"EntryPoint","urlTemplate":"https:\/\/hakmarfrance.online\/tr\/?s={search_term_string}"},"query-input":{"@type":"PropertyValueSpecification","valueRequired":true,"valueName":"search_term_string"}}],"inLanguage":"tr-TR"},{"@type":"Organization","@id":"https:\/\/hakmarfrance.online\/tr\/#organization","name":"hakmarfrance.online","url":"https:\/\/hakmarfrance.online\/tr\/","logo":{"@type":"ImageObject","inLanguage":"tr-TR","@id":"https:\/\/hakmarfrance.online\/tr\/#\/schema\/logo\/image\/","url":"https:\/\/hakmarfrance.online\/wp-content\/uploads\/2025\/06\/logo-hakmarfrance.png","contentUrl":"https:\/\/hakmarfrance.online\/wp-content\/uploads\/2025\/06\/logo-hakmarfrance.png","width":528,"height":232,"caption":"hakmarfrance.online"},"image":{"@id":"https:\/\/hakmarfrance.online\/tr\/#\/schema\/logo\/image\/"},"sameAs":["https:\/\/www.facebook.com\/HakmarFranceSupermarche\/?locale=fr_FR","https:\/\/www.instagram.com\/hakmarfrancesupermarche\/"]}]}},"_links":{"self":[{"href":"https:\/\/hakmarfrance.online\/tr\/wp-json\/wp\/v2\/product\/18057","targetHints":{"allow":["GET"]}}],"collection":[{"href":"https:\/\/hakmarfrance.online\/tr\/wp-json\/wp\/v2\/product"}],"about":[{"href":"https:\/\/hakmarfrance.online\/tr\/wp-json\/wp\/v2\/types\/product"}],"replies":[{"embeddable":true,"href":"https:\/\/hakmarfrance.online\/tr\/wp-json\/wp\/v2\/comments?post=18057"}],"version-history":[{"count":0,"href":"https:\/\/hakmarfrance.online\/tr\/wp-json\/wp\/v2\/product\/18057\/revisions"}],"wp:featuredmedia":[{"embeddable":true,"href":"https:\/\/hakmarfrance.online\/tr\/wp-json\/wp\/v2\/media\/18058"}],"wp:attachment":[{"href":"https:\/\/hakmarfrance.online\/tr\/wp-json\/wp\/v2\/media?parent=18057"}],"wp:term":[{"taxonomy":"product_brand","embeddable":true,"href":"https:\/\/hakmarfrance.online\/tr\/wp-json\/wp\/v2\/product_brand?post=18057"},{"taxonomy":"product_cat","embeddable":true,"href":"https:\/\/hakmarfrance.online\/tr\/wp-json\/wp\/v2\/product_cat?post=18057"},{"taxonomy":"product_tag","embeddable":true,"href":"https:\/\/hakmarfrance.online\/tr\/wp-json\/wp\/v2\/product_tag?post=18057"}],"curies":[{"name":"wp","href":"https:\/\/api.w.org\/{rel}","templated":true}]}}