{"id":18059,"date":"2025-07-09T07:05:31","date_gmt":"2025-07-09T07:05:31","guid":{"rendered":"https:\/\/hakmarfrance.online\/produit\/freez-mix-ananas-hindistan-cevizi-gazli-icecek-275ml\/"},"modified":"2025-07-09T07:05:31","modified_gmt":"2025-07-09T07:05:31","slug":"freez-mix-ananas-hindistan-cevizi-gazli-icecek-275ml","status":"publish","type":"product","link":"https:\/\/hakmarfrance.online\/tr\/produit\/freez-mix-ananas-hindistan-cevizi-gazli-icecek-275ml\/","title":{"rendered":"Freez Mix Ananas &amp; Hindistan Cevizi &#8211; Gazl\u0131 \u0130\u00e7ecek &#8211; 275ml"},"content":{"rendered":"","protected":false},"excerpt":{"rendered":"<p data-start=\"357\" data-end=\"541\"><strong data-start=\"399\" data-end=\"434\">Freez Mix Ananas &amp; Hindistan Cevizi<\/strong> ile kendinize tropikal bir mola verin. Her yudumda sizi uzaklara g\u00f6t\u00fcrecek tatl\u0131 ve meyveli tada sahip <strong data-start=\"440\" data-end=\"471\">alkols\u00fcz gazl\u0131 i\u00e7ecek<\/strong>.<\/p>\n<p data-start=\"543\" data-end=\"769\">\u2714\ufe0f Egzotik ananas ve hindistan cevizi aromalar\u0131<br data-start=\"582\" data-end=\"585\">\u2714\ufe0f Alkols\u00fcz, yapay renklendirici i\u00e7ermez<br data-start=\"625\" data-end=\"628\">\u2714\ufe0f Ferahlat\u0131c\u0131 ve hafif tatl\u0131<br data-start=\"667\" data-end=\"670\">\u2714\ufe0f Renkli tasar\u0131ml\u0131 cam \u015fi\u015fe &#8211; 275 ml<br data-start=\"717\" data-end=\"720\">\u2714\ufe0f En iyi keyif i\u00e7in so\u011fuk servis yap\u0131n<\/p>\n<p data-start=\"771\" data-end=\"873\">Her ya\u015fa ve her ana uygun, trend bir \u015fi\u015fede tropikal bir duyusal yolculuk!<\/p>\n","protected":false},"featured_media":18060,"comment_status":"open","ping_status":"closed","template":"","meta":{"iawp_total_views":0},"product_brand":[200],"product_cat":[228,229,225],"product_tag":[],"class_list":{"0":"post-18059","1":"product","2":"type-product","3":"status-publish","4":"has-post-thumbnail","6":"product_brand-freez","7":"product_cat-icecekler","8":"product_cat-soguk-icecek","9":"product_cat-tum-urunlerimiz","11":"first","12":"instock","13":"shipping-taxable","14":"purchasable","15":"product-type-simple"},"yoast_head":"<!-- This site is optimized with the Yoast SEO plugin v27.3 - https:\/\/yoast.com\/product\/yoast-seo-wordpress\/ -->\n<title>Freez Mix Ananas &amp; Hindistan Cevizi - Gazl\u0131 \u0130\u00e7ecek - 275ml - hakmarfrance.online<\/title>\n<meta name=\"robots\" content=\"index, follow, max-snippet:-1, max-image-preview:large, max-video-preview:-1\" \/>\n<link rel=\"canonical\" href=\"https:\/\/hakmarfrance.online\/tr\/produit\/freez-mix-ananas-hindistan-cevizi-gazli-icecek-275ml\/\" \/>\n<meta property=\"og:locale\" content=\"tr_TR\" \/>\n<meta property=\"og:type\" content=\"article\" \/>\n<meta property=\"og:title\" content=\"Freez Mix Ananas &amp; Hindistan Cevizi - Gazl\u0131 \u0130\u00e7ecek - 275ml - hakmarfrance.online\" \/>\n<meta property=\"og:description\" content=\"Freez Mix Ananas &amp; Hindistan Cevizi ile kendinize tropikal bir mola verin. Her yudumda sizi uzaklara g\u00f6t\u00fcrecek tatl\u0131 ve meyveli tada sahip alkols\u00fcz gazl\u0131 i\u00e7ecek. \u2714\ufe0f Egzotik ananas ve hindistan cevizi aromalar\u0131\u2714\ufe0f Alkols\u00fcz, yapay renklendirici i\u00e7ermez\u2714\ufe0f Ferahlat\u0131c\u0131 ve hafif tatl\u0131\u2714\ufe0f Renkli tasar\u0131ml\u0131 cam \u015fi\u015fe - 275 ml\u2714\ufe0f En iyi keyif i\u00e7in so\u011fuk servis yap\u0131n Her ya\u015fa ve her ana uygun, trend bir \u015fi\u015fede tropikal bir duyusal yolculuk!\" \/>\n<meta property=\"og:url\" content=\"https:\/\/hakmarfrance.online\/tr\/produit\/freez-mix-ananas-hindistan-cevizi-gazli-icecek-275ml\/\" \/>\n<meta property=\"og:site_name\" content=\"hakmarfrance.online\" \/>\n<meta property=\"article:publisher\" content=\"https:\/\/www.facebook.com\/HakmarFranceSupermarche\/?locale=fr_FR\" \/>\n<meta property=\"og:image\" content=\"https:\/\/hakmarfrance.online\/wp-content\/uploads\/2025\/07\/freez-mix-ananas-coco-boisson-gazeuse-275ml.avif\" \/>\n\t<meta property=\"og:image:width\" content=\"1000\" \/>\n\t<meta property=\"og:image:height\" content=\"800\" \/>\n\t<meta property=\"og:image:type\" content=\"image\/png\" \/>\n<meta name=\"twitter:card\" content=\"summary_large_image\" \/>\n<script type=\"application\/ld+json\" class=\"yoast-schema-graph\">{\"@context\":\"https:\\\/\\\/schema.org\",\"@graph\":[{\"@type\":\"WebPage\",\"@id\":\"https:\\\/\\\/hakmarfrance.online\\\/tr\\\/produit\\\/freez-mix-ananas-hindistan-cevizi-gazli-icecek-275ml\\\/\",\"url\":\"https:\\\/\\\/hakmarfrance.online\\\/tr\\\/produit\\\/freez-mix-ananas-hindistan-cevizi-gazli-icecek-275ml\\\/\",\"name\":\"Freez Mix Ananas &amp; Hindistan Cevizi - Gazl\u0131 \u0130\u00e7ecek - 275ml - hakmarfrance.online\",\"isPartOf\":{\"@id\":\"https:\\\/\\\/hakmarfrance.online\\\/tr\\\/#website\"},\"primaryImageOfPage\":{\"@id\":\"https:\\\/\\\/hakmarfrance.online\\\/tr\\\/produit\\\/freez-mix-ananas-hindistan-cevizi-gazli-icecek-275ml\\\/#primaryimage\"},\"image\":{\"@id\":\"https:\\\/\\\/hakmarfrance.online\\\/tr\\\/produit\\\/freez-mix-ananas-hindistan-cevizi-gazli-icecek-275ml\\\/#primaryimage\"},\"thumbnailUrl\":\"https:\\\/\\\/hakmarfrance.online\\\/wp-content\\\/uploads\\\/2025\\\/07\\\/freez-mix-ananas-coco-boisson-gazeuse-275ml.avif\",\"datePublished\":\"2025-07-09T07:05:31+00:00\",\"breadcrumb\":{\"@id\":\"https:\\\/\\\/hakmarfrance.online\\\/tr\\\/produit\\\/freez-mix-ananas-hindistan-cevizi-gazli-icecek-275ml\\\/#breadcrumb\"},\"inLanguage\":\"tr-TR\",\"potentialAction\":[{\"@type\":\"ReadAction\",\"target\":[\"https:\\\/\\\/hakmarfrance.online\\\/tr\\\/produit\\\/freez-mix-ananas-hindistan-cevizi-gazli-icecek-275ml\\\/\"]}]},{\"@type\":\"ImageObject\",\"inLanguage\":\"tr-TR\",\"@id\":\"https:\\\/\\\/hakmarfrance.online\\\/tr\\\/produit\\\/freez-mix-ananas-hindistan-cevizi-gazli-icecek-275ml\\\/#primaryimage\",\"url\":\"https:\\\/\\\/hakmarfrance.online\\\/wp-content\\\/uploads\\\/2025\\\/07\\\/freez-mix-ananas-coco-boisson-gazeuse-275ml.avif\",\"contentUrl\":\"https:\\\/\\\/hakmarfrance.online\\\/wp-content\\\/uploads\\\/2025\\\/07\\\/freez-mix-ananas-coco-boisson-gazeuse-275ml.avif\",\"width\":1000,\"height\":800,\"caption\":\"Freez Mix Ananas &amp; Hindistan Cevizi - 275 ml, egzotik aromal\u0131 alkols\u00fcz gazl\u0131 i\u00e7ecek\"},{\"@type\":\"BreadcrumbList\",\"@id\":\"https:\\\/\\\/hakmarfrance.online\\\/tr\\\/produit\\\/freez-mix-ananas-hindistan-cevizi-gazli-icecek-275ml\\\/#breadcrumb\",\"itemListElement\":[{\"@type\":\"ListItem\",\"position\":1,\"name\":\"Accueil\",\"item\":\"https:\\\/\\\/hakmarfrance.online\\\/tr\\\/\"},{\"@type\":\"ListItem\",\"position\":2,\"name\":\"Ma\u011faza\",\"item\":\"https:\\\/\\\/hakmarfrance.online\\\/tr\\\/magaza\\\/\"},{\"@type\":\"ListItem\",\"position\":3,\"name\":\"Freez Mix Ananas &amp; Hindistan Cevizi &#8211; Gazl\u0131 \u0130\u00e7ecek &#8211; 275ml\"}]},{\"@type\":\"WebSite\",\"@id\":\"https:\\\/\\\/hakmarfrance.online\\\/tr\\\/#website\",\"url\":\"https:\\\/\\\/hakmarfrance.online\\\/tr\\\/\",\"name\":\"hakmarfrance.online\",\"description\":\"\",\"publisher\":{\"@id\":\"https:\\\/\\\/hakmarfrance.online\\\/tr\\\/#organization\"},\"potentialAction\":[{\"@type\":\"SearchAction\",\"target\":{\"@type\":\"EntryPoint\",\"urlTemplate\":\"https:\\\/\\\/hakmarfrance.online\\\/tr\\\/?s={search_term_string}\"},\"query-input\":{\"@type\":\"PropertyValueSpecification\",\"valueRequired\":true,\"valueName\":\"search_term_string\"}}],\"inLanguage\":\"tr-TR\"},{\"@type\":\"Organization\",\"@id\":\"https:\\\/\\\/hakmarfrance.online\\\/tr\\\/#organization\",\"name\":\"hakmarfrance.online\",\"url\":\"https:\\\/\\\/hakmarfrance.online\\\/tr\\\/\",\"logo\":{\"@type\":\"ImageObject\",\"inLanguage\":\"tr-TR\",\"@id\":\"https:\\\/\\\/hakmarfrance.online\\\/tr\\\/#\\\/schema\\\/logo\\\/image\\\/\",\"url\":\"https:\\\/\\\/hakmarfrance.online\\\/wp-content\\\/uploads\\\/2025\\\/06\\\/logo-hakmarfrance.png\",\"contentUrl\":\"https:\\\/\\\/hakmarfrance.online\\\/wp-content\\\/uploads\\\/2025\\\/06\\\/logo-hakmarfrance.png\",\"width\":528,\"height\":232,\"caption\":\"hakmarfrance.online\"},\"image\":{\"@id\":\"https:\\\/\\\/hakmarfrance.online\\\/tr\\\/#\\\/schema\\\/logo\\\/image\\\/\"},\"sameAs\":[\"https:\\\/\\\/www.facebook.com\\\/HakmarFranceSupermarche\\\/?locale=fr_FR\",\"https:\\\/\\\/www.instagram.com\\\/hakmarfrancesupermarche\\\/\"]}]}<\/script>\n<!-- \/ Yoast SEO plugin. -->","yoast_head_json":{"title":"Freez Mix Ananas &amp; Hindistan Cevizi - Gazl\u0131 \u0130\u00e7ecek - 275ml - hakmarfrance.online","robots":{"index":"index","follow":"follow","max-snippet":"max-snippet:-1","max-image-preview":"max-image-preview:large","max-video-preview":"max-video-preview:-1"},"canonical":"https:\/\/hakmarfrance.online\/tr\/produit\/freez-mix-ananas-hindistan-cevizi-gazli-icecek-275ml\/","og_locale":"tr_TR","og_type":"article","og_title":"Freez Mix Ananas &amp; Hindistan Cevizi - Gazl\u0131 \u0130\u00e7ecek - 275ml - hakmarfrance.online","og_description":"Freez Mix Ananas &amp; Hindistan Cevizi ile kendinize tropikal bir mola verin. Her yudumda sizi uzaklara g\u00f6t\u00fcrecek tatl\u0131 ve meyveli tada sahip alkols\u00fcz gazl\u0131 i\u00e7ecek. \u2714\ufe0f Egzotik ananas ve hindistan cevizi aromalar\u0131\u2714\ufe0f Alkols\u00fcz, yapay renklendirici i\u00e7ermez\u2714\ufe0f Ferahlat\u0131c\u0131 ve hafif tatl\u0131\u2714\ufe0f Renkli tasar\u0131ml\u0131 cam \u015fi\u015fe - 275 ml\u2714\ufe0f En iyi keyif i\u00e7in so\u011fuk servis yap\u0131n Her ya\u015fa ve her ana uygun, trend bir \u015fi\u015fede tropikal bir duyusal yolculuk!","og_url":"https:\/\/hakmarfrance.online\/tr\/produit\/freez-mix-ananas-hindistan-cevizi-gazli-icecek-275ml\/","og_site_name":"hakmarfrance.online","article_publisher":"https:\/\/www.facebook.com\/HakmarFranceSupermarche\/?locale=fr_FR","og_image":[{"width":1000,"height":800,"url":"https:\/\/hakmarfrance.online\/wp-content\/uploads\/2025\/07\/freez-mix-ananas-coco-boisson-gazeuse-275ml.avif","type":"image\/png"}],"twitter_card":"summary_large_image","schema":{"@context":"https:\/\/schema.org","@graph":[{"@type":"WebPage","@id":"https:\/\/hakmarfrance.online\/tr\/produit\/freez-mix-ananas-hindistan-cevizi-gazli-icecek-275ml\/","url":"https:\/\/hakmarfrance.online\/tr\/produit\/freez-mix-ananas-hindistan-cevizi-gazli-icecek-275ml\/","name":"Freez Mix Ananas &amp; Hindistan Cevizi - Gazl\u0131 \u0130\u00e7ecek - 275ml - hakmarfrance.online","isPartOf":{"@id":"https:\/\/hakmarfrance.online\/tr\/#website"},"primaryImageOfPage":{"@id":"https:\/\/hakmarfrance.online\/tr\/produit\/freez-mix-ananas-hindistan-cevizi-gazli-icecek-275ml\/#primaryimage"},"image":{"@id":"https:\/\/hakmarfrance.online\/tr\/produit\/freez-mix-ananas-hindistan-cevizi-gazli-icecek-275ml\/#primaryimage"},"thumbnailUrl":"https:\/\/hakmarfrance.online\/wp-content\/uploads\/2025\/07\/freez-mix-ananas-coco-boisson-gazeuse-275ml.avif","datePublished":"2025-07-09T07:05:31+00:00","breadcrumb":{"@id":"https:\/\/hakmarfrance.online\/tr\/produit\/freez-mix-ananas-hindistan-cevizi-gazli-icecek-275ml\/#breadcrumb"},"inLanguage":"tr-TR","potentialAction":[{"@type":"ReadAction","target":["https:\/\/hakmarfrance.online\/tr\/produit\/freez-mix-ananas-hindistan-cevizi-gazli-icecek-275ml\/"]}]},{"@type":"ImageObject","inLanguage":"tr-TR","@id":"https:\/\/hakmarfrance.online\/tr\/produit\/freez-mix-ananas-hindistan-cevizi-gazli-icecek-275ml\/#primaryimage","url":"https:\/\/hakmarfrance.online\/wp-content\/uploads\/2025\/07\/freez-mix-ananas-coco-boisson-gazeuse-275ml.avif","contentUrl":"https:\/\/hakmarfrance.online\/wp-content\/uploads\/2025\/07\/freez-mix-ananas-coco-boisson-gazeuse-275ml.avif","width":1000,"height":800,"caption":"Freez Mix Ananas &amp; Hindistan Cevizi - 275 ml, egzotik aromal\u0131 alkols\u00fcz gazl\u0131 i\u00e7ecek"},{"@type":"BreadcrumbList","@id":"https:\/\/hakmarfrance.online\/tr\/produit\/freez-mix-ananas-hindistan-cevizi-gazli-icecek-275ml\/#breadcrumb","itemListElement":[{"@type":"ListItem","position":1,"name":"Accueil","item":"https:\/\/hakmarfrance.online\/tr\/"},{"@type":"ListItem","position":2,"name":"Ma\u011faza","item":"https:\/\/hakmarfrance.online\/tr\/magaza\/"},{"@type":"ListItem","position":3,"name":"Freez Mix Ananas &amp; Hindistan Cevizi &#8211; Gazl\u0131 \u0130\u00e7ecek &#8211; 275ml"}]},{"@type":"WebSite","@id":"https:\/\/hakmarfrance.online\/tr\/#website","url":"https:\/\/hakmarfrance.online\/tr\/","name":"hakmarfrance.online","description":"","publisher":{"@id":"https:\/\/hakmarfrance.online\/tr\/#organization"},"potentialAction":[{"@type":"SearchAction","target":{"@type":"EntryPoint","urlTemplate":"https:\/\/hakmarfrance.online\/tr\/?s={search_term_string}"},"query-input":{"@type":"PropertyValueSpecification","valueRequired":true,"valueName":"search_term_string"}}],"inLanguage":"tr-TR"},{"@type":"Organization","@id":"https:\/\/hakmarfrance.online\/tr\/#organization","name":"hakmarfrance.online","url":"https:\/\/hakmarfrance.online\/tr\/","logo":{"@type":"ImageObject","inLanguage":"tr-TR","@id":"https:\/\/hakmarfrance.online\/tr\/#\/schema\/logo\/image\/","url":"https:\/\/hakmarfrance.online\/wp-content\/uploads\/2025\/06\/logo-hakmarfrance.png","contentUrl":"https:\/\/hakmarfrance.online\/wp-content\/uploads\/2025\/06\/logo-hakmarfrance.png","width":528,"height":232,"caption":"hakmarfrance.online"},"image":{"@id":"https:\/\/hakmarfrance.online\/tr\/#\/schema\/logo\/image\/"},"sameAs":["https:\/\/www.facebook.com\/HakmarFranceSupermarche\/?locale=fr_FR","https:\/\/www.instagram.com\/hakmarfrancesupermarche\/"]}]}},"_links":{"self":[{"href":"https:\/\/hakmarfrance.online\/tr\/wp-json\/wp\/v2\/product\/18059","targetHints":{"allow":["GET"]}}],"collection":[{"href":"https:\/\/hakmarfrance.online\/tr\/wp-json\/wp\/v2\/product"}],"about":[{"href":"https:\/\/hakmarfrance.online\/tr\/wp-json\/wp\/v2\/types\/product"}],"replies":[{"embeddable":true,"href":"https:\/\/hakmarfrance.online\/tr\/wp-json\/wp\/v2\/comments?post=18059"}],"version-history":[{"count":0,"href":"https:\/\/hakmarfrance.online\/tr\/wp-json\/wp\/v2\/product\/18059\/revisions"}],"wp:featuredmedia":[{"embeddable":true,"href":"https:\/\/hakmarfrance.online\/tr\/wp-json\/wp\/v2\/media\/18060"}],"wp:attachment":[{"href":"https:\/\/hakmarfrance.online\/tr\/wp-json\/wp\/v2\/media?parent=18059"}],"wp:term":[{"taxonomy":"product_brand","embeddable":true,"href":"https:\/\/hakmarfrance.online\/tr\/wp-json\/wp\/v2\/product_brand?post=18059"},{"taxonomy":"product_cat","embeddable":true,"href":"https:\/\/hakmarfrance.online\/tr\/wp-json\/wp\/v2\/product_cat?post=18059"},{"taxonomy":"product_tag","embeddable":true,"href":"https:\/\/hakmarfrance.online\/tr\/wp-json\/wp\/v2\/product_tag?post=18059"}],"curies":[{"name":"wp","href":"https:\/\/api.w.org\/{rel}","templated":true}]}}