{"id":18061,"date":"2025-07-09T07:05:57","date_gmt":"2025-07-09T07:05:57","guid":{"rendered":"https:\/\/hakmarfrance.online\/produit\/freez-mix-nar-gazli-icecek-275-ml\/"},"modified":"2025-07-09T07:05:57","modified_gmt":"2025-07-09T07:05:57","slug":"freez-mix-nar-gazli-icecek-275-ml","status":"publish","type":"product","link":"https:\/\/hakmarfrance.online\/tr\/produit\/freez-mix-nar-gazli-icecek-275-ml\/","title":{"rendered":"Freez Mix Nar \u2013 Gazl\u0131 \u0130\u00e7ecek \u2013 275 ml"},"content":{"rendered":"","protected":false},"excerpt":{"rendered":"<p data-start=\"345\" data-end=\"546\">Nar\u0131n yo\u011fun ferahl\u0131\u011f\u0131n\u0131 <strong data-start=\"397\" data-end=\"422\">Freez Mix Nar<\/strong> ile yeniden ke\u015ffet; do\u011fal olarak renklendirilmi\u015f bir <strong data-start=\"428\" data-end=\"459\">alkols\u00fcz gazl\u0131 i\u00e7ecek<\/strong>, keyif ve stil anlar\u0131na e\u015flik etmek i\u00e7in m\u00fckemmel.<\/p>\n<p data-start=\"548\" data-end=\"785\">\u2714\ufe0f Meyvemsi nar tad\u0131, hafif ek\u015fi<br data-start=\"597\" data-end=\"600\">\u2714\ufe0f Alkols\u00fcz \u2013 herkes i\u00e7in uygun<br data-start=\"631\" data-end=\"634\">\u2714\ufe0f Do\u011fal renklendirme \u2013 yapay katk\u0131 maddesi i\u00e7ermez<br data-start=\"685\" data-end=\"688\">\u2714\ufe0f E\u011flenceli ve modern tasar\u0131m \u2013 275 ml cam \u015fi\u015fe<br data-start=\"730\" data-end=\"733\">\u2714\ufe0f En iyi lezzet i\u00e7in iyice so\u011fuk t\u00fcket<\/p>\n<p data-start=\"787\" data-end=\"888\">Cesur bir g\u00f6r\u00fcn\u00fcm, net bir tat \u2013 <strong data-start=\"824\" data-end=\"845\">Freez Mix Nar<\/strong>, her yudumda meyveli enerji!<\/p>\n","protected":false},"featured_media":18062,"comment_status":"open","ping_status":"closed","template":"","meta":{"iawp_total_views":0},"product_brand":[200],"product_cat":[228,229,225],"product_tag":[],"class_list":{"0":"post-18061","1":"product","2":"type-product","3":"status-publish","4":"has-post-thumbnail","6":"product_brand-freez","7":"product_cat-icecekler","8":"product_cat-soguk-icecek","9":"product_cat-tum-urunlerimiz","11":"first","12":"instock","13":"shipping-taxable","14":"purchasable","15":"product-type-simple"},"yoast_head":"<!-- This site is optimized with the Yoast SEO plugin v27.3 - https:\/\/yoast.com\/product\/yoast-seo-wordpress\/ -->\n<title>Freez Mix Nar \u2013 Gazl\u0131 \u0130\u00e7ecek \u2013 275 ml - hakmarfrance.online<\/title>\n<meta name=\"robots\" content=\"index, follow, max-snippet:-1, max-image-preview:large, max-video-preview:-1\" \/>\n<link rel=\"canonical\" href=\"https:\/\/hakmarfrance.online\/tr\/produit\/freez-mix-nar-gazli-icecek-275-ml\/\" \/>\n<meta property=\"og:locale\" content=\"tr_TR\" \/>\n<meta property=\"og:type\" content=\"article\" \/>\n<meta property=\"og:title\" content=\"Freez Mix Nar \u2013 Gazl\u0131 \u0130\u00e7ecek \u2013 275 ml - hakmarfrance.online\" \/>\n<meta property=\"og:description\" content=\"Nar\u0131n yo\u011fun ferahl\u0131\u011f\u0131n\u0131 Freez Mix Nar ile yeniden ke\u015ffet; do\u011fal olarak renklendirilmi\u015f bir alkols\u00fcz gazl\u0131 i\u00e7ecek, keyif ve stil anlar\u0131na e\u015flik etmek i\u00e7in m\u00fckemmel. \u2714\ufe0f Meyvemsi nar tad\u0131, hafif ek\u015fi\u2714\ufe0f Alkols\u00fcz \u2013 herkes i\u00e7in uygun\u2714\ufe0f Do\u011fal renklendirme \u2013 yapay katk\u0131 maddesi i\u00e7ermez\u2714\ufe0f E\u011flenceli ve modern tasar\u0131m \u2013 275 ml cam \u015fi\u015fe\u2714\ufe0f En iyi lezzet i\u00e7in iyice so\u011fuk t\u00fcket Cesur bir g\u00f6r\u00fcn\u00fcm, net bir tat \u2013 Freez Mix Nar, her yudumda meyveli enerji!\" \/>\n<meta property=\"og:url\" content=\"https:\/\/hakmarfrance.online\/tr\/produit\/freez-mix-nar-gazli-icecek-275-ml\/\" \/>\n<meta property=\"og:site_name\" content=\"hakmarfrance.online\" \/>\n<meta property=\"article:publisher\" content=\"https:\/\/www.facebook.com\/HakmarFranceSupermarche\/?locale=fr_FR\" \/>\n<meta property=\"og:image\" content=\"https:\/\/hakmarfrance.online\/wp-content\/uploads\/2025\/07\/freez-mix-grenade-boisson-gazeuse-275ml.avif\" \/>\n\t<meta property=\"og:image:width\" content=\"1000\" \/>\n\t<meta property=\"og:image:height\" content=\"800\" \/>\n\t<meta property=\"og:image:type\" content=\"image\/png\" \/>\n<meta name=\"twitter:card\" content=\"summary_large_image\" \/>\n<script type=\"application\/ld+json\" class=\"yoast-schema-graph\">{\"@context\":\"https:\\\/\\\/schema.org\",\"@graph\":[{\"@type\":\"WebPage\",\"@id\":\"https:\\\/\\\/hakmarfrance.online\\\/tr\\\/produit\\\/freez-mix-nar-gazli-icecek-275-ml\\\/\",\"url\":\"https:\\\/\\\/hakmarfrance.online\\\/tr\\\/produit\\\/freez-mix-nar-gazli-icecek-275-ml\\\/\",\"name\":\"Freez Mix Nar \u2013 Gazl\u0131 \u0130\u00e7ecek \u2013 275 ml - hakmarfrance.online\",\"isPartOf\":{\"@id\":\"https:\\\/\\\/hakmarfrance.online\\\/tr\\\/#website\"},\"primaryImageOfPage\":{\"@id\":\"https:\\\/\\\/hakmarfrance.online\\\/tr\\\/produit\\\/freez-mix-nar-gazli-icecek-275-ml\\\/#primaryimage\"},\"image\":{\"@id\":\"https:\\\/\\\/hakmarfrance.online\\\/tr\\\/produit\\\/freez-mix-nar-gazli-icecek-275-ml\\\/#primaryimage\"},\"thumbnailUrl\":\"https:\\\/\\\/hakmarfrance.online\\\/wp-content\\\/uploads\\\/2025\\\/07\\\/freez-mix-grenade-boisson-gazeuse-275ml.avif\",\"datePublished\":\"2025-07-09T07:05:57+00:00\",\"breadcrumb\":{\"@id\":\"https:\\\/\\\/hakmarfrance.online\\\/tr\\\/produit\\\/freez-mix-nar-gazli-icecek-275-ml\\\/#breadcrumb\"},\"inLanguage\":\"tr-TR\",\"potentialAction\":[{\"@type\":\"ReadAction\",\"target\":[\"https:\\\/\\\/hakmarfrance.online\\\/tr\\\/produit\\\/freez-mix-nar-gazli-icecek-275-ml\\\/\"]}]},{\"@type\":\"ImageObject\",\"inLanguage\":\"tr-TR\",\"@id\":\"https:\\\/\\\/hakmarfrance.online\\\/tr\\\/produit\\\/freez-mix-nar-gazli-icecek-275-ml\\\/#primaryimage\",\"url\":\"https:\\\/\\\/hakmarfrance.online\\\/wp-content\\\/uploads\\\/2025\\\/07\\\/freez-mix-grenade-boisson-gazeuse-275ml.avif\",\"contentUrl\":\"https:\\\/\\\/hakmarfrance.online\\\/wp-content\\\/uploads\\\/2025\\\/07\\\/freez-mix-grenade-boisson-gazeuse-275ml.avif\",\"width\":1000,\"height\":800,\"caption\":\"Freez Mix Nar \u2013 275 ml, yo\u011fun nar tad\u0131na sahip alkols\u00fcz gazl\u0131 i\u00e7ecek\"},{\"@type\":\"BreadcrumbList\",\"@id\":\"https:\\\/\\\/hakmarfrance.online\\\/tr\\\/produit\\\/freez-mix-nar-gazli-icecek-275-ml\\\/#breadcrumb\",\"itemListElement\":[{\"@type\":\"ListItem\",\"position\":1,\"name\":\"Accueil\",\"item\":\"https:\\\/\\\/hakmarfrance.online\\\/tr\\\/\"},{\"@type\":\"ListItem\",\"position\":2,\"name\":\"Ma\u011faza\",\"item\":\"https:\\\/\\\/hakmarfrance.online\\\/tr\\\/magaza\\\/\"},{\"@type\":\"ListItem\",\"position\":3,\"name\":\"Freez Mix Nar \u2013 Gazl\u0131 \u0130\u00e7ecek \u2013 275 ml\"}]},{\"@type\":\"WebSite\",\"@id\":\"https:\\\/\\\/hakmarfrance.online\\\/tr\\\/#website\",\"url\":\"https:\\\/\\\/hakmarfrance.online\\\/tr\\\/\",\"name\":\"hakmarfrance.online\",\"description\":\"\",\"publisher\":{\"@id\":\"https:\\\/\\\/hakmarfrance.online\\\/tr\\\/#organization\"},\"potentialAction\":[{\"@type\":\"SearchAction\",\"target\":{\"@type\":\"EntryPoint\",\"urlTemplate\":\"https:\\\/\\\/hakmarfrance.online\\\/tr\\\/?s={search_term_string}\"},\"query-input\":{\"@type\":\"PropertyValueSpecification\",\"valueRequired\":true,\"valueName\":\"search_term_string\"}}],\"inLanguage\":\"tr-TR\"},{\"@type\":\"Organization\",\"@id\":\"https:\\\/\\\/hakmarfrance.online\\\/tr\\\/#organization\",\"name\":\"hakmarfrance.online\",\"url\":\"https:\\\/\\\/hakmarfrance.online\\\/tr\\\/\",\"logo\":{\"@type\":\"ImageObject\",\"inLanguage\":\"tr-TR\",\"@id\":\"https:\\\/\\\/hakmarfrance.online\\\/tr\\\/#\\\/schema\\\/logo\\\/image\\\/\",\"url\":\"https:\\\/\\\/hakmarfrance.online\\\/wp-content\\\/uploads\\\/2025\\\/06\\\/logo-hakmarfrance.png\",\"contentUrl\":\"https:\\\/\\\/hakmarfrance.online\\\/wp-content\\\/uploads\\\/2025\\\/06\\\/logo-hakmarfrance.png\",\"width\":528,\"height\":232,\"caption\":\"hakmarfrance.online\"},\"image\":{\"@id\":\"https:\\\/\\\/hakmarfrance.online\\\/tr\\\/#\\\/schema\\\/logo\\\/image\\\/\"},\"sameAs\":[\"https:\\\/\\\/www.facebook.com\\\/HakmarFranceSupermarche\\\/?locale=fr_FR\",\"https:\\\/\\\/www.instagram.com\\\/hakmarfrancesupermarche\\\/\"]}]}<\/script>\n<!-- \/ Yoast SEO plugin. -->","yoast_head_json":{"title":"Freez Mix Nar \u2013 Gazl\u0131 \u0130\u00e7ecek \u2013 275 ml - hakmarfrance.online","robots":{"index":"index","follow":"follow","max-snippet":"max-snippet:-1","max-image-preview":"max-image-preview:large","max-video-preview":"max-video-preview:-1"},"canonical":"https:\/\/hakmarfrance.online\/tr\/produit\/freez-mix-nar-gazli-icecek-275-ml\/","og_locale":"tr_TR","og_type":"article","og_title":"Freez Mix Nar \u2013 Gazl\u0131 \u0130\u00e7ecek \u2013 275 ml - hakmarfrance.online","og_description":"Nar\u0131n yo\u011fun ferahl\u0131\u011f\u0131n\u0131 Freez Mix Nar ile yeniden ke\u015ffet; do\u011fal olarak renklendirilmi\u015f bir alkols\u00fcz gazl\u0131 i\u00e7ecek, keyif ve stil anlar\u0131na e\u015flik etmek i\u00e7in m\u00fckemmel. \u2714\ufe0f Meyvemsi nar tad\u0131, hafif ek\u015fi\u2714\ufe0f Alkols\u00fcz \u2013 herkes i\u00e7in uygun\u2714\ufe0f Do\u011fal renklendirme \u2013 yapay katk\u0131 maddesi i\u00e7ermez\u2714\ufe0f E\u011flenceli ve modern tasar\u0131m \u2013 275 ml cam \u015fi\u015fe\u2714\ufe0f En iyi lezzet i\u00e7in iyice so\u011fuk t\u00fcket Cesur bir g\u00f6r\u00fcn\u00fcm, net bir tat \u2013 Freez Mix Nar, her yudumda meyveli enerji!","og_url":"https:\/\/hakmarfrance.online\/tr\/produit\/freez-mix-nar-gazli-icecek-275-ml\/","og_site_name":"hakmarfrance.online","article_publisher":"https:\/\/www.facebook.com\/HakmarFranceSupermarche\/?locale=fr_FR","og_image":[{"width":1000,"height":800,"url":"https:\/\/hakmarfrance.online\/wp-content\/uploads\/2025\/07\/freez-mix-grenade-boisson-gazeuse-275ml.avif","type":"image\/png"}],"twitter_card":"summary_large_image","schema":{"@context":"https:\/\/schema.org","@graph":[{"@type":"WebPage","@id":"https:\/\/hakmarfrance.online\/tr\/produit\/freez-mix-nar-gazli-icecek-275-ml\/","url":"https:\/\/hakmarfrance.online\/tr\/produit\/freez-mix-nar-gazli-icecek-275-ml\/","name":"Freez Mix Nar \u2013 Gazl\u0131 \u0130\u00e7ecek \u2013 275 ml - hakmarfrance.online","isPartOf":{"@id":"https:\/\/hakmarfrance.online\/tr\/#website"},"primaryImageOfPage":{"@id":"https:\/\/hakmarfrance.online\/tr\/produit\/freez-mix-nar-gazli-icecek-275-ml\/#primaryimage"},"image":{"@id":"https:\/\/hakmarfrance.online\/tr\/produit\/freez-mix-nar-gazli-icecek-275-ml\/#primaryimage"},"thumbnailUrl":"https:\/\/hakmarfrance.online\/wp-content\/uploads\/2025\/07\/freez-mix-grenade-boisson-gazeuse-275ml.avif","datePublished":"2025-07-09T07:05:57+00:00","breadcrumb":{"@id":"https:\/\/hakmarfrance.online\/tr\/produit\/freez-mix-nar-gazli-icecek-275-ml\/#breadcrumb"},"inLanguage":"tr-TR","potentialAction":[{"@type":"ReadAction","target":["https:\/\/hakmarfrance.online\/tr\/produit\/freez-mix-nar-gazli-icecek-275-ml\/"]}]},{"@type":"ImageObject","inLanguage":"tr-TR","@id":"https:\/\/hakmarfrance.online\/tr\/produit\/freez-mix-nar-gazli-icecek-275-ml\/#primaryimage","url":"https:\/\/hakmarfrance.online\/wp-content\/uploads\/2025\/07\/freez-mix-grenade-boisson-gazeuse-275ml.avif","contentUrl":"https:\/\/hakmarfrance.online\/wp-content\/uploads\/2025\/07\/freez-mix-grenade-boisson-gazeuse-275ml.avif","width":1000,"height":800,"caption":"Freez Mix Nar \u2013 275 ml, yo\u011fun nar tad\u0131na sahip alkols\u00fcz gazl\u0131 i\u00e7ecek"},{"@type":"BreadcrumbList","@id":"https:\/\/hakmarfrance.online\/tr\/produit\/freez-mix-nar-gazli-icecek-275-ml\/#breadcrumb","itemListElement":[{"@type":"ListItem","position":1,"name":"Accueil","item":"https:\/\/hakmarfrance.online\/tr\/"},{"@type":"ListItem","position":2,"name":"Ma\u011faza","item":"https:\/\/hakmarfrance.online\/tr\/magaza\/"},{"@type":"ListItem","position":3,"name":"Freez Mix Nar \u2013 Gazl\u0131 \u0130\u00e7ecek \u2013 275 ml"}]},{"@type":"WebSite","@id":"https:\/\/hakmarfrance.online\/tr\/#website","url":"https:\/\/hakmarfrance.online\/tr\/","name":"hakmarfrance.online","description":"","publisher":{"@id":"https:\/\/hakmarfrance.online\/tr\/#organization"},"potentialAction":[{"@type":"SearchAction","target":{"@type":"EntryPoint","urlTemplate":"https:\/\/hakmarfrance.online\/tr\/?s={search_term_string}"},"query-input":{"@type":"PropertyValueSpecification","valueRequired":true,"valueName":"search_term_string"}}],"inLanguage":"tr-TR"},{"@type":"Organization","@id":"https:\/\/hakmarfrance.online\/tr\/#organization","name":"hakmarfrance.online","url":"https:\/\/hakmarfrance.online\/tr\/","logo":{"@type":"ImageObject","inLanguage":"tr-TR","@id":"https:\/\/hakmarfrance.online\/tr\/#\/schema\/logo\/image\/","url":"https:\/\/hakmarfrance.online\/wp-content\/uploads\/2025\/06\/logo-hakmarfrance.png","contentUrl":"https:\/\/hakmarfrance.online\/wp-content\/uploads\/2025\/06\/logo-hakmarfrance.png","width":528,"height":232,"caption":"hakmarfrance.online"},"image":{"@id":"https:\/\/hakmarfrance.online\/tr\/#\/schema\/logo\/image\/"},"sameAs":["https:\/\/www.facebook.com\/HakmarFranceSupermarche\/?locale=fr_FR","https:\/\/www.instagram.com\/hakmarfrancesupermarche\/"]}]}},"_links":{"self":[{"href":"https:\/\/hakmarfrance.online\/tr\/wp-json\/wp\/v2\/product\/18061","targetHints":{"allow":["GET"]}}],"collection":[{"href":"https:\/\/hakmarfrance.online\/tr\/wp-json\/wp\/v2\/product"}],"about":[{"href":"https:\/\/hakmarfrance.online\/tr\/wp-json\/wp\/v2\/types\/product"}],"replies":[{"embeddable":true,"href":"https:\/\/hakmarfrance.online\/tr\/wp-json\/wp\/v2\/comments?post=18061"}],"version-history":[{"count":0,"href":"https:\/\/hakmarfrance.online\/tr\/wp-json\/wp\/v2\/product\/18061\/revisions"}],"wp:featuredmedia":[{"embeddable":true,"href":"https:\/\/hakmarfrance.online\/tr\/wp-json\/wp\/v2\/media\/18062"}],"wp:attachment":[{"href":"https:\/\/hakmarfrance.online\/tr\/wp-json\/wp\/v2\/media?parent=18061"}],"wp:term":[{"taxonomy":"product_brand","embeddable":true,"href":"https:\/\/hakmarfrance.online\/tr\/wp-json\/wp\/v2\/product_brand?post=18061"},{"taxonomy":"product_cat","embeddable":true,"href":"https:\/\/hakmarfrance.online\/tr\/wp-json\/wp\/v2\/product_cat?post=18061"},{"taxonomy":"product_tag","embeddable":true,"href":"https:\/\/hakmarfrance.online\/tr\/wp-json\/wp\/v2\/product_tag?post=18061"}],"curies":[{"name":"wp","href":"https:\/\/api.w.org\/{rel}","templated":true}]}}