{"id":18067,"date":"2025-07-04T20:56:11","date_gmt":"2025-07-04T20:56:11","guid":{"rendered":"https:\/\/hakmarfrance.online\/produit\/ultra-berrak-emici-kagit-havlu-6-rulo-gidaya-guvenli-temas\/"},"modified":"2025-07-04T20:56:11","modified_gmt":"2025-07-04T20:56:11","slug":"ultra-berrak-emici-kagit-havlu-6-rulo-gidaya-guvenli-temas","status":"publish","type":"product","link":"https:\/\/hakmarfrance.online\/tr\/produit\/ultra-berrak-emici-kagit-havlu-6-rulo-gidaya-guvenli-temas\/","title":{"rendered":"Ultra Berrak &#8211; Emici Ka\u011f\u0131t Havlu &#8211; 6 Rulo &#8211; G\u0131daya G\u00fcvenli Temas"},"content":{"rendered":"","protected":false},"excerpt":{"rendered":"<p data-start=\"346\" data-end=\"503\"><strong data-start=\"360\" data-end=\"376\">Ultra Berrak<\/strong> ka\u011f\u0131t havlu, performans ve g\u0131da g\u00fcvenli\u011fini bir araya getirir. %100 sel\u00fclozdan \u00fcretilen bu \u00fcr\u00fcn, mutfakta g\u00fcnl\u00fck kullan\u0131m i\u00e7in idealdir. <\/p>\n<p data-start=\"505\" data-end=\"543\">\u2705 <strong data-start=\"507\" data-end=\"539\">Ana \u00f6zellikler<\/strong>:<\/p>\n<ul data-start=\"544\" data-end=\"779\">\n<li data-start=\"544\" data-end=\"579\">\n<p data-start=\"546\" data-end=\"579\"><strong data-start=\"546\" data-end=\"577\">6 ultra emici rulo<\/strong><\/p>\n<\/li>\n<li data-start=\"580\" data-end=\"642\">\n<p data-start=\"582\" data-end=\"642\"><strong data-start=\"603\" data-end=\"640\">%100 do\u011fal sel\u00fcloz hamurundan<\/strong> \u00fcretilmi\u015ftir<\/p>\n<\/li>\n<li data-start=\"643\" data-end=\"690\">\n<p data-start=\"645\" data-end=\"690\"><strong data-start=\"645\" data-end=\"688\">G\u0131da temas\u0131 i\u00e7in g\u00fcvenlidir<\/strong><\/p>\n<\/li>\n<li data-start=\"691\" data-end=\"743\">\n<p data-start=\"693\" data-end=\"743\"><strong data-start=\"718\" data-end=\"741\">Maksimum emicilik<\/strong> i\u00e7in dokulu y\u00fczey<\/p>\n<\/li>\n<li data-start=\"744\" data-end=\"779\">\n<p data-start=\"746\" data-end=\"779\">Dayan\u0131kl\u0131 ve ekonomik kullan\u0131m<\/p>\n<\/li>\n<\/ul>\n<p data-start=\"781\" data-end=\"908\">\ud83c\udf7d\ufe0f <strong data-start=\"785\" data-end=\"831\">Mutfak y\u00fczeylerini silmek<\/strong>, g\u0131dalar\u0131 kurulamak veya s\u0131v\u0131lar\u0131 kal\u0131nt\u0131 b\u0131rakmadan h\u0131zl\u0131ca emmek i\u00e7in idealdir.<\/p>\n","protected":false},"featured_media":18068,"comment_status":"open","ping_status":"closed","template":"","meta":{"iawp_total_views":0},"product_brand":[205],"product_cat":[284,225],"product_tag":[],"class_list":{"0":"post-18067","1":"product","2":"type-product","3":"status-publish","4":"has-post-thumbnail","6":"product_brand-berrak","7":"product_cat-hijyen-bakim","8":"product_cat-tum-urunlerimiz","10":"first","11":"instock","12":"shipping-taxable","13":"purchasable","14":"product-type-simple"},"yoast_head":"<!-- This site is optimized with the Yoast SEO plugin v27.3 - https:\/\/yoast.com\/product\/yoast-seo-wordpress\/ -->\n<title>Ultra Berrak - Emici Ka\u011f\u0131t Havlu - 6 Rulo - G\u0131daya G\u00fcvenli Temas - hakmarfrance.online<\/title>\n<meta name=\"robots\" content=\"index, follow, max-snippet:-1, max-image-preview:large, max-video-preview:-1\" \/>\n<link rel=\"canonical\" href=\"https:\/\/hakmarfrance.online\/tr\/produit\/ultra-berrak-emici-kagit-havlu-6-rulo-gidaya-guvenli-temas\/\" \/>\n<meta property=\"og:locale\" content=\"tr_TR\" \/>\n<meta property=\"og:type\" content=\"article\" \/>\n<meta property=\"og:title\" content=\"Ultra Berrak - Emici Ka\u011f\u0131t Havlu - 6 Rulo - G\u0131daya G\u00fcvenli Temas - hakmarfrance.online\" \/>\n<meta property=\"og:description\" content=\"Ultra Berrak ka\u011f\u0131t havlu, performans ve g\u0131da g\u00fcvenli\u011fini bir araya getirir. %100 sel\u00fclozdan \u00fcretilen bu \u00fcr\u00fcn, mutfakta g\u00fcnl\u00fck kullan\u0131m i\u00e7in idealdir. \u2705 Ana \u00f6zellikler:   6 ultra emici rulo   %100 do\u011fal sel\u00fcloz hamurundan \u00fcretilmi\u015ftir   G\u0131da temas\u0131 i\u00e7in g\u00fcvenlidir   Maksimum emicilik i\u00e7in dokulu y\u00fczey   Dayan\u0131kl\u0131 ve ekonomik kullan\u0131m  \ud83c\udf7d\ufe0f Mutfak y\u00fczeylerini silmek, g\u0131dalar\u0131 kurulamak veya s\u0131v\u0131lar\u0131 kal\u0131nt\u0131 b\u0131rakmadan h\u0131zl\u0131ca emmek i\u00e7in idealdir.\" \/>\n<meta property=\"og:url\" content=\"https:\/\/hakmarfrance.online\/tr\/produit\/ultra-berrak-emici-kagit-havlu-6-rulo-gidaya-guvenli-temas\/\" \/>\n<meta property=\"og:site_name\" content=\"hakmarfrance.online\" \/>\n<meta property=\"article:publisher\" content=\"https:\/\/www.facebook.com\/HakmarFranceSupermarche\/?locale=fr_FR\" \/>\n<meta property=\"og:image\" content=\"https:\/\/hakmarfrance.online\/wp-content\/uploads\/2025\/07\/essuie-tout-ultra-berrak-6-rouleaux.avif\" \/>\n\t<meta property=\"og:image:width\" content=\"1000\" \/>\n\t<meta property=\"og:image:height\" content=\"800\" \/>\n\t<meta property=\"og:image:type\" content=\"image\/png\" \/>\n<meta name=\"twitter:card\" content=\"summary_large_image\" \/>\n<script type=\"application\/ld+json\" class=\"yoast-schema-graph\">{\"@context\":\"https:\\\/\\\/schema.org\",\"@graph\":[{\"@type\":\"WebPage\",\"@id\":\"https:\\\/\\\/hakmarfrance.online\\\/tr\\\/produit\\\/ultra-berrak-emici-kagit-havlu-6-rulo-gidaya-guvenli-temas\\\/\",\"url\":\"https:\\\/\\\/hakmarfrance.online\\\/tr\\\/produit\\\/ultra-berrak-emici-kagit-havlu-6-rulo-gidaya-guvenli-temas\\\/\",\"name\":\"Ultra Berrak - Emici Ka\u011f\u0131t Havlu - 6 Rulo - G\u0131daya G\u00fcvenli Temas - hakmarfrance.online\",\"isPartOf\":{\"@id\":\"https:\\\/\\\/hakmarfrance.online\\\/tr\\\/#website\"},\"primaryImageOfPage\":{\"@id\":\"https:\\\/\\\/hakmarfrance.online\\\/tr\\\/produit\\\/ultra-berrak-emici-kagit-havlu-6-rulo-gidaya-guvenli-temas\\\/#primaryimage\"},\"image\":{\"@id\":\"https:\\\/\\\/hakmarfrance.online\\\/tr\\\/produit\\\/ultra-berrak-emici-kagit-havlu-6-rulo-gidaya-guvenli-temas\\\/#primaryimage\"},\"thumbnailUrl\":\"https:\\\/\\\/hakmarfrance.online\\\/wp-content\\\/uploads\\\/2025\\\/07\\\/essuie-tout-ultra-berrak-6-rouleaux.avif\",\"datePublished\":\"2025-07-04T20:56:11+00:00\",\"breadcrumb\":{\"@id\":\"https:\\\/\\\/hakmarfrance.online\\\/tr\\\/produit\\\/ultra-berrak-emici-kagit-havlu-6-rulo-gidaya-guvenli-temas\\\/#breadcrumb\"},\"inLanguage\":\"tr-TR\",\"potentialAction\":[{\"@type\":\"ReadAction\",\"target\":[\"https:\\\/\\\/hakmarfrance.online\\\/tr\\\/produit\\\/ultra-berrak-emici-kagit-havlu-6-rulo-gidaya-guvenli-temas\\\/\"]}]},{\"@type\":\"ImageObject\",\"inLanguage\":\"tr-TR\",\"@id\":\"https:\\\/\\\/hakmarfrance.online\\\/tr\\\/produit\\\/ultra-berrak-emici-kagit-havlu-6-rulo-gidaya-guvenli-temas\\\/#primaryimage\",\"url\":\"https:\\\/\\\/hakmarfrance.online\\\/wp-content\\\/uploads\\\/2025\\\/07\\\/essuie-tout-ultra-berrak-6-rouleaux.avif\",\"contentUrl\":\"https:\\\/\\\/hakmarfrance.online\\\/wp-content\\\/uploads\\\/2025\\\/07\\\/essuie-tout-ultra-berrak-6-rouleaux.avif\",\"width\":1000,\"height\":800,\"caption\":\"Ultra Berrak Ka\u011f\u0131t Havlu - G\u0131da temas\u0131na uygun 6 emici rulo\"},{\"@type\":\"BreadcrumbList\",\"@id\":\"https:\\\/\\\/hakmarfrance.online\\\/tr\\\/produit\\\/ultra-berrak-emici-kagit-havlu-6-rulo-gidaya-guvenli-temas\\\/#breadcrumb\",\"itemListElement\":[{\"@type\":\"ListItem\",\"position\":1,\"name\":\"Accueil\",\"item\":\"https:\\\/\\\/hakmarfrance.online\\\/tr\\\/\"},{\"@type\":\"ListItem\",\"position\":2,\"name\":\"Ma\u011faza\",\"item\":\"https:\\\/\\\/hakmarfrance.online\\\/tr\\\/magaza\\\/\"},{\"@type\":\"ListItem\",\"position\":3,\"name\":\"Ultra Berrak &#8211; Emici Ka\u011f\u0131t Havlu &#8211; 6 Rulo &#8211; G\u0131daya G\u00fcvenli Temas\"}]},{\"@type\":\"WebSite\",\"@id\":\"https:\\\/\\\/hakmarfrance.online\\\/tr\\\/#website\",\"url\":\"https:\\\/\\\/hakmarfrance.online\\\/tr\\\/\",\"name\":\"hakmarfrance.online\",\"description\":\"\",\"publisher\":{\"@id\":\"https:\\\/\\\/hakmarfrance.online\\\/tr\\\/#organization\"},\"potentialAction\":[{\"@type\":\"SearchAction\",\"target\":{\"@type\":\"EntryPoint\",\"urlTemplate\":\"https:\\\/\\\/hakmarfrance.online\\\/tr\\\/?s={search_term_string}\"},\"query-input\":{\"@type\":\"PropertyValueSpecification\",\"valueRequired\":true,\"valueName\":\"search_term_string\"}}],\"inLanguage\":\"tr-TR\"},{\"@type\":\"Organization\",\"@id\":\"https:\\\/\\\/hakmarfrance.online\\\/tr\\\/#organization\",\"name\":\"hakmarfrance.online\",\"url\":\"https:\\\/\\\/hakmarfrance.online\\\/tr\\\/\",\"logo\":{\"@type\":\"ImageObject\",\"inLanguage\":\"tr-TR\",\"@id\":\"https:\\\/\\\/hakmarfrance.online\\\/tr\\\/#\\\/schema\\\/logo\\\/image\\\/\",\"url\":\"https:\\\/\\\/hakmarfrance.online\\\/wp-content\\\/uploads\\\/2025\\\/06\\\/logo-hakmarfrance.png\",\"contentUrl\":\"https:\\\/\\\/hakmarfrance.online\\\/wp-content\\\/uploads\\\/2025\\\/06\\\/logo-hakmarfrance.png\",\"width\":528,\"height\":232,\"caption\":\"hakmarfrance.online\"},\"image\":{\"@id\":\"https:\\\/\\\/hakmarfrance.online\\\/tr\\\/#\\\/schema\\\/logo\\\/image\\\/\"},\"sameAs\":[\"https:\\\/\\\/www.facebook.com\\\/HakmarFranceSupermarche\\\/?locale=fr_FR\",\"https:\\\/\\\/www.instagram.com\\\/hakmarfrancesupermarche\\\/\"]}]}<\/script>\n<!-- \/ Yoast SEO plugin. -->","yoast_head_json":{"title":"Ultra Berrak - Emici Ka\u011f\u0131t Havlu - 6 Rulo - G\u0131daya G\u00fcvenli Temas - hakmarfrance.online","robots":{"index":"index","follow":"follow","max-snippet":"max-snippet:-1","max-image-preview":"max-image-preview:large","max-video-preview":"max-video-preview:-1"},"canonical":"https:\/\/hakmarfrance.online\/tr\/produit\/ultra-berrak-emici-kagit-havlu-6-rulo-gidaya-guvenli-temas\/","og_locale":"tr_TR","og_type":"article","og_title":"Ultra Berrak - Emici Ka\u011f\u0131t Havlu - 6 Rulo - G\u0131daya G\u00fcvenli Temas - hakmarfrance.online","og_description":"Ultra Berrak ka\u011f\u0131t havlu, performans ve g\u0131da g\u00fcvenli\u011fini bir araya getirir. %100 sel\u00fclozdan \u00fcretilen bu \u00fcr\u00fcn, mutfakta g\u00fcnl\u00fck kullan\u0131m i\u00e7in idealdir. \u2705 Ana \u00f6zellikler:   6 ultra emici rulo   %100 do\u011fal sel\u00fcloz hamurundan \u00fcretilmi\u015ftir   G\u0131da temas\u0131 i\u00e7in g\u00fcvenlidir   Maksimum emicilik i\u00e7in dokulu y\u00fczey   Dayan\u0131kl\u0131 ve ekonomik kullan\u0131m  \ud83c\udf7d\ufe0f Mutfak y\u00fczeylerini silmek, g\u0131dalar\u0131 kurulamak veya s\u0131v\u0131lar\u0131 kal\u0131nt\u0131 b\u0131rakmadan h\u0131zl\u0131ca emmek i\u00e7in idealdir.","og_url":"https:\/\/hakmarfrance.online\/tr\/produit\/ultra-berrak-emici-kagit-havlu-6-rulo-gidaya-guvenli-temas\/","og_site_name":"hakmarfrance.online","article_publisher":"https:\/\/www.facebook.com\/HakmarFranceSupermarche\/?locale=fr_FR","og_image":[{"width":1000,"height":800,"url":"https:\/\/hakmarfrance.online\/wp-content\/uploads\/2025\/07\/essuie-tout-ultra-berrak-6-rouleaux.avif","type":"image\/png"}],"twitter_card":"summary_large_image","schema":{"@context":"https:\/\/schema.org","@graph":[{"@type":"WebPage","@id":"https:\/\/hakmarfrance.online\/tr\/produit\/ultra-berrak-emici-kagit-havlu-6-rulo-gidaya-guvenli-temas\/","url":"https:\/\/hakmarfrance.online\/tr\/produit\/ultra-berrak-emici-kagit-havlu-6-rulo-gidaya-guvenli-temas\/","name":"Ultra Berrak - Emici Ka\u011f\u0131t Havlu - 6 Rulo - G\u0131daya G\u00fcvenli Temas - hakmarfrance.online","isPartOf":{"@id":"https:\/\/hakmarfrance.online\/tr\/#website"},"primaryImageOfPage":{"@id":"https:\/\/hakmarfrance.online\/tr\/produit\/ultra-berrak-emici-kagit-havlu-6-rulo-gidaya-guvenli-temas\/#primaryimage"},"image":{"@id":"https:\/\/hakmarfrance.online\/tr\/produit\/ultra-berrak-emici-kagit-havlu-6-rulo-gidaya-guvenli-temas\/#primaryimage"},"thumbnailUrl":"https:\/\/hakmarfrance.online\/wp-content\/uploads\/2025\/07\/essuie-tout-ultra-berrak-6-rouleaux.avif","datePublished":"2025-07-04T20:56:11+00:00","breadcrumb":{"@id":"https:\/\/hakmarfrance.online\/tr\/produit\/ultra-berrak-emici-kagit-havlu-6-rulo-gidaya-guvenli-temas\/#breadcrumb"},"inLanguage":"tr-TR","potentialAction":[{"@type":"ReadAction","target":["https:\/\/hakmarfrance.online\/tr\/produit\/ultra-berrak-emici-kagit-havlu-6-rulo-gidaya-guvenli-temas\/"]}]},{"@type":"ImageObject","inLanguage":"tr-TR","@id":"https:\/\/hakmarfrance.online\/tr\/produit\/ultra-berrak-emici-kagit-havlu-6-rulo-gidaya-guvenli-temas\/#primaryimage","url":"https:\/\/hakmarfrance.online\/wp-content\/uploads\/2025\/07\/essuie-tout-ultra-berrak-6-rouleaux.avif","contentUrl":"https:\/\/hakmarfrance.online\/wp-content\/uploads\/2025\/07\/essuie-tout-ultra-berrak-6-rouleaux.avif","width":1000,"height":800,"caption":"Ultra Berrak Ka\u011f\u0131t Havlu - G\u0131da temas\u0131na uygun 6 emici rulo"},{"@type":"BreadcrumbList","@id":"https:\/\/hakmarfrance.online\/tr\/produit\/ultra-berrak-emici-kagit-havlu-6-rulo-gidaya-guvenli-temas\/#breadcrumb","itemListElement":[{"@type":"ListItem","position":1,"name":"Accueil","item":"https:\/\/hakmarfrance.online\/tr\/"},{"@type":"ListItem","position":2,"name":"Ma\u011faza","item":"https:\/\/hakmarfrance.online\/tr\/magaza\/"},{"@type":"ListItem","position":3,"name":"Ultra Berrak &#8211; Emici Ka\u011f\u0131t Havlu &#8211; 6 Rulo &#8211; G\u0131daya G\u00fcvenli Temas"}]},{"@type":"WebSite","@id":"https:\/\/hakmarfrance.online\/tr\/#website","url":"https:\/\/hakmarfrance.online\/tr\/","name":"hakmarfrance.online","description":"","publisher":{"@id":"https:\/\/hakmarfrance.online\/tr\/#organization"},"potentialAction":[{"@type":"SearchAction","target":{"@type":"EntryPoint","urlTemplate":"https:\/\/hakmarfrance.online\/tr\/?s={search_term_string}"},"query-input":{"@type":"PropertyValueSpecification","valueRequired":true,"valueName":"search_term_string"}}],"inLanguage":"tr-TR"},{"@type":"Organization","@id":"https:\/\/hakmarfrance.online\/tr\/#organization","name":"hakmarfrance.online","url":"https:\/\/hakmarfrance.online\/tr\/","logo":{"@type":"ImageObject","inLanguage":"tr-TR","@id":"https:\/\/hakmarfrance.online\/tr\/#\/schema\/logo\/image\/","url":"https:\/\/hakmarfrance.online\/wp-content\/uploads\/2025\/06\/logo-hakmarfrance.png","contentUrl":"https:\/\/hakmarfrance.online\/wp-content\/uploads\/2025\/06\/logo-hakmarfrance.png","width":528,"height":232,"caption":"hakmarfrance.online"},"image":{"@id":"https:\/\/hakmarfrance.online\/tr\/#\/schema\/logo\/image\/"},"sameAs":["https:\/\/www.facebook.com\/HakmarFranceSupermarche\/?locale=fr_FR","https:\/\/www.instagram.com\/hakmarfrancesupermarche\/"]}]}},"_links":{"self":[{"href":"https:\/\/hakmarfrance.online\/tr\/wp-json\/wp\/v2\/product\/18067","targetHints":{"allow":["GET"]}}],"collection":[{"href":"https:\/\/hakmarfrance.online\/tr\/wp-json\/wp\/v2\/product"}],"about":[{"href":"https:\/\/hakmarfrance.online\/tr\/wp-json\/wp\/v2\/types\/product"}],"replies":[{"embeddable":true,"href":"https:\/\/hakmarfrance.online\/tr\/wp-json\/wp\/v2\/comments?post=18067"}],"version-history":[{"count":0,"href":"https:\/\/hakmarfrance.online\/tr\/wp-json\/wp\/v2\/product\/18067\/revisions"}],"wp:featuredmedia":[{"embeddable":true,"href":"https:\/\/hakmarfrance.online\/tr\/wp-json\/wp\/v2\/media\/18068"}],"wp:attachment":[{"href":"https:\/\/hakmarfrance.online\/tr\/wp-json\/wp\/v2\/media?parent=18067"}],"wp:term":[{"taxonomy":"product_brand","embeddable":true,"href":"https:\/\/hakmarfrance.online\/tr\/wp-json\/wp\/v2\/product_brand?post=18067"},{"taxonomy":"product_cat","embeddable":true,"href":"https:\/\/hakmarfrance.online\/tr\/wp-json\/wp\/v2\/product_cat?post=18067"},{"taxonomy":"product_tag","embeddable":true,"href":"https:\/\/hakmarfrance.online\/tr\/wp-json\/wp\/v2\/product_tag?post=18067"}],"curies":[{"name":"wp","href":"https:\/\/api.w.org\/{rel}","templated":true}]}}