{"id":18069,"date":"2025-07-09T08:05:38","date_gmt":"2025-07-09T08:05:38","guid":{"rendered":"https:\/\/hakmarfrance.online\/produit\/gazi-yumusak-yumusak-ve-kremsi-turk-beyaz-peyniri\/"},"modified":"2025-07-09T08:05:38","modified_gmt":"2025-07-09T08:05:38","slug":"gazi-yumusak-yumusak-ve-kremsi-turk-beyaz-peyniri","status":"publish","type":"product","link":"https:\/\/hakmarfrance.online\/tr\/produit\/gazi-yumusak-yumusak-ve-kremsi-turk-beyaz-peyniri\/","title":{"rendered":"GAZ\u0130 Yumu\u015fak &#8211; Yumu\u015fak ve Kremsi T\u00fcrk Beyaz Peyniri"},"content":{"rendered":"<p data-start=\"241\" data-end=\"676\">Yumu\u015fak ve kremsi lezzetlerin sevenleri i\u00e7in vazge\u00e7ilmez bir referans olan <strong data-start=\"313\" data-end=\"348\">GAZ\u0130 Yumu\u015fak beyaz peyniri<\/strong>ni ke\u015ffedin. Kaliteli s\u00fctten \u00fcretilen bu peynir, kahvalt\u0131lar\u0131n\u0131za, salatalar\u0131n\u0131za veya s\u0131cak yemeklerinize e\u015flik etmek i\u00e7in m\u00fckemmel olan benzersiz kremsi bir doku sunmak \u00fczere s\u00fcz\u00fclm\u00fc\u015ft\u00fcr. Hafif tad\u0131 ve e\u015fsiz yumu\u015fakl\u0131\u011f\u0131 onu g\u00fcnl\u00fck ya\u015fam\u0131n vazge\u00e7ilmezi yapar.  <\/p>\n<p data-start=\"678\" data-end=\"714\">\u2705 <strong data-start=\"680\" data-end=\"712\">Ana \u00f6zellikler<\/strong>:<\/p>\n<ul data-start=\"716\" data-end=\"950\">\n<li data-start=\"716\" data-end=\"772\">\n<p data-start=\"718\" data-end=\"772\">Yumu\u015fak T\u00fcrk beyaz peyniri (Yumu\u015fak S\u00fczme Beyaz Peynir)<\/p>\n<\/li>\n<li data-start=\"773\" data-end=\"805\">\n<p data-start=\"775\" data-end=\"805\">Kremsi ve yumu\u015fak doku<\/p>\n<\/li>\n<li data-start=\"806\" data-end=\"837\">\n<p data-start=\"808\" data-end=\"837\">Hava ge\u00e7irmez metal kutu<\/p>\n<\/li>\n<li data-start=\"838\" data-end=\"895\">\n<p data-start=\"840\" data-end=\"895\">Kahvalt\u0131, salata ve b\u00f6rekler i\u00e7in ideal<\/p>\n<\/li>\n<li data-start=\"896\" data-end=\"950\">\n<p data-start=\"898\" data-end=\"950\">D\u00fcnya \u00e7ap\u0131nda tan\u0131nan GAZ\u0130 kalitesi<\/p>\n<\/li>\n<\/ul>\n","protected":false},"excerpt":{"rendered":"<p><strong data-start=\"1343\" data-end=\"1381\">Yumu\u015fak ve kremsi T\u00fcrk beyaz peyniri<\/strong>, GAZ\u0130 Yumu\u015fak geleneksel veya modern yemekleriniz i\u00e7in idealdir. T\u00fcm aile i\u00e7in kremsi doku ve hafif tat. <\/p>\n","protected":false},"featured_media":18070,"comment_status":"open","ping_status":"closed","template":"","meta":{"iawp_total_views":0},"product_brand":[174],"product_cat":[283,287,225,288],"product_tag":[],"class_list":{"0":"post-18069","1":"product","2":"type-product","3":"status-publish","4":"has-post-thumbnail","6":"product_brand-gazi","7":"product_cat-et-balik-sarkuteri","8":"product_cat-taze-urunler-sut-urunleri-mandira","9":"product_cat-tum-urunlerimiz","10":"product_cat-tuzlu-gidalar","12":"first","13":"instock","14":"shipping-taxable","15":"purchasable","16":"product-type-simple"},"yoast_head":"<!-- This site is optimized with the Yoast SEO plugin v27.3 - https:\/\/yoast.com\/product\/yoast-seo-wordpress\/ -->\n<title>GAZ\u0130 Yumu\u015fak - Yumu\u015fak ve Kremsi T\u00fcrk Beyaz Peyniri - hakmarfrance.online<\/title>\n<meta name=\"robots\" content=\"index, follow, max-snippet:-1, max-image-preview:large, max-video-preview:-1\" \/>\n<link rel=\"canonical\" href=\"https:\/\/hakmarfrance.online\/tr\/produit\/gazi-yumusak-yumusak-ve-kremsi-turk-beyaz-peyniri\/\" \/>\n<meta property=\"og:locale\" content=\"tr_TR\" \/>\n<meta property=\"og:type\" content=\"article\" \/>\n<meta property=\"og:title\" content=\"GAZ\u0130 Yumu\u015fak - Yumu\u015fak ve Kremsi T\u00fcrk Beyaz Peyniri - hakmarfrance.online\" \/>\n<meta property=\"og:description\" content=\"Yumu\u015fak ve kremsi T\u00fcrk beyaz peyniri, GAZ\u0130 Yumu\u015fak geleneksel veya modern yemekleriniz i\u00e7in idealdir. T\u00fcm aile i\u00e7in kremsi doku ve hafif tat.\" \/>\n<meta property=\"og:url\" content=\"https:\/\/hakmarfrance.online\/tr\/produit\/gazi-yumusak-yumusak-ve-kremsi-turk-beyaz-peyniri\/\" \/>\n<meta property=\"og:site_name\" content=\"hakmarfrance.online\" \/>\n<meta property=\"article:publisher\" content=\"https:\/\/www.facebook.com\/HakmarFranceSupermarche\/?locale=fr_FR\" \/>\n<meta property=\"og:image\" content=\"https:\/\/hakmarfrance.online\/wp-content\/uploads\/2025\/07\/fromage-blanc-gazi-yumusak-suzme-beyaz-peynir.avif\" \/>\n\t<meta property=\"og:image:width\" content=\"1000\" \/>\n\t<meta property=\"og:image:height\" content=\"800\" \/>\n\t<meta property=\"og:image:type\" content=\"image\/png\" \/>\n<meta name=\"twitter:card\" content=\"summary_large_image\" \/>\n<meta name=\"twitter:label1\" content=\"Tahmini okuma s\u00fcresi\" \/>\n\t<meta name=\"twitter:data1\" content=\"1 minute\" \/>\n<script type=\"application\/ld+json\" class=\"yoast-schema-graph\">{\"@context\":\"https:\\\/\\\/schema.org\",\"@graph\":[{\"@type\":\"WebPage\",\"@id\":\"https:\\\/\\\/hakmarfrance.online\\\/tr\\\/produit\\\/gazi-yumusak-yumusak-ve-kremsi-turk-beyaz-peyniri\\\/\",\"url\":\"https:\\\/\\\/hakmarfrance.online\\\/tr\\\/produit\\\/gazi-yumusak-yumusak-ve-kremsi-turk-beyaz-peyniri\\\/\",\"name\":\"GAZ\u0130 Yumu\u015fak - Yumu\u015fak ve Kremsi T\u00fcrk Beyaz Peyniri - hakmarfrance.online\",\"isPartOf\":{\"@id\":\"https:\\\/\\\/hakmarfrance.online\\\/tr\\\/#website\"},\"primaryImageOfPage\":{\"@id\":\"https:\\\/\\\/hakmarfrance.online\\\/tr\\\/produit\\\/gazi-yumusak-yumusak-ve-kremsi-turk-beyaz-peyniri\\\/#primaryimage\"},\"image\":{\"@id\":\"https:\\\/\\\/hakmarfrance.online\\\/tr\\\/produit\\\/gazi-yumusak-yumusak-ve-kremsi-turk-beyaz-peyniri\\\/#primaryimage\"},\"thumbnailUrl\":\"https:\\\/\\\/hakmarfrance.online\\\/wp-content\\\/uploads\\\/2025\\\/07\\\/fromage-blanc-gazi-yumusak-suzme-beyaz-peynir.avif\",\"datePublished\":\"2025-07-09T08:05:38+00:00\",\"breadcrumb\":{\"@id\":\"https:\\\/\\\/hakmarfrance.online\\\/tr\\\/produit\\\/gazi-yumusak-yumusak-ve-kremsi-turk-beyaz-peyniri\\\/#breadcrumb\"},\"inLanguage\":\"tr-TR\",\"potentialAction\":[{\"@type\":\"ReadAction\",\"target\":[\"https:\\\/\\\/hakmarfrance.online\\\/tr\\\/produit\\\/gazi-yumusak-yumusak-ve-kremsi-turk-beyaz-peyniri\\\/\"]}]},{\"@type\":\"ImageObject\",\"inLanguage\":\"tr-TR\",\"@id\":\"https:\\\/\\\/hakmarfrance.online\\\/tr\\\/produit\\\/gazi-yumusak-yumusak-ve-kremsi-turk-beyaz-peyniri\\\/#primaryimage\",\"url\":\"https:\\\/\\\/hakmarfrance.online\\\/wp-content\\\/uploads\\\/2025\\\/07\\\/fromage-blanc-gazi-yumusak-suzme-beyaz-peynir.avif\",\"contentUrl\":\"https:\\\/\\\/hakmarfrance.online\\\/wp-content\\\/uploads\\\/2025\\\/07\\\/fromage-blanc-gazi-yumusak-suzme-beyaz-peynir.avif\",\"width\":1000,\"height\":800,\"caption\":\"GAZ\u0130 Beyaz Peynir - Kremsi doku, otantik lezzet\"},{\"@type\":\"BreadcrumbList\",\"@id\":\"https:\\\/\\\/hakmarfrance.online\\\/tr\\\/produit\\\/gazi-yumusak-yumusak-ve-kremsi-turk-beyaz-peyniri\\\/#breadcrumb\",\"itemListElement\":[{\"@type\":\"ListItem\",\"position\":1,\"name\":\"Accueil\",\"item\":\"https:\\\/\\\/hakmarfrance.online\\\/tr\\\/\"},{\"@type\":\"ListItem\",\"position\":2,\"name\":\"Ma\u011faza\",\"item\":\"https:\\\/\\\/hakmarfrance.online\\\/tr\\\/magaza\\\/\"},{\"@type\":\"ListItem\",\"position\":3,\"name\":\"GAZ\u0130 Yumu\u015fak &#8211; Yumu\u015fak ve Kremsi T\u00fcrk Beyaz Peyniri\"}]},{\"@type\":\"WebSite\",\"@id\":\"https:\\\/\\\/hakmarfrance.online\\\/tr\\\/#website\",\"url\":\"https:\\\/\\\/hakmarfrance.online\\\/tr\\\/\",\"name\":\"hakmarfrance.online\",\"description\":\"\",\"publisher\":{\"@id\":\"https:\\\/\\\/hakmarfrance.online\\\/tr\\\/#organization\"},\"potentialAction\":[{\"@type\":\"SearchAction\",\"target\":{\"@type\":\"EntryPoint\",\"urlTemplate\":\"https:\\\/\\\/hakmarfrance.online\\\/tr\\\/?s={search_term_string}\"},\"query-input\":{\"@type\":\"PropertyValueSpecification\",\"valueRequired\":true,\"valueName\":\"search_term_string\"}}],\"inLanguage\":\"tr-TR\"},{\"@type\":\"Organization\",\"@id\":\"https:\\\/\\\/hakmarfrance.online\\\/tr\\\/#organization\",\"name\":\"hakmarfrance.online\",\"url\":\"https:\\\/\\\/hakmarfrance.online\\\/tr\\\/\",\"logo\":{\"@type\":\"ImageObject\",\"inLanguage\":\"tr-TR\",\"@id\":\"https:\\\/\\\/hakmarfrance.online\\\/tr\\\/#\\\/schema\\\/logo\\\/image\\\/\",\"url\":\"https:\\\/\\\/hakmarfrance.online\\\/wp-content\\\/uploads\\\/2025\\\/06\\\/logo-hakmarfrance.png\",\"contentUrl\":\"https:\\\/\\\/hakmarfrance.online\\\/wp-content\\\/uploads\\\/2025\\\/06\\\/logo-hakmarfrance.png\",\"width\":528,\"height\":232,\"caption\":\"hakmarfrance.online\"},\"image\":{\"@id\":\"https:\\\/\\\/hakmarfrance.online\\\/tr\\\/#\\\/schema\\\/logo\\\/image\\\/\"},\"sameAs\":[\"https:\\\/\\\/www.facebook.com\\\/HakmarFranceSupermarche\\\/?locale=fr_FR\",\"https:\\\/\\\/www.instagram.com\\\/hakmarfrancesupermarche\\\/\"]}]}<\/script>\n<!-- \/ Yoast SEO plugin. -->","yoast_head_json":{"title":"GAZ\u0130 Yumu\u015fak - Yumu\u015fak ve Kremsi T\u00fcrk Beyaz Peyniri - hakmarfrance.online","robots":{"index":"index","follow":"follow","max-snippet":"max-snippet:-1","max-image-preview":"max-image-preview:large","max-video-preview":"max-video-preview:-1"},"canonical":"https:\/\/hakmarfrance.online\/tr\/produit\/gazi-yumusak-yumusak-ve-kremsi-turk-beyaz-peyniri\/","og_locale":"tr_TR","og_type":"article","og_title":"GAZ\u0130 Yumu\u015fak - Yumu\u015fak ve Kremsi T\u00fcrk Beyaz Peyniri - hakmarfrance.online","og_description":"Yumu\u015fak ve kremsi T\u00fcrk beyaz peyniri, GAZ\u0130 Yumu\u015fak geleneksel veya modern yemekleriniz i\u00e7in idealdir. T\u00fcm aile i\u00e7in kremsi doku ve hafif tat.","og_url":"https:\/\/hakmarfrance.online\/tr\/produit\/gazi-yumusak-yumusak-ve-kremsi-turk-beyaz-peyniri\/","og_site_name":"hakmarfrance.online","article_publisher":"https:\/\/www.facebook.com\/HakmarFranceSupermarche\/?locale=fr_FR","og_image":[{"width":1000,"height":800,"url":"https:\/\/hakmarfrance.online\/wp-content\/uploads\/2025\/07\/fromage-blanc-gazi-yumusak-suzme-beyaz-peynir.avif","type":"image\/png"}],"twitter_card":"summary_large_image","twitter_misc":{"Tahmini okuma s\u00fcresi":"1 minute"},"schema":{"@context":"https:\/\/schema.org","@graph":[{"@type":"WebPage","@id":"https:\/\/hakmarfrance.online\/tr\/produit\/gazi-yumusak-yumusak-ve-kremsi-turk-beyaz-peyniri\/","url":"https:\/\/hakmarfrance.online\/tr\/produit\/gazi-yumusak-yumusak-ve-kremsi-turk-beyaz-peyniri\/","name":"GAZ\u0130 Yumu\u015fak - Yumu\u015fak ve Kremsi T\u00fcrk Beyaz Peyniri - hakmarfrance.online","isPartOf":{"@id":"https:\/\/hakmarfrance.online\/tr\/#website"},"primaryImageOfPage":{"@id":"https:\/\/hakmarfrance.online\/tr\/produit\/gazi-yumusak-yumusak-ve-kremsi-turk-beyaz-peyniri\/#primaryimage"},"image":{"@id":"https:\/\/hakmarfrance.online\/tr\/produit\/gazi-yumusak-yumusak-ve-kremsi-turk-beyaz-peyniri\/#primaryimage"},"thumbnailUrl":"https:\/\/hakmarfrance.online\/wp-content\/uploads\/2025\/07\/fromage-blanc-gazi-yumusak-suzme-beyaz-peynir.avif","datePublished":"2025-07-09T08:05:38+00:00","breadcrumb":{"@id":"https:\/\/hakmarfrance.online\/tr\/produit\/gazi-yumusak-yumusak-ve-kremsi-turk-beyaz-peyniri\/#breadcrumb"},"inLanguage":"tr-TR","potentialAction":[{"@type":"ReadAction","target":["https:\/\/hakmarfrance.online\/tr\/produit\/gazi-yumusak-yumusak-ve-kremsi-turk-beyaz-peyniri\/"]}]},{"@type":"ImageObject","inLanguage":"tr-TR","@id":"https:\/\/hakmarfrance.online\/tr\/produit\/gazi-yumusak-yumusak-ve-kremsi-turk-beyaz-peyniri\/#primaryimage","url":"https:\/\/hakmarfrance.online\/wp-content\/uploads\/2025\/07\/fromage-blanc-gazi-yumusak-suzme-beyaz-peynir.avif","contentUrl":"https:\/\/hakmarfrance.online\/wp-content\/uploads\/2025\/07\/fromage-blanc-gazi-yumusak-suzme-beyaz-peynir.avif","width":1000,"height":800,"caption":"GAZ\u0130 Beyaz Peynir - Kremsi doku, otantik lezzet"},{"@type":"BreadcrumbList","@id":"https:\/\/hakmarfrance.online\/tr\/produit\/gazi-yumusak-yumusak-ve-kremsi-turk-beyaz-peyniri\/#breadcrumb","itemListElement":[{"@type":"ListItem","position":1,"name":"Accueil","item":"https:\/\/hakmarfrance.online\/tr\/"},{"@type":"ListItem","position":2,"name":"Ma\u011faza","item":"https:\/\/hakmarfrance.online\/tr\/magaza\/"},{"@type":"ListItem","position":3,"name":"GAZ\u0130 Yumu\u015fak &#8211; Yumu\u015fak ve Kremsi T\u00fcrk Beyaz Peyniri"}]},{"@type":"WebSite","@id":"https:\/\/hakmarfrance.online\/tr\/#website","url":"https:\/\/hakmarfrance.online\/tr\/","name":"hakmarfrance.online","description":"","publisher":{"@id":"https:\/\/hakmarfrance.online\/tr\/#organization"},"potentialAction":[{"@type":"SearchAction","target":{"@type":"EntryPoint","urlTemplate":"https:\/\/hakmarfrance.online\/tr\/?s={search_term_string}"},"query-input":{"@type":"PropertyValueSpecification","valueRequired":true,"valueName":"search_term_string"}}],"inLanguage":"tr-TR"},{"@type":"Organization","@id":"https:\/\/hakmarfrance.online\/tr\/#organization","name":"hakmarfrance.online","url":"https:\/\/hakmarfrance.online\/tr\/","logo":{"@type":"ImageObject","inLanguage":"tr-TR","@id":"https:\/\/hakmarfrance.online\/tr\/#\/schema\/logo\/image\/","url":"https:\/\/hakmarfrance.online\/wp-content\/uploads\/2025\/06\/logo-hakmarfrance.png","contentUrl":"https:\/\/hakmarfrance.online\/wp-content\/uploads\/2025\/06\/logo-hakmarfrance.png","width":528,"height":232,"caption":"hakmarfrance.online"},"image":{"@id":"https:\/\/hakmarfrance.online\/tr\/#\/schema\/logo\/image\/"},"sameAs":["https:\/\/www.facebook.com\/HakmarFranceSupermarche\/?locale=fr_FR","https:\/\/www.instagram.com\/hakmarfrancesupermarche\/"]}]}},"_links":{"self":[{"href":"https:\/\/hakmarfrance.online\/tr\/wp-json\/wp\/v2\/product\/18069","targetHints":{"allow":["GET"]}}],"collection":[{"href":"https:\/\/hakmarfrance.online\/tr\/wp-json\/wp\/v2\/product"}],"about":[{"href":"https:\/\/hakmarfrance.online\/tr\/wp-json\/wp\/v2\/types\/product"}],"replies":[{"embeddable":true,"href":"https:\/\/hakmarfrance.online\/tr\/wp-json\/wp\/v2\/comments?post=18069"}],"version-history":[{"count":0,"href":"https:\/\/hakmarfrance.online\/tr\/wp-json\/wp\/v2\/product\/18069\/revisions"}],"wp:featuredmedia":[{"embeddable":true,"href":"https:\/\/hakmarfrance.online\/tr\/wp-json\/wp\/v2\/media\/18070"}],"wp:attachment":[{"href":"https:\/\/hakmarfrance.online\/tr\/wp-json\/wp\/v2\/media?parent=18069"}],"wp:term":[{"taxonomy":"product_brand","embeddable":true,"href":"https:\/\/hakmarfrance.online\/tr\/wp-json\/wp\/v2\/product_brand?post=18069"},{"taxonomy":"product_cat","embeddable":true,"href":"https:\/\/hakmarfrance.online\/tr\/wp-json\/wp\/v2\/product_cat?post=18069"},{"taxonomy":"product_tag","embeddable":true,"href":"https:\/\/hakmarfrance.online\/tr\/wp-json\/wp\/v2\/product_tag?post=18069"}],"curies":[{"name":"wp","href":"https:\/\/api.w.org\/{rel}","templated":true}]}}