{"id":18071,"date":"2025-07-09T08:07:40","date_gmt":"2025-07-09T08:07:40","guid":{"rendered":"https:\/\/hakmarfrance.online\/produit\/nefis-koyunuzden-otantik-ciftlik-usulu-turk-yogurdu\/"},"modified":"2025-07-09T08:07:40","modified_gmt":"2025-07-09T08:07:40","slug":"nefis-koyunuzden-otantik-ciftlik-usulu-turk-yogurdu","status":"publish","type":"product","link":"https:\/\/hakmarfrance.online\/tr\/produit\/nefis-koyunuzden-otantik-ciftlik-usulu-turk-yogurdu\/","title":{"rendered":"Nefis K\u00f6y\u00fcn\u00fczden \u2013 Otantik \u00c7iftlik Usul\u00fc T\u00fcrk Yo\u011furdu"},"content":{"rendered":"<p data-start=\"223\" data-end=\"574\">Nefis K\u00f6y\u00fcn\u00fczden ile bir <strong data-start=\"311\" data-end=\"334\">\u00e7iftlik usul\u00fc T\u00fcrk yo\u011furdunun<\/strong> otantikli\u011fini tat. Geleneksel tarifle haz\u0131rlanm\u0131\u015f bu yo\u011fun yo\u011furt, Oriental yemeklerinin yan\u0131nda ya da sade t\u00fcketmek i\u00e7in ideal. Zengin aromas\u0131 ve yumu\u015fak tad\u0131yla sana Anadolu\u2019nun k\u00f6y lezzetlerini hat\u0131rlat\u0131r.  <\/p>\n<p data-start=\"576\" data-end=\"612\">\u2705 <strong data-start=\"578\" data-end=\"610\">Ana \u00f6zellikler<\/strong>:<\/p>\n<ul data-start=\"614\" data-end=\"803\">\n<li data-start=\"614\" data-end=\"636\">\n<p data-start=\"616\" data-end=\"636\">Sade T\u00fcrk yo\u011furdu<\/p>\n<\/li>\n<li data-start=\"637\" data-end=\"668\">\n<p data-start=\"639\" data-end=\"668\">Kal\u0131n ve kremams\u0131 doku<\/p>\n<\/li>\n<li data-start=\"669\" data-end=\"697\">\n<p data-start=\"671\" data-end=\"697\">Yumu\u015fak ve otantik tat<\/p>\n<\/li>\n<li data-start=\"698\" data-end=\"734\">\n<p data-start=\"700\" data-end=\"734\">Aile boyu plastik kap<\/p>\n<\/li>\n<li data-start=\"735\" data-end=\"803\">\n<p data-start=\"737\" data-end=\"803\">Kahvalt\u0131, tuzlu yemekler veya ev yap\u0131m\u0131 soslar i\u00e7in ideal<\/p>\n<\/li>\n<\/ul>\n","protected":false},"excerpt":{"rendered":"<p><strong data-start=\"1205\" data-end=\"1237\">K\u0131vaml\u0131 \u00e7iftlik usul\u00fc T\u00fcrk yo\u011furdu<\/strong> Nefis K\u00f6y\u00fcn\u00fczden, g\u00fcnl\u00fck \u00f6\u011f\u00fcnlerin i\u00e7in do\u011fal ve yumu\u015fak bir lezzet sunar.<\/p>\n","protected":false},"featured_media":18072,"comment_status":"open","ping_status":"closed","template":"","meta":{"iawp_total_views":0},"product_brand":[202],"product_cat":[283,287,225,288],"product_tag":[],"class_list":{"0":"post-18071","1":"product","2":"type-product","3":"status-publish","4":"has-post-thumbnail","6":"product_brand-nefis","7":"product_cat-et-balik-sarkuteri","8":"product_cat-taze-urunler-sut-urunleri-mandira","9":"product_cat-tum-urunlerimiz","10":"product_cat-tuzlu-gidalar","12":"first","13":"instock","14":"shipping-taxable","15":"purchasable","16":"product-type-simple"},"yoast_head":"<!-- This site is optimized with the Yoast SEO plugin v27.3 - https:\/\/yoast.com\/product\/yoast-seo-wordpress\/ -->\n<title>Nefis K\u00f6y\u00fcn\u00fczden \u2013 Otantik \u00c7iftlik Usul\u00fc T\u00fcrk Yo\u011furdu - hakmarfrance.online<\/title>\n<meta name=\"robots\" content=\"index, follow, max-snippet:-1, max-image-preview:large, max-video-preview:-1\" \/>\n<link rel=\"canonical\" href=\"https:\/\/hakmarfrance.online\/tr\/produit\/nefis-koyunuzden-otantik-ciftlik-usulu-turk-yogurdu\/\" \/>\n<meta property=\"og:locale\" content=\"tr_TR\" \/>\n<meta property=\"og:type\" content=\"article\" \/>\n<meta property=\"og:title\" content=\"Nefis K\u00f6y\u00fcn\u00fczden \u2013 Otantik \u00c7iftlik Usul\u00fc T\u00fcrk Yo\u011furdu - hakmarfrance.online\" \/>\n<meta property=\"og:description\" content=\"K\u0131vaml\u0131 \u00e7iftlik usul\u00fc T\u00fcrk yo\u011furdu Nefis K\u00f6y\u00fcn\u00fczden, g\u00fcnl\u00fck \u00f6\u011f\u00fcnlerin i\u00e7in do\u011fal ve yumu\u015fak bir lezzet sunar.\" \/>\n<meta property=\"og:url\" content=\"https:\/\/hakmarfrance.online\/tr\/produit\/nefis-koyunuzden-otantik-ciftlik-usulu-turk-yogurdu\/\" \/>\n<meta property=\"og:site_name\" content=\"hakmarfrance.online\" \/>\n<meta property=\"article:publisher\" content=\"https:\/\/www.facebook.com\/HakmarFranceSupermarche\/?locale=fr_FR\" \/>\n<meta property=\"og:image\" content=\"https:\/\/hakmarfrance.online\/wp-content\/uploads\/2025\/07\/yaourt-nefis-koyunuzden.avif\" \/>\n\t<meta property=\"og:image:width\" content=\"1000\" \/>\n\t<meta property=\"og:image:height\" content=\"800\" \/>\n\t<meta property=\"og:image:type\" content=\"image\/png\" \/>\n<meta name=\"twitter:card\" content=\"summary_large_image\" \/>\n<script type=\"application\/ld+json\" class=\"yoast-schema-graph\">{\"@context\":\"https:\\\/\\\/schema.org\",\"@graph\":[{\"@type\":\"WebPage\",\"@id\":\"https:\\\/\\\/hakmarfrance.online\\\/tr\\\/produit\\\/nefis-koyunuzden-otantik-ciftlik-usulu-turk-yogurdu\\\/\",\"url\":\"https:\\\/\\\/hakmarfrance.online\\\/tr\\\/produit\\\/nefis-koyunuzden-otantik-ciftlik-usulu-turk-yogurdu\\\/\",\"name\":\"Nefis K\u00f6y\u00fcn\u00fczden \u2013 Otantik \u00c7iftlik Usul\u00fc T\u00fcrk Yo\u011furdu - hakmarfrance.online\",\"isPartOf\":{\"@id\":\"https:\\\/\\\/hakmarfrance.online\\\/tr\\\/#website\"},\"primaryImageOfPage\":{\"@id\":\"https:\\\/\\\/hakmarfrance.online\\\/tr\\\/produit\\\/nefis-koyunuzden-otantik-ciftlik-usulu-turk-yogurdu\\\/#primaryimage\"},\"image\":{\"@id\":\"https:\\\/\\\/hakmarfrance.online\\\/tr\\\/produit\\\/nefis-koyunuzden-otantik-ciftlik-usulu-turk-yogurdu\\\/#primaryimage\"},\"thumbnailUrl\":\"https:\\\/\\\/hakmarfrance.online\\\/wp-content\\\/uploads\\\/2025\\\/07\\\/yaourt-nefis-koyunuzden.avif\",\"datePublished\":\"2025-07-09T08:07:40+00:00\",\"breadcrumb\":{\"@id\":\"https:\\\/\\\/hakmarfrance.online\\\/tr\\\/produit\\\/nefis-koyunuzden-otantik-ciftlik-usulu-turk-yogurdu\\\/#breadcrumb\"},\"inLanguage\":\"tr-TR\",\"potentialAction\":[{\"@type\":\"ReadAction\",\"target\":[\"https:\\\/\\\/hakmarfrance.online\\\/tr\\\/produit\\\/nefis-koyunuzden-otantik-ciftlik-usulu-turk-yogurdu\\\/\"]}]},{\"@type\":\"ImageObject\",\"inLanguage\":\"tr-TR\",\"@id\":\"https:\\\/\\\/hakmarfrance.online\\\/tr\\\/produit\\\/nefis-koyunuzden-otantik-ciftlik-usulu-turk-yogurdu\\\/#primaryimage\",\"url\":\"https:\\\/\\\/hakmarfrance.online\\\/wp-content\\\/uploads\\\/2025\\\/07\\\/yaourt-nefis-koyunuzden.avif\",\"contentUrl\":\"https:\\\/\\\/hakmarfrance.online\\\/wp-content\\\/uploads\\\/2025\\\/07\\\/yaourt-nefis-koyunuzden.avif\",\"width\":1000,\"height\":800,\"caption\":\"Geleneksel Nefis T\u00fcrk Yo\u011furdu \u2013 K\u00f6y\u00fcn otantik lezzeti\"},{\"@type\":\"BreadcrumbList\",\"@id\":\"https:\\\/\\\/hakmarfrance.online\\\/tr\\\/produit\\\/nefis-koyunuzden-otantik-ciftlik-usulu-turk-yogurdu\\\/#breadcrumb\",\"itemListElement\":[{\"@type\":\"ListItem\",\"position\":1,\"name\":\"Accueil\",\"item\":\"https:\\\/\\\/hakmarfrance.online\\\/tr\\\/\"},{\"@type\":\"ListItem\",\"position\":2,\"name\":\"Ma\u011faza\",\"item\":\"https:\\\/\\\/hakmarfrance.online\\\/tr\\\/magaza\\\/\"},{\"@type\":\"ListItem\",\"position\":3,\"name\":\"Nefis K\u00f6y\u00fcn\u00fczden \u2013 Otantik \u00c7iftlik Usul\u00fc T\u00fcrk Yo\u011furdu\"}]},{\"@type\":\"WebSite\",\"@id\":\"https:\\\/\\\/hakmarfrance.online\\\/tr\\\/#website\",\"url\":\"https:\\\/\\\/hakmarfrance.online\\\/tr\\\/\",\"name\":\"hakmarfrance.online\",\"description\":\"\",\"publisher\":{\"@id\":\"https:\\\/\\\/hakmarfrance.online\\\/tr\\\/#organization\"},\"potentialAction\":[{\"@type\":\"SearchAction\",\"target\":{\"@type\":\"EntryPoint\",\"urlTemplate\":\"https:\\\/\\\/hakmarfrance.online\\\/tr\\\/?s={search_term_string}\"},\"query-input\":{\"@type\":\"PropertyValueSpecification\",\"valueRequired\":true,\"valueName\":\"search_term_string\"}}],\"inLanguage\":\"tr-TR\"},{\"@type\":\"Organization\",\"@id\":\"https:\\\/\\\/hakmarfrance.online\\\/tr\\\/#organization\",\"name\":\"hakmarfrance.online\",\"url\":\"https:\\\/\\\/hakmarfrance.online\\\/tr\\\/\",\"logo\":{\"@type\":\"ImageObject\",\"inLanguage\":\"tr-TR\",\"@id\":\"https:\\\/\\\/hakmarfrance.online\\\/tr\\\/#\\\/schema\\\/logo\\\/image\\\/\",\"url\":\"https:\\\/\\\/hakmarfrance.online\\\/wp-content\\\/uploads\\\/2025\\\/06\\\/logo-hakmarfrance.png\",\"contentUrl\":\"https:\\\/\\\/hakmarfrance.online\\\/wp-content\\\/uploads\\\/2025\\\/06\\\/logo-hakmarfrance.png\",\"width\":528,\"height\":232,\"caption\":\"hakmarfrance.online\"},\"image\":{\"@id\":\"https:\\\/\\\/hakmarfrance.online\\\/tr\\\/#\\\/schema\\\/logo\\\/image\\\/\"},\"sameAs\":[\"https:\\\/\\\/www.facebook.com\\\/HakmarFranceSupermarche\\\/?locale=fr_FR\",\"https:\\\/\\\/www.instagram.com\\\/hakmarfrancesupermarche\\\/\"]}]}<\/script>\n<!-- \/ Yoast SEO plugin. -->","yoast_head_json":{"title":"Nefis K\u00f6y\u00fcn\u00fczden \u2013 Otantik \u00c7iftlik Usul\u00fc T\u00fcrk Yo\u011furdu - hakmarfrance.online","robots":{"index":"index","follow":"follow","max-snippet":"max-snippet:-1","max-image-preview":"max-image-preview:large","max-video-preview":"max-video-preview:-1"},"canonical":"https:\/\/hakmarfrance.online\/tr\/produit\/nefis-koyunuzden-otantik-ciftlik-usulu-turk-yogurdu\/","og_locale":"tr_TR","og_type":"article","og_title":"Nefis K\u00f6y\u00fcn\u00fczden \u2013 Otantik \u00c7iftlik Usul\u00fc T\u00fcrk Yo\u011furdu - hakmarfrance.online","og_description":"K\u0131vaml\u0131 \u00e7iftlik usul\u00fc T\u00fcrk yo\u011furdu Nefis K\u00f6y\u00fcn\u00fczden, g\u00fcnl\u00fck \u00f6\u011f\u00fcnlerin i\u00e7in do\u011fal ve yumu\u015fak bir lezzet sunar.","og_url":"https:\/\/hakmarfrance.online\/tr\/produit\/nefis-koyunuzden-otantik-ciftlik-usulu-turk-yogurdu\/","og_site_name":"hakmarfrance.online","article_publisher":"https:\/\/www.facebook.com\/HakmarFranceSupermarche\/?locale=fr_FR","og_image":[{"width":1000,"height":800,"url":"https:\/\/hakmarfrance.online\/wp-content\/uploads\/2025\/07\/yaourt-nefis-koyunuzden.avif","type":"image\/png"}],"twitter_card":"summary_large_image","schema":{"@context":"https:\/\/schema.org","@graph":[{"@type":"WebPage","@id":"https:\/\/hakmarfrance.online\/tr\/produit\/nefis-koyunuzden-otantik-ciftlik-usulu-turk-yogurdu\/","url":"https:\/\/hakmarfrance.online\/tr\/produit\/nefis-koyunuzden-otantik-ciftlik-usulu-turk-yogurdu\/","name":"Nefis K\u00f6y\u00fcn\u00fczden \u2013 Otantik \u00c7iftlik Usul\u00fc T\u00fcrk Yo\u011furdu - hakmarfrance.online","isPartOf":{"@id":"https:\/\/hakmarfrance.online\/tr\/#website"},"primaryImageOfPage":{"@id":"https:\/\/hakmarfrance.online\/tr\/produit\/nefis-koyunuzden-otantik-ciftlik-usulu-turk-yogurdu\/#primaryimage"},"image":{"@id":"https:\/\/hakmarfrance.online\/tr\/produit\/nefis-koyunuzden-otantik-ciftlik-usulu-turk-yogurdu\/#primaryimage"},"thumbnailUrl":"https:\/\/hakmarfrance.online\/wp-content\/uploads\/2025\/07\/yaourt-nefis-koyunuzden.avif","datePublished":"2025-07-09T08:07:40+00:00","breadcrumb":{"@id":"https:\/\/hakmarfrance.online\/tr\/produit\/nefis-koyunuzden-otantik-ciftlik-usulu-turk-yogurdu\/#breadcrumb"},"inLanguage":"tr-TR","potentialAction":[{"@type":"ReadAction","target":["https:\/\/hakmarfrance.online\/tr\/produit\/nefis-koyunuzden-otantik-ciftlik-usulu-turk-yogurdu\/"]}]},{"@type":"ImageObject","inLanguage":"tr-TR","@id":"https:\/\/hakmarfrance.online\/tr\/produit\/nefis-koyunuzden-otantik-ciftlik-usulu-turk-yogurdu\/#primaryimage","url":"https:\/\/hakmarfrance.online\/wp-content\/uploads\/2025\/07\/yaourt-nefis-koyunuzden.avif","contentUrl":"https:\/\/hakmarfrance.online\/wp-content\/uploads\/2025\/07\/yaourt-nefis-koyunuzden.avif","width":1000,"height":800,"caption":"Geleneksel Nefis T\u00fcrk Yo\u011furdu \u2013 K\u00f6y\u00fcn otantik lezzeti"},{"@type":"BreadcrumbList","@id":"https:\/\/hakmarfrance.online\/tr\/produit\/nefis-koyunuzden-otantik-ciftlik-usulu-turk-yogurdu\/#breadcrumb","itemListElement":[{"@type":"ListItem","position":1,"name":"Accueil","item":"https:\/\/hakmarfrance.online\/tr\/"},{"@type":"ListItem","position":2,"name":"Ma\u011faza","item":"https:\/\/hakmarfrance.online\/tr\/magaza\/"},{"@type":"ListItem","position":3,"name":"Nefis K\u00f6y\u00fcn\u00fczden \u2013 Otantik \u00c7iftlik Usul\u00fc T\u00fcrk Yo\u011furdu"}]},{"@type":"WebSite","@id":"https:\/\/hakmarfrance.online\/tr\/#website","url":"https:\/\/hakmarfrance.online\/tr\/","name":"hakmarfrance.online","description":"","publisher":{"@id":"https:\/\/hakmarfrance.online\/tr\/#organization"},"potentialAction":[{"@type":"SearchAction","target":{"@type":"EntryPoint","urlTemplate":"https:\/\/hakmarfrance.online\/tr\/?s={search_term_string}"},"query-input":{"@type":"PropertyValueSpecification","valueRequired":true,"valueName":"search_term_string"}}],"inLanguage":"tr-TR"},{"@type":"Organization","@id":"https:\/\/hakmarfrance.online\/tr\/#organization","name":"hakmarfrance.online","url":"https:\/\/hakmarfrance.online\/tr\/","logo":{"@type":"ImageObject","inLanguage":"tr-TR","@id":"https:\/\/hakmarfrance.online\/tr\/#\/schema\/logo\/image\/","url":"https:\/\/hakmarfrance.online\/wp-content\/uploads\/2025\/06\/logo-hakmarfrance.png","contentUrl":"https:\/\/hakmarfrance.online\/wp-content\/uploads\/2025\/06\/logo-hakmarfrance.png","width":528,"height":232,"caption":"hakmarfrance.online"},"image":{"@id":"https:\/\/hakmarfrance.online\/tr\/#\/schema\/logo\/image\/"},"sameAs":["https:\/\/www.facebook.com\/HakmarFranceSupermarche\/?locale=fr_FR","https:\/\/www.instagram.com\/hakmarfrancesupermarche\/"]}]}},"_links":{"self":[{"href":"https:\/\/hakmarfrance.online\/tr\/wp-json\/wp\/v2\/product\/18071","targetHints":{"allow":["GET"]}}],"collection":[{"href":"https:\/\/hakmarfrance.online\/tr\/wp-json\/wp\/v2\/product"}],"about":[{"href":"https:\/\/hakmarfrance.online\/tr\/wp-json\/wp\/v2\/types\/product"}],"replies":[{"embeddable":true,"href":"https:\/\/hakmarfrance.online\/tr\/wp-json\/wp\/v2\/comments?post=18071"}],"version-history":[{"count":0,"href":"https:\/\/hakmarfrance.online\/tr\/wp-json\/wp\/v2\/product\/18071\/revisions"}],"wp:featuredmedia":[{"embeddable":true,"href":"https:\/\/hakmarfrance.online\/tr\/wp-json\/wp\/v2\/media\/18072"}],"wp:attachment":[{"href":"https:\/\/hakmarfrance.online\/tr\/wp-json\/wp\/v2\/media?parent=18071"}],"wp:term":[{"taxonomy":"product_brand","embeddable":true,"href":"https:\/\/hakmarfrance.online\/tr\/wp-json\/wp\/v2\/product_brand?post=18071"},{"taxonomy":"product_cat","embeddable":true,"href":"https:\/\/hakmarfrance.online\/tr\/wp-json\/wp\/v2\/product_cat?post=18071"},{"taxonomy":"product_tag","embeddable":true,"href":"https:\/\/hakmarfrance.online\/tr\/wp-json\/wp\/v2\/product_tag?post=18071"}],"curies":[{"name":"wp","href":"https:\/\/api.w.org\/{rel}","templated":true}]}}