{"id":18080,"date":"2025-06-16T08:28:40","date_gmt":"2025-06-16T08:28:40","guid":{"rendered":"https:\/\/hakmarfrance.online\/produit\/pinar-beyaz-peynir-800-g-%55-salamura-beyaz-peynir\/"},"modified":"2025-06-16T08:28:40","modified_gmt":"2025-06-16T08:28:40","slug":"pinar-beyaz-peynir-800-g-%55-salamura-beyaz-peynir","status":"publish","type":"product","link":"https:\/\/hakmarfrance.online\/tr\/produit\/pinar-beyaz-peynir-800-g-%55-salamura-beyaz-peynir\/","title":{"rendered":"P\u0131nar Beyaz Peynir 800 g &#8211; %55 Salamura Beyaz Peynir"},"content":{"rendered":"","protected":false},"excerpt":{"rendered":"<p>Bu %55 ya\u011fl\u0131 P\u0131nar Kahvalt\u0131 Keyfi T\u00fcrk beyaz peyniri, yumu\u015fakl\u0131\u011f\u0131 ve kremsi dokusuyla m\u00fckemmel bir uyum sa\u011fl\u0131yor. Tazeli\u011fini korumak i\u00e7in salamurada saklan\u0131r ve kahvalt\u0131lar\u0131n\u0131z, garnit\u00fcrleriniz veya Akdeniz salatalar\u0131n\u0131z i\u00e7in idealdir. Aile kullan\u0131m\u0131na uygun 800 g&#8217;l\u0131k pratik ambalaj.  <\/p>\n","protected":false},"featured_media":16545,"comment_status":"open","ping_status":"closed","template":"","meta":{"iawp_total_views":0},"product_brand":[182],"product_cat":[286,283,227,287,225],"product_tag":[],"class_list":{"0":"post-18080","1":"product","2":"type-product","3":"status-publish","4":"has-post-thumbnail","6":"product_brand-pinar","7":"product_cat-dogu-marketi","8":"product_cat-et-balik-sarkuteri","9":"product_cat-geleneksel-turk-urunleri","10":"product_cat-taze-urunler-sut-urunleri-mandira","11":"product_cat-tum-urunlerimiz","13":"first","14":"instock","15":"featured","16":"shipping-taxable","17":"purchasable","18":"product-type-simple"},"yoast_head":"<!-- This site is optimized with the Yoast SEO plugin v27.3 - https:\/\/yoast.com\/product\/yoast-seo-wordpress\/ -->\n<title>P\u0131nar Beyaz Peynir 800 g - %55 Salamura Beyaz Peynir - hakmarfrance.online<\/title>\n<meta name=\"robots\" content=\"index, follow, max-snippet:-1, max-image-preview:large, max-video-preview:-1\" \/>\n<link rel=\"canonical\" href=\"https:\/\/hakmarfrance.online\/tr\/produit\/pinar-beyaz-peynir-800-g-%55-salamura-beyaz-peynir\/\" \/>\n<meta property=\"og:locale\" content=\"tr_TR\" \/>\n<meta property=\"og:type\" content=\"article\" \/>\n<meta property=\"og:title\" content=\"P\u0131nar Beyaz Peynir 800 g - %55 Salamura Beyaz Peynir - hakmarfrance.online\" \/>\n<meta property=\"og:description\" content=\"Bu %55 ya\u011fl\u0131 P\u0131nar Kahvalt\u0131 Keyfi T\u00fcrk beyaz peyniri, yumu\u015fakl\u0131\u011f\u0131 ve kremsi dokusuyla m\u00fckemmel bir uyum sa\u011fl\u0131yor. Tazeli\u011fini korumak i\u00e7in salamurada saklan\u0131r ve kahvalt\u0131lar\u0131n\u0131z, garnit\u00fcrleriniz veya Akdeniz salatalar\u0131n\u0131z i\u00e7in idealdir. Aile kullan\u0131m\u0131na uygun 800 g&#039;l\u0131k pratik ambalaj.\" \/>\n<meta property=\"og:url\" content=\"https:\/\/hakmarfrance.online\/tr\/produit\/pinar-beyaz-peynir-800-g-%55-salamura-beyaz-peynir\/\" \/>\n<meta property=\"og:site_name\" content=\"hakmarfrance.online\" \/>\n<meta property=\"article:publisher\" content=\"https:\/\/www.facebook.com\/HakmarFranceSupermarche\/?locale=fr_FR\" \/>\n<meta property=\"og:image\" content=\"https:\/\/hakmarfrance.online\/wp-content\/uploads\/2025\/06\/fromage-blanc-pinar-800g-beyaz-peynir-saumure-55.png\" \/>\n\t<meta property=\"og:image:width\" content=\"1000\" \/>\n\t<meta property=\"og:image:height\" content=\"800\" \/>\n\t<meta property=\"og:image:type\" content=\"image\/png\" \/>\n<meta name=\"twitter:card\" content=\"summary_large_image\" \/>\n<script type=\"application\/ld+json\" class=\"yoast-schema-graph\">{\"@context\":\"https:\\\/\\\/schema.org\",\"@graph\":[{\"@type\":\"WebPage\",\"@id\":\"https:\\\/\\\/hakmarfrance.online\\\/tr\\\/produit\\\/pinar-beyaz-peynir-800-g-%55-salamura-beyaz-peynir\\\/\",\"url\":\"https:\\\/\\\/hakmarfrance.online\\\/tr\\\/produit\\\/pinar-beyaz-peynir-800-g-%55-salamura-beyaz-peynir\\\/\",\"name\":\"P\u0131nar Beyaz Peynir 800 g - %55 Salamura Beyaz Peynir - hakmarfrance.online\",\"isPartOf\":{\"@id\":\"https:\\\/\\\/hakmarfrance.online\\\/tr\\\/#website\"},\"primaryImageOfPage\":{\"@id\":\"https:\\\/\\\/hakmarfrance.online\\\/tr\\\/produit\\\/pinar-beyaz-peynir-800-g-%55-salamura-beyaz-peynir\\\/#primaryimage\"},\"image\":{\"@id\":\"https:\\\/\\\/hakmarfrance.online\\\/tr\\\/produit\\\/pinar-beyaz-peynir-800-g-%55-salamura-beyaz-peynir\\\/#primaryimage\"},\"thumbnailUrl\":\"https:\\\/\\\/hakmarfrance.online\\\/wp-content\\\/uploads\\\/2025\\\/06\\\/fromage-blanc-pinar-800g-beyaz-peynir-saumure-55.png\",\"datePublished\":\"2025-06-16T08:28:40+00:00\",\"breadcrumb\":{\"@id\":\"https:\\\/\\\/hakmarfrance.online\\\/tr\\\/produit\\\/pinar-beyaz-peynir-800-g-%55-salamura-beyaz-peynir\\\/#breadcrumb\"},\"inLanguage\":\"tr-TR\",\"potentialAction\":[{\"@type\":\"ReadAction\",\"target\":[\"https:\\\/\\\/hakmarfrance.online\\\/tr\\\/produit\\\/pinar-beyaz-peynir-800-g-%55-salamura-beyaz-peynir\\\/\"]}]},{\"@type\":\"ImageObject\",\"inLanguage\":\"tr-TR\",\"@id\":\"https:\\\/\\\/hakmarfrance.online\\\/tr\\\/produit\\\/pinar-beyaz-peynir-800-g-%55-salamura-beyaz-peynir\\\/#primaryimage\",\"url\":\"https:\\\/\\\/hakmarfrance.online\\\/wp-content\\\/uploads\\\/2025\\\/06\\\/fromage-blanc-pinar-800g-beyaz-peynir-saumure-55.png\",\"contentUrl\":\"https:\\\/\\\/hakmarfrance.online\\\/wp-content\\\/uploads\\\/2025\\\/06\\\/fromage-blanc-pinar-800g-beyaz-peynir-saumure-55.png\",\"width\":1000,\"height\":800},{\"@type\":\"BreadcrumbList\",\"@id\":\"https:\\\/\\\/hakmarfrance.online\\\/tr\\\/produit\\\/pinar-beyaz-peynir-800-g-%55-salamura-beyaz-peynir\\\/#breadcrumb\",\"itemListElement\":[{\"@type\":\"ListItem\",\"position\":1,\"name\":\"Accueil\",\"item\":\"https:\\\/\\\/hakmarfrance.online\\\/tr\\\/\"},{\"@type\":\"ListItem\",\"position\":2,\"name\":\"Ma\u011faza\",\"item\":\"https:\\\/\\\/hakmarfrance.online\\\/tr\\\/magaza\\\/\"},{\"@type\":\"ListItem\",\"position\":3,\"name\":\"P\u0131nar Beyaz Peynir 800 g &#8211; %55 Salamura Beyaz Peynir\"}]},{\"@type\":\"WebSite\",\"@id\":\"https:\\\/\\\/hakmarfrance.online\\\/tr\\\/#website\",\"url\":\"https:\\\/\\\/hakmarfrance.online\\\/tr\\\/\",\"name\":\"hakmarfrance.online\",\"description\":\"\",\"publisher\":{\"@id\":\"https:\\\/\\\/hakmarfrance.online\\\/tr\\\/#organization\"},\"potentialAction\":[{\"@type\":\"SearchAction\",\"target\":{\"@type\":\"EntryPoint\",\"urlTemplate\":\"https:\\\/\\\/hakmarfrance.online\\\/tr\\\/?s={search_term_string}\"},\"query-input\":{\"@type\":\"PropertyValueSpecification\",\"valueRequired\":true,\"valueName\":\"search_term_string\"}}],\"inLanguage\":\"tr-TR\"},{\"@type\":\"Organization\",\"@id\":\"https:\\\/\\\/hakmarfrance.online\\\/tr\\\/#organization\",\"name\":\"hakmarfrance.online\",\"url\":\"https:\\\/\\\/hakmarfrance.online\\\/tr\\\/\",\"logo\":{\"@type\":\"ImageObject\",\"inLanguage\":\"tr-TR\",\"@id\":\"https:\\\/\\\/hakmarfrance.online\\\/tr\\\/#\\\/schema\\\/logo\\\/image\\\/\",\"url\":\"https:\\\/\\\/hakmarfrance.online\\\/wp-content\\\/uploads\\\/2025\\\/06\\\/logo-hakmarfrance.png\",\"contentUrl\":\"https:\\\/\\\/hakmarfrance.online\\\/wp-content\\\/uploads\\\/2025\\\/06\\\/logo-hakmarfrance.png\",\"width\":528,\"height\":232,\"caption\":\"hakmarfrance.online\"},\"image\":{\"@id\":\"https:\\\/\\\/hakmarfrance.online\\\/tr\\\/#\\\/schema\\\/logo\\\/image\\\/\"},\"sameAs\":[\"https:\\\/\\\/www.facebook.com\\\/HakmarFranceSupermarche\\\/?locale=fr_FR\",\"https:\\\/\\\/www.instagram.com\\\/hakmarfrancesupermarche\\\/\"]}]}<\/script>\n<!-- \/ Yoast SEO plugin. -->","yoast_head_json":{"title":"P\u0131nar Beyaz Peynir 800 g - %55 Salamura Beyaz Peynir - hakmarfrance.online","robots":{"index":"index","follow":"follow","max-snippet":"max-snippet:-1","max-image-preview":"max-image-preview:large","max-video-preview":"max-video-preview:-1"},"canonical":"https:\/\/hakmarfrance.online\/tr\/produit\/pinar-beyaz-peynir-800-g-%55-salamura-beyaz-peynir\/","og_locale":"tr_TR","og_type":"article","og_title":"P\u0131nar Beyaz Peynir 800 g - %55 Salamura Beyaz Peynir - hakmarfrance.online","og_description":"Bu %55 ya\u011fl\u0131 P\u0131nar Kahvalt\u0131 Keyfi T\u00fcrk beyaz peyniri, yumu\u015fakl\u0131\u011f\u0131 ve kremsi dokusuyla m\u00fckemmel bir uyum sa\u011fl\u0131yor. Tazeli\u011fini korumak i\u00e7in salamurada saklan\u0131r ve kahvalt\u0131lar\u0131n\u0131z, garnit\u00fcrleriniz veya Akdeniz salatalar\u0131n\u0131z i\u00e7in idealdir. Aile kullan\u0131m\u0131na uygun 800 g'l\u0131k pratik ambalaj.","og_url":"https:\/\/hakmarfrance.online\/tr\/produit\/pinar-beyaz-peynir-800-g-%55-salamura-beyaz-peynir\/","og_site_name":"hakmarfrance.online","article_publisher":"https:\/\/www.facebook.com\/HakmarFranceSupermarche\/?locale=fr_FR","og_image":[{"width":1000,"height":800,"url":"https:\/\/hakmarfrance.online\/wp-content\/uploads\/2025\/06\/fromage-blanc-pinar-800g-beyaz-peynir-saumure-55.png","type":"image\/png"}],"twitter_card":"summary_large_image","schema":{"@context":"https:\/\/schema.org","@graph":[{"@type":"WebPage","@id":"https:\/\/hakmarfrance.online\/tr\/produit\/pinar-beyaz-peynir-800-g-%55-salamura-beyaz-peynir\/","url":"https:\/\/hakmarfrance.online\/tr\/produit\/pinar-beyaz-peynir-800-g-%55-salamura-beyaz-peynir\/","name":"P\u0131nar Beyaz Peynir 800 g - %55 Salamura Beyaz Peynir - hakmarfrance.online","isPartOf":{"@id":"https:\/\/hakmarfrance.online\/tr\/#website"},"primaryImageOfPage":{"@id":"https:\/\/hakmarfrance.online\/tr\/produit\/pinar-beyaz-peynir-800-g-%55-salamura-beyaz-peynir\/#primaryimage"},"image":{"@id":"https:\/\/hakmarfrance.online\/tr\/produit\/pinar-beyaz-peynir-800-g-%55-salamura-beyaz-peynir\/#primaryimage"},"thumbnailUrl":"https:\/\/hakmarfrance.online\/wp-content\/uploads\/2025\/06\/fromage-blanc-pinar-800g-beyaz-peynir-saumure-55.png","datePublished":"2025-06-16T08:28:40+00:00","breadcrumb":{"@id":"https:\/\/hakmarfrance.online\/tr\/produit\/pinar-beyaz-peynir-800-g-%55-salamura-beyaz-peynir\/#breadcrumb"},"inLanguage":"tr-TR","potentialAction":[{"@type":"ReadAction","target":["https:\/\/hakmarfrance.online\/tr\/produit\/pinar-beyaz-peynir-800-g-%55-salamura-beyaz-peynir\/"]}]},{"@type":"ImageObject","inLanguage":"tr-TR","@id":"https:\/\/hakmarfrance.online\/tr\/produit\/pinar-beyaz-peynir-800-g-%55-salamura-beyaz-peynir\/#primaryimage","url":"https:\/\/hakmarfrance.online\/wp-content\/uploads\/2025\/06\/fromage-blanc-pinar-800g-beyaz-peynir-saumure-55.png","contentUrl":"https:\/\/hakmarfrance.online\/wp-content\/uploads\/2025\/06\/fromage-blanc-pinar-800g-beyaz-peynir-saumure-55.png","width":1000,"height":800},{"@type":"BreadcrumbList","@id":"https:\/\/hakmarfrance.online\/tr\/produit\/pinar-beyaz-peynir-800-g-%55-salamura-beyaz-peynir\/#breadcrumb","itemListElement":[{"@type":"ListItem","position":1,"name":"Accueil","item":"https:\/\/hakmarfrance.online\/tr\/"},{"@type":"ListItem","position":2,"name":"Ma\u011faza","item":"https:\/\/hakmarfrance.online\/tr\/magaza\/"},{"@type":"ListItem","position":3,"name":"P\u0131nar Beyaz Peynir 800 g &#8211; %55 Salamura Beyaz Peynir"}]},{"@type":"WebSite","@id":"https:\/\/hakmarfrance.online\/tr\/#website","url":"https:\/\/hakmarfrance.online\/tr\/","name":"hakmarfrance.online","description":"","publisher":{"@id":"https:\/\/hakmarfrance.online\/tr\/#organization"},"potentialAction":[{"@type":"SearchAction","target":{"@type":"EntryPoint","urlTemplate":"https:\/\/hakmarfrance.online\/tr\/?s={search_term_string}"},"query-input":{"@type":"PropertyValueSpecification","valueRequired":true,"valueName":"search_term_string"}}],"inLanguage":"tr-TR"},{"@type":"Organization","@id":"https:\/\/hakmarfrance.online\/tr\/#organization","name":"hakmarfrance.online","url":"https:\/\/hakmarfrance.online\/tr\/","logo":{"@type":"ImageObject","inLanguage":"tr-TR","@id":"https:\/\/hakmarfrance.online\/tr\/#\/schema\/logo\/image\/","url":"https:\/\/hakmarfrance.online\/wp-content\/uploads\/2025\/06\/logo-hakmarfrance.png","contentUrl":"https:\/\/hakmarfrance.online\/wp-content\/uploads\/2025\/06\/logo-hakmarfrance.png","width":528,"height":232,"caption":"hakmarfrance.online"},"image":{"@id":"https:\/\/hakmarfrance.online\/tr\/#\/schema\/logo\/image\/"},"sameAs":["https:\/\/www.facebook.com\/HakmarFranceSupermarche\/?locale=fr_FR","https:\/\/www.instagram.com\/hakmarfrancesupermarche\/"]}]}},"_links":{"self":[{"href":"https:\/\/hakmarfrance.online\/tr\/wp-json\/wp\/v2\/product\/18080","targetHints":{"allow":["GET"]}}],"collection":[{"href":"https:\/\/hakmarfrance.online\/tr\/wp-json\/wp\/v2\/product"}],"about":[{"href":"https:\/\/hakmarfrance.online\/tr\/wp-json\/wp\/v2\/types\/product"}],"replies":[{"embeddable":true,"href":"https:\/\/hakmarfrance.online\/tr\/wp-json\/wp\/v2\/comments?post=18080"}],"version-history":[{"count":0,"href":"https:\/\/hakmarfrance.online\/tr\/wp-json\/wp\/v2\/product\/18080\/revisions"}],"wp:featuredmedia":[{"embeddable":true,"href":"https:\/\/hakmarfrance.online\/tr\/wp-json\/wp\/v2\/media\/16545"}],"wp:attachment":[{"href":"https:\/\/hakmarfrance.online\/tr\/wp-json\/wp\/v2\/media?parent=18080"}],"wp:term":[{"taxonomy":"product_brand","embeddable":true,"href":"https:\/\/hakmarfrance.online\/tr\/wp-json\/wp\/v2\/product_brand?post=18080"},{"taxonomy":"product_cat","embeddable":true,"href":"https:\/\/hakmarfrance.online\/tr\/wp-json\/wp\/v2\/product_cat?post=18080"},{"taxonomy":"product_tag","embeddable":true,"href":"https:\/\/hakmarfrance.online\/tr\/wp-json\/wp\/v2\/product_tag?post=18080"}],"curies":[{"name":"wp","href":"https:\/\/api.w.org\/{rel}","templated":true}]}}