{"id":18084,"date":"2025-07-04T20:56:11","date_gmt":"2025-07-04T20:56:11","guid":{"rendered":"https:\/\/hakmarfrance.online\/produit\/ultra-berrak-yumusak-tuvalet-kagidi-16-rulo-cozunebilir-ve-%100-dogal\/"},"modified":"2025-07-04T20:56:11","modified_gmt":"2025-07-04T20:56:11","slug":"ultra-berrak-yumusak-tuvalet-kagidi-16-rulo-cozunebilir-ve-%100-dogal","status":"publish","type":"product","link":"https:\/\/hakmarfrance.online\/tr\/produit\/ultra-berrak-yumusak-tuvalet-kagidi-16-rulo-cozunebilir-ve-%100-dogal\/","title":{"rendered":"Ultra Berrak \u2013 Yumu\u015fak Tuvalet Ka\u011f\u0131d\u0131 \u2013 16 Rulo \u2013 \u00c7\u00f6z\u00fcnebilir ve %100 Do\u011fal"},"content":{"rendered":"","protected":false},"excerpt":{"rendered":"<p data-start=\"355\" data-end=\"519\"><strong data-start=\"355\" data-end=\"405\">Konfor, yumu\u015fakl\u0131k ve \u00e7evre dostu<\/strong>: <strong data-start=\"427\" data-end=\"443\">Ultra Berrak<\/strong> tuvalet ka\u011f\u0131d\u0131 g\u00fcnl\u00fck kullan\u0131mda m\u00fckemmel hijyen ve keyifli bir deneyim garantisi veriyor.<\/p>\n<p data-start=\"521\" data-end=\"547\">\u2705 <strong data-start=\"523\" data-end=\"543\">\u00d6zellikler<\/strong>:<\/p>\n<ul data-start=\"548\" data-end=\"740\">\n<li data-start=\"548\" data-end=\"575\">\n<p data-start=\"550\" data-end=\"575\"><strong data-start=\"550\" data-end=\"573\">16 rulo paket<\/strong><\/p>\n<\/li>\n<li data-start=\"576\" data-end=\"618\">\n<p data-start=\"578\" data-end=\"618\"><strong data-start=\"585\" data-end=\"599\">Ekstra yumu\u015fak<\/strong> ve <strong data-start=\"603\" data-end=\"616\">dayan\u0131kl\u0131<\/strong> ka\u011f\u0131t<\/p>\n<\/li>\n<li data-start=\"619\" data-end=\"677\">\n<p data-start=\"621\" data-end=\"677\"><strong data-start=\"621\" data-end=\"654\">Tuvalette \u00e7\u00f6z\u00fcnebilir<\/strong> \u2013 t\u0131kan\u0131kl\u0131\u011f\u0131 \u00f6nler<\/p>\n<\/li>\n<li data-start=\"678\" data-end=\"709\">\n<p data-start=\"680\" data-end=\"709\"><strong data-start=\"680\" data-end=\"707\">%100 do\u011fal lifler<\/strong><\/p>\n<\/li>\n<li data-start=\"710\" data-end=\"740\">\n<p data-start=\"712\" data-end=\"740\">T\u00fcm aile i\u00e7in uygun<\/p>\n<\/li>\n<\/ul>\n<p data-start=\"742\" data-end=\"842\">\ud83c\udf31 <strong data-start=\"745\" data-end=\"764\">\u00c7evre dostu<\/strong>: s\u00fcrd\u00fcr\u00fclebilir malzemelerden \u00fcretilmi\u015f, agresif kimyasal i\u00e7ermez.<\/p>\n","protected":false},"featured_media":18085,"comment_status":"open","ping_status":"closed","template":"","meta":{"iawp_total_views":0},"product_brand":[205],"product_cat":[284],"product_tag":[],"class_list":{"0":"post-18084","1":"product","2":"type-product","3":"status-publish","4":"has-post-thumbnail","6":"product_brand-berrak","7":"product_cat-hijyen-bakim","9":"first","10":"instock","11":"shipping-taxable","12":"purchasable","13":"product-type-simple"},"yoast_head":"<!-- This site is optimized with the Yoast SEO plugin v27.3 - https:\/\/yoast.com\/product\/yoast-seo-wordpress\/ -->\n<title>Ultra Berrak \u2013 Yumu\u015fak Tuvalet Ka\u011f\u0131d\u0131 \u2013 16 Rulo \u2013 \u00c7\u00f6z\u00fcnebilir ve %100 Do\u011fal - hakmarfrance.online<\/title>\n<meta name=\"robots\" content=\"index, follow, max-snippet:-1, max-image-preview:large, max-video-preview:-1\" \/>\n<link rel=\"canonical\" href=\"https:\/\/hakmarfrance.online\/tr\/produit\/ultra-berrak-yumusak-tuvalet-kagidi-16-rulo-cozunebilir-ve-%100-dogal\/\" \/>\n<meta property=\"og:locale\" content=\"tr_TR\" \/>\n<meta property=\"og:type\" content=\"article\" \/>\n<meta property=\"og:title\" content=\"Ultra Berrak \u2013 Yumu\u015fak Tuvalet Ka\u011f\u0131d\u0131 \u2013 16 Rulo \u2013 \u00c7\u00f6z\u00fcnebilir ve %100 Do\u011fal - hakmarfrance.online\" \/>\n<meta property=\"og:description\" content=\"Konfor, yumu\u015fakl\u0131k ve \u00e7evre dostu: Ultra Berrak tuvalet ka\u011f\u0131d\u0131 g\u00fcnl\u00fck kullan\u0131mda m\u00fckemmel hijyen ve keyifli bir deneyim garantisi veriyor. \u2705 \u00d6zellikler:   16 rulo paket   Ekstra yumu\u015fak ve dayan\u0131kl\u0131 ka\u011f\u0131t   Tuvalette \u00e7\u00f6z\u00fcnebilir \u2013 t\u0131kan\u0131kl\u0131\u011f\u0131 \u00f6nler   %100 do\u011fal lifler   T\u00fcm aile i\u00e7in uygun  \ud83c\udf31 \u00c7evre dostu: s\u00fcrd\u00fcr\u00fclebilir malzemelerden \u00fcretilmi\u015f, agresif kimyasal i\u00e7ermez.\" \/>\n<meta property=\"og:url\" content=\"https:\/\/hakmarfrance.online\/tr\/produit\/ultra-berrak-yumusak-tuvalet-kagidi-16-rulo-cozunebilir-ve-%100-dogal\/\" \/>\n<meta property=\"og:site_name\" content=\"hakmarfrance.online\" \/>\n<meta property=\"article:publisher\" content=\"https:\/\/www.facebook.com\/HakmarFranceSupermarche\/?locale=fr_FR\" \/>\n<meta property=\"og:image\" content=\"https:\/\/hakmarfrance.online\/wp-content\/uploads\/2025\/07\/papier-toilette-ultra-berrak-16-rouleaux.avif\" \/>\n\t<meta property=\"og:image:width\" content=\"1000\" \/>\n\t<meta property=\"og:image:height\" content=\"800\" \/>\n\t<meta property=\"og:image:type\" content=\"image\/png\" \/>\n<meta name=\"twitter:card\" content=\"summary_large_image\" \/>\n<script type=\"application\/ld+json\" class=\"yoast-schema-graph\">{\"@context\":\"https:\\\/\\\/schema.org\",\"@graph\":[{\"@type\":\"WebPage\",\"@id\":\"https:\\\/\\\/hakmarfrance.online\\\/tr\\\/produit\\\/ultra-berrak-yumusak-tuvalet-kagidi-16-rulo-cozunebilir-ve-%100-dogal\\\/\",\"url\":\"https:\\\/\\\/hakmarfrance.online\\\/tr\\\/produit\\\/ultra-berrak-yumusak-tuvalet-kagidi-16-rulo-cozunebilir-ve-%100-dogal\\\/\",\"name\":\"Ultra Berrak \u2013 Yumu\u015fak Tuvalet Ka\u011f\u0131d\u0131 \u2013 16 Rulo \u2013 \u00c7\u00f6z\u00fcnebilir ve %100 Do\u011fal - hakmarfrance.online\",\"isPartOf\":{\"@id\":\"https:\\\/\\\/hakmarfrance.online\\\/tr\\\/#website\"},\"primaryImageOfPage\":{\"@id\":\"https:\\\/\\\/hakmarfrance.online\\\/tr\\\/produit\\\/ultra-berrak-yumusak-tuvalet-kagidi-16-rulo-cozunebilir-ve-%100-dogal\\\/#primaryimage\"},\"image\":{\"@id\":\"https:\\\/\\\/hakmarfrance.online\\\/tr\\\/produit\\\/ultra-berrak-yumusak-tuvalet-kagidi-16-rulo-cozunebilir-ve-%100-dogal\\\/#primaryimage\"},\"thumbnailUrl\":\"https:\\\/\\\/hakmarfrance.online\\\/wp-content\\\/uploads\\\/2025\\\/07\\\/papier-toilette-ultra-berrak-16-rouleaux.avif\",\"datePublished\":\"2025-07-04T20:56:11+00:00\",\"breadcrumb\":{\"@id\":\"https:\\\/\\\/hakmarfrance.online\\\/tr\\\/produit\\\/ultra-berrak-yumusak-tuvalet-kagidi-16-rulo-cozunebilir-ve-%100-dogal\\\/#breadcrumb\"},\"inLanguage\":\"tr-TR\",\"potentialAction\":[{\"@type\":\"ReadAction\",\"target\":[\"https:\\\/\\\/hakmarfrance.online\\\/tr\\\/produit\\\/ultra-berrak-yumusak-tuvalet-kagidi-16-rulo-cozunebilir-ve-%100-dogal\\\/\"]}]},{\"@type\":\"ImageObject\",\"inLanguage\":\"tr-TR\",\"@id\":\"https:\\\/\\\/hakmarfrance.online\\\/tr\\\/produit\\\/ultra-berrak-yumusak-tuvalet-kagidi-16-rulo-cozunebilir-ve-%100-dogal\\\/#primaryimage\",\"url\":\"https:\\\/\\\/hakmarfrance.online\\\/wp-content\\\/uploads\\\/2025\\\/07\\\/papier-toilette-ultra-berrak-16-rouleaux.avif\",\"contentUrl\":\"https:\\\/\\\/hakmarfrance.online\\\/wp-content\\\/uploads\\\/2025\\\/07\\\/papier-toilette-ultra-berrak-16-rouleaux.avif\",\"width\":1000,\"height\":800,\"caption\":\"Ultra Berrak tuvalet ka\u011f\u0131d\u0131 \u2013 Yumu\u015fak, do\u011fal ve tesisat\u0131na zarar vermeyen\"},{\"@type\":\"BreadcrumbList\",\"@id\":\"https:\\\/\\\/hakmarfrance.online\\\/tr\\\/produit\\\/ultra-berrak-yumusak-tuvalet-kagidi-16-rulo-cozunebilir-ve-%100-dogal\\\/#breadcrumb\",\"itemListElement\":[{\"@type\":\"ListItem\",\"position\":1,\"name\":\"Accueil\",\"item\":\"https:\\\/\\\/hakmarfrance.online\\\/tr\\\/\"},{\"@type\":\"ListItem\",\"position\":2,\"name\":\"Ma\u011faza\",\"item\":\"https:\\\/\\\/hakmarfrance.online\\\/tr\\\/magaza\\\/\"},{\"@type\":\"ListItem\",\"position\":3,\"name\":\"Ultra Berrak \u2013 Yumu\u015fak Tuvalet Ka\u011f\u0131d\u0131 \u2013 16 Rulo \u2013 \u00c7\u00f6z\u00fcnebilir ve %100 Do\u011fal\"}]},{\"@type\":\"WebSite\",\"@id\":\"https:\\\/\\\/hakmarfrance.online\\\/tr\\\/#website\",\"url\":\"https:\\\/\\\/hakmarfrance.online\\\/tr\\\/\",\"name\":\"hakmarfrance.online\",\"description\":\"\",\"publisher\":{\"@id\":\"https:\\\/\\\/hakmarfrance.online\\\/tr\\\/#organization\"},\"potentialAction\":[{\"@type\":\"SearchAction\",\"target\":{\"@type\":\"EntryPoint\",\"urlTemplate\":\"https:\\\/\\\/hakmarfrance.online\\\/tr\\\/?s={search_term_string}\"},\"query-input\":{\"@type\":\"PropertyValueSpecification\",\"valueRequired\":true,\"valueName\":\"search_term_string\"}}],\"inLanguage\":\"tr-TR\"},{\"@type\":\"Organization\",\"@id\":\"https:\\\/\\\/hakmarfrance.online\\\/tr\\\/#organization\",\"name\":\"hakmarfrance.online\",\"url\":\"https:\\\/\\\/hakmarfrance.online\\\/tr\\\/\",\"logo\":{\"@type\":\"ImageObject\",\"inLanguage\":\"tr-TR\",\"@id\":\"https:\\\/\\\/hakmarfrance.online\\\/tr\\\/#\\\/schema\\\/logo\\\/image\\\/\",\"url\":\"https:\\\/\\\/hakmarfrance.online\\\/wp-content\\\/uploads\\\/2025\\\/06\\\/logo-hakmarfrance.png\",\"contentUrl\":\"https:\\\/\\\/hakmarfrance.online\\\/wp-content\\\/uploads\\\/2025\\\/06\\\/logo-hakmarfrance.png\",\"width\":528,\"height\":232,\"caption\":\"hakmarfrance.online\"},\"image\":{\"@id\":\"https:\\\/\\\/hakmarfrance.online\\\/tr\\\/#\\\/schema\\\/logo\\\/image\\\/\"},\"sameAs\":[\"https:\\\/\\\/www.facebook.com\\\/HakmarFranceSupermarche\\\/?locale=fr_FR\",\"https:\\\/\\\/www.instagram.com\\\/hakmarfrancesupermarche\\\/\"]}]}<\/script>\n<!-- \/ Yoast SEO plugin. -->","yoast_head_json":{"title":"Ultra Berrak \u2013 Yumu\u015fak Tuvalet Ka\u011f\u0131d\u0131 \u2013 16 Rulo \u2013 \u00c7\u00f6z\u00fcnebilir ve %100 Do\u011fal - hakmarfrance.online","robots":{"index":"index","follow":"follow","max-snippet":"max-snippet:-1","max-image-preview":"max-image-preview:large","max-video-preview":"max-video-preview:-1"},"canonical":"https:\/\/hakmarfrance.online\/tr\/produit\/ultra-berrak-yumusak-tuvalet-kagidi-16-rulo-cozunebilir-ve-%100-dogal\/","og_locale":"tr_TR","og_type":"article","og_title":"Ultra Berrak \u2013 Yumu\u015fak Tuvalet Ka\u011f\u0131d\u0131 \u2013 16 Rulo \u2013 \u00c7\u00f6z\u00fcnebilir ve %100 Do\u011fal - hakmarfrance.online","og_description":"Konfor, yumu\u015fakl\u0131k ve \u00e7evre dostu: Ultra Berrak tuvalet ka\u011f\u0131d\u0131 g\u00fcnl\u00fck kullan\u0131mda m\u00fckemmel hijyen ve keyifli bir deneyim garantisi veriyor. \u2705 \u00d6zellikler:   16 rulo paket   Ekstra yumu\u015fak ve dayan\u0131kl\u0131 ka\u011f\u0131t   Tuvalette \u00e7\u00f6z\u00fcnebilir \u2013 t\u0131kan\u0131kl\u0131\u011f\u0131 \u00f6nler   %100 do\u011fal lifler   T\u00fcm aile i\u00e7in uygun  \ud83c\udf31 \u00c7evre dostu: s\u00fcrd\u00fcr\u00fclebilir malzemelerden \u00fcretilmi\u015f, agresif kimyasal i\u00e7ermez.","og_url":"https:\/\/hakmarfrance.online\/tr\/produit\/ultra-berrak-yumusak-tuvalet-kagidi-16-rulo-cozunebilir-ve-%100-dogal\/","og_site_name":"hakmarfrance.online","article_publisher":"https:\/\/www.facebook.com\/HakmarFranceSupermarche\/?locale=fr_FR","og_image":[{"width":1000,"height":800,"url":"https:\/\/hakmarfrance.online\/wp-content\/uploads\/2025\/07\/papier-toilette-ultra-berrak-16-rouleaux.avif","type":"image\/png"}],"twitter_card":"summary_large_image","schema":{"@context":"https:\/\/schema.org","@graph":[{"@type":"WebPage","@id":"https:\/\/hakmarfrance.online\/tr\/produit\/ultra-berrak-yumusak-tuvalet-kagidi-16-rulo-cozunebilir-ve-%100-dogal\/","url":"https:\/\/hakmarfrance.online\/tr\/produit\/ultra-berrak-yumusak-tuvalet-kagidi-16-rulo-cozunebilir-ve-%100-dogal\/","name":"Ultra Berrak \u2013 Yumu\u015fak Tuvalet Ka\u011f\u0131d\u0131 \u2013 16 Rulo \u2013 \u00c7\u00f6z\u00fcnebilir ve %100 Do\u011fal - hakmarfrance.online","isPartOf":{"@id":"https:\/\/hakmarfrance.online\/tr\/#website"},"primaryImageOfPage":{"@id":"https:\/\/hakmarfrance.online\/tr\/produit\/ultra-berrak-yumusak-tuvalet-kagidi-16-rulo-cozunebilir-ve-%100-dogal\/#primaryimage"},"image":{"@id":"https:\/\/hakmarfrance.online\/tr\/produit\/ultra-berrak-yumusak-tuvalet-kagidi-16-rulo-cozunebilir-ve-%100-dogal\/#primaryimage"},"thumbnailUrl":"https:\/\/hakmarfrance.online\/wp-content\/uploads\/2025\/07\/papier-toilette-ultra-berrak-16-rouleaux.avif","datePublished":"2025-07-04T20:56:11+00:00","breadcrumb":{"@id":"https:\/\/hakmarfrance.online\/tr\/produit\/ultra-berrak-yumusak-tuvalet-kagidi-16-rulo-cozunebilir-ve-%100-dogal\/#breadcrumb"},"inLanguage":"tr-TR","potentialAction":[{"@type":"ReadAction","target":["https:\/\/hakmarfrance.online\/tr\/produit\/ultra-berrak-yumusak-tuvalet-kagidi-16-rulo-cozunebilir-ve-%100-dogal\/"]}]},{"@type":"ImageObject","inLanguage":"tr-TR","@id":"https:\/\/hakmarfrance.online\/tr\/produit\/ultra-berrak-yumusak-tuvalet-kagidi-16-rulo-cozunebilir-ve-%100-dogal\/#primaryimage","url":"https:\/\/hakmarfrance.online\/wp-content\/uploads\/2025\/07\/papier-toilette-ultra-berrak-16-rouleaux.avif","contentUrl":"https:\/\/hakmarfrance.online\/wp-content\/uploads\/2025\/07\/papier-toilette-ultra-berrak-16-rouleaux.avif","width":1000,"height":800,"caption":"Ultra Berrak tuvalet ka\u011f\u0131d\u0131 \u2013 Yumu\u015fak, do\u011fal ve tesisat\u0131na zarar vermeyen"},{"@type":"BreadcrumbList","@id":"https:\/\/hakmarfrance.online\/tr\/produit\/ultra-berrak-yumusak-tuvalet-kagidi-16-rulo-cozunebilir-ve-%100-dogal\/#breadcrumb","itemListElement":[{"@type":"ListItem","position":1,"name":"Accueil","item":"https:\/\/hakmarfrance.online\/tr\/"},{"@type":"ListItem","position":2,"name":"Ma\u011faza","item":"https:\/\/hakmarfrance.online\/tr\/magaza\/"},{"@type":"ListItem","position":3,"name":"Ultra Berrak \u2013 Yumu\u015fak Tuvalet Ka\u011f\u0131d\u0131 \u2013 16 Rulo \u2013 \u00c7\u00f6z\u00fcnebilir ve %100 Do\u011fal"}]},{"@type":"WebSite","@id":"https:\/\/hakmarfrance.online\/tr\/#website","url":"https:\/\/hakmarfrance.online\/tr\/","name":"hakmarfrance.online","description":"","publisher":{"@id":"https:\/\/hakmarfrance.online\/tr\/#organization"},"potentialAction":[{"@type":"SearchAction","target":{"@type":"EntryPoint","urlTemplate":"https:\/\/hakmarfrance.online\/tr\/?s={search_term_string}"},"query-input":{"@type":"PropertyValueSpecification","valueRequired":true,"valueName":"search_term_string"}}],"inLanguage":"tr-TR"},{"@type":"Organization","@id":"https:\/\/hakmarfrance.online\/tr\/#organization","name":"hakmarfrance.online","url":"https:\/\/hakmarfrance.online\/tr\/","logo":{"@type":"ImageObject","inLanguage":"tr-TR","@id":"https:\/\/hakmarfrance.online\/tr\/#\/schema\/logo\/image\/","url":"https:\/\/hakmarfrance.online\/wp-content\/uploads\/2025\/06\/logo-hakmarfrance.png","contentUrl":"https:\/\/hakmarfrance.online\/wp-content\/uploads\/2025\/06\/logo-hakmarfrance.png","width":528,"height":232,"caption":"hakmarfrance.online"},"image":{"@id":"https:\/\/hakmarfrance.online\/tr\/#\/schema\/logo\/image\/"},"sameAs":["https:\/\/www.facebook.com\/HakmarFranceSupermarche\/?locale=fr_FR","https:\/\/www.instagram.com\/hakmarfrancesupermarche\/"]}]}},"_links":{"self":[{"href":"https:\/\/hakmarfrance.online\/tr\/wp-json\/wp\/v2\/product\/18084","targetHints":{"allow":["GET"]}}],"collection":[{"href":"https:\/\/hakmarfrance.online\/tr\/wp-json\/wp\/v2\/product"}],"about":[{"href":"https:\/\/hakmarfrance.online\/tr\/wp-json\/wp\/v2\/types\/product"}],"replies":[{"embeddable":true,"href":"https:\/\/hakmarfrance.online\/tr\/wp-json\/wp\/v2\/comments?post=18084"}],"version-history":[{"count":0,"href":"https:\/\/hakmarfrance.online\/tr\/wp-json\/wp\/v2\/product\/18084\/revisions"}],"wp:featuredmedia":[{"embeddable":true,"href":"https:\/\/hakmarfrance.online\/tr\/wp-json\/wp\/v2\/media\/18085"}],"wp:attachment":[{"href":"https:\/\/hakmarfrance.online\/tr\/wp-json\/wp\/v2\/media?parent=18084"}],"wp:term":[{"taxonomy":"product_brand","embeddable":true,"href":"https:\/\/hakmarfrance.online\/tr\/wp-json\/wp\/v2\/product_brand?post=18084"},{"taxonomy":"product_cat","embeddable":true,"href":"https:\/\/hakmarfrance.online\/tr\/wp-json\/wp\/v2\/product_cat?post=18084"},{"taxonomy":"product_tag","embeddable":true,"href":"https:\/\/hakmarfrance.online\/tr\/wp-json\/wp\/v2\/product_tag?post=18084"}],"curies":[{"name":"wp","href":"https:\/\/api.w.org\/{rel}","templated":true}]}}