{"id":18088,"date":"2025-06-16T07:47:17","date_gmt":"2025-06-16T07:47:17","guid":{"rendered":"https:\/\/hakmarfrance.online\/produit\/bioblas-erkek-sampuani-360-ml-mentol-ve-b19-kompleksi-sac-dokulmesine-karsi\/"},"modified":"2025-06-16T07:47:17","modified_gmt":"2025-06-16T07:47:17","slug":"bioblas-erkek-sampuani-360-ml-mentol-ve-b19-kompleksi-sac-dokulmesine-karsi","status":"publish","type":"product","link":"https:\/\/hakmarfrance.online\/tr\/produit\/bioblas-erkek-sampuani-360-ml-mentol-ve-b19-kompleksi-sac-dokulmesine-karsi\/","title":{"rendered":"Bioblas Erkek \u015eampuan\u0131 360 ml &#8211; Mentol ve B19 Kompleksi Sa\u00e7 D\u00f6k\u00fclmesine Kar\u015f\u0131"},"content":{"rendered":"","protected":false},"excerpt":{"rendered":"<p>\u00d6zellikle erkekler i\u00e7in tasarlanm\u0131\u015f bu Bioblas \u015fampuan, mentol ve termal su bazl\u0131 form\u00fcl\u00fcyle kepek ve sa\u00e7 d\u00f6k\u00fclmesine kar\u015f\u0131 etkili bir \u015fekilde sava\u015f\u0131r. B19 bitkisel kompleksi i\u00e7eren form\u00fcl\u00fc sa\u00e7 derisini ar\u0131nd\u0131r\u0131r, sa\u00e7 b\u00fcy\u00fcmesini uyar\u0131r ve an\u0131nda ferahlat\u0131c\u0131 bir his sa\u011flar. Paraben i\u00e7ermez, klinik olarak test edilmi\u015ftir.  <\/p>\n","protected":false},"featured_media":18090,"comment_status":"open","ping_status":"closed","template":"","meta":{"iawp_total_views":0},"product_brand":[189],"product_cat":[284,225],"product_tag":[],"class_list":{"0":"post-18088","1":"product","2":"type-product","3":"status-publish","4":"has-post-thumbnail","6":"product_brand-bioblas","7":"product_cat-hijyen-bakim","8":"product_cat-tum-urunlerimiz","10":"first","11":"instock","12":"shipping-taxable","13":"purchasable","14":"product-type-simple"},"yoast_head":"<!-- This site is optimized with the Yoast SEO plugin v27.3 - https:\/\/yoast.com\/product\/yoast-seo-wordpress\/ -->\n<title>Bioblas Erkek \u015eampuan\u0131 360 ml - Mentol ve B19 Kompleksi Sa\u00e7 D\u00f6k\u00fclmesine Kar\u015f\u0131 - hakmarfrance.online<\/title>\n<meta name=\"robots\" content=\"index, follow, max-snippet:-1, max-image-preview:large, max-video-preview:-1\" \/>\n<link rel=\"canonical\" href=\"https:\/\/hakmarfrance.online\/tr\/produit\/bioblas-erkek-sampuani-360-ml-mentol-ve-b19-kompleksi-sac-dokulmesine-karsi\/\" \/>\n<meta property=\"og:locale\" content=\"tr_TR\" \/>\n<meta property=\"og:type\" content=\"article\" \/>\n<meta property=\"og:title\" content=\"Bioblas Erkek \u015eampuan\u0131 360 ml - Mentol ve B19 Kompleksi Sa\u00e7 D\u00f6k\u00fclmesine Kar\u015f\u0131 - hakmarfrance.online\" \/>\n<meta property=\"og:description\" content=\"\u00d6zellikle erkekler i\u00e7in tasarlanm\u0131\u015f bu Bioblas \u015fampuan, mentol ve termal su bazl\u0131 form\u00fcl\u00fcyle kepek ve sa\u00e7 d\u00f6k\u00fclmesine kar\u015f\u0131 etkili bir \u015fekilde sava\u015f\u0131r. B19 bitkisel kompleksi i\u00e7eren form\u00fcl\u00fc sa\u00e7 derisini ar\u0131nd\u0131r\u0131r, sa\u00e7 b\u00fcy\u00fcmesini uyar\u0131r ve an\u0131nda ferahlat\u0131c\u0131 bir his sa\u011flar. Paraben i\u00e7ermez, klinik olarak test edilmi\u015ftir.\" \/>\n<meta property=\"og:url\" content=\"https:\/\/hakmarfrance.online\/tr\/produit\/bioblas-erkek-sampuani-360-ml-mentol-ve-b19-kompleksi-sac-dokulmesine-karsi\/\" \/>\n<meta property=\"og:site_name\" content=\"hakmarfrance.online\" \/>\n<meta property=\"article:publisher\" content=\"https:\/\/www.facebook.com\/HakmarFranceSupermarche\/?locale=fr_FR\" \/>\n<meta property=\"og:image\" content=\"https:\/\/hakmarfrance.online\/wp-content\/uploads\/2025\/06\/Bioblas-Homme-360ml-\u2013-Menthol-B19-Anti-Chute-1.avif\" \/>\n\t<meta property=\"og:image:width\" content=\"1000\" \/>\n\t<meta property=\"og:image:height\" content=\"800\" \/>\n\t<meta property=\"og:image:type\" content=\"image\/png\" \/>\n<meta name=\"twitter:card\" content=\"summary_large_image\" \/>\n<script type=\"application\/ld+json\" class=\"yoast-schema-graph\">{\"@context\":\"https:\\\/\\\/schema.org\",\"@graph\":[{\"@type\":\"WebPage\",\"@id\":\"https:\\\/\\\/hakmarfrance.online\\\/tr\\\/produit\\\/bioblas-erkek-sampuani-360-ml-mentol-ve-b19-kompleksi-sac-dokulmesine-karsi\\\/\",\"url\":\"https:\\\/\\\/hakmarfrance.online\\\/tr\\\/produit\\\/bioblas-erkek-sampuani-360-ml-mentol-ve-b19-kompleksi-sac-dokulmesine-karsi\\\/\",\"name\":\"Bioblas Erkek \u015eampuan\u0131 360 ml - Mentol ve B19 Kompleksi Sa\u00e7 D\u00f6k\u00fclmesine Kar\u015f\u0131 - hakmarfrance.online\",\"isPartOf\":{\"@id\":\"https:\\\/\\\/hakmarfrance.online\\\/tr\\\/#website\"},\"primaryImageOfPage\":{\"@id\":\"https:\\\/\\\/hakmarfrance.online\\\/tr\\\/produit\\\/bioblas-erkek-sampuani-360-ml-mentol-ve-b19-kompleksi-sac-dokulmesine-karsi\\\/#primaryimage\"},\"image\":{\"@id\":\"https:\\\/\\\/hakmarfrance.online\\\/tr\\\/produit\\\/bioblas-erkek-sampuani-360-ml-mentol-ve-b19-kompleksi-sac-dokulmesine-karsi\\\/#primaryimage\"},\"thumbnailUrl\":\"https:\\\/\\\/hakmarfrance.online\\\/wp-content\\\/uploads\\\/2025\\\/06\\\/Bioblas-Homme-360ml-\u2013-Menthol-B19-Anti-Chute-1.avif\",\"datePublished\":\"2025-06-16T07:47:17+00:00\",\"breadcrumb\":{\"@id\":\"https:\\\/\\\/hakmarfrance.online\\\/tr\\\/produit\\\/bioblas-erkek-sampuani-360-ml-mentol-ve-b19-kompleksi-sac-dokulmesine-karsi\\\/#breadcrumb\"},\"inLanguage\":\"tr-TR\",\"potentialAction\":[{\"@type\":\"ReadAction\",\"target\":[\"https:\\\/\\\/hakmarfrance.online\\\/tr\\\/produit\\\/bioblas-erkek-sampuani-360-ml-mentol-ve-b19-kompleksi-sac-dokulmesine-karsi\\\/\"]}]},{\"@type\":\"ImageObject\",\"inLanguage\":\"tr-TR\",\"@id\":\"https:\\\/\\\/hakmarfrance.online\\\/tr\\\/produit\\\/bioblas-erkek-sampuani-360-ml-mentol-ve-b19-kompleksi-sac-dokulmesine-karsi\\\/#primaryimage\",\"url\":\"https:\\\/\\\/hakmarfrance.online\\\/wp-content\\\/uploads\\\/2025\\\/06\\\/Bioblas-Homme-360ml-\u2013-Menthol-B19-Anti-Chute-1.avif\",\"contentUrl\":\"https:\\\/\\\/hakmarfrance.online\\\/wp-content\\\/uploads\\\/2025\\\/06\\\/Bioblas-Homme-360ml-\u2013-Menthol-B19-Anti-Chute-1.avif\",\"width\":1000,\"height\":800},{\"@type\":\"BreadcrumbList\",\"@id\":\"https:\\\/\\\/hakmarfrance.online\\\/tr\\\/produit\\\/bioblas-erkek-sampuani-360-ml-mentol-ve-b19-kompleksi-sac-dokulmesine-karsi\\\/#breadcrumb\",\"itemListElement\":[{\"@type\":\"ListItem\",\"position\":1,\"name\":\"Accueil\",\"item\":\"https:\\\/\\\/hakmarfrance.online\\\/tr\\\/\"},{\"@type\":\"ListItem\",\"position\":2,\"name\":\"Ma\u011faza\",\"item\":\"https:\\\/\\\/hakmarfrance.online\\\/tr\\\/magaza\\\/\"},{\"@type\":\"ListItem\",\"position\":3,\"name\":\"Bioblas Erkek \u015eampuan\u0131 360 ml &#8211; Mentol ve B19 Kompleksi Sa\u00e7 D\u00f6k\u00fclmesine Kar\u015f\u0131\"}]},{\"@type\":\"WebSite\",\"@id\":\"https:\\\/\\\/hakmarfrance.online\\\/tr\\\/#website\",\"url\":\"https:\\\/\\\/hakmarfrance.online\\\/tr\\\/\",\"name\":\"hakmarfrance.online\",\"description\":\"\",\"publisher\":{\"@id\":\"https:\\\/\\\/hakmarfrance.online\\\/tr\\\/#organization\"},\"potentialAction\":[{\"@type\":\"SearchAction\",\"target\":{\"@type\":\"EntryPoint\",\"urlTemplate\":\"https:\\\/\\\/hakmarfrance.online\\\/tr\\\/?s={search_term_string}\"},\"query-input\":{\"@type\":\"PropertyValueSpecification\",\"valueRequired\":true,\"valueName\":\"search_term_string\"}}],\"inLanguage\":\"tr-TR\"},{\"@type\":\"Organization\",\"@id\":\"https:\\\/\\\/hakmarfrance.online\\\/tr\\\/#organization\",\"name\":\"hakmarfrance.online\",\"url\":\"https:\\\/\\\/hakmarfrance.online\\\/tr\\\/\",\"logo\":{\"@type\":\"ImageObject\",\"inLanguage\":\"tr-TR\",\"@id\":\"https:\\\/\\\/hakmarfrance.online\\\/tr\\\/#\\\/schema\\\/logo\\\/image\\\/\",\"url\":\"https:\\\/\\\/hakmarfrance.online\\\/wp-content\\\/uploads\\\/2025\\\/06\\\/logo-hakmarfrance.png\",\"contentUrl\":\"https:\\\/\\\/hakmarfrance.online\\\/wp-content\\\/uploads\\\/2025\\\/06\\\/logo-hakmarfrance.png\",\"width\":528,\"height\":232,\"caption\":\"hakmarfrance.online\"},\"image\":{\"@id\":\"https:\\\/\\\/hakmarfrance.online\\\/tr\\\/#\\\/schema\\\/logo\\\/image\\\/\"},\"sameAs\":[\"https:\\\/\\\/www.facebook.com\\\/HakmarFranceSupermarche\\\/?locale=fr_FR\",\"https:\\\/\\\/www.instagram.com\\\/hakmarfrancesupermarche\\\/\"]}]}<\/script>\n<!-- \/ Yoast SEO plugin. -->","yoast_head_json":{"title":"Bioblas Erkek \u015eampuan\u0131 360 ml - Mentol ve B19 Kompleksi Sa\u00e7 D\u00f6k\u00fclmesine Kar\u015f\u0131 - hakmarfrance.online","robots":{"index":"index","follow":"follow","max-snippet":"max-snippet:-1","max-image-preview":"max-image-preview:large","max-video-preview":"max-video-preview:-1"},"canonical":"https:\/\/hakmarfrance.online\/tr\/produit\/bioblas-erkek-sampuani-360-ml-mentol-ve-b19-kompleksi-sac-dokulmesine-karsi\/","og_locale":"tr_TR","og_type":"article","og_title":"Bioblas Erkek \u015eampuan\u0131 360 ml - Mentol ve B19 Kompleksi Sa\u00e7 D\u00f6k\u00fclmesine Kar\u015f\u0131 - hakmarfrance.online","og_description":"\u00d6zellikle erkekler i\u00e7in tasarlanm\u0131\u015f bu Bioblas \u015fampuan, mentol ve termal su bazl\u0131 form\u00fcl\u00fcyle kepek ve sa\u00e7 d\u00f6k\u00fclmesine kar\u015f\u0131 etkili bir \u015fekilde sava\u015f\u0131r. B19 bitkisel kompleksi i\u00e7eren form\u00fcl\u00fc sa\u00e7 derisini ar\u0131nd\u0131r\u0131r, sa\u00e7 b\u00fcy\u00fcmesini uyar\u0131r ve an\u0131nda ferahlat\u0131c\u0131 bir his sa\u011flar. Paraben i\u00e7ermez, klinik olarak test edilmi\u015ftir.","og_url":"https:\/\/hakmarfrance.online\/tr\/produit\/bioblas-erkek-sampuani-360-ml-mentol-ve-b19-kompleksi-sac-dokulmesine-karsi\/","og_site_name":"hakmarfrance.online","article_publisher":"https:\/\/www.facebook.com\/HakmarFranceSupermarche\/?locale=fr_FR","og_image":[{"width":1000,"height":800,"url":"https:\/\/hakmarfrance.online\/wp-content\/uploads\/2025\/06\/Bioblas-Homme-360ml-\u2013-Menthol-B19-Anti-Chute-1.avif","type":"image\/png"}],"twitter_card":"summary_large_image","schema":{"@context":"https:\/\/schema.org","@graph":[{"@type":"WebPage","@id":"https:\/\/hakmarfrance.online\/tr\/produit\/bioblas-erkek-sampuani-360-ml-mentol-ve-b19-kompleksi-sac-dokulmesine-karsi\/","url":"https:\/\/hakmarfrance.online\/tr\/produit\/bioblas-erkek-sampuani-360-ml-mentol-ve-b19-kompleksi-sac-dokulmesine-karsi\/","name":"Bioblas Erkek \u015eampuan\u0131 360 ml - Mentol ve B19 Kompleksi Sa\u00e7 D\u00f6k\u00fclmesine Kar\u015f\u0131 - hakmarfrance.online","isPartOf":{"@id":"https:\/\/hakmarfrance.online\/tr\/#website"},"primaryImageOfPage":{"@id":"https:\/\/hakmarfrance.online\/tr\/produit\/bioblas-erkek-sampuani-360-ml-mentol-ve-b19-kompleksi-sac-dokulmesine-karsi\/#primaryimage"},"image":{"@id":"https:\/\/hakmarfrance.online\/tr\/produit\/bioblas-erkek-sampuani-360-ml-mentol-ve-b19-kompleksi-sac-dokulmesine-karsi\/#primaryimage"},"thumbnailUrl":"https:\/\/hakmarfrance.online\/wp-content\/uploads\/2025\/06\/Bioblas-Homme-360ml-\u2013-Menthol-B19-Anti-Chute-1.avif","datePublished":"2025-06-16T07:47:17+00:00","breadcrumb":{"@id":"https:\/\/hakmarfrance.online\/tr\/produit\/bioblas-erkek-sampuani-360-ml-mentol-ve-b19-kompleksi-sac-dokulmesine-karsi\/#breadcrumb"},"inLanguage":"tr-TR","potentialAction":[{"@type":"ReadAction","target":["https:\/\/hakmarfrance.online\/tr\/produit\/bioblas-erkek-sampuani-360-ml-mentol-ve-b19-kompleksi-sac-dokulmesine-karsi\/"]}]},{"@type":"ImageObject","inLanguage":"tr-TR","@id":"https:\/\/hakmarfrance.online\/tr\/produit\/bioblas-erkek-sampuani-360-ml-mentol-ve-b19-kompleksi-sac-dokulmesine-karsi\/#primaryimage","url":"https:\/\/hakmarfrance.online\/wp-content\/uploads\/2025\/06\/Bioblas-Homme-360ml-\u2013-Menthol-B19-Anti-Chute-1.avif","contentUrl":"https:\/\/hakmarfrance.online\/wp-content\/uploads\/2025\/06\/Bioblas-Homme-360ml-\u2013-Menthol-B19-Anti-Chute-1.avif","width":1000,"height":800},{"@type":"BreadcrumbList","@id":"https:\/\/hakmarfrance.online\/tr\/produit\/bioblas-erkek-sampuani-360-ml-mentol-ve-b19-kompleksi-sac-dokulmesine-karsi\/#breadcrumb","itemListElement":[{"@type":"ListItem","position":1,"name":"Accueil","item":"https:\/\/hakmarfrance.online\/tr\/"},{"@type":"ListItem","position":2,"name":"Ma\u011faza","item":"https:\/\/hakmarfrance.online\/tr\/magaza\/"},{"@type":"ListItem","position":3,"name":"Bioblas Erkek \u015eampuan\u0131 360 ml &#8211; Mentol ve B19 Kompleksi Sa\u00e7 D\u00f6k\u00fclmesine Kar\u015f\u0131"}]},{"@type":"WebSite","@id":"https:\/\/hakmarfrance.online\/tr\/#website","url":"https:\/\/hakmarfrance.online\/tr\/","name":"hakmarfrance.online","description":"","publisher":{"@id":"https:\/\/hakmarfrance.online\/tr\/#organization"},"potentialAction":[{"@type":"SearchAction","target":{"@type":"EntryPoint","urlTemplate":"https:\/\/hakmarfrance.online\/tr\/?s={search_term_string}"},"query-input":{"@type":"PropertyValueSpecification","valueRequired":true,"valueName":"search_term_string"}}],"inLanguage":"tr-TR"},{"@type":"Organization","@id":"https:\/\/hakmarfrance.online\/tr\/#organization","name":"hakmarfrance.online","url":"https:\/\/hakmarfrance.online\/tr\/","logo":{"@type":"ImageObject","inLanguage":"tr-TR","@id":"https:\/\/hakmarfrance.online\/tr\/#\/schema\/logo\/image\/","url":"https:\/\/hakmarfrance.online\/wp-content\/uploads\/2025\/06\/logo-hakmarfrance.png","contentUrl":"https:\/\/hakmarfrance.online\/wp-content\/uploads\/2025\/06\/logo-hakmarfrance.png","width":528,"height":232,"caption":"hakmarfrance.online"},"image":{"@id":"https:\/\/hakmarfrance.online\/tr\/#\/schema\/logo\/image\/"},"sameAs":["https:\/\/www.facebook.com\/HakmarFranceSupermarche\/?locale=fr_FR","https:\/\/www.instagram.com\/hakmarfrancesupermarche\/"]}]}},"_links":{"self":[{"href":"https:\/\/hakmarfrance.online\/tr\/wp-json\/wp\/v2\/product\/18088","targetHints":{"allow":["GET"]}}],"collection":[{"href":"https:\/\/hakmarfrance.online\/tr\/wp-json\/wp\/v2\/product"}],"about":[{"href":"https:\/\/hakmarfrance.online\/tr\/wp-json\/wp\/v2\/types\/product"}],"replies":[{"embeddable":true,"href":"https:\/\/hakmarfrance.online\/tr\/wp-json\/wp\/v2\/comments?post=18088"}],"version-history":[{"count":0,"href":"https:\/\/hakmarfrance.online\/tr\/wp-json\/wp\/v2\/product\/18088\/revisions"}],"wp:featuredmedia":[{"embeddable":true,"href":"https:\/\/hakmarfrance.online\/tr\/wp-json\/wp\/v2\/media\/18090"}],"wp:attachment":[{"href":"https:\/\/hakmarfrance.online\/tr\/wp-json\/wp\/v2\/media?parent=18088"}],"wp:term":[{"taxonomy":"product_brand","embeddable":true,"href":"https:\/\/hakmarfrance.online\/tr\/wp-json\/wp\/v2\/product_brand?post=18088"},{"taxonomy":"product_cat","embeddable":true,"href":"https:\/\/hakmarfrance.online\/tr\/wp-json\/wp\/v2\/product_cat?post=18088"},{"taxonomy":"product_tag","embeddable":true,"href":"https:\/\/hakmarfrance.online\/tr\/wp-json\/wp\/v2\/product_tag?post=18088"}],"curies":[{"name":"wp","href":"https:\/\/api.w.org\/{rel}","templated":true}]}}