{"id":18097,"date":"2025-06-16T07:57:20","date_gmt":"2025-06-16T07:57:20","guid":{"rendered":"https:\/\/hakmarfrance.online\/produit\/egeturk-sirma-parmak-sucuk-1000-g-turk-usulu-helal-sucuk\/"},"modified":"2025-06-16T07:57:20","modified_gmt":"2025-06-16T07:57:20","slug":"egeturk-sirma-parmak-sucuk-1000-g-turk-usulu-helal-sucuk","status":"publish","type":"product","link":"https:\/\/hakmarfrance.online\/tr\/produit\/egeturk-sirma-parmak-sucuk-1000-g-turk-usulu-helal-sucuk\/","title":{"rendered":"Eget\u00fcrk Sirma Parmak Sucuk 1000 g \u2013 T\u00fcrk Usul\u00fc Helal Sucuk"},"content":{"rendered":"","protected":false},"excerpt":{"rendered":"<p>Eget\u00fcrk Sirma Parmak ile ger\u00e7ek T\u00fcrk sucu\u011funun yo\u011funlu\u011funun tad\u0131n\u0131 \u00e7\u0131kar\u0131n. Geleneksel baharatl\u0131 dana etinden yap\u0131lan bu 1 kg&#8217;l\u0131k helal sucuk, \u0131zgarada, sandvi\u00e7te veya do\u011fu yemeklerinizde m\u00fckemmeldir. Tariflerinizi canland\u0131rmak i\u00e7in otantik bir dokunu\u015f.  <\/p>\n","protected":false},"featured_media":18099,"comment_status":"open","ping_status":"closed","template":"","meta":{"iawp_total_views":3},"product_brand":[167],"product_cat":[286,283,227,296,285,225],"product_tag":[],"class_list":{"0":"post-18097","1":"product","2":"type-product","3":"status-publish","4":"has-post-thumbnail","6":"product_brand-egeturk","7":"product_cat-dogu-marketi","8":"product_cat-et-balik-sarkuteri","9":"product_cat-geleneksel-turk-urunleri","10":"product_cat-helal-kasap","11":"product_cat-sarkuteri-urunleri-sucuk-pastirma","12":"product_cat-tum-urunlerimiz","14":"first","15":"instock","16":"shipping-taxable","17":"purchasable","18":"product-type-simple"},"yoast_head":"<!-- This site is optimized with the Yoast SEO plugin v27.3 - https:\/\/yoast.com\/product\/yoast-seo-wordpress\/ -->\n<title>Eget\u00fcrk Sirma Parmak Sucuk 1000 g \u2013 T\u00fcrk Usul\u00fc Helal Sucuk - hakmarfrance.online<\/title>\n<meta name=\"robots\" content=\"index, follow, max-snippet:-1, max-image-preview:large, max-video-preview:-1\" \/>\n<link rel=\"canonical\" href=\"https:\/\/hakmarfrance.online\/tr\/produit\/egeturk-sirma-parmak-sucuk-1000-g-turk-usulu-helal-sucuk\/\" \/>\n<meta property=\"og:locale\" content=\"tr_TR\" \/>\n<meta property=\"og:type\" content=\"article\" \/>\n<meta property=\"og:title\" content=\"Eget\u00fcrk Sirma Parmak Sucuk 1000 g \u2013 T\u00fcrk Usul\u00fc Helal Sucuk - hakmarfrance.online\" \/>\n<meta property=\"og:description\" content=\"Eget\u00fcrk Sirma Parmak ile ger\u00e7ek T\u00fcrk sucu\u011funun yo\u011funlu\u011funun tad\u0131n\u0131 \u00e7\u0131kar\u0131n. Geleneksel baharatl\u0131 dana etinden yap\u0131lan bu 1 kg&#039;l\u0131k helal sucuk, \u0131zgarada, sandvi\u00e7te veya do\u011fu yemeklerinizde m\u00fckemmeldir. Tariflerinizi canland\u0131rmak i\u00e7in otantik bir dokunu\u015f.\" \/>\n<meta property=\"og:url\" content=\"https:\/\/hakmarfrance.online\/tr\/produit\/egeturk-sirma-parmak-sucuk-1000-g-turk-usulu-helal-sucuk\/\" \/>\n<meta property=\"og:site_name\" content=\"hakmarfrance.online\" \/>\n<meta property=\"article:publisher\" content=\"https:\/\/www.facebook.com\/HakmarFranceSupermarche\/?locale=fr_FR\" \/>\n<meta property=\"og:image\" content=\"https:\/\/hakmarfrance.online\/wp-content\/uploads\/2025\/06\/egeturk-sirma-parmak-sucuk-1Kg-1.avif\" \/>\n\t<meta property=\"og:image:width\" content=\"1000\" \/>\n\t<meta property=\"og:image:height\" content=\"800\" \/>\n\t<meta property=\"og:image:type\" content=\"image\/png\" \/>\n<meta name=\"twitter:card\" content=\"summary_large_image\" \/>\n<script type=\"application\/ld+json\" class=\"yoast-schema-graph\">{\"@context\":\"https:\\\/\\\/schema.org\",\"@graph\":[{\"@type\":\"WebPage\",\"@id\":\"https:\\\/\\\/hakmarfrance.online\\\/tr\\\/produit\\\/egeturk-sirma-parmak-sucuk-1000-g-turk-usulu-helal-sucuk\\\/\",\"url\":\"https:\\\/\\\/hakmarfrance.online\\\/tr\\\/produit\\\/egeturk-sirma-parmak-sucuk-1000-g-turk-usulu-helal-sucuk\\\/\",\"name\":\"Eget\u00fcrk Sirma Parmak Sucuk 1000 g \u2013 T\u00fcrk Usul\u00fc Helal Sucuk - hakmarfrance.online\",\"isPartOf\":{\"@id\":\"https:\\\/\\\/hakmarfrance.online\\\/tr\\\/#website\"},\"primaryImageOfPage\":{\"@id\":\"https:\\\/\\\/hakmarfrance.online\\\/tr\\\/produit\\\/egeturk-sirma-parmak-sucuk-1000-g-turk-usulu-helal-sucuk\\\/#primaryimage\"},\"image\":{\"@id\":\"https:\\\/\\\/hakmarfrance.online\\\/tr\\\/produit\\\/egeturk-sirma-parmak-sucuk-1000-g-turk-usulu-helal-sucuk\\\/#primaryimage\"},\"thumbnailUrl\":\"https:\\\/\\\/hakmarfrance.online\\\/wp-content\\\/uploads\\\/2025\\\/06\\\/egeturk-sirma-parmak-sucuk-1Kg-1.avif\",\"datePublished\":\"2025-06-16T07:57:20+00:00\",\"breadcrumb\":{\"@id\":\"https:\\\/\\\/hakmarfrance.online\\\/tr\\\/produit\\\/egeturk-sirma-parmak-sucuk-1000-g-turk-usulu-helal-sucuk\\\/#breadcrumb\"},\"inLanguage\":\"tr-TR\",\"potentialAction\":[{\"@type\":\"ReadAction\",\"target\":[\"https:\\\/\\\/hakmarfrance.online\\\/tr\\\/produit\\\/egeturk-sirma-parmak-sucuk-1000-g-turk-usulu-helal-sucuk\\\/\"]}]},{\"@type\":\"ImageObject\",\"inLanguage\":\"tr-TR\",\"@id\":\"https:\\\/\\\/hakmarfrance.online\\\/tr\\\/produit\\\/egeturk-sirma-parmak-sucuk-1000-g-turk-usulu-helal-sucuk\\\/#primaryimage\",\"url\":\"https:\\\/\\\/hakmarfrance.online\\\/wp-content\\\/uploads\\\/2025\\\/06\\\/egeturk-sirma-parmak-sucuk-1Kg-1.avif\",\"contentUrl\":\"https:\\\/\\\/hakmarfrance.online\\\/wp-content\\\/uploads\\\/2025\\\/06\\\/egeturk-sirma-parmak-sucuk-1Kg-1.avif\",\"width\":1000,\"height\":800},{\"@type\":\"BreadcrumbList\",\"@id\":\"https:\\\/\\\/hakmarfrance.online\\\/tr\\\/produit\\\/egeturk-sirma-parmak-sucuk-1000-g-turk-usulu-helal-sucuk\\\/#breadcrumb\",\"itemListElement\":[{\"@type\":\"ListItem\",\"position\":1,\"name\":\"Accueil\",\"item\":\"https:\\\/\\\/hakmarfrance.online\\\/tr\\\/\"},{\"@type\":\"ListItem\",\"position\":2,\"name\":\"Ma\u011faza\",\"item\":\"https:\\\/\\\/hakmarfrance.online\\\/tr\\\/magaza\\\/\"},{\"@type\":\"ListItem\",\"position\":3,\"name\":\"Eget\u00fcrk Sirma Parmak Sucuk 1000 g \u2013 T\u00fcrk Usul\u00fc Helal Sucuk\"}]},{\"@type\":\"WebSite\",\"@id\":\"https:\\\/\\\/hakmarfrance.online\\\/tr\\\/#website\",\"url\":\"https:\\\/\\\/hakmarfrance.online\\\/tr\\\/\",\"name\":\"hakmarfrance.online\",\"description\":\"\",\"publisher\":{\"@id\":\"https:\\\/\\\/hakmarfrance.online\\\/tr\\\/#organization\"},\"potentialAction\":[{\"@type\":\"SearchAction\",\"target\":{\"@type\":\"EntryPoint\",\"urlTemplate\":\"https:\\\/\\\/hakmarfrance.online\\\/tr\\\/?s={search_term_string}\"},\"query-input\":{\"@type\":\"PropertyValueSpecification\",\"valueRequired\":true,\"valueName\":\"search_term_string\"}}],\"inLanguage\":\"tr-TR\"},{\"@type\":\"Organization\",\"@id\":\"https:\\\/\\\/hakmarfrance.online\\\/tr\\\/#organization\",\"name\":\"hakmarfrance.online\",\"url\":\"https:\\\/\\\/hakmarfrance.online\\\/tr\\\/\",\"logo\":{\"@type\":\"ImageObject\",\"inLanguage\":\"tr-TR\",\"@id\":\"https:\\\/\\\/hakmarfrance.online\\\/tr\\\/#\\\/schema\\\/logo\\\/image\\\/\",\"url\":\"https:\\\/\\\/hakmarfrance.online\\\/wp-content\\\/uploads\\\/2025\\\/06\\\/logo-hakmarfrance.png\",\"contentUrl\":\"https:\\\/\\\/hakmarfrance.online\\\/wp-content\\\/uploads\\\/2025\\\/06\\\/logo-hakmarfrance.png\",\"width\":528,\"height\":232,\"caption\":\"hakmarfrance.online\"},\"image\":{\"@id\":\"https:\\\/\\\/hakmarfrance.online\\\/tr\\\/#\\\/schema\\\/logo\\\/image\\\/\"},\"sameAs\":[\"https:\\\/\\\/www.facebook.com\\\/HakmarFranceSupermarche\\\/?locale=fr_FR\",\"https:\\\/\\\/www.instagram.com\\\/hakmarfrancesupermarche\\\/\"]}]}<\/script>\n<!-- \/ Yoast SEO plugin. -->","yoast_head_json":{"title":"Eget\u00fcrk Sirma Parmak Sucuk 1000 g \u2013 T\u00fcrk Usul\u00fc Helal Sucuk - hakmarfrance.online","robots":{"index":"index","follow":"follow","max-snippet":"max-snippet:-1","max-image-preview":"max-image-preview:large","max-video-preview":"max-video-preview:-1"},"canonical":"https:\/\/hakmarfrance.online\/tr\/produit\/egeturk-sirma-parmak-sucuk-1000-g-turk-usulu-helal-sucuk\/","og_locale":"tr_TR","og_type":"article","og_title":"Eget\u00fcrk Sirma Parmak Sucuk 1000 g \u2013 T\u00fcrk Usul\u00fc Helal Sucuk - hakmarfrance.online","og_description":"Eget\u00fcrk Sirma Parmak ile ger\u00e7ek T\u00fcrk sucu\u011funun yo\u011funlu\u011funun tad\u0131n\u0131 \u00e7\u0131kar\u0131n. Geleneksel baharatl\u0131 dana etinden yap\u0131lan bu 1 kg'l\u0131k helal sucuk, \u0131zgarada, sandvi\u00e7te veya do\u011fu yemeklerinizde m\u00fckemmeldir. Tariflerinizi canland\u0131rmak i\u00e7in otantik bir dokunu\u015f.","og_url":"https:\/\/hakmarfrance.online\/tr\/produit\/egeturk-sirma-parmak-sucuk-1000-g-turk-usulu-helal-sucuk\/","og_site_name":"hakmarfrance.online","article_publisher":"https:\/\/www.facebook.com\/HakmarFranceSupermarche\/?locale=fr_FR","og_image":[{"width":1000,"height":800,"url":"https:\/\/hakmarfrance.online\/wp-content\/uploads\/2025\/06\/egeturk-sirma-parmak-sucuk-1Kg-1.avif","type":"image\/png"}],"twitter_card":"summary_large_image","schema":{"@context":"https:\/\/schema.org","@graph":[{"@type":"WebPage","@id":"https:\/\/hakmarfrance.online\/tr\/produit\/egeturk-sirma-parmak-sucuk-1000-g-turk-usulu-helal-sucuk\/","url":"https:\/\/hakmarfrance.online\/tr\/produit\/egeturk-sirma-parmak-sucuk-1000-g-turk-usulu-helal-sucuk\/","name":"Eget\u00fcrk Sirma Parmak Sucuk 1000 g \u2013 T\u00fcrk Usul\u00fc Helal Sucuk - hakmarfrance.online","isPartOf":{"@id":"https:\/\/hakmarfrance.online\/tr\/#website"},"primaryImageOfPage":{"@id":"https:\/\/hakmarfrance.online\/tr\/produit\/egeturk-sirma-parmak-sucuk-1000-g-turk-usulu-helal-sucuk\/#primaryimage"},"image":{"@id":"https:\/\/hakmarfrance.online\/tr\/produit\/egeturk-sirma-parmak-sucuk-1000-g-turk-usulu-helal-sucuk\/#primaryimage"},"thumbnailUrl":"https:\/\/hakmarfrance.online\/wp-content\/uploads\/2025\/06\/egeturk-sirma-parmak-sucuk-1Kg-1.avif","datePublished":"2025-06-16T07:57:20+00:00","breadcrumb":{"@id":"https:\/\/hakmarfrance.online\/tr\/produit\/egeturk-sirma-parmak-sucuk-1000-g-turk-usulu-helal-sucuk\/#breadcrumb"},"inLanguage":"tr-TR","potentialAction":[{"@type":"ReadAction","target":["https:\/\/hakmarfrance.online\/tr\/produit\/egeturk-sirma-parmak-sucuk-1000-g-turk-usulu-helal-sucuk\/"]}]},{"@type":"ImageObject","inLanguage":"tr-TR","@id":"https:\/\/hakmarfrance.online\/tr\/produit\/egeturk-sirma-parmak-sucuk-1000-g-turk-usulu-helal-sucuk\/#primaryimage","url":"https:\/\/hakmarfrance.online\/wp-content\/uploads\/2025\/06\/egeturk-sirma-parmak-sucuk-1Kg-1.avif","contentUrl":"https:\/\/hakmarfrance.online\/wp-content\/uploads\/2025\/06\/egeturk-sirma-parmak-sucuk-1Kg-1.avif","width":1000,"height":800},{"@type":"BreadcrumbList","@id":"https:\/\/hakmarfrance.online\/tr\/produit\/egeturk-sirma-parmak-sucuk-1000-g-turk-usulu-helal-sucuk\/#breadcrumb","itemListElement":[{"@type":"ListItem","position":1,"name":"Accueil","item":"https:\/\/hakmarfrance.online\/tr\/"},{"@type":"ListItem","position":2,"name":"Ma\u011faza","item":"https:\/\/hakmarfrance.online\/tr\/magaza\/"},{"@type":"ListItem","position":3,"name":"Eget\u00fcrk Sirma Parmak Sucuk 1000 g \u2013 T\u00fcrk Usul\u00fc Helal Sucuk"}]},{"@type":"WebSite","@id":"https:\/\/hakmarfrance.online\/tr\/#website","url":"https:\/\/hakmarfrance.online\/tr\/","name":"hakmarfrance.online","description":"","publisher":{"@id":"https:\/\/hakmarfrance.online\/tr\/#organization"},"potentialAction":[{"@type":"SearchAction","target":{"@type":"EntryPoint","urlTemplate":"https:\/\/hakmarfrance.online\/tr\/?s={search_term_string}"},"query-input":{"@type":"PropertyValueSpecification","valueRequired":true,"valueName":"search_term_string"}}],"inLanguage":"tr-TR"},{"@type":"Organization","@id":"https:\/\/hakmarfrance.online\/tr\/#organization","name":"hakmarfrance.online","url":"https:\/\/hakmarfrance.online\/tr\/","logo":{"@type":"ImageObject","inLanguage":"tr-TR","@id":"https:\/\/hakmarfrance.online\/tr\/#\/schema\/logo\/image\/","url":"https:\/\/hakmarfrance.online\/wp-content\/uploads\/2025\/06\/logo-hakmarfrance.png","contentUrl":"https:\/\/hakmarfrance.online\/wp-content\/uploads\/2025\/06\/logo-hakmarfrance.png","width":528,"height":232,"caption":"hakmarfrance.online"},"image":{"@id":"https:\/\/hakmarfrance.online\/tr\/#\/schema\/logo\/image\/"},"sameAs":["https:\/\/www.facebook.com\/HakmarFranceSupermarche\/?locale=fr_FR","https:\/\/www.instagram.com\/hakmarfrancesupermarche\/"]}]}},"_links":{"self":[{"href":"https:\/\/hakmarfrance.online\/tr\/wp-json\/wp\/v2\/product\/18097","targetHints":{"allow":["GET"]}}],"collection":[{"href":"https:\/\/hakmarfrance.online\/tr\/wp-json\/wp\/v2\/product"}],"about":[{"href":"https:\/\/hakmarfrance.online\/tr\/wp-json\/wp\/v2\/types\/product"}],"replies":[{"embeddable":true,"href":"https:\/\/hakmarfrance.online\/tr\/wp-json\/wp\/v2\/comments?post=18097"}],"version-history":[{"count":0,"href":"https:\/\/hakmarfrance.online\/tr\/wp-json\/wp\/v2\/product\/18097\/revisions"}],"wp:featuredmedia":[{"embeddable":true,"href":"https:\/\/hakmarfrance.online\/tr\/wp-json\/wp\/v2\/media\/18099"}],"wp:attachment":[{"href":"https:\/\/hakmarfrance.online\/tr\/wp-json\/wp\/v2\/media?parent=18097"}],"wp:term":[{"taxonomy":"product_brand","embeddable":true,"href":"https:\/\/hakmarfrance.online\/tr\/wp-json\/wp\/v2\/product_brand?post=18097"},{"taxonomy":"product_cat","embeddable":true,"href":"https:\/\/hakmarfrance.online\/tr\/wp-json\/wp\/v2\/product_cat?post=18097"},{"taxonomy":"product_tag","embeddable":true,"href":"https:\/\/hakmarfrance.online\/tr\/wp-json\/wp\/v2\/product_tag?post=18097"}],"curies":[{"name":"wp","href":"https:\/\/api.w.org\/{rel}","templated":true}]}}