{"id":18102,"date":"2025-06-16T07:41:58","date_gmt":"2025-06-16T07:41:58","guid":{"rendered":"https:\/\/hakmarfrance.online\/produit\/oncu-cifte-konsantre-domates-830-g-yogun-ve-otantik-lezzet\/"},"modified":"2025-06-16T07:41:58","modified_gmt":"2025-06-16T07:41:58","slug":"oncu-cifte-konsantre-domates-830-g-yogun-ve-otantik-lezzet","status":"publish","type":"product","link":"https:\/\/hakmarfrance.online\/tr\/produit\/oncu-cifte-konsantre-domates-830-g-yogun-ve-otantik-lezzet\/","title":{"rendered":"\u00d6nc\u00fc \u00c7ifte Konsantre Domates 830 g \u2013 Yo\u011fun ve Otantik Lezzet"},"content":{"rendered":"","protected":false},"excerpt":{"rendered":"<p>Akdeniz mutfa\u011f\u0131n\u0131n vazge\u00e7ilmezi olan bu \u00d6nc\u00fc domates konsantresi, g\u00fcne\u015fte olgunla\u015fm\u0131\u015f domateslerin t\u00fcm zenginli\u011fini ortaya \u00e7\u0131kar\u0131yor. Soslar\u0131, g\u00fcve\u00e7 yemekleri ve geleneksel tarifleri m\u00fckemmelle\u015ftirmek i\u00e7in ideal olan yo\u011fun lezzeti, t\u00fcm haz\u0131rl\u0131klar\u0131na derinlik ve karakter kat\u0131yor. <\/p>\n","protected":false},"featured_media":18103,"comment_status":"open","ping_status":"closed","template":"","meta":{"iawp_total_views":0},"product_brand":[],"product_cat":[286,291,225],"product_tag":[],"class_list":{"0":"post-18102","1":"product","2":"type-product","3":"status-publish","4":"has-post-thumbnail","6":"product_cat-dogu-marketi","7":"product_cat-konserveler-ve-kavanozlar","8":"product_cat-tum-urunlerimiz","10":"first","11":"instock","12":"shipping-taxable","13":"purchasable","14":"product-type-simple"},"yoast_head":"<!-- This site is optimized with the Yoast SEO plugin v27.3 - https:\/\/yoast.com\/product\/yoast-seo-wordpress\/ -->\n<title>\u00d6nc\u00fc \u00c7ifte Konsantre Domates 830 g \u2013 Yo\u011fun ve Otantik Lezzet - hakmarfrance.online<\/title>\n<meta name=\"robots\" content=\"index, follow, max-snippet:-1, max-image-preview:large, max-video-preview:-1\" \/>\n<link rel=\"canonical\" href=\"https:\/\/hakmarfrance.online\/tr\/produit\/oncu-cifte-konsantre-domates-830-g-yogun-ve-otantik-lezzet\/\" \/>\n<meta property=\"og:locale\" content=\"tr_TR\" \/>\n<meta property=\"og:type\" content=\"article\" \/>\n<meta property=\"og:title\" content=\"\u00d6nc\u00fc \u00c7ifte Konsantre Domates 830 g \u2013 Yo\u011fun ve Otantik Lezzet - hakmarfrance.online\" \/>\n<meta property=\"og:description\" content=\"Akdeniz mutfa\u011f\u0131n\u0131n vazge\u00e7ilmezi olan bu \u00d6nc\u00fc domates konsantresi, g\u00fcne\u015fte olgunla\u015fm\u0131\u015f domateslerin t\u00fcm zenginli\u011fini ortaya \u00e7\u0131kar\u0131yor. Soslar\u0131, g\u00fcve\u00e7 yemekleri ve geleneksel tarifleri m\u00fckemmelle\u015ftirmek i\u00e7in ideal olan yo\u011fun lezzeti, t\u00fcm haz\u0131rl\u0131klar\u0131na derinlik ve karakter kat\u0131yor.\" \/>\n<meta property=\"og:url\" content=\"https:\/\/hakmarfrance.online\/tr\/produit\/oncu-cifte-konsantre-domates-830-g-yogun-ve-otantik-lezzet\/\" \/>\n<meta property=\"og:site_name\" content=\"hakmarfrance.online\" \/>\n<meta property=\"article:publisher\" content=\"https:\/\/www.facebook.com\/HakmarFranceSupermarche\/?locale=fr_FR\" \/>\n<meta property=\"og:image\" content=\"https:\/\/hakmarfrance.online\/wp-content\/uploads\/2025\/06\/Oncu-Tomate-830g-\u2013-Double-Concentre-Traditionnel.png\" \/>\n\t<meta property=\"og:image:width\" content=\"600\" \/>\n\t<meta property=\"og:image:height\" content=\"600\" \/>\n\t<meta property=\"og:image:type\" content=\"image\/png\" \/>\n<meta name=\"twitter:card\" content=\"summary_large_image\" \/>\n<script type=\"application\/ld+json\" class=\"yoast-schema-graph\">{\"@context\":\"https:\\\/\\\/schema.org\",\"@graph\":[{\"@type\":\"WebPage\",\"@id\":\"https:\\\/\\\/hakmarfrance.online\\\/tr\\\/produit\\\/oncu-cifte-konsantre-domates-830-g-yogun-ve-otantik-lezzet\\\/\",\"url\":\"https:\\\/\\\/hakmarfrance.online\\\/tr\\\/produit\\\/oncu-cifte-konsantre-domates-830-g-yogun-ve-otantik-lezzet\\\/\",\"name\":\"\u00d6nc\u00fc \u00c7ifte Konsantre Domates 830 g \u2013 Yo\u011fun ve Otantik Lezzet - hakmarfrance.online\",\"isPartOf\":{\"@id\":\"https:\\\/\\\/hakmarfrance.online\\\/tr\\\/#website\"},\"primaryImageOfPage\":{\"@id\":\"https:\\\/\\\/hakmarfrance.online\\\/tr\\\/produit\\\/oncu-cifte-konsantre-domates-830-g-yogun-ve-otantik-lezzet\\\/#primaryimage\"},\"image\":{\"@id\":\"https:\\\/\\\/hakmarfrance.online\\\/tr\\\/produit\\\/oncu-cifte-konsantre-domates-830-g-yogun-ve-otantik-lezzet\\\/#primaryimage\"},\"thumbnailUrl\":\"https:\\\/\\\/hakmarfrance.online\\\/wp-content\\\/uploads\\\/2025\\\/06\\\/Oncu-Tomate-830g-\u2013-Double-Concentre-Traditionnel.png\",\"datePublished\":\"2025-06-16T07:41:58+00:00\",\"breadcrumb\":{\"@id\":\"https:\\\/\\\/hakmarfrance.online\\\/tr\\\/produit\\\/oncu-cifte-konsantre-domates-830-g-yogun-ve-otantik-lezzet\\\/#breadcrumb\"},\"inLanguage\":\"tr-TR\",\"potentialAction\":[{\"@type\":\"ReadAction\",\"target\":[\"https:\\\/\\\/hakmarfrance.online\\\/tr\\\/produit\\\/oncu-cifte-konsantre-domates-830-g-yogun-ve-otantik-lezzet\\\/\"]}]},{\"@type\":\"ImageObject\",\"inLanguage\":\"tr-TR\",\"@id\":\"https:\\\/\\\/hakmarfrance.online\\\/tr\\\/produit\\\/oncu-cifte-konsantre-domates-830-g-yogun-ve-otantik-lezzet\\\/#primaryimage\",\"url\":\"https:\\\/\\\/hakmarfrance.online\\\/wp-content\\\/uploads\\\/2025\\\/06\\\/Oncu-Tomate-830g-\u2013-Double-Concentre-Traditionnel.png\",\"contentUrl\":\"https:\\\/\\\/hakmarfrance.online\\\/wp-content\\\/uploads\\\/2025\\\/06\\\/Oncu-Tomate-830g-\u2013-Double-Concentre-Traditionnel.png\",\"width\":600,\"height\":600},{\"@type\":\"BreadcrumbList\",\"@id\":\"https:\\\/\\\/hakmarfrance.online\\\/tr\\\/produit\\\/oncu-cifte-konsantre-domates-830-g-yogun-ve-otantik-lezzet\\\/#breadcrumb\",\"itemListElement\":[{\"@type\":\"ListItem\",\"position\":1,\"name\":\"Accueil\",\"item\":\"https:\\\/\\\/hakmarfrance.online\\\/tr\\\/\"},{\"@type\":\"ListItem\",\"position\":2,\"name\":\"Ma\u011faza\",\"item\":\"https:\\\/\\\/hakmarfrance.online\\\/tr\\\/magaza\\\/\"},{\"@type\":\"ListItem\",\"position\":3,\"name\":\"\u00d6nc\u00fc \u00c7ifte Konsantre Domates 830 g \u2013 Yo\u011fun ve Otantik Lezzet\"}]},{\"@type\":\"WebSite\",\"@id\":\"https:\\\/\\\/hakmarfrance.online\\\/tr\\\/#website\",\"url\":\"https:\\\/\\\/hakmarfrance.online\\\/tr\\\/\",\"name\":\"hakmarfrance.online\",\"description\":\"\",\"publisher\":{\"@id\":\"https:\\\/\\\/hakmarfrance.online\\\/tr\\\/#organization\"},\"potentialAction\":[{\"@type\":\"SearchAction\",\"target\":{\"@type\":\"EntryPoint\",\"urlTemplate\":\"https:\\\/\\\/hakmarfrance.online\\\/tr\\\/?s={search_term_string}\"},\"query-input\":{\"@type\":\"PropertyValueSpecification\",\"valueRequired\":true,\"valueName\":\"search_term_string\"}}],\"inLanguage\":\"tr-TR\"},{\"@type\":\"Organization\",\"@id\":\"https:\\\/\\\/hakmarfrance.online\\\/tr\\\/#organization\",\"name\":\"hakmarfrance.online\",\"url\":\"https:\\\/\\\/hakmarfrance.online\\\/tr\\\/\",\"logo\":{\"@type\":\"ImageObject\",\"inLanguage\":\"tr-TR\",\"@id\":\"https:\\\/\\\/hakmarfrance.online\\\/tr\\\/#\\\/schema\\\/logo\\\/image\\\/\",\"url\":\"https:\\\/\\\/hakmarfrance.online\\\/wp-content\\\/uploads\\\/2025\\\/06\\\/logo-hakmarfrance.png\",\"contentUrl\":\"https:\\\/\\\/hakmarfrance.online\\\/wp-content\\\/uploads\\\/2025\\\/06\\\/logo-hakmarfrance.png\",\"width\":528,\"height\":232,\"caption\":\"hakmarfrance.online\"},\"image\":{\"@id\":\"https:\\\/\\\/hakmarfrance.online\\\/tr\\\/#\\\/schema\\\/logo\\\/image\\\/\"},\"sameAs\":[\"https:\\\/\\\/www.facebook.com\\\/HakmarFranceSupermarche\\\/?locale=fr_FR\",\"https:\\\/\\\/www.instagram.com\\\/hakmarfrancesupermarche\\\/\"]}]}<\/script>\n<!-- \/ Yoast SEO plugin. -->","yoast_head_json":{"title":"\u00d6nc\u00fc \u00c7ifte Konsantre Domates 830 g \u2013 Yo\u011fun ve Otantik Lezzet - hakmarfrance.online","robots":{"index":"index","follow":"follow","max-snippet":"max-snippet:-1","max-image-preview":"max-image-preview:large","max-video-preview":"max-video-preview:-1"},"canonical":"https:\/\/hakmarfrance.online\/tr\/produit\/oncu-cifte-konsantre-domates-830-g-yogun-ve-otantik-lezzet\/","og_locale":"tr_TR","og_type":"article","og_title":"\u00d6nc\u00fc \u00c7ifte Konsantre Domates 830 g \u2013 Yo\u011fun ve Otantik Lezzet - hakmarfrance.online","og_description":"Akdeniz mutfa\u011f\u0131n\u0131n vazge\u00e7ilmezi olan bu \u00d6nc\u00fc domates konsantresi, g\u00fcne\u015fte olgunla\u015fm\u0131\u015f domateslerin t\u00fcm zenginli\u011fini ortaya \u00e7\u0131kar\u0131yor. Soslar\u0131, g\u00fcve\u00e7 yemekleri ve geleneksel tarifleri m\u00fckemmelle\u015ftirmek i\u00e7in ideal olan yo\u011fun lezzeti, t\u00fcm haz\u0131rl\u0131klar\u0131na derinlik ve karakter kat\u0131yor.","og_url":"https:\/\/hakmarfrance.online\/tr\/produit\/oncu-cifte-konsantre-domates-830-g-yogun-ve-otantik-lezzet\/","og_site_name":"hakmarfrance.online","article_publisher":"https:\/\/www.facebook.com\/HakmarFranceSupermarche\/?locale=fr_FR","og_image":[{"width":600,"height":600,"url":"https:\/\/hakmarfrance.online\/wp-content\/uploads\/2025\/06\/Oncu-Tomate-830g-\u2013-Double-Concentre-Traditionnel.png","type":"image\/png"}],"twitter_card":"summary_large_image","schema":{"@context":"https:\/\/schema.org","@graph":[{"@type":"WebPage","@id":"https:\/\/hakmarfrance.online\/tr\/produit\/oncu-cifte-konsantre-domates-830-g-yogun-ve-otantik-lezzet\/","url":"https:\/\/hakmarfrance.online\/tr\/produit\/oncu-cifte-konsantre-domates-830-g-yogun-ve-otantik-lezzet\/","name":"\u00d6nc\u00fc \u00c7ifte Konsantre Domates 830 g \u2013 Yo\u011fun ve Otantik Lezzet - hakmarfrance.online","isPartOf":{"@id":"https:\/\/hakmarfrance.online\/tr\/#website"},"primaryImageOfPage":{"@id":"https:\/\/hakmarfrance.online\/tr\/produit\/oncu-cifte-konsantre-domates-830-g-yogun-ve-otantik-lezzet\/#primaryimage"},"image":{"@id":"https:\/\/hakmarfrance.online\/tr\/produit\/oncu-cifte-konsantre-domates-830-g-yogun-ve-otantik-lezzet\/#primaryimage"},"thumbnailUrl":"https:\/\/hakmarfrance.online\/wp-content\/uploads\/2025\/06\/Oncu-Tomate-830g-\u2013-Double-Concentre-Traditionnel.png","datePublished":"2025-06-16T07:41:58+00:00","breadcrumb":{"@id":"https:\/\/hakmarfrance.online\/tr\/produit\/oncu-cifte-konsantre-domates-830-g-yogun-ve-otantik-lezzet\/#breadcrumb"},"inLanguage":"tr-TR","potentialAction":[{"@type":"ReadAction","target":["https:\/\/hakmarfrance.online\/tr\/produit\/oncu-cifte-konsantre-domates-830-g-yogun-ve-otantik-lezzet\/"]}]},{"@type":"ImageObject","inLanguage":"tr-TR","@id":"https:\/\/hakmarfrance.online\/tr\/produit\/oncu-cifte-konsantre-domates-830-g-yogun-ve-otantik-lezzet\/#primaryimage","url":"https:\/\/hakmarfrance.online\/wp-content\/uploads\/2025\/06\/Oncu-Tomate-830g-\u2013-Double-Concentre-Traditionnel.png","contentUrl":"https:\/\/hakmarfrance.online\/wp-content\/uploads\/2025\/06\/Oncu-Tomate-830g-\u2013-Double-Concentre-Traditionnel.png","width":600,"height":600},{"@type":"BreadcrumbList","@id":"https:\/\/hakmarfrance.online\/tr\/produit\/oncu-cifte-konsantre-domates-830-g-yogun-ve-otantik-lezzet\/#breadcrumb","itemListElement":[{"@type":"ListItem","position":1,"name":"Accueil","item":"https:\/\/hakmarfrance.online\/tr\/"},{"@type":"ListItem","position":2,"name":"Ma\u011faza","item":"https:\/\/hakmarfrance.online\/tr\/magaza\/"},{"@type":"ListItem","position":3,"name":"\u00d6nc\u00fc \u00c7ifte Konsantre Domates 830 g \u2013 Yo\u011fun ve Otantik Lezzet"}]},{"@type":"WebSite","@id":"https:\/\/hakmarfrance.online\/tr\/#website","url":"https:\/\/hakmarfrance.online\/tr\/","name":"hakmarfrance.online","description":"","publisher":{"@id":"https:\/\/hakmarfrance.online\/tr\/#organization"},"potentialAction":[{"@type":"SearchAction","target":{"@type":"EntryPoint","urlTemplate":"https:\/\/hakmarfrance.online\/tr\/?s={search_term_string}"},"query-input":{"@type":"PropertyValueSpecification","valueRequired":true,"valueName":"search_term_string"}}],"inLanguage":"tr-TR"},{"@type":"Organization","@id":"https:\/\/hakmarfrance.online\/tr\/#organization","name":"hakmarfrance.online","url":"https:\/\/hakmarfrance.online\/tr\/","logo":{"@type":"ImageObject","inLanguage":"tr-TR","@id":"https:\/\/hakmarfrance.online\/tr\/#\/schema\/logo\/image\/","url":"https:\/\/hakmarfrance.online\/wp-content\/uploads\/2025\/06\/logo-hakmarfrance.png","contentUrl":"https:\/\/hakmarfrance.online\/wp-content\/uploads\/2025\/06\/logo-hakmarfrance.png","width":528,"height":232,"caption":"hakmarfrance.online"},"image":{"@id":"https:\/\/hakmarfrance.online\/tr\/#\/schema\/logo\/image\/"},"sameAs":["https:\/\/www.facebook.com\/HakmarFranceSupermarche\/?locale=fr_FR","https:\/\/www.instagram.com\/hakmarfrancesupermarche\/"]}]}},"_links":{"self":[{"href":"https:\/\/hakmarfrance.online\/tr\/wp-json\/wp\/v2\/product\/18102","targetHints":{"allow":["GET"]}}],"collection":[{"href":"https:\/\/hakmarfrance.online\/tr\/wp-json\/wp\/v2\/product"}],"about":[{"href":"https:\/\/hakmarfrance.online\/tr\/wp-json\/wp\/v2\/types\/product"}],"replies":[{"embeddable":true,"href":"https:\/\/hakmarfrance.online\/tr\/wp-json\/wp\/v2\/comments?post=18102"}],"version-history":[{"count":0,"href":"https:\/\/hakmarfrance.online\/tr\/wp-json\/wp\/v2\/product\/18102\/revisions"}],"wp:featuredmedia":[{"embeddable":true,"href":"https:\/\/hakmarfrance.online\/tr\/wp-json\/wp\/v2\/media\/18103"}],"wp:attachment":[{"href":"https:\/\/hakmarfrance.online\/tr\/wp-json\/wp\/v2\/media?parent=18102"}],"wp:term":[{"taxonomy":"product_brand","embeddable":true,"href":"https:\/\/hakmarfrance.online\/tr\/wp-json\/wp\/v2\/product_brand?post=18102"},{"taxonomy":"product_cat","embeddable":true,"href":"https:\/\/hakmarfrance.online\/tr\/wp-json\/wp\/v2\/product_cat?post=18102"},{"taxonomy":"product_tag","embeddable":true,"href":"https:\/\/hakmarfrance.online\/tr\/wp-json\/wp\/v2\/product_tag?post=18102"}],"curies":[{"name":"wp","href":"https:\/\/api.w.org\/{rel}","templated":true}]}}