{"id":18108,"date":"2025-06-16T07:47:57","date_gmt":"2025-06-16T07:47:57","guid":{"rendered":"https:\/\/hakmarfrance.online\/produit\/bioblas-sac-dokulmesine-karsi-sampuan-sarmasik-ozlu-360-ml\/"},"modified":"2025-06-16T07:47:57","modified_gmt":"2025-06-16T07:47:57","slug":"bioblas-sac-dokulmesine-karsi-sampuan-sarmasik-ozlu-360-ml","status":"publish","type":"product","link":"https:\/\/hakmarfrance.online\/tr\/produit\/bioblas-sac-dokulmesine-karsi-sampuan-sarmasik-ozlu-360-ml\/","title":{"rendered":"Bioblas Sa\u00e7 D\u00f6k\u00fclmesine Kar\u015f\u0131 \u015eampuan &#8211; Sarma\u015f\u0131k \u00d6zl\u00fc &#8211; 360 ml"},"content":{"rendered":"","protected":false},"excerpt":{"rendered":"<p data-start=\"333\" data-end=\"522\"><strong data-start=\"376\" data-end=\"419\">Bioblas sarma\u015f\u0131k \u00f6zl\u00fc \u015fampuan<\/strong> ile sa\u00e7 b\u00fcy\u00fcmenizi uyar\u0131n. Sa\u00e7 d\u00f6k\u00fclmesine kar\u015f\u0131 etkili bir \u015fekilde sava\u015fmak i\u00e7in <strong data-start=\"434\" data-end=\"469\">%74 bitkisel serum<\/strong> ile form\u00fcle edilmi\u015ftir.<\/p>\n<p data-start=\"524\" data-end=\"773\">\u2714\ufe0f Sa\u00e7lar\u0131 k\u00f6kten g\u00fc\u00e7lendirir<br data-start=\"561\" data-end=\"564\">\u2714\ufe0f Yava\u015f uzayan sa\u00e7lar i\u00e7in sa\u011fl\u0131kl\u0131 b\u00fcy\u00fcmeyi te\u015fvik eder<br data-start=\"636\" data-end=\"639\">\u2714\ufe0f Paraben i\u00e7ermez &#8211; dermatolojik olarak test edilmi\u015ftir<br data-start=\"682\" data-end=\"685\">\u2714\ufe0f Do\u011fal bitkilerle Bioblas B19 patentli form\u00fcl\u00fc<br data-start=\"739\" data-end=\"742\">\u2714\ufe0f %93 m\u00fc\u015fteri memnuniyeti*<\/p>\n<p data-start=\"775\" data-end=\"897\">Sa\u00e7lar\u0131n\u0131za canl\u0131l\u0131k ve yo\u011funluk kazand\u0131rmak i\u00e7in <strong data-start=\"810\" data-end=\"844\">etkililik, do\u011fall\u0131k ve yumu\u015fakl\u0131\u011f\u0131<\/strong> bir araya getiren g\u00fcnl\u00fck bir \u015fampuan.<\/p>\n","protected":false},"featured_media":18109,"comment_status":"open","ping_status":"closed","template":"","meta":{"iawp_total_views":8},"product_brand":[189],"product_cat":[284,225],"product_tag":[],"class_list":{"0":"post-18108","1":"product","2":"type-product","3":"status-publish","4":"has-post-thumbnail","6":"product_brand-bioblas","7":"product_cat-hijyen-bakim","8":"product_cat-tum-urunlerimiz","10":"first","11":"instock","12":"shipping-taxable","13":"purchasable","14":"product-type-simple"},"yoast_head":"<!-- This site is optimized with the Yoast SEO plugin v27.3 - https:\/\/yoast.com\/product\/yoast-seo-wordpress\/ -->\n<title>Bioblas Sa\u00e7 D\u00f6k\u00fclmesine Kar\u015f\u0131 \u015eampuan - Sarma\u015f\u0131k \u00d6zl\u00fc - 360 ml - hakmarfrance.online<\/title>\n<meta name=\"robots\" content=\"index, follow, max-snippet:-1, max-image-preview:large, max-video-preview:-1\" \/>\n<link rel=\"canonical\" href=\"https:\/\/hakmarfrance.online\/tr\/produit\/bioblas-sac-dokulmesine-karsi-sampuan-sarmasik-ozlu-360-ml\/\" \/>\n<meta property=\"og:locale\" content=\"tr_TR\" \/>\n<meta property=\"og:type\" content=\"article\" \/>\n<meta property=\"og:title\" content=\"Bioblas Sa\u00e7 D\u00f6k\u00fclmesine Kar\u015f\u0131 \u015eampuan - Sarma\u015f\u0131k \u00d6zl\u00fc - 360 ml - hakmarfrance.online\" \/>\n<meta property=\"og:description\" content=\"Bioblas sarma\u015f\u0131k \u00f6zl\u00fc \u015fampuan ile sa\u00e7 b\u00fcy\u00fcmenizi uyar\u0131n. Sa\u00e7 d\u00f6k\u00fclmesine kar\u015f\u0131 etkili bir \u015fekilde sava\u015fmak i\u00e7in %74 bitkisel serum ile form\u00fcle edilmi\u015ftir. \u2714\ufe0f Sa\u00e7lar\u0131 k\u00f6kten g\u00fc\u00e7lendirir\u2714\ufe0f Yava\u015f uzayan sa\u00e7lar i\u00e7in sa\u011fl\u0131kl\u0131 b\u00fcy\u00fcmeyi te\u015fvik eder\u2714\ufe0f Paraben i\u00e7ermez - dermatolojik olarak test edilmi\u015ftir\u2714\ufe0f Do\u011fal bitkilerle Bioblas B19 patentli form\u00fcl\u00fc\u2714\ufe0f %93 m\u00fc\u015fteri memnuniyeti* Sa\u00e7lar\u0131n\u0131za canl\u0131l\u0131k ve yo\u011funluk kazand\u0131rmak i\u00e7in etkililik, do\u011fall\u0131k ve yumu\u015fakl\u0131\u011f\u0131 bir araya getiren g\u00fcnl\u00fck bir \u015fampuan.\" \/>\n<meta property=\"og:url\" content=\"https:\/\/hakmarfrance.online\/tr\/produit\/bioblas-sac-dokulmesine-karsi-sampuan-sarmasik-ozlu-360-ml\/\" \/>\n<meta property=\"og:site_name\" content=\"hakmarfrance.online\" \/>\n<meta property=\"article:publisher\" content=\"https:\/\/www.facebook.com\/HakmarFranceSupermarche\/?locale=fr_FR\" \/>\n<meta property=\"og:image\" content=\"https:\/\/hakmarfrance.online\/wp-content\/uploads\/2025\/06\/shampoing-antichute-bio-herbes-bioblas-extrait-lierre.avif\" \/>\n\t<meta property=\"og:image:width\" content=\"1000\" \/>\n\t<meta property=\"og:image:height\" content=\"800\" \/>\n\t<meta property=\"og:image:type\" content=\"image\/png\" \/>\n<meta name=\"twitter:card\" content=\"summary_large_image\" \/>\n<script type=\"application\/ld+json\" class=\"yoast-schema-graph\">{\"@context\":\"https:\\\/\\\/schema.org\",\"@graph\":[{\"@type\":\"WebPage\",\"@id\":\"https:\\\/\\\/hakmarfrance.online\\\/tr\\\/produit\\\/bioblas-sac-dokulmesine-karsi-sampuan-sarmasik-ozlu-360-ml\\\/\",\"url\":\"https:\\\/\\\/hakmarfrance.online\\\/tr\\\/produit\\\/bioblas-sac-dokulmesine-karsi-sampuan-sarmasik-ozlu-360-ml\\\/\",\"name\":\"Bioblas Sa\u00e7 D\u00f6k\u00fclmesine Kar\u015f\u0131 \u015eampuan - Sarma\u015f\u0131k \u00d6zl\u00fc - 360 ml - hakmarfrance.online\",\"isPartOf\":{\"@id\":\"https:\\\/\\\/hakmarfrance.online\\\/tr\\\/#website\"},\"primaryImageOfPage\":{\"@id\":\"https:\\\/\\\/hakmarfrance.online\\\/tr\\\/produit\\\/bioblas-sac-dokulmesine-karsi-sampuan-sarmasik-ozlu-360-ml\\\/#primaryimage\"},\"image\":{\"@id\":\"https:\\\/\\\/hakmarfrance.online\\\/tr\\\/produit\\\/bioblas-sac-dokulmesine-karsi-sampuan-sarmasik-ozlu-360-ml\\\/#primaryimage\"},\"thumbnailUrl\":\"https:\\\/\\\/hakmarfrance.online\\\/wp-content\\\/uploads\\\/2025\\\/06\\\/shampoing-antichute-bio-herbes-bioblas-extrait-lierre.avif\",\"datePublished\":\"2025-06-16T07:47:57+00:00\",\"breadcrumb\":{\"@id\":\"https:\\\/\\\/hakmarfrance.online\\\/tr\\\/produit\\\/bioblas-sac-dokulmesine-karsi-sampuan-sarmasik-ozlu-360-ml\\\/#breadcrumb\"},\"inLanguage\":\"tr-TR\",\"potentialAction\":[{\"@type\":\"ReadAction\",\"target\":[\"https:\\\/\\\/hakmarfrance.online\\\/tr\\\/produit\\\/bioblas-sac-dokulmesine-karsi-sampuan-sarmasik-ozlu-360-ml\\\/\"]}]},{\"@type\":\"ImageObject\",\"inLanguage\":\"tr-TR\",\"@id\":\"https:\\\/\\\/hakmarfrance.online\\\/tr\\\/produit\\\/bioblas-sac-dokulmesine-karsi-sampuan-sarmasik-ozlu-360-ml\\\/#primaryimage\",\"url\":\"https:\\\/\\\/hakmarfrance.online\\\/wp-content\\\/uploads\\\/2025\\\/06\\\/shampoing-antichute-bio-herbes-bioblas-extrait-lierre.avif\",\"contentUrl\":\"https:\\\/\\\/hakmarfrance.online\\\/wp-content\\\/uploads\\\/2025\\\/06\\\/shampoing-antichute-bio-herbes-bioblas-extrait-lierre.avif\",\"width\":1000,\"height\":800},{\"@type\":\"BreadcrumbList\",\"@id\":\"https:\\\/\\\/hakmarfrance.online\\\/tr\\\/produit\\\/bioblas-sac-dokulmesine-karsi-sampuan-sarmasik-ozlu-360-ml\\\/#breadcrumb\",\"itemListElement\":[{\"@type\":\"ListItem\",\"position\":1,\"name\":\"Accueil\",\"item\":\"https:\\\/\\\/hakmarfrance.online\\\/tr\\\/\"},{\"@type\":\"ListItem\",\"position\":2,\"name\":\"Ma\u011faza\",\"item\":\"https:\\\/\\\/hakmarfrance.online\\\/tr\\\/magaza\\\/\"},{\"@type\":\"ListItem\",\"position\":3,\"name\":\"Bioblas Sa\u00e7 D\u00f6k\u00fclmesine Kar\u015f\u0131 \u015eampuan &#8211; Sarma\u015f\u0131k \u00d6zl\u00fc &#8211; 360 ml\"}]},{\"@type\":\"WebSite\",\"@id\":\"https:\\\/\\\/hakmarfrance.online\\\/tr\\\/#website\",\"url\":\"https:\\\/\\\/hakmarfrance.online\\\/tr\\\/\",\"name\":\"hakmarfrance.online\",\"description\":\"\",\"publisher\":{\"@id\":\"https:\\\/\\\/hakmarfrance.online\\\/tr\\\/#organization\"},\"potentialAction\":[{\"@type\":\"SearchAction\",\"target\":{\"@type\":\"EntryPoint\",\"urlTemplate\":\"https:\\\/\\\/hakmarfrance.online\\\/tr\\\/?s={search_term_string}\"},\"query-input\":{\"@type\":\"PropertyValueSpecification\",\"valueRequired\":true,\"valueName\":\"search_term_string\"}}],\"inLanguage\":\"tr-TR\"},{\"@type\":\"Organization\",\"@id\":\"https:\\\/\\\/hakmarfrance.online\\\/tr\\\/#organization\",\"name\":\"hakmarfrance.online\",\"url\":\"https:\\\/\\\/hakmarfrance.online\\\/tr\\\/\",\"logo\":{\"@type\":\"ImageObject\",\"inLanguage\":\"tr-TR\",\"@id\":\"https:\\\/\\\/hakmarfrance.online\\\/tr\\\/#\\\/schema\\\/logo\\\/image\\\/\",\"url\":\"https:\\\/\\\/hakmarfrance.online\\\/wp-content\\\/uploads\\\/2025\\\/06\\\/logo-hakmarfrance.png\",\"contentUrl\":\"https:\\\/\\\/hakmarfrance.online\\\/wp-content\\\/uploads\\\/2025\\\/06\\\/logo-hakmarfrance.png\",\"width\":528,\"height\":232,\"caption\":\"hakmarfrance.online\"},\"image\":{\"@id\":\"https:\\\/\\\/hakmarfrance.online\\\/tr\\\/#\\\/schema\\\/logo\\\/image\\\/\"},\"sameAs\":[\"https:\\\/\\\/www.facebook.com\\\/HakmarFranceSupermarche\\\/?locale=fr_FR\",\"https:\\\/\\\/www.instagram.com\\\/hakmarfrancesupermarche\\\/\"]}]}<\/script>\n<!-- \/ Yoast SEO plugin. -->","yoast_head_json":{"title":"Bioblas Sa\u00e7 D\u00f6k\u00fclmesine Kar\u015f\u0131 \u015eampuan - Sarma\u015f\u0131k \u00d6zl\u00fc - 360 ml - hakmarfrance.online","robots":{"index":"index","follow":"follow","max-snippet":"max-snippet:-1","max-image-preview":"max-image-preview:large","max-video-preview":"max-video-preview:-1"},"canonical":"https:\/\/hakmarfrance.online\/tr\/produit\/bioblas-sac-dokulmesine-karsi-sampuan-sarmasik-ozlu-360-ml\/","og_locale":"tr_TR","og_type":"article","og_title":"Bioblas Sa\u00e7 D\u00f6k\u00fclmesine Kar\u015f\u0131 \u015eampuan - Sarma\u015f\u0131k \u00d6zl\u00fc - 360 ml - hakmarfrance.online","og_description":"Bioblas sarma\u015f\u0131k \u00f6zl\u00fc \u015fampuan ile sa\u00e7 b\u00fcy\u00fcmenizi uyar\u0131n. Sa\u00e7 d\u00f6k\u00fclmesine kar\u015f\u0131 etkili bir \u015fekilde sava\u015fmak i\u00e7in %74 bitkisel serum ile form\u00fcle edilmi\u015ftir. \u2714\ufe0f Sa\u00e7lar\u0131 k\u00f6kten g\u00fc\u00e7lendirir\u2714\ufe0f Yava\u015f uzayan sa\u00e7lar i\u00e7in sa\u011fl\u0131kl\u0131 b\u00fcy\u00fcmeyi te\u015fvik eder\u2714\ufe0f Paraben i\u00e7ermez - dermatolojik olarak test edilmi\u015ftir\u2714\ufe0f Do\u011fal bitkilerle Bioblas B19 patentli form\u00fcl\u00fc\u2714\ufe0f %93 m\u00fc\u015fteri memnuniyeti* Sa\u00e7lar\u0131n\u0131za canl\u0131l\u0131k ve yo\u011funluk kazand\u0131rmak i\u00e7in etkililik, do\u011fall\u0131k ve yumu\u015fakl\u0131\u011f\u0131 bir araya getiren g\u00fcnl\u00fck bir \u015fampuan.","og_url":"https:\/\/hakmarfrance.online\/tr\/produit\/bioblas-sac-dokulmesine-karsi-sampuan-sarmasik-ozlu-360-ml\/","og_site_name":"hakmarfrance.online","article_publisher":"https:\/\/www.facebook.com\/HakmarFranceSupermarche\/?locale=fr_FR","og_image":[{"width":1000,"height":800,"url":"https:\/\/hakmarfrance.online\/wp-content\/uploads\/2025\/06\/shampoing-antichute-bio-herbes-bioblas-extrait-lierre.avif","type":"image\/png"}],"twitter_card":"summary_large_image","schema":{"@context":"https:\/\/schema.org","@graph":[{"@type":"WebPage","@id":"https:\/\/hakmarfrance.online\/tr\/produit\/bioblas-sac-dokulmesine-karsi-sampuan-sarmasik-ozlu-360-ml\/","url":"https:\/\/hakmarfrance.online\/tr\/produit\/bioblas-sac-dokulmesine-karsi-sampuan-sarmasik-ozlu-360-ml\/","name":"Bioblas Sa\u00e7 D\u00f6k\u00fclmesine Kar\u015f\u0131 \u015eampuan - Sarma\u015f\u0131k \u00d6zl\u00fc - 360 ml - hakmarfrance.online","isPartOf":{"@id":"https:\/\/hakmarfrance.online\/tr\/#website"},"primaryImageOfPage":{"@id":"https:\/\/hakmarfrance.online\/tr\/produit\/bioblas-sac-dokulmesine-karsi-sampuan-sarmasik-ozlu-360-ml\/#primaryimage"},"image":{"@id":"https:\/\/hakmarfrance.online\/tr\/produit\/bioblas-sac-dokulmesine-karsi-sampuan-sarmasik-ozlu-360-ml\/#primaryimage"},"thumbnailUrl":"https:\/\/hakmarfrance.online\/wp-content\/uploads\/2025\/06\/shampoing-antichute-bio-herbes-bioblas-extrait-lierre.avif","datePublished":"2025-06-16T07:47:57+00:00","breadcrumb":{"@id":"https:\/\/hakmarfrance.online\/tr\/produit\/bioblas-sac-dokulmesine-karsi-sampuan-sarmasik-ozlu-360-ml\/#breadcrumb"},"inLanguage":"tr-TR","potentialAction":[{"@type":"ReadAction","target":["https:\/\/hakmarfrance.online\/tr\/produit\/bioblas-sac-dokulmesine-karsi-sampuan-sarmasik-ozlu-360-ml\/"]}]},{"@type":"ImageObject","inLanguage":"tr-TR","@id":"https:\/\/hakmarfrance.online\/tr\/produit\/bioblas-sac-dokulmesine-karsi-sampuan-sarmasik-ozlu-360-ml\/#primaryimage","url":"https:\/\/hakmarfrance.online\/wp-content\/uploads\/2025\/06\/shampoing-antichute-bio-herbes-bioblas-extrait-lierre.avif","contentUrl":"https:\/\/hakmarfrance.online\/wp-content\/uploads\/2025\/06\/shampoing-antichute-bio-herbes-bioblas-extrait-lierre.avif","width":1000,"height":800},{"@type":"BreadcrumbList","@id":"https:\/\/hakmarfrance.online\/tr\/produit\/bioblas-sac-dokulmesine-karsi-sampuan-sarmasik-ozlu-360-ml\/#breadcrumb","itemListElement":[{"@type":"ListItem","position":1,"name":"Accueil","item":"https:\/\/hakmarfrance.online\/tr\/"},{"@type":"ListItem","position":2,"name":"Ma\u011faza","item":"https:\/\/hakmarfrance.online\/tr\/magaza\/"},{"@type":"ListItem","position":3,"name":"Bioblas Sa\u00e7 D\u00f6k\u00fclmesine Kar\u015f\u0131 \u015eampuan &#8211; Sarma\u015f\u0131k \u00d6zl\u00fc &#8211; 360 ml"}]},{"@type":"WebSite","@id":"https:\/\/hakmarfrance.online\/tr\/#website","url":"https:\/\/hakmarfrance.online\/tr\/","name":"hakmarfrance.online","description":"","publisher":{"@id":"https:\/\/hakmarfrance.online\/tr\/#organization"},"potentialAction":[{"@type":"SearchAction","target":{"@type":"EntryPoint","urlTemplate":"https:\/\/hakmarfrance.online\/tr\/?s={search_term_string}"},"query-input":{"@type":"PropertyValueSpecification","valueRequired":true,"valueName":"search_term_string"}}],"inLanguage":"tr-TR"},{"@type":"Organization","@id":"https:\/\/hakmarfrance.online\/tr\/#organization","name":"hakmarfrance.online","url":"https:\/\/hakmarfrance.online\/tr\/","logo":{"@type":"ImageObject","inLanguage":"tr-TR","@id":"https:\/\/hakmarfrance.online\/tr\/#\/schema\/logo\/image\/","url":"https:\/\/hakmarfrance.online\/wp-content\/uploads\/2025\/06\/logo-hakmarfrance.png","contentUrl":"https:\/\/hakmarfrance.online\/wp-content\/uploads\/2025\/06\/logo-hakmarfrance.png","width":528,"height":232,"caption":"hakmarfrance.online"},"image":{"@id":"https:\/\/hakmarfrance.online\/tr\/#\/schema\/logo\/image\/"},"sameAs":["https:\/\/www.facebook.com\/HakmarFranceSupermarche\/?locale=fr_FR","https:\/\/www.instagram.com\/hakmarfrancesupermarche\/"]}]}},"_links":{"self":[{"href":"https:\/\/hakmarfrance.online\/tr\/wp-json\/wp\/v2\/product\/18108","targetHints":{"allow":["GET"]}}],"collection":[{"href":"https:\/\/hakmarfrance.online\/tr\/wp-json\/wp\/v2\/product"}],"about":[{"href":"https:\/\/hakmarfrance.online\/tr\/wp-json\/wp\/v2\/types\/product"}],"replies":[{"embeddable":true,"href":"https:\/\/hakmarfrance.online\/tr\/wp-json\/wp\/v2\/comments?post=18108"}],"version-history":[{"count":0,"href":"https:\/\/hakmarfrance.online\/tr\/wp-json\/wp\/v2\/product\/18108\/revisions"}],"wp:featuredmedia":[{"embeddable":true,"href":"https:\/\/hakmarfrance.online\/tr\/wp-json\/wp\/v2\/media\/18109"}],"wp:attachment":[{"href":"https:\/\/hakmarfrance.online\/tr\/wp-json\/wp\/v2\/media?parent=18108"}],"wp:term":[{"taxonomy":"product_brand","embeddable":true,"href":"https:\/\/hakmarfrance.online\/tr\/wp-json\/wp\/v2\/product_brand?post=18108"},{"taxonomy":"product_cat","embeddable":true,"href":"https:\/\/hakmarfrance.online\/tr\/wp-json\/wp\/v2\/product_cat?post=18108"},{"taxonomy":"product_tag","embeddable":true,"href":"https:\/\/hakmarfrance.online\/tr\/wp-json\/wp\/v2\/product_tag?post=18108"}],"curies":[{"name":"wp","href":"https:\/\/api.w.org\/{rel}","templated":true}]}}