{"id":18110,"date":"2025-06-16T07:18:25","date_gmt":"2025-06-16T07:18:25","guid":{"rendered":"https:\/\/hakmarfrance.online\/produit\/duru-kirmizi-mercimek-2-kg-premium-turk-mercimegi\/"},"modified":"2025-06-16T07:18:25","modified_gmt":"2025-06-16T07:18:25","slug":"duru-kirmizi-mercimek-2-kg-premium-turk-mercimegi","status":"publish","type":"product","link":"https:\/\/hakmarfrance.online\/tr\/produit\/duru-kirmizi-mercimek-2-kg-premium-turk-mercimegi\/","title":{"rendered":"Duru K\u0131rm\u0131z\u0131 Mercimek 2 kg \u2013 Premium T\u00fcrk Mercime\u011fi"},"content":{"rendered":"","protected":false},"excerpt":{"rendered":"<p>Yemeklerinize otantik bir dokunu\u015f katmak i\u00e7in bu Duru k\u0131rm\u0131z\u0131 mercimeklerini deneyin. Yumu\u015fak, kremams\u0131 ve birka\u00e7 dakika i\u00e7inde haz\u0131r olan bu mercimekler, kremal\u0131 \u00e7orbalar, lezzetli p\u00fcreler veya rahatlat\u0131c\u0131 yava\u015f pi\u015firilmi\u015f yemekler haz\u0131rlamak i\u00e7in idealdir. Do\u011fal bir protein ve lif kayna\u011f\u0131 olan bu 2 kg&#8217;l\u0131k format, aile mutfaklar\u0131 ve do\u011fu mutfa\u011f\u0131 tutkunlar\u0131 i\u00e7in m\u00fckemmeldir.  <\/p>\n","protected":false},"featured_media":18515,"comment_status":"open","ping_status":"closed","template":"","meta":{"iawp_total_views":1},"product_brand":[180],"product_cat":[304,305,225],"product_tag":[],"class_list":{"0":"post-18110","1":"product","2":"type-product","3":"status-publish","4":"has-post-thumbnail","6":"product_brand-duru","7":"product_cat-kuru-gidalar-ve-tahillar","8":"product_cat-mercimek-nohut-kuru-fasulye","9":"product_cat-tum-urunlerimiz","11":"first","12":"instock","13":"featured","14":"shipping-taxable","15":"purchasable","16":"product-type-simple"},"yoast_head":"<!-- This site is optimized with the Yoast SEO plugin v27.3 - https:\/\/yoast.com\/product\/yoast-seo-wordpress\/ -->\n<title>Duru K\u0131rm\u0131z\u0131 Mercimek 2 kg \u2013 Premium T\u00fcrk Mercime\u011fi - hakmarfrance.online<\/title>\n<meta name=\"robots\" content=\"index, follow, max-snippet:-1, max-image-preview:large, max-video-preview:-1\" \/>\n<link rel=\"canonical\" href=\"https:\/\/hakmarfrance.online\/tr\/produit\/duru-kirmizi-mercimek-2-kg-premium-turk-mercimegi\/\" \/>\n<meta property=\"og:locale\" content=\"tr_TR\" \/>\n<meta property=\"og:type\" content=\"article\" \/>\n<meta property=\"og:title\" content=\"Duru K\u0131rm\u0131z\u0131 Mercimek 2 kg \u2013 Premium T\u00fcrk Mercime\u011fi - hakmarfrance.online\" \/>\n<meta property=\"og:description\" content=\"Yemeklerinize otantik bir dokunu\u015f katmak i\u00e7in bu Duru k\u0131rm\u0131z\u0131 mercimeklerini deneyin. Yumu\u015fak, kremams\u0131 ve birka\u00e7 dakika i\u00e7inde haz\u0131r olan bu mercimekler, kremal\u0131 \u00e7orbalar, lezzetli p\u00fcreler veya rahatlat\u0131c\u0131 yava\u015f pi\u015firilmi\u015f yemekler haz\u0131rlamak i\u00e7in idealdir. Do\u011fal bir protein ve lif kayna\u011f\u0131 olan bu 2 kg&#039;l\u0131k format, aile mutfaklar\u0131 ve do\u011fu mutfa\u011f\u0131 tutkunlar\u0131 i\u00e7in m\u00fckemmeldir.\" \/>\n<meta property=\"og:url\" content=\"https:\/\/hakmarfrance.online\/tr\/produit\/duru-kirmizi-mercimek-2-kg-premium-turk-mercimegi\/\" \/>\n<meta property=\"og:site_name\" content=\"hakmarfrance.online\" \/>\n<meta property=\"article:publisher\" content=\"https:\/\/www.facebook.com\/HakmarFranceSupermarche\/?locale=fr_FR\" \/>\n<meta property=\"og:image\" content=\"https:\/\/hakmarfrance.online\/wp-content\/uploads\/2025\/06\/Duru-Lentilles-Rouges-2kg-\u2013-Mercimek-Turc-Qualite-Superieure-1.avif\" \/>\n\t<meta property=\"og:image:width\" content=\"1000\" \/>\n\t<meta property=\"og:image:height\" content=\"800\" \/>\n\t<meta property=\"og:image:type\" content=\"image\/png\" \/>\n<meta name=\"twitter:card\" content=\"summary_large_image\" \/>\n<script type=\"application\/ld+json\" class=\"yoast-schema-graph\">{\"@context\":\"https:\\\/\\\/schema.org\",\"@graph\":[{\"@type\":\"WebPage\",\"@id\":\"https:\\\/\\\/hakmarfrance.online\\\/tr\\\/produit\\\/duru-kirmizi-mercimek-2-kg-premium-turk-mercimegi\\\/\",\"url\":\"https:\\\/\\\/hakmarfrance.online\\\/tr\\\/produit\\\/duru-kirmizi-mercimek-2-kg-premium-turk-mercimegi\\\/\",\"name\":\"Duru K\u0131rm\u0131z\u0131 Mercimek 2 kg \u2013 Premium T\u00fcrk Mercime\u011fi - hakmarfrance.online\",\"isPartOf\":{\"@id\":\"https:\\\/\\\/hakmarfrance.online\\\/tr\\\/#website\"},\"primaryImageOfPage\":{\"@id\":\"https:\\\/\\\/hakmarfrance.online\\\/tr\\\/produit\\\/duru-kirmizi-mercimek-2-kg-premium-turk-mercimegi\\\/#primaryimage\"},\"image\":{\"@id\":\"https:\\\/\\\/hakmarfrance.online\\\/tr\\\/produit\\\/duru-kirmizi-mercimek-2-kg-premium-turk-mercimegi\\\/#primaryimage\"},\"thumbnailUrl\":\"https:\\\/\\\/hakmarfrance.online\\\/wp-content\\\/uploads\\\/2025\\\/06\\\/Duru-Lentilles-Rouges-2kg-\u2013-Mercimek-Turc-Qualite-Superieure-1.avif\",\"datePublished\":\"2025-06-16T07:18:25+00:00\",\"breadcrumb\":{\"@id\":\"https:\\\/\\\/hakmarfrance.online\\\/tr\\\/produit\\\/duru-kirmizi-mercimek-2-kg-premium-turk-mercimegi\\\/#breadcrumb\"},\"inLanguage\":\"tr-TR\",\"potentialAction\":[{\"@type\":\"ReadAction\",\"target\":[\"https:\\\/\\\/hakmarfrance.online\\\/tr\\\/produit\\\/duru-kirmizi-mercimek-2-kg-premium-turk-mercimegi\\\/\"]}]},{\"@type\":\"ImageObject\",\"inLanguage\":\"tr-TR\",\"@id\":\"https:\\\/\\\/hakmarfrance.online\\\/tr\\\/produit\\\/duru-kirmizi-mercimek-2-kg-premium-turk-mercimegi\\\/#primaryimage\",\"url\":\"https:\\\/\\\/hakmarfrance.online\\\/wp-content\\\/uploads\\\/2025\\\/06\\\/Duru-Lentilles-Rouges-2kg-\u2013-Mercimek-Turc-Qualite-Superieure-1.avif\",\"contentUrl\":\"https:\\\/\\\/hakmarfrance.online\\\/wp-content\\\/uploads\\\/2025\\\/06\\\/Duru-Lentilles-Rouges-2kg-\u2013-Mercimek-Turc-Qualite-Superieure-1.avif\",\"width\":1000,\"height\":800},{\"@type\":\"BreadcrumbList\",\"@id\":\"https:\\\/\\\/hakmarfrance.online\\\/tr\\\/produit\\\/duru-kirmizi-mercimek-2-kg-premium-turk-mercimegi\\\/#breadcrumb\",\"itemListElement\":[{\"@type\":\"ListItem\",\"position\":1,\"name\":\"Accueil\",\"item\":\"https:\\\/\\\/hakmarfrance.online\\\/tr\\\/\"},{\"@type\":\"ListItem\",\"position\":2,\"name\":\"Ma\u011faza\",\"item\":\"https:\\\/\\\/hakmarfrance.online\\\/tr\\\/magaza\\\/\"},{\"@type\":\"ListItem\",\"position\":3,\"name\":\"Duru K\u0131rm\u0131z\u0131 Mercimek 2 kg \u2013 Premium T\u00fcrk Mercime\u011fi\"}]},{\"@type\":\"WebSite\",\"@id\":\"https:\\\/\\\/hakmarfrance.online\\\/tr\\\/#website\",\"url\":\"https:\\\/\\\/hakmarfrance.online\\\/tr\\\/\",\"name\":\"hakmarfrance.online\",\"description\":\"\",\"publisher\":{\"@id\":\"https:\\\/\\\/hakmarfrance.online\\\/tr\\\/#organization\"},\"potentialAction\":[{\"@type\":\"SearchAction\",\"target\":{\"@type\":\"EntryPoint\",\"urlTemplate\":\"https:\\\/\\\/hakmarfrance.online\\\/tr\\\/?s={search_term_string}\"},\"query-input\":{\"@type\":\"PropertyValueSpecification\",\"valueRequired\":true,\"valueName\":\"search_term_string\"}}],\"inLanguage\":\"tr-TR\"},{\"@type\":\"Organization\",\"@id\":\"https:\\\/\\\/hakmarfrance.online\\\/tr\\\/#organization\",\"name\":\"hakmarfrance.online\",\"url\":\"https:\\\/\\\/hakmarfrance.online\\\/tr\\\/\",\"logo\":{\"@type\":\"ImageObject\",\"inLanguage\":\"tr-TR\",\"@id\":\"https:\\\/\\\/hakmarfrance.online\\\/tr\\\/#\\\/schema\\\/logo\\\/image\\\/\",\"url\":\"https:\\\/\\\/hakmarfrance.online\\\/wp-content\\\/uploads\\\/2025\\\/06\\\/logo-hakmarfrance.png\",\"contentUrl\":\"https:\\\/\\\/hakmarfrance.online\\\/wp-content\\\/uploads\\\/2025\\\/06\\\/logo-hakmarfrance.png\",\"width\":528,\"height\":232,\"caption\":\"hakmarfrance.online\"},\"image\":{\"@id\":\"https:\\\/\\\/hakmarfrance.online\\\/tr\\\/#\\\/schema\\\/logo\\\/image\\\/\"},\"sameAs\":[\"https:\\\/\\\/www.facebook.com\\\/HakmarFranceSupermarche\\\/?locale=fr_FR\",\"https:\\\/\\\/www.instagram.com\\\/hakmarfrancesupermarche\\\/\"]}]}<\/script>\n<!-- \/ Yoast SEO plugin. -->","yoast_head_json":{"title":"Duru K\u0131rm\u0131z\u0131 Mercimek 2 kg \u2013 Premium T\u00fcrk Mercime\u011fi - hakmarfrance.online","robots":{"index":"index","follow":"follow","max-snippet":"max-snippet:-1","max-image-preview":"max-image-preview:large","max-video-preview":"max-video-preview:-1"},"canonical":"https:\/\/hakmarfrance.online\/tr\/produit\/duru-kirmizi-mercimek-2-kg-premium-turk-mercimegi\/","og_locale":"tr_TR","og_type":"article","og_title":"Duru K\u0131rm\u0131z\u0131 Mercimek 2 kg \u2013 Premium T\u00fcrk Mercime\u011fi - hakmarfrance.online","og_description":"Yemeklerinize otantik bir dokunu\u015f katmak i\u00e7in bu Duru k\u0131rm\u0131z\u0131 mercimeklerini deneyin. Yumu\u015fak, kremams\u0131 ve birka\u00e7 dakika i\u00e7inde haz\u0131r olan bu mercimekler, kremal\u0131 \u00e7orbalar, lezzetli p\u00fcreler veya rahatlat\u0131c\u0131 yava\u015f pi\u015firilmi\u015f yemekler haz\u0131rlamak i\u00e7in idealdir. Do\u011fal bir protein ve lif kayna\u011f\u0131 olan bu 2 kg'l\u0131k format, aile mutfaklar\u0131 ve do\u011fu mutfa\u011f\u0131 tutkunlar\u0131 i\u00e7in m\u00fckemmeldir.","og_url":"https:\/\/hakmarfrance.online\/tr\/produit\/duru-kirmizi-mercimek-2-kg-premium-turk-mercimegi\/","og_site_name":"hakmarfrance.online","article_publisher":"https:\/\/www.facebook.com\/HakmarFranceSupermarche\/?locale=fr_FR","og_image":[{"width":1000,"height":800,"url":"https:\/\/hakmarfrance.online\/wp-content\/uploads\/2025\/06\/Duru-Lentilles-Rouges-2kg-\u2013-Mercimek-Turc-Qualite-Superieure-1.avif","type":"image\/png"}],"twitter_card":"summary_large_image","schema":{"@context":"https:\/\/schema.org","@graph":[{"@type":"WebPage","@id":"https:\/\/hakmarfrance.online\/tr\/produit\/duru-kirmizi-mercimek-2-kg-premium-turk-mercimegi\/","url":"https:\/\/hakmarfrance.online\/tr\/produit\/duru-kirmizi-mercimek-2-kg-premium-turk-mercimegi\/","name":"Duru K\u0131rm\u0131z\u0131 Mercimek 2 kg \u2013 Premium T\u00fcrk Mercime\u011fi - hakmarfrance.online","isPartOf":{"@id":"https:\/\/hakmarfrance.online\/tr\/#website"},"primaryImageOfPage":{"@id":"https:\/\/hakmarfrance.online\/tr\/produit\/duru-kirmizi-mercimek-2-kg-premium-turk-mercimegi\/#primaryimage"},"image":{"@id":"https:\/\/hakmarfrance.online\/tr\/produit\/duru-kirmizi-mercimek-2-kg-premium-turk-mercimegi\/#primaryimage"},"thumbnailUrl":"https:\/\/hakmarfrance.online\/wp-content\/uploads\/2025\/06\/Duru-Lentilles-Rouges-2kg-\u2013-Mercimek-Turc-Qualite-Superieure-1.avif","datePublished":"2025-06-16T07:18:25+00:00","breadcrumb":{"@id":"https:\/\/hakmarfrance.online\/tr\/produit\/duru-kirmizi-mercimek-2-kg-premium-turk-mercimegi\/#breadcrumb"},"inLanguage":"tr-TR","potentialAction":[{"@type":"ReadAction","target":["https:\/\/hakmarfrance.online\/tr\/produit\/duru-kirmizi-mercimek-2-kg-premium-turk-mercimegi\/"]}]},{"@type":"ImageObject","inLanguage":"tr-TR","@id":"https:\/\/hakmarfrance.online\/tr\/produit\/duru-kirmizi-mercimek-2-kg-premium-turk-mercimegi\/#primaryimage","url":"https:\/\/hakmarfrance.online\/wp-content\/uploads\/2025\/06\/Duru-Lentilles-Rouges-2kg-\u2013-Mercimek-Turc-Qualite-Superieure-1.avif","contentUrl":"https:\/\/hakmarfrance.online\/wp-content\/uploads\/2025\/06\/Duru-Lentilles-Rouges-2kg-\u2013-Mercimek-Turc-Qualite-Superieure-1.avif","width":1000,"height":800},{"@type":"BreadcrumbList","@id":"https:\/\/hakmarfrance.online\/tr\/produit\/duru-kirmizi-mercimek-2-kg-premium-turk-mercimegi\/#breadcrumb","itemListElement":[{"@type":"ListItem","position":1,"name":"Accueil","item":"https:\/\/hakmarfrance.online\/tr\/"},{"@type":"ListItem","position":2,"name":"Ma\u011faza","item":"https:\/\/hakmarfrance.online\/tr\/magaza\/"},{"@type":"ListItem","position":3,"name":"Duru K\u0131rm\u0131z\u0131 Mercimek 2 kg \u2013 Premium T\u00fcrk Mercime\u011fi"}]},{"@type":"WebSite","@id":"https:\/\/hakmarfrance.online\/tr\/#website","url":"https:\/\/hakmarfrance.online\/tr\/","name":"hakmarfrance.online","description":"","publisher":{"@id":"https:\/\/hakmarfrance.online\/tr\/#organization"},"potentialAction":[{"@type":"SearchAction","target":{"@type":"EntryPoint","urlTemplate":"https:\/\/hakmarfrance.online\/tr\/?s={search_term_string}"},"query-input":{"@type":"PropertyValueSpecification","valueRequired":true,"valueName":"search_term_string"}}],"inLanguage":"tr-TR"},{"@type":"Organization","@id":"https:\/\/hakmarfrance.online\/tr\/#organization","name":"hakmarfrance.online","url":"https:\/\/hakmarfrance.online\/tr\/","logo":{"@type":"ImageObject","inLanguage":"tr-TR","@id":"https:\/\/hakmarfrance.online\/tr\/#\/schema\/logo\/image\/","url":"https:\/\/hakmarfrance.online\/wp-content\/uploads\/2025\/06\/logo-hakmarfrance.png","contentUrl":"https:\/\/hakmarfrance.online\/wp-content\/uploads\/2025\/06\/logo-hakmarfrance.png","width":528,"height":232,"caption":"hakmarfrance.online"},"image":{"@id":"https:\/\/hakmarfrance.online\/tr\/#\/schema\/logo\/image\/"},"sameAs":["https:\/\/www.facebook.com\/HakmarFranceSupermarche\/?locale=fr_FR","https:\/\/www.instagram.com\/hakmarfrancesupermarche\/"]}]}},"_links":{"self":[{"href":"https:\/\/hakmarfrance.online\/tr\/wp-json\/wp\/v2\/product\/18110","targetHints":{"allow":["GET"]}}],"collection":[{"href":"https:\/\/hakmarfrance.online\/tr\/wp-json\/wp\/v2\/product"}],"about":[{"href":"https:\/\/hakmarfrance.online\/tr\/wp-json\/wp\/v2\/types\/product"}],"replies":[{"embeddable":true,"href":"https:\/\/hakmarfrance.online\/tr\/wp-json\/wp\/v2\/comments?post=18110"}],"version-history":[{"count":0,"href":"https:\/\/hakmarfrance.online\/tr\/wp-json\/wp\/v2\/product\/18110\/revisions"}],"wp:featuredmedia":[{"embeddable":true,"href":"https:\/\/hakmarfrance.online\/tr\/wp-json\/wp\/v2\/media\/18515"}],"wp:attachment":[{"href":"https:\/\/hakmarfrance.online\/tr\/wp-json\/wp\/v2\/media?parent=18110"}],"wp:term":[{"taxonomy":"product_brand","embeddable":true,"href":"https:\/\/hakmarfrance.online\/tr\/wp-json\/wp\/v2\/product_brand?post=18110"},{"taxonomy":"product_cat","embeddable":true,"href":"https:\/\/hakmarfrance.online\/tr\/wp-json\/wp\/v2\/product_cat?post=18110"},{"taxonomy":"product_tag","embeddable":true,"href":"https:\/\/hakmarfrance.online\/tr\/wp-json\/wp\/v2\/product_tag?post=18110"}],"curies":[{"name":"wp","href":"https:\/\/api.w.org\/{rel}","templated":true}]}}