{"id":18121,"date":"2025-06-16T07:40:42","date_gmt":"2025-06-16T07:40:42","guid":{"rendered":"https:\/\/hakmarfrance.online\/produit\/duru-baldo-pirinc-1-kg-akdeniz-pilavi-icin-ozel\/"},"modified":"2025-06-16T07:40:42","modified_gmt":"2025-06-16T07:40:42","slug":"duru-baldo-pirinc-1-kg-akdeniz-pilavi-icin-ozel","status":"publish","type":"product","link":"https:\/\/hakmarfrance.online\/tr\/produit\/duru-baldo-pirinc-1-kg-akdeniz-pilavi-icin-ozel\/","title":{"rendered":"Duru Baldo Pirin\u00e7 1 kg &#8211; Akdeniz Pilav\u0131 i\u00e7in \u00d6zel"},"content":{"rendered":"","protected":false},"excerpt":{"rendered":"<p>Akdeniz yemekleri ve lezzetli pilavlar i\u00e7in ideal, \u00fcst\u00fcn kaliteli uzun taneli pirin\u00e7. Pi\u015fti\u011finde yumu\u015fak dokusu ve m\u00fckemmel k\u0131vam\u0131yla Duru Baldo Pirin\u00e7, geleneksel ve modern tariflerinizi m\u00fckemmelle\u015ftirir, her seferinde lezzetli ve ba\u015far\u0131l\u0131 yemekler haz\u0131rlaman\u0131z\u0131 sa\u011flar. <\/p>\n","protected":false},"featured_media":18122,"comment_status":"open","ping_status":"closed","template":"","meta":{"iawp_total_views":0},"product_brand":[180],"product_cat":[304,307,225],"product_tag":[],"class_list":{"0":"post-18121","1":"product","2":"type-product","3":"status-publish","4":"has-post-thumbnail","6":"product_brand-duru","7":"product_cat-kuru-gidalar-ve-tahillar","8":"product_cat-pirinc-bulgur-kuskus","9":"product_cat-tum-urunlerimiz","11":"first","12":"instock","13":"shipping-taxable","14":"purchasable","15":"product-type-simple"},"yoast_head":"<!-- This site is optimized with the Yoast SEO plugin v27.3 - https:\/\/yoast.com\/product\/yoast-seo-wordpress\/ -->\n<title>Duru Baldo Pirin\u00e7 1 kg - Akdeniz Pilav\u0131 i\u00e7in \u00d6zel - hakmarfrance.online<\/title>\n<meta name=\"robots\" content=\"index, follow, max-snippet:-1, max-image-preview:large, max-video-preview:-1\" \/>\n<link rel=\"canonical\" href=\"https:\/\/hakmarfrance.online\/tr\/produit\/duru-baldo-pirinc-1-kg-akdeniz-pilavi-icin-ozel\/\" \/>\n<meta property=\"og:locale\" content=\"tr_TR\" \/>\n<meta property=\"og:type\" content=\"article\" \/>\n<meta property=\"og:title\" content=\"Duru Baldo Pirin\u00e7 1 kg - Akdeniz Pilav\u0131 i\u00e7in \u00d6zel - hakmarfrance.online\" \/>\n<meta property=\"og:description\" content=\"Akdeniz yemekleri ve lezzetli pilavlar i\u00e7in ideal, \u00fcst\u00fcn kaliteli uzun taneli pirin\u00e7. Pi\u015fti\u011finde yumu\u015fak dokusu ve m\u00fckemmel k\u0131vam\u0131yla Duru Baldo Pirin\u00e7, geleneksel ve modern tariflerinizi m\u00fckemmelle\u015ftirir, her seferinde lezzetli ve ba\u015far\u0131l\u0131 yemekler haz\u0131rlaman\u0131z\u0131 sa\u011flar.\" \/>\n<meta property=\"og:url\" content=\"https:\/\/hakmarfrance.online\/tr\/produit\/duru-baldo-pirinc-1-kg-akdeniz-pilavi-icin-ozel\/\" \/>\n<meta property=\"og:site_name\" content=\"hakmarfrance.online\" \/>\n<meta property=\"article:publisher\" content=\"https:\/\/www.facebook.com\/HakmarFranceSupermarche\/?locale=fr_FR\" \/>\n<meta property=\"og:image\" content=\"https:\/\/hakmarfrance.online\/wp-content\/uploads\/2025\/06\/Duru-Riz-Baldo-1kg-\u2013-Special-Pilaf-Mediterraneen.webp\" \/>\n\t<meta property=\"og:image:width\" content=\"800\" \/>\n\t<meta property=\"og:image:height\" content=\"800\" \/>\n\t<meta property=\"og:image:type\" content=\"image\/webp\" \/>\n<meta name=\"twitter:card\" content=\"summary_large_image\" \/>\n<script type=\"application\/ld+json\" class=\"yoast-schema-graph\">{\"@context\":\"https:\\\/\\\/schema.org\",\"@graph\":[{\"@type\":\"WebPage\",\"@id\":\"https:\\\/\\\/hakmarfrance.online\\\/tr\\\/produit\\\/duru-baldo-pirinc-1-kg-akdeniz-pilavi-icin-ozel\\\/\",\"url\":\"https:\\\/\\\/hakmarfrance.online\\\/tr\\\/produit\\\/duru-baldo-pirinc-1-kg-akdeniz-pilavi-icin-ozel\\\/\",\"name\":\"Duru Baldo Pirin\u00e7 1 kg - Akdeniz Pilav\u0131 i\u00e7in \u00d6zel - hakmarfrance.online\",\"isPartOf\":{\"@id\":\"https:\\\/\\\/hakmarfrance.online\\\/tr\\\/#website\"},\"primaryImageOfPage\":{\"@id\":\"https:\\\/\\\/hakmarfrance.online\\\/tr\\\/produit\\\/duru-baldo-pirinc-1-kg-akdeniz-pilavi-icin-ozel\\\/#primaryimage\"},\"image\":{\"@id\":\"https:\\\/\\\/hakmarfrance.online\\\/tr\\\/produit\\\/duru-baldo-pirinc-1-kg-akdeniz-pilavi-icin-ozel\\\/#primaryimage\"},\"thumbnailUrl\":\"https:\\\/\\\/hakmarfrance.online\\\/wp-content\\\/uploads\\\/2025\\\/06\\\/Duru-Riz-Baldo-1kg-\u2013-Special-Pilaf-Mediterraneen.webp\",\"datePublished\":\"2025-06-16T07:40:42+00:00\",\"breadcrumb\":{\"@id\":\"https:\\\/\\\/hakmarfrance.online\\\/tr\\\/produit\\\/duru-baldo-pirinc-1-kg-akdeniz-pilavi-icin-ozel\\\/#breadcrumb\"},\"inLanguage\":\"tr-TR\",\"potentialAction\":[{\"@type\":\"ReadAction\",\"target\":[\"https:\\\/\\\/hakmarfrance.online\\\/tr\\\/produit\\\/duru-baldo-pirinc-1-kg-akdeniz-pilavi-icin-ozel\\\/\"]}]},{\"@type\":\"ImageObject\",\"inLanguage\":\"tr-TR\",\"@id\":\"https:\\\/\\\/hakmarfrance.online\\\/tr\\\/produit\\\/duru-baldo-pirinc-1-kg-akdeniz-pilavi-icin-ozel\\\/#primaryimage\",\"url\":\"https:\\\/\\\/hakmarfrance.online\\\/wp-content\\\/uploads\\\/2025\\\/06\\\/Duru-Riz-Baldo-1kg-\u2013-Special-Pilaf-Mediterraneen.webp\",\"contentUrl\":\"https:\\\/\\\/hakmarfrance.online\\\/wp-content\\\/uploads\\\/2025\\\/06\\\/Duru-Riz-Baldo-1kg-\u2013-Special-Pilaf-Mediterraneen.webp\",\"width\":800,\"height\":800},{\"@type\":\"BreadcrumbList\",\"@id\":\"https:\\\/\\\/hakmarfrance.online\\\/tr\\\/produit\\\/duru-baldo-pirinc-1-kg-akdeniz-pilavi-icin-ozel\\\/#breadcrumb\",\"itemListElement\":[{\"@type\":\"ListItem\",\"position\":1,\"name\":\"Accueil\",\"item\":\"https:\\\/\\\/hakmarfrance.online\\\/tr\\\/\"},{\"@type\":\"ListItem\",\"position\":2,\"name\":\"Ma\u011faza\",\"item\":\"https:\\\/\\\/hakmarfrance.online\\\/tr\\\/magaza\\\/\"},{\"@type\":\"ListItem\",\"position\":3,\"name\":\"Duru Baldo Pirin\u00e7 1 kg &#8211; Akdeniz Pilav\u0131 i\u00e7in \u00d6zel\"}]},{\"@type\":\"WebSite\",\"@id\":\"https:\\\/\\\/hakmarfrance.online\\\/tr\\\/#website\",\"url\":\"https:\\\/\\\/hakmarfrance.online\\\/tr\\\/\",\"name\":\"hakmarfrance.online\",\"description\":\"\",\"publisher\":{\"@id\":\"https:\\\/\\\/hakmarfrance.online\\\/tr\\\/#organization\"},\"potentialAction\":[{\"@type\":\"SearchAction\",\"target\":{\"@type\":\"EntryPoint\",\"urlTemplate\":\"https:\\\/\\\/hakmarfrance.online\\\/tr\\\/?s={search_term_string}\"},\"query-input\":{\"@type\":\"PropertyValueSpecification\",\"valueRequired\":true,\"valueName\":\"search_term_string\"}}],\"inLanguage\":\"tr-TR\"},{\"@type\":\"Organization\",\"@id\":\"https:\\\/\\\/hakmarfrance.online\\\/tr\\\/#organization\",\"name\":\"hakmarfrance.online\",\"url\":\"https:\\\/\\\/hakmarfrance.online\\\/tr\\\/\",\"logo\":{\"@type\":\"ImageObject\",\"inLanguage\":\"tr-TR\",\"@id\":\"https:\\\/\\\/hakmarfrance.online\\\/tr\\\/#\\\/schema\\\/logo\\\/image\\\/\",\"url\":\"https:\\\/\\\/hakmarfrance.online\\\/wp-content\\\/uploads\\\/2025\\\/06\\\/logo-hakmarfrance.png\",\"contentUrl\":\"https:\\\/\\\/hakmarfrance.online\\\/wp-content\\\/uploads\\\/2025\\\/06\\\/logo-hakmarfrance.png\",\"width\":528,\"height\":232,\"caption\":\"hakmarfrance.online\"},\"image\":{\"@id\":\"https:\\\/\\\/hakmarfrance.online\\\/tr\\\/#\\\/schema\\\/logo\\\/image\\\/\"},\"sameAs\":[\"https:\\\/\\\/www.facebook.com\\\/HakmarFranceSupermarche\\\/?locale=fr_FR\",\"https:\\\/\\\/www.instagram.com\\\/hakmarfrancesupermarche\\\/\"]}]}<\/script>\n<!-- \/ Yoast SEO plugin. -->","yoast_head_json":{"title":"Duru Baldo Pirin\u00e7 1 kg - Akdeniz Pilav\u0131 i\u00e7in \u00d6zel - hakmarfrance.online","robots":{"index":"index","follow":"follow","max-snippet":"max-snippet:-1","max-image-preview":"max-image-preview:large","max-video-preview":"max-video-preview:-1"},"canonical":"https:\/\/hakmarfrance.online\/tr\/produit\/duru-baldo-pirinc-1-kg-akdeniz-pilavi-icin-ozel\/","og_locale":"tr_TR","og_type":"article","og_title":"Duru Baldo Pirin\u00e7 1 kg - Akdeniz Pilav\u0131 i\u00e7in \u00d6zel - hakmarfrance.online","og_description":"Akdeniz yemekleri ve lezzetli pilavlar i\u00e7in ideal, \u00fcst\u00fcn kaliteli uzun taneli pirin\u00e7. Pi\u015fti\u011finde yumu\u015fak dokusu ve m\u00fckemmel k\u0131vam\u0131yla Duru Baldo Pirin\u00e7, geleneksel ve modern tariflerinizi m\u00fckemmelle\u015ftirir, her seferinde lezzetli ve ba\u015far\u0131l\u0131 yemekler haz\u0131rlaman\u0131z\u0131 sa\u011flar.","og_url":"https:\/\/hakmarfrance.online\/tr\/produit\/duru-baldo-pirinc-1-kg-akdeniz-pilavi-icin-ozel\/","og_site_name":"hakmarfrance.online","article_publisher":"https:\/\/www.facebook.com\/HakmarFranceSupermarche\/?locale=fr_FR","og_image":[{"width":800,"height":800,"url":"https:\/\/hakmarfrance.online\/wp-content\/uploads\/2025\/06\/Duru-Riz-Baldo-1kg-\u2013-Special-Pilaf-Mediterraneen.webp","type":"image\/webp"}],"twitter_card":"summary_large_image","schema":{"@context":"https:\/\/schema.org","@graph":[{"@type":"WebPage","@id":"https:\/\/hakmarfrance.online\/tr\/produit\/duru-baldo-pirinc-1-kg-akdeniz-pilavi-icin-ozel\/","url":"https:\/\/hakmarfrance.online\/tr\/produit\/duru-baldo-pirinc-1-kg-akdeniz-pilavi-icin-ozel\/","name":"Duru Baldo Pirin\u00e7 1 kg - Akdeniz Pilav\u0131 i\u00e7in \u00d6zel - hakmarfrance.online","isPartOf":{"@id":"https:\/\/hakmarfrance.online\/tr\/#website"},"primaryImageOfPage":{"@id":"https:\/\/hakmarfrance.online\/tr\/produit\/duru-baldo-pirinc-1-kg-akdeniz-pilavi-icin-ozel\/#primaryimage"},"image":{"@id":"https:\/\/hakmarfrance.online\/tr\/produit\/duru-baldo-pirinc-1-kg-akdeniz-pilavi-icin-ozel\/#primaryimage"},"thumbnailUrl":"https:\/\/hakmarfrance.online\/wp-content\/uploads\/2025\/06\/Duru-Riz-Baldo-1kg-\u2013-Special-Pilaf-Mediterraneen.webp","datePublished":"2025-06-16T07:40:42+00:00","breadcrumb":{"@id":"https:\/\/hakmarfrance.online\/tr\/produit\/duru-baldo-pirinc-1-kg-akdeniz-pilavi-icin-ozel\/#breadcrumb"},"inLanguage":"tr-TR","potentialAction":[{"@type":"ReadAction","target":["https:\/\/hakmarfrance.online\/tr\/produit\/duru-baldo-pirinc-1-kg-akdeniz-pilavi-icin-ozel\/"]}]},{"@type":"ImageObject","inLanguage":"tr-TR","@id":"https:\/\/hakmarfrance.online\/tr\/produit\/duru-baldo-pirinc-1-kg-akdeniz-pilavi-icin-ozel\/#primaryimage","url":"https:\/\/hakmarfrance.online\/wp-content\/uploads\/2025\/06\/Duru-Riz-Baldo-1kg-\u2013-Special-Pilaf-Mediterraneen.webp","contentUrl":"https:\/\/hakmarfrance.online\/wp-content\/uploads\/2025\/06\/Duru-Riz-Baldo-1kg-\u2013-Special-Pilaf-Mediterraneen.webp","width":800,"height":800},{"@type":"BreadcrumbList","@id":"https:\/\/hakmarfrance.online\/tr\/produit\/duru-baldo-pirinc-1-kg-akdeniz-pilavi-icin-ozel\/#breadcrumb","itemListElement":[{"@type":"ListItem","position":1,"name":"Accueil","item":"https:\/\/hakmarfrance.online\/tr\/"},{"@type":"ListItem","position":2,"name":"Ma\u011faza","item":"https:\/\/hakmarfrance.online\/tr\/magaza\/"},{"@type":"ListItem","position":3,"name":"Duru Baldo Pirin\u00e7 1 kg &#8211; Akdeniz Pilav\u0131 i\u00e7in \u00d6zel"}]},{"@type":"WebSite","@id":"https:\/\/hakmarfrance.online\/tr\/#website","url":"https:\/\/hakmarfrance.online\/tr\/","name":"hakmarfrance.online","description":"","publisher":{"@id":"https:\/\/hakmarfrance.online\/tr\/#organization"},"potentialAction":[{"@type":"SearchAction","target":{"@type":"EntryPoint","urlTemplate":"https:\/\/hakmarfrance.online\/tr\/?s={search_term_string}"},"query-input":{"@type":"PropertyValueSpecification","valueRequired":true,"valueName":"search_term_string"}}],"inLanguage":"tr-TR"},{"@type":"Organization","@id":"https:\/\/hakmarfrance.online\/tr\/#organization","name":"hakmarfrance.online","url":"https:\/\/hakmarfrance.online\/tr\/","logo":{"@type":"ImageObject","inLanguage":"tr-TR","@id":"https:\/\/hakmarfrance.online\/tr\/#\/schema\/logo\/image\/","url":"https:\/\/hakmarfrance.online\/wp-content\/uploads\/2025\/06\/logo-hakmarfrance.png","contentUrl":"https:\/\/hakmarfrance.online\/wp-content\/uploads\/2025\/06\/logo-hakmarfrance.png","width":528,"height":232,"caption":"hakmarfrance.online"},"image":{"@id":"https:\/\/hakmarfrance.online\/tr\/#\/schema\/logo\/image\/"},"sameAs":["https:\/\/www.facebook.com\/HakmarFranceSupermarche\/?locale=fr_FR","https:\/\/www.instagram.com\/hakmarfrancesupermarche\/"]}]}},"_links":{"self":[{"href":"https:\/\/hakmarfrance.online\/tr\/wp-json\/wp\/v2\/product\/18121","targetHints":{"allow":["GET"]}}],"collection":[{"href":"https:\/\/hakmarfrance.online\/tr\/wp-json\/wp\/v2\/product"}],"about":[{"href":"https:\/\/hakmarfrance.online\/tr\/wp-json\/wp\/v2\/types\/product"}],"replies":[{"embeddable":true,"href":"https:\/\/hakmarfrance.online\/tr\/wp-json\/wp\/v2\/comments?post=18121"}],"version-history":[{"count":0,"href":"https:\/\/hakmarfrance.online\/tr\/wp-json\/wp\/v2\/product\/18121\/revisions"}],"wp:featuredmedia":[{"embeddable":true,"href":"https:\/\/hakmarfrance.online\/tr\/wp-json\/wp\/v2\/media\/18122"}],"wp:attachment":[{"href":"https:\/\/hakmarfrance.online\/tr\/wp-json\/wp\/v2\/media?parent=18121"}],"wp:term":[{"taxonomy":"product_brand","embeddable":true,"href":"https:\/\/hakmarfrance.online\/tr\/wp-json\/wp\/v2\/product_brand?post=18121"},{"taxonomy":"product_cat","embeddable":true,"href":"https:\/\/hakmarfrance.online\/tr\/wp-json\/wp\/v2\/product_cat?post=18121"},{"taxonomy":"product_tag","embeddable":true,"href":"https:\/\/hakmarfrance.online\/tr\/wp-json\/wp\/v2\/product_tag?post=18121"}],"curies":[{"name":"wp","href":"https:\/\/api.w.org\/{rel}","templated":true}]}}