{"id":18123,"date":"2025-06-16T07:43:50","date_gmt":"2025-06-16T07:43:50","guid":{"rendered":"https:\/\/hakmarfrance.online\/produit\/bioblas-sarimsakli-sampuan-360-ml-kokusuz-guclendirici\/"},"modified":"2025-06-16T07:43:50","modified_gmt":"2025-06-16T07:43:50","slug":"bioblas-sarimsakli-sampuan-360-ml-kokusuz-guclendirici","status":"publish","type":"product","link":"https:\/\/hakmarfrance.online\/tr\/produit\/bioblas-sarimsakli-sampuan-360-ml-kokusuz-guclendirici\/","title":{"rendered":"Bioblas Sar\u0131msakl\u0131 \u015eampuan 360 ml \u2013 Kokusuz G\u00fc\u00e7lendirici"},"content":{"rendered":"","protected":false},"excerpt":{"rendered":"<p>Sar\u0131msak \u00f6z\u00fc ve organik zeytinya\u011f\u0131 ile zenginle\u015ftirilmi\u015f bu Bioblas \u015fampuan, sa\u00e7lar\u0131 k\u00f6kten g\u00fc\u00e7lendirirken d\u00f6k\u00fclmeyi azalt\u0131r. Kokusuz, parabensiz ve dermatolojik olarak test edilmi\u015f olup, t\u00fcm sa\u00e7 tipleri i\u00e7in do\u011fal, etkili ve sa\u00e7 derisine sayg\u0131l\u0131 bir sa\u00e7 bak\u0131m rutini sunar. <\/p>\n","protected":false},"featured_media":18124,"comment_status":"open","ping_status":"closed","template":"","meta":{"iawp_total_views":0},"product_brand":[189],"product_cat":[284,225],"product_tag":[],"class_list":{"0":"post-18123","1":"product","2":"type-product","3":"status-publish","4":"has-post-thumbnail","6":"product_brand-bioblas","7":"product_cat-hijyen-bakim","8":"product_cat-tum-urunlerimiz","10":"first","11":"instock","12":"shipping-taxable","13":"purchasable","14":"product-type-simple"},"yoast_head":"<!-- This site is optimized with the Yoast SEO plugin v27.3 - https:\/\/yoast.com\/product\/yoast-seo-wordpress\/ -->\n<title>Bioblas Sar\u0131msakl\u0131 \u015eampuan 360 ml \u2013 Kokusuz G\u00fc\u00e7lendirici - hakmarfrance.online<\/title>\n<meta name=\"robots\" content=\"index, follow, max-snippet:-1, max-image-preview:large, max-video-preview:-1\" \/>\n<link rel=\"canonical\" href=\"https:\/\/hakmarfrance.online\/tr\/produit\/bioblas-sarimsakli-sampuan-360-ml-kokusuz-guclendirici\/\" \/>\n<meta property=\"og:locale\" content=\"tr_TR\" \/>\n<meta property=\"og:type\" content=\"article\" \/>\n<meta property=\"og:title\" content=\"Bioblas Sar\u0131msakl\u0131 \u015eampuan 360 ml \u2013 Kokusuz G\u00fc\u00e7lendirici - hakmarfrance.online\" \/>\n<meta property=\"og:description\" content=\"Sar\u0131msak \u00f6z\u00fc ve organik zeytinya\u011f\u0131 ile zenginle\u015ftirilmi\u015f bu Bioblas \u015fampuan, sa\u00e7lar\u0131 k\u00f6kten g\u00fc\u00e7lendirirken d\u00f6k\u00fclmeyi azalt\u0131r. Kokusuz, parabensiz ve dermatolojik olarak test edilmi\u015f olup, t\u00fcm sa\u00e7 tipleri i\u00e7in do\u011fal, etkili ve sa\u00e7 derisine sayg\u0131l\u0131 bir sa\u00e7 bak\u0131m rutini sunar.\" \/>\n<meta property=\"og:url\" content=\"https:\/\/hakmarfrance.online\/tr\/produit\/bioblas-sarimsakli-sampuan-360-ml-kokusuz-guclendirici\/\" \/>\n<meta property=\"og:site_name\" content=\"hakmarfrance.online\" \/>\n<meta property=\"article:publisher\" content=\"https:\/\/www.facebook.com\/HakmarFranceSupermarche\/?locale=fr_FR\" \/>\n<meta property=\"og:image\" content=\"https:\/\/hakmarfrance.online\/wp-content\/uploads\/2025\/06\/Bioblas-Sarimsak-360ml-\u2013-Shampoing-a-lAil-Inodore.avif\" \/>\n\t<meta property=\"og:image:width\" content=\"1000\" \/>\n\t<meta property=\"og:image:height\" content=\"800\" \/>\n\t<meta property=\"og:image:type\" content=\"image\/png\" \/>\n<meta name=\"twitter:card\" content=\"summary_large_image\" \/>\n<script type=\"application\/ld+json\" class=\"yoast-schema-graph\">{\"@context\":\"https:\\\/\\\/schema.org\",\"@graph\":[{\"@type\":\"WebPage\",\"@id\":\"https:\\\/\\\/hakmarfrance.online\\\/tr\\\/produit\\\/bioblas-sarimsakli-sampuan-360-ml-kokusuz-guclendirici\\\/\",\"url\":\"https:\\\/\\\/hakmarfrance.online\\\/tr\\\/produit\\\/bioblas-sarimsakli-sampuan-360-ml-kokusuz-guclendirici\\\/\",\"name\":\"Bioblas Sar\u0131msakl\u0131 \u015eampuan 360 ml \u2013 Kokusuz G\u00fc\u00e7lendirici - hakmarfrance.online\",\"isPartOf\":{\"@id\":\"https:\\\/\\\/hakmarfrance.online\\\/tr\\\/#website\"},\"primaryImageOfPage\":{\"@id\":\"https:\\\/\\\/hakmarfrance.online\\\/tr\\\/produit\\\/bioblas-sarimsakli-sampuan-360-ml-kokusuz-guclendirici\\\/#primaryimage\"},\"image\":{\"@id\":\"https:\\\/\\\/hakmarfrance.online\\\/tr\\\/produit\\\/bioblas-sarimsakli-sampuan-360-ml-kokusuz-guclendirici\\\/#primaryimage\"},\"thumbnailUrl\":\"https:\\\/\\\/hakmarfrance.online\\\/wp-content\\\/uploads\\\/2025\\\/06\\\/Bioblas-Sarimsak-360ml-\u2013-Shampoing-a-lAil-Inodore.avif\",\"datePublished\":\"2025-06-16T07:43:50+00:00\",\"breadcrumb\":{\"@id\":\"https:\\\/\\\/hakmarfrance.online\\\/tr\\\/produit\\\/bioblas-sarimsakli-sampuan-360-ml-kokusuz-guclendirici\\\/#breadcrumb\"},\"inLanguage\":\"tr-TR\",\"potentialAction\":[{\"@type\":\"ReadAction\",\"target\":[\"https:\\\/\\\/hakmarfrance.online\\\/tr\\\/produit\\\/bioblas-sarimsakli-sampuan-360-ml-kokusuz-guclendirici\\\/\"]}]},{\"@type\":\"ImageObject\",\"inLanguage\":\"tr-TR\",\"@id\":\"https:\\\/\\\/hakmarfrance.online\\\/tr\\\/produit\\\/bioblas-sarimsakli-sampuan-360-ml-kokusuz-guclendirici\\\/#primaryimage\",\"url\":\"https:\\\/\\\/hakmarfrance.online\\\/wp-content\\\/uploads\\\/2025\\\/06\\\/Bioblas-Sarimsak-360ml-\u2013-Shampoing-a-lAil-Inodore.avif\",\"contentUrl\":\"https:\\\/\\\/hakmarfrance.online\\\/wp-content\\\/uploads\\\/2025\\\/06\\\/Bioblas-Sarimsak-360ml-\u2013-Shampoing-a-lAil-Inodore.avif\",\"width\":1000,\"height\":800},{\"@type\":\"BreadcrumbList\",\"@id\":\"https:\\\/\\\/hakmarfrance.online\\\/tr\\\/produit\\\/bioblas-sarimsakli-sampuan-360-ml-kokusuz-guclendirici\\\/#breadcrumb\",\"itemListElement\":[{\"@type\":\"ListItem\",\"position\":1,\"name\":\"Accueil\",\"item\":\"https:\\\/\\\/hakmarfrance.online\\\/tr\\\/\"},{\"@type\":\"ListItem\",\"position\":2,\"name\":\"Ma\u011faza\",\"item\":\"https:\\\/\\\/hakmarfrance.online\\\/tr\\\/magaza\\\/\"},{\"@type\":\"ListItem\",\"position\":3,\"name\":\"Bioblas Sar\u0131msakl\u0131 \u015eampuan 360 ml \u2013 Kokusuz G\u00fc\u00e7lendirici\"}]},{\"@type\":\"WebSite\",\"@id\":\"https:\\\/\\\/hakmarfrance.online\\\/tr\\\/#website\",\"url\":\"https:\\\/\\\/hakmarfrance.online\\\/tr\\\/\",\"name\":\"hakmarfrance.online\",\"description\":\"\",\"publisher\":{\"@id\":\"https:\\\/\\\/hakmarfrance.online\\\/tr\\\/#organization\"},\"potentialAction\":[{\"@type\":\"SearchAction\",\"target\":{\"@type\":\"EntryPoint\",\"urlTemplate\":\"https:\\\/\\\/hakmarfrance.online\\\/tr\\\/?s={search_term_string}\"},\"query-input\":{\"@type\":\"PropertyValueSpecification\",\"valueRequired\":true,\"valueName\":\"search_term_string\"}}],\"inLanguage\":\"tr-TR\"},{\"@type\":\"Organization\",\"@id\":\"https:\\\/\\\/hakmarfrance.online\\\/tr\\\/#organization\",\"name\":\"hakmarfrance.online\",\"url\":\"https:\\\/\\\/hakmarfrance.online\\\/tr\\\/\",\"logo\":{\"@type\":\"ImageObject\",\"inLanguage\":\"tr-TR\",\"@id\":\"https:\\\/\\\/hakmarfrance.online\\\/tr\\\/#\\\/schema\\\/logo\\\/image\\\/\",\"url\":\"https:\\\/\\\/hakmarfrance.online\\\/wp-content\\\/uploads\\\/2025\\\/06\\\/logo-hakmarfrance.png\",\"contentUrl\":\"https:\\\/\\\/hakmarfrance.online\\\/wp-content\\\/uploads\\\/2025\\\/06\\\/logo-hakmarfrance.png\",\"width\":528,\"height\":232,\"caption\":\"hakmarfrance.online\"},\"image\":{\"@id\":\"https:\\\/\\\/hakmarfrance.online\\\/tr\\\/#\\\/schema\\\/logo\\\/image\\\/\"},\"sameAs\":[\"https:\\\/\\\/www.facebook.com\\\/HakmarFranceSupermarche\\\/?locale=fr_FR\",\"https:\\\/\\\/www.instagram.com\\\/hakmarfrancesupermarche\\\/\"]}]}<\/script>\n<!-- \/ Yoast SEO plugin. -->","yoast_head_json":{"title":"Bioblas Sar\u0131msakl\u0131 \u015eampuan 360 ml \u2013 Kokusuz G\u00fc\u00e7lendirici - hakmarfrance.online","robots":{"index":"index","follow":"follow","max-snippet":"max-snippet:-1","max-image-preview":"max-image-preview:large","max-video-preview":"max-video-preview:-1"},"canonical":"https:\/\/hakmarfrance.online\/tr\/produit\/bioblas-sarimsakli-sampuan-360-ml-kokusuz-guclendirici\/","og_locale":"tr_TR","og_type":"article","og_title":"Bioblas Sar\u0131msakl\u0131 \u015eampuan 360 ml \u2013 Kokusuz G\u00fc\u00e7lendirici - hakmarfrance.online","og_description":"Sar\u0131msak \u00f6z\u00fc ve organik zeytinya\u011f\u0131 ile zenginle\u015ftirilmi\u015f bu Bioblas \u015fampuan, sa\u00e7lar\u0131 k\u00f6kten g\u00fc\u00e7lendirirken d\u00f6k\u00fclmeyi azalt\u0131r. Kokusuz, parabensiz ve dermatolojik olarak test edilmi\u015f olup, t\u00fcm sa\u00e7 tipleri i\u00e7in do\u011fal, etkili ve sa\u00e7 derisine sayg\u0131l\u0131 bir sa\u00e7 bak\u0131m rutini sunar.","og_url":"https:\/\/hakmarfrance.online\/tr\/produit\/bioblas-sarimsakli-sampuan-360-ml-kokusuz-guclendirici\/","og_site_name":"hakmarfrance.online","article_publisher":"https:\/\/www.facebook.com\/HakmarFranceSupermarche\/?locale=fr_FR","og_image":[{"width":1000,"height":800,"url":"https:\/\/hakmarfrance.online\/wp-content\/uploads\/2025\/06\/Bioblas-Sarimsak-360ml-\u2013-Shampoing-a-lAil-Inodore.avif","type":"image\/png"}],"twitter_card":"summary_large_image","schema":{"@context":"https:\/\/schema.org","@graph":[{"@type":"WebPage","@id":"https:\/\/hakmarfrance.online\/tr\/produit\/bioblas-sarimsakli-sampuan-360-ml-kokusuz-guclendirici\/","url":"https:\/\/hakmarfrance.online\/tr\/produit\/bioblas-sarimsakli-sampuan-360-ml-kokusuz-guclendirici\/","name":"Bioblas Sar\u0131msakl\u0131 \u015eampuan 360 ml \u2013 Kokusuz G\u00fc\u00e7lendirici - hakmarfrance.online","isPartOf":{"@id":"https:\/\/hakmarfrance.online\/tr\/#website"},"primaryImageOfPage":{"@id":"https:\/\/hakmarfrance.online\/tr\/produit\/bioblas-sarimsakli-sampuan-360-ml-kokusuz-guclendirici\/#primaryimage"},"image":{"@id":"https:\/\/hakmarfrance.online\/tr\/produit\/bioblas-sarimsakli-sampuan-360-ml-kokusuz-guclendirici\/#primaryimage"},"thumbnailUrl":"https:\/\/hakmarfrance.online\/wp-content\/uploads\/2025\/06\/Bioblas-Sarimsak-360ml-\u2013-Shampoing-a-lAil-Inodore.avif","datePublished":"2025-06-16T07:43:50+00:00","breadcrumb":{"@id":"https:\/\/hakmarfrance.online\/tr\/produit\/bioblas-sarimsakli-sampuan-360-ml-kokusuz-guclendirici\/#breadcrumb"},"inLanguage":"tr-TR","potentialAction":[{"@type":"ReadAction","target":["https:\/\/hakmarfrance.online\/tr\/produit\/bioblas-sarimsakli-sampuan-360-ml-kokusuz-guclendirici\/"]}]},{"@type":"ImageObject","inLanguage":"tr-TR","@id":"https:\/\/hakmarfrance.online\/tr\/produit\/bioblas-sarimsakli-sampuan-360-ml-kokusuz-guclendirici\/#primaryimage","url":"https:\/\/hakmarfrance.online\/wp-content\/uploads\/2025\/06\/Bioblas-Sarimsak-360ml-\u2013-Shampoing-a-lAil-Inodore.avif","contentUrl":"https:\/\/hakmarfrance.online\/wp-content\/uploads\/2025\/06\/Bioblas-Sarimsak-360ml-\u2013-Shampoing-a-lAil-Inodore.avif","width":1000,"height":800},{"@type":"BreadcrumbList","@id":"https:\/\/hakmarfrance.online\/tr\/produit\/bioblas-sarimsakli-sampuan-360-ml-kokusuz-guclendirici\/#breadcrumb","itemListElement":[{"@type":"ListItem","position":1,"name":"Accueil","item":"https:\/\/hakmarfrance.online\/tr\/"},{"@type":"ListItem","position":2,"name":"Ma\u011faza","item":"https:\/\/hakmarfrance.online\/tr\/magaza\/"},{"@type":"ListItem","position":3,"name":"Bioblas Sar\u0131msakl\u0131 \u015eampuan 360 ml \u2013 Kokusuz G\u00fc\u00e7lendirici"}]},{"@type":"WebSite","@id":"https:\/\/hakmarfrance.online\/tr\/#website","url":"https:\/\/hakmarfrance.online\/tr\/","name":"hakmarfrance.online","description":"","publisher":{"@id":"https:\/\/hakmarfrance.online\/tr\/#organization"},"potentialAction":[{"@type":"SearchAction","target":{"@type":"EntryPoint","urlTemplate":"https:\/\/hakmarfrance.online\/tr\/?s={search_term_string}"},"query-input":{"@type":"PropertyValueSpecification","valueRequired":true,"valueName":"search_term_string"}}],"inLanguage":"tr-TR"},{"@type":"Organization","@id":"https:\/\/hakmarfrance.online\/tr\/#organization","name":"hakmarfrance.online","url":"https:\/\/hakmarfrance.online\/tr\/","logo":{"@type":"ImageObject","inLanguage":"tr-TR","@id":"https:\/\/hakmarfrance.online\/tr\/#\/schema\/logo\/image\/","url":"https:\/\/hakmarfrance.online\/wp-content\/uploads\/2025\/06\/logo-hakmarfrance.png","contentUrl":"https:\/\/hakmarfrance.online\/wp-content\/uploads\/2025\/06\/logo-hakmarfrance.png","width":528,"height":232,"caption":"hakmarfrance.online"},"image":{"@id":"https:\/\/hakmarfrance.online\/tr\/#\/schema\/logo\/image\/"},"sameAs":["https:\/\/www.facebook.com\/HakmarFranceSupermarche\/?locale=fr_FR","https:\/\/www.instagram.com\/hakmarfrancesupermarche\/"]}]}},"_links":{"self":[{"href":"https:\/\/hakmarfrance.online\/tr\/wp-json\/wp\/v2\/product\/18123","targetHints":{"allow":["GET"]}}],"collection":[{"href":"https:\/\/hakmarfrance.online\/tr\/wp-json\/wp\/v2\/product"}],"about":[{"href":"https:\/\/hakmarfrance.online\/tr\/wp-json\/wp\/v2\/types\/product"}],"replies":[{"embeddable":true,"href":"https:\/\/hakmarfrance.online\/tr\/wp-json\/wp\/v2\/comments?post=18123"}],"version-history":[{"count":0,"href":"https:\/\/hakmarfrance.online\/tr\/wp-json\/wp\/v2\/product\/18123\/revisions"}],"wp:featuredmedia":[{"embeddable":true,"href":"https:\/\/hakmarfrance.online\/tr\/wp-json\/wp\/v2\/media\/18124"}],"wp:attachment":[{"href":"https:\/\/hakmarfrance.online\/tr\/wp-json\/wp\/v2\/media?parent=18123"}],"wp:term":[{"taxonomy":"product_brand","embeddable":true,"href":"https:\/\/hakmarfrance.online\/tr\/wp-json\/wp\/v2\/product_brand?post=18123"},{"taxonomy":"product_cat","embeddable":true,"href":"https:\/\/hakmarfrance.online\/tr\/wp-json\/wp\/v2\/product_cat?post=18123"},{"taxonomy":"product_tag","embeddable":true,"href":"https:\/\/hakmarfrance.online\/tr\/wp-json\/wp\/v2\/product_tag?post=18123"}],"curies":[{"name":"wp","href":"https:\/\/api.w.org\/{rel}","templated":true}]}}