{"id":18125,"date":"2025-06-13T11:19:26","date_gmt":"2025-06-13T11:19:26","guid":{"rendered":"https:\/\/hakmarfrance.online\/produit\/taze-nane-aromatik-demet-adet-satis\/"},"modified":"2025-06-13T11:19:26","modified_gmt":"2025-06-13T11:19:26","slug":"taze-nane-aromatik-demet-adet-satis","status":"publish","type":"product","link":"https:\/\/hakmarfrance.online\/tr\/produit\/taze-nane-aromatik-demet-adet-satis\/","title":{"rendered":"Taze Nane \u2013 Aromatik Demet \u2013 Adet Sat\u0131\u015f"},"content":{"rendered":"","protected":false},"excerpt":{"rendered":"<p data-start=\"389\" data-end=\"650\">Tariflerinize taze bir dokunu\u015f kat\u0131n <strong data-start=\"448\" data-end=\"475\">taze nane demetimiz<\/strong> ile. Nane \u00e7ay\u0131, tabule veya do\u011fu yemeklerinde vazge\u00e7ilmezdir, ayr\u0131ca meyveler, tatl\u0131lar veya serinletici i\u00e7eceklerle de m\u00fckemmel uyum sa\u011flar. <\/p>\n<p data-start=\"652\" data-end=\"760\">\ud83c\udf3f \u0130pucu: \u00d6mr\u00fcn\u00fc uzatmak ve aromas\u0131n\u0131 korumak i\u00e7in so\u011fukta bir bardak su i\u00e7inde saklay\u0131n.<\/p>\n<p data-start=\"762\" data-end=\"970\">\u27a4 <strong data-start=\"772\" data-end=\"806\">Adet olarak sat\u0131l\u0131r (1 dolgun demet)<\/strong><br data-start=\"806\" data-end=\"809\">\u27a4 Demleme, do\u011fu mutfa\u011f\u0131, pastac\u0131l\u0131k veya kokteyller i\u00e7in ideal<br data-start=\"876\" data-end=\"879\">\u27a4 \u0130\u015flenmemi\u015f \u00fcr\u00fcn \u2013 g\u00fcnl\u00fck tazelik<br data-start=\"919\" data-end=\"922\">\u27a4 So\u011fukta saklay\u0131n veya demleme i\u00e7in kurutun<\/p>\n<p data-start=\"972\" data-end=\"1046\">\ud83d\ude9a <strong data-start=\"1000\" data-end=\"1025\">Mulhouse ve \u00e7evresine<\/strong> ev teslimat\u0131 \u2013 tazelik garantisi<\/p>\n","protected":false},"featured_media":16814,"comment_status":"open","ping_status":"closed","template":"","meta":{"iawp_total_views":0},"product_brand":[],"product_cat":[308,309,225],"product_tag":[],"class_list":{"0":"post-18125","1":"product","2":"type-product","3":"status-publish","4":"has-post-thumbnail","6":"product_cat-meyve-sebze","7":"product_cat-taze-otlar","8":"product_cat-tum-urunlerimiz","10":"first","11":"instock","12":"shipping-taxable","13":"purchasable","14":"product-type-simple"},"yoast_head":"<!-- This site is optimized with the Yoast SEO plugin v27.3 - https:\/\/yoast.com\/product\/yoast-seo-wordpress\/ -->\n<title>Taze Nane \u2013 Aromatik Demet \u2013 Adet Sat\u0131\u015f - hakmarfrance.online<\/title>\n<meta name=\"robots\" content=\"index, follow, max-snippet:-1, max-image-preview:large, max-video-preview:-1\" \/>\n<link rel=\"canonical\" href=\"https:\/\/hakmarfrance.online\/tr\/produit\/taze-nane-aromatik-demet-adet-satis\/\" \/>\n<meta property=\"og:locale\" content=\"tr_TR\" \/>\n<meta property=\"og:type\" content=\"article\" \/>\n<meta property=\"og:title\" content=\"Taze Nane \u2013 Aromatik Demet \u2013 Adet Sat\u0131\u015f - hakmarfrance.online\" \/>\n<meta property=\"og:description\" content=\"Tariflerinize taze bir dokunu\u015f kat\u0131n taze nane demetimiz ile. Nane \u00e7ay\u0131, tabule veya do\u011fu yemeklerinde vazge\u00e7ilmezdir, ayr\u0131ca meyveler, tatl\u0131lar veya serinletici i\u00e7eceklerle de m\u00fckemmel uyum sa\u011flar. \ud83c\udf3f \u0130pucu: \u00d6mr\u00fcn\u00fc uzatmak ve aromas\u0131n\u0131 korumak i\u00e7in so\u011fukta bir bardak su i\u00e7inde saklay\u0131n. \u27a4 Adet olarak sat\u0131l\u0131r (1 dolgun demet)\u27a4 Demleme, do\u011fu mutfa\u011f\u0131, pastac\u0131l\u0131k veya kokteyller i\u00e7in ideal\u27a4 \u0130\u015flenmemi\u015f \u00fcr\u00fcn \u2013 g\u00fcnl\u00fck tazelik\u27a4 So\u011fukta saklay\u0131n veya demleme i\u00e7in kurutun \ud83d\ude9a Mulhouse ve \u00e7evresine ev teslimat\u0131 \u2013 tazelik garantisi\" \/>\n<meta property=\"og:url\" content=\"https:\/\/hakmarfrance.online\/tr\/produit\/taze-nane-aromatik-demet-adet-satis\/\" \/>\n<meta property=\"og:site_name\" content=\"hakmarfrance.online\" \/>\n<meta property=\"article:publisher\" content=\"https:\/\/www.facebook.com\/HakmarFranceSupermarche\/?locale=fr_FR\" \/>\n<meta property=\"og:image\" content=\"https:\/\/hakmarfrance.online\/wp-content\/uploads\/2025\/06\/botte-menthe.avif\" \/>\n\t<meta property=\"og:image:width\" content=\"1000\" \/>\n\t<meta property=\"og:image:height\" content=\"800\" \/>\n\t<meta property=\"og:image:type\" content=\"image\/png\" \/>\n<meta name=\"twitter:card\" content=\"summary_large_image\" \/>\n<script type=\"application\/ld+json\" class=\"yoast-schema-graph\">{\"@context\":\"https:\\\/\\\/schema.org\",\"@graph\":[{\"@type\":\"WebPage\",\"@id\":\"https:\\\/\\\/hakmarfrance.online\\\/tr\\\/produit\\\/taze-nane-aromatik-demet-adet-satis\\\/\",\"url\":\"https:\\\/\\\/hakmarfrance.online\\\/tr\\\/produit\\\/taze-nane-aromatik-demet-adet-satis\\\/\",\"name\":\"Taze Nane \u2013 Aromatik Demet \u2013 Adet Sat\u0131\u015f - hakmarfrance.online\",\"isPartOf\":{\"@id\":\"https:\\\/\\\/hakmarfrance.online\\\/tr\\\/#website\"},\"primaryImageOfPage\":{\"@id\":\"https:\\\/\\\/hakmarfrance.online\\\/tr\\\/produit\\\/taze-nane-aromatik-demet-adet-satis\\\/#primaryimage\"},\"image\":{\"@id\":\"https:\\\/\\\/hakmarfrance.online\\\/tr\\\/produit\\\/taze-nane-aromatik-demet-adet-satis\\\/#primaryimage\"},\"thumbnailUrl\":\"https:\\\/\\\/hakmarfrance.online\\\/wp-content\\\/uploads\\\/2025\\\/06\\\/botte-menthe.avif\",\"datePublished\":\"2025-06-13T11:19:26+00:00\",\"breadcrumb\":{\"@id\":\"https:\\\/\\\/hakmarfrance.online\\\/tr\\\/produit\\\/taze-nane-aromatik-demet-adet-satis\\\/#breadcrumb\"},\"inLanguage\":\"tr-TR\",\"potentialAction\":[{\"@type\":\"ReadAction\",\"target\":[\"https:\\\/\\\/hakmarfrance.online\\\/tr\\\/produit\\\/taze-nane-aromatik-demet-adet-satis\\\/\"]}]},{\"@type\":\"ImageObject\",\"inLanguage\":\"tr-TR\",\"@id\":\"https:\\\/\\\/hakmarfrance.online\\\/tr\\\/produit\\\/taze-nane-aromatik-demet-adet-satis\\\/#primaryimage\",\"url\":\"https:\\\/\\\/hakmarfrance.online\\\/wp-content\\\/uploads\\\/2025\\\/06\\\/botte-menthe.avif\",\"contentUrl\":\"https:\\\/\\\/hakmarfrance.online\\\/wp-content\\\/uploads\\\/2025\\\/06\\\/botte-menthe.avif\",\"width\":1000,\"height\":800},{\"@type\":\"BreadcrumbList\",\"@id\":\"https:\\\/\\\/hakmarfrance.online\\\/tr\\\/produit\\\/taze-nane-aromatik-demet-adet-satis\\\/#breadcrumb\",\"itemListElement\":[{\"@type\":\"ListItem\",\"position\":1,\"name\":\"Accueil\",\"item\":\"https:\\\/\\\/hakmarfrance.online\\\/tr\\\/\"},{\"@type\":\"ListItem\",\"position\":2,\"name\":\"Ma\u011faza\",\"item\":\"https:\\\/\\\/hakmarfrance.online\\\/tr\\\/magaza\\\/\"},{\"@type\":\"ListItem\",\"position\":3,\"name\":\"Taze Nane \u2013 Aromatik Demet \u2013 Adet Sat\u0131\u015f\"}]},{\"@type\":\"WebSite\",\"@id\":\"https:\\\/\\\/hakmarfrance.online\\\/tr\\\/#website\",\"url\":\"https:\\\/\\\/hakmarfrance.online\\\/tr\\\/\",\"name\":\"hakmarfrance.online\",\"description\":\"\",\"publisher\":{\"@id\":\"https:\\\/\\\/hakmarfrance.online\\\/tr\\\/#organization\"},\"potentialAction\":[{\"@type\":\"SearchAction\",\"target\":{\"@type\":\"EntryPoint\",\"urlTemplate\":\"https:\\\/\\\/hakmarfrance.online\\\/tr\\\/?s={search_term_string}\"},\"query-input\":{\"@type\":\"PropertyValueSpecification\",\"valueRequired\":true,\"valueName\":\"search_term_string\"}}],\"inLanguage\":\"tr-TR\"},{\"@type\":\"Organization\",\"@id\":\"https:\\\/\\\/hakmarfrance.online\\\/tr\\\/#organization\",\"name\":\"hakmarfrance.online\",\"url\":\"https:\\\/\\\/hakmarfrance.online\\\/tr\\\/\",\"logo\":{\"@type\":\"ImageObject\",\"inLanguage\":\"tr-TR\",\"@id\":\"https:\\\/\\\/hakmarfrance.online\\\/tr\\\/#\\\/schema\\\/logo\\\/image\\\/\",\"url\":\"https:\\\/\\\/hakmarfrance.online\\\/wp-content\\\/uploads\\\/2025\\\/06\\\/logo-hakmarfrance.png\",\"contentUrl\":\"https:\\\/\\\/hakmarfrance.online\\\/wp-content\\\/uploads\\\/2025\\\/06\\\/logo-hakmarfrance.png\",\"width\":528,\"height\":232,\"caption\":\"hakmarfrance.online\"},\"image\":{\"@id\":\"https:\\\/\\\/hakmarfrance.online\\\/tr\\\/#\\\/schema\\\/logo\\\/image\\\/\"},\"sameAs\":[\"https:\\\/\\\/www.facebook.com\\\/HakmarFranceSupermarche\\\/?locale=fr_FR\",\"https:\\\/\\\/www.instagram.com\\\/hakmarfrancesupermarche\\\/\"]}]}<\/script>\n<!-- \/ Yoast SEO plugin. -->","yoast_head_json":{"title":"Taze Nane \u2013 Aromatik Demet \u2013 Adet Sat\u0131\u015f - hakmarfrance.online","robots":{"index":"index","follow":"follow","max-snippet":"max-snippet:-1","max-image-preview":"max-image-preview:large","max-video-preview":"max-video-preview:-1"},"canonical":"https:\/\/hakmarfrance.online\/tr\/produit\/taze-nane-aromatik-demet-adet-satis\/","og_locale":"tr_TR","og_type":"article","og_title":"Taze Nane \u2013 Aromatik Demet \u2013 Adet Sat\u0131\u015f - hakmarfrance.online","og_description":"Tariflerinize taze bir dokunu\u015f kat\u0131n taze nane demetimiz ile. Nane \u00e7ay\u0131, tabule veya do\u011fu yemeklerinde vazge\u00e7ilmezdir, ayr\u0131ca meyveler, tatl\u0131lar veya serinletici i\u00e7eceklerle de m\u00fckemmel uyum sa\u011flar. \ud83c\udf3f \u0130pucu: \u00d6mr\u00fcn\u00fc uzatmak ve aromas\u0131n\u0131 korumak i\u00e7in so\u011fukta bir bardak su i\u00e7inde saklay\u0131n. \u27a4 Adet olarak sat\u0131l\u0131r (1 dolgun demet)\u27a4 Demleme, do\u011fu mutfa\u011f\u0131, pastac\u0131l\u0131k veya kokteyller i\u00e7in ideal\u27a4 \u0130\u015flenmemi\u015f \u00fcr\u00fcn \u2013 g\u00fcnl\u00fck tazelik\u27a4 So\u011fukta saklay\u0131n veya demleme i\u00e7in kurutun \ud83d\ude9a Mulhouse ve \u00e7evresine ev teslimat\u0131 \u2013 tazelik garantisi","og_url":"https:\/\/hakmarfrance.online\/tr\/produit\/taze-nane-aromatik-demet-adet-satis\/","og_site_name":"hakmarfrance.online","article_publisher":"https:\/\/www.facebook.com\/HakmarFranceSupermarche\/?locale=fr_FR","og_image":[{"width":1000,"height":800,"url":"https:\/\/hakmarfrance.online\/wp-content\/uploads\/2025\/06\/botte-menthe.avif","type":"image\/png"}],"twitter_card":"summary_large_image","schema":{"@context":"https:\/\/schema.org","@graph":[{"@type":"WebPage","@id":"https:\/\/hakmarfrance.online\/tr\/produit\/taze-nane-aromatik-demet-adet-satis\/","url":"https:\/\/hakmarfrance.online\/tr\/produit\/taze-nane-aromatik-demet-adet-satis\/","name":"Taze Nane \u2013 Aromatik Demet \u2013 Adet Sat\u0131\u015f - hakmarfrance.online","isPartOf":{"@id":"https:\/\/hakmarfrance.online\/tr\/#website"},"primaryImageOfPage":{"@id":"https:\/\/hakmarfrance.online\/tr\/produit\/taze-nane-aromatik-demet-adet-satis\/#primaryimage"},"image":{"@id":"https:\/\/hakmarfrance.online\/tr\/produit\/taze-nane-aromatik-demet-adet-satis\/#primaryimage"},"thumbnailUrl":"https:\/\/hakmarfrance.online\/wp-content\/uploads\/2025\/06\/botte-menthe.avif","datePublished":"2025-06-13T11:19:26+00:00","breadcrumb":{"@id":"https:\/\/hakmarfrance.online\/tr\/produit\/taze-nane-aromatik-demet-adet-satis\/#breadcrumb"},"inLanguage":"tr-TR","potentialAction":[{"@type":"ReadAction","target":["https:\/\/hakmarfrance.online\/tr\/produit\/taze-nane-aromatik-demet-adet-satis\/"]}]},{"@type":"ImageObject","inLanguage":"tr-TR","@id":"https:\/\/hakmarfrance.online\/tr\/produit\/taze-nane-aromatik-demet-adet-satis\/#primaryimage","url":"https:\/\/hakmarfrance.online\/wp-content\/uploads\/2025\/06\/botte-menthe.avif","contentUrl":"https:\/\/hakmarfrance.online\/wp-content\/uploads\/2025\/06\/botte-menthe.avif","width":1000,"height":800},{"@type":"BreadcrumbList","@id":"https:\/\/hakmarfrance.online\/tr\/produit\/taze-nane-aromatik-demet-adet-satis\/#breadcrumb","itemListElement":[{"@type":"ListItem","position":1,"name":"Accueil","item":"https:\/\/hakmarfrance.online\/tr\/"},{"@type":"ListItem","position":2,"name":"Ma\u011faza","item":"https:\/\/hakmarfrance.online\/tr\/magaza\/"},{"@type":"ListItem","position":3,"name":"Taze Nane \u2013 Aromatik Demet \u2013 Adet Sat\u0131\u015f"}]},{"@type":"WebSite","@id":"https:\/\/hakmarfrance.online\/tr\/#website","url":"https:\/\/hakmarfrance.online\/tr\/","name":"hakmarfrance.online","description":"","publisher":{"@id":"https:\/\/hakmarfrance.online\/tr\/#organization"},"potentialAction":[{"@type":"SearchAction","target":{"@type":"EntryPoint","urlTemplate":"https:\/\/hakmarfrance.online\/tr\/?s={search_term_string}"},"query-input":{"@type":"PropertyValueSpecification","valueRequired":true,"valueName":"search_term_string"}}],"inLanguage":"tr-TR"},{"@type":"Organization","@id":"https:\/\/hakmarfrance.online\/tr\/#organization","name":"hakmarfrance.online","url":"https:\/\/hakmarfrance.online\/tr\/","logo":{"@type":"ImageObject","inLanguage":"tr-TR","@id":"https:\/\/hakmarfrance.online\/tr\/#\/schema\/logo\/image\/","url":"https:\/\/hakmarfrance.online\/wp-content\/uploads\/2025\/06\/logo-hakmarfrance.png","contentUrl":"https:\/\/hakmarfrance.online\/wp-content\/uploads\/2025\/06\/logo-hakmarfrance.png","width":528,"height":232,"caption":"hakmarfrance.online"},"image":{"@id":"https:\/\/hakmarfrance.online\/tr\/#\/schema\/logo\/image\/"},"sameAs":["https:\/\/www.facebook.com\/HakmarFranceSupermarche\/?locale=fr_FR","https:\/\/www.instagram.com\/hakmarfrancesupermarche\/"]}]}},"_links":{"self":[{"href":"https:\/\/hakmarfrance.online\/tr\/wp-json\/wp\/v2\/product\/18125","targetHints":{"allow":["GET"]}}],"collection":[{"href":"https:\/\/hakmarfrance.online\/tr\/wp-json\/wp\/v2\/product"}],"about":[{"href":"https:\/\/hakmarfrance.online\/tr\/wp-json\/wp\/v2\/types\/product"}],"replies":[{"embeddable":true,"href":"https:\/\/hakmarfrance.online\/tr\/wp-json\/wp\/v2\/comments?post=18125"}],"version-history":[{"count":0,"href":"https:\/\/hakmarfrance.online\/tr\/wp-json\/wp\/v2\/product\/18125\/revisions"}],"wp:featuredmedia":[{"embeddable":true,"href":"https:\/\/hakmarfrance.online\/tr\/wp-json\/wp\/v2\/media\/16814"}],"wp:attachment":[{"href":"https:\/\/hakmarfrance.online\/tr\/wp-json\/wp\/v2\/media?parent=18125"}],"wp:term":[{"taxonomy":"product_brand","embeddable":true,"href":"https:\/\/hakmarfrance.online\/tr\/wp-json\/wp\/v2\/product_brand?post=18125"},{"taxonomy":"product_cat","embeddable":true,"href":"https:\/\/hakmarfrance.online\/tr\/wp-json\/wp\/v2\/product_cat?post=18125"},{"taxonomy":"product_tag","embeddable":true,"href":"https:\/\/hakmarfrance.online\/tr\/wp-json\/wp\/v2\/product_tag?post=18125"}],"curies":[{"name":"wp","href":"https:\/\/api.w.org\/{rel}","templated":true}]}}