{"id":18129,"date":"2025-06-13T11:46:15","date_gmt":"2025-06-13T11:46:15","guid":{"rendered":"https:\/\/hakmarfrance.online\/produit\/sleepy-easy-clean-islak-mendil-iz-birakmayan-cok-amacli-100-mendil-yesil\/"},"modified":"2025-06-13T11:46:15","modified_gmt":"2025-06-13T11:46:15","slug":"sleepy-easy-clean-islak-mendil-iz-birakmayan-cok-amacli-100-mendil-yesil","status":"publish","type":"product","link":"https:\/\/hakmarfrance.online\/tr\/produit\/sleepy-easy-clean-islak-mendil-iz-birakmayan-cok-amacli-100-mendil-yesil\/","title":{"rendered":"Sleepy Easy Clean Islak Mendil &#8211; \u0130z B\u0131rakmayan \u00c7ok Ama\u00e7l\u0131 &#8211; 100 mendil (ye\u015fil)"},"content":{"rendered":"","protected":false},"excerpt":{"rendered":"<p data-start=\"410\" data-end=\"685\"><strong data-start=\"414\" data-end=\"445\">Sleepy Easy Clean mendilleri<\/strong>, g\u00fcnl\u00fck t\u00fcm y\u00fczeylerin h\u0131zl\u0131 ve etkili bir \u015fekilde temizlenmesi i\u00e7in tasarlanm\u0131\u015ft\u0131r. <strong data-start=\"546\" data-end=\"587\">Do\u011fal i\u00e7erikli form\u00fcl\u00fc<\/strong> sayesinde optimum hijyen sa\u011flarken y\u00fczeylerinize zarar vermez, <strong data-start=\"658\" data-end=\"684\">iz b\u0131rakmaz<\/strong>. <\/p>\n<p data-start=\"687\" data-end=\"848\">\u015eunlar i\u00e7in m\u00fckemmel:<br data-start=\"703\" data-end=\"706\">\u2714 Tezgahlar<br data-start=\"724\" data-end=\"727\">\u2714 Masalar, sandalyeler, kap\u0131 kollar\u0131<br data-start=\"754\" data-end=\"757\">\u2714 Beyaz e\u015fyalar, tuvaletler, cam y\u00fczeyler<br data-start=\"795\" data-end=\"798\">\u2714 Ev hijyeni, g\u00fcnl\u00fck h\u0131zl\u0131 temizlik<\/p>\n<p data-start=\"850\" data-end=\"928\">\ud83d\udca7 Zenginle\u015ftirilmi\u015f form\u00fcl, ferahlat\u0131c\u0131 koku, daha iyi saklama i\u00e7in tekrar kapat\u0131labilir.<\/p>\n<p data-start=\"930\" data-end=\"1145\">\u27a4 <strong data-start=\"932\" data-end=\"960\">Paket ba\u015f\u0131na 100 mendil<\/strong><br data-start=\"960\" data-end=\"963\">\u27a4 Tazeli\u011fi korumak i\u00e7in <strong data-start=\"965\" data-end=\"986\">tekrar kapat\u0131labilir ambalaj<\/strong><br data-start=\"1011\" data-end=\"1014\">\u27a4 <strong data-start=\"1026\" data-end=\"1042\">\u0130z b\u0131rakmaz<\/strong> \u2013 yumu\u015fak ama etkili form\u00fcl<br data-start=\"1072\" data-end=\"1075\">\u27a4 Evde, arabada veya i\u015fte kullan\u0131m i\u00e7in uygundur<\/p>\n<p data-start=\"1147\" data-end=\"1200\"><strong data-start=\"1175\" data-end=\"1200\">Mulhouse ve \u00e7evresine<\/strong> teslimat mevcuttur.<\/p>\n","protected":false},"featured_media":18130,"comment_status":"open","ping_status":"closed","template":"","meta":{"iawp_total_views":0},"product_brand":[188],"product_cat":[284,225],"product_tag":[],"class_list":{"0":"post-18129","1":"product","2":"type-product","3":"status-publish","4":"has-post-thumbnail","6":"product_brand-sleepy","7":"product_cat-hijyen-bakim","8":"product_cat-tum-urunlerimiz","10":"first","11":"instock","12":"shipping-taxable","13":"purchasable","14":"product-type-simple"},"yoast_head":"<!-- This site is optimized with the Yoast SEO plugin v27.3 - https:\/\/yoast.com\/product\/yoast-seo-wordpress\/ -->\n<title>Sleepy Easy Clean Islak Mendil - \u0130z B\u0131rakmayan \u00c7ok Ama\u00e7l\u0131 - 100 mendil (ye\u015fil) - hakmarfrance.online<\/title>\n<meta name=\"robots\" content=\"index, follow, max-snippet:-1, max-image-preview:large, max-video-preview:-1\" \/>\n<link rel=\"canonical\" href=\"https:\/\/hakmarfrance.online\/tr\/produit\/sleepy-easy-clean-islak-mendil-iz-birakmayan-cok-amacli-100-mendil-yesil\/\" \/>\n<meta property=\"og:locale\" content=\"tr_TR\" \/>\n<meta property=\"og:type\" content=\"article\" \/>\n<meta property=\"og:title\" content=\"Sleepy Easy Clean Islak Mendil - \u0130z B\u0131rakmayan \u00c7ok Ama\u00e7l\u0131 - 100 mendil (ye\u015fil) - hakmarfrance.online\" \/>\n<meta property=\"og:description\" content=\"Sleepy Easy Clean mendilleri, g\u00fcnl\u00fck t\u00fcm y\u00fczeylerin h\u0131zl\u0131 ve etkili bir \u015fekilde temizlenmesi i\u00e7in tasarlanm\u0131\u015ft\u0131r. Do\u011fal i\u00e7erikli form\u00fcl\u00fc sayesinde optimum hijyen sa\u011flarken y\u00fczeylerinize zarar vermez, iz b\u0131rakmaz. \u015eunlar i\u00e7in m\u00fckemmel:\u2714 Tezgahlar\u2714 Masalar, sandalyeler, kap\u0131 kollar\u0131\u2714 Beyaz e\u015fyalar, tuvaletler, cam y\u00fczeyler\u2714 Ev hijyeni, g\u00fcnl\u00fck h\u0131zl\u0131 temizlik \ud83d\udca7 Zenginle\u015ftirilmi\u015f form\u00fcl, ferahlat\u0131c\u0131 koku, daha iyi saklama i\u00e7in tekrar kapat\u0131labilir. \u27a4 Paket ba\u015f\u0131na 100 mendil\u27a4 Tazeli\u011fi korumak i\u00e7in tekrar kapat\u0131labilir ambalaj\u27a4 \u0130z b\u0131rakmaz \u2013 yumu\u015fak ama etkili form\u00fcl\u27a4 Evde, arabada veya i\u015fte kullan\u0131m i\u00e7in uygundur Mulhouse ve \u00e7evresine teslimat mevcuttur.\" \/>\n<meta property=\"og:url\" content=\"https:\/\/hakmarfrance.online\/tr\/produit\/sleepy-easy-clean-islak-mendil-iz-birakmayan-cok-amacli-100-mendil-yesil\/\" \/>\n<meta property=\"og:site_name\" content=\"hakmarfrance.online\" \/>\n<meta property=\"article:publisher\" content=\"https:\/\/www.facebook.com\/HakmarFranceSupermarche\/?locale=fr_FR\" \/>\n<meta property=\"og:image\" content=\"https:\/\/hakmarfrance.online\/wp-content\/uploads\/2025\/06\/Lingettes-Sleepy-Easy-Clean-\u2013-Multi-usages-Sans-Traces-vert-100.avif\" \/>\n\t<meta property=\"og:image:width\" content=\"1000\" \/>\n\t<meta property=\"og:image:height\" content=\"800\" \/>\n\t<meta property=\"og:image:type\" content=\"image\/png\" \/>\n<meta name=\"twitter:card\" content=\"summary_large_image\" \/>\n<script type=\"application\/ld+json\" class=\"yoast-schema-graph\">{\"@context\":\"https:\\\/\\\/schema.org\",\"@graph\":[{\"@type\":\"WebPage\",\"@id\":\"https:\\\/\\\/hakmarfrance.online\\\/tr\\\/produit\\\/sleepy-easy-clean-islak-mendil-iz-birakmayan-cok-amacli-100-mendil-yesil\\\/\",\"url\":\"https:\\\/\\\/hakmarfrance.online\\\/tr\\\/produit\\\/sleepy-easy-clean-islak-mendil-iz-birakmayan-cok-amacli-100-mendil-yesil\\\/\",\"name\":\"Sleepy Easy Clean Islak Mendil - \u0130z B\u0131rakmayan \u00c7ok Ama\u00e7l\u0131 - 100 mendil (ye\u015fil) - hakmarfrance.online\",\"isPartOf\":{\"@id\":\"https:\\\/\\\/hakmarfrance.online\\\/tr\\\/#website\"},\"primaryImageOfPage\":{\"@id\":\"https:\\\/\\\/hakmarfrance.online\\\/tr\\\/produit\\\/sleepy-easy-clean-islak-mendil-iz-birakmayan-cok-amacli-100-mendil-yesil\\\/#primaryimage\"},\"image\":{\"@id\":\"https:\\\/\\\/hakmarfrance.online\\\/tr\\\/produit\\\/sleepy-easy-clean-islak-mendil-iz-birakmayan-cok-amacli-100-mendil-yesil\\\/#primaryimage\"},\"thumbnailUrl\":\"https:\\\/\\\/hakmarfrance.online\\\/wp-content\\\/uploads\\\/2025\\\/06\\\/Lingettes-Sleepy-Easy-Clean-\u2013-Multi-usages-Sans-Traces-vert-100.avif\",\"datePublished\":\"2025-06-13T11:46:15+00:00\",\"breadcrumb\":{\"@id\":\"https:\\\/\\\/hakmarfrance.online\\\/tr\\\/produit\\\/sleepy-easy-clean-islak-mendil-iz-birakmayan-cok-amacli-100-mendil-yesil\\\/#breadcrumb\"},\"inLanguage\":\"tr-TR\",\"potentialAction\":[{\"@type\":\"ReadAction\",\"target\":[\"https:\\\/\\\/hakmarfrance.online\\\/tr\\\/produit\\\/sleepy-easy-clean-islak-mendil-iz-birakmayan-cok-amacli-100-mendil-yesil\\\/\"]}]},{\"@type\":\"ImageObject\",\"inLanguage\":\"tr-TR\",\"@id\":\"https:\\\/\\\/hakmarfrance.online\\\/tr\\\/produit\\\/sleepy-easy-clean-islak-mendil-iz-birakmayan-cok-amacli-100-mendil-yesil\\\/#primaryimage\",\"url\":\"https:\\\/\\\/hakmarfrance.online\\\/wp-content\\\/uploads\\\/2025\\\/06\\\/Lingettes-Sleepy-Easy-Clean-\u2013-Multi-usages-Sans-Traces-vert-100.avif\",\"contentUrl\":\"https:\\\/\\\/hakmarfrance.online\\\/wp-content\\\/uploads\\\/2025\\\/06\\\/Lingettes-Sleepy-Easy-Clean-\u2013-Multi-usages-Sans-Traces-vert-100.avif\",\"width\":1000,\"height\":800},{\"@type\":\"BreadcrumbList\",\"@id\":\"https:\\\/\\\/hakmarfrance.online\\\/tr\\\/produit\\\/sleepy-easy-clean-islak-mendil-iz-birakmayan-cok-amacli-100-mendil-yesil\\\/#breadcrumb\",\"itemListElement\":[{\"@type\":\"ListItem\",\"position\":1,\"name\":\"Accueil\",\"item\":\"https:\\\/\\\/hakmarfrance.online\\\/tr\\\/\"},{\"@type\":\"ListItem\",\"position\":2,\"name\":\"Ma\u011faza\",\"item\":\"https:\\\/\\\/hakmarfrance.online\\\/tr\\\/magaza\\\/\"},{\"@type\":\"ListItem\",\"position\":3,\"name\":\"Sleepy Easy Clean Islak Mendil &#8211; \u0130z B\u0131rakmayan \u00c7ok Ama\u00e7l\u0131 &#8211; 100 mendil (ye\u015fil)\"}]},{\"@type\":\"WebSite\",\"@id\":\"https:\\\/\\\/hakmarfrance.online\\\/tr\\\/#website\",\"url\":\"https:\\\/\\\/hakmarfrance.online\\\/tr\\\/\",\"name\":\"hakmarfrance.online\",\"description\":\"\",\"publisher\":{\"@id\":\"https:\\\/\\\/hakmarfrance.online\\\/tr\\\/#organization\"},\"potentialAction\":[{\"@type\":\"SearchAction\",\"target\":{\"@type\":\"EntryPoint\",\"urlTemplate\":\"https:\\\/\\\/hakmarfrance.online\\\/tr\\\/?s={search_term_string}\"},\"query-input\":{\"@type\":\"PropertyValueSpecification\",\"valueRequired\":true,\"valueName\":\"search_term_string\"}}],\"inLanguage\":\"tr-TR\"},{\"@type\":\"Organization\",\"@id\":\"https:\\\/\\\/hakmarfrance.online\\\/tr\\\/#organization\",\"name\":\"hakmarfrance.online\",\"url\":\"https:\\\/\\\/hakmarfrance.online\\\/tr\\\/\",\"logo\":{\"@type\":\"ImageObject\",\"inLanguage\":\"tr-TR\",\"@id\":\"https:\\\/\\\/hakmarfrance.online\\\/tr\\\/#\\\/schema\\\/logo\\\/image\\\/\",\"url\":\"https:\\\/\\\/hakmarfrance.online\\\/wp-content\\\/uploads\\\/2025\\\/06\\\/logo-hakmarfrance.png\",\"contentUrl\":\"https:\\\/\\\/hakmarfrance.online\\\/wp-content\\\/uploads\\\/2025\\\/06\\\/logo-hakmarfrance.png\",\"width\":528,\"height\":232,\"caption\":\"hakmarfrance.online\"},\"image\":{\"@id\":\"https:\\\/\\\/hakmarfrance.online\\\/tr\\\/#\\\/schema\\\/logo\\\/image\\\/\"},\"sameAs\":[\"https:\\\/\\\/www.facebook.com\\\/HakmarFranceSupermarche\\\/?locale=fr_FR\",\"https:\\\/\\\/www.instagram.com\\\/hakmarfrancesupermarche\\\/\"]}]}<\/script>\n<!-- \/ Yoast SEO plugin. -->","yoast_head_json":{"title":"Sleepy Easy Clean Islak Mendil - \u0130z B\u0131rakmayan \u00c7ok Ama\u00e7l\u0131 - 100 mendil (ye\u015fil) - hakmarfrance.online","robots":{"index":"index","follow":"follow","max-snippet":"max-snippet:-1","max-image-preview":"max-image-preview:large","max-video-preview":"max-video-preview:-1"},"canonical":"https:\/\/hakmarfrance.online\/tr\/produit\/sleepy-easy-clean-islak-mendil-iz-birakmayan-cok-amacli-100-mendil-yesil\/","og_locale":"tr_TR","og_type":"article","og_title":"Sleepy Easy Clean Islak Mendil - \u0130z B\u0131rakmayan \u00c7ok Ama\u00e7l\u0131 - 100 mendil (ye\u015fil) - hakmarfrance.online","og_description":"Sleepy Easy Clean mendilleri, g\u00fcnl\u00fck t\u00fcm y\u00fczeylerin h\u0131zl\u0131 ve etkili bir \u015fekilde temizlenmesi i\u00e7in tasarlanm\u0131\u015ft\u0131r. Do\u011fal i\u00e7erikli form\u00fcl\u00fc sayesinde optimum hijyen sa\u011flarken y\u00fczeylerinize zarar vermez, iz b\u0131rakmaz. \u015eunlar i\u00e7in m\u00fckemmel:\u2714 Tezgahlar\u2714 Masalar, sandalyeler, kap\u0131 kollar\u0131\u2714 Beyaz e\u015fyalar, tuvaletler, cam y\u00fczeyler\u2714 Ev hijyeni, g\u00fcnl\u00fck h\u0131zl\u0131 temizlik \ud83d\udca7 Zenginle\u015ftirilmi\u015f form\u00fcl, ferahlat\u0131c\u0131 koku, daha iyi saklama i\u00e7in tekrar kapat\u0131labilir. \u27a4 Paket ba\u015f\u0131na 100 mendil\u27a4 Tazeli\u011fi korumak i\u00e7in tekrar kapat\u0131labilir ambalaj\u27a4 \u0130z b\u0131rakmaz \u2013 yumu\u015fak ama etkili form\u00fcl\u27a4 Evde, arabada veya i\u015fte kullan\u0131m i\u00e7in uygundur Mulhouse ve \u00e7evresine teslimat mevcuttur.","og_url":"https:\/\/hakmarfrance.online\/tr\/produit\/sleepy-easy-clean-islak-mendil-iz-birakmayan-cok-amacli-100-mendil-yesil\/","og_site_name":"hakmarfrance.online","article_publisher":"https:\/\/www.facebook.com\/HakmarFranceSupermarche\/?locale=fr_FR","og_image":[{"width":1000,"height":800,"url":"https:\/\/hakmarfrance.online\/wp-content\/uploads\/2025\/06\/Lingettes-Sleepy-Easy-Clean-\u2013-Multi-usages-Sans-Traces-vert-100.avif","type":"image\/png"}],"twitter_card":"summary_large_image","schema":{"@context":"https:\/\/schema.org","@graph":[{"@type":"WebPage","@id":"https:\/\/hakmarfrance.online\/tr\/produit\/sleepy-easy-clean-islak-mendil-iz-birakmayan-cok-amacli-100-mendil-yesil\/","url":"https:\/\/hakmarfrance.online\/tr\/produit\/sleepy-easy-clean-islak-mendil-iz-birakmayan-cok-amacli-100-mendil-yesil\/","name":"Sleepy Easy Clean Islak Mendil - \u0130z B\u0131rakmayan \u00c7ok Ama\u00e7l\u0131 - 100 mendil (ye\u015fil) - hakmarfrance.online","isPartOf":{"@id":"https:\/\/hakmarfrance.online\/tr\/#website"},"primaryImageOfPage":{"@id":"https:\/\/hakmarfrance.online\/tr\/produit\/sleepy-easy-clean-islak-mendil-iz-birakmayan-cok-amacli-100-mendil-yesil\/#primaryimage"},"image":{"@id":"https:\/\/hakmarfrance.online\/tr\/produit\/sleepy-easy-clean-islak-mendil-iz-birakmayan-cok-amacli-100-mendil-yesil\/#primaryimage"},"thumbnailUrl":"https:\/\/hakmarfrance.online\/wp-content\/uploads\/2025\/06\/Lingettes-Sleepy-Easy-Clean-\u2013-Multi-usages-Sans-Traces-vert-100.avif","datePublished":"2025-06-13T11:46:15+00:00","breadcrumb":{"@id":"https:\/\/hakmarfrance.online\/tr\/produit\/sleepy-easy-clean-islak-mendil-iz-birakmayan-cok-amacli-100-mendil-yesil\/#breadcrumb"},"inLanguage":"tr-TR","potentialAction":[{"@type":"ReadAction","target":["https:\/\/hakmarfrance.online\/tr\/produit\/sleepy-easy-clean-islak-mendil-iz-birakmayan-cok-amacli-100-mendil-yesil\/"]}]},{"@type":"ImageObject","inLanguage":"tr-TR","@id":"https:\/\/hakmarfrance.online\/tr\/produit\/sleepy-easy-clean-islak-mendil-iz-birakmayan-cok-amacli-100-mendil-yesil\/#primaryimage","url":"https:\/\/hakmarfrance.online\/wp-content\/uploads\/2025\/06\/Lingettes-Sleepy-Easy-Clean-\u2013-Multi-usages-Sans-Traces-vert-100.avif","contentUrl":"https:\/\/hakmarfrance.online\/wp-content\/uploads\/2025\/06\/Lingettes-Sleepy-Easy-Clean-\u2013-Multi-usages-Sans-Traces-vert-100.avif","width":1000,"height":800},{"@type":"BreadcrumbList","@id":"https:\/\/hakmarfrance.online\/tr\/produit\/sleepy-easy-clean-islak-mendil-iz-birakmayan-cok-amacli-100-mendil-yesil\/#breadcrumb","itemListElement":[{"@type":"ListItem","position":1,"name":"Accueil","item":"https:\/\/hakmarfrance.online\/tr\/"},{"@type":"ListItem","position":2,"name":"Ma\u011faza","item":"https:\/\/hakmarfrance.online\/tr\/magaza\/"},{"@type":"ListItem","position":3,"name":"Sleepy Easy Clean Islak Mendil &#8211; \u0130z B\u0131rakmayan \u00c7ok Ama\u00e7l\u0131 &#8211; 100 mendil (ye\u015fil)"}]},{"@type":"WebSite","@id":"https:\/\/hakmarfrance.online\/tr\/#website","url":"https:\/\/hakmarfrance.online\/tr\/","name":"hakmarfrance.online","description":"","publisher":{"@id":"https:\/\/hakmarfrance.online\/tr\/#organization"},"potentialAction":[{"@type":"SearchAction","target":{"@type":"EntryPoint","urlTemplate":"https:\/\/hakmarfrance.online\/tr\/?s={search_term_string}"},"query-input":{"@type":"PropertyValueSpecification","valueRequired":true,"valueName":"search_term_string"}}],"inLanguage":"tr-TR"},{"@type":"Organization","@id":"https:\/\/hakmarfrance.online\/tr\/#organization","name":"hakmarfrance.online","url":"https:\/\/hakmarfrance.online\/tr\/","logo":{"@type":"ImageObject","inLanguage":"tr-TR","@id":"https:\/\/hakmarfrance.online\/tr\/#\/schema\/logo\/image\/","url":"https:\/\/hakmarfrance.online\/wp-content\/uploads\/2025\/06\/logo-hakmarfrance.png","contentUrl":"https:\/\/hakmarfrance.online\/wp-content\/uploads\/2025\/06\/logo-hakmarfrance.png","width":528,"height":232,"caption":"hakmarfrance.online"},"image":{"@id":"https:\/\/hakmarfrance.online\/tr\/#\/schema\/logo\/image\/"},"sameAs":["https:\/\/www.facebook.com\/HakmarFranceSupermarche\/?locale=fr_FR","https:\/\/www.instagram.com\/hakmarfrancesupermarche\/"]}]}},"_links":{"self":[{"href":"https:\/\/hakmarfrance.online\/tr\/wp-json\/wp\/v2\/product\/18129","targetHints":{"allow":["GET"]}}],"collection":[{"href":"https:\/\/hakmarfrance.online\/tr\/wp-json\/wp\/v2\/product"}],"about":[{"href":"https:\/\/hakmarfrance.online\/tr\/wp-json\/wp\/v2\/types\/product"}],"replies":[{"embeddable":true,"href":"https:\/\/hakmarfrance.online\/tr\/wp-json\/wp\/v2\/comments?post=18129"}],"version-history":[{"count":0,"href":"https:\/\/hakmarfrance.online\/tr\/wp-json\/wp\/v2\/product\/18129\/revisions"}],"wp:featuredmedia":[{"embeddable":true,"href":"https:\/\/hakmarfrance.online\/tr\/wp-json\/wp\/v2\/media\/18130"}],"wp:attachment":[{"href":"https:\/\/hakmarfrance.online\/tr\/wp-json\/wp\/v2\/media?parent=18129"}],"wp:term":[{"taxonomy":"product_brand","embeddable":true,"href":"https:\/\/hakmarfrance.online\/tr\/wp-json\/wp\/v2\/product_brand?post=18129"},{"taxonomy":"product_cat","embeddable":true,"href":"https:\/\/hakmarfrance.online\/tr\/wp-json\/wp\/v2\/product_cat?post=18129"},{"taxonomy":"product_tag","embeddable":true,"href":"https:\/\/hakmarfrance.online\/tr\/wp-json\/wp\/v2\/product_tag?post=18129"}],"curies":[{"name":"wp","href":"https:\/\/api.w.org\/{rel}","templated":true}]}}