{"id":18138,"date":"2025-06-13T11:18:37","date_gmt":"2025-06-13T11:18:37","guid":{"rendered":"https:\/\/hakmarfrance.online\/produit\/taze-maydanoz-aromatik-demet-adet-satis\/"},"modified":"2025-06-13T11:18:37","modified_gmt":"2025-06-13T11:18:37","slug":"taze-maydanoz-aromatik-demet-adet-satis","status":"publish","type":"product","link":"https:\/\/hakmarfrance.online\/tr\/produit\/taze-maydanoz-aromatik-demet-adet-satis\/","title":{"rendered":"Taze Maydanoz &#8211; Aromatik Demet &#8211; Adet Sat\u0131\u015f"},"content":{"rendered":"","protected":false},"excerpt":{"rendered":"<p data-start=\"414\" data-end=\"727\"><strong data-start=\"469\" data-end=\"500\">Demet halinde sat\u0131lan taze maydanozumuz<\/strong> ile yemeklerinize tazelik kat\u0131n. Ayn\u0131 g\u00fcn toplanm\u0131\u015f olup salatalar\u0131n\u0131z\u0131n, etlerinizin, sebzelerinizin, \u00e7orbalar\u0131n\u0131z\u0131n veya soslar\u0131n\u0131z\u0131n lezzetini art\u0131rmak i\u00e7in idealdir. Akdeniz, Do\u011fu ve Avrupa mutfa\u011f\u0131n\u0131n vazge\u00e7ilmezi olan maydanozu ister \u00e7i\u011f ister pi\u015fmi\u015f olarak t\u00fcketebilirsiniz.  <\/p>\n<p data-start=\"729\" data-end=\"823\">\ud83c\udf3f \u0130pucu: T\u00fcm aromas\u0131n\u0131 korumak i\u00e7in ince ince do\u011fray\u0131n ve pi\u015firme i\u015fleminin sonunda ekleyin.<\/p>\n<p data-start=\"825\" data-end=\"990\">\u27a4 <strong data-start=\"835\" data-end=\"857\">Adet (1 demet)<\/strong> olarak sat\u0131l\u0131r<br data-start=\"857\" data-end=\"860\">\u27a4 Nemli bir bez i\u00e7inde serin yerde saklanmal\u0131d\u0131r<br data-start=\"903\" data-end=\"906\">\u27a4 Ev yemekleri, mangal, tajine vb. i\u00e7in idealdir<br data-start=\"959\" data-end=\"962\">\u27a4 G\u00fcnl\u00fck taze &#8211; ila\u00e7s\u0131z<\/p>\n<p data-start=\"992\" data-end=\"1062\">\ud83d\ude9a <strong data-start=\"995\" data-end=\"1041\">Mulhouse ve \u00e7evresine yerel teslimat<\/strong> &#8211; tazelik garantili<\/p>\n","protected":false},"featured_media":15965,"comment_status":"open","ping_status":"closed","template":"","meta":{"iawp_total_views":0},"product_brand":[],"product_cat":[308,309,225],"product_tag":[],"class_list":{"0":"post-18138","1":"product","2":"type-product","3":"status-publish","4":"has-post-thumbnail","6":"product_cat-meyve-sebze","7":"product_cat-taze-otlar","8":"product_cat-tum-urunlerimiz","10":"first","11":"instock","12":"shipping-taxable","13":"purchasable","14":"product-type-simple"},"yoast_head":"<!-- This site is optimized with the Yoast SEO plugin v27.3 - https:\/\/yoast.com\/product\/yoast-seo-wordpress\/ -->\n<title>Taze Maydanoz - Aromatik Demet - Adet Sat\u0131\u015f - hakmarfrance.online<\/title>\n<meta name=\"robots\" content=\"index, follow, max-snippet:-1, max-image-preview:large, max-video-preview:-1\" \/>\n<link rel=\"canonical\" href=\"https:\/\/hakmarfrance.online\/tr\/produit\/taze-maydanoz-aromatik-demet-adet-satis\/\" \/>\n<meta property=\"og:locale\" content=\"tr_TR\" \/>\n<meta property=\"og:type\" content=\"article\" \/>\n<meta property=\"og:title\" content=\"Taze Maydanoz - Aromatik Demet - Adet Sat\u0131\u015f - hakmarfrance.online\" \/>\n<meta property=\"og:description\" content=\"Demet halinde sat\u0131lan taze maydanozumuz ile yemeklerinize tazelik kat\u0131n. Ayn\u0131 g\u00fcn toplanm\u0131\u015f olup salatalar\u0131n\u0131z\u0131n, etlerinizin, sebzelerinizin, \u00e7orbalar\u0131n\u0131z\u0131n veya soslar\u0131n\u0131z\u0131n lezzetini art\u0131rmak i\u00e7in idealdir. Akdeniz, Do\u011fu ve Avrupa mutfa\u011f\u0131n\u0131n vazge\u00e7ilmezi olan maydanozu ister \u00e7i\u011f ister pi\u015fmi\u015f olarak t\u00fcketebilirsiniz.  \ud83c\udf3f \u0130pucu: T\u00fcm aromas\u0131n\u0131 korumak i\u00e7in ince ince do\u011fray\u0131n ve pi\u015firme i\u015fleminin sonunda ekleyin. \u27a4 Adet (1 demet) olarak sat\u0131l\u0131r\u27a4 Nemli bir bez i\u00e7inde serin yerde saklanmal\u0131d\u0131r\u27a4 Ev yemekleri, mangal, tajine vb. i\u00e7in idealdir\u27a4 G\u00fcnl\u00fck taze - ila\u00e7s\u0131z \ud83d\ude9a Mulhouse ve \u00e7evresine yerel teslimat - tazelik garantili\" \/>\n<meta property=\"og:url\" content=\"https:\/\/hakmarfrance.online\/tr\/produit\/taze-maydanoz-aromatik-demet-adet-satis\/\" \/>\n<meta property=\"og:site_name\" content=\"hakmarfrance.online\" \/>\n<meta property=\"article:publisher\" content=\"https:\/\/www.facebook.com\/HakmarFranceSupermarche\/?locale=fr_FR\" \/>\n<meta property=\"og:image\" content=\"https:\/\/hakmarfrance.online\/wp-content\/uploads\/2025\/06\/persil-botte-piece.jpg\" \/>\n\t<meta property=\"og:image:width\" content=\"800\" \/>\n\t<meta property=\"og:image:height\" content=\"800\" \/>\n\t<meta property=\"og:image:type\" content=\"image\/jpeg\" \/>\n<meta name=\"twitter:card\" content=\"summary_large_image\" \/>\n<script type=\"application\/ld+json\" class=\"yoast-schema-graph\">{\"@context\":\"https:\\\/\\\/schema.org\",\"@graph\":[{\"@type\":\"WebPage\",\"@id\":\"https:\\\/\\\/hakmarfrance.online\\\/tr\\\/produit\\\/taze-maydanoz-aromatik-demet-adet-satis\\\/\",\"url\":\"https:\\\/\\\/hakmarfrance.online\\\/tr\\\/produit\\\/taze-maydanoz-aromatik-demet-adet-satis\\\/\",\"name\":\"Taze Maydanoz - Aromatik Demet - Adet Sat\u0131\u015f - hakmarfrance.online\",\"isPartOf\":{\"@id\":\"https:\\\/\\\/hakmarfrance.online\\\/tr\\\/#website\"},\"primaryImageOfPage\":{\"@id\":\"https:\\\/\\\/hakmarfrance.online\\\/tr\\\/produit\\\/taze-maydanoz-aromatik-demet-adet-satis\\\/#primaryimage\"},\"image\":{\"@id\":\"https:\\\/\\\/hakmarfrance.online\\\/tr\\\/produit\\\/taze-maydanoz-aromatik-demet-adet-satis\\\/#primaryimage\"},\"thumbnailUrl\":\"https:\\\/\\\/hakmarfrance.online\\\/wp-content\\\/uploads\\\/2025\\\/06\\\/persil-botte-piece.jpg\",\"datePublished\":\"2025-06-13T11:18:37+00:00\",\"breadcrumb\":{\"@id\":\"https:\\\/\\\/hakmarfrance.online\\\/tr\\\/produit\\\/taze-maydanoz-aromatik-demet-adet-satis\\\/#breadcrumb\"},\"inLanguage\":\"tr-TR\",\"potentialAction\":[{\"@type\":\"ReadAction\",\"target\":[\"https:\\\/\\\/hakmarfrance.online\\\/tr\\\/produit\\\/taze-maydanoz-aromatik-demet-adet-satis\\\/\"]}]},{\"@type\":\"ImageObject\",\"inLanguage\":\"tr-TR\",\"@id\":\"https:\\\/\\\/hakmarfrance.online\\\/tr\\\/produit\\\/taze-maydanoz-aromatik-demet-adet-satis\\\/#primaryimage\",\"url\":\"https:\\\/\\\/hakmarfrance.online\\\/wp-content\\\/uploads\\\/2025\\\/06\\\/persil-botte-piece.jpg\",\"contentUrl\":\"https:\\\/\\\/hakmarfrance.online\\\/wp-content\\\/uploads\\\/2025\\\/06\\\/persil-botte-piece.jpg\",\"width\":800,\"height\":800},{\"@type\":\"BreadcrumbList\",\"@id\":\"https:\\\/\\\/hakmarfrance.online\\\/tr\\\/produit\\\/taze-maydanoz-aromatik-demet-adet-satis\\\/#breadcrumb\",\"itemListElement\":[{\"@type\":\"ListItem\",\"position\":1,\"name\":\"Accueil\",\"item\":\"https:\\\/\\\/hakmarfrance.online\\\/tr\\\/\"},{\"@type\":\"ListItem\",\"position\":2,\"name\":\"Ma\u011faza\",\"item\":\"https:\\\/\\\/hakmarfrance.online\\\/tr\\\/magaza\\\/\"},{\"@type\":\"ListItem\",\"position\":3,\"name\":\"Taze Maydanoz &#8211; Aromatik Demet &#8211; Adet Sat\u0131\u015f\"}]},{\"@type\":\"WebSite\",\"@id\":\"https:\\\/\\\/hakmarfrance.online\\\/tr\\\/#website\",\"url\":\"https:\\\/\\\/hakmarfrance.online\\\/tr\\\/\",\"name\":\"hakmarfrance.online\",\"description\":\"\",\"publisher\":{\"@id\":\"https:\\\/\\\/hakmarfrance.online\\\/tr\\\/#organization\"},\"potentialAction\":[{\"@type\":\"SearchAction\",\"target\":{\"@type\":\"EntryPoint\",\"urlTemplate\":\"https:\\\/\\\/hakmarfrance.online\\\/tr\\\/?s={search_term_string}\"},\"query-input\":{\"@type\":\"PropertyValueSpecification\",\"valueRequired\":true,\"valueName\":\"search_term_string\"}}],\"inLanguage\":\"tr-TR\"},{\"@type\":\"Organization\",\"@id\":\"https:\\\/\\\/hakmarfrance.online\\\/tr\\\/#organization\",\"name\":\"hakmarfrance.online\",\"url\":\"https:\\\/\\\/hakmarfrance.online\\\/tr\\\/\",\"logo\":{\"@type\":\"ImageObject\",\"inLanguage\":\"tr-TR\",\"@id\":\"https:\\\/\\\/hakmarfrance.online\\\/tr\\\/#\\\/schema\\\/logo\\\/image\\\/\",\"url\":\"https:\\\/\\\/hakmarfrance.online\\\/wp-content\\\/uploads\\\/2025\\\/06\\\/logo-hakmarfrance.png\",\"contentUrl\":\"https:\\\/\\\/hakmarfrance.online\\\/wp-content\\\/uploads\\\/2025\\\/06\\\/logo-hakmarfrance.png\",\"width\":528,\"height\":232,\"caption\":\"hakmarfrance.online\"},\"image\":{\"@id\":\"https:\\\/\\\/hakmarfrance.online\\\/tr\\\/#\\\/schema\\\/logo\\\/image\\\/\"},\"sameAs\":[\"https:\\\/\\\/www.facebook.com\\\/HakmarFranceSupermarche\\\/?locale=fr_FR\",\"https:\\\/\\\/www.instagram.com\\\/hakmarfrancesupermarche\\\/\"]}]}<\/script>\n<!-- \/ Yoast SEO plugin. -->","yoast_head_json":{"title":"Taze Maydanoz - Aromatik Demet - Adet Sat\u0131\u015f - hakmarfrance.online","robots":{"index":"index","follow":"follow","max-snippet":"max-snippet:-1","max-image-preview":"max-image-preview:large","max-video-preview":"max-video-preview:-1"},"canonical":"https:\/\/hakmarfrance.online\/tr\/produit\/taze-maydanoz-aromatik-demet-adet-satis\/","og_locale":"tr_TR","og_type":"article","og_title":"Taze Maydanoz - Aromatik Demet - Adet Sat\u0131\u015f - hakmarfrance.online","og_description":"Demet halinde sat\u0131lan taze maydanozumuz ile yemeklerinize tazelik kat\u0131n. Ayn\u0131 g\u00fcn toplanm\u0131\u015f olup salatalar\u0131n\u0131z\u0131n, etlerinizin, sebzelerinizin, \u00e7orbalar\u0131n\u0131z\u0131n veya soslar\u0131n\u0131z\u0131n lezzetini art\u0131rmak i\u00e7in idealdir. Akdeniz, Do\u011fu ve Avrupa mutfa\u011f\u0131n\u0131n vazge\u00e7ilmezi olan maydanozu ister \u00e7i\u011f ister pi\u015fmi\u015f olarak t\u00fcketebilirsiniz.  \ud83c\udf3f \u0130pucu: T\u00fcm aromas\u0131n\u0131 korumak i\u00e7in ince ince do\u011fray\u0131n ve pi\u015firme i\u015fleminin sonunda ekleyin. \u27a4 Adet (1 demet) olarak sat\u0131l\u0131r\u27a4 Nemli bir bez i\u00e7inde serin yerde saklanmal\u0131d\u0131r\u27a4 Ev yemekleri, mangal, tajine vb. i\u00e7in idealdir\u27a4 G\u00fcnl\u00fck taze - ila\u00e7s\u0131z \ud83d\ude9a Mulhouse ve \u00e7evresine yerel teslimat - tazelik garantili","og_url":"https:\/\/hakmarfrance.online\/tr\/produit\/taze-maydanoz-aromatik-demet-adet-satis\/","og_site_name":"hakmarfrance.online","article_publisher":"https:\/\/www.facebook.com\/HakmarFranceSupermarche\/?locale=fr_FR","og_image":[{"width":800,"height":800,"url":"https:\/\/hakmarfrance.online\/wp-content\/uploads\/2025\/06\/persil-botte-piece.jpg","type":"image\/jpeg"}],"twitter_card":"summary_large_image","schema":{"@context":"https:\/\/schema.org","@graph":[{"@type":"WebPage","@id":"https:\/\/hakmarfrance.online\/tr\/produit\/taze-maydanoz-aromatik-demet-adet-satis\/","url":"https:\/\/hakmarfrance.online\/tr\/produit\/taze-maydanoz-aromatik-demet-adet-satis\/","name":"Taze Maydanoz - Aromatik Demet - Adet Sat\u0131\u015f - hakmarfrance.online","isPartOf":{"@id":"https:\/\/hakmarfrance.online\/tr\/#website"},"primaryImageOfPage":{"@id":"https:\/\/hakmarfrance.online\/tr\/produit\/taze-maydanoz-aromatik-demet-adet-satis\/#primaryimage"},"image":{"@id":"https:\/\/hakmarfrance.online\/tr\/produit\/taze-maydanoz-aromatik-demet-adet-satis\/#primaryimage"},"thumbnailUrl":"https:\/\/hakmarfrance.online\/wp-content\/uploads\/2025\/06\/persil-botte-piece.jpg","datePublished":"2025-06-13T11:18:37+00:00","breadcrumb":{"@id":"https:\/\/hakmarfrance.online\/tr\/produit\/taze-maydanoz-aromatik-demet-adet-satis\/#breadcrumb"},"inLanguage":"tr-TR","potentialAction":[{"@type":"ReadAction","target":["https:\/\/hakmarfrance.online\/tr\/produit\/taze-maydanoz-aromatik-demet-adet-satis\/"]}]},{"@type":"ImageObject","inLanguage":"tr-TR","@id":"https:\/\/hakmarfrance.online\/tr\/produit\/taze-maydanoz-aromatik-demet-adet-satis\/#primaryimage","url":"https:\/\/hakmarfrance.online\/wp-content\/uploads\/2025\/06\/persil-botte-piece.jpg","contentUrl":"https:\/\/hakmarfrance.online\/wp-content\/uploads\/2025\/06\/persil-botte-piece.jpg","width":800,"height":800},{"@type":"BreadcrumbList","@id":"https:\/\/hakmarfrance.online\/tr\/produit\/taze-maydanoz-aromatik-demet-adet-satis\/#breadcrumb","itemListElement":[{"@type":"ListItem","position":1,"name":"Accueil","item":"https:\/\/hakmarfrance.online\/tr\/"},{"@type":"ListItem","position":2,"name":"Ma\u011faza","item":"https:\/\/hakmarfrance.online\/tr\/magaza\/"},{"@type":"ListItem","position":3,"name":"Taze Maydanoz &#8211; Aromatik Demet &#8211; Adet Sat\u0131\u015f"}]},{"@type":"WebSite","@id":"https:\/\/hakmarfrance.online\/tr\/#website","url":"https:\/\/hakmarfrance.online\/tr\/","name":"hakmarfrance.online","description":"","publisher":{"@id":"https:\/\/hakmarfrance.online\/tr\/#organization"},"potentialAction":[{"@type":"SearchAction","target":{"@type":"EntryPoint","urlTemplate":"https:\/\/hakmarfrance.online\/tr\/?s={search_term_string}"},"query-input":{"@type":"PropertyValueSpecification","valueRequired":true,"valueName":"search_term_string"}}],"inLanguage":"tr-TR"},{"@type":"Organization","@id":"https:\/\/hakmarfrance.online\/tr\/#organization","name":"hakmarfrance.online","url":"https:\/\/hakmarfrance.online\/tr\/","logo":{"@type":"ImageObject","inLanguage":"tr-TR","@id":"https:\/\/hakmarfrance.online\/tr\/#\/schema\/logo\/image\/","url":"https:\/\/hakmarfrance.online\/wp-content\/uploads\/2025\/06\/logo-hakmarfrance.png","contentUrl":"https:\/\/hakmarfrance.online\/wp-content\/uploads\/2025\/06\/logo-hakmarfrance.png","width":528,"height":232,"caption":"hakmarfrance.online"},"image":{"@id":"https:\/\/hakmarfrance.online\/tr\/#\/schema\/logo\/image\/"},"sameAs":["https:\/\/www.facebook.com\/HakmarFranceSupermarche\/?locale=fr_FR","https:\/\/www.instagram.com\/hakmarfrancesupermarche\/"]}]}},"_links":{"self":[{"href":"https:\/\/hakmarfrance.online\/tr\/wp-json\/wp\/v2\/product\/18138","targetHints":{"allow":["GET"]}}],"collection":[{"href":"https:\/\/hakmarfrance.online\/tr\/wp-json\/wp\/v2\/product"}],"about":[{"href":"https:\/\/hakmarfrance.online\/tr\/wp-json\/wp\/v2\/types\/product"}],"replies":[{"embeddable":true,"href":"https:\/\/hakmarfrance.online\/tr\/wp-json\/wp\/v2\/comments?post=18138"}],"version-history":[{"count":0,"href":"https:\/\/hakmarfrance.online\/tr\/wp-json\/wp\/v2\/product\/18138\/revisions"}],"wp:featuredmedia":[{"embeddable":true,"href":"https:\/\/hakmarfrance.online\/tr\/wp-json\/wp\/v2\/media\/15965"}],"wp:attachment":[{"href":"https:\/\/hakmarfrance.online\/tr\/wp-json\/wp\/v2\/media?parent=18138"}],"wp:term":[{"taxonomy":"product_brand","embeddable":true,"href":"https:\/\/hakmarfrance.online\/tr\/wp-json\/wp\/v2\/product_brand?post=18138"},{"taxonomy":"product_cat","embeddable":true,"href":"https:\/\/hakmarfrance.online\/tr\/wp-json\/wp\/v2\/product_cat?post=18138"},{"taxonomy":"product_tag","embeddable":true,"href":"https:\/\/hakmarfrance.online\/tr\/wp-json\/wp\/v2\/product_tag?post=18138"}],"curies":[{"name":"wp","href":"https:\/\/api.w.org\/{rel}","templated":true}]}}