{"id":18147,"date":"2025-06-13T11:04:16","date_gmt":"2025-06-13T11:04:16","guid":{"rendered":"https:\/\/hakmarfrance.online\/produit\/helal-tavuk-sinitzel-yumusak-filetolar\/"},"modified":"2025-06-13T11:04:16","modified_gmt":"2025-06-13T11:04:16","slug":"helal-tavuk-sinitzel-yumusak-filetolar","status":"publish","type":"product","link":"https:\/\/hakmarfrance.online\/tr\/produit\/helal-tavuk-sinitzel-yumusak-filetolar\/","title":{"rendered":"Helal Tavuk \u015einitzel \u2013 Yumu\u015fak Filetolar"},"content":{"rendered":"","protected":false},"excerpt":{"rendered":"<p data-start=\"445\" data-end=\"656\"><strong data-start=\"449\" data-end=\"478\">Helal tavuk \u015finitzellerimiz<\/strong>, \u00f6zenle se\u00e7ilmi\u015f, kemiksiz ve derisiz tavuk filetolar\u0131ndan haz\u0131rlan\u0131r. Kullan\u0131ma haz\u0131r olduklar\u0131 i\u00e7in h\u0131zl\u0131, sa\u011fl\u0131kl\u0131 ve lezzetli yemekler i\u00e7in m\u00fckemmeldir. <\/p>\n<p data-start=\"658\" data-end=\"824\">Tavada, soslu, ev yap\u0131m\u0131 pane harc\u0131yla veya wokta, g\u00fcnl\u00fck tariflerinize uyum sa\u011flarlar. T\u00fcm aile i\u00e7in pratik ve lezzetli bir \u00e7\u00f6z\u00fcm! <\/p>\n<p data-start=\"826\" data-end=\"975\">\ud83d\udc68\u200d\ud83c\udf73 \u0130pucu: \u015eeritler halinde kesin ve hafif ve aromatik bir versiyon i\u00e7in bir miktar zeytinya\u011f\u0131, sar\u0131msak ve limon ile soteleyin.<\/p>\n<p data-start=\"826\" data-end=\"975\">\ud83d\udc49 <strong data-start=\"869\" data-end=\"921\">Reyonumuzdaki etler kilogram baz\u0131nda sat\u0131lmaktad\u0131r.<\/strong><\/p>\n<p data-start=\"977\" data-end=\"1151\">\u27a4 <strong data-start=\"979\" data-end=\"1028\">%100 Helal Et \u2013 kemiksiz ve pi\u015firmeye haz\u0131r<\/strong><br data-start=\"1100\" data-end=\"1103\">\u27a4 Daha fazla tazelik i\u00e7in vakumlu ambalaj<\/p>\n<p data-start=\"1153\" data-end=\"1213\"><strong data-start=\"1188\" data-end=\"1213\">Mulhouse ve \u00e7evresine<\/strong> h\u0131zl\u0131 eve teslimat \ud83d\ude9a<\/p>\n","protected":false},"featured_media":18544,"comment_status":"open","ping_status":"closed","template":"","meta":{"iawp_total_views":0},"product_brand":[],"product_cat":[283,296,297,287,225],"product_tag":[],"class_list":{"0":"post-18147","1":"product","2":"type-product","3":"status-publish","4":"has-post-thumbnail","6":"product_cat-et-balik-sarkuteri","7":"product_cat-helal-kasap","8":"product_cat-taze-etler-dana-kuzu-tavuk","9":"product_cat-taze-urunler-sut-urunleri-mandira","10":"product_cat-tum-urunlerimiz","12":"first","13":"instock","14":"shipping-taxable","15":"purchasable","16":"product-type-simple"},"yoast_head":"<!-- This site is optimized with the Yoast SEO plugin v27.3 - https:\/\/yoast.com\/product\/yoast-seo-wordpress\/ -->\n<title>Helal Tavuk \u015einitzel \u2013 Yumu\u015fak Filetolar - hakmarfrance.online<\/title>\n<meta name=\"robots\" content=\"index, follow, max-snippet:-1, max-image-preview:large, max-video-preview:-1\" \/>\n<link rel=\"canonical\" href=\"https:\/\/hakmarfrance.online\/tr\/produit\/helal-tavuk-sinitzel-yumusak-filetolar\/\" \/>\n<meta property=\"og:locale\" content=\"tr_TR\" \/>\n<meta property=\"og:type\" content=\"article\" \/>\n<meta property=\"og:title\" content=\"Helal Tavuk \u015einitzel \u2013 Yumu\u015fak Filetolar - hakmarfrance.online\" \/>\n<meta property=\"og:description\" content=\"Helal tavuk \u015finitzellerimiz, \u00f6zenle se\u00e7ilmi\u015f, kemiksiz ve derisiz tavuk filetolar\u0131ndan haz\u0131rlan\u0131r. Kullan\u0131ma haz\u0131r olduklar\u0131 i\u00e7in h\u0131zl\u0131, sa\u011fl\u0131kl\u0131 ve lezzetli yemekler i\u00e7in m\u00fckemmeldir. Tavada, soslu, ev yap\u0131m\u0131 pane harc\u0131yla veya wokta, g\u00fcnl\u00fck tariflerinize uyum sa\u011flarlar. T\u00fcm aile i\u00e7in pratik ve lezzetli bir \u00e7\u00f6z\u00fcm! \ud83d\udc68\u200d\ud83c\udf73 \u0130pucu: \u015eeritler halinde kesin ve hafif ve aromatik bir versiyon i\u00e7in bir miktar zeytinya\u011f\u0131, sar\u0131msak ve limon ile soteleyin. \ud83d\udc49 Reyonumuzdaki etler kilogram baz\u0131nda sat\u0131lmaktad\u0131r. \u27a4 %100 Helal Et \u2013 kemiksiz ve pi\u015firmeye haz\u0131r\u27a4 Daha fazla tazelik i\u00e7in vakumlu ambalaj Mulhouse ve \u00e7evresine h\u0131zl\u0131 eve teslimat \ud83d\ude9a\" \/>\n<meta property=\"og:url\" content=\"https:\/\/hakmarfrance.online\/tr\/produit\/helal-tavuk-sinitzel-yumusak-filetolar\/\" \/>\n<meta property=\"og:site_name\" content=\"hakmarfrance.online\" \/>\n<meta property=\"article:publisher\" content=\"https:\/\/www.facebook.com\/HakmarFranceSupermarche\/?locale=fr_FR\" \/>\n<meta property=\"og:image\" content=\"https:\/\/hakmarfrance.online\/wp-content\/uploads\/2025\/06\/escalope-de-poulet.png\" \/>\n\t<meta property=\"og:image:width\" content=\"1000\" \/>\n\t<meta property=\"og:image:height\" content=\"800\" \/>\n\t<meta property=\"og:image:type\" content=\"image\/png\" \/>\n<meta name=\"twitter:card\" content=\"summary_large_image\" \/>\n<script type=\"application\/ld+json\" class=\"yoast-schema-graph\">{\"@context\":\"https:\\\/\\\/schema.org\",\"@graph\":[{\"@type\":\"WebPage\",\"@id\":\"https:\\\/\\\/hakmarfrance.online\\\/tr\\\/produit\\\/helal-tavuk-sinitzel-yumusak-filetolar\\\/\",\"url\":\"https:\\\/\\\/hakmarfrance.online\\\/tr\\\/produit\\\/helal-tavuk-sinitzel-yumusak-filetolar\\\/\",\"name\":\"Helal Tavuk \u015einitzel \u2013 Yumu\u015fak Filetolar - hakmarfrance.online\",\"isPartOf\":{\"@id\":\"https:\\\/\\\/hakmarfrance.online\\\/tr\\\/#website\"},\"primaryImageOfPage\":{\"@id\":\"https:\\\/\\\/hakmarfrance.online\\\/tr\\\/produit\\\/helal-tavuk-sinitzel-yumusak-filetolar\\\/#primaryimage\"},\"image\":{\"@id\":\"https:\\\/\\\/hakmarfrance.online\\\/tr\\\/produit\\\/helal-tavuk-sinitzel-yumusak-filetolar\\\/#primaryimage\"},\"thumbnailUrl\":\"https:\\\/\\\/hakmarfrance.online\\\/wp-content\\\/uploads\\\/2025\\\/06\\\/escalope-de-poulet.png\",\"datePublished\":\"2025-06-13T11:04:16+00:00\",\"breadcrumb\":{\"@id\":\"https:\\\/\\\/hakmarfrance.online\\\/tr\\\/produit\\\/helal-tavuk-sinitzel-yumusak-filetolar\\\/#breadcrumb\"},\"inLanguage\":\"tr-TR\",\"potentialAction\":[{\"@type\":\"ReadAction\",\"target\":[\"https:\\\/\\\/hakmarfrance.online\\\/tr\\\/produit\\\/helal-tavuk-sinitzel-yumusak-filetolar\\\/\"]}]},{\"@type\":\"ImageObject\",\"inLanguage\":\"tr-TR\",\"@id\":\"https:\\\/\\\/hakmarfrance.online\\\/tr\\\/produit\\\/helal-tavuk-sinitzel-yumusak-filetolar\\\/#primaryimage\",\"url\":\"https:\\\/\\\/hakmarfrance.online\\\/wp-content\\\/uploads\\\/2025\\\/06\\\/escalope-de-poulet.png\",\"contentUrl\":\"https:\\\/\\\/hakmarfrance.online\\\/wp-content\\\/uploads\\\/2025\\\/06\\\/escalope-de-poulet.png\",\"width\":1000,\"height\":800},{\"@type\":\"BreadcrumbList\",\"@id\":\"https:\\\/\\\/hakmarfrance.online\\\/tr\\\/produit\\\/helal-tavuk-sinitzel-yumusak-filetolar\\\/#breadcrumb\",\"itemListElement\":[{\"@type\":\"ListItem\",\"position\":1,\"name\":\"Accueil\",\"item\":\"https:\\\/\\\/hakmarfrance.online\\\/tr\\\/\"},{\"@type\":\"ListItem\",\"position\":2,\"name\":\"Ma\u011faza\",\"item\":\"https:\\\/\\\/hakmarfrance.online\\\/tr\\\/magaza\\\/\"},{\"@type\":\"ListItem\",\"position\":3,\"name\":\"Helal Tavuk \u015einitzel \u2013 Yumu\u015fak Filetolar\"}]},{\"@type\":\"WebSite\",\"@id\":\"https:\\\/\\\/hakmarfrance.online\\\/tr\\\/#website\",\"url\":\"https:\\\/\\\/hakmarfrance.online\\\/tr\\\/\",\"name\":\"hakmarfrance.online\",\"description\":\"\",\"publisher\":{\"@id\":\"https:\\\/\\\/hakmarfrance.online\\\/tr\\\/#organization\"},\"potentialAction\":[{\"@type\":\"SearchAction\",\"target\":{\"@type\":\"EntryPoint\",\"urlTemplate\":\"https:\\\/\\\/hakmarfrance.online\\\/tr\\\/?s={search_term_string}\"},\"query-input\":{\"@type\":\"PropertyValueSpecification\",\"valueRequired\":true,\"valueName\":\"search_term_string\"}}],\"inLanguage\":\"tr-TR\"},{\"@type\":\"Organization\",\"@id\":\"https:\\\/\\\/hakmarfrance.online\\\/tr\\\/#organization\",\"name\":\"hakmarfrance.online\",\"url\":\"https:\\\/\\\/hakmarfrance.online\\\/tr\\\/\",\"logo\":{\"@type\":\"ImageObject\",\"inLanguage\":\"tr-TR\",\"@id\":\"https:\\\/\\\/hakmarfrance.online\\\/tr\\\/#\\\/schema\\\/logo\\\/image\\\/\",\"url\":\"https:\\\/\\\/hakmarfrance.online\\\/wp-content\\\/uploads\\\/2025\\\/06\\\/logo-hakmarfrance.png\",\"contentUrl\":\"https:\\\/\\\/hakmarfrance.online\\\/wp-content\\\/uploads\\\/2025\\\/06\\\/logo-hakmarfrance.png\",\"width\":528,\"height\":232,\"caption\":\"hakmarfrance.online\"},\"image\":{\"@id\":\"https:\\\/\\\/hakmarfrance.online\\\/tr\\\/#\\\/schema\\\/logo\\\/image\\\/\"},\"sameAs\":[\"https:\\\/\\\/www.facebook.com\\\/HakmarFranceSupermarche\\\/?locale=fr_FR\",\"https:\\\/\\\/www.instagram.com\\\/hakmarfrancesupermarche\\\/\"]}]}<\/script>\n<!-- \/ Yoast SEO plugin. -->","yoast_head_json":{"title":"Helal Tavuk \u015einitzel \u2013 Yumu\u015fak Filetolar - hakmarfrance.online","robots":{"index":"index","follow":"follow","max-snippet":"max-snippet:-1","max-image-preview":"max-image-preview:large","max-video-preview":"max-video-preview:-1"},"canonical":"https:\/\/hakmarfrance.online\/tr\/produit\/helal-tavuk-sinitzel-yumusak-filetolar\/","og_locale":"tr_TR","og_type":"article","og_title":"Helal Tavuk \u015einitzel \u2013 Yumu\u015fak Filetolar - hakmarfrance.online","og_description":"Helal tavuk \u015finitzellerimiz, \u00f6zenle se\u00e7ilmi\u015f, kemiksiz ve derisiz tavuk filetolar\u0131ndan haz\u0131rlan\u0131r. Kullan\u0131ma haz\u0131r olduklar\u0131 i\u00e7in h\u0131zl\u0131, sa\u011fl\u0131kl\u0131 ve lezzetli yemekler i\u00e7in m\u00fckemmeldir. Tavada, soslu, ev yap\u0131m\u0131 pane harc\u0131yla veya wokta, g\u00fcnl\u00fck tariflerinize uyum sa\u011flarlar. T\u00fcm aile i\u00e7in pratik ve lezzetli bir \u00e7\u00f6z\u00fcm! \ud83d\udc68\u200d\ud83c\udf73 \u0130pucu: \u015eeritler halinde kesin ve hafif ve aromatik bir versiyon i\u00e7in bir miktar zeytinya\u011f\u0131, sar\u0131msak ve limon ile soteleyin. \ud83d\udc49 Reyonumuzdaki etler kilogram baz\u0131nda sat\u0131lmaktad\u0131r. \u27a4 %100 Helal Et \u2013 kemiksiz ve pi\u015firmeye haz\u0131r\u27a4 Daha fazla tazelik i\u00e7in vakumlu ambalaj Mulhouse ve \u00e7evresine h\u0131zl\u0131 eve teslimat \ud83d\ude9a","og_url":"https:\/\/hakmarfrance.online\/tr\/produit\/helal-tavuk-sinitzel-yumusak-filetolar\/","og_site_name":"hakmarfrance.online","article_publisher":"https:\/\/www.facebook.com\/HakmarFranceSupermarche\/?locale=fr_FR","og_image":[{"width":1000,"height":800,"url":"https:\/\/hakmarfrance.online\/wp-content\/uploads\/2025\/06\/escalope-de-poulet.png","type":"image\/png"}],"twitter_card":"summary_large_image","schema":{"@context":"https:\/\/schema.org","@graph":[{"@type":"WebPage","@id":"https:\/\/hakmarfrance.online\/tr\/produit\/helal-tavuk-sinitzel-yumusak-filetolar\/","url":"https:\/\/hakmarfrance.online\/tr\/produit\/helal-tavuk-sinitzel-yumusak-filetolar\/","name":"Helal Tavuk \u015einitzel \u2013 Yumu\u015fak Filetolar - hakmarfrance.online","isPartOf":{"@id":"https:\/\/hakmarfrance.online\/tr\/#website"},"primaryImageOfPage":{"@id":"https:\/\/hakmarfrance.online\/tr\/produit\/helal-tavuk-sinitzel-yumusak-filetolar\/#primaryimage"},"image":{"@id":"https:\/\/hakmarfrance.online\/tr\/produit\/helal-tavuk-sinitzel-yumusak-filetolar\/#primaryimage"},"thumbnailUrl":"https:\/\/hakmarfrance.online\/wp-content\/uploads\/2025\/06\/escalope-de-poulet.png","datePublished":"2025-06-13T11:04:16+00:00","breadcrumb":{"@id":"https:\/\/hakmarfrance.online\/tr\/produit\/helal-tavuk-sinitzel-yumusak-filetolar\/#breadcrumb"},"inLanguage":"tr-TR","potentialAction":[{"@type":"ReadAction","target":["https:\/\/hakmarfrance.online\/tr\/produit\/helal-tavuk-sinitzel-yumusak-filetolar\/"]}]},{"@type":"ImageObject","inLanguage":"tr-TR","@id":"https:\/\/hakmarfrance.online\/tr\/produit\/helal-tavuk-sinitzel-yumusak-filetolar\/#primaryimage","url":"https:\/\/hakmarfrance.online\/wp-content\/uploads\/2025\/06\/escalope-de-poulet.png","contentUrl":"https:\/\/hakmarfrance.online\/wp-content\/uploads\/2025\/06\/escalope-de-poulet.png","width":1000,"height":800},{"@type":"BreadcrumbList","@id":"https:\/\/hakmarfrance.online\/tr\/produit\/helal-tavuk-sinitzel-yumusak-filetolar\/#breadcrumb","itemListElement":[{"@type":"ListItem","position":1,"name":"Accueil","item":"https:\/\/hakmarfrance.online\/tr\/"},{"@type":"ListItem","position":2,"name":"Ma\u011faza","item":"https:\/\/hakmarfrance.online\/tr\/magaza\/"},{"@type":"ListItem","position":3,"name":"Helal Tavuk \u015einitzel \u2013 Yumu\u015fak Filetolar"}]},{"@type":"WebSite","@id":"https:\/\/hakmarfrance.online\/tr\/#website","url":"https:\/\/hakmarfrance.online\/tr\/","name":"hakmarfrance.online","description":"","publisher":{"@id":"https:\/\/hakmarfrance.online\/tr\/#organization"},"potentialAction":[{"@type":"SearchAction","target":{"@type":"EntryPoint","urlTemplate":"https:\/\/hakmarfrance.online\/tr\/?s={search_term_string}"},"query-input":{"@type":"PropertyValueSpecification","valueRequired":true,"valueName":"search_term_string"}}],"inLanguage":"tr-TR"},{"@type":"Organization","@id":"https:\/\/hakmarfrance.online\/tr\/#organization","name":"hakmarfrance.online","url":"https:\/\/hakmarfrance.online\/tr\/","logo":{"@type":"ImageObject","inLanguage":"tr-TR","@id":"https:\/\/hakmarfrance.online\/tr\/#\/schema\/logo\/image\/","url":"https:\/\/hakmarfrance.online\/wp-content\/uploads\/2025\/06\/logo-hakmarfrance.png","contentUrl":"https:\/\/hakmarfrance.online\/wp-content\/uploads\/2025\/06\/logo-hakmarfrance.png","width":528,"height":232,"caption":"hakmarfrance.online"},"image":{"@id":"https:\/\/hakmarfrance.online\/tr\/#\/schema\/logo\/image\/"},"sameAs":["https:\/\/www.facebook.com\/HakmarFranceSupermarche\/?locale=fr_FR","https:\/\/www.instagram.com\/hakmarfrancesupermarche\/"]}]}},"_links":{"self":[{"href":"https:\/\/hakmarfrance.online\/tr\/wp-json\/wp\/v2\/product\/18147","targetHints":{"allow":["GET"]}}],"collection":[{"href":"https:\/\/hakmarfrance.online\/tr\/wp-json\/wp\/v2\/product"}],"about":[{"href":"https:\/\/hakmarfrance.online\/tr\/wp-json\/wp\/v2\/types\/product"}],"replies":[{"embeddable":true,"href":"https:\/\/hakmarfrance.online\/tr\/wp-json\/wp\/v2\/comments?post=18147"}],"version-history":[{"count":0,"href":"https:\/\/hakmarfrance.online\/tr\/wp-json\/wp\/v2\/product\/18147\/revisions"}],"wp:featuredmedia":[{"embeddable":true,"href":"https:\/\/hakmarfrance.online\/tr\/wp-json\/wp\/v2\/media\/18544"}],"wp:attachment":[{"href":"https:\/\/hakmarfrance.online\/tr\/wp-json\/wp\/v2\/media?parent=18147"}],"wp:term":[{"taxonomy":"product_brand","embeddable":true,"href":"https:\/\/hakmarfrance.online\/tr\/wp-json\/wp\/v2\/product_brand?post=18147"},{"taxonomy":"product_cat","embeddable":true,"href":"https:\/\/hakmarfrance.online\/tr\/wp-json\/wp\/v2\/product_cat?post=18147"},{"taxonomy":"product_tag","embeddable":true,"href":"https:\/\/hakmarfrance.online\/tr\/wp-json\/wp\/v2\/product_tag?post=18147"}],"curies":[{"name":"wp","href":"https:\/\/api.w.org\/{rel}","templated":true}]}}