{"id":18149,"date":"2025-06-13T11:06:02","date_gmt":"2025-06-13T11:06:02","guid":{"rendered":"https:\/\/hakmarfrance.online\/produit\/helal-tavuk-sinitzel-5kglik-paket\/"},"modified":"2025-06-13T11:06:02","modified_gmt":"2025-06-13T11:06:02","slug":"helal-tavuk-sinitzel-5kglik-paket","status":"publish","type":"product","link":"https:\/\/hakmarfrance.online\/tr\/produit\/helal-tavuk-sinitzel-5kglik-paket\/","title":{"rendered":"Helal Tavuk \u015einitzel \u2013 5kg&#8217;l\u0131k Paket"},"content":{"rendered":"","protected":false},"excerpt":{"rendered":"<p data-start=\"501\" data-end=\"718\">Kalabal\u0131k yemekler, toplu yemek haz\u0131rlama veya restoran ihtiya\u00e7lar\u0131 i\u00e7in ideal olan bu <strong data-start=\"526\" data-end=\"552\">aile boyu ve ekonomik<\/strong> format\u0131m\u0131z\u0131n tad\u0131n\u0131 \u00e7\u0131kar\u0131n <strong data-start=\"564\" data-end=\"612\">5 kg&#8217;l\u0131k helal tavuk \u015finitzel paketi<\/strong> ile.<\/p>\n<p data-start=\"720\" data-end=\"886\">Tender, kemiksiz ve pi\u015firmeye haz\u0131r fileto, tava, soslu, pane veya wok tarifleriniz i\u00e7in m\u00fckemmeldir. Tazelik ve pratiklik sa\u011flamak i\u00e7in paketlenmi\u015ftir. <\/p>\n<p data-start=\"985\" data-end=\"1176\">\u27a4 <strong data-start=\"987\" data-end=\"1037\">%100 Helal Et \u2013 taze kesilmi\u015f, kemiksiz<\/strong><br data-start=\"1037\" data-end=\"1040\">\u27a4 Vakumlu paket \u2013 <strong data-start=\"1064\" data-end=\"1096\">5kg<\/strong><br data-start=\"1096\" data-end=\"1099\">\u27a4 H\u0131zl\u0131ca t\u00fcketin veya dondurun<br data-start=\"1137\" data-end=\"1140\">\u27a4 Pratik, ekonomik ve kaliteli<\/p>\n<p data-start=\"1178\" data-end=\"1261\"><strong data-start=\"1206\" data-end=\"1234\">Mulhouse ve \u00e7evresindeki 30 km&#8217;ye<\/strong> eve teslimat \u2013 kasap ustas\u0131ndan kalite.<\/p>\n","protected":false},"featured_media":16567,"comment_status":"open","ping_status":"closed","template":"","meta":{"iawp_total_views":1},"product_brand":[],"product_cat":[283,296,311,297,225],"product_tag":[],"class_list":{"0":"post-18149","1":"product","2":"type-product","3":"status-publish","4":"has-post-thumbnail","6":"product_cat-et-balik-sarkuteri","7":"product_cat-helal-kasap","8":"product_cat-promosyonlar","9":"product_cat-taze-etler-dana-kuzu-tavuk","10":"product_cat-tum-urunlerimiz","12":"first","13":"instock","14":"shipping-taxable","15":"purchasable","16":"product-type-simple"},"yoast_head":"<!-- This site is optimized with the Yoast SEO plugin v27.3 - https:\/\/yoast.com\/product\/yoast-seo-wordpress\/ -->\n<title>Helal Tavuk \u015einitzel \u2013 5kg&#039;l\u0131k Paket - hakmarfrance.online<\/title>\n<meta name=\"robots\" content=\"index, follow, max-snippet:-1, max-image-preview:large, max-video-preview:-1\" \/>\n<link rel=\"canonical\" href=\"https:\/\/hakmarfrance.online\/tr\/produit\/helal-tavuk-sinitzel-5kglik-paket\/\" \/>\n<meta property=\"og:locale\" content=\"tr_TR\" \/>\n<meta property=\"og:type\" content=\"article\" \/>\n<meta property=\"og:title\" content=\"Helal Tavuk \u015einitzel \u2013 5kg&#039;l\u0131k Paket - hakmarfrance.online\" \/>\n<meta property=\"og:description\" content=\"Kalabal\u0131k yemekler, toplu yemek haz\u0131rlama veya restoran ihtiya\u00e7lar\u0131 i\u00e7in ideal olan bu aile boyu ve ekonomik format\u0131m\u0131z\u0131n tad\u0131n\u0131 \u00e7\u0131kar\u0131n 5 kg&#039;l\u0131k helal tavuk \u015finitzel paketi ile. Tender, kemiksiz ve pi\u015firmeye haz\u0131r fileto, tava, soslu, pane veya wok tarifleriniz i\u00e7in m\u00fckemmeldir. Tazelik ve pratiklik sa\u011flamak i\u00e7in paketlenmi\u015ftir. \u27a4 %100 Helal Et \u2013 taze kesilmi\u015f, kemiksiz\u27a4 Vakumlu paket \u2013 5kg\u27a4 H\u0131zl\u0131ca t\u00fcketin veya dondurun\u27a4 Pratik, ekonomik ve kaliteli Mulhouse ve \u00e7evresindeki 30 km&#039;ye eve teslimat \u2013 kasap ustas\u0131ndan kalite.\" \/>\n<meta property=\"og:url\" content=\"https:\/\/hakmarfrance.online\/tr\/produit\/helal-tavuk-sinitzel-5kglik-paket\/\" \/>\n<meta property=\"og:site_name\" content=\"hakmarfrance.online\" \/>\n<meta property=\"article:publisher\" content=\"https:\/\/www.facebook.com\/HakmarFranceSupermarche\/?locale=fr_FR\" \/>\n<meta property=\"og:image\" content=\"https:\/\/hakmarfrance.online\/wp-content\/uploads\/2025\/06\/Escalope-de-poulet-5kg-barquette-.png\" \/>\n\t<meta property=\"og:image:width\" content=\"1000\" \/>\n\t<meta property=\"og:image:height\" content=\"800\" \/>\n\t<meta property=\"og:image:type\" content=\"image\/png\" \/>\n<meta name=\"twitter:card\" content=\"summary_large_image\" \/>\n<script type=\"application\/ld+json\" class=\"yoast-schema-graph\">{\"@context\":\"https:\\\/\\\/schema.org\",\"@graph\":[{\"@type\":\"WebPage\",\"@id\":\"https:\\\/\\\/hakmarfrance.online\\\/tr\\\/produit\\\/helal-tavuk-sinitzel-5kglik-paket\\\/\",\"url\":\"https:\\\/\\\/hakmarfrance.online\\\/tr\\\/produit\\\/helal-tavuk-sinitzel-5kglik-paket\\\/\",\"name\":\"Helal Tavuk \u015einitzel \u2013 5kg'l\u0131k Paket - hakmarfrance.online\",\"isPartOf\":{\"@id\":\"https:\\\/\\\/hakmarfrance.online\\\/tr\\\/#website\"},\"primaryImageOfPage\":{\"@id\":\"https:\\\/\\\/hakmarfrance.online\\\/tr\\\/produit\\\/helal-tavuk-sinitzel-5kglik-paket\\\/#primaryimage\"},\"image\":{\"@id\":\"https:\\\/\\\/hakmarfrance.online\\\/tr\\\/produit\\\/helal-tavuk-sinitzel-5kglik-paket\\\/#primaryimage\"},\"thumbnailUrl\":\"https:\\\/\\\/hakmarfrance.online\\\/wp-content\\\/uploads\\\/2025\\\/06\\\/Escalope-de-poulet-5kg-barquette-.png\",\"datePublished\":\"2025-06-13T11:06:02+00:00\",\"breadcrumb\":{\"@id\":\"https:\\\/\\\/hakmarfrance.online\\\/tr\\\/produit\\\/helal-tavuk-sinitzel-5kglik-paket\\\/#breadcrumb\"},\"inLanguage\":\"tr-TR\",\"potentialAction\":[{\"@type\":\"ReadAction\",\"target\":[\"https:\\\/\\\/hakmarfrance.online\\\/tr\\\/produit\\\/helal-tavuk-sinitzel-5kglik-paket\\\/\"]}]},{\"@type\":\"ImageObject\",\"inLanguage\":\"tr-TR\",\"@id\":\"https:\\\/\\\/hakmarfrance.online\\\/tr\\\/produit\\\/helal-tavuk-sinitzel-5kglik-paket\\\/#primaryimage\",\"url\":\"https:\\\/\\\/hakmarfrance.online\\\/wp-content\\\/uploads\\\/2025\\\/06\\\/Escalope-de-poulet-5kg-barquette-.png\",\"contentUrl\":\"https:\\\/\\\/hakmarfrance.online\\\/wp-content\\\/uploads\\\/2025\\\/06\\\/Escalope-de-poulet-5kg-barquette-.png\",\"width\":1000,\"height\":800},{\"@type\":\"BreadcrumbList\",\"@id\":\"https:\\\/\\\/hakmarfrance.online\\\/tr\\\/produit\\\/helal-tavuk-sinitzel-5kglik-paket\\\/#breadcrumb\",\"itemListElement\":[{\"@type\":\"ListItem\",\"position\":1,\"name\":\"Accueil\",\"item\":\"https:\\\/\\\/hakmarfrance.online\\\/tr\\\/\"},{\"@type\":\"ListItem\",\"position\":2,\"name\":\"Ma\u011faza\",\"item\":\"https:\\\/\\\/hakmarfrance.online\\\/tr\\\/magaza\\\/\"},{\"@type\":\"ListItem\",\"position\":3,\"name\":\"Helal Tavuk \u015einitzel \u2013 5kg&rsquo;l\u0131k Paket\"}]},{\"@type\":\"WebSite\",\"@id\":\"https:\\\/\\\/hakmarfrance.online\\\/tr\\\/#website\",\"url\":\"https:\\\/\\\/hakmarfrance.online\\\/tr\\\/\",\"name\":\"hakmarfrance.online\",\"description\":\"\",\"publisher\":{\"@id\":\"https:\\\/\\\/hakmarfrance.online\\\/tr\\\/#organization\"},\"potentialAction\":[{\"@type\":\"SearchAction\",\"target\":{\"@type\":\"EntryPoint\",\"urlTemplate\":\"https:\\\/\\\/hakmarfrance.online\\\/tr\\\/?s={search_term_string}\"},\"query-input\":{\"@type\":\"PropertyValueSpecification\",\"valueRequired\":true,\"valueName\":\"search_term_string\"}}],\"inLanguage\":\"tr-TR\"},{\"@type\":\"Organization\",\"@id\":\"https:\\\/\\\/hakmarfrance.online\\\/tr\\\/#organization\",\"name\":\"hakmarfrance.online\",\"url\":\"https:\\\/\\\/hakmarfrance.online\\\/tr\\\/\",\"logo\":{\"@type\":\"ImageObject\",\"inLanguage\":\"tr-TR\",\"@id\":\"https:\\\/\\\/hakmarfrance.online\\\/tr\\\/#\\\/schema\\\/logo\\\/image\\\/\",\"url\":\"https:\\\/\\\/hakmarfrance.online\\\/wp-content\\\/uploads\\\/2025\\\/06\\\/logo-hakmarfrance.png\",\"contentUrl\":\"https:\\\/\\\/hakmarfrance.online\\\/wp-content\\\/uploads\\\/2025\\\/06\\\/logo-hakmarfrance.png\",\"width\":528,\"height\":232,\"caption\":\"hakmarfrance.online\"},\"image\":{\"@id\":\"https:\\\/\\\/hakmarfrance.online\\\/tr\\\/#\\\/schema\\\/logo\\\/image\\\/\"},\"sameAs\":[\"https:\\\/\\\/www.facebook.com\\\/HakmarFranceSupermarche\\\/?locale=fr_FR\",\"https:\\\/\\\/www.instagram.com\\\/hakmarfrancesupermarche\\\/\"]}]}<\/script>\n<!-- \/ Yoast SEO plugin. -->","yoast_head_json":{"title":"Helal Tavuk \u015einitzel \u2013 5kg'l\u0131k Paket - hakmarfrance.online","robots":{"index":"index","follow":"follow","max-snippet":"max-snippet:-1","max-image-preview":"max-image-preview:large","max-video-preview":"max-video-preview:-1"},"canonical":"https:\/\/hakmarfrance.online\/tr\/produit\/helal-tavuk-sinitzel-5kglik-paket\/","og_locale":"tr_TR","og_type":"article","og_title":"Helal Tavuk \u015einitzel \u2013 5kg'l\u0131k Paket - hakmarfrance.online","og_description":"Kalabal\u0131k yemekler, toplu yemek haz\u0131rlama veya restoran ihtiya\u00e7lar\u0131 i\u00e7in ideal olan bu aile boyu ve ekonomik format\u0131m\u0131z\u0131n tad\u0131n\u0131 \u00e7\u0131kar\u0131n 5 kg'l\u0131k helal tavuk \u015finitzel paketi ile. Tender, kemiksiz ve pi\u015firmeye haz\u0131r fileto, tava, soslu, pane veya wok tarifleriniz i\u00e7in m\u00fckemmeldir. Tazelik ve pratiklik sa\u011flamak i\u00e7in paketlenmi\u015ftir. \u27a4 %100 Helal Et \u2013 taze kesilmi\u015f, kemiksiz\u27a4 Vakumlu paket \u2013 5kg\u27a4 H\u0131zl\u0131ca t\u00fcketin veya dondurun\u27a4 Pratik, ekonomik ve kaliteli Mulhouse ve \u00e7evresindeki 30 km'ye eve teslimat \u2013 kasap ustas\u0131ndan kalite.","og_url":"https:\/\/hakmarfrance.online\/tr\/produit\/helal-tavuk-sinitzel-5kglik-paket\/","og_site_name":"hakmarfrance.online","article_publisher":"https:\/\/www.facebook.com\/HakmarFranceSupermarche\/?locale=fr_FR","og_image":[{"width":1000,"height":800,"url":"https:\/\/hakmarfrance.online\/wp-content\/uploads\/2025\/06\/Escalope-de-poulet-5kg-barquette-.png","type":"image\/png"}],"twitter_card":"summary_large_image","schema":{"@context":"https:\/\/schema.org","@graph":[{"@type":"WebPage","@id":"https:\/\/hakmarfrance.online\/tr\/produit\/helal-tavuk-sinitzel-5kglik-paket\/","url":"https:\/\/hakmarfrance.online\/tr\/produit\/helal-tavuk-sinitzel-5kglik-paket\/","name":"Helal Tavuk \u015einitzel \u2013 5kg'l\u0131k Paket - hakmarfrance.online","isPartOf":{"@id":"https:\/\/hakmarfrance.online\/tr\/#website"},"primaryImageOfPage":{"@id":"https:\/\/hakmarfrance.online\/tr\/produit\/helal-tavuk-sinitzel-5kglik-paket\/#primaryimage"},"image":{"@id":"https:\/\/hakmarfrance.online\/tr\/produit\/helal-tavuk-sinitzel-5kglik-paket\/#primaryimage"},"thumbnailUrl":"https:\/\/hakmarfrance.online\/wp-content\/uploads\/2025\/06\/Escalope-de-poulet-5kg-barquette-.png","datePublished":"2025-06-13T11:06:02+00:00","breadcrumb":{"@id":"https:\/\/hakmarfrance.online\/tr\/produit\/helal-tavuk-sinitzel-5kglik-paket\/#breadcrumb"},"inLanguage":"tr-TR","potentialAction":[{"@type":"ReadAction","target":["https:\/\/hakmarfrance.online\/tr\/produit\/helal-tavuk-sinitzel-5kglik-paket\/"]}]},{"@type":"ImageObject","inLanguage":"tr-TR","@id":"https:\/\/hakmarfrance.online\/tr\/produit\/helal-tavuk-sinitzel-5kglik-paket\/#primaryimage","url":"https:\/\/hakmarfrance.online\/wp-content\/uploads\/2025\/06\/Escalope-de-poulet-5kg-barquette-.png","contentUrl":"https:\/\/hakmarfrance.online\/wp-content\/uploads\/2025\/06\/Escalope-de-poulet-5kg-barquette-.png","width":1000,"height":800},{"@type":"BreadcrumbList","@id":"https:\/\/hakmarfrance.online\/tr\/produit\/helal-tavuk-sinitzel-5kglik-paket\/#breadcrumb","itemListElement":[{"@type":"ListItem","position":1,"name":"Accueil","item":"https:\/\/hakmarfrance.online\/tr\/"},{"@type":"ListItem","position":2,"name":"Ma\u011faza","item":"https:\/\/hakmarfrance.online\/tr\/magaza\/"},{"@type":"ListItem","position":3,"name":"Helal Tavuk \u015einitzel \u2013 5kg&rsquo;l\u0131k Paket"}]},{"@type":"WebSite","@id":"https:\/\/hakmarfrance.online\/tr\/#website","url":"https:\/\/hakmarfrance.online\/tr\/","name":"hakmarfrance.online","description":"","publisher":{"@id":"https:\/\/hakmarfrance.online\/tr\/#organization"},"potentialAction":[{"@type":"SearchAction","target":{"@type":"EntryPoint","urlTemplate":"https:\/\/hakmarfrance.online\/tr\/?s={search_term_string}"},"query-input":{"@type":"PropertyValueSpecification","valueRequired":true,"valueName":"search_term_string"}}],"inLanguage":"tr-TR"},{"@type":"Organization","@id":"https:\/\/hakmarfrance.online\/tr\/#organization","name":"hakmarfrance.online","url":"https:\/\/hakmarfrance.online\/tr\/","logo":{"@type":"ImageObject","inLanguage":"tr-TR","@id":"https:\/\/hakmarfrance.online\/tr\/#\/schema\/logo\/image\/","url":"https:\/\/hakmarfrance.online\/wp-content\/uploads\/2025\/06\/logo-hakmarfrance.png","contentUrl":"https:\/\/hakmarfrance.online\/wp-content\/uploads\/2025\/06\/logo-hakmarfrance.png","width":528,"height":232,"caption":"hakmarfrance.online"},"image":{"@id":"https:\/\/hakmarfrance.online\/tr\/#\/schema\/logo\/image\/"},"sameAs":["https:\/\/www.facebook.com\/HakmarFranceSupermarche\/?locale=fr_FR","https:\/\/www.instagram.com\/hakmarfrancesupermarche\/"]}]}},"_links":{"self":[{"href":"https:\/\/hakmarfrance.online\/tr\/wp-json\/wp\/v2\/product\/18149","targetHints":{"allow":["GET"]}}],"collection":[{"href":"https:\/\/hakmarfrance.online\/tr\/wp-json\/wp\/v2\/product"}],"about":[{"href":"https:\/\/hakmarfrance.online\/tr\/wp-json\/wp\/v2\/types\/product"}],"replies":[{"embeddable":true,"href":"https:\/\/hakmarfrance.online\/tr\/wp-json\/wp\/v2\/comments?post=18149"}],"version-history":[{"count":0,"href":"https:\/\/hakmarfrance.online\/tr\/wp-json\/wp\/v2\/product\/18149\/revisions"}],"wp:featuredmedia":[{"embeddable":true,"href":"https:\/\/hakmarfrance.online\/tr\/wp-json\/wp\/v2\/media\/16567"}],"wp:attachment":[{"href":"https:\/\/hakmarfrance.online\/tr\/wp-json\/wp\/v2\/media?parent=18149"}],"wp:term":[{"taxonomy":"product_brand","embeddable":true,"href":"https:\/\/hakmarfrance.online\/tr\/wp-json\/wp\/v2\/product_brand?post=18149"},{"taxonomy":"product_cat","embeddable":true,"href":"https:\/\/hakmarfrance.online\/tr\/wp-json\/wp\/v2\/product_cat?post=18149"},{"taxonomy":"product_tag","embeddable":true,"href":"https:\/\/hakmarfrance.online\/tr\/wp-json\/wp\/v2\/product_tag?post=18149"}],"curies":[{"name":"wp","href":"https:\/\/api.w.org\/{rel}","templated":true}]}}