{"id":18151,"date":"2025-06-13T11:11:50","date_gmt":"2025-06-13T11:11:50","guid":{"rendered":"https:\/\/hakmarfrance.online\/produit\/helal-dana-kiymasi\/"},"modified":"2025-06-13T11:11:50","modified_gmt":"2025-06-13T11:11:50","slug":"helal-dana-kiymasi","status":"publish","type":"product","link":"https:\/\/hakmarfrance.online\/tr\/produit\/helal-dana-kiymasi\/","title":{"rendered":"Helal Dana K\u0131ymas\u0131"},"content":{"rendered":"","protected":false},"excerpt":{"rendered":"<p data-start=\"446\" data-end=\"649\"><strong data-start=\"462\" data-end=\"493\">Helal dana k\u0131ymam\u0131z\u0131<\/strong> ke\u015ffedin, se\u00e7ilmi\u015f etten taze haz\u0131rlanm\u0131\u015f, fazla ya\u011f ve katk\u0131 maddesi i\u00e7ermiyor. G\u00fcnl\u00fck tarifleriniz i\u00e7in m\u00fckemmel kasap kalitesi. <\/p>\n<p data-start=\"651\" data-end=\"809\">Ev yap\u0131m\u0131 k\u00f6fte, burger, bolonez makarna veya lazanya i\u00e7in olsun, bu lezzetli ve yumu\u015fak k\u0131yma t\u00fcm isteklerinize uyum sa\u011flar.<\/p>\n<p data-start=\"811\" data-end=\"911\">\ud83d\udd25 \u0130pucu: biraz do\u011franm\u0131\u015f so\u011fan, maydanoz ve baharat ekleyerek 5 dakikada haz\u0131r ekspres k\u00f6fte yapabilirsin.<\/p>\n<p data-start=\"913\" data-end=\"1081\">\u27a4 <strong data-start=\"915\" data-end=\"964\">%100 Helal Et \u2013 saf dana, taze k\u0131y\u0131lm\u0131\u015f<\/strong><\/p>\n<p data-start=\"913\" data-end=\"1081\">\ud83d\udc49 <strong data-start=\"869\" data-end=\"921\">Reyonumuzdaki etler kilo ile sat\u0131l\u0131r.<\/strong><br data-start=\"1010\" data-end=\"1013\">\u27a4 H\u0131zl\u0131ca pi\u015fir veya dondur<br data-start=\"1048\" data-end=\"1051\">\u27a4 Katk\u0131 maddesi ve koruyucu i\u00e7ermez<\/p>\n<p data-start=\"1083\" data-end=\"1157\">\ud83d\ude9a <strong data-start=\"1111\" data-end=\"1135\">Mulhouse ve \u00e7evresine<\/strong> eve teslimat \u2013 tazelik garantili.<\/p>\n","protected":false},"featured_media":18155,"comment_status":"open","ping_status":"closed","template":"","meta":{"iawp_total_views":1},"product_brand":[],"product_cat":[283,296,297,225],"product_tag":[],"class_list":{"0":"post-18151","1":"product","2":"type-product","3":"status-publish","4":"has-post-thumbnail","6":"product_cat-et-balik-sarkuteri","7":"product_cat-helal-kasap","8":"product_cat-taze-etler-dana-kuzu-tavuk","9":"product_cat-tum-urunlerimiz","11":"first","12":"instock","13":"shipping-taxable","14":"purchasable","15":"product-type-variable"},"yoast_head":"<!-- This site is optimized with the Yoast SEO plugin v27.3 - https:\/\/yoast.com\/product\/yoast-seo-wordpress\/ -->\n<title>Helal Dana K\u0131ymas\u0131 - hakmarfrance.online<\/title>\n<meta name=\"robots\" content=\"index, follow, max-snippet:-1, max-image-preview:large, max-video-preview:-1\" \/>\n<link rel=\"canonical\" href=\"https:\/\/hakmarfrance.online\/tr\/produit\/helal-dana-kiymasi\/\" \/>\n<meta property=\"og:locale\" content=\"tr_TR\" \/>\n<meta property=\"og:type\" content=\"article\" \/>\n<meta property=\"og:title\" content=\"Helal Dana K\u0131ymas\u0131 - hakmarfrance.online\" \/>\n<meta property=\"og:description\" content=\"Helal dana k\u0131ymam\u0131z\u0131 ke\u015ffedin, se\u00e7ilmi\u015f etten taze haz\u0131rlanm\u0131\u015f, fazla ya\u011f ve katk\u0131 maddesi i\u00e7ermiyor. G\u00fcnl\u00fck tarifleriniz i\u00e7in m\u00fckemmel kasap kalitesi. Ev yap\u0131m\u0131 k\u00f6fte, burger, bolonez makarna veya lazanya i\u00e7in olsun, bu lezzetli ve yumu\u015fak k\u0131yma t\u00fcm isteklerinize uyum sa\u011flar. \ud83d\udd25 \u0130pucu: biraz do\u011franm\u0131\u015f so\u011fan, maydanoz ve baharat ekleyerek 5 dakikada haz\u0131r ekspres k\u00f6fte yapabilirsin. \u27a4 %100 Helal Et \u2013 saf dana, taze k\u0131y\u0131lm\u0131\u015f \ud83d\udc49 Reyonumuzdaki etler kilo ile sat\u0131l\u0131r.\u27a4 H\u0131zl\u0131ca pi\u015fir veya dondur\u27a4 Katk\u0131 maddesi ve koruyucu i\u00e7ermez \ud83d\ude9a Mulhouse ve \u00e7evresine eve teslimat \u2013 tazelik garantili.\" \/>\n<meta property=\"og:url\" content=\"https:\/\/hakmarfrance.online\/tr\/produit\/helal-dana-kiymasi\/\" \/>\n<meta property=\"og:site_name\" content=\"hakmarfrance.online\" \/>\n<meta property=\"article:publisher\" content=\"https:\/\/www.facebook.com\/HakmarFranceSupermarche\/?locale=fr_FR\" \/>\n<meta property=\"og:image\" content=\"https:\/\/hakmarfrance.online\/wp-content\/uploads\/2025\/06\/Viande-hachee-halal-1.avif\" \/>\n\t<meta property=\"og:image:width\" content=\"750\" \/>\n\t<meta property=\"og:image:height\" content=\"600\" \/>\n\t<meta property=\"og:image:type\" content=\"image\/png\" \/>\n<meta name=\"twitter:card\" content=\"summary_large_image\" \/>\n<script type=\"application\/ld+json\" class=\"yoast-schema-graph\">{\"@context\":\"https:\\\/\\\/schema.org\",\"@graph\":[{\"@type\":\"WebPage\",\"@id\":\"https:\\\/\\\/hakmarfrance.online\\\/tr\\\/produit\\\/helal-dana-kiymasi\\\/\",\"url\":\"https:\\\/\\\/hakmarfrance.online\\\/tr\\\/produit\\\/helal-dana-kiymasi\\\/\",\"name\":\"Helal Dana K\u0131ymas\u0131 - hakmarfrance.online\",\"isPartOf\":{\"@id\":\"https:\\\/\\\/hakmarfrance.online\\\/tr\\\/#website\"},\"primaryImageOfPage\":{\"@id\":\"https:\\\/\\\/hakmarfrance.online\\\/tr\\\/produit\\\/helal-dana-kiymasi\\\/#primaryimage\"},\"image\":{\"@id\":\"https:\\\/\\\/hakmarfrance.online\\\/tr\\\/produit\\\/helal-dana-kiymasi\\\/#primaryimage\"},\"thumbnailUrl\":\"https:\\\/\\\/hakmarfrance.online\\\/wp-content\\\/uploads\\\/2025\\\/06\\\/Viande-hachee-halal-1.avif\",\"datePublished\":\"2025-06-13T11:11:50+00:00\",\"breadcrumb\":{\"@id\":\"https:\\\/\\\/hakmarfrance.online\\\/tr\\\/produit\\\/helal-dana-kiymasi\\\/#breadcrumb\"},\"inLanguage\":\"tr-TR\",\"potentialAction\":[{\"@type\":\"ReadAction\",\"target\":[\"https:\\\/\\\/hakmarfrance.online\\\/tr\\\/produit\\\/helal-dana-kiymasi\\\/\"]}]},{\"@type\":\"ImageObject\",\"inLanguage\":\"tr-TR\",\"@id\":\"https:\\\/\\\/hakmarfrance.online\\\/tr\\\/produit\\\/helal-dana-kiymasi\\\/#primaryimage\",\"url\":\"https:\\\/\\\/hakmarfrance.online\\\/wp-content\\\/uploads\\\/2025\\\/06\\\/Viande-hachee-halal-1.avif\",\"contentUrl\":\"https:\\\/\\\/hakmarfrance.online\\\/wp-content\\\/uploads\\\/2025\\\/06\\\/Viande-hachee-halal-1.avif\",\"width\":750,\"height\":600,\"caption\":\"Helal-k\u0131yma\"},{\"@type\":\"BreadcrumbList\",\"@id\":\"https:\\\/\\\/hakmarfrance.online\\\/tr\\\/produit\\\/helal-dana-kiymasi\\\/#breadcrumb\",\"itemListElement\":[{\"@type\":\"ListItem\",\"position\":1,\"name\":\"Accueil\",\"item\":\"https:\\\/\\\/hakmarfrance.online\\\/tr\\\/\"},{\"@type\":\"ListItem\",\"position\":2,\"name\":\"Ma\u011faza\",\"item\":\"https:\\\/\\\/hakmarfrance.online\\\/tr\\\/magaza\\\/\"},{\"@type\":\"ListItem\",\"position\":3,\"name\":\"Helal Dana K\u0131ymas\u0131\"}]},{\"@type\":\"WebSite\",\"@id\":\"https:\\\/\\\/hakmarfrance.online\\\/tr\\\/#website\",\"url\":\"https:\\\/\\\/hakmarfrance.online\\\/tr\\\/\",\"name\":\"hakmarfrance.online\",\"description\":\"\",\"publisher\":{\"@id\":\"https:\\\/\\\/hakmarfrance.online\\\/tr\\\/#organization\"},\"potentialAction\":[{\"@type\":\"SearchAction\",\"target\":{\"@type\":\"EntryPoint\",\"urlTemplate\":\"https:\\\/\\\/hakmarfrance.online\\\/tr\\\/?s={search_term_string}\"},\"query-input\":{\"@type\":\"PropertyValueSpecification\",\"valueRequired\":true,\"valueName\":\"search_term_string\"}}],\"inLanguage\":\"tr-TR\"},{\"@type\":\"Organization\",\"@id\":\"https:\\\/\\\/hakmarfrance.online\\\/tr\\\/#organization\",\"name\":\"hakmarfrance.online\",\"url\":\"https:\\\/\\\/hakmarfrance.online\\\/tr\\\/\",\"logo\":{\"@type\":\"ImageObject\",\"inLanguage\":\"tr-TR\",\"@id\":\"https:\\\/\\\/hakmarfrance.online\\\/tr\\\/#\\\/schema\\\/logo\\\/image\\\/\",\"url\":\"https:\\\/\\\/hakmarfrance.online\\\/wp-content\\\/uploads\\\/2025\\\/06\\\/logo-hakmarfrance.png\",\"contentUrl\":\"https:\\\/\\\/hakmarfrance.online\\\/wp-content\\\/uploads\\\/2025\\\/06\\\/logo-hakmarfrance.png\",\"width\":528,\"height\":232,\"caption\":\"hakmarfrance.online\"},\"image\":{\"@id\":\"https:\\\/\\\/hakmarfrance.online\\\/tr\\\/#\\\/schema\\\/logo\\\/image\\\/\"},\"sameAs\":[\"https:\\\/\\\/www.facebook.com\\\/HakmarFranceSupermarche\\\/?locale=fr_FR\",\"https:\\\/\\\/www.instagram.com\\\/hakmarfrancesupermarche\\\/\"]}]}<\/script>\n<!-- \/ Yoast SEO plugin. -->","yoast_head_json":{"title":"Helal Dana K\u0131ymas\u0131 - hakmarfrance.online","robots":{"index":"index","follow":"follow","max-snippet":"max-snippet:-1","max-image-preview":"max-image-preview:large","max-video-preview":"max-video-preview:-1"},"canonical":"https:\/\/hakmarfrance.online\/tr\/produit\/helal-dana-kiymasi\/","og_locale":"tr_TR","og_type":"article","og_title":"Helal Dana K\u0131ymas\u0131 - hakmarfrance.online","og_description":"Helal dana k\u0131ymam\u0131z\u0131 ke\u015ffedin, se\u00e7ilmi\u015f etten taze haz\u0131rlanm\u0131\u015f, fazla ya\u011f ve katk\u0131 maddesi i\u00e7ermiyor. G\u00fcnl\u00fck tarifleriniz i\u00e7in m\u00fckemmel kasap kalitesi. Ev yap\u0131m\u0131 k\u00f6fte, burger, bolonez makarna veya lazanya i\u00e7in olsun, bu lezzetli ve yumu\u015fak k\u0131yma t\u00fcm isteklerinize uyum sa\u011flar. \ud83d\udd25 \u0130pucu: biraz do\u011franm\u0131\u015f so\u011fan, maydanoz ve baharat ekleyerek 5 dakikada haz\u0131r ekspres k\u00f6fte yapabilirsin. \u27a4 %100 Helal Et \u2013 saf dana, taze k\u0131y\u0131lm\u0131\u015f \ud83d\udc49 Reyonumuzdaki etler kilo ile sat\u0131l\u0131r.\u27a4 H\u0131zl\u0131ca pi\u015fir veya dondur\u27a4 Katk\u0131 maddesi ve koruyucu i\u00e7ermez \ud83d\ude9a Mulhouse ve \u00e7evresine eve teslimat \u2013 tazelik garantili.","og_url":"https:\/\/hakmarfrance.online\/tr\/produit\/helal-dana-kiymasi\/","og_site_name":"hakmarfrance.online","article_publisher":"https:\/\/www.facebook.com\/HakmarFranceSupermarche\/?locale=fr_FR","og_image":[{"width":750,"height":600,"url":"https:\/\/hakmarfrance.online\/wp-content\/uploads\/2025\/06\/Viande-hachee-halal-1.avif","type":"image\/png"}],"twitter_card":"summary_large_image","schema":{"@context":"https:\/\/schema.org","@graph":[{"@type":"WebPage","@id":"https:\/\/hakmarfrance.online\/tr\/produit\/helal-dana-kiymasi\/","url":"https:\/\/hakmarfrance.online\/tr\/produit\/helal-dana-kiymasi\/","name":"Helal Dana K\u0131ymas\u0131 - hakmarfrance.online","isPartOf":{"@id":"https:\/\/hakmarfrance.online\/tr\/#website"},"primaryImageOfPage":{"@id":"https:\/\/hakmarfrance.online\/tr\/produit\/helal-dana-kiymasi\/#primaryimage"},"image":{"@id":"https:\/\/hakmarfrance.online\/tr\/produit\/helal-dana-kiymasi\/#primaryimage"},"thumbnailUrl":"https:\/\/hakmarfrance.online\/wp-content\/uploads\/2025\/06\/Viande-hachee-halal-1.avif","datePublished":"2025-06-13T11:11:50+00:00","breadcrumb":{"@id":"https:\/\/hakmarfrance.online\/tr\/produit\/helal-dana-kiymasi\/#breadcrumb"},"inLanguage":"tr-TR","potentialAction":[{"@type":"ReadAction","target":["https:\/\/hakmarfrance.online\/tr\/produit\/helal-dana-kiymasi\/"]}]},{"@type":"ImageObject","inLanguage":"tr-TR","@id":"https:\/\/hakmarfrance.online\/tr\/produit\/helal-dana-kiymasi\/#primaryimage","url":"https:\/\/hakmarfrance.online\/wp-content\/uploads\/2025\/06\/Viande-hachee-halal-1.avif","contentUrl":"https:\/\/hakmarfrance.online\/wp-content\/uploads\/2025\/06\/Viande-hachee-halal-1.avif","width":750,"height":600,"caption":"Helal-k\u0131yma"},{"@type":"BreadcrumbList","@id":"https:\/\/hakmarfrance.online\/tr\/produit\/helal-dana-kiymasi\/#breadcrumb","itemListElement":[{"@type":"ListItem","position":1,"name":"Accueil","item":"https:\/\/hakmarfrance.online\/tr\/"},{"@type":"ListItem","position":2,"name":"Ma\u011faza","item":"https:\/\/hakmarfrance.online\/tr\/magaza\/"},{"@type":"ListItem","position":3,"name":"Helal Dana K\u0131ymas\u0131"}]},{"@type":"WebSite","@id":"https:\/\/hakmarfrance.online\/tr\/#website","url":"https:\/\/hakmarfrance.online\/tr\/","name":"hakmarfrance.online","description":"","publisher":{"@id":"https:\/\/hakmarfrance.online\/tr\/#organization"},"potentialAction":[{"@type":"SearchAction","target":{"@type":"EntryPoint","urlTemplate":"https:\/\/hakmarfrance.online\/tr\/?s={search_term_string}"},"query-input":{"@type":"PropertyValueSpecification","valueRequired":true,"valueName":"search_term_string"}}],"inLanguage":"tr-TR"},{"@type":"Organization","@id":"https:\/\/hakmarfrance.online\/tr\/#organization","name":"hakmarfrance.online","url":"https:\/\/hakmarfrance.online\/tr\/","logo":{"@type":"ImageObject","inLanguage":"tr-TR","@id":"https:\/\/hakmarfrance.online\/tr\/#\/schema\/logo\/image\/","url":"https:\/\/hakmarfrance.online\/wp-content\/uploads\/2025\/06\/logo-hakmarfrance.png","contentUrl":"https:\/\/hakmarfrance.online\/wp-content\/uploads\/2025\/06\/logo-hakmarfrance.png","width":528,"height":232,"caption":"hakmarfrance.online"},"image":{"@id":"https:\/\/hakmarfrance.online\/tr\/#\/schema\/logo\/image\/"},"sameAs":["https:\/\/www.facebook.com\/HakmarFranceSupermarche\/?locale=fr_FR","https:\/\/www.instagram.com\/hakmarfrancesupermarche\/"]}]}},"_links":{"self":[{"href":"https:\/\/hakmarfrance.online\/tr\/wp-json\/wp\/v2\/product\/18151","targetHints":{"allow":["GET"]}}],"collection":[{"href":"https:\/\/hakmarfrance.online\/tr\/wp-json\/wp\/v2\/product"}],"about":[{"href":"https:\/\/hakmarfrance.online\/tr\/wp-json\/wp\/v2\/types\/product"}],"replies":[{"embeddable":true,"href":"https:\/\/hakmarfrance.online\/tr\/wp-json\/wp\/v2\/comments?post=18151"}],"version-history":[{"count":0,"href":"https:\/\/hakmarfrance.online\/tr\/wp-json\/wp\/v2\/product\/18151\/revisions"}],"wp:featuredmedia":[{"embeddable":true,"href":"https:\/\/hakmarfrance.online\/tr\/wp-json\/wp\/v2\/media\/18155"}],"wp:attachment":[{"href":"https:\/\/hakmarfrance.online\/tr\/wp-json\/wp\/v2\/media?parent=18151"}],"wp:term":[{"taxonomy":"product_brand","embeddable":true,"href":"https:\/\/hakmarfrance.online\/tr\/wp-json\/wp\/v2\/product_brand?post=18151"},{"taxonomy":"product_cat","embeddable":true,"href":"https:\/\/hakmarfrance.online\/tr\/wp-json\/wp\/v2\/product_cat?post=18151"},{"taxonomy":"product_tag","embeddable":true,"href":"https:\/\/hakmarfrance.online\/tr\/wp-json\/wp\/v2\/product_tag?post=18151"}],"curies":[{"name":"wp","href":"https:\/\/api.w.org\/{rel}","templated":true}]}}