{"id":18158,"date":"2025-06-13T11:16:08","date_gmt":"2025-06-13T11:16:08","guid":{"rendered":"https:\/\/hakmarfrance.online\/produit\/helal-dana-kusbasi-sut-dana-kusbasi\/"},"modified":"2025-06-13T11:16:08","modified_gmt":"2025-06-13T11:16:08","slug":"helal-dana-kusbasi-sut-dana-kusbasi","status":"publish","type":"product","link":"https:\/\/hakmarfrance.online\/tr\/produit\/helal-dana-kusbasi-sut-dana-kusbasi\/","title":{"rendered":"Helal Dana Ku\u015fba\u015f\u0131 \u2013 S\u00fct Dana Ku\u015fba\u015f\u0131"},"content":{"rendered":"","protected":false},"excerpt":{"rendered":"<p data-start=\"410\" data-end=\"613\"><strong data-start=\"414\" data-end=\"459\">Helal dana ku\u015fba\u015f\u0131 (s\u00fct dana ku\u015fba\u015f\u0131)<\/strong> \u00f6zenle yumu\u015fak ve ya\u011fs\u0131z k\u0131s\u0131mlardan kesilmi\u015ftir. Kullan\u0131ma haz\u0131r, yava\u015f pi\u015firilen yemekler, wok, g\u00fcve\u00e7 veya tajin tarifleriniz i\u00e7in m\u00fckemmeldir. <\/p>\n<p data-start=\"615\" data-end=\"733\">Yumu\u015fak, pi\u015firmesi kolay ve lezzet a\u00e7\u0131s\u0131ndan zengin olan bu etler, Akdeniz ve Do\u011fu mutfaklar\u0131nda \u00e7ok be\u011fenilir.<\/p>\n<p data-start=\"735\" data-end=\"893\">\ud83d\udc69\u200d\ud83c\udf73 \u0130pucu: So\u011fan, domates ve biberle birlikte h\u0131zl\u0131 bir sote i\u00e7in kavurun veya sebzelerle birlikte yava\u015f pi\u015firerek yumu\u015fak bir yemek haz\u0131rlay\u0131n.<\/p>\n<p data-start=\"895\" data-end=\"1079\">\u27a4 <strong data-start=\"897\" data-end=\"946\">%100 Helal Et \u2013 kemiksiz ve fazla ya\u011fs\u0131z<\/strong><\/p>\n<p data-start=\"895\" data-end=\"1079\">\ud83d\udc49 <strong data-start=\"869\" data-end=\"921\">Reyonumuzdaki etler kilo ile sat\u0131lmaktad\u0131r.<\/strong><br data-start=\"991\" data-end=\"994\">\u27a4 \u0130ste\u011finize g\u00f6re h\u0131zl\u0131 pi\u015firme veya yava\u015f pi\u015firme<br data-start=\"1038\" data-end=\"1041\">\u27a4 Dondurulmaya veya taze t\u00fcketilmeye haz\u0131r<\/p>\n<p data-start=\"1081\" data-end=\"1152\">\ud83d\ude9a <strong data-start=\"1107\" data-end=\"1131\">Mulhouse ve \u00e7evresine<\/strong> ev teslimat\u0131 \u2013 tazelik garantisi<\/p>\n","protected":false},"featured_media":18647,"comment_status":"open","ping_status":"closed","template":"","meta":{"iawp_total_views":2},"product_brand":[],"product_cat":[283,296,297,225],"product_tag":[],"class_list":{"0":"post-18158","1":"product","2":"type-product","3":"status-publish","4":"has-post-thumbnail","6":"product_cat-et-balik-sarkuteri","7":"product_cat-helal-kasap","8":"product_cat-taze-etler-dana-kuzu-tavuk","9":"product_cat-tum-urunlerimiz","11":"first","12":"instock","13":"shipping-taxable","14":"purchasable","15":"product-type-simple"},"yoast_head":"<!-- This site is optimized with the Yoast SEO plugin v27.3 - https:\/\/yoast.com\/product\/yoast-seo-wordpress\/ -->\n<title>Helal Dana Ku\u015fba\u015f\u0131 \u2013 S\u00fct Dana Ku\u015fba\u015f\u0131 - hakmarfrance.online<\/title>\n<meta name=\"robots\" content=\"index, follow, max-snippet:-1, max-image-preview:large, max-video-preview:-1\" \/>\n<link rel=\"canonical\" href=\"https:\/\/hakmarfrance.online\/tr\/produit\/helal-dana-kusbasi-sut-dana-kusbasi\/\" \/>\n<meta property=\"og:locale\" content=\"tr_TR\" \/>\n<meta property=\"og:type\" content=\"article\" \/>\n<meta property=\"og:title\" content=\"Helal Dana Ku\u015fba\u015f\u0131 \u2013 S\u00fct Dana Ku\u015fba\u015f\u0131 - hakmarfrance.online\" \/>\n<meta property=\"og:description\" content=\"Helal dana ku\u015fba\u015f\u0131 (s\u00fct dana ku\u015fba\u015f\u0131) \u00f6zenle yumu\u015fak ve ya\u011fs\u0131z k\u0131s\u0131mlardan kesilmi\u015ftir. Kullan\u0131ma haz\u0131r, yava\u015f pi\u015firilen yemekler, wok, g\u00fcve\u00e7 veya tajin tarifleriniz i\u00e7in m\u00fckemmeldir. Yumu\u015fak, pi\u015firmesi kolay ve lezzet a\u00e7\u0131s\u0131ndan zengin olan bu etler, Akdeniz ve Do\u011fu mutfaklar\u0131nda \u00e7ok be\u011fenilir. \ud83d\udc69\u200d\ud83c\udf73 \u0130pucu: So\u011fan, domates ve biberle birlikte h\u0131zl\u0131 bir sote i\u00e7in kavurun veya sebzelerle birlikte yava\u015f pi\u015firerek yumu\u015fak bir yemek haz\u0131rlay\u0131n. \u27a4 %100 Helal Et \u2013 kemiksiz ve fazla ya\u011fs\u0131z \ud83d\udc49 Reyonumuzdaki etler kilo ile sat\u0131lmaktad\u0131r.\u27a4 \u0130ste\u011finize g\u00f6re h\u0131zl\u0131 pi\u015firme veya yava\u015f pi\u015firme\u27a4 Dondurulmaya veya taze t\u00fcketilmeye haz\u0131r \ud83d\ude9a Mulhouse ve \u00e7evresine ev teslimat\u0131 \u2013 tazelik garantisi\" \/>\n<meta property=\"og:url\" content=\"https:\/\/hakmarfrance.online\/tr\/produit\/helal-dana-kusbasi-sut-dana-kusbasi\/\" \/>\n<meta property=\"og:site_name\" content=\"hakmarfrance.online\" \/>\n<meta property=\"article:publisher\" content=\"https:\/\/www.facebook.com\/HakmarFranceSupermarche\/?locale=fr_FR\" \/>\n<meta property=\"og:image\" content=\"https:\/\/hakmarfrance.online\/wp-content\/uploads\/2025\/06\/morceaux-de-veau-sut-dana-kusbasi-halal.png\" \/>\n\t<meta property=\"og:image:width\" content=\"1000\" \/>\n\t<meta property=\"og:image:height\" content=\"800\" \/>\n\t<meta property=\"og:image:type\" content=\"image\/png\" \/>\n<meta name=\"twitter:card\" content=\"summary_large_image\" \/>\n<script type=\"application\/ld+json\" class=\"yoast-schema-graph\">{\"@context\":\"https:\\\/\\\/schema.org\",\"@graph\":[{\"@type\":\"WebPage\",\"@id\":\"https:\\\/\\\/hakmarfrance.online\\\/tr\\\/produit\\\/helal-dana-kusbasi-sut-dana-kusbasi\\\/\",\"url\":\"https:\\\/\\\/hakmarfrance.online\\\/tr\\\/produit\\\/helal-dana-kusbasi-sut-dana-kusbasi\\\/\",\"name\":\"Helal Dana Ku\u015fba\u015f\u0131 \u2013 S\u00fct Dana Ku\u015fba\u015f\u0131 - hakmarfrance.online\",\"isPartOf\":{\"@id\":\"https:\\\/\\\/hakmarfrance.online\\\/tr\\\/#website\"},\"primaryImageOfPage\":{\"@id\":\"https:\\\/\\\/hakmarfrance.online\\\/tr\\\/produit\\\/helal-dana-kusbasi-sut-dana-kusbasi\\\/#primaryimage\"},\"image\":{\"@id\":\"https:\\\/\\\/hakmarfrance.online\\\/tr\\\/produit\\\/helal-dana-kusbasi-sut-dana-kusbasi\\\/#primaryimage\"},\"thumbnailUrl\":\"https:\\\/\\\/hakmarfrance.online\\\/wp-content\\\/uploads\\\/2025\\\/06\\\/morceaux-de-veau-sut-dana-kusbasi-halal.png\",\"datePublished\":\"2025-06-13T11:16:08+00:00\",\"breadcrumb\":{\"@id\":\"https:\\\/\\\/hakmarfrance.online\\\/tr\\\/produit\\\/helal-dana-kusbasi-sut-dana-kusbasi\\\/#breadcrumb\"},\"inLanguage\":\"tr-TR\",\"potentialAction\":[{\"@type\":\"ReadAction\",\"target\":[\"https:\\\/\\\/hakmarfrance.online\\\/tr\\\/produit\\\/helal-dana-kusbasi-sut-dana-kusbasi\\\/\"]}]},{\"@type\":\"ImageObject\",\"inLanguage\":\"tr-TR\",\"@id\":\"https:\\\/\\\/hakmarfrance.online\\\/tr\\\/produit\\\/helal-dana-kusbasi-sut-dana-kusbasi\\\/#primaryimage\",\"url\":\"https:\\\/\\\/hakmarfrance.online\\\/wp-content\\\/uploads\\\/2025\\\/06\\\/morceaux-de-veau-sut-dana-kusbasi-halal.png\",\"contentUrl\":\"https:\\\/\\\/hakmarfrance.online\\\/wp-content\\\/uploads\\\/2025\\\/06\\\/morceaux-de-veau-sut-dana-kusbasi-halal.png\",\"width\":1000,\"height\":800},{\"@type\":\"BreadcrumbList\",\"@id\":\"https:\\\/\\\/hakmarfrance.online\\\/tr\\\/produit\\\/helal-dana-kusbasi-sut-dana-kusbasi\\\/#breadcrumb\",\"itemListElement\":[{\"@type\":\"ListItem\",\"position\":1,\"name\":\"Accueil\",\"item\":\"https:\\\/\\\/hakmarfrance.online\\\/tr\\\/\"},{\"@type\":\"ListItem\",\"position\":2,\"name\":\"Ma\u011faza\",\"item\":\"https:\\\/\\\/hakmarfrance.online\\\/tr\\\/magaza\\\/\"},{\"@type\":\"ListItem\",\"position\":3,\"name\":\"Helal Dana Ku\u015fba\u015f\u0131 \u2013 S\u00fct Dana Ku\u015fba\u015f\u0131\"}]},{\"@type\":\"WebSite\",\"@id\":\"https:\\\/\\\/hakmarfrance.online\\\/tr\\\/#website\",\"url\":\"https:\\\/\\\/hakmarfrance.online\\\/tr\\\/\",\"name\":\"hakmarfrance.online\",\"description\":\"\",\"publisher\":{\"@id\":\"https:\\\/\\\/hakmarfrance.online\\\/tr\\\/#organization\"},\"potentialAction\":[{\"@type\":\"SearchAction\",\"target\":{\"@type\":\"EntryPoint\",\"urlTemplate\":\"https:\\\/\\\/hakmarfrance.online\\\/tr\\\/?s={search_term_string}\"},\"query-input\":{\"@type\":\"PropertyValueSpecification\",\"valueRequired\":true,\"valueName\":\"search_term_string\"}}],\"inLanguage\":\"tr-TR\"},{\"@type\":\"Organization\",\"@id\":\"https:\\\/\\\/hakmarfrance.online\\\/tr\\\/#organization\",\"name\":\"hakmarfrance.online\",\"url\":\"https:\\\/\\\/hakmarfrance.online\\\/tr\\\/\",\"logo\":{\"@type\":\"ImageObject\",\"inLanguage\":\"tr-TR\",\"@id\":\"https:\\\/\\\/hakmarfrance.online\\\/tr\\\/#\\\/schema\\\/logo\\\/image\\\/\",\"url\":\"https:\\\/\\\/hakmarfrance.online\\\/wp-content\\\/uploads\\\/2025\\\/06\\\/logo-hakmarfrance.png\",\"contentUrl\":\"https:\\\/\\\/hakmarfrance.online\\\/wp-content\\\/uploads\\\/2025\\\/06\\\/logo-hakmarfrance.png\",\"width\":528,\"height\":232,\"caption\":\"hakmarfrance.online\"},\"image\":{\"@id\":\"https:\\\/\\\/hakmarfrance.online\\\/tr\\\/#\\\/schema\\\/logo\\\/image\\\/\"},\"sameAs\":[\"https:\\\/\\\/www.facebook.com\\\/HakmarFranceSupermarche\\\/?locale=fr_FR\",\"https:\\\/\\\/www.instagram.com\\\/hakmarfrancesupermarche\\\/\"]}]}<\/script>\n<!-- \/ Yoast SEO plugin. -->","yoast_head_json":{"title":"Helal Dana Ku\u015fba\u015f\u0131 \u2013 S\u00fct Dana Ku\u015fba\u015f\u0131 - hakmarfrance.online","robots":{"index":"index","follow":"follow","max-snippet":"max-snippet:-1","max-image-preview":"max-image-preview:large","max-video-preview":"max-video-preview:-1"},"canonical":"https:\/\/hakmarfrance.online\/tr\/produit\/helal-dana-kusbasi-sut-dana-kusbasi\/","og_locale":"tr_TR","og_type":"article","og_title":"Helal Dana Ku\u015fba\u015f\u0131 \u2013 S\u00fct Dana Ku\u015fba\u015f\u0131 - hakmarfrance.online","og_description":"Helal dana ku\u015fba\u015f\u0131 (s\u00fct dana ku\u015fba\u015f\u0131) \u00f6zenle yumu\u015fak ve ya\u011fs\u0131z k\u0131s\u0131mlardan kesilmi\u015ftir. Kullan\u0131ma haz\u0131r, yava\u015f pi\u015firilen yemekler, wok, g\u00fcve\u00e7 veya tajin tarifleriniz i\u00e7in m\u00fckemmeldir. Yumu\u015fak, pi\u015firmesi kolay ve lezzet a\u00e7\u0131s\u0131ndan zengin olan bu etler, Akdeniz ve Do\u011fu mutfaklar\u0131nda \u00e7ok be\u011fenilir. \ud83d\udc69\u200d\ud83c\udf73 \u0130pucu: So\u011fan, domates ve biberle birlikte h\u0131zl\u0131 bir sote i\u00e7in kavurun veya sebzelerle birlikte yava\u015f pi\u015firerek yumu\u015fak bir yemek haz\u0131rlay\u0131n. \u27a4 %100 Helal Et \u2013 kemiksiz ve fazla ya\u011fs\u0131z \ud83d\udc49 Reyonumuzdaki etler kilo ile sat\u0131lmaktad\u0131r.\u27a4 \u0130ste\u011finize g\u00f6re h\u0131zl\u0131 pi\u015firme veya yava\u015f pi\u015firme\u27a4 Dondurulmaya veya taze t\u00fcketilmeye haz\u0131r \ud83d\ude9a Mulhouse ve \u00e7evresine ev teslimat\u0131 \u2013 tazelik garantisi","og_url":"https:\/\/hakmarfrance.online\/tr\/produit\/helal-dana-kusbasi-sut-dana-kusbasi\/","og_site_name":"hakmarfrance.online","article_publisher":"https:\/\/www.facebook.com\/HakmarFranceSupermarche\/?locale=fr_FR","og_image":[{"width":1000,"height":800,"url":"https:\/\/hakmarfrance.online\/wp-content\/uploads\/2025\/06\/morceaux-de-veau-sut-dana-kusbasi-halal.png","type":"image\/png"}],"twitter_card":"summary_large_image","schema":{"@context":"https:\/\/schema.org","@graph":[{"@type":"WebPage","@id":"https:\/\/hakmarfrance.online\/tr\/produit\/helal-dana-kusbasi-sut-dana-kusbasi\/","url":"https:\/\/hakmarfrance.online\/tr\/produit\/helal-dana-kusbasi-sut-dana-kusbasi\/","name":"Helal Dana Ku\u015fba\u015f\u0131 \u2013 S\u00fct Dana Ku\u015fba\u015f\u0131 - hakmarfrance.online","isPartOf":{"@id":"https:\/\/hakmarfrance.online\/tr\/#website"},"primaryImageOfPage":{"@id":"https:\/\/hakmarfrance.online\/tr\/produit\/helal-dana-kusbasi-sut-dana-kusbasi\/#primaryimage"},"image":{"@id":"https:\/\/hakmarfrance.online\/tr\/produit\/helal-dana-kusbasi-sut-dana-kusbasi\/#primaryimage"},"thumbnailUrl":"https:\/\/hakmarfrance.online\/wp-content\/uploads\/2025\/06\/morceaux-de-veau-sut-dana-kusbasi-halal.png","datePublished":"2025-06-13T11:16:08+00:00","breadcrumb":{"@id":"https:\/\/hakmarfrance.online\/tr\/produit\/helal-dana-kusbasi-sut-dana-kusbasi\/#breadcrumb"},"inLanguage":"tr-TR","potentialAction":[{"@type":"ReadAction","target":["https:\/\/hakmarfrance.online\/tr\/produit\/helal-dana-kusbasi-sut-dana-kusbasi\/"]}]},{"@type":"ImageObject","inLanguage":"tr-TR","@id":"https:\/\/hakmarfrance.online\/tr\/produit\/helal-dana-kusbasi-sut-dana-kusbasi\/#primaryimage","url":"https:\/\/hakmarfrance.online\/wp-content\/uploads\/2025\/06\/morceaux-de-veau-sut-dana-kusbasi-halal.png","contentUrl":"https:\/\/hakmarfrance.online\/wp-content\/uploads\/2025\/06\/morceaux-de-veau-sut-dana-kusbasi-halal.png","width":1000,"height":800},{"@type":"BreadcrumbList","@id":"https:\/\/hakmarfrance.online\/tr\/produit\/helal-dana-kusbasi-sut-dana-kusbasi\/#breadcrumb","itemListElement":[{"@type":"ListItem","position":1,"name":"Accueil","item":"https:\/\/hakmarfrance.online\/tr\/"},{"@type":"ListItem","position":2,"name":"Ma\u011faza","item":"https:\/\/hakmarfrance.online\/tr\/magaza\/"},{"@type":"ListItem","position":3,"name":"Helal Dana Ku\u015fba\u015f\u0131 \u2013 S\u00fct Dana Ku\u015fba\u015f\u0131"}]},{"@type":"WebSite","@id":"https:\/\/hakmarfrance.online\/tr\/#website","url":"https:\/\/hakmarfrance.online\/tr\/","name":"hakmarfrance.online","description":"","publisher":{"@id":"https:\/\/hakmarfrance.online\/tr\/#organization"},"potentialAction":[{"@type":"SearchAction","target":{"@type":"EntryPoint","urlTemplate":"https:\/\/hakmarfrance.online\/tr\/?s={search_term_string}"},"query-input":{"@type":"PropertyValueSpecification","valueRequired":true,"valueName":"search_term_string"}}],"inLanguage":"tr-TR"},{"@type":"Organization","@id":"https:\/\/hakmarfrance.online\/tr\/#organization","name":"hakmarfrance.online","url":"https:\/\/hakmarfrance.online\/tr\/","logo":{"@type":"ImageObject","inLanguage":"tr-TR","@id":"https:\/\/hakmarfrance.online\/tr\/#\/schema\/logo\/image\/","url":"https:\/\/hakmarfrance.online\/wp-content\/uploads\/2025\/06\/logo-hakmarfrance.png","contentUrl":"https:\/\/hakmarfrance.online\/wp-content\/uploads\/2025\/06\/logo-hakmarfrance.png","width":528,"height":232,"caption":"hakmarfrance.online"},"image":{"@id":"https:\/\/hakmarfrance.online\/tr\/#\/schema\/logo\/image\/"},"sameAs":["https:\/\/www.facebook.com\/HakmarFranceSupermarche\/?locale=fr_FR","https:\/\/www.instagram.com\/hakmarfrancesupermarche\/"]}]}},"_links":{"self":[{"href":"https:\/\/hakmarfrance.online\/tr\/wp-json\/wp\/v2\/product\/18158","targetHints":{"allow":["GET"]}}],"collection":[{"href":"https:\/\/hakmarfrance.online\/tr\/wp-json\/wp\/v2\/product"}],"about":[{"href":"https:\/\/hakmarfrance.online\/tr\/wp-json\/wp\/v2\/types\/product"}],"replies":[{"embeddable":true,"href":"https:\/\/hakmarfrance.online\/tr\/wp-json\/wp\/v2\/comments?post=18158"}],"version-history":[{"count":0,"href":"https:\/\/hakmarfrance.online\/tr\/wp-json\/wp\/v2\/product\/18158\/revisions"}],"wp:featuredmedia":[{"embeddable":true,"href":"https:\/\/hakmarfrance.online\/tr\/wp-json\/wp\/v2\/media\/18647"}],"wp:attachment":[{"href":"https:\/\/hakmarfrance.online\/tr\/wp-json\/wp\/v2\/media?parent=18158"}],"wp:term":[{"taxonomy":"product_brand","embeddable":true,"href":"https:\/\/hakmarfrance.online\/tr\/wp-json\/wp\/v2\/product_brand?post=18158"},{"taxonomy":"product_cat","embeddable":true,"href":"https:\/\/hakmarfrance.online\/tr\/wp-json\/wp\/v2\/product_cat?post=18158"},{"taxonomy":"product_tag","embeddable":true,"href":"https:\/\/hakmarfrance.online\/tr\/wp-json\/wp\/v2\/product_tag?post=18158"}],"curies":[{"name":"wp","href":"https:\/\/api.w.org\/{rel}","templated":true}]}}