{"id":18163,"date":"2025-06-13T10:56:51","date_gmt":"2025-06-13T10:56:51","guid":{"rendered":"https:\/\/hakmarfrance.online\/produit\/helal-kuzu-gogsu-kuzu-kaburga\/"},"modified":"2025-06-13T10:56:51","modified_gmt":"2025-06-13T10:56:51","slug":"helal-kuzu-gogsu-kuzu-kaburga","status":"publish","type":"product","link":"https:\/\/hakmarfrance.online\/tr\/produit\/helal-kuzu-gogsu-kuzu-kaburga\/","title":{"rendered":"Helal Kuzu G\u00f6\u011fs\u00fc \u2013 Kuzu Kaburga"},"content":{"rendered":"","protected":false},"excerpt":{"rendered":"<p data-start=\"450\" data-end=\"728\">Gelenekle bulu\u015f: \u00f6zenle kesilmi\u015f <strong data-start=\"485\" data-end=\"524\">helal kuzu kaburgalar\u0131m\u0131z (kuzu kaburga)<\/strong>, yava\u015f pi\u015firme veya \u0131zgara ile t\u00fcm potansiyelini ortaya \u00e7\u0131kar\u0131yor. Bu yumu\u015fak ve lezzetli par\u00e7a, g\u00fcve\u00e7 yemeklerin, yaz barbek\u00fclerin veya f\u0131r\u0131n tariflerinin i\u00e7in ideal. <\/p>\n<p data-start=\"730\" data-end=\"896\">Et ve ya\u011f aras\u0131ndaki m\u00fckemmel oran\u0131 sayesinde sulu bir pi\u015firme ve Do\u011fu ile Akdeniz mutfaklar\u0131nda sevilen otantik bir lezzet garanti ediyor.<\/p>\n<p data-start=\"898\" data-end=\"983\">\ud83d\udd25 M\u00fckemmel kullan\u0131m alanlar\u0131: barbek\u00fc, f\u0131r\u0131n, g\u00fcve\u00e7 veya sebze ve baharatlarla yava\u015f pi\u015firme.<\/p>\n<p data-start=\"985\" data-end=\"1160\">\u27a4 <strong data-start=\"987\" data-end=\"1032\">%100 Helal Et \u2013 taze kesilmi\u015f<\/strong><br data-start=\"1090\" data-end=\"1093\">\u27a4 Serin yerde saklanmal\u0131 veya dondurulmal\u0131<\/p>\n<p data-start=\"1162\" data-end=\"1251\">\ud83d\ude9a <strong data-start=\"1165\" data-end=\"1209\">Mulhouse ve \u00e7evresine yerel teslimat<\/strong> \u2013 kap\u0131na kadar tazelik garantisi.<\/p>\n<p data-start=\"1162\" data-end=\"1251\">\ud83d\udc49 <strong data-start=\"869\" data-end=\"921\">Reyonumuzdaki etler kilogram baz\u0131nda sat\u0131lmaktad\u0131r.<\/strong><\/p>\n","protected":false},"featured_media":18166,"comment_status":"open","ping_status":"closed","template":"","meta":{"iawp_total_views":0},"product_brand":[],"product_cat":[283,296,297,287,225],"product_tag":[],"class_list":{"0":"post-18163","1":"product","2":"type-product","3":"status-publish","4":"has-post-thumbnail","6":"product_cat-et-balik-sarkuteri","7":"product_cat-helal-kasap","8":"product_cat-taze-etler-dana-kuzu-tavuk","9":"product_cat-taze-urunler-sut-urunleri-mandira","10":"product_cat-tum-urunlerimiz","12":"first","13":"instock","14":"shipping-taxable","15":"purchasable","16":"product-type-simple"},"yoast_head":"<!-- This site is optimized with the Yoast SEO plugin v27.3 - https:\/\/yoast.com\/product\/yoast-seo-wordpress\/ -->\n<title>Helal Kuzu G\u00f6\u011fs\u00fc \u2013 Kuzu Kaburga - hakmarfrance.online<\/title>\n<meta name=\"robots\" content=\"index, follow, max-snippet:-1, max-image-preview:large, max-video-preview:-1\" \/>\n<link rel=\"canonical\" href=\"https:\/\/hakmarfrance.online\/tr\/produit\/helal-kuzu-gogsu-kuzu-kaburga\/\" \/>\n<meta property=\"og:locale\" content=\"tr_TR\" \/>\n<meta property=\"og:type\" content=\"article\" \/>\n<meta property=\"og:title\" content=\"Helal Kuzu G\u00f6\u011fs\u00fc \u2013 Kuzu Kaburga - hakmarfrance.online\" \/>\n<meta property=\"og:description\" content=\"Gelenekle bulu\u015f: \u00f6zenle kesilmi\u015f helal kuzu kaburgalar\u0131m\u0131z (kuzu kaburga), yava\u015f pi\u015firme veya \u0131zgara ile t\u00fcm potansiyelini ortaya \u00e7\u0131kar\u0131yor. Bu yumu\u015fak ve lezzetli par\u00e7a, g\u00fcve\u00e7 yemeklerin, yaz barbek\u00fclerin veya f\u0131r\u0131n tariflerinin i\u00e7in ideal. Et ve ya\u011f aras\u0131ndaki m\u00fckemmel oran\u0131 sayesinde sulu bir pi\u015firme ve Do\u011fu ile Akdeniz mutfaklar\u0131nda sevilen otantik bir lezzet garanti ediyor. \ud83d\udd25 M\u00fckemmel kullan\u0131m alanlar\u0131: barbek\u00fc, f\u0131r\u0131n, g\u00fcve\u00e7 veya sebze ve baharatlarla yava\u015f pi\u015firme. \u27a4 %100 Helal Et \u2013 taze kesilmi\u015f\u27a4 Serin yerde saklanmal\u0131 veya dondurulmal\u0131 \ud83d\ude9a Mulhouse ve \u00e7evresine yerel teslimat \u2013 kap\u0131na kadar tazelik garantisi. \ud83d\udc49 Reyonumuzdaki etler kilogram baz\u0131nda sat\u0131lmaktad\u0131r.\" \/>\n<meta property=\"og:url\" content=\"https:\/\/hakmarfrance.online\/tr\/produit\/helal-kuzu-gogsu-kuzu-kaburga\/\" \/>\n<meta property=\"og:site_name\" content=\"hakmarfrance.online\" \/>\n<meta property=\"article:publisher\" content=\"https:\/\/www.facebook.com\/HakmarFranceSupermarche\/?locale=fr_FR\" \/>\n<meta property=\"og:image\" content=\"https:\/\/hakmarfrance.online\/wp-content\/uploads\/2025\/06\/cotes-dagneau-kuzu-kaburga-halal-1-1.png\" \/>\n\t<meta property=\"og:image:width\" content=\"1000\" \/>\n\t<meta property=\"og:image:height\" content=\"800\" \/>\n\t<meta property=\"og:image:type\" content=\"image\/png\" \/>\n<meta name=\"twitter:card\" content=\"summary_large_image\" \/>\n<script type=\"application\/ld+json\" class=\"yoast-schema-graph\">{\"@context\":\"https:\\\/\\\/schema.org\",\"@graph\":[{\"@type\":\"WebPage\",\"@id\":\"https:\\\/\\\/hakmarfrance.online\\\/tr\\\/produit\\\/helal-kuzu-gogsu-kuzu-kaburga\\\/\",\"url\":\"https:\\\/\\\/hakmarfrance.online\\\/tr\\\/produit\\\/helal-kuzu-gogsu-kuzu-kaburga\\\/\",\"name\":\"Helal Kuzu G\u00f6\u011fs\u00fc \u2013 Kuzu Kaburga - hakmarfrance.online\",\"isPartOf\":{\"@id\":\"https:\\\/\\\/hakmarfrance.online\\\/tr\\\/#website\"},\"primaryImageOfPage\":{\"@id\":\"https:\\\/\\\/hakmarfrance.online\\\/tr\\\/produit\\\/helal-kuzu-gogsu-kuzu-kaburga\\\/#primaryimage\"},\"image\":{\"@id\":\"https:\\\/\\\/hakmarfrance.online\\\/tr\\\/produit\\\/helal-kuzu-gogsu-kuzu-kaburga\\\/#primaryimage\"},\"thumbnailUrl\":\"https:\\\/\\\/hakmarfrance.online\\\/wp-content\\\/uploads\\\/2025\\\/06\\\/cotes-dagneau-kuzu-kaburga-halal-1-1.png\",\"datePublished\":\"2025-06-13T10:56:51+00:00\",\"breadcrumb\":{\"@id\":\"https:\\\/\\\/hakmarfrance.online\\\/tr\\\/produit\\\/helal-kuzu-gogsu-kuzu-kaburga\\\/#breadcrumb\"},\"inLanguage\":\"tr-TR\",\"potentialAction\":[{\"@type\":\"ReadAction\",\"target\":[\"https:\\\/\\\/hakmarfrance.online\\\/tr\\\/produit\\\/helal-kuzu-gogsu-kuzu-kaburga\\\/\"]}]},{\"@type\":\"ImageObject\",\"inLanguage\":\"tr-TR\",\"@id\":\"https:\\\/\\\/hakmarfrance.online\\\/tr\\\/produit\\\/helal-kuzu-gogsu-kuzu-kaburga\\\/#primaryimage\",\"url\":\"https:\\\/\\\/hakmarfrance.online\\\/wp-content\\\/uploads\\\/2025\\\/06\\\/cotes-dagneau-kuzu-kaburga-halal-1-1.png\",\"contentUrl\":\"https:\\\/\\\/hakmarfrance.online\\\/wp-content\\\/uploads\\\/2025\\\/06\\\/cotes-dagneau-kuzu-kaburga-halal-1-1.png\",\"width\":1000,\"height\":800},{\"@type\":\"BreadcrumbList\",\"@id\":\"https:\\\/\\\/hakmarfrance.online\\\/tr\\\/produit\\\/helal-kuzu-gogsu-kuzu-kaburga\\\/#breadcrumb\",\"itemListElement\":[{\"@type\":\"ListItem\",\"position\":1,\"name\":\"Accueil\",\"item\":\"https:\\\/\\\/hakmarfrance.online\\\/tr\\\/\"},{\"@type\":\"ListItem\",\"position\":2,\"name\":\"Ma\u011faza\",\"item\":\"https:\\\/\\\/hakmarfrance.online\\\/tr\\\/magaza\\\/\"},{\"@type\":\"ListItem\",\"position\":3,\"name\":\"Helal Kuzu G\u00f6\u011fs\u00fc \u2013 Kuzu Kaburga\"}]},{\"@type\":\"WebSite\",\"@id\":\"https:\\\/\\\/hakmarfrance.online\\\/tr\\\/#website\",\"url\":\"https:\\\/\\\/hakmarfrance.online\\\/tr\\\/\",\"name\":\"hakmarfrance.online\",\"description\":\"\",\"publisher\":{\"@id\":\"https:\\\/\\\/hakmarfrance.online\\\/tr\\\/#organization\"},\"potentialAction\":[{\"@type\":\"SearchAction\",\"target\":{\"@type\":\"EntryPoint\",\"urlTemplate\":\"https:\\\/\\\/hakmarfrance.online\\\/tr\\\/?s={search_term_string}\"},\"query-input\":{\"@type\":\"PropertyValueSpecification\",\"valueRequired\":true,\"valueName\":\"search_term_string\"}}],\"inLanguage\":\"tr-TR\"},{\"@type\":\"Organization\",\"@id\":\"https:\\\/\\\/hakmarfrance.online\\\/tr\\\/#organization\",\"name\":\"hakmarfrance.online\",\"url\":\"https:\\\/\\\/hakmarfrance.online\\\/tr\\\/\",\"logo\":{\"@type\":\"ImageObject\",\"inLanguage\":\"tr-TR\",\"@id\":\"https:\\\/\\\/hakmarfrance.online\\\/tr\\\/#\\\/schema\\\/logo\\\/image\\\/\",\"url\":\"https:\\\/\\\/hakmarfrance.online\\\/wp-content\\\/uploads\\\/2025\\\/06\\\/logo-hakmarfrance.png\",\"contentUrl\":\"https:\\\/\\\/hakmarfrance.online\\\/wp-content\\\/uploads\\\/2025\\\/06\\\/logo-hakmarfrance.png\",\"width\":528,\"height\":232,\"caption\":\"hakmarfrance.online\"},\"image\":{\"@id\":\"https:\\\/\\\/hakmarfrance.online\\\/tr\\\/#\\\/schema\\\/logo\\\/image\\\/\"},\"sameAs\":[\"https:\\\/\\\/www.facebook.com\\\/HakmarFranceSupermarche\\\/?locale=fr_FR\",\"https:\\\/\\\/www.instagram.com\\\/hakmarfrancesupermarche\\\/\"]}]}<\/script>\n<!-- \/ Yoast SEO plugin. -->","yoast_head_json":{"title":"Helal Kuzu G\u00f6\u011fs\u00fc \u2013 Kuzu Kaburga - hakmarfrance.online","robots":{"index":"index","follow":"follow","max-snippet":"max-snippet:-1","max-image-preview":"max-image-preview:large","max-video-preview":"max-video-preview:-1"},"canonical":"https:\/\/hakmarfrance.online\/tr\/produit\/helal-kuzu-gogsu-kuzu-kaburga\/","og_locale":"tr_TR","og_type":"article","og_title":"Helal Kuzu G\u00f6\u011fs\u00fc \u2013 Kuzu Kaburga - hakmarfrance.online","og_description":"Gelenekle bulu\u015f: \u00f6zenle kesilmi\u015f helal kuzu kaburgalar\u0131m\u0131z (kuzu kaburga), yava\u015f pi\u015firme veya \u0131zgara ile t\u00fcm potansiyelini ortaya \u00e7\u0131kar\u0131yor. Bu yumu\u015fak ve lezzetli par\u00e7a, g\u00fcve\u00e7 yemeklerin, yaz barbek\u00fclerin veya f\u0131r\u0131n tariflerinin i\u00e7in ideal. Et ve ya\u011f aras\u0131ndaki m\u00fckemmel oran\u0131 sayesinde sulu bir pi\u015firme ve Do\u011fu ile Akdeniz mutfaklar\u0131nda sevilen otantik bir lezzet garanti ediyor. \ud83d\udd25 M\u00fckemmel kullan\u0131m alanlar\u0131: barbek\u00fc, f\u0131r\u0131n, g\u00fcve\u00e7 veya sebze ve baharatlarla yava\u015f pi\u015firme. \u27a4 %100 Helal Et \u2013 taze kesilmi\u015f\u27a4 Serin yerde saklanmal\u0131 veya dondurulmal\u0131 \ud83d\ude9a Mulhouse ve \u00e7evresine yerel teslimat \u2013 kap\u0131na kadar tazelik garantisi. \ud83d\udc49 Reyonumuzdaki etler kilogram baz\u0131nda sat\u0131lmaktad\u0131r.","og_url":"https:\/\/hakmarfrance.online\/tr\/produit\/helal-kuzu-gogsu-kuzu-kaburga\/","og_site_name":"hakmarfrance.online","article_publisher":"https:\/\/www.facebook.com\/HakmarFranceSupermarche\/?locale=fr_FR","og_image":[{"width":1000,"height":800,"url":"https:\/\/hakmarfrance.online\/wp-content\/uploads\/2025\/06\/cotes-dagneau-kuzu-kaburga-halal-1-1.png","type":"image\/png"}],"twitter_card":"summary_large_image","schema":{"@context":"https:\/\/schema.org","@graph":[{"@type":"WebPage","@id":"https:\/\/hakmarfrance.online\/tr\/produit\/helal-kuzu-gogsu-kuzu-kaburga\/","url":"https:\/\/hakmarfrance.online\/tr\/produit\/helal-kuzu-gogsu-kuzu-kaburga\/","name":"Helal Kuzu G\u00f6\u011fs\u00fc \u2013 Kuzu Kaburga - hakmarfrance.online","isPartOf":{"@id":"https:\/\/hakmarfrance.online\/tr\/#website"},"primaryImageOfPage":{"@id":"https:\/\/hakmarfrance.online\/tr\/produit\/helal-kuzu-gogsu-kuzu-kaburga\/#primaryimage"},"image":{"@id":"https:\/\/hakmarfrance.online\/tr\/produit\/helal-kuzu-gogsu-kuzu-kaburga\/#primaryimage"},"thumbnailUrl":"https:\/\/hakmarfrance.online\/wp-content\/uploads\/2025\/06\/cotes-dagneau-kuzu-kaburga-halal-1-1.png","datePublished":"2025-06-13T10:56:51+00:00","breadcrumb":{"@id":"https:\/\/hakmarfrance.online\/tr\/produit\/helal-kuzu-gogsu-kuzu-kaburga\/#breadcrumb"},"inLanguage":"tr-TR","potentialAction":[{"@type":"ReadAction","target":["https:\/\/hakmarfrance.online\/tr\/produit\/helal-kuzu-gogsu-kuzu-kaburga\/"]}]},{"@type":"ImageObject","inLanguage":"tr-TR","@id":"https:\/\/hakmarfrance.online\/tr\/produit\/helal-kuzu-gogsu-kuzu-kaburga\/#primaryimage","url":"https:\/\/hakmarfrance.online\/wp-content\/uploads\/2025\/06\/cotes-dagneau-kuzu-kaburga-halal-1-1.png","contentUrl":"https:\/\/hakmarfrance.online\/wp-content\/uploads\/2025\/06\/cotes-dagneau-kuzu-kaburga-halal-1-1.png","width":1000,"height":800},{"@type":"BreadcrumbList","@id":"https:\/\/hakmarfrance.online\/tr\/produit\/helal-kuzu-gogsu-kuzu-kaburga\/#breadcrumb","itemListElement":[{"@type":"ListItem","position":1,"name":"Accueil","item":"https:\/\/hakmarfrance.online\/tr\/"},{"@type":"ListItem","position":2,"name":"Ma\u011faza","item":"https:\/\/hakmarfrance.online\/tr\/magaza\/"},{"@type":"ListItem","position":3,"name":"Helal Kuzu G\u00f6\u011fs\u00fc \u2013 Kuzu Kaburga"}]},{"@type":"WebSite","@id":"https:\/\/hakmarfrance.online\/tr\/#website","url":"https:\/\/hakmarfrance.online\/tr\/","name":"hakmarfrance.online","description":"","publisher":{"@id":"https:\/\/hakmarfrance.online\/tr\/#organization"},"potentialAction":[{"@type":"SearchAction","target":{"@type":"EntryPoint","urlTemplate":"https:\/\/hakmarfrance.online\/tr\/?s={search_term_string}"},"query-input":{"@type":"PropertyValueSpecification","valueRequired":true,"valueName":"search_term_string"}}],"inLanguage":"tr-TR"},{"@type":"Organization","@id":"https:\/\/hakmarfrance.online\/tr\/#organization","name":"hakmarfrance.online","url":"https:\/\/hakmarfrance.online\/tr\/","logo":{"@type":"ImageObject","inLanguage":"tr-TR","@id":"https:\/\/hakmarfrance.online\/tr\/#\/schema\/logo\/image\/","url":"https:\/\/hakmarfrance.online\/wp-content\/uploads\/2025\/06\/logo-hakmarfrance.png","contentUrl":"https:\/\/hakmarfrance.online\/wp-content\/uploads\/2025\/06\/logo-hakmarfrance.png","width":528,"height":232,"caption":"hakmarfrance.online"},"image":{"@id":"https:\/\/hakmarfrance.online\/tr\/#\/schema\/logo\/image\/"},"sameAs":["https:\/\/www.facebook.com\/HakmarFranceSupermarche\/?locale=fr_FR","https:\/\/www.instagram.com\/hakmarfrancesupermarche\/"]}]}},"_links":{"self":[{"href":"https:\/\/hakmarfrance.online\/tr\/wp-json\/wp\/v2\/product\/18163","targetHints":{"allow":["GET"]}}],"collection":[{"href":"https:\/\/hakmarfrance.online\/tr\/wp-json\/wp\/v2\/product"}],"about":[{"href":"https:\/\/hakmarfrance.online\/tr\/wp-json\/wp\/v2\/types\/product"}],"replies":[{"embeddable":true,"href":"https:\/\/hakmarfrance.online\/tr\/wp-json\/wp\/v2\/comments?post=18163"}],"version-history":[{"count":0,"href":"https:\/\/hakmarfrance.online\/tr\/wp-json\/wp\/v2\/product\/18163\/revisions"}],"wp:featuredmedia":[{"embeddable":true,"href":"https:\/\/hakmarfrance.online\/tr\/wp-json\/wp\/v2\/media\/18166"}],"wp:attachment":[{"href":"https:\/\/hakmarfrance.online\/tr\/wp-json\/wp\/v2\/media?parent=18163"}],"wp:term":[{"taxonomy":"product_brand","embeddable":true,"href":"https:\/\/hakmarfrance.online\/tr\/wp-json\/wp\/v2\/product_brand?post=18163"},{"taxonomy":"product_cat","embeddable":true,"href":"https:\/\/hakmarfrance.online\/tr\/wp-json\/wp\/v2\/product_cat?post=18163"},{"taxonomy":"product_tag","embeddable":true,"href":"https:\/\/hakmarfrance.online\/tr\/wp-json\/wp\/v2\/product_tag?post=18163"}],"curies":[{"name":"wp","href":"https:\/\/api.w.org\/{rel}","templated":true}]}}