{"id":18167,"date":"2025-06-13T10:59:21","date_gmt":"2025-06-13T10:59:21","guid":{"rendered":"https:\/\/hakmarfrance.online\/produit\/helal-tavuk-budu\/"},"modified":"2025-06-13T10:59:21","modified_gmt":"2025-06-13T10:59:21","slug":"helal-tavuk-budu","status":"publish","type":"product","link":"https:\/\/hakmarfrance.online\/tr\/produit\/helal-tavuk-budu\/","title":{"rendered":"Helal Tavuk Budu"},"content":{"rendered":"","protected":false},"excerpt":{"rendered":"<p data-start=\"396\" data-end=\"632\"><strong data-start=\"400\" data-end=\"427\">Helal tavuk budu<\/strong> yumu\u015fak ve lezzetli bir par\u00e7a olup, yava\u015f pi\u015firme veya f\u0131r\u0131nda pi\u015firme i\u00e7in m\u00fckemmeldir. Pi\u015firme sonras\u0131 alt\u0131n sar\u0131s\u0131 ve \u00e7\u0131t\u0131r \u00e7\u0131t\u0131r olan derisi, geleneksel yemeklerin i\u00e7in ideal olan yumu\u015fak ve sulu bir et ortaya \u00e7\u0131kar\u0131r. <\/p>\n<p data-start=\"634\" data-end=\"796\">Otlar ve baharatlarla kavurup pi\u015firsen ya da sosla ha\u015flasan, helal tavuk budu aile yemeklerin i\u00e7in g\u00fcvenilir bir se\u00e7imdir.<\/p>\n<p data-start=\"798\" data-end=\"972\">\ud83d\udc68\u200d\ud83c\udf73 \u0130pucu: Daha da lezzetli budlar i\u00e7in do\u011fu baharatlar\u0131yla marine et ve pi\u015firmeden \u00f6nce buzdolab\u0131nda 1-2 saat beklet.<\/p>\n<p data-start=\"974\" data-end=\"1151\">\u27a4 <strong data-start=\"976\" data-end=\"1029\">%100 Helal Et \u2013 Pi\u015firmeye veya dondurmaya haz\u0131r<\/strong><br data-start=\"1097\" data-end=\"1100\">\u27a4 Optimum tazelik i\u00e7in vakum paketlenmi\u015f<\/p>\n<p data-start=\"1153\" data-end=\"1235\">\ud83d\ude9a <strong data-start=\"1188\" data-end=\"1213\">Mulhouse ve \u00e7evresine<\/strong> h\u0131zl\u0131 eve teslimat \u2013 tazelik garantili.<\/p>\n","protected":false},"featured_media":18546,"comment_status":"open","ping_status":"closed","template":"","meta":{"iawp_total_views":2},"product_brand":[],"product_cat":[283,296,297,287,225],"product_tag":[],"class_list":{"0":"post-18167","1":"product","2":"type-product","3":"status-publish","4":"has-post-thumbnail","6":"product_cat-et-balik-sarkuteri","7":"product_cat-helal-kasap","8":"product_cat-taze-etler-dana-kuzu-tavuk","9":"product_cat-taze-urunler-sut-urunleri-mandira","10":"product_cat-tum-urunlerimiz","12":"first","13":"instock","14":"featured","15":"shipping-taxable","16":"purchasable","17":"product-type-simple"},"yoast_head":"<!-- This site is optimized with the Yoast SEO plugin v27.3 - https:\/\/yoast.com\/product\/yoast-seo-wordpress\/ -->\n<title>Helal Tavuk Budu - hakmarfrance.online<\/title>\n<meta name=\"robots\" content=\"index, follow, max-snippet:-1, max-image-preview:large, max-video-preview:-1\" \/>\n<link rel=\"canonical\" href=\"https:\/\/hakmarfrance.online\/tr\/produit\/helal-tavuk-budu\/\" \/>\n<meta property=\"og:locale\" content=\"tr_TR\" \/>\n<meta property=\"og:type\" content=\"article\" \/>\n<meta property=\"og:title\" content=\"Helal Tavuk Budu - hakmarfrance.online\" \/>\n<meta property=\"og:description\" content=\"Helal tavuk budu yumu\u015fak ve lezzetli bir par\u00e7a olup, yava\u015f pi\u015firme veya f\u0131r\u0131nda pi\u015firme i\u00e7in m\u00fckemmeldir. Pi\u015firme sonras\u0131 alt\u0131n sar\u0131s\u0131 ve \u00e7\u0131t\u0131r \u00e7\u0131t\u0131r olan derisi, geleneksel yemeklerin i\u00e7in ideal olan yumu\u015fak ve sulu bir et ortaya \u00e7\u0131kar\u0131r. Otlar ve baharatlarla kavurup pi\u015firsen ya da sosla ha\u015flasan, helal tavuk budu aile yemeklerin i\u00e7in g\u00fcvenilir bir se\u00e7imdir. \ud83d\udc68\u200d\ud83c\udf73 \u0130pucu: Daha da lezzetli budlar i\u00e7in do\u011fu baharatlar\u0131yla marine et ve pi\u015firmeden \u00f6nce buzdolab\u0131nda 1-2 saat beklet. \u27a4 %100 Helal Et \u2013 Pi\u015firmeye veya dondurmaya haz\u0131r\u27a4 Optimum tazelik i\u00e7in vakum paketlenmi\u015f \ud83d\ude9a Mulhouse ve \u00e7evresine h\u0131zl\u0131 eve teslimat \u2013 tazelik garantili.\" \/>\n<meta property=\"og:url\" content=\"https:\/\/hakmarfrance.online\/tr\/produit\/helal-tavuk-budu\/\" \/>\n<meta property=\"og:site_name\" content=\"hakmarfrance.online\" \/>\n<meta property=\"article:publisher\" content=\"https:\/\/www.facebook.com\/HakmarFranceSupermarche\/?locale=fr_FR\" \/>\n<meta property=\"og:image\" content=\"https:\/\/hakmarfrance.online\/wp-content\/uploads\/2025\/06\/cuisse-poulet.jpg\" \/>\n\t<meta property=\"og:image:width\" content=\"708\" \/>\n\t<meta property=\"og:image:height\" content=\"465\" \/>\n\t<meta property=\"og:image:type\" content=\"image\/jpeg\" \/>\n<meta name=\"twitter:card\" content=\"summary_large_image\" \/>\n<script type=\"application\/ld+json\" class=\"yoast-schema-graph\">{\"@context\":\"https:\\\/\\\/schema.org\",\"@graph\":[{\"@type\":\"WebPage\",\"@id\":\"https:\\\/\\\/hakmarfrance.online\\\/tr\\\/produit\\\/helal-tavuk-budu\\\/\",\"url\":\"https:\\\/\\\/hakmarfrance.online\\\/tr\\\/produit\\\/helal-tavuk-budu\\\/\",\"name\":\"Helal Tavuk Budu - hakmarfrance.online\",\"isPartOf\":{\"@id\":\"https:\\\/\\\/hakmarfrance.online\\\/tr\\\/#website\"},\"primaryImageOfPage\":{\"@id\":\"https:\\\/\\\/hakmarfrance.online\\\/tr\\\/produit\\\/helal-tavuk-budu\\\/#primaryimage\"},\"image\":{\"@id\":\"https:\\\/\\\/hakmarfrance.online\\\/tr\\\/produit\\\/helal-tavuk-budu\\\/#primaryimage\"},\"thumbnailUrl\":\"https:\\\/\\\/hakmarfrance.online\\\/wp-content\\\/uploads\\\/2025\\\/06\\\/cuisse-poulet.jpg\",\"datePublished\":\"2025-06-13T10:59:21+00:00\",\"breadcrumb\":{\"@id\":\"https:\\\/\\\/hakmarfrance.online\\\/tr\\\/produit\\\/helal-tavuk-budu\\\/#breadcrumb\"},\"inLanguage\":\"tr-TR\",\"potentialAction\":[{\"@type\":\"ReadAction\",\"target\":[\"https:\\\/\\\/hakmarfrance.online\\\/tr\\\/produit\\\/helal-tavuk-budu\\\/\"]}]},{\"@type\":\"ImageObject\",\"inLanguage\":\"tr-TR\",\"@id\":\"https:\\\/\\\/hakmarfrance.online\\\/tr\\\/produit\\\/helal-tavuk-budu\\\/#primaryimage\",\"url\":\"https:\\\/\\\/hakmarfrance.online\\\/wp-content\\\/uploads\\\/2025\\\/06\\\/cuisse-poulet.jpg\",\"contentUrl\":\"https:\\\/\\\/hakmarfrance.online\\\/wp-content\\\/uploads\\\/2025\\\/06\\\/cuisse-poulet.jpg\",\"width\":708,\"height\":465},{\"@type\":\"BreadcrumbList\",\"@id\":\"https:\\\/\\\/hakmarfrance.online\\\/tr\\\/produit\\\/helal-tavuk-budu\\\/#breadcrumb\",\"itemListElement\":[{\"@type\":\"ListItem\",\"position\":1,\"name\":\"Accueil\",\"item\":\"https:\\\/\\\/hakmarfrance.online\\\/tr\\\/\"},{\"@type\":\"ListItem\",\"position\":2,\"name\":\"Ma\u011faza\",\"item\":\"https:\\\/\\\/hakmarfrance.online\\\/tr\\\/magaza\\\/\"},{\"@type\":\"ListItem\",\"position\":3,\"name\":\"Helal Tavuk Budu\"}]},{\"@type\":\"WebSite\",\"@id\":\"https:\\\/\\\/hakmarfrance.online\\\/tr\\\/#website\",\"url\":\"https:\\\/\\\/hakmarfrance.online\\\/tr\\\/\",\"name\":\"hakmarfrance.online\",\"description\":\"\",\"publisher\":{\"@id\":\"https:\\\/\\\/hakmarfrance.online\\\/tr\\\/#organization\"},\"potentialAction\":[{\"@type\":\"SearchAction\",\"target\":{\"@type\":\"EntryPoint\",\"urlTemplate\":\"https:\\\/\\\/hakmarfrance.online\\\/tr\\\/?s={search_term_string}\"},\"query-input\":{\"@type\":\"PropertyValueSpecification\",\"valueRequired\":true,\"valueName\":\"search_term_string\"}}],\"inLanguage\":\"tr-TR\"},{\"@type\":\"Organization\",\"@id\":\"https:\\\/\\\/hakmarfrance.online\\\/tr\\\/#organization\",\"name\":\"hakmarfrance.online\",\"url\":\"https:\\\/\\\/hakmarfrance.online\\\/tr\\\/\",\"logo\":{\"@type\":\"ImageObject\",\"inLanguage\":\"tr-TR\",\"@id\":\"https:\\\/\\\/hakmarfrance.online\\\/tr\\\/#\\\/schema\\\/logo\\\/image\\\/\",\"url\":\"https:\\\/\\\/hakmarfrance.online\\\/wp-content\\\/uploads\\\/2025\\\/06\\\/logo-hakmarfrance.png\",\"contentUrl\":\"https:\\\/\\\/hakmarfrance.online\\\/wp-content\\\/uploads\\\/2025\\\/06\\\/logo-hakmarfrance.png\",\"width\":528,\"height\":232,\"caption\":\"hakmarfrance.online\"},\"image\":{\"@id\":\"https:\\\/\\\/hakmarfrance.online\\\/tr\\\/#\\\/schema\\\/logo\\\/image\\\/\"},\"sameAs\":[\"https:\\\/\\\/www.facebook.com\\\/HakmarFranceSupermarche\\\/?locale=fr_FR\",\"https:\\\/\\\/www.instagram.com\\\/hakmarfrancesupermarche\\\/\"]}]}<\/script>\n<!-- \/ Yoast SEO plugin. -->","yoast_head_json":{"title":"Helal Tavuk Budu - hakmarfrance.online","robots":{"index":"index","follow":"follow","max-snippet":"max-snippet:-1","max-image-preview":"max-image-preview:large","max-video-preview":"max-video-preview:-1"},"canonical":"https:\/\/hakmarfrance.online\/tr\/produit\/helal-tavuk-budu\/","og_locale":"tr_TR","og_type":"article","og_title":"Helal Tavuk Budu - hakmarfrance.online","og_description":"Helal tavuk budu yumu\u015fak ve lezzetli bir par\u00e7a olup, yava\u015f pi\u015firme veya f\u0131r\u0131nda pi\u015firme i\u00e7in m\u00fckemmeldir. Pi\u015firme sonras\u0131 alt\u0131n sar\u0131s\u0131 ve \u00e7\u0131t\u0131r \u00e7\u0131t\u0131r olan derisi, geleneksel yemeklerin i\u00e7in ideal olan yumu\u015fak ve sulu bir et ortaya \u00e7\u0131kar\u0131r. Otlar ve baharatlarla kavurup pi\u015firsen ya da sosla ha\u015flasan, helal tavuk budu aile yemeklerin i\u00e7in g\u00fcvenilir bir se\u00e7imdir. \ud83d\udc68\u200d\ud83c\udf73 \u0130pucu: Daha da lezzetli budlar i\u00e7in do\u011fu baharatlar\u0131yla marine et ve pi\u015firmeden \u00f6nce buzdolab\u0131nda 1-2 saat beklet. \u27a4 %100 Helal Et \u2013 Pi\u015firmeye veya dondurmaya haz\u0131r\u27a4 Optimum tazelik i\u00e7in vakum paketlenmi\u015f \ud83d\ude9a Mulhouse ve \u00e7evresine h\u0131zl\u0131 eve teslimat \u2013 tazelik garantili.","og_url":"https:\/\/hakmarfrance.online\/tr\/produit\/helal-tavuk-budu\/","og_site_name":"hakmarfrance.online","article_publisher":"https:\/\/www.facebook.com\/HakmarFranceSupermarche\/?locale=fr_FR","og_image":[{"width":708,"height":465,"url":"https:\/\/hakmarfrance.online\/wp-content\/uploads\/2025\/06\/cuisse-poulet.jpg","type":"image\/jpeg"}],"twitter_card":"summary_large_image","schema":{"@context":"https:\/\/schema.org","@graph":[{"@type":"WebPage","@id":"https:\/\/hakmarfrance.online\/tr\/produit\/helal-tavuk-budu\/","url":"https:\/\/hakmarfrance.online\/tr\/produit\/helal-tavuk-budu\/","name":"Helal Tavuk Budu - hakmarfrance.online","isPartOf":{"@id":"https:\/\/hakmarfrance.online\/tr\/#website"},"primaryImageOfPage":{"@id":"https:\/\/hakmarfrance.online\/tr\/produit\/helal-tavuk-budu\/#primaryimage"},"image":{"@id":"https:\/\/hakmarfrance.online\/tr\/produit\/helal-tavuk-budu\/#primaryimage"},"thumbnailUrl":"https:\/\/hakmarfrance.online\/wp-content\/uploads\/2025\/06\/cuisse-poulet.jpg","datePublished":"2025-06-13T10:59:21+00:00","breadcrumb":{"@id":"https:\/\/hakmarfrance.online\/tr\/produit\/helal-tavuk-budu\/#breadcrumb"},"inLanguage":"tr-TR","potentialAction":[{"@type":"ReadAction","target":["https:\/\/hakmarfrance.online\/tr\/produit\/helal-tavuk-budu\/"]}]},{"@type":"ImageObject","inLanguage":"tr-TR","@id":"https:\/\/hakmarfrance.online\/tr\/produit\/helal-tavuk-budu\/#primaryimage","url":"https:\/\/hakmarfrance.online\/wp-content\/uploads\/2025\/06\/cuisse-poulet.jpg","contentUrl":"https:\/\/hakmarfrance.online\/wp-content\/uploads\/2025\/06\/cuisse-poulet.jpg","width":708,"height":465},{"@type":"BreadcrumbList","@id":"https:\/\/hakmarfrance.online\/tr\/produit\/helal-tavuk-budu\/#breadcrumb","itemListElement":[{"@type":"ListItem","position":1,"name":"Accueil","item":"https:\/\/hakmarfrance.online\/tr\/"},{"@type":"ListItem","position":2,"name":"Ma\u011faza","item":"https:\/\/hakmarfrance.online\/tr\/magaza\/"},{"@type":"ListItem","position":3,"name":"Helal Tavuk Budu"}]},{"@type":"WebSite","@id":"https:\/\/hakmarfrance.online\/tr\/#website","url":"https:\/\/hakmarfrance.online\/tr\/","name":"hakmarfrance.online","description":"","publisher":{"@id":"https:\/\/hakmarfrance.online\/tr\/#organization"},"potentialAction":[{"@type":"SearchAction","target":{"@type":"EntryPoint","urlTemplate":"https:\/\/hakmarfrance.online\/tr\/?s={search_term_string}"},"query-input":{"@type":"PropertyValueSpecification","valueRequired":true,"valueName":"search_term_string"}}],"inLanguage":"tr-TR"},{"@type":"Organization","@id":"https:\/\/hakmarfrance.online\/tr\/#organization","name":"hakmarfrance.online","url":"https:\/\/hakmarfrance.online\/tr\/","logo":{"@type":"ImageObject","inLanguage":"tr-TR","@id":"https:\/\/hakmarfrance.online\/tr\/#\/schema\/logo\/image\/","url":"https:\/\/hakmarfrance.online\/wp-content\/uploads\/2025\/06\/logo-hakmarfrance.png","contentUrl":"https:\/\/hakmarfrance.online\/wp-content\/uploads\/2025\/06\/logo-hakmarfrance.png","width":528,"height":232,"caption":"hakmarfrance.online"},"image":{"@id":"https:\/\/hakmarfrance.online\/tr\/#\/schema\/logo\/image\/"},"sameAs":["https:\/\/www.facebook.com\/HakmarFranceSupermarche\/?locale=fr_FR","https:\/\/www.instagram.com\/hakmarfrancesupermarche\/"]}]}},"_links":{"self":[{"href":"https:\/\/hakmarfrance.online\/tr\/wp-json\/wp\/v2\/product\/18167","targetHints":{"allow":["GET"]}}],"collection":[{"href":"https:\/\/hakmarfrance.online\/tr\/wp-json\/wp\/v2\/product"}],"about":[{"href":"https:\/\/hakmarfrance.online\/tr\/wp-json\/wp\/v2\/types\/product"}],"replies":[{"embeddable":true,"href":"https:\/\/hakmarfrance.online\/tr\/wp-json\/wp\/v2\/comments?post=18167"}],"version-history":[{"count":0,"href":"https:\/\/hakmarfrance.online\/tr\/wp-json\/wp\/v2\/product\/18167\/revisions"}],"wp:featuredmedia":[{"embeddable":true,"href":"https:\/\/hakmarfrance.online\/tr\/wp-json\/wp\/v2\/media\/18546"}],"wp:attachment":[{"href":"https:\/\/hakmarfrance.online\/tr\/wp-json\/wp\/v2\/media?parent=18167"}],"wp:term":[{"taxonomy":"product_brand","embeddable":true,"href":"https:\/\/hakmarfrance.online\/tr\/wp-json\/wp\/v2\/product_brand?post=18167"},{"taxonomy":"product_cat","embeddable":true,"href":"https:\/\/hakmarfrance.online\/tr\/wp-json\/wp\/v2\/product_cat?post=18167"},{"taxonomy":"product_tag","embeddable":true,"href":"https:\/\/hakmarfrance.online\/tr\/wp-json\/wp\/v2\/product_tag?post=18167"}],"curies":[{"name":"wp","href":"https:\/\/api.w.org\/{rel}","templated":true}]}}