{"id":18169,"date":"2025-06-11T12:05:15","date_gmt":"2025-06-11T12:05:15","guid":{"rendered":"https:\/\/hakmarfrance.online\/produit\/ulker-cafe-crown-latte-aninda-hazir-cafe-latte-10-paket\/"},"modified":"2025-06-11T12:05:15","modified_gmt":"2025-06-11T12:05:15","slug":"ulker-cafe-crown-latte-aninda-hazir-cafe-latte-10-paket","status":"publish","type":"product","link":"https:\/\/hakmarfrance.online\/tr\/produit\/ulker-cafe-crown-latte-aninda-hazir-cafe-latte-10-paket\/","title":{"rendered":"\u00dclker Cafe Crown Latte \u2013 An\u0131nda Haz\u0131r Caf\u00e9 Latte (10 Paket)"},"content":{"rendered":"<p>\u00dclker Cafe Crown ile kremsi bir latte&#8217;nin yumu\u015fakl\u0131\u011f\u0131n\u0131n tad\u0131n\u0131 \u00e7\u0131kar\u0131n. Bu an\u0131nda haz\u0131r kahve, kahvenin zenginli\u011fini hafif ve k\u00f6p\u00fckl\u00fc bir doku ile birle\u015ftirerek g\u00fcn\u00fcn her an\u0131nda rahatlat\u0131c\u0131 bir an sunar. Her kutuda, ofiste veya evde h\u0131zl\u0131 ve lezzetli bir mola i\u00e7in m\u00fckemmel olan 10 pratik paket bulunur.  <\/p>\n","protected":false},"excerpt":{"rendered":"<p>Birka\u00e7 saniyede haz\u0131r, 10 adet tekli paket halinde kremsi caf\u00e9 latte.<\/p>\n","protected":false},"featured_media":18171,"comment_status":"open","ping_status":"closed","template":"","meta":{"iawp_total_views":0},"product_brand":[165],"product_cat":[228,225,295],"product_tag":[],"class_list":{"0":"post-18169","1":"product","2":"type-product","3":"status-publish","4":"has-post-thumbnail","6":"product_brand-ulker","7":"product_cat-icecekler","8":"product_cat-tum-urunlerimiz","9":"product_cat-turk-cayi-bitki-caylari","11":"first","12":"instock","13":"shipping-taxable","14":"purchasable","15":"product-type-simple"},"yoast_head":"<!-- This site is optimized with the Yoast SEO plugin v27.3 - https:\/\/yoast.com\/product\/yoast-seo-wordpress\/ -->\n<title>\u00dclker Cafe Crown Latte \u2013 An\u0131nda Haz\u0131r Caf\u00e9 Latte (10 Paket) - hakmarfrance.online<\/title>\n<meta name=\"robots\" content=\"index, follow, max-snippet:-1, max-image-preview:large, max-video-preview:-1\" \/>\n<link rel=\"canonical\" href=\"https:\/\/hakmarfrance.online\/tr\/produit\/ulker-cafe-crown-latte-aninda-hazir-cafe-latte-10-paket\/\" \/>\n<meta property=\"og:locale\" content=\"tr_TR\" \/>\n<meta property=\"og:type\" content=\"article\" \/>\n<meta property=\"og:title\" content=\"\u00dclker Cafe Crown Latte \u2013 An\u0131nda Haz\u0131r Caf\u00e9 Latte (10 Paket) - hakmarfrance.online\" \/>\n<meta property=\"og:description\" content=\"Birka\u00e7 saniyede haz\u0131r, 10 adet tekli paket halinde kremsi caf\u00e9 latte.\" \/>\n<meta property=\"og:url\" content=\"https:\/\/hakmarfrance.online\/tr\/produit\/ulker-cafe-crown-latte-aninda-hazir-cafe-latte-10-paket\/\" \/>\n<meta property=\"og:site_name\" content=\"hakmarfrance.online\" \/>\n<meta property=\"article:publisher\" content=\"https:\/\/www.facebook.com\/HakmarFranceSupermarche\/?locale=fr_FR\" \/>\n<meta property=\"og:image\" content=\"https:\/\/hakmarfrance.online\/wp-content\/uploads\/2025\/06\/Cafe-Latte-Instantane-\u2013-Ulker-Cafe-Crown-Boite-de-10-Sachets-Individuels.png\" \/>\n\t<meta property=\"og:image:width\" content=\"1000\" \/>\n\t<meta property=\"og:image:height\" content=\"800\" \/>\n\t<meta property=\"og:image:type\" content=\"image\/png\" \/>\n<meta name=\"twitter:card\" content=\"summary_large_image\" \/>\n<script type=\"application\/ld+json\" class=\"yoast-schema-graph\">{\"@context\":\"https:\\\/\\\/schema.org\",\"@graph\":[{\"@type\":\"WebPage\",\"@id\":\"https:\\\/\\\/hakmarfrance.online\\\/tr\\\/produit\\\/ulker-cafe-crown-latte-aninda-hazir-cafe-latte-10-paket\\\/\",\"url\":\"https:\\\/\\\/hakmarfrance.online\\\/tr\\\/produit\\\/ulker-cafe-crown-latte-aninda-hazir-cafe-latte-10-paket\\\/\",\"name\":\"\u00dclker Cafe Crown Latte \u2013 An\u0131nda Haz\u0131r Caf\u00e9 Latte (10 Paket) - hakmarfrance.online\",\"isPartOf\":{\"@id\":\"https:\\\/\\\/hakmarfrance.online\\\/tr\\\/#website\"},\"primaryImageOfPage\":{\"@id\":\"https:\\\/\\\/hakmarfrance.online\\\/tr\\\/produit\\\/ulker-cafe-crown-latte-aninda-hazir-cafe-latte-10-paket\\\/#primaryimage\"},\"image\":{\"@id\":\"https:\\\/\\\/hakmarfrance.online\\\/tr\\\/produit\\\/ulker-cafe-crown-latte-aninda-hazir-cafe-latte-10-paket\\\/#primaryimage\"},\"thumbnailUrl\":\"https:\\\/\\\/hakmarfrance.online\\\/wp-content\\\/uploads\\\/2025\\\/06\\\/Cafe-Latte-Instantane-\u2013-Ulker-Cafe-Crown-Boite-de-10-Sachets-Individuels.png\",\"datePublished\":\"2025-06-11T12:05:15+00:00\",\"breadcrumb\":{\"@id\":\"https:\\\/\\\/hakmarfrance.online\\\/tr\\\/produit\\\/ulker-cafe-crown-latte-aninda-hazir-cafe-latte-10-paket\\\/#breadcrumb\"},\"inLanguage\":\"tr-TR\",\"potentialAction\":[{\"@type\":\"ReadAction\",\"target\":[\"https:\\\/\\\/hakmarfrance.online\\\/tr\\\/produit\\\/ulker-cafe-crown-latte-aninda-hazir-cafe-latte-10-paket\\\/\"]}]},{\"@type\":\"ImageObject\",\"inLanguage\":\"tr-TR\",\"@id\":\"https:\\\/\\\/hakmarfrance.online\\\/tr\\\/produit\\\/ulker-cafe-crown-latte-aninda-hazir-cafe-latte-10-paket\\\/#primaryimage\",\"url\":\"https:\\\/\\\/hakmarfrance.online\\\/wp-content\\\/uploads\\\/2025\\\/06\\\/Cafe-Latte-Instantane-\u2013-Ulker-Cafe-Crown-Boite-de-10-Sachets-Individuels.png\",\"contentUrl\":\"https:\\\/\\\/hakmarfrance.online\\\/wp-content\\\/uploads\\\/2025\\\/06\\\/Cafe-Latte-Instantane-\u2013-Ulker-Cafe-Crown-Boite-de-10-Sachets-Individuels.png\",\"width\":1000,\"height\":800},{\"@type\":\"BreadcrumbList\",\"@id\":\"https:\\\/\\\/hakmarfrance.online\\\/tr\\\/produit\\\/ulker-cafe-crown-latte-aninda-hazir-cafe-latte-10-paket\\\/#breadcrumb\",\"itemListElement\":[{\"@type\":\"ListItem\",\"position\":1,\"name\":\"Accueil\",\"item\":\"https:\\\/\\\/hakmarfrance.online\\\/tr\\\/\"},{\"@type\":\"ListItem\",\"position\":2,\"name\":\"Ma\u011faza\",\"item\":\"https:\\\/\\\/hakmarfrance.online\\\/tr\\\/magaza\\\/\"},{\"@type\":\"ListItem\",\"position\":3,\"name\":\"\u00dclker Cafe Crown Latte \u2013 An\u0131nda Haz\u0131r Caf\u00e9 Latte (10 Paket)\"}]},{\"@type\":\"WebSite\",\"@id\":\"https:\\\/\\\/hakmarfrance.online\\\/tr\\\/#website\",\"url\":\"https:\\\/\\\/hakmarfrance.online\\\/tr\\\/\",\"name\":\"hakmarfrance.online\",\"description\":\"\",\"publisher\":{\"@id\":\"https:\\\/\\\/hakmarfrance.online\\\/tr\\\/#organization\"},\"potentialAction\":[{\"@type\":\"SearchAction\",\"target\":{\"@type\":\"EntryPoint\",\"urlTemplate\":\"https:\\\/\\\/hakmarfrance.online\\\/tr\\\/?s={search_term_string}\"},\"query-input\":{\"@type\":\"PropertyValueSpecification\",\"valueRequired\":true,\"valueName\":\"search_term_string\"}}],\"inLanguage\":\"tr-TR\"},{\"@type\":\"Organization\",\"@id\":\"https:\\\/\\\/hakmarfrance.online\\\/tr\\\/#organization\",\"name\":\"hakmarfrance.online\",\"url\":\"https:\\\/\\\/hakmarfrance.online\\\/tr\\\/\",\"logo\":{\"@type\":\"ImageObject\",\"inLanguage\":\"tr-TR\",\"@id\":\"https:\\\/\\\/hakmarfrance.online\\\/tr\\\/#\\\/schema\\\/logo\\\/image\\\/\",\"url\":\"https:\\\/\\\/hakmarfrance.online\\\/wp-content\\\/uploads\\\/2025\\\/06\\\/logo-hakmarfrance.png\",\"contentUrl\":\"https:\\\/\\\/hakmarfrance.online\\\/wp-content\\\/uploads\\\/2025\\\/06\\\/logo-hakmarfrance.png\",\"width\":528,\"height\":232,\"caption\":\"hakmarfrance.online\"},\"image\":{\"@id\":\"https:\\\/\\\/hakmarfrance.online\\\/tr\\\/#\\\/schema\\\/logo\\\/image\\\/\"},\"sameAs\":[\"https:\\\/\\\/www.facebook.com\\\/HakmarFranceSupermarche\\\/?locale=fr_FR\",\"https:\\\/\\\/www.instagram.com\\\/hakmarfrancesupermarche\\\/\"]}]}<\/script>\n<!-- \/ Yoast SEO plugin. -->","yoast_head_json":{"title":"\u00dclker Cafe Crown Latte \u2013 An\u0131nda Haz\u0131r Caf\u00e9 Latte (10 Paket) - hakmarfrance.online","robots":{"index":"index","follow":"follow","max-snippet":"max-snippet:-1","max-image-preview":"max-image-preview:large","max-video-preview":"max-video-preview:-1"},"canonical":"https:\/\/hakmarfrance.online\/tr\/produit\/ulker-cafe-crown-latte-aninda-hazir-cafe-latte-10-paket\/","og_locale":"tr_TR","og_type":"article","og_title":"\u00dclker Cafe Crown Latte \u2013 An\u0131nda Haz\u0131r Caf\u00e9 Latte (10 Paket) - hakmarfrance.online","og_description":"Birka\u00e7 saniyede haz\u0131r, 10 adet tekli paket halinde kremsi caf\u00e9 latte.","og_url":"https:\/\/hakmarfrance.online\/tr\/produit\/ulker-cafe-crown-latte-aninda-hazir-cafe-latte-10-paket\/","og_site_name":"hakmarfrance.online","article_publisher":"https:\/\/www.facebook.com\/HakmarFranceSupermarche\/?locale=fr_FR","og_image":[{"width":1000,"height":800,"url":"https:\/\/hakmarfrance.online\/wp-content\/uploads\/2025\/06\/Cafe-Latte-Instantane-\u2013-Ulker-Cafe-Crown-Boite-de-10-Sachets-Individuels.png","type":"image\/png"}],"twitter_card":"summary_large_image","schema":{"@context":"https:\/\/schema.org","@graph":[{"@type":"WebPage","@id":"https:\/\/hakmarfrance.online\/tr\/produit\/ulker-cafe-crown-latte-aninda-hazir-cafe-latte-10-paket\/","url":"https:\/\/hakmarfrance.online\/tr\/produit\/ulker-cafe-crown-latte-aninda-hazir-cafe-latte-10-paket\/","name":"\u00dclker Cafe Crown Latte \u2013 An\u0131nda Haz\u0131r Caf\u00e9 Latte (10 Paket) - hakmarfrance.online","isPartOf":{"@id":"https:\/\/hakmarfrance.online\/tr\/#website"},"primaryImageOfPage":{"@id":"https:\/\/hakmarfrance.online\/tr\/produit\/ulker-cafe-crown-latte-aninda-hazir-cafe-latte-10-paket\/#primaryimage"},"image":{"@id":"https:\/\/hakmarfrance.online\/tr\/produit\/ulker-cafe-crown-latte-aninda-hazir-cafe-latte-10-paket\/#primaryimage"},"thumbnailUrl":"https:\/\/hakmarfrance.online\/wp-content\/uploads\/2025\/06\/Cafe-Latte-Instantane-\u2013-Ulker-Cafe-Crown-Boite-de-10-Sachets-Individuels.png","datePublished":"2025-06-11T12:05:15+00:00","breadcrumb":{"@id":"https:\/\/hakmarfrance.online\/tr\/produit\/ulker-cafe-crown-latte-aninda-hazir-cafe-latte-10-paket\/#breadcrumb"},"inLanguage":"tr-TR","potentialAction":[{"@type":"ReadAction","target":["https:\/\/hakmarfrance.online\/tr\/produit\/ulker-cafe-crown-latte-aninda-hazir-cafe-latte-10-paket\/"]}]},{"@type":"ImageObject","inLanguage":"tr-TR","@id":"https:\/\/hakmarfrance.online\/tr\/produit\/ulker-cafe-crown-latte-aninda-hazir-cafe-latte-10-paket\/#primaryimage","url":"https:\/\/hakmarfrance.online\/wp-content\/uploads\/2025\/06\/Cafe-Latte-Instantane-\u2013-Ulker-Cafe-Crown-Boite-de-10-Sachets-Individuels.png","contentUrl":"https:\/\/hakmarfrance.online\/wp-content\/uploads\/2025\/06\/Cafe-Latte-Instantane-\u2013-Ulker-Cafe-Crown-Boite-de-10-Sachets-Individuels.png","width":1000,"height":800},{"@type":"BreadcrumbList","@id":"https:\/\/hakmarfrance.online\/tr\/produit\/ulker-cafe-crown-latte-aninda-hazir-cafe-latte-10-paket\/#breadcrumb","itemListElement":[{"@type":"ListItem","position":1,"name":"Accueil","item":"https:\/\/hakmarfrance.online\/tr\/"},{"@type":"ListItem","position":2,"name":"Ma\u011faza","item":"https:\/\/hakmarfrance.online\/tr\/magaza\/"},{"@type":"ListItem","position":3,"name":"\u00dclker Cafe Crown Latte \u2013 An\u0131nda Haz\u0131r Caf\u00e9 Latte (10 Paket)"}]},{"@type":"WebSite","@id":"https:\/\/hakmarfrance.online\/tr\/#website","url":"https:\/\/hakmarfrance.online\/tr\/","name":"hakmarfrance.online","description":"","publisher":{"@id":"https:\/\/hakmarfrance.online\/tr\/#organization"},"potentialAction":[{"@type":"SearchAction","target":{"@type":"EntryPoint","urlTemplate":"https:\/\/hakmarfrance.online\/tr\/?s={search_term_string}"},"query-input":{"@type":"PropertyValueSpecification","valueRequired":true,"valueName":"search_term_string"}}],"inLanguage":"tr-TR"},{"@type":"Organization","@id":"https:\/\/hakmarfrance.online\/tr\/#organization","name":"hakmarfrance.online","url":"https:\/\/hakmarfrance.online\/tr\/","logo":{"@type":"ImageObject","inLanguage":"tr-TR","@id":"https:\/\/hakmarfrance.online\/tr\/#\/schema\/logo\/image\/","url":"https:\/\/hakmarfrance.online\/wp-content\/uploads\/2025\/06\/logo-hakmarfrance.png","contentUrl":"https:\/\/hakmarfrance.online\/wp-content\/uploads\/2025\/06\/logo-hakmarfrance.png","width":528,"height":232,"caption":"hakmarfrance.online"},"image":{"@id":"https:\/\/hakmarfrance.online\/tr\/#\/schema\/logo\/image\/"},"sameAs":["https:\/\/www.facebook.com\/HakmarFranceSupermarche\/?locale=fr_FR","https:\/\/www.instagram.com\/hakmarfrancesupermarche\/"]}]}},"_links":{"self":[{"href":"https:\/\/hakmarfrance.online\/tr\/wp-json\/wp\/v2\/product\/18169","targetHints":{"allow":["GET"]}}],"collection":[{"href":"https:\/\/hakmarfrance.online\/tr\/wp-json\/wp\/v2\/product"}],"about":[{"href":"https:\/\/hakmarfrance.online\/tr\/wp-json\/wp\/v2\/types\/product"}],"replies":[{"embeddable":true,"href":"https:\/\/hakmarfrance.online\/tr\/wp-json\/wp\/v2\/comments?post=18169"}],"version-history":[{"count":0,"href":"https:\/\/hakmarfrance.online\/tr\/wp-json\/wp\/v2\/product\/18169\/revisions"}],"wp:featuredmedia":[{"embeddable":true,"href":"https:\/\/hakmarfrance.online\/tr\/wp-json\/wp\/v2\/media\/18171"}],"wp:attachment":[{"href":"https:\/\/hakmarfrance.online\/tr\/wp-json\/wp\/v2\/media?parent=18169"}],"wp:term":[{"taxonomy":"product_brand","embeddable":true,"href":"https:\/\/hakmarfrance.online\/tr\/wp-json\/wp\/v2\/product_brand?post=18169"},{"taxonomy":"product_cat","embeddable":true,"href":"https:\/\/hakmarfrance.online\/tr\/wp-json\/wp\/v2\/product_cat?post=18169"},{"taxonomy":"product_tag","embeddable":true,"href":"https:\/\/hakmarfrance.online\/tr\/wp-json\/wp\/v2\/product_tag?post=18169"}],"curies":[{"name":"wp","href":"https:\/\/api.w.org\/{rel}","templated":true}]}}