{"id":18172,"date":"2025-06-11T12:06:03","date_gmt":"2025-06-11T12:06:03","guid":{"rendered":"https:\/\/hakmarfrance.online\/produit\/franck-jubilarna-ogutulmus-kahve-original-500g\/"},"modified":"2025-06-11T12:06:03","modified_gmt":"2025-06-11T12:06:03","slug":"franck-jubilarna-ogutulmus-kahve-original-500g","status":"publish","type":"product","link":"https:\/\/hakmarfrance.online\/tr\/produit\/franck-jubilarna-ogutulmus-kahve-original-500g\/","title":{"rendered":"Franck Jubilarna \u00d6\u011f\u00fct\u00fclm\u00fc\u015f Kahve Original \u2013 500g"},"content":{"rendered":"<p>Yo\u011fun aromas\u0131 ve m\u00fckemmel dengeli tad\u0131yla tan\u0131nan \u00fcst\u00fcn kaliteli \u00f6\u011f\u00fct\u00fclm\u00fc\u015f kahve Franck Jubilarna&#8217;y\u0131 ke\u015ffet. Geleneksel ustal\u0131kla haz\u0131rlanan bu kahve, sert kahve severleri i\u00e7in ideal olan otantik bir deneyim sunuyor. 500g&#8217;l\u0131k format, g\u00fcnl\u00fck t\u00fcketim i\u00e7in m\u00fckemmel.  <\/p>\n","protected":false},"excerpt":{"rendered":"<p>Yo\u011fun aromas\u0131 ve m\u00fckemmel dengeli tad\u0131yla tan\u0131nan \u00fcst\u00fcn kaliteli \u00f6\u011f\u00fct\u00fclm\u00fc\u015f kahve Franck Jubilarna&#8217;y\u0131 ke\u015ffet. Geleneksel ustal\u0131kla haz\u0131rlanan bu kahve, sert kahve severleri i\u00e7in ideal olan otantik bir deneyim sunuyor. 500g&#8217;l\u0131k format, g\u00fcnl\u00fck t\u00fcketim i\u00e7in m\u00fckemmel.  <\/p>\n","protected":false},"featured_media":18173,"comment_status":"open","ping_status":"closed","template":"","meta":{"iawp_total_views":0},"product_brand":[],"product_cat":[228,225,295],"product_tag":[],"class_list":{"0":"post-18172","1":"product","2":"type-product","3":"status-publish","4":"has-post-thumbnail","6":"product_cat-icecekler","7":"product_cat-tum-urunlerimiz","8":"product_cat-turk-cayi-bitki-caylari","10":"first","11":"instock","12":"shipping-taxable","13":"purchasable","14":"product-type-simple"},"yoast_head":"<!-- This site is optimized with the Yoast SEO plugin v27.3 - https:\/\/yoast.com\/product\/yoast-seo-wordpress\/ -->\n<title>Franck Jubilarna \u00d6\u011f\u00fct\u00fclm\u00fc\u015f Kahve Original \u2013 500g - hakmarfrance.online<\/title>\n<meta name=\"robots\" content=\"index, follow, max-snippet:-1, max-image-preview:large, max-video-preview:-1\" \/>\n<link rel=\"canonical\" href=\"https:\/\/hakmarfrance.online\/tr\/produit\/franck-jubilarna-ogutulmus-kahve-original-500g\/\" \/>\n<meta property=\"og:locale\" content=\"tr_TR\" \/>\n<meta property=\"og:type\" content=\"article\" \/>\n<meta property=\"og:title\" content=\"Franck Jubilarna \u00d6\u011f\u00fct\u00fclm\u00fc\u015f Kahve Original \u2013 500g - hakmarfrance.online\" \/>\n<meta property=\"og:description\" content=\"Yo\u011fun aromas\u0131 ve m\u00fckemmel dengeli tad\u0131yla tan\u0131nan \u00fcst\u00fcn kaliteli \u00f6\u011f\u00fct\u00fclm\u00fc\u015f kahve Franck Jubilarna&#039;y\u0131 ke\u015ffet. Geleneksel ustal\u0131kla haz\u0131rlanan bu kahve, sert kahve severleri i\u00e7in ideal olan otantik bir deneyim sunuyor. 500g&#039;l\u0131k format, g\u00fcnl\u00fck t\u00fcketim i\u00e7in m\u00fckemmel.\" \/>\n<meta property=\"og:url\" content=\"https:\/\/hakmarfrance.online\/tr\/produit\/franck-jubilarna-ogutulmus-kahve-original-500g\/\" \/>\n<meta property=\"og:site_name\" content=\"hakmarfrance.online\" \/>\n<meta property=\"article:publisher\" content=\"https:\/\/www.facebook.com\/HakmarFranceSupermarche\/?locale=fr_FR\" \/>\n<meta property=\"og:image\" content=\"https:\/\/hakmarfrance.online\/wp-content\/uploads\/2025\/06\/franck-jubilarna-cafe-moulu-original-500g-scaled-1.avif\" \/>\n\t<meta property=\"og:image:width\" content=\"1000\" \/>\n\t<meta property=\"og:image:height\" content=\"800\" \/>\n\t<meta property=\"og:image:type\" content=\"image\/png\" \/>\n<meta name=\"twitter:card\" content=\"summary_large_image\" \/>\n<script type=\"application\/ld+json\" class=\"yoast-schema-graph\">{\"@context\":\"https:\\\/\\\/schema.org\",\"@graph\":[{\"@type\":\"WebPage\",\"@id\":\"https:\\\/\\\/hakmarfrance.online\\\/tr\\\/produit\\\/franck-jubilarna-ogutulmus-kahve-original-500g\\\/\",\"url\":\"https:\\\/\\\/hakmarfrance.online\\\/tr\\\/produit\\\/franck-jubilarna-ogutulmus-kahve-original-500g\\\/\",\"name\":\"Franck Jubilarna \u00d6\u011f\u00fct\u00fclm\u00fc\u015f Kahve Original \u2013 500g - hakmarfrance.online\",\"isPartOf\":{\"@id\":\"https:\\\/\\\/hakmarfrance.online\\\/tr\\\/#website\"},\"primaryImageOfPage\":{\"@id\":\"https:\\\/\\\/hakmarfrance.online\\\/tr\\\/produit\\\/franck-jubilarna-ogutulmus-kahve-original-500g\\\/#primaryimage\"},\"image\":{\"@id\":\"https:\\\/\\\/hakmarfrance.online\\\/tr\\\/produit\\\/franck-jubilarna-ogutulmus-kahve-original-500g\\\/#primaryimage\"},\"thumbnailUrl\":\"https:\\\/\\\/hakmarfrance.online\\\/wp-content\\\/uploads\\\/2025\\\/06\\\/franck-jubilarna-cafe-moulu-original-500g-scaled-1.avif\",\"datePublished\":\"2025-06-11T12:06:03+00:00\",\"breadcrumb\":{\"@id\":\"https:\\\/\\\/hakmarfrance.online\\\/tr\\\/produit\\\/franck-jubilarna-ogutulmus-kahve-original-500g\\\/#breadcrumb\"},\"inLanguage\":\"tr-TR\",\"potentialAction\":[{\"@type\":\"ReadAction\",\"target\":[\"https:\\\/\\\/hakmarfrance.online\\\/tr\\\/produit\\\/franck-jubilarna-ogutulmus-kahve-original-500g\\\/\"]}]},{\"@type\":\"ImageObject\",\"inLanguage\":\"tr-TR\",\"@id\":\"https:\\\/\\\/hakmarfrance.online\\\/tr\\\/produit\\\/franck-jubilarna-ogutulmus-kahve-original-500g\\\/#primaryimage\",\"url\":\"https:\\\/\\\/hakmarfrance.online\\\/wp-content\\\/uploads\\\/2025\\\/06\\\/franck-jubilarna-cafe-moulu-original-500g-scaled-1.avif\",\"contentUrl\":\"https:\\\/\\\/hakmarfrance.online\\\/wp-content\\\/uploads\\\/2025\\\/06\\\/franck-jubilarna-cafe-moulu-original-500g-scaled-1.avif\",\"width\":1000,\"height\":800},{\"@type\":\"BreadcrumbList\",\"@id\":\"https:\\\/\\\/hakmarfrance.online\\\/tr\\\/produit\\\/franck-jubilarna-ogutulmus-kahve-original-500g\\\/#breadcrumb\",\"itemListElement\":[{\"@type\":\"ListItem\",\"position\":1,\"name\":\"Accueil\",\"item\":\"https:\\\/\\\/hakmarfrance.online\\\/tr\\\/\"},{\"@type\":\"ListItem\",\"position\":2,\"name\":\"Ma\u011faza\",\"item\":\"https:\\\/\\\/hakmarfrance.online\\\/tr\\\/magaza\\\/\"},{\"@type\":\"ListItem\",\"position\":3,\"name\":\"Franck Jubilarna \u00d6\u011f\u00fct\u00fclm\u00fc\u015f Kahve Original \u2013 500g\"}]},{\"@type\":\"WebSite\",\"@id\":\"https:\\\/\\\/hakmarfrance.online\\\/tr\\\/#website\",\"url\":\"https:\\\/\\\/hakmarfrance.online\\\/tr\\\/\",\"name\":\"hakmarfrance.online\",\"description\":\"\",\"publisher\":{\"@id\":\"https:\\\/\\\/hakmarfrance.online\\\/tr\\\/#organization\"},\"potentialAction\":[{\"@type\":\"SearchAction\",\"target\":{\"@type\":\"EntryPoint\",\"urlTemplate\":\"https:\\\/\\\/hakmarfrance.online\\\/tr\\\/?s={search_term_string}\"},\"query-input\":{\"@type\":\"PropertyValueSpecification\",\"valueRequired\":true,\"valueName\":\"search_term_string\"}}],\"inLanguage\":\"tr-TR\"},{\"@type\":\"Organization\",\"@id\":\"https:\\\/\\\/hakmarfrance.online\\\/tr\\\/#organization\",\"name\":\"hakmarfrance.online\",\"url\":\"https:\\\/\\\/hakmarfrance.online\\\/tr\\\/\",\"logo\":{\"@type\":\"ImageObject\",\"inLanguage\":\"tr-TR\",\"@id\":\"https:\\\/\\\/hakmarfrance.online\\\/tr\\\/#\\\/schema\\\/logo\\\/image\\\/\",\"url\":\"https:\\\/\\\/hakmarfrance.online\\\/wp-content\\\/uploads\\\/2025\\\/06\\\/logo-hakmarfrance.png\",\"contentUrl\":\"https:\\\/\\\/hakmarfrance.online\\\/wp-content\\\/uploads\\\/2025\\\/06\\\/logo-hakmarfrance.png\",\"width\":528,\"height\":232,\"caption\":\"hakmarfrance.online\"},\"image\":{\"@id\":\"https:\\\/\\\/hakmarfrance.online\\\/tr\\\/#\\\/schema\\\/logo\\\/image\\\/\"},\"sameAs\":[\"https:\\\/\\\/www.facebook.com\\\/HakmarFranceSupermarche\\\/?locale=fr_FR\",\"https:\\\/\\\/www.instagram.com\\\/hakmarfrancesupermarche\\\/\"]}]}<\/script>\n<!-- \/ Yoast SEO plugin. -->","yoast_head_json":{"title":"Franck Jubilarna \u00d6\u011f\u00fct\u00fclm\u00fc\u015f Kahve Original \u2013 500g - hakmarfrance.online","robots":{"index":"index","follow":"follow","max-snippet":"max-snippet:-1","max-image-preview":"max-image-preview:large","max-video-preview":"max-video-preview:-1"},"canonical":"https:\/\/hakmarfrance.online\/tr\/produit\/franck-jubilarna-ogutulmus-kahve-original-500g\/","og_locale":"tr_TR","og_type":"article","og_title":"Franck Jubilarna \u00d6\u011f\u00fct\u00fclm\u00fc\u015f Kahve Original \u2013 500g - hakmarfrance.online","og_description":"Yo\u011fun aromas\u0131 ve m\u00fckemmel dengeli tad\u0131yla tan\u0131nan \u00fcst\u00fcn kaliteli \u00f6\u011f\u00fct\u00fclm\u00fc\u015f kahve Franck Jubilarna'y\u0131 ke\u015ffet. Geleneksel ustal\u0131kla haz\u0131rlanan bu kahve, sert kahve severleri i\u00e7in ideal olan otantik bir deneyim sunuyor. 500g'l\u0131k format, g\u00fcnl\u00fck t\u00fcketim i\u00e7in m\u00fckemmel.","og_url":"https:\/\/hakmarfrance.online\/tr\/produit\/franck-jubilarna-ogutulmus-kahve-original-500g\/","og_site_name":"hakmarfrance.online","article_publisher":"https:\/\/www.facebook.com\/HakmarFranceSupermarche\/?locale=fr_FR","og_image":[{"width":1000,"height":800,"url":"https:\/\/hakmarfrance.online\/wp-content\/uploads\/2025\/06\/franck-jubilarna-cafe-moulu-original-500g-scaled-1.avif","type":"image\/png"}],"twitter_card":"summary_large_image","schema":{"@context":"https:\/\/schema.org","@graph":[{"@type":"WebPage","@id":"https:\/\/hakmarfrance.online\/tr\/produit\/franck-jubilarna-ogutulmus-kahve-original-500g\/","url":"https:\/\/hakmarfrance.online\/tr\/produit\/franck-jubilarna-ogutulmus-kahve-original-500g\/","name":"Franck Jubilarna \u00d6\u011f\u00fct\u00fclm\u00fc\u015f Kahve Original \u2013 500g - hakmarfrance.online","isPartOf":{"@id":"https:\/\/hakmarfrance.online\/tr\/#website"},"primaryImageOfPage":{"@id":"https:\/\/hakmarfrance.online\/tr\/produit\/franck-jubilarna-ogutulmus-kahve-original-500g\/#primaryimage"},"image":{"@id":"https:\/\/hakmarfrance.online\/tr\/produit\/franck-jubilarna-ogutulmus-kahve-original-500g\/#primaryimage"},"thumbnailUrl":"https:\/\/hakmarfrance.online\/wp-content\/uploads\/2025\/06\/franck-jubilarna-cafe-moulu-original-500g-scaled-1.avif","datePublished":"2025-06-11T12:06:03+00:00","breadcrumb":{"@id":"https:\/\/hakmarfrance.online\/tr\/produit\/franck-jubilarna-ogutulmus-kahve-original-500g\/#breadcrumb"},"inLanguage":"tr-TR","potentialAction":[{"@type":"ReadAction","target":["https:\/\/hakmarfrance.online\/tr\/produit\/franck-jubilarna-ogutulmus-kahve-original-500g\/"]}]},{"@type":"ImageObject","inLanguage":"tr-TR","@id":"https:\/\/hakmarfrance.online\/tr\/produit\/franck-jubilarna-ogutulmus-kahve-original-500g\/#primaryimage","url":"https:\/\/hakmarfrance.online\/wp-content\/uploads\/2025\/06\/franck-jubilarna-cafe-moulu-original-500g-scaled-1.avif","contentUrl":"https:\/\/hakmarfrance.online\/wp-content\/uploads\/2025\/06\/franck-jubilarna-cafe-moulu-original-500g-scaled-1.avif","width":1000,"height":800},{"@type":"BreadcrumbList","@id":"https:\/\/hakmarfrance.online\/tr\/produit\/franck-jubilarna-ogutulmus-kahve-original-500g\/#breadcrumb","itemListElement":[{"@type":"ListItem","position":1,"name":"Accueil","item":"https:\/\/hakmarfrance.online\/tr\/"},{"@type":"ListItem","position":2,"name":"Ma\u011faza","item":"https:\/\/hakmarfrance.online\/tr\/magaza\/"},{"@type":"ListItem","position":3,"name":"Franck Jubilarna \u00d6\u011f\u00fct\u00fclm\u00fc\u015f Kahve Original \u2013 500g"}]},{"@type":"WebSite","@id":"https:\/\/hakmarfrance.online\/tr\/#website","url":"https:\/\/hakmarfrance.online\/tr\/","name":"hakmarfrance.online","description":"","publisher":{"@id":"https:\/\/hakmarfrance.online\/tr\/#organization"},"potentialAction":[{"@type":"SearchAction","target":{"@type":"EntryPoint","urlTemplate":"https:\/\/hakmarfrance.online\/tr\/?s={search_term_string}"},"query-input":{"@type":"PropertyValueSpecification","valueRequired":true,"valueName":"search_term_string"}}],"inLanguage":"tr-TR"},{"@type":"Organization","@id":"https:\/\/hakmarfrance.online\/tr\/#organization","name":"hakmarfrance.online","url":"https:\/\/hakmarfrance.online\/tr\/","logo":{"@type":"ImageObject","inLanguage":"tr-TR","@id":"https:\/\/hakmarfrance.online\/tr\/#\/schema\/logo\/image\/","url":"https:\/\/hakmarfrance.online\/wp-content\/uploads\/2025\/06\/logo-hakmarfrance.png","contentUrl":"https:\/\/hakmarfrance.online\/wp-content\/uploads\/2025\/06\/logo-hakmarfrance.png","width":528,"height":232,"caption":"hakmarfrance.online"},"image":{"@id":"https:\/\/hakmarfrance.online\/tr\/#\/schema\/logo\/image\/"},"sameAs":["https:\/\/www.facebook.com\/HakmarFranceSupermarche\/?locale=fr_FR","https:\/\/www.instagram.com\/hakmarfrancesupermarche\/"]}]}},"_links":{"self":[{"href":"https:\/\/hakmarfrance.online\/tr\/wp-json\/wp\/v2\/product\/18172","targetHints":{"allow":["GET"]}}],"collection":[{"href":"https:\/\/hakmarfrance.online\/tr\/wp-json\/wp\/v2\/product"}],"about":[{"href":"https:\/\/hakmarfrance.online\/tr\/wp-json\/wp\/v2\/types\/product"}],"replies":[{"embeddable":true,"href":"https:\/\/hakmarfrance.online\/tr\/wp-json\/wp\/v2\/comments?post=18172"}],"version-history":[{"count":0,"href":"https:\/\/hakmarfrance.online\/tr\/wp-json\/wp\/v2\/product\/18172\/revisions"}],"wp:featuredmedia":[{"embeddable":true,"href":"https:\/\/hakmarfrance.online\/tr\/wp-json\/wp\/v2\/media\/18173"}],"wp:attachment":[{"href":"https:\/\/hakmarfrance.online\/tr\/wp-json\/wp\/v2\/media?parent=18172"}],"wp:term":[{"taxonomy":"product_brand","embeddable":true,"href":"https:\/\/hakmarfrance.online\/tr\/wp-json\/wp\/v2\/product_brand?post=18172"},{"taxonomy":"product_cat","embeddable":true,"href":"https:\/\/hakmarfrance.online\/tr\/wp-json\/wp\/v2\/product_cat?post=18172"},{"taxonomy":"product_tag","embeddable":true,"href":"https:\/\/hakmarfrance.online\/tr\/wp-json\/wp\/v2\/product_tag?post=18172"}],"curies":[{"name":"wp","href":"https:\/\/api.w.org\/{rel}","templated":true}]}}